{"id":827,"date":"2018-05-24T06:37:56","date_gmt":"2018-05-24T06:37:56","guid":{"rendered":"https:\/\/www.welovecycling.com\/hu\/?page_id=827"},"modified":"2019-07-01T10:23:09","modified_gmt":"2019-07-01T09:23:09","slug":"contest-memorandum","status":"publish","type":"page","link":"https:\/\/www.welovecycling.com\/hu\/docs\/contest-memorandum\/","title":{"rendered":"Inform\u00e1ci\u00f3k a szem\u00e9lyes adatok kezel\u00e9s\u00e9r\u0151l (Verseny inform\u00e1ci\u00f3)"},"content":{"rendered":"<div id=\"pl-827\"  class=\"panel-layout\" ><div id=\"pg-827-0\"  class=\"panel-grid panel-no-style\" ><div id=\"pgc-827-0-0\"  class=\"panel-grid-cell\" ><div id=\"panel-827-0-0-0\" class=\"so-panel widget widget_sow-editor panel-first-child\" data-index=\"0\" ><div\n\t\t\t\n\t\t\tclass=\"so-widget-sow-editor so-widget-sow-editor-base\"\n\t\t\t\n\t\t>\n<div class=\"siteorigin-widget-tinymce textwidget\">\n\t<p>A szem\u00e9lyes adatok kezel\u0151je - a \u0160koda AUTO a.s. t\u00e1rsas\u00e1g, t\u0159. V\u00e1clava Klementa 869, Mlad\u00e1 Boleslav II, 293 01, Mlad\u00e1 Boleslav, c\u00e9gazonos\u00edt\u00f3: 00177041, bejegyezve a Pr\u00e1gai V\u00e1rosi B\u00edr\u00f3s\u00e1g mint c\u00e9gb\u00edr\u00f3s\u00e1g nyilv\u00e1ntart\u00e1s\u00e1ban B. szekci\u00f3\/332. sz\u00e1mon (a tov\u00e1bbiakban: \u201e\u0160koda AUTO\u201d), jelen dokumentum \u00fatj\u00e1n ny\u00fajt t\u00e1j\u00e9koztat\u00e1st a szem\u00e9lyes adatok kezel\u00e9s\u00e9r\u0151l, illetve az \u00d6n ezzel kapcsolatos jogair\u00f3l.<\/p>\n<p>A szem\u00e9lyes adatok kezel\u00e9s\u00e9re a k\u00f6vetkez\u0151 tev\u00e9kenys\u00e9g r\u00e9szek\u00e9nt ker\u00fcl sor:<\/p>\n<p><strong>Verseny szervez\u00e9se \u00e9s szavaz\u00e1s annak keretein bel\u00fcl<\/strong><\/p>\n<\/div>\n<\/div><\/div><div id=\"panel-827-0-0-1\" class=\"so-panel widget widget_sow-editor panel-last-child\" data-index=\"1\" ><div\n\t\t\t\n\t\t\tclass=\"so-widget-sow-editor so-widget-sow-editor-base\"\n\t\t\t\n\t\t>\n<div class=\"siteorigin-widget-tinymce textwidget\">\n\t<h2>A feldolgoz\u00e1s c\u00e9lja:<\/h2>\n<p>Versenyek, illetve p\u00e1ly\u00e1zatok szervez\u00e9se, \u00e9s igazs\u00e1gos szavaz\u00e1s biztos\u00edt\u00e1sa a szavaz\u00e1sos versenyen<\/p>\n<h2>Az adatkezel\u00e9s c\u00e9lj\u00e1nak le\u00edr\u00e1sa:<\/h2>\n<p>Amennyiben \u00fagy d\u00f6nt, hogy a tev\u00e9kenys\u00e9geink keretei k\u00f6z\u00f6tt, \u00e1ltalunk szervezett b\u00e1rmely versenyen r\u00e9szt vesz, amennyiben r\u00e9szt vesz verseny\u00fcnk\u00f6n, az \u00f6n szem\u00e9lyes adatait, illetve amennyiben a verseny valamely r\u00e9sztvev\u0151j\u00e9nek t\u00f6rv\u00e9nyes k\u00e9pvisel\u0151je, akkor a gyermeke adatait, annak \u00e9rdek\u00e9ben kezelj\u00fck, hogy a r\u00e9sztvev\u0151k k\u00f6z\u00e9 \u00f6nt is felvehess\u00fck, a verseny eredm\u00e9nyeit ki\u00e9rt\u00e9kelhess\u00fck, \u00e9s a nyerem\u00e9ny \u00e1tad\u00e1s\u00e1r\u00f3l vagy elk\u00fcld\u00e9s\u00e9r\u0151l int\u00e9zkedhess\u00fcnk. Ezeket a tev\u00e9kenys\u00e9geket v\u00e9gezhetj\u00fck k\u00f6zvetlen\u00fcl, vagy harmadik szem\u00e9lyeken (megb\u00edzottjainkon) kereszt\u00fcl egyar\u00e1nt. Az adatok felhaszn\u00e1l\u00e1s\u00e1val tudjuk azt is biztos\u00edtani, hogy visszaszor\u00edtsuk azokat a helyzeteket, amelyekben egy adott szem\u00e9ly esetlegesen t\u00f6bb szavazatot is lead.<\/p>\n<h2>Az adatkezel\u00e9s jogalapja:<\/h2>\n<p>Az adatkezel\u00e9s sor\u00e1n \u00fagy kell elj\u00e1rnunk, ahogy az a versennyel kapcsolatban k\u00f6z\u00f6lt k\u00f6telezetts\u00e9geink teljes\u00edt\u00e9s\u00e9hez sz\u00fcks\u00e9ges. Szem\u00e9lyes adatainak rendelkez\u00e9sre bocs\u00e1t\u00e1sa szerz\u0151d\u00e9ses k\u00f6vetelm\u00e9ny, \u00e9s amennyiben ez meghi\u00fasul, \u00f6n nem vehet r\u00e9szt a versenyben.<\/p>\n<h2>Az \u00e1ltalunk kezelt szem\u00e9lyes adatok kateg\u00f3ri\u00e1i:<\/h2>\n<p>Azonos\u00edt\u00f3 adatok, kapcsolatfelv\u00e9teli adatok<\/p>\n<h2>Adatkezel\u00e9si \u00e9s archiv\u00e1l\u00e1si id\u0151szak:<\/h2>\n<p>A verseny lez\u00e1r\u00e1s\u00e1t k\u00f6vet\u0151 1 \u00e9v<\/p>\n<h2>Azon adatfeldolgoz\u00f3k vagy c\u00edmzettek kateg\u00f3ri\u00e1i, amelyek r\u00e9sz\u00e9re a szem\u00e9lyes adatokat \u00e1tadhatjuk:<\/h2>\n<p>A versenyt lebonyol\u00edt\u00f3 \u00fcgyn\u00f6ks\u00e9gek.<\/p>\n<p>Azok k\u00e9r\u00e9s\u00e9re, szem\u00e9lyes adatai \u00e1tad\u00e1sra ker\u00fclhetnek hat\u00f3s\u00e1gok, k\u00fcl\u00f6n\u00f6sen b\u00edr\u00f3s\u00e1gok, Csehorsz\u00e1g rend\u0151rs\u00e9ge, illetve m\u00e1s b\u0171n\u00fcld\u00f6z\u0151 szervek r\u00e9sz\u00e9re, a sz\u00fcks\u00e9ges m\u00e9rt\u00e9kben, a jogszab\u00e1lyokban meghat\u00e1rozott keretek k\u00f6z\u00f6tt.<\/p>\n<h2>A szem\u00e9lyes adatok forr\u00e1sa:<\/h2>\n<p>A szem\u00e9lyes adatokat k\u00f6zvetlen\u00fcl \u00f6nt\u0151l kapjuk.<\/p>\n<h2>Szem\u00e9lyes adatok tov\u00e1bb\u00edt\u00e1sra harmadik orsz\u00e1gba vagy szupranacion\u00e1lis szervezetek r\u00e9sz\u00e9re:<\/h2>\n<p>A jelen dokumentumban meghat\u00e1rozott adatkezel\u00e9s sor\u00e1n a szem\u00e9lyes adatai tov\u00e1bb\u00edt\u00e1sra ker\u00fclhetnek egyes\u00fclt \u00e1llamokbeli, teh\u00e1t harmadik orsz\u00e1gban l\u00e9v\u0151 c\u00edmzettek r\u00e9sz\u00e9re. Ilyen esetekben a tov\u00e1bb\u00edt\u00e1sra vagy az Eur\u00f3pai Bizotts\u00e1g megfelel\u0151s\u00e9gi hat\u00e1rozata alapj\u00e1n (az EU-USA adatv\u00e9delmi pajzs programban r\u00e9szt vev\u0151 szervezetek), vagy \u00e1ltal\u00e1nos szerz\u0151d\u00e9si felt\u00e9telek (az Eur\u00f3pai Bizotts\u00e1g \u00e1ltal kiadott szerz\u0151d\u00e9sminta, a sz\u00f6veget \u00e9rint\u0151 b\u00e1rmely m\u00f3dos\u00edt\u00e1s n\u00e9lk\u00fcl) alapj\u00e1n ker\u00fcl sor, figyelembe v\u00e9ve a szem\u00e9lyes adatok v\u00e9delm\u00e9re vonatkoz\u00f3 hat\u00e1lyos jogszab\u00e1lyokat. A legfrissebb inform\u00e1ci\u00f3kat itt tal\u00e1lja:\u00a0<a href=\"http:\/\/www.skoda-auto.com\/other\/privacy-statement\">http:\/\/www.skoda-auto.com\/other\/privacy-statement<\/a>.<\/p>\n<h2>Automatiz\u00e1lt d\u00f6nt\u00e9shozatal szem\u00e9lyes adatok alapj\u00e1n:<\/h2>\n<p>A szem\u00e9lyes adatok jelen dokumentum szerinti kezel\u00e9se sor\u00e1n nem ker\u00fcl sor automatiz\u00e1lt d\u00f6nt\u00e9shozatalra a szem\u00e9lyes adatok alapj\u00e1n.<\/p>\n<h2>Tov\u00e1bbi inform\u00e1ci\u00f3k<\/h2>\n<h3>Sor ker\u00fclhet a szem\u00e9lyes adatok k\u00f6z\u00e9rdek\u0171 archiv\u00e1l\u00e1s\u00e1ra, valamint felhaszn\u00e1l\u00e1s\u00e1ra tudom\u00e1nyos, t\u00f6rt\u00e9nelmi vagy kutat\u00e1si c\u00e9lb\u00f3l. Megalapozott indokkal kezelhet\u0151ek a szem\u00e9lyes adatok jogvit\u00e1k eld\u00f6nt\u00e9se c\u00e9lj\u00e1b\u00f3l is, bele\u00e9rtve a k\u00f6zigazgat\u00e1si szervekkel szemben fenn\u00e1ll\u00f3 k\u00f6telezetts\u00e9gek teljes\u00edt\u00e9s\u00e9nek eset\u00e9t, illetve a jogi kock\u00e1zatok ellen\u0151rz\u00e9s\u00e9t \u00e9s folyamatos \u00e9rt\u00e9kel\u00e9s\u00e9t egyar\u00e1nt.<\/h3>\n<\/div>\n<\/div><\/div><\/div><\/div><div id=\"pg-827-1\"  class=\"panel-grid panel-no-style\" ><div id=\"pgc-827-1-0\"  class=\"panel-grid-cell\" ><div id=\"panel-827-1-0-0\" class=\"so-panel widget widget_sow-editor panel-first-child panel-last-child\" data-index=\"2\" ><div\n\t\t\t\n\t\t\tclass=\"so-widget-sow-editor so-widget-sow-editor-base\"\n\t\t\t\n\t\t>\n<div class=\"siteorigin-widget-tinymce textwidget\">\n\t<p><a href=\"https:\/\/www.welovecycling.com\/hu\/docs\/jogai\/\">Mik az \u00d6n jogai?<\/a><\/p>\n<\/div>\n<\/div><\/div><\/div><\/div><\/div>","protected":false},"excerpt":{"rendered":"<p>A szem\u00e9lyes adatok kezel\u0151je &#8211; a \u0160koda AUTO a.s. t\u00e1rsas\u00e1g, t\u0159. V\u00e1clava Klementa 869, Mlad\u00e1 Boleslav II, 293 01, Mlad\u00e1 [&hellip;]<\/p>\n","protected":false},"author":1,"featured_media":0,"parent":825,"menu_order":0,"comment_status":"closed","ping_status":"closed","template":"templates\/template-empty-page-headline.php","meta":{"footnotes":""},"tags":[],"class_list":["post-827","page","type-page","status-publish","hentry"],"yoast_head":"<!-- This site is optimized with the Yoast SEO Premium plugin v25.3 (Yoast SEO v25.9) - https:\/\/yoast.com\/wordpress\/plugins\/seo\/ -->\n<title>Inform\u00e1ci\u00f3k a szem\u00e9lyes adatok kezel\u00e9s\u00e9r\u0151l (Verseny inform\u00e1ci\u00f3) - \u0160koda We Love Cycling - Magyarorsz\u00e1g<\/title>\n<meta name=\"robots\" content=\"index, follow, max-snippet:-1, max-image-preview:large, max-video-preview:-1\" \/>\n<link rel=\"canonical\" href=\"https:\/\/www.welovecycling.com\/hu\/docs\/contest-memorandum\/\" \/>\n<meta property=\"og:locale\" content=\"hu_HU\" \/>\n<meta property=\"og:type\" content=\"article\" \/>\n<meta property=\"og:title\" content=\"Inform\u00e1ci\u00f3k a szem\u00e9lyes adatok kezel\u00e9s\u00e9r\u0151l (Verseny inform\u00e1ci\u00f3)\" \/>\n<meta property=\"og:description\" content=\"A szem\u00e9lyes adatok kezel\u0151je - a \u0160koda AUTO a.s. t\u00e1rsas\u00e1g, t\u0159. V\u00e1clava Klementa 869, Mlad\u00e1 Boleslav II, 293 01, Mlad\u00e1 [&hellip;]\" \/>\n<meta property=\"og:url\" content=\"https:\/\/www.welovecycling.com\/hu\/docs\/contest-memorandum\/\" \/>\n<meta property=\"og:site_name\" content=\"\u0160koda We Love Cycling - Magyarorsz\u00e1g\" \/>\n<meta property=\"article:publisher\" content=\"https:\/\/www.facebook.com\/WeLoveCyclingHungary\/\" \/>\n<meta property=\"article:modified_time\" content=\"2019-07-01T09:23:09+00:00\" \/>\n<meta name=\"twitter:card\" content=\"summary_large_image\" \/>\n<meta name=\"twitter:label1\" content=\"Est. reading time\" \/>\n\t<meta name=\"twitter:data1\" content=\"4 minutes\" \/>\n<script type=\"application\/ld+json\" class=\"yoast-schema-graph\">{\"@context\":\"https:\/\/schema.org\",\"@graph\":[{\"@type\":\"WebPage\",\"@id\":\"https:\/\/www.welovecycling.com\/hu\/docs\/contest-memorandum\/\",\"url\":\"https:\/\/www.welovecycling.com\/hu\/docs\/contest-memorandum\/\",\"name\":\"Inform\u00e1ci\u00f3k a szem\u00e9lyes adatok kezel\u00e9s\u00e9r\u0151l (Verseny inform\u00e1ci\u00f3) - \u0160koda We Love Cycling - Magyarorsz\u00e1g\",\"isPartOf\":{\"@id\":\"https:\/\/www.welovecycling.com\/hu\/#website\"},\"datePublished\":\"2018-05-24T06:37:56+00:00\",\"dateModified\":\"2019-07-01T09:23:09+00:00\",\"breadcrumb\":{\"@id\":\"https:\/\/www.welovecycling.com\/hu\/docs\/contest-memorandum\/#breadcrumb\"},\"inLanguage\":\"hu\",\"potentialAction\":[{\"@type\":\"ReadAction\",\"target\":[\"https:\/\/www.welovecycling.com\/hu\/docs\/contest-memorandum\/\"]}]},{\"@type\":\"BreadcrumbList\",\"@id\":\"https:\/\/www.welovecycling.com\/hu\/docs\/contest-memorandum\/#breadcrumb\",\"itemListElement\":[{\"@type\":\"ListItem\",\"position\":1,\"name\":\"Home\",\"item\":\"https:\/\/www.welovecycling.com\/hu\/\"},{\"@type\":\"ListItem\",\"position\":2,\"name\":\"Documents\",\"item\":\"https:\/\/www.welovecycling.com\/hu\/docs\/\"},{\"@type\":\"ListItem\",\"position\":3,\"name\":\"Inform\u00e1ci\u00f3k a szem\u00e9lyes adatok kezel\u00e9s\u00e9r\u0151l (Verseny inform\u00e1ci\u00f3)\"}]},{\"@type\":\"WebSite\",\"@id\":\"https:\/\/www.welovecycling.com\/hu\/#website\",\"url\":\"https:\/\/www.welovecycling.com\/hu\/\",\"name\":\"\u0160koda We Love Cycling - Magyarorsz\u00e1g\",\"description\":\"\u0160koda WeLoveCycling\",\"potentialAction\":[{\"@type\":\"SearchAction\",\"target\":{\"@type\":\"EntryPoint\",\"urlTemplate\":\"https:\/\/www.welovecycling.com\/hu\/?s={search_term_string}\"},\"query-input\":{\"@type\":\"PropertyValueSpecification\",\"valueRequired\":true,\"valueName\":\"search_term_string\"}}],\"inLanguage\":\"hu\"}]}<\/script>\n<!-- \/ Yoast SEO Premium plugin. -->","yoast_head_json":{"title":"Inform\u00e1ci\u00f3k a szem\u00e9lyes adatok kezel\u00e9s\u00e9r\u0151l (Verseny inform\u00e1ci\u00f3) - \u0160koda We Love Cycling - Magyarorsz\u00e1g","robots":{"index":"index","follow":"follow","max-snippet":"max-snippet:-1","max-image-preview":"max-image-preview:large","max-video-preview":"max-video-preview:-1"},"canonical":"https:\/\/www.welovecycling.com\/hu\/docs\/contest-memorandum\/","og_locale":"hu_HU","og_type":"article","og_title":"Inform\u00e1ci\u00f3k a szem\u00e9lyes adatok kezel\u00e9s\u00e9r\u0151l (Verseny inform\u00e1ci\u00f3)","og_description":"A szem\u00e9lyes adatok kezel\u0151je - a \u0160koda AUTO a.s. t\u00e1rsas\u00e1g, t\u0159. V\u00e1clava Klementa 869, Mlad\u00e1 Boleslav II, 293 01, Mlad\u00e1 [&hellip;]","og_url":"https:\/\/www.welovecycling.com\/hu\/docs\/contest-memorandum\/","og_site_name":"\u0160koda We Love Cycling - Magyarorsz\u00e1g","article_publisher":"https:\/\/www.facebook.com\/WeLoveCyclingHungary\/","article_modified_time":"2019-07-01T09:23:09+00:00","twitter_card":"summary_large_image","twitter_misc":{"Est. reading time":"4 minutes"},"schema":{"@context":"https:\/\/schema.org","@graph":[{"@type":"WebPage","@id":"https:\/\/www.welovecycling.com\/hu\/docs\/contest-memorandum\/","url":"https:\/\/www.welovecycling.com\/hu\/docs\/contest-memorandum\/","name":"Inform\u00e1ci\u00f3k a szem\u00e9lyes adatok kezel\u00e9s\u00e9r\u0151l (Verseny inform\u00e1ci\u00f3) - \u0160koda We Love Cycling - Magyarorsz\u00e1g","isPartOf":{"@id":"https:\/\/www.welovecycling.com\/hu\/#website"},"datePublished":"2018-05-24T06:37:56+00:00","dateModified":"2019-07-01T09:23:09+00:00","breadcrumb":{"@id":"https:\/\/www.welovecycling.com\/hu\/docs\/contest-memorandum\/#breadcrumb"},"inLanguage":"hu","potentialAction":[{"@type":"ReadAction","target":["https:\/\/www.welovecycling.com\/hu\/docs\/contest-memorandum\/"]}]},{"@type":"BreadcrumbList","@id":"https:\/\/www.welovecycling.com\/hu\/docs\/contest-memorandum\/#breadcrumb","itemListElement":[{"@type":"ListItem","position":1,"name":"Home","item":"https:\/\/www.welovecycling.com\/hu\/"},{"@type":"ListItem","position":2,"name":"Documents","item":"https:\/\/www.welovecycling.com\/hu\/docs\/"},{"@type":"ListItem","position":3,"name":"Inform\u00e1ci\u00f3k a szem\u00e9lyes adatok kezel\u00e9s\u00e9r\u0151l (Verseny inform\u00e1ci\u00f3)"}]},{"@type":"WebSite","@id":"https:\/\/www.welovecycling.com\/hu\/#website","url":"https:\/\/www.welovecycling.com\/hu\/","name":"\u0160koda We Love Cycling - Magyarorsz\u00e1g","description":"\u0160koda WeLoveCycling","potentialAction":[{"@type":"SearchAction","target":{"@type":"EntryPoint","urlTemplate":"https:\/\/www.welovecycling.com\/hu\/?s={search_term_string}"},"query-input":{"@type":"PropertyValueSpecification","valueRequired":true,"valueName":"search_term_string"}}],"inLanguage":"hu"}]}},"_links":{"self":[{"href":"https:\/\/www.welovecycling.com\/hu\/wp-json\/wp\/v2\/pages\/827","targetHints":{"allow":["GET"]}}],"collection":[{"href":"https:\/\/www.welovecycling.com\/hu\/wp-json\/wp\/v2\/pages"}],"about":[{"href":"https:\/\/www.welovecycling.com\/hu\/wp-json\/wp\/v2\/types\/page"}],"author":[{"embeddable":true,"href":"https:\/\/www.welovecycling.com\/hu\/wp-json\/wp\/v2\/users\/1"}],"replies":[{"embeddable":true,"href":"https:\/\/www.welovecycling.com\/hu\/wp-json\/wp\/v2\/comments?post=827"}],"version-history":[{"count":2,"href":"https:\/\/www.welovecycling.com\/hu\/wp-json\/wp\/v2\/pages\/827\/revisions"}],"predecessor-version":[{"id":4275,"href":"https:\/\/www.welovecycling.com\/hu\/wp-json\/wp\/v2\/pages\/827\/revisions\/4275"}],"up":[{"embeddable":true,"href":"https:\/\/www.welovecycling.com\/hu\/wp-json\/wp\/v2\/pages\/825"}],"wp:attachment":[{"href":"https:\/\/www.welovecycling.com\/hu\/wp-json\/wp\/v2\/media?parent=827"}],"wp:term":[{"taxonomy":"post_tag","embeddable":true,"href":"https:\/\/www.welovecycling.com\/hu\/wp-json\/wp\/v2\/tags?post=827"}],"curies":[{"name":"wp","href":"https:\/\/api.w.org\/{rel}","templated":true}]}}