{"id":3562,"date":"2019-05-29T15:47:33","date_gmt":"2019-05-29T14:47:33","guid":{"rendered":"https:\/\/www.welovecycling.com\/hu\/?page_id=3562"},"modified":"2019-06-11T09:44:37","modified_gmt":"2019-06-11T08:44:37","slug":"tekerj-a-touron","status":"publish","type":"page","link":"https:\/\/www.welovecycling.com\/hu\/tekerj-a-touron\/","title":{"rendered":"Tekerj a Tour-on!"},"content":{"rendered":"<div id=\"pl-3562\"  class=\"panel-layout\" ><div id=\"pg-3562-0\"  class=\"panel-grid panel-no-style\" ><div id=\"pgc-3562-0-0\"  class=\"panel-grid-cell\" ><div id=\"panel-3562-0-0-0\" class=\"so-panel widget widget_sow-layout-slider panel-first-child panel-last-child\" data-index=\"0\" ><div\n\t\t\t\n\t\t\tclass=\"so-widget-sow-layout-slider so-widget-sow-layout-slider-default-0569ca94a59d-3562\"\n\t\t\t\n\t\t>\t\t\t\t<div class=\"sow-slider-base\" style=\"display: none\" tabindex=\"0\">\n\t\t\t\t\t<ul\n\t\t\t\t\tclass=\"sow-slider-images\"\n\t\t\t\t\tdata-settings=\"{&quot;pagination&quot;:true,&quot;speed&quot;:800,&quot;timeout&quot;:8000,&quot;paused&quot;:false,&quot;pause_on_hover&quot;:false,&quot;swipe&quot;:false,&quot;nav_always_show_desktop&quot;:&quot;&quot;,&quot;nav_always_show_mobile&quot;:&quot;&quot;,&quot;breakpoint&quot;:&quot;780px&quot;,&quot;unmute&quot;:false,&quot;anchor&quot;:null}\"\n\t\t\t\t\tstyle=\"min-height: 60vh\"\t\t\t\t\tdata-anchor-id=\"\"\n\t\t\t\t>\t\t<li class=\"sow-slider-image  sow-slider-image-cover\" style=\"visibility: visible;;background-color: #333333;background-image: url(https:\/\/d2p6e6u75xmxt8.cloudfront.net\/12\/2019\/05\/WL011_letape_landing_cover_1920x848_v0_landing_cover_landing_cover.png)\" >\n\t\t\t\t\t<div class=\"sow-slider-image-container\">\n\t\t\t<div class=\"sow-slider-image-wrapper\">\n\t\t\t\t\t\t\t<\/div>\n\t\t<\/div>\n\t\t\t\t<\/li>\n\t\t<\/ul>\t\t\t\t<ol class=\"sow-slider-pagination\">\n\t\t\t\t\t\t\t\t\t\t\t<li><a href=\"#\" data-goto=\"0\" aria-label=\"Display slide 1\"><\/a><\/li>\n\t\t\t\t\t\t\t\t\t<\/ol>\n\n\t\t\t\t<div class=\"sow-slide-nav sow-slide-nav-next\">\n\t\t\t\t\t<a href=\"#\" data-goto=\"next\" aria-label=\"Next slide\" data-action=\"next\">\n\t\t\t\t\t\t<em class=\"sow-sld-icon-thin-right\"><\/em>\n\t\t\t\t\t<\/a>\n\t\t\t\t<\/div>\n\n\t\t\t\t<div class=\"sow-slide-nav sow-slide-nav-prev\">\n\t\t\t\t\t<a href=\"#\" data-goto=\"previous\" aria-label=\"Previous slide\" data-action=\"prev\">\n\t\t\t\t\t\t<em class=\"sow-sld-icon-thin-left\"><\/em>\n\t\t\t\t\t<\/a>\n\t\t\t\t<\/div>\n\t\t\t\t<\/div><\/div><\/div><\/div><\/div><div id=\"pg-3562-1\"  class=\"panel-grid panel-has-style\" ><div class=\"container panel-row-style panel-row-style-for-3562-1\" ><div id=\"pgc-3562-1-0\"  class=\"panel-grid-cell\" ><div id=\"panel-3562-1-0-0\" class=\"so-panel widget widget_siteorigin-panels-builder panel-first-child panel-last-child\" data-index=\"1\" ><div id=\"pl-w5cff69f5b3bcd\"  class=\"panel-layout\" ><div id=\"pg-w5cff69f5b3bcd-0\"  class=\"panel-grid panel-no-style\" ><div id=\"pgc-w5cff69f5b3bcd-0-0\"  class=\"panel-grid-cell\" ><div id=\"panel-w5cff69f5b3bcd-0-0-0\" class=\"so-panel widget widget_sow-editor panel-first-child panel-last-child\" data-index=\"0\" ><div\n\t\t\t\n\t\t\tclass=\"so-widget-sow-editor so-widget-sow-editor-base\"\n\t\t\t\n\t\t>\n<div class=\"siteorigin-widget-tinymce textwidget\">\n\t<h2 style=\"text-align: center; margin-bottom: 8px; font-weight: 400; opacity: 0.75;\">A jelentkez\u00e9s lez\u00e1rult.<\/h2>\n<h1 style=\"text-align: center; font-style: italic; margin-bottom: 45px;\"><strong><strike>2019. 06. 09.<\/strike><\/strong><\/h1>\n<\/div>\n<\/div><\/div><\/div><\/div><div id=\"pg-w5cff69f5b3bcd-1\"  class=\"panel-grid panel-no-style\" ><div id=\"pgc-w5cff69f5b3bcd-1-0\"  class=\"panel-grid-cell\" ><div id=\"panel-w5cff69f5b3bcd-1-0-0\" class=\"so-panel widget widget_sow-editor panel-first-child panel-last-child\" data-index=\"1\" ><div\n\t\t\t\n\t\t\tclass=\"so-widget-sow-editor so-widget-sow-editor-base\"\n\t\t\t\n\t\t>\n<div class=\"siteorigin-widget-tinymce textwidget\">\n\t<p><img loading=\"lazy\" decoding=\"async\" class=\"aligncenter size-full wp-image-3646\" src=\"https:\/\/d2p6e6u75xmxt8.cloudfront.net\/12\/2019\/05\/ikon_01.png\" alt=\"\" width=\"60\" height=\"60\" \/><\/p>\n<p style=\"text-align: center;\">Mes\u00e9ld el egy vide\u00f3ban,<br \/>\nhogy mi\u00e9rt t\u00e9ged v\u00e1lasszunk.<\/p>\n<\/div>\n<\/div><\/div><\/div><div id=\"pgc-w5cff69f5b3bcd-1-1\"  class=\"panel-grid-cell\" ><div id=\"panel-w5cff69f5b3bcd-1-1-0\" class=\"so-panel widget widget_sow-editor panel-first-child panel-last-child\" data-index=\"2\" ><div\n\t\t\t\n\t\t\tclass=\"so-widget-sow-editor so-widget-sow-editor-base\"\n\t\t\t\n\t\t>\n<div class=\"siteorigin-widget-tinymce textwidget\">\n\t<p><img loading=\"lazy\" decoding=\"async\" class=\"aligncenter size-full wp-image-3647\" src=\"https:\/\/d2p6e6u75xmxt8.cloudfront.net\/12\/2019\/05\/ikon_02.png\" alt=\"\" width=\"60\" height=\"60\" \/><\/p>\n<p style=\"text-align: center;\">K\u00e9sz\u00edts k\u00e9pet legjobb bring\u00e1s<br \/>\neredm\u00e9nyedr\u0151l. (Strava\/Cyclemeter stb.)<\/p>\n<\/div>\n<\/div><\/div><\/div><div id=\"pgc-w5cff69f5b3bcd-1-2\"  class=\"panel-grid-cell\" ><div id=\"panel-w5cff69f5b3bcd-1-2-0\" class=\"so-panel widget widget_sow-editor panel-first-child panel-last-child\" data-index=\"3\" ><div\n\t\t\t\n\t\t\tclass=\"so-widget-sow-editor so-widget-sow-editor-base\"\n\t\t\t\n\t\t>\n<div class=\"siteorigin-widget-tinymce textwidget\">\n\t<p><img loading=\"lazy\" decoding=\"async\" class=\"aligncenter size-full wp-image-3648\" src=\"https:\/\/d2p6e6u75xmxt8.cloudfront.net\/12\/2019\/05\/ikon_03.png\" alt=\"\" width=\"60\" height=\"60\" \/><\/p>\n<p style=\"text-align: center;\">K\u00fcldd el<br \/>\njelentkez\u00e9sedet az oldal alj\u00e1n.<\/p>\n<\/div>\n<\/div><\/div><\/div><div id=\"pgc-w5cff69f5b3bcd-1-3\"  class=\"panel-grid-cell\" ><div id=\"panel-w5cff69f5b3bcd-1-3-0\" class=\"so-panel widget widget_sow-editor panel-first-child panel-last-child\" data-index=\"4\" ><div\n\t\t\t\n\t\t\tclass=\"so-widget-sow-editor so-widget-sow-editor-base\"\n\t\t\t\n\t\t>\n<div class=\"siteorigin-widget-tinymce textwidget\">\n\t<p><img loading=\"lazy\" decoding=\"async\" class=\"aligncenter size-full wp-image-3649\" src=\"https:\/\/d2p6e6u75xmxt8.cloudfront.net\/12\/2019\/05\/ikon_04.png\" alt=\"\" width=\"60\" height=\"60\" \/><\/p>\n<p style=\"text-align: center;\">Tekerj a Tour-on<br \/>\na \u0160koda csapat\u00e1ban.<\/p>\n<\/div>\n<\/div><\/div><\/div><\/div><\/div><\/div><\/div><\/div><\/div><div id=\"pg-3562-2\"  class=\"panel-grid panel-has-style\" ><div class=\"so-parallax panel-row-style panel-row-style-for-3562-2\" ><img fetchpriority=\"high\" decoding=\"async\" width=\"1920\" height=\"896\" src=\"https:\/\/d2p6e6u75xmxt8.cloudfront.net\/12\/2019\/05\/tortenelem_bg.jpg\" class=\"attachment-full size-full\" alt=\"\" data-siteorigin-parallax=\"true\" loading=\"eager\" srcset=\"https:\/\/d2p6e6u75xmxt8.cloudfront.net\/12\/2019\/05\/tortenelem_bg.jpg 1920w, https:\/\/d2p6e6u75xmxt8.cloudfront.net\/12\/2019\/05\/tortenelem_bg-300x140.jpg 300w, https:\/\/d2p6e6u75xmxt8.cloudfront.net\/12\/2019\/05\/tortenelem_bg-768x358.jpg 768w, https:\/\/d2p6e6u75xmxt8.cloudfront.net\/12\/2019\/05\/tortenelem_bg-1024x478.jpg 1024w, https:\/\/d2p6e6u75xmxt8.cloudfront.net\/12\/2019\/05\/tortenelem_bg-1920x896.jpg 1920w\" sizes=\"(max-width: 1920px) 100vw, 1920px\" \/><div id=\"pgc-3562-2-0\"  class=\"panel-grid-cell\" ><div id=\"panel-3562-2-0-0\" class=\"so-panel widget widget_sow-editor panel-first-child panel-last-child\" data-index=\"2\" ><div class=\"container panel-widget-style panel-widget-style-for-3562-2-0-0\" ><div\n\t\t\t\n\t\t\tclass=\"so-widget-sow-editor so-widget-sow-editor-base\"\n\t\t\t\n\t\t>\n<div class=\"siteorigin-widget-tinymce textwidget\">\n\t<h2 style=\"text-align: center;\"><strong>A L\u2019etape du Tour t\u00f6rt\u00e9nelem <\/strong><\/h2>\n<p style=\"text-align: center;\">\u00c9ld \u00e1t a Tour de France legend\u00e1j\u00e1t \u00e9s tekerj ugyanazon az \u00fatvonalon, mint a vil\u00e1gszt\u00e1rok: ez a L'\u00c9tape du Tour amat\u0151r ker\u00e9kp\u00e1rverseny.\u00a0 Az 1993 \u00f3ta tart\u00f3 megm\u00e9rettet\u00e9sen \u00e9vr\u0151l \u00e9vre t\u00f6bb ezer r\u00e9sztvev\u0151 \u00e1ll rajthoz, hogy nekiv\u00e1gjon a Tour egy hegyvid\u00e9ki szakasz\u00e1nak \u2013 ugyanazokkal a versenyfelt\u00e9telekkel, mint a profi versenyz\u0151k. Te bele mern\u00e9l v\u00e1gni? Most itt a lehet\u0151s\u00e9g!<\/p>\n<\/div>\n<\/div><\/div><\/div><\/div><\/div><\/div><div id=\"pg-3562-3\"  class=\"panel-grid panel-has-style\" ><div class=\"panel-row-style panel-row-style-for-3562-3\" ><div id=\"pgc-3562-3-0\"  class=\"panel-grid-cell\" ><div id=\"panel-3562-3-0-0\" class=\"so-panel widget widget_siteorigin-panels-builder panel-first-child panel-last-child\" data-index=\"3\" ><div id=\"pl-w5cff69f5b3cab\"  class=\"panel-layout\" ><div id=\"pg-w5cff69f5b3cab-0\"  class=\"panel-grid panel-has-style\" ><div class=\"container panel-row-style panel-row-style-for-w5cff69f5b3cab-0\" ><div id=\"pgc-w5cff69f5b3cab-0-0\"  class=\"panel-grid-cell\" ><div id=\"panel-w5cff69f5b3cab-0-0-0\" class=\"so-panel widget widget_media_video panel-first-child panel-last-child\" data-index=\"0\" ><div style=\"width:100%;\" class=\"wp-video\"><!--[if lt IE 9]><script>document.createElement('video');<\/script><![endif]-->\n<video class=\"wp-video-shortcode\" id=\"video-3562-1\" preload=\"metadata\" controls=\"controls\"><source type=\"video\/youtube\" src=\"https:\/\/youtu.be\/okA3ZWq5K-A?_=1\" \/><a href=\"https:\/\/youtu.be\/okA3ZWq5K-A\">https:\/\/youtu.be\/okA3ZWq5K-A<\/a><\/video><\/div><\/div><\/div><div id=\"pgc-w5cff69f5b3cab-0-1\"  class=\"panel-grid-cell\" ><div class=\"panel-cell-style panel-cell-style-for-w5cff69f5b3cab-0-1\" ><div id=\"panel-w5cff69f5b3cab-0-1-0\" class=\"so-panel widget widget_sow-editor panel-first-child panel-last-child\" data-index=\"1\" ><div\n\t\t\t\n\t\t\tclass=\"so-widget-sow-editor so-widget-sow-editor-base\"\n\t\t\t\n\t\t>\n<div class=\"siteorigin-widget-tinymce textwidget\">\n\t<h2>L\u2019etape du Tour 2019<\/h2>\n<p style=\"text-align: left;\"><strong>2019. j\u00falius 21., Albertville \u2013 Val Thorens<\/strong><\/p>\n<ul>\n<li style=\"text-align: left;\">135 kilom\u00e9ter<\/li>\n<li style=\"text-align: left;\">Szintk\u00fcl\u00f6nbs\u00e9g: 4563 m\u00e9ter<\/li>\n<li style=\"text-align: left;\">Legnagyobb magass\u00e1g: 2365 m\u00e9ter<\/li>\n<li style=\"text-align: left;\">15\u00a0000 versenyz\u0151<\/li>\n<\/ul>\n<\/div>\n<\/div><\/div><\/div><\/div><\/div><\/div><\/div><\/div><\/div><\/div><\/div><div id=\"pg-3562-4\"  class=\"panel-grid panel-no-style\" ><div id=\"pgc-3562-4-0\"  class=\"panel-grid-cell\" ><div id=\"panel-3562-4-0-0\" class=\"so-panel widget widget_sow-image panel-first-child\" data-index=\"4\" ><div class=\"panel-widget-style panel-widget-style-for-3562-4-0-0\" ><div\n\t\t\t\n\t\t\tclass=\"so-widget-sow-image so-widget-sow-image-default-dbf295114b96-3562\"\n\t\t\t\n\t\t>\n<div class=\"sow-image-container\">\n\t\t<img loading=\"lazy\" decoding=\"async\" src=\"https:\/\/d2p6e6u75xmxt8.cloudfront.net\/12\/2019\/05\/WL011_letape_landing_footer_image_v0_landing_cover.png\" width=\"1921\" height=\"289\" srcset=\"https:\/\/d2p6e6u75xmxt8.cloudfront.net\/12\/2019\/05\/WL011_letape_landing_footer_image_v0_landing_cover.png 1921w, https:\/\/d2p6e6u75xmxt8.cloudfront.net\/12\/2019\/05\/WL011_letape_landing_footer_image_v0_landing_cover-300x45.png 300w, https:\/\/d2p6e6u75xmxt8.cloudfront.net\/12\/2019\/05\/WL011_letape_landing_footer_image_v0_landing_cover-768x116.png 768w, https:\/\/d2p6e6u75xmxt8.cloudfront.net\/12\/2019\/05\/WL011_letape_landing_footer_image_v0_landing_cover-1024x154.png 1024w, https:\/\/d2p6e6u75xmxt8.cloudfront.net\/12\/2019\/05\/WL011_letape_landing_footer_image_v0_landing_cover-1920x289.png 1920w, https:\/\/d2p6e6u75xmxt8.cloudfront.net\/12\/2019\/05\/WL011_letape_landing_footer_image_v0_landing_cover-1920x289.png 1920w\" sizes=\"auto, (max-width: 1921px) 100vw, 1921px\" alt=\"\" \t\tclass=\"so-widget-image\"\/>\n\t<\/div>\n\n<\/div><\/div><\/div><div id=\"panel-3562-4-0-1\" class=\"so-panel widget widget_sow-image panel-last-child\" data-index=\"5\" ><div class=\"panel-widget-style panel-widget-style-for-3562-4-0-1\" ><div\n\t\t\t\n\t\t\tclass=\"so-widget-sow-image so-widget-sow-image-default-dbf295114b96-3562\"\n\t\t\t\n\t\t>\n<div class=\"sow-image-container\">\n\t\t<img loading=\"lazy\" decoding=\"async\" src=\"https:\/\/d2p6e6u75xmxt8.cloudfront.net\/12\/2019\/05\/WL011_letape_landing_footer_image_800px_landing_cover.png\" width=\"801\" height=\"289\" srcset=\"https:\/\/d2p6e6u75xmxt8.cloudfront.net\/12\/2019\/05\/WL011_letape_landing_footer_image_800px_landing_cover.png 801w, https:\/\/d2p6e6u75xmxt8.cloudfront.net\/12\/2019\/05\/WL011_letape_landing_footer_image_800px_landing_cover-300x108.png 300w, https:\/\/d2p6e6u75xmxt8.cloudfront.net\/12\/2019\/05\/WL011_letape_landing_footer_image_800px_landing_cover-768x277.png 768w\" sizes=\"auto, (max-width: 801px) 100vw, 801px\" alt=\"\" \t\tclass=\"so-widget-image\"\/>\n\t<\/div>\n\n<\/div><\/div><\/div><\/div><\/div><\/div>","protected":false},"excerpt":{"rendered":"<p>A jelentkez\u00e9s lez\u00e1rult. 2019. 06. 09. Mes\u00e9ld el egy vide\u00f3ban, hogy mi\u00e9rt t\u00e9ged v\u00e1lasszunk. K\u00e9sz\u00edts k\u00e9pet legjobb bring\u00e1s eredm\u00e9nyedr\u0151l. (Strava\/Cyclemeter [&hellip;]<\/p>\n","protected":false},"author":71,"featured_media":0,"parent":0,"menu_order":0,"comment_status":"closed","ping_status":"closed","template":"templates\/template-full-width.php","meta":{"footnotes":""},"tags":[],"class_list":["post-3562","page","type-page","status-publish","hentry"],"yoast_head":"<!-- This site is optimized with the Yoast SEO Premium plugin v25.3 (Yoast SEO v25.9) - https:\/\/yoast.com\/wordpress\/plugins\/seo\/ -->\n<title>Tekerj a Tour-on! - \u0160koda We Love Cycling - Magyarorsz\u00e1g<\/title>\n<meta name=\"description\" content=\"\u00c9ld \u00e1t a Tour de France legend\u00e1j\u00e1t \u00e9s tekerj ugyanazon az \u00fatvonalon, mint a vil\u00e1gszt\u00e1rok: ez a L&#039;\u00c9tape du Tour amat\u0151r ker\u00e9kp\u00e1rverseny.\" \/>\n<meta name=\"robots\" content=\"index, follow, max-snippet:-1, max-image-preview:large, max-video-preview:-1\" \/>\n<link rel=\"canonical\" href=\"https:\/\/www.welovecycling.com\/hu\/tekerj-a-touron\/\" \/>\n<meta property=\"og:locale\" content=\"hu_HU\" \/>\n<meta property=\"og:type\" content=\"article\" \/>\n<meta property=\"og:title\" content=\"Tekerj a tour-on!\" \/>\n<meta property=\"og:description\" content=\"\u00c9ld \u00e1t a Tour de France legend\u00e1j\u00e1t \u00e9s tekerj ugyanazon az \u00fatvonalon, mint a vil\u00e1gszt\u00e1rok: ez a L&#039;\u00c9tape du Tour amat\u0151r ker\u00e9kp\u00e1rverseny.\" \/>\n<meta property=\"og:url\" content=\"https:\/\/www.welovecycling.com\/hu\/tekerj-a-touron\/\" \/>\n<meta property=\"og:site_name\" content=\"\u0160koda We Love Cycling - Magyarorsz\u00e1g\" \/>\n<meta property=\"article:publisher\" content=\"https:\/\/www.facebook.com\/WeLoveCyclingHungary\/\" \/>\n<meta property=\"article:modified_time\" content=\"2019-06-11T08:44:37+00:00\" \/>\n<meta name=\"twitter:card\" content=\"summary_large_image\" \/>\n<meta name=\"twitter:title\" content=\"Tekerj a Tour-on!\" \/>\n<meta name=\"twitter:image\" content=\"https:\/\/d2p6e6u75xmxt8.cloudfront.net\/12\/2019\/05\/ikon_01.png\" \/>\n<meta name=\"twitter:label1\" content=\"Est. reading time\" \/>\n\t<meta name=\"twitter:data1\" content=\"1 minute\" \/>\n<script type=\"application\/ld+json\" class=\"yoast-schema-graph\">{\"@context\":\"https:\/\/schema.org\",\"@graph\":[{\"@type\":\"WebPage\",\"@id\":\"https:\/\/www.welovecycling.com\/hu\/tekerj-a-touron\/\",\"url\":\"https:\/\/www.welovecycling.com\/hu\/tekerj-a-touron\/\",\"name\":\"Tekerj a Tour-on! - \u0160koda We Love Cycling - Magyarorsz\u00e1g\",\"isPartOf\":{\"@id\":\"https:\/\/www.welovecycling.com\/hu\/#website\"},\"primaryImageOfPage\":{\"@id\":\"https:\/\/www.welovecycling.com\/hu\/tekerj-a-touron\/#primaryimage\"},\"image\":{\"@id\":\"https:\/\/www.welovecycling.com\/hu\/tekerj-a-touron\/#primaryimage\"},\"thumbnailUrl\":\"https:\/\/d2p6e6u75xmxt8.cloudfront.net\/12\/2019\/05\/ikon_01.png\",\"datePublished\":\"2019-05-29T14:47:33+00:00\",\"dateModified\":\"2019-06-11T08:44:37+00:00\",\"description\":\"\u00c9ld \u00e1t a Tour de France legend\u00e1j\u00e1t \u00e9s tekerj ugyanazon az \u00fatvonalon, mint a vil\u00e1gszt\u00e1rok: ez a L'\u00c9tape du Tour amat\u0151r ker\u00e9kp\u00e1rverseny.\",\"breadcrumb\":{\"@id\":\"https:\/\/www.welovecycling.com\/hu\/tekerj-a-touron\/#breadcrumb\"},\"inLanguage\":\"hu\",\"potentialAction\":[{\"@type\":\"ReadAction\",\"target\":[\"https:\/\/www.welovecycling.com\/hu\/tekerj-a-touron\/\"]}]},{\"@type\":\"ImageObject\",\"inLanguage\":\"hu\",\"@id\":\"https:\/\/www.welovecycling.com\/hu\/tekerj-a-touron\/#primaryimage\",\"url\":\"https:\/\/d2p6e6u75xmxt8.cloudfront.net\/12\/2019\/05\/ikon_01.png\",\"contentUrl\":\"https:\/\/d2p6e6u75xmxt8.cloudfront.net\/12\/2019\/05\/ikon_01.png\"},{\"@type\":\"BreadcrumbList\",\"@id\":\"https:\/\/www.welovecycling.com\/hu\/tekerj-a-touron\/#breadcrumb\",\"itemListElement\":[{\"@type\":\"ListItem\",\"position\":1,\"name\":\"Home\",\"item\":\"https:\/\/www.welovecycling.com\/hu\/\"},{\"@type\":\"ListItem\",\"position\":2,\"name\":\"Tekerj a Tour-on!\"}]},{\"@type\":\"WebSite\",\"@id\":\"https:\/\/www.welovecycling.com\/hu\/#website\",\"url\":\"https:\/\/www.welovecycling.com\/hu\/\",\"name\":\"\u0160koda We Love Cycling - Magyarorsz\u00e1g\",\"description\":\"\u0160koda WeLoveCycling\",\"potentialAction\":[{\"@type\":\"SearchAction\",\"target\":{\"@type\":\"EntryPoint\",\"urlTemplate\":\"https:\/\/www.welovecycling.com\/hu\/?s={search_term_string}\"},\"query-input\":{\"@type\":\"PropertyValueSpecification\",\"valueRequired\":true,\"valueName\":\"search_term_string\"}}],\"inLanguage\":\"hu\"}]}<\/script>\n<!-- \/ Yoast SEO Premium plugin. -->","yoast_head_json":{"title":"Tekerj a Tour-on! - \u0160koda We Love Cycling - Magyarorsz\u00e1g","description":"\u00c9ld \u00e1t a Tour de France legend\u00e1j\u00e1t \u00e9s tekerj ugyanazon az \u00fatvonalon, mint a vil\u00e1gszt\u00e1rok: ez a L'\u00c9tape du Tour amat\u0151r ker\u00e9kp\u00e1rverseny.","robots":{"index":"index","follow":"follow","max-snippet":"max-snippet:-1","max-image-preview":"max-image-preview:large","max-video-preview":"max-video-preview:-1"},"canonical":"https:\/\/www.welovecycling.com\/hu\/tekerj-a-touron\/","og_locale":"hu_HU","og_type":"article","og_title":"Tekerj a tour-on!","og_description":"\u00c9ld \u00e1t a Tour de France legend\u00e1j\u00e1t \u00e9s tekerj ugyanazon az \u00fatvonalon, mint a vil\u00e1gszt\u00e1rok: ez a L'\u00c9tape du Tour amat\u0151r ker\u00e9kp\u00e1rverseny.","og_url":"https:\/\/www.welovecycling.com\/hu\/tekerj-a-touron\/","og_site_name":"\u0160koda We Love Cycling - Magyarorsz\u00e1g","article_publisher":"https:\/\/www.facebook.com\/WeLoveCyclingHungary\/","article_modified_time":"2019-06-11T08:44:37+00:00","twitter_card":"summary_large_image","twitter_title":"Tekerj a Tour-on!","twitter_image":"https:\/\/d2p6e6u75xmxt8.cloudfront.net\/12\/2019\/05\/ikon_01.png","twitter_misc":{"Est. reading time":"1 minute"},"schema":{"@context":"https:\/\/schema.org","@graph":[{"@type":"WebPage","@id":"https:\/\/www.welovecycling.com\/hu\/tekerj-a-touron\/","url":"https:\/\/www.welovecycling.com\/hu\/tekerj-a-touron\/","name":"Tekerj a Tour-on! - \u0160koda We Love Cycling - Magyarorsz\u00e1g","isPartOf":{"@id":"https:\/\/www.welovecycling.com\/hu\/#website"},"primaryImageOfPage":{"@id":"https:\/\/www.welovecycling.com\/hu\/tekerj-a-touron\/#primaryimage"},"image":{"@id":"https:\/\/www.welovecycling.com\/hu\/tekerj-a-touron\/#primaryimage"},"thumbnailUrl":"https:\/\/d2p6e6u75xmxt8.cloudfront.net\/12\/2019\/05\/ikon_01.png","datePublished":"2019-05-29T14:47:33+00:00","dateModified":"2019-06-11T08:44:37+00:00","description":"\u00c9ld \u00e1t a Tour de France legend\u00e1j\u00e1t \u00e9s tekerj ugyanazon az \u00fatvonalon, mint a vil\u00e1gszt\u00e1rok: ez a L'\u00c9tape du Tour amat\u0151r ker\u00e9kp\u00e1rverseny.","breadcrumb":{"@id":"https:\/\/www.welovecycling.com\/hu\/tekerj-a-touron\/#breadcrumb"},"inLanguage":"hu","potentialAction":[{"@type":"ReadAction","target":["https:\/\/www.welovecycling.com\/hu\/tekerj-a-touron\/"]}]},{"@type":"ImageObject","inLanguage":"hu","@id":"https:\/\/www.welovecycling.com\/hu\/tekerj-a-touron\/#primaryimage","url":"https:\/\/d2p6e6u75xmxt8.cloudfront.net\/12\/2019\/05\/ikon_01.png","contentUrl":"https:\/\/d2p6e6u75xmxt8.cloudfront.net\/12\/2019\/05\/ikon_01.png"},{"@type":"BreadcrumbList","@id":"https:\/\/www.welovecycling.com\/hu\/tekerj-a-touron\/#breadcrumb","itemListElement":[{"@type":"ListItem","position":1,"name":"Home","item":"https:\/\/www.welovecycling.com\/hu\/"},{"@type":"ListItem","position":2,"name":"Tekerj a Tour-on!"}]},{"@type":"WebSite","@id":"https:\/\/www.welovecycling.com\/hu\/#website","url":"https:\/\/www.welovecycling.com\/hu\/","name":"\u0160koda We Love Cycling - Magyarorsz\u00e1g","description":"\u0160koda WeLoveCycling","potentialAction":[{"@type":"SearchAction","target":{"@type":"EntryPoint","urlTemplate":"https:\/\/www.welovecycling.com\/hu\/?s={search_term_string}"},"query-input":{"@type":"PropertyValueSpecification","valueRequired":true,"valueName":"search_term_string"}}],"inLanguage":"hu"}]}},"_links":{"self":[{"href":"https:\/\/www.welovecycling.com\/hu\/wp-json\/wp\/v2\/pages\/3562","targetHints":{"allow":["GET"]}}],"collection":[{"href":"https:\/\/www.welovecycling.com\/hu\/wp-json\/wp\/v2\/pages"}],"about":[{"href":"https:\/\/www.welovecycling.com\/hu\/wp-json\/wp\/v2\/types\/page"}],"author":[{"embeddable":true,"href":"https:\/\/www.welovecycling.com\/hu\/wp-json\/wp\/v2\/users\/71"}],"replies":[{"embeddable":true,"href":"https:\/\/www.welovecycling.com\/hu\/wp-json\/wp\/v2\/comments?post=3562"}],"version-history":[{"count":2,"href":"https:\/\/www.welovecycling.com\/hu\/wp-json\/wp\/v2\/pages\/3562\/revisions"}],"predecessor-version":[{"id":3920,"href":"https:\/\/www.welovecycling.com\/hu\/wp-json\/wp\/v2\/pages\/3562\/revisions\/3920"}],"wp:attachment":[{"href":"https:\/\/www.welovecycling.com\/hu\/wp-json\/wp\/v2\/media?parent=3562"}],"wp:term":[{"taxonomy":"post_tag","embeddable":true,"href":"https:\/\/www.welovecycling.com\/hu\/wp-json\/wp\/v2\/tags?post=3562"}],"curies":[{"name":"wp","href":"https:\/\/api.w.org\/{rel}","templated":true}]}}