{"id":2869,"date":"2019-03-11T12:21:36","date_gmt":"2019-03-11T11:21:36","guid":{"rendered":"https:\/\/www.welovecycling.com\/hu\/?page_id=2869"},"modified":"2019-03-21T13:47:39","modified_gmt":"2019-03-21T12:47:39","slug":"lovassy-krisztian-palyakerekpar","status":"publish","type":"page","link":"https:\/\/www.welovecycling.com\/hu\/lovassy-krisztian-palyakerekpar\/","title":{"rendered":"Lovassy Kriszti\u00e1n &#8211; p\u00e1lyaker\u00e9kp\u00e1r"},"content":{"rendered":"<div id=\"pl-2869\"  class=\"panel-layout\" ><div id=\"pg-2869-0\"  class=\"panel-grid panel-has-style\" ><div class=\"panel-row-style panel-row-style-for-2869-0\" ><div id=\"pgc-2869-0-0\"  class=\"panel-grid-cell\" ><div id=\"panel-2869-0-0-0\" class=\"so-panel widget widget_sow-image panel-first-child panel-last-child\" data-index=\"0\" ><div\n\t\t\t\n\t\t\tclass=\"so-widget-sow-image so-widget-sow-image-default-dbf295114b96-2869\"\n\t\t\t\n\t\t>\n<div class=\"sow-image-container\">\n\t\t<img loading=\"lazy\" decoding=\"async\" src=\"https:\/\/d2p6e6u75xmxt8.cloudfront.net\/12\/2019\/03\/lovassy_AV.jpg\" width=\"1920\" height=\"838\" srcset=\"https:\/\/d2p6e6u75xmxt8.cloudfront.net\/12\/2019\/03\/lovassy_AV.jpg 1920w, https:\/\/d2p6e6u75xmxt8.cloudfront.net\/12\/2019\/03\/lovassy_AV-300x131.jpg 300w, https:\/\/d2p6e6u75xmxt8.cloudfront.net\/12\/2019\/03\/lovassy_AV-768x335.jpg 768w, https:\/\/d2p6e6u75xmxt8.cloudfront.net\/12\/2019\/03\/lovassy_AV-1024x447.jpg 1024w, https:\/\/d2p6e6u75xmxt8.cloudfront.net\/12\/2019\/03\/lovassy_AV-1920x838.jpg 1920w\" sizes=\"auto, (max-width: 1920px) 100vw, 1920px\" alt=\"\" \t\tclass=\"so-widget-image\"\/>\n\t<\/div>\n\n<\/div><\/div><\/div><\/div><\/div><div id=\"pg-2869-1\"  class=\"panel-grid panel-no-style\" ><div id=\"pgc-2869-1-0\"  class=\"panel-grid-cell\" ><div id=\"panel-2869-1-0-0\" class=\"so-panel widget widget_siteorigin-panels-builder panel-first-child panel-last-child\" data-index=\"1\" ><div id=\"pl-w5c9387eba6ba6\"  class=\"panel-layout\" ><div id=\"pg-w5c9387eba6ba6-0\"  class=\"panel-grid panel-has-style\" ><div class=\"container panel-row-style panel-row-style-for-w5c9387eba6ba6-0\" ><div id=\"pgc-w5c9387eba6ba6-0-0\"  class=\"panel-grid-cell\" ><div id=\"panel-w5c9387eba6ba6-0-0-0\" class=\"so-panel widget widget_media_video panel-first-child panel-last-child\" data-index=\"0\" ><div style=\"width:100%;\" class=\"wp-video\"><!--[if lt IE 9]><script>document.createElement('video');<\/script><![endif]-->\n<video class=\"wp-video-shortcode\" id=\"video-2869-1\" preload=\"metadata\" controls=\"controls\"><source type=\"video\/youtube\" src=\"https:\/\/www.youtube.com\/watch?v=f49kQW_AxN0&#038;_=1\" \/><a href=\"https:\/\/www.youtube.com\/watch?v=f49kQW_AxN0\">https:\/\/www.youtube.com\/watch?v=f49kQW_AxN0<\/a><\/video><\/div><\/div><\/div><div id=\"pgc-w5c9387eba6ba6-0-1\"  class=\"panel-grid-cell\" ><div id=\"panel-w5c9387eba6ba6-0-1-0\" class=\"so-panel widget widget_sow-editor panel-first-child panel-last-child\" data-index=\"1\" ><div class=\"panel-widget-style panel-widget-style-for-w5c9387eba6ba6-0-1-0\" ><div\n\t\t\t\n\t\t\tclass=\"so-widget-sow-editor so-widget-sow-editor-base\"\n\t\t\t\n\t\t>\n<div class=\"siteorigin-widget-tinymce textwidget\">\n\t<h2><strong>Lovassy Kriszti\u00e1n<\/strong><\/h2>\n<table style=\"width: 100%;\">\n<tbody>\n<tr>\n<td style=\"width:170px;\"><strong>Szu\u0308let\u00e9si id\u0151:<\/strong><\/td>\n<td style=\"padding-bottom:5px;\">1988. 06. 23.<\/td>\n<\/tr>\n<tr>\n<td valign=\"top\"><strong>Sport\u00e1g: <\/strong><\/td>\n<td style=\"padding-bottom:5px;\">Ker\u00e9kp\u00e1r \u2013 p\u00e1lya, orsz\u00e1g\u00fati\n<\/td>\n<\/tr>\n<tr>\n<td valign=\"top\"><strong>Csapat: <\/strong><\/td>\n<td style=\"padding-bottom:5px;\">BVSC Zugl\u00f3 (p\u00e1lya) \/ Epronex (orsz\u00e1g\u00fati)\n<\/td>\n<\/tr>\n<tr>\n<td valign=\"top\"><strong>Edz\u0151: <\/strong><\/td>\n<td style=\"padding-bottom:5px;\">Pataki Ibolya\n<\/td>\n<\/tr>\n<tr>\n<td style=\"text-align: left;\"><strong>P\u00e1lyafut\u00e1s kezdete:<\/strong><\/td>\n<td style=\"text-align: left;padding-bottom:5px;\">1998<\/td>\n<\/tr>\n<\/tbody>\n<\/table>\n<p style=\"margin-top:15px;display:inline-block;\">Lovassy Kriszti\u00e1n magyar p\u00e1lya-, \u00e9s orsz\u00e1g\u00fati ker\u00e9kp\u00e1ros. Hetvennyolcszoros magyar p\u00e1lyaker\u00e9kp\u00e1r \u00e9s orsz\u00e1g\u00fati-bajnok, Eur\u00f3pa-bajnoks\u00e1g ez\u00fcst\u00e9rmes (2017), Junior Vil\u00e1gbajnoks\u00e1g 5. helyezett (2006), emellett k\u00e9tszeres orsz\u00e1g\u00fati magyar bajnok (2011). Egyed\u00fcli magyar orsz\u00e1g\u00fati ker\u00e9kp\u00e1rosk\u00e9nt k\u00e9pviselte haz\u00e1nkat a 2012. \u00e9vi ny\u00e1ri olimpiai j\u00e1t\u00e9kokon, Londonban. Hat alkalommal v\u00e1lasztott\u00e1k \u0151t \u201eAz \u00e9v magyar ker\u00e9kp\u00e1roz\u00f3j\u00e1nak\u201d a p\u00e1lyaker\u00e9kp\u00e1r szak\u00e1gban \u00e9s h\u00e1romszor az orsz\u00e1g\u00fati szak\u00e1gban el\u00e9rt eredm\u00e9nyei\u00e9rt. Jelenleg a BVSC Zugl\u00f3 (p\u00e1lyaker\u00e9kp\u00e1r) \u00e9s az Epronex (orsz\u00e1g\u00fati) csapatokban ker\u00e9kp\u00e1rozik.\n<\/p>\n<\/div>\n<\/div><\/div><\/div><\/div><\/div><\/div><\/div><\/div><\/div><\/div><div id=\"pg-2869-2\"  class=\"panel-grid panel-has-style\" ><div class=\"panel-row-style panel-row-style-for-2869-2\" ><div id=\"pgc-2869-2-0\"  class=\"panel-grid-cell\" ><div id=\"panel-2869-2-0-0\" class=\"so-panel widget widget_siteorigin-panels-builder panel-first-child panel-last-child\" data-index=\"2\" ><div class=\"panel-widget-style panel-widget-style-for-2869-2-0-0\" ><div id=\"pl-w5c9387eba6bba\"  class=\"panel-layout\" ><div id=\"pg-w5c9387eba6bba-0\"  class=\"panel-grid panel-has-style\" ><div class=\"container panel-row-style panel-row-style-for-w5c9387eba6bba-0\" ><div id=\"pgc-w5c9387eba6bba-0-0\"  class=\"panel-grid-cell\" ><div id=\"panel-w5c9387eba6bba-0-0-0\" class=\"so-panel widget widget_sow-editor panel-first-child panel-last-child\" data-index=\"0\" ><div class=\"container panel-widget-style panel-widget-style-for-w5c9387eba6bba-0-0-0\" ><div\n\t\t\t\n\t\t\tclass=\"so-widget-sow-editor so-widget-sow-editor-base\"\n\t\t\t\n\t\t>\n<div class=\"siteorigin-widget-tinymce textwidget\">\n\t<h2>A mi h\u0151seink \u2013 Az Aranyvilla d\u00edjasok<\/h2>\n<p>A <strong>WeLoveCycling<\/strong> Magyarorsz\u00e1g Aranyvilla d\u00edja egy olyan elismer\u00e9s, amivel az emberfeletti teljes\u00edtm\u00e9ny\u00e9t vagy egy sport\u00e1g alakul\u00e1s\u00e1ban meghat\u00e1roz\u00f3 szerep\u00e9t k\u00f6sz\u00f6nj\u00fck meg a magyar biciklis t\u00e1rsadalom kiemelked\u0151 alakjainak, legyen sz\u00f3 mountain bikeos, orsz\u00e1g\u00fatis, vagy BMX-es sport\u00e1gr\u00f3l.<\/p>\n<\/div>\n<\/div><\/div><\/div><\/div><div id=\"pgc-w5c9387eba6bba-0-1\"  class=\"panel-grid-cell\" ><div id=\"panel-w5c9387eba6bba-0-1-0\" class=\"so-panel widget widget_sow-image panel-first-child panel-last-child\" data-index=\"1\" ><div class=\"panel-widget-style panel-widget-style-for-w5c9387eba6bba-0-1-0\" ><div\n\t\t\t\n\t\t\tclass=\"so-widget-sow-image so-widget-sow-image-default-c67d20f9f743\"\n\t\t\t\n\t\t>\n<div class=\"sow-image-container\">\n\t\t<img loading=\"lazy\" decoding=\"async\" src=\"https:\/\/d2p6e6u75xmxt8.cloudfront.net\/12\/2019\/01\/aranyvilla_2019.png\" width=\"330\" height=\"153\" srcset=\"https:\/\/d2p6e6u75xmxt8.cloudfront.net\/12\/2019\/01\/aranyvilla_2019.png 330w, https:\/\/d2p6e6u75xmxt8.cloudfront.net\/12\/2019\/01\/aranyvilla_2019-300x139.png 300w\" sizes=\"auto, (max-width: 330px) 100vw, 330px\" alt=\"\" \t\tclass=\"so-widget-image\"\/>\n\t<\/div>\n\n<\/div><\/div><\/div><\/div><\/div><\/div><\/div><\/div><\/div><\/div><\/div><\/div><div id=\"pg-2869-3\"  class=\"panel-grid panel-no-style\" ><div id=\"pgc-2869-3-0\"  class=\"panel-grid-cell\" ><div id=\"panel-2869-3-0-0\" class=\"so-panel widget widget_siteorigin-panels-builder panel-first-child panel-last-child\" data-index=\"3\" ><div id=\"pl-w5c9387eba6c5a\"  class=\"panel-layout\" ><div id=\"pg-w5c9387eba6c5a-0\"  class=\"panel-grid panel-has-style\" ><div class=\"container panel-row-style panel-row-style-for-w5c9387eba6c5a-0\" ><div id=\"pgc-w5c9387eba6c5a-0-0\"  class=\"panel-grid-cell\" ><div id=\"panel-w5c9387eba6c5a-0-0-0\" class=\"so-panel widget widget_media_gallery panel-first-child panel-last-child\" data-index=\"0\" ><div id='gallery-1' class='gallery galleryid-2869 gallery-columns-3 gallery-size-large'><figure class='gallery-item'>\n\t\t\t<div class='gallery-icon landscape'>\n\t\t\t\t<a href='https:\/\/d2p6e6u75xmxt8.cloudfront.net\/12\/2019\/03\/DSC_8015.jpg'><img loading=\"lazy\" decoding=\"async\" width=\"1024\" height=\"684\" src=\"https:\/\/d2p6e6u75xmxt8.cloudfront.net\/12\/2019\/03\/DSC_8015-1024x684.jpg\" class=\"attachment-large size-large\" alt=\"\" srcset=\"https:\/\/d2p6e6u75xmxt8.cloudfront.net\/12\/2019\/03\/DSC_8015-1024x684.jpg 1024w, https:\/\/d2p6e6u75xmxt8.cloudfront.net\/12\/2019\/03\/DSC_8015-300x200.jpg 300w, https:\/\/d2p6e6u75xmxt8.cloudfront.net\/12\/2019\/03\/DSC_8015-768x513.jpg 768w, https:\/\/d2p6e6u75xmxt8.cloudfront.net\/12\/2019\/03\/DSC_8015-272x182.jpg 272w, https:\/\/d2p6e6u75xmxt8.cloudfront.net\/12\/2019\/03\/DSC_8015.jpg 1618w\" sizes=\"auto, (max-width: 1024px) 100vw, 1024px\" \/><\/a>\n\t\t\t<\/div><\/figure><figure class='gallery-item'>\n\t\t\t<div class='gallery-icon landscape'>\n\t\t\t\t<a href='https:\/\/d2p6e6u75xmxt8.cloudfront.net\/12\/2019\/03\/DSC_0352.jpg'><img loading=\"lazy\" decoding=\"async\" width=\"1024\" height=\"681\" src=\"https:\/\/d2p6e6u75xmxt8.cloudfront.net\/12\/2019\/03\/DSC_0352-1024x681.jpg\" class=\"attachment-large size-large\" alt=\"\" srcset=\"https:\/\/d2p6e6u75xmxt8.cloudfront.net\/12\/2019\/03\/DSC_0352-1024x681.jpg 1024w, https:\/\/d2p6e6u75xmxt8.cloudfront.net\/12\/2019\/03\/DSC_0352-300x200.jpg 300w, https:\/\/d2p6e6u75xmxt8.cloudfront.net\/12\/2019\/03\/DSC_0352-768x511.jpg 768w, https:\/\/d2p6e6u75xmxt8.cloudfront.net\/12\/2019\/03\/DSC_0352-272x182.jpg 272w, https:\/\/d2p6e6u75xmxt8.cloudfront.net\/12\/2019\/03\/DSC_0352.jpg 1623w\" sizes=\"auto, (max-width: 1024px) 100vw, 1024px\" \/><\/a>\n\t\t\t<\/div><\/figure><figure class='gallery-item'>\n\t\t\t<div class='gallery-icon landscape'>\n\t\t\t\t<a href='https:\/\/d2p6e6u75xmxt8.cloudfront.net\/12\/2019\/03\/DSC_7790.jpg'><img loading=\"lazy\" decoding=\"async\" width=\"1024\" height=\"684\" src=\"https:\/\/d2p6e6u75xmxt8.cloudfront.net\/12\/2019\/03\/DSC_7790-1024x684.jpg\" class=\"attachment-large size-large\" alt=\"\" srcset=\"https:\/\/d2p6e6u75xmxt8.cloudfront.net\/12\/2019\/03\/DSC_7790-1024x684.jpg 1024w, https:\/\/d2p6e6u75xmxt8.cloudfront.net\/12\/2019\/03\/DSC_7790-300x200.jpg 300w, https:\/\/d2p6e6u75xmxt8.cloudfront.net\/12\/2019\/03\/DSC_7790-768x513.jpg 768w, https:\/\/d2p6e6u75xmxt8.cloudfront.net\/12\/2019\/03\/DSC_7790-272x182.jpg 272w, https:\/\/d2p6e6u75xmxt8.cloudfront.net\/12\/2019\/03\/DSC_7790.jpg 1618w\" sizes=\"auto, (max-width: 1024px) 100vw, 1024px\" \/><\/a>\n\t\t\t<\/div><\/figure><figure class='gallery-item'>\n\t\t\t<div class='gallery-icon portrait'>\n\t\t\t\t<a href='https:\/\/d2p6e6u75xmxt8.cloudfront.net\/12\/2019\/03\/DSC_7792.jpg'><img loading=\"lazy\" decoding=\"async\" width=\"684\" height=\"1024\" src=\"https:\/\/d2p6e6u75xmxt8.cloudfront.net\/12\/2019\/03\/DSC_7792-684x1024.jpg\" class=\"attachment-large size-large\" alt=\"\" srcset=\"https:\/\/d2p6e6u75xmxt8.cloudfront.net\/12\/2019\/03\/DSC_7792-684x1024.jpg 684w, https:\/\/d2p6e6u75xmxt8.cloudfront.net\/12\/2019\/03\/DSC_7792-200x300.jpg 200w, https:\/\/d2p6e6u75xmxt8.cloudfront.net\/12\/2019\/03\/DSC_7792.jpg 721w\" sizes=\"auto, (max-width: 684px) 100vw, 684px\" \/><\/a>\n\t\t\t<\/div><\/figure><figure class='gallery-item'>\n\t\t\t<div class='gallery-icon landscape'>\n\t\t\t\t<a href='https:\/\/d2p6e6u75xmxt8.cloudfront.net\/12\/2019\/03\/DSC_7806.jpg'><img loading=\"lazy\" decoding=\"async\" width=\"1024\" height=\"684\" src=\"https:\/\/d2p6e6u75xmxt8.cloudfront.net\/12\/2019\/03\/DSC_7806-1024x684.jpg\" class=\"attachment-large size-large\" alt=\"\" srcset=\"https:\/\/d2p6e6u75xmxt8.cloudfront.net\/12\/2019\/03\/DSC_7806-1024x684.jpg 1024w, https:\/\/d2p6e6u75xmxt8.cloudfront.net\/12\/2019\/03\/DSC_7806-300x200.jpg 300w, https:\/\/d2p6e6u75xmxt8.cloudfront.net\/12\/2019\/03\/DSC_7806-768x513.jpg 768w, https:\/\/d2p6e6u75xmxt8.cloudfront.net\/12\/2019\/03\/DSC_7806-272x182.jpg 272w, https:\/\/d2p6e6u75xmxt8.cloudfront.net\/12\/2019\/03\/DSC_7806.jpg 1618w\" sizes=\"auto, (max-width: 1024px) 100vw, 1024px\" \/><\/a>\n\t\t\t<\/div><\/figure><figure class='gallery-item'>\n\t\t\t<div class='gallery-icon landscape'>\n\t\t\t\t<a href='https:\/\/d2p6e6u75xmxt8.cloudfront.net\/12\/2019\/03\/DSC_7797.jpg'><img loading=\"lazy\" decoding=\"async\" width=\"1024\" height=\"684\" src=\"https:\/\/d2p6e6u75xmxt8.cloudfront.net\/12\/2019\/03\/DSC_7797-1024x684.jpg\" class=\"attachment-large size-large\" alt=\"\" srcset=\"https:\/\/d2p6e6u75xmxt8.cloudfront.net\/12\/2019\/03\/DSC_7797-1024x684.jpg 1024w, https:\/\/d2p6e6u75xmxt8.cloudfront.net\/12\/2019\/03\/DSC_7797-300x200.jpg 300w, https:\/\/d2p6e6u75xmxt8.cloudfront.net\/12\/2019\/03\/DSC_7797-768x513.jpg 768w, https:\/\/d2p6e6u75xmxt8.cloudfront.net\/12\/2019\/03\/DSC_7797-272x182.jpg 272w, https:\/\/d2p6e6u75xmxt8.cloudfront.net\/12\/2019\/03\/DSC_7797.jpg 1618w\" sizes=\"auto, (max-width: 1024px) 100vw, 1024px\" \/><\/a>\n\t\t\t<\/div><\/figure><figure class='gallery-item'>\n\t\t\t<div class='gallery-icon landscape'>\n\t\t\t\t<a href='https:\/\/d2p6e6u75xmxt8.cloudfront.net\/12\/2019\/03\/DSC_7814.jpg'><img loading=\"lazy\" decoding=\"async\" width=\"1024\" height=\"684\" src=\"https:\/\/d2p6e6u75xmxt8.cloudfront.net\/12\/2019\/03\/DSC_7814-1024x684.jpg\" class=\"attachment-large size-large\" alt=\"\" srcset=\"https:\/\/d2p6e6u75xmxt8.cloudfront.net\/12\/2019\/03\/DSC_7814-1024x684.jpg 1024w, https:\/\/d2p6e6u75xmxt8.cloudfront.net\/12\/2019\/03\/DSC_7814-300x200.jpg 300w, https:\/\/d2p6e6u75xmxt8.cloudfront.net\/12\/2019\/03\/DSC_7814-768x513.jpg 768w, https:\/\/d2p6e6u75xmxt8.cloudfront.net\/12\/2019\/03\/DSC_7814-272x182.jpg 272w, https:\/\/d2p6e6u75xmxt8.cloudfront.net\/12\/2019\/03\/DSC_7814.jpg 1618w\" sizes=\"auto, (max-width: 1024px) 100vw, 1024px\" \/><\/a>\n\t\t\t<\/div><\/figure><figure class='gallery-item'>\n\t\t\t<div class='gallery-icon landscape'>\n\t\t\t\t<a href='https:\/\/d2p6e6u75xmxt8.cloudfront.net\/12\/2019\/03\/DSC_7917-1.jpg'><img loading=\"lazy\" decoding=\"async\" width=\"1024\" height=\"684\" src=\"https:\/\/d2p6e6u75xmxt8.cloudfront.net\/12\/2019\/03\/DSC_7917-1-1024x684.jpg\" class=\"attachment-large size-large\" alt=\"\" srcset=\"https:\/\/d2p6e6u75xmxt8.cloudfront.net\/12\/2019\/03\/DSC_7917-1-1024x684.jpg 1024w, https:\/\/d2p6e6u75xmxt8.cloudfront.net\/12\/2019\/03\/DSC_7917-1-300x200.jpg 300w, https:\/\/d2p6e6u75xmxt8.cloudfront.net\/12\/2019\/03\/DSC_7917-1-768x513.jpg 768w, https:\/\/d2p6e6u75xmxt8.cloudfront.net\/12\/2019\/03\/DSC_7917-1-272x182.jpg 272w, https:\/\/d2p6e6u75xmxt8.cloudfront.net\/12\/2019\/03\/DSC_7917-1.jpg 1618w\" sizes=\"auto, (max-width: 1024px) 100vw, 1024px\" \/><\/a>\n\t\t\t<\/div><\/figure><figure class='gallery-item'>\n\t\t\t<div class='gallery-icon landscape'>\n\t\t\t\t<a href='https:\/\/d2p6e6u75xmxt8.cloudfront.net\/12\/2019\/03\/DSC_7835.jpg'><img loading=\"lazy\" decoding=\"async\" width=\"1024\" height=\"684\" src=\"https:\/\/d2p6e6u75xmxt8.cloudfront.net\/12\/2019\/03\/DSC_7835-1024x684.jpg\" class=\"attachment-large size-large\" alt=\"\" srcset=\"https:\/\/d2p6e6u75xmxt8.cloudfront.net\/12\/2019\/03\/DSC_7835-1024x684.jpg 1024w, https:\/\/d2p6e6u75xmxt8.cloudfront.net\/12\/2019\/03\/DSC_7835-300x200.jpg 300w, https:\/\/d2p6e6u75xmxt8.cloudfront.net\/12\/2019\/03\/DSC_7835-768x513.jpg 768w, https:\/\/d2p6e6u75xmxt8.cloudfront.net\/12\/2019\/03\/DSC_7835-272x182.jpg 272w, https:\/\/d2p6e6u75xmxt8.cloudfront.net\/12\/2019\/03\/DSC_7835.jpg 1618w\" sizes=\"auto, (max-width: 1024px) 100vw, 1024px\" \/><\/a>\n\t\t\t<\/div><\/figure><figure class='gallery-item'>\n\t\t\t<div class='gallery-icon landscape'>\n\t\t\t\t<a href='https:\/\/d2p6e6u75xmxt8.cloudfront.net\/12\/2019\/03\/DSC_7980.jpg'><img loading=\"lazy\" decoding=\"async\" width=\"1024\" height=\"684\" src=\"https:\/\/d2p6e6u75xmxt8.cloudfront.net\/12\/2019\/03\/DSC_7980-1024x684.jpg\" class=\"attachment-large size-large\" alt=\"\" srcset=\"https:\/\/d2p6e6u75xmxt8.cloudfront.net\/12\/2019\/03\/DSC_7980-1024x684.jpg 1024w, https:\/\/d2p6e6u75xmxt8.cloudfront.net\/12\/2019\/03\/DSC_7980-300x200.jpg 300w, https:\/\/d2p6e6u75xmxt8.cloudfront.net\/12\/2019\/03\/DSC_7980-768x513.jpg 768w, https:\/\/d2p6e6u75xmxt8.cloudfront.net\/12\/2019\/03\/DSC_7980-272x182.jpg 272w, https:\/\/d2p6e6u75xmxt8.cloudfront.net\/12\/2019\/03\/DSC_7980.jpg 1618w\" sizes=\"auto, (max-width: 1024px) 100vw, 1024px\" \/><\/a>\n\t\t\t<\/div><\/figure><figure class='gallery-item'>\n\t\t\t<div class='gallery-icon landscape'>\n\t\t\t\t<a href='https:\/\/d2p6e6u75xmxt8.cloudfront.net\/12\/2019\/03\/DSC_8025.jpg'><img loading=\"lazy\" decoding=\"async\" width=\"1024\" height=\"684\" src=\"https:\/\/d2p6e6u75xmxt8.cloudfront.net\/12\/2019\/03\/DSC_8025-1024x684.jpg\" class=\"attachment-large size-large\" alt=\"\" srcset=\"https:\/\/d2p6e6u75xmxt8.cloudfront.net\/12\/2019\/03\/DSC_8025-1024x684.jpg 1024w, https:\/\/d2p6e6u75xmxt8.cloudfront.net\/12\/2019\/03\/DSC_8025-300x200.jpg 300w, https:\/\/d2p6e6u75xmxt8.cloudfront.net\/12\/2019\/03\/DSC_8025-768x513.jpg 768w, https:\/\/d2p6e6u75xmxt8.cloudfront.net\/12\/2019\/03\/DSC_8025-272x182.jpg 272w, https:\/\/d2p6e6u75xmxt8.cloudfront.net\/12\/2019\/03\/DSC_8025.jpg 1618w\" sizes=\"auto, (max-width: 1024px) 100vw, 1024px\" \/><\/a>\n\t\t\t<\/div><\/figure><figure class='gallery-item'>\n\t\t\t<div class='gallery-icon landscape'>\n\t\t\t\t<a href='https:\/\/d2p6e6u75xmxt8.cloudfront.net\/12\/2019\/03\/DSC_8063.jpg'><img loading=\"lazy\" decoding=\"async\" width=\"1024\" height=\"684\" src=\"https:\/\/d2p6e6u75xmxt8.cloudfront.net\/12\/2019\/03\/DSC_8063-1024x684.jpg\" class=\"attachment-large size-large\" alt=\"\" srcset=\"https:\/\/d2p6e6u75xmxt8.cloudfront.net\/12\/2019\/03\/DSC_8063-1024x684.jpg 1024w, https:\/\/d2p6e6u75xmxt8.cloudfront.net\/12\/2019\/03\/DSC_8063-300x200.jpg 300w, https:\/\/d2p6e6u75xmxt8.cloudfront.net\/12\/2019\/03\/DSC_8063-768x513.jpg 768w, https:\/\/d2p6e6u75xmxt8.cloudfront.net\/12\/2019\/03\/DSC_8063-272x182.jpg 272w, https:\/\/d2p6e6u75xmxt8.cloudfront.net\/12\/2019\/03\/DSC_8063.jpg 1618w\" sizes=\"auto, (max-width: 1024px) 100vw, 1024px\" \/><\/a>\n\t\t\t<\/div><\/figure>\n\t\t<\/div>\n<\/div><\/div><\/div><\/div><\/div><\/div><\/div><\/div><\/div>","protected":false},"excerpt":{"rendered":"<p>https:\/\/www.youtube.com\/watch?v=f49kQW_AxN0 Lovassy Kriszti\u00e1n Szu\u0308let\u00e9si id\u0151: 1988. 06. 23. Sport\u00e1g: Ker\u00e9kp\u00e1r \u2013 p\u00e1lya, orsz\u00e1g\u00fati Csapat: BVSC Zugl\u00f3 (p\u00e1lya) \/ Epronex (orsz\u00e1g\u00fati) [&hellip;]<\/p>\n","protected":false},"author":71,"featured_media":0,"parent":0,"menu_order":0,"comment_status":"closed","ping_status":"closed","template":"templates\/template-full-width.php","meta":{"footnotes":""},"tags":[],"class_list":["post-2869","page","type-page","status-publish","hentry"],"yoast_head":"<!-- This site is optimized with the Yoast SEO Premium plugin v25.3 (Yoast SEO v25.9) - https:\/\/yoast.com\/wordpress\/plugins\/seo\/ -->\n<title>Lovassy Kriszti\u00e1n - p\u00e1lyaker\u00e9kp\u00e1r - \u0160koda We Love Cycling - Magyarorsz\u00e1g<\/title>\n<meta name=\"robots\" content=\"index, follow, max-snippet:-1, max-image-preview:large, max-video-preview:-1\" \/>\n<link rel=\"canonical\" href=\"https:\/\/www.welovecycling.com\/hu\/lovassy-krisztian-palyakerekpar\/\" \/>\n<meta property=\"og:locale\" content=\"hu_HU\" \/>\n<meta property=\"og:type\" content=\"article\" \/>\n<meta property=\"og:title\" content=\"Lovassy Kriszti\u00e1n - p\u00e1lyaker\u00e9kp\u00e1r\" \/>\n<meta property=\"og:description\" content=\"https:\/\/www.youtube.com\/watch?v=f49kQW_AxN0 Lovassy Kriszti\u00e1n Szu\u0308let\u00e9si id\u0151: 1988. 06. 23. Sport\u00e1g: Ker\u00e9kp\u00e1r \u2013 p\u00e1lya, orsz\u00e1g\u00fati Csapat: BVSC Zugl\u00f3 (p\u00e1lya) \/ Epronex (orsz\u00e1g\u00fati) [&hellip;]\" \/>\n<meta property=\"og:url\" content=\"https:\/\/www.welovecycling.com\/hu\/lovassy-krisztian-palyakerekpar\/\" \/>\n<meta property=\"og:site_name\" content=\"\u0160koda We Love Cycling - Magyarorsz\u00e1g\" \/>\n<meta property=\"article:publisher\" content=\"https:\/\/www.facebook.com\/WeLoveCyclingHungary\/\" \/>\n<meta property=\"article:modified_time\" content=\"2019-03-21T12:47:39+00:00\" \/>\n<meta name=\"twitter:card\" content=\"summary_large_image\" \/>\n<meta name=\"twitter:label1\" content=\"Est. reading time\" \/>\n\t<meta name=\"twitter:data1\" content=\"1 minute\" \/>\n<script type=\"application\/ld+json\" class=\"yoast-schema-graph\">{\"@context\":\"https:\/\/schema.org\",\"@graph\":[{\"@type\":\"WebPage\",\"@id\":\"https:\/\/www.welovecycling.com\/hu\/lovassy-krisztian-palyakerekpar\/\",\"url\":\"https:\/\/www.welovecycling.com\/hu\/lovassy-krisztian-palyakerekpar\/\",\"name\":\"Lovassy Kriszti\u00e1n - p\u00e1lyaker\u00e9kp\u00e1r - \u0160koda We Love Cycling - Magyarorsz\u00e1g\",\"isPartOf\":{\"@id\":\"https:\/\/www.welovecycling.com\/hu\/#website\"},\"datePublished\":\"2019-03-11T11:21:36+00:00\",\"dateModified\":\"2019-03-21T12:47:39+00:00\",\"breadcrumb\":{\"@id\":\"https:\/\/www.welovecycling.com\/hu\/lovassy-krisztian-palyakerekpar\/#breadcrumb\"},\"inLanguage\":\"hu\",\"potentialAction\":[{\"@type\":\"ReadAction\",\"target\":[\"https:\/\/www.welovecycling.com\/hu\/lovassy-krisztian-palyakerekpar\/\"]}]},{\"@type\":\"BreadcrumbList\",\"@id\":\"https:\/\/www.welovecycling.com\/hu\/lovassy-krisztian-palyakerekpar\/#breadcrumb\",\"itemListElement\":[{\"@type\":\"ListItem\",\"position\":1,\"name\":\"Home\",\"item\":\"https:\/\/www.welovecycling.com\/hu\/\"},{\"@type\":\"ListItem\",\"position\":2,\"name\":\"Lovassy Kriszti\u00e1n &#8211; p\u00e1lyaker\u00e9kp\u00e1r\"}]},{\"@type\":\"WebSite\",\"@id\":\"https:\/\/www.welovecycling.com\/hu\/#website\",\"url\":\"https:\/\/www.welovecycling.com\/hu\/\",\"name\":\"\u0160koda We Love Cycling - Magyarorsz\u00e1g\",\"description\":\"\u0160koda WeLoveCycling\",\"potentialAction\":[{\"@type\":\"SearchAction\",\"target\":{\"@type\":\"EntryPoint\",\"urlTemplate\":\"https:\/\/www.welovecycling.com\/hu\/?s={search_term_string}\"},\"query-input\":{\"@type\":\"PropertyValueSpecification\",\"valueRequired\":true,\"valueName\":\"search_term_string\"}}],\"inLanguage\":\"hu\"}]}<\/script>\n<!-- \/ Yoast SEO Premium plugin. -->","yoast_head_json":{"title":"Lovassy Kriszti\u00e1n - p\u00e1lyaker\u00e9kp\u00e1r - \u0160koda We Love Cycling - Magyarorsz\u00e1g","robots":{"index":"index","follow":"follow","max-snippet":"max-snippet:-1","max-image-preview":"max-image-preview:large","max-video-preview":"max-video-preview:-1"},"canonical":"https:\/\/www.welovecycling.com\/hu\/lovassy-krisztian-palyakerekpar\/","og_locale":"hu_HU","og_type":"article","og_title":"Lovassy Kriszti\u00e1n - p\u00e1lyaker\u00e9kp\u00e1r","og_description":"https:\/\/www.youtube.com\/watch?v=f49kQW_AxN0 Lovassy Kriszti\u00e1n Szu\u0308let\u00e9si id\u0151: 1988. 06. 23. Sport\u00e1g: Ker\u00e9kp\u00e1r \u2013 p\u00e1lya, orsz\u00e1g\u00fati Csapat: BVSC Zugl\u00f3 (p\u00e1lya) \/ Epronex (orsz\u00e1g\u00fati) [&hellip;]","og_url":"https:\/\/www.welovecycling.com\/hu\/lovassy-krisztian-palyakerekpar\/","og_site_name":"\u0160koda We Love Cycling - Magyarorsz\u00e1g","article_publisher":"https:\/\/www.facebook.com\/WeLoveCyclingHungary\/","article_modified_time":"2019-03-21T12:47:39+00:00","twitter_card":"summary_large_image","twitter_misc":{"Est. reading time":"1 minute"},"schema":{"@context":"https:\/\/schema.org","@graph":[{"@type":"WebPage","@id":"https:\/\/www.welovecycling.com\/hu\/lovassy-krisztian-palyakerekpar\/","url":"https:\/\/www.welovecycling.com\/hu\/lovassy-krisztian-palyakerekpar\/","name":"Lovassy Kriszti\u00e1n - p\u00e1lyaker\u00e9kp\u00e1r - \u0160koda We Love Cycling - Magyarorsz\u00e1g","isPartOf":{"@id":"https:\/\/www.welovecycling.com\/hu\/#website"},"datePublished":"2019-03-11T11:21:36+00:00","dateModified":"2019-03-21T12:47:39+00:00","breadcrumb":{"@id":"https:\/\/www.welovecycling.com\/hu\/lovassy-krisztian-palyakerekpar\/#breadcrumb"},"inLanguage":"hu","potentialAction":[{"@type":"ReadAction","target":["https:\/\/www.welovecycling.com\/hu\/lovassy-krisztian-palyakerekpar\/"]}]},{"@type":"BreadcrumbList","@id":"https:\/\/www.welovecycling.com\/hu\/lovassy-krisztian-palyakerekpar\/#breadcrumb","itemListElement":[{"@type":"ListItem","position":1,"name":"Home","item":"https:\/\/www.welovecycling.com\/hu\/"},{"@type":"ListItem","position":2,"name":"Lovassy Kriszti\u00e1n &#8211; p\u00e1lyaker\u00e9kp\u00e1r"}]},{"@type":"WebSite","@id":"https:\/\/www.welovecycling.com\/hu\/#website","url":"https:\/\/www.welovecycling.com\/hu\/","name":"\u0160koda We Love Cycling - Magyarorsz\u00e1g","description":"\u0160koda WeLoveCycling","potentialAction":[{"@type":"SearchAction","target":{"@type":"EntryPoint","urlTemplate":"https:\/\/www.welovecycling.com\/hu\/?s={search_term_string}"},"query-input":{"@type":"PropertyValueSpecification","valueRequired":true,"valueName":"search_term_string"}}],"inLanguage":"hu"}]}},"_links":{"self":[{"href":"https:\/\/www.welovecycling.com\/hu\/wp-json\/wp\/v2\/pages\/2869","targetHints":{"allow":["GET"]}}],"collection":[{"href":"https:\/\/www.welovecycling.com\/hu\/wp-json\/wp\/v2\/pages"}],"about":[{"href":"https:\/\/www.welovecycling.com\/hu\/wp-json\/wp\/v2\/types\/page"}],"author":[{"embeddable":true,"href":"https:\/\/www.welovecycling.com\/hu\/wp-json\/wp\/v2\/users\/71"}],"replies":[{"embeddable":true,"href":"https:\/\/www.welovecycling.com\/hu\/wp-json\/wp\/v2\/comments?post=2869"}],"version-history":[{"count":2,"href":"https:\/\/www.welovecycling.com\/hu\/wp-json\/wp\/v2\/pages\/2869\/revisions"}],"predecessor-version":[{"id":2938,"href":"https:\/\/www.welovecycling.com\/hu\/wp-json\/wp\/v2\/pages\/2869\/revisions\/2938"}],"wp:attachment":[{"href":"https:\/\/www.welovecycling.com\/hu\/wp-json\/wp\/v2\/media?parent=2869"}],"wp:term":[{"taxonomy":"post_tag","embeddable":true,"href":"https:\/\/www.welovecycling.com\/hu\/wp-json\/wp\/v2\/tags?post=2869"}],"curies":[{"name":"wp","href":"https:\/\/api.w.org\/{rel}","templated":true}]}}