{"id":19281,"date":"2025-09-03T09:11:13","date_gmt":"2025-09-03T07:11:13","guid":{"rendered":"https:\/\/www.welovecycling.com\/hu\/?page_id=19281"},"modified":"2025-10-01T09:05:41","modified_gmt":"2025-10-01T07:05:41","slug":"terms","status":"publish","type":"page","link":"https:\/\/www.welovecycling.com\/hu\/130-anniversary\/terms\/","title":{"rendered":"Terms"},"content":{"rendered":"<p><span data-contrast=\"auto\">Ezek a szab\u00e1lyok hat\u00e1rozz\u00e1k meg a \u201e\u0160koda 130 \u00e9ves nyerem\u00e9nyj\u00e1t\u00e9k\u201d (a tov\u00e1bbiakban: \u201eNyerem\u00e9nyj\u00e1t\u00e9k\u201d) felt\u00e9teleit, \u00e9s ez az egyetlen dokumentum, amely teljes k\u00f6r\u0171en \u00e9s k\u00f6telez\u0151 jelleggel r\u00f6gz\u00edti a nyerem\u00e9nyj\u00e1t\u00e9k szab\u00e1lyait.<\/span><span data-ccp-props=\"{&quot;335559731&quot;:720}\">\u00a0<\/span><\/p>\n<p aria-level=\"2\"><span data-contrast=\"auto\">Szervez\u0151 \u00e9s lebonyol\u00edt\u00f3<\/span><span data-ccp-props=\"{&quot;134245418&quot;:true,&quot;134245529&quot;:true,&quot;335559738&quot;:360,&quot;335559739&quot;:120}\">\u00a0<\/span><\/p>\n<p><span data-contrast=\"auto\">A nyerem\u00e9nyj\u00e1t\u00e9k szervez\u0151je a \u0160koda Auto a.s., sz\u00e9khelye: t\u0159. V\u00e1clava Klementa 869, 293 01 Mlad\u00e1 Boleslav, Csehorsz\u00e1g, c\u00e9gazonos\u00edt\u00f3: 00177041, bejegyezve a Pr\u00e1gai V\u00e1rosi B\u00edr\u00f3s\u00e1g \u00e1ltal vezetett c\u00e9gjegyz\u00e9kbe, B szakasz, 332. sz\u00e1m alatt (a tov\u00e1bbiakban: \u201eSzervez\u0151\u201d).<\/span><span data-ccp-props=\"{}\">\u00a0<\/span><\/p>\n<p><span data-contrast=\"auto\">A nyerem\u00e9nyj\u00e1t\u00e9k gyakorlati lebonyol\u00edt\u00e1s\u00e1\u00e9rt felel\u0151s c\u00e9g a MUSTARD s.r.o., sz\u00e9khelye: Praha 1 \u2013 Nov\u00e9 M\u011bsto, Masarykovo n\u00e1b\u0159. 246, 110 00, Csehorsz\u00e1g, c\u00e9gazonos\u00edt\u00f3: 28531418, bejegyezve a Pr\u00e1gai V\u00e1rosi B\u00edr\u00f3s\u00e1g \u00e1ltal vezetett c\u00e9gjegyz\u00e9kbe, C szakasz, 148383. sz\u00e1m alatt (a tov\u00e1bbiakban: \u201eLebonyol\u00edt\u00f3\u201d).<\/span><span data-ccp-props=\"{}\">\u00a0<\/span><\/p>\n<p aria-level=\"2\"><span data-contrast=\"auto\">A nyerem\u00e9nyj\u00e1t\u00e9k felt\u00e9telei, helysz\u00edne \u00e9s id\u0151tartama<\/span><span data-ccp-props=\"{&quot;134245418&quot;:true,&quot;134245529&quot;:true,&quot;335559738&quot;:360,&quot;335559739&quot;:120}\">\u00a0<\/span><\/p>\n<ul>\n<li aria-setsize=\"-1\" data-leveltext=\"\u25cf\" data-font=\"\" data-listid=\"2\" data-list-defn-props=\"{&quot;335552541&quot;:1,&quot;335559685&quot;:720,&quot;335559991&quot;:360,&quot;469769242&quot;:[8226],&quot;469777803&quot;:&quot;left&quot;,&quot;469777804&quot;:&quot;\u25cf&quot;,&quot;469777815&quot;:&quot;multilevel&quot;}\" data-aria-posinset=\"1\" data-aria-level=\"1\"><span data-contrast=\"auto\">Nyerem\u00e9nyj\u00e1t\u00e9k id\u0151tartama \u2013 <\/span><span data-contrast=\"none\">00:01 (CET) 19.9. 2025 to 23:59 (CET) 19.12. 2025<\/span><span data-ccp-props=\"{}\">\u00a0<\/span><\/li>\n<\/ul>\n<p><span data-ccp-props=\"{}\">\u00a0<\/span><\/p>\n<p><span data-contrast=\"auto\">A nyerem\u00e9nyj\u00e1t\u00e9k a\u202fwww.welovecycling.com\u202fweboldalon ker\u00fcl lebonyol\u00edt\u00e1sra (a tov\u00e1bbiakban: \u201eNyerem\u00e9nyj\u00e1t\u00e9k weboldal\u201d), ahol a r\u00e9sztvev\u0151kkel val\u00f3 kommunik\u00e1ci\u00f3 els\u0151sorban t\u00f6rt\u00e9nik<\/span><span data-ccp-props=\"{}\">\u00a0<\/span><\/p>\n<p aria-level=\"2\"><span data-contrast=\"auto\">A nyerem\u00e9nyj\u00e1t\u00e9k r\u00e9sztvev\u0151i<\/span><span data-ccp-props=\"{&quot;134245418&quot;:true,&quot;134245529&quot;:true,&quot;335559738&quot;:360,&quot;335559739&quot;:120}\">\u00a0<\/span><\/p>\n<p><span data-contrast=\"auto\">A nyerem\u00e9nyj\u00e1t\u00e9kban minden olyan szem\u00e9ly r\u00e9szt vehet, aki bet\u00f6lt\u00f6tte a 18. \u00e9let\u00e9v\u00e9t \u00e9s valamely, a nyerem\u00e9nyj\u00e1t\u00e9kban r\u00e9szt vev\u0151 orsz\u00e1gban lakik.<\/span><br \/>\n<span data-contrast=\"auto\">A nyerem\u00e9nyj\u00e1t\u00e9k az al\u00e1bbi orsz\u00e1gokban ker\u00fcl megrendez\u00e9sre: ANDORRA, AUSZTR\u00c1LIA, AUSZTRIA, BELGIUM, BOSZNIA, BULG\u00c1RIA, HORV\u00c1TORSZ\u00c1G, CSEHORSZ\u00c1G, D\u00c1NIA, \u00c9SZTORSZ\u00c1G, FINNORSZ\u00c1G, FRANCIAORSZ\u00c1G, N\u00c9METORSZ\u00c1G, NAGY-BRITANNIA, G\u00d6R\u00d6GORSZ\u00c1G, MAGYARORSZ\u00c1G, IZLAND, \u00cdRORSZ\u00c1G, OLASZORSZ\u00c1G, LETTORSZ\u00c1G, LIECHTENSTEIN, LITV\u00c1NIA, LUXEMBURG, MONTENEGR\u00d3, HOLLANDIA, NORV\u00c9GIA, LENGYELORSZ\u00c1G, PORTUG\u00c1LIA, ROM\u00c1NIA, SZERBIA, SZLOV\u00c1KIA, SZLOV\u00c9NIA, SPANYOLORSZ\u00c1G, SV\u00c9DORSZ\u00c1G, SV\u00c1JC, UKRAJNA.<\/span><span data-ccp-props=\"{}\">\u00a0<\/span><\/p>\n<p><span data-contrast=\"auto\">A nyerem\u00e9nyj\u00e1t\u00e9kban val\u00f3 r\u00e9szv\u00e9telhez regisztr\u00e1ci\u00f3 sz\u00fcks\u00e9ges a Nyerem\u00e9nyj\u00e1t\u00e9k weboldalon a megadott id\u0151szak alatt, valamint ezen szab\u00e1lyok felt\u00e9tel n\u00e9lk\u00fcli elfogad\u00e1sa.<\/span><br \/>\n<span data-contrast=\"auto\">A regisztr\u00e1ci\u00f3 r\u00e9szek\u00e9nt a r\u00e9sztvev\u0151nek meg kell adnia szem\u00e9lyes adatait \u2013 k\u00fcl\u00f6n\u00f6sen e-mail-c\u00edm\u00e9t, amely kiz\u00e1r\u00f3lag a nyerem\u00e9nyj\u00e1t\u00e9k lebonyol\u00edt\u00e1s\u00e1hoz ker\u00fcl felhaszn\u00e1l\u00e1sra.<\/span><span data-ccp-props=\"{}\">\u00a0<\/span><\/p>\n<p><span data-contrast=\"auto\">Minden r\u00e9sztvev\u0151 csak egyszer regisztr\u00e1lhat \u00e9s kiz\u00e1r\u00f3lag saj\u00e1t e-mail-c\u00edmmel. A szervez\u0151 fenntartja a jogot, hogy technikai \u00e9s adminisztrat\u00edv eszk\u00f6z\u00f6kkel ellen\u0151rizze e szab\u00e1ly betart\u00e1s\u00e1t.<\/span><span data-ccp-props=\"{}\">\u00a0<\/span><\/p>\n<p><span data-contrast=\"auto\">A nyerem\u00e9nyj\u00e1t\u00e9k el\u0151k\u00e9sz\u00edt\u00e9s\u00e9ben r\u00e9szt vev\u0151 szem\u00e9lyek, k\u00fcl\u00f6n\u00f6sen a szervez\u0151 vagy a lebonyol\u00edt\u00f3 alkalmazottai, valamint az enged\u00e9lyezett \u0160koda-partnerekkel vagy megb\u00edzott \u00fcgyn\u00f6ks\u00e9gekkel kapcsolatban \u00e1ll\u00f3 szem\u00e9lyek, tov\u00e1bb\u00e1 azok csal\u00e1dtagjai \u00e9s k\u00f6zeli hozz\u00e1tartoz\u00f3i nem vehetnek r\u00e9szt a nyerem\u00e9nyj\u00e1t\u00e9kban.<\/span><span data-ccp-props=\"{}\">\u00a0<\/span><\/p>\n<p aria-level=\"2\"><span data-contrast=\"auto\">A nyerem\u00e9nyj\u00e1t\u00e9k menete \u00e9s a nyertesek kiv\u00e1laszt\u00e1s<\/span><span data-ccp-props=\"{&quot;134245418&quot;:true,&quot;134245529&quot;:true,&quot;335559738&quot;:360,&quot;335559739&quot;:120}\">\u00a0<\/span><\/p>\n<p><span data-contrast=\"auto\">A r\u00e9sztvev\u0151k feladata h\u00e1rom kv\u00edzk\u00e9rd\u00e9s megv\u00e1laszol\u00e1sa.<\/span><br \/>\n<span data-contrast=\"auto\">Azok a r\u00e9sztvev\u0151k, akik mindh\u00e1rom k\u00e9rd\u00e9sre helyesen v\u00e1laszolnak \u00e9s regisztr\u00e1lnak a We Love Cycling weboldalon, r\u00e9szt vesznek a sorsol\u00e1son.<\/span><span data-ccp-props=\"{}\">\u00a0<\/span><\/p>\n<p><span data-contrast=\"auto\">A nyerem\u00e9nyeket azok a r\u00e9sztvev\u0151k kapj\u00e1k, akik a helyes v\u00e1laszok alapj\u00e1n a teljes list\u00e1n az 1\/11, 2\/11, 3\/11, 4\/11, 5\/11, 6\/11, 7\/11, 8\/11, 9\/11 \u00e9s 10\/11 poz\u00edci\u00f3k valamelyik\u00e9n szerepelnek.<\/span><br \/>\n<span data-contrast=\"auto\">Amennyiben a r\u00e9sztvev\u0151k teljes sz\u00e1ma nem oszthat\u00f3 11-gyel, az a legk\u00f6zelebbi, 11-gyel oszthat\u00f3 sz\u00e1mra kerek\u00edt\u00e9sre ker\u00fcl lefel\u00e9.<\/span><span data-ccp-props=\"{}\">\u00a0<\/span><\/p>\n<p><span data-contrast=\"auto\">A r\u00e9sztvev\u0151ket id\u0151rendben, a v\u00e1laszok bek\u00fcld\u00e9s\u00e9nek id\u0151pontja alapj\u00e1n list\u00e1zz\u00e1k.<\/span><br \/>\n<span data-contrast=\"auto\">A fenti poz\u00edci\u00f3kon szerepl\u0151 r\u00e9sztvev\u0151k a nyertesek. A szervez\u0151 a nyerem\u00e9nyj\u00e1t\u00e9k egyes fordul\u00f3inak lez\u00e1r\u00e1sa ut\u00e1n legk\u00e9s\u0151bb \u00f6t napon bel\u00fcl e-mailben \u00e9rtes\u00edti a nyerteseket a regisztr\u00e1ci\u00f3 sor\u00e1n megadott c\u00edmen, \u00e9s k\u00e9ri a nyerem\u00e9ny \u00e1tad\u00e1s\u00e1hoz vagy post\u00e1z\u00e1s\u00e1hoz sz\u00fcks\u00e9ges adatok megad\u00e1s\u00e1t. Amennyiben a nyertes nem v\u00e1laszol \u2013 m\u00e9g ism\u00e9telt megkeres\u00e9s eset\u00e9n sem \u2013 vagy 24 \u00f3r\u00e1n bel\u00fcl nem szolg\u00e1ltatja a sz\u00fcks\u00e9ges adatokat, a nyerem\u00e9ny elveszik p\u00f3tl\u00e1si ig\u00e9ny n\u00e9lk\u00fcl.<\/span><span data-ccp-props=\"{}\">\u00a0<\/span><\/p>\n<p aria-level=\"2\"><span data-contrast=\"auto\">Nyerem\u00e9nyek le\u00edr\u00e1sa<\/span><span data-ccp-props=\"{&quot;134245418&quot;:true,&quot;134245529&quot;:true,&quot;335559738&quot;:360,&quot;335559739&quot;:120}\">\u00a0<\/span><\/p>\n<ul>\n<li aria-setsize=\"-1\" data-leveltext=\"\u25cf\" data-font=\"Arial\" data-listid=\"1\" data-list-defn-props=\"{&quot;335551500&quot;:2236962,&quot;335552541&quot;:1,&quot;335559685&quot;:720,&quot;335559991&quot;:360,&quot;469769226&quot;:&quot;Arial&quot;,&quot;469769242&quot;:[8226],&quot;469777803&quot;:&quot;left&quot;,&quot;469777804&quot;:&quot;\u25cf&quot;,&quot;469777815&quot;:&quot;multilevel&quot;}\" data-aria-posinset=\"1\" data-aria-level=\"1\"><span data-contrast=\"none\">10x \u0160koda retro-mez<\/span><span data-ccp-props=\"{&quot;335559738&quot;:200,&quot;335559739&quot;:200}\">\u00a0<\/span><\/li>\n<\/ul>\n<p><span data-contrast=\"auto\">\u00a0<\/span><span data-ccp-props=\"{}\">\u00a0<\/span><\/p>\n<p><span data-contrast=\"auto\">Az alkatr\u00e9szek el\u00e9rhet\u0151s\u00e9g\u00e9ben fell\u00e9p\u0151 k\u00e9s\u00e9sek miatt a ker\u00e9kp\u00e1rok, mint nyerem\u00e9nyek, ak\u00e1r nyolc h\u00f3nap alatt ker\u00fclhetnek kisz\u00e1ll\u00edt\u00e1sra. Ezek a k\u00e9s\u00e9sek olyan t\u00e9nyez\u0151kb\u0151l erednek, amelyek k\u00edv\u00fcl esnek a k\u00f6zvetlen befoly\u00e1sunkon, p\u00e9ld\u00e1ul alkatr\u00e9szek beszerz\u00e9si neh\u00e9zs\u00e9gei miatt.<\/span><span data-ccp-props=\"{}\">\u00a0<\/span><\/p>\n<p aria-level=\"2\"><span data-contrast=\"auto\">Szem\u00e9lyes adatok kezel\u00e9se<\/span><span data-ccp-props=\"{&quot;134245418&quot;:true,&quot;134245529&quot;:true,&quot;335559738&quot;:360,&quot;335559739&quot;:120}\">\u00a0<\/span><\/p>\n<p><span data-contrast=\"auto\">A szervez\u0151 adatkezel\u0151k\u00e9nt j\u00e1r el az \u00c1ltal\u00e1nos Adatv\u00e9delmi Rendelet (EU) 2016\/679 \u00e9rtelm\u00e9ben, \u00e9s t\u00e1j\u00e9koztatja \u00d6nt a szem\u00e9lyes adatok kezel\u00e9s\u00e9r\u0151l, valamint az \u00d6n jogair\u00f3l.<\/span><span data-ccp-props=\"{}\">\u00a0<\/span><\/p>\n<p><span data-contrast=\"auto\">Az adatkezel\u00e9s az al\u00e1bbi c\u00e9lb\u00f3l t\u00f6rt\u00e9nik:<\/span><span data-ccp-props=\"{}\">\u00a0<\/span><\/p>\n<p><span data-contrast=\"auto\">\u2013 Nyerem\u00e9nyj\u00e1t\u00e9kok szervez\u00e9se \u00e9s a tisztess\u00e9ges \u00e9rt\u00e9kel\u00e9s biztos\u00edt\u00e1sa.<\/span><span data-ccp-props=\"{}\">\u00a0<\/span><\/p>\n<p><span data-contrast=\"auto\">Az adatkezel\u00e9s jogalapja:<\/span><br \/>\n<span data-contrast=\"auto\">Az \u00d6n szem\u00e9lyes adatainak kezel\u00e9se szerz\u0151d\u00e9s teljes\u00edt\u00e9se alapj\u00e1n t\u00f6rt\u00e9nik (jelen szab\u00e1lyzat).<\/span><span data-ccp-props=\"{}\">\u00a0<\/span><\/p>\n<p><span data-contrast=\"auto\">Kezelt szem\u00e9lyes adatok k\u00f6re:<\/span><br \/>\n<span data-contrast=\"auto\">Azonos\u00edt\u00f3 adatok, el\u00e9rhet\u0151s\u00e9gi adatok, kommunik\u00e1ci\u00f3s \u00e9s interakci\u00f3s inform\u00e1ci\u00f3k.<\/span><span data-ccp-props=\"{}\">\u00a0<\/span><\/p>\n<p><span data-contrast=\"auto\">Adatmeg\u0151rz\u00e9si id\u0151:<\/span><br \/>\n<span data-contrast=\"auto\">Az adatokat a nyerem\u00e9nyj\u00e1t\u00e9k lez\u00e1r\u00e1s\u00e1t k\u00f6vet\u0151en egy \u00e9vig kezelj\u00fck.<\/span><span data-ccp-props=\"{}\">\u00a0<\/span><\/p>\n<p><span data-contrast=\"auto\">Az adatfeldolgoz\u00f3k \u00e9s c\u00edmzettek k\u00f6re:<\/span><br \/>\n<span data-contrast=\"auto\">Az adatfeldolgoz\u00f3 a MUSTARD s.r.o., Praha 1 \u2013 Nov\u00e9 M\u011bsto, Masarykovo n\u00e1b\u0159. 246, 110 00, Csehorsz\u00e1g, c\u00e9gazonos\u00edt\u00f3: 28531418.<\/span><br \/>\n<span data-contrast=\"auto\">K\u00e9r\u00e9s eset\u00e9n az \u00d6n szem\u00e9lyes adatai hat\u00f3s\u00e1gok, b\u00edr\u00f3s\u00e1gok, a Cseh Rend\u0151rs\u00e9g \u00e9s egy\u00e9b b\u0171n\u00fcld\u00f6z\u0151 szervek r\u00e9sz\u00e9re tov\u00e1bb\u00edthat\u00f3k, amennyiben ez sz\u00fcks\u00e9ges \u00e9s jogszer\u0171.<\/span><span data-ccp-props=\"{}\">\u00a0<\/span><\/p>\n<p><span data-contrast=\"auto\">Adatok forr\u00e1sa:<\/span><br \/>\n<span data-contrast=\"auto\">Az adatokat k\u00f6zvetlen\u00fcl \u00d6nt\u0151l kapjuk.<\/span><span data-ccp-props=\"{}\">\u00a0<\/span><\/p>\n<p><span data-contrast=\"auto\">Szem\u00e9lyes adatok harmadik orsz\u00e1gokba vagy nemzetk\u00f6zi szervezetekhez t\u00f6rt\u00e9n\u0151 tov\u00e1bb\u00edt\u00e1sa:<\/span><br \/>\n<span data-contrast=\"auto\">Az \u00d6n szem\u00e9lyes adatai nem ker\u00fclnek tov\u00e1bb\u00edt\u00e1sra harmadik orsz\u00e1gokba vagy nemzetk\u00f6zi szervezetekhez.<\/span><span data-ccp-props=\"{}\">\u00a0<\/span><\/p>\n<p><span data-contrast=\"auto\">Automatiz\u00e1lt d\u00f6nt\u00e9shozatal:<\/span><br \/>\n<span data-contrast=\"auto\">Az adatkezel\u00e9s sor\u00e1n automatiz\u00e1lt d\u00f6nt\u00e9shozatal nem t\u00f6rt\u00e9nik.<\/span><span data-ccp-props=\"{}\">\u00a0<\/span><\/p>\n<p><span data-contrast=\"auto\">Tov\u00e1bbi fontos inform\u00e1ci\u00f3k<\/span><span data-ccp-props=\"{}\">\u00a0<\/span><\/p>\n<p><span data-contrast=\"auto\">A szem\u00e9lyes adatok k\u00f6zc\u00e9l\u00fa archiv\u00e1l\u00e1sra, tudom\u00e1nyos, t\u00f6rt\u00e9nelmi vagy statisztikai kutat\u00e1sokhoz is felhaszn\u00e1lhat\u00f3k.<\/span><br \/>\n<span data-contrast=\"auto\">Indokolt esetben az adatok jogi \u00fcgyek megold\u00e1s\u00e1ra is kezelhet\u0151k, bele\u00e9rtve a hat\u00f3s\u00e1gokkal val\u00f3 egy\u00fcttm\u0171k\u00f6d\u00e9st \u00e9s a jogi kock\u00e1zatok folyamatos \u00e9rt\u00e9kel\u00e9s\u00e9t.<\/span><span data-ccp-props=\"{}\">\u00a0<\/span><\/p>\n<p><span data-contrast=\"auto\">Az \u00d6n jogai:<\/span><br \/>\n<span data-contrast=\"auto\">Hozz\u00e1f\u00e9r\u00e9s a kezelt adatokhoz, helytelen vagy hi\u00e1nyos adatok helyesb\u00edt\u00e9se, adatok t\u00f6rl\u00e9se jogalap hi\u00e1ny\u00e1ban vagy jogosulatlan kezel\u00e9s eset\u00e9n, az adatkezel\u00e9s korl\u00e1toz\u00e1sa, az adatok hordozhat\u00f3s\u00e1ga, valamint jog, hogy ne terhelje \u00d6nt automatiz\u00e1lt d\u00f6nt\u00e9shozatal.<\/span><span data-ccp-props=\"{}\">\u00a0<\/span><\/p>\n<p><span data-contrast=\"auto\">Jogai gyakorl\u00e1s\u00e1hoz az al\u00e1bbi el\u00e9rhet\u0151s\u00e9geket haszn\u00e1lhatja:<\/span><span data-ccp-props=\"{}\">\u00a0<\/span><\/p>\n<p><span data-contrast=\"auto\">\u2013 Elektronikus \u00faton:\u202f<\/span><a href=\"https:\/\/www.skoda-auto.com\/data-privacy?utm_source=chatgpt.com\"><span data-contrast=\"none\">https:\/\/www.skoda-auto.com\/data-privacy<\/span><\/a><br \/>\n<span data-contrast=\"auto\">\u2013 Postai \u00faton: \u0160koda Auto a.s., Data Protection Office, t\u0159. V\u00e1clava Klementa 869, Mlad\u00e1 Boleslav II, CZ 293 01 Mlad\u00e1 Boleslav, Csehorsz\u00e1g (angolul vagy cseh\u00fcl).<\/span><span data-ccp-props=\"{}\">\u00a0<\/span><\/p>\n<p><span data-contrast=\"auto\">Amennyiben k\u00e9rd\u00e9se van az adatv\u00e9delemmel kapcsolatban, vegye fel a kapcsolatot a \u0160koda Auto adatv\u00e9delmi tisztvisel\u0151j\u00e9vel:<\/span><br \/>\n<span data-contrast=\"auto\">\u2013\u202fdpo@skoda-auto.cz<\/span><span data-ccp-props=\"{}\">\u00a0<\/span><\/p>\n<p><span data-contrast=\"auto\">Ha nem \u00e9rt egyet azzal, ahogyan szem\u00e9lyes adatait kezelj\u00fck, panaszt tehet a \u0160koda Auto adatv\u00e9delmi tisztvisel\u0151j\u00e9n\u00e9l vagy a fel\u00fcgyeleti hat\u00f3s\u00e1gn\u00e1l:<\/span><br \/>\n<span data-contrast=\"auto\">Szem\u00e9lyes Adatok V\u00e9delm\u00e9\u00e9rt Felel\u0151s Hivatal, Pplk. Sochora 27, 170 00 Pr\u00e1ga 7, +420 234 665 111,\u202f<\/span><a href=\"https:\/\/www.uoou.cz\/en?utm_source=chatgpt.com\"><span data-contrast=\"none\">https:\/\/www.uoou.cz\/en<\/span><\/a><span data-ccp-props=\"{}\">\u00a0<\/span><\/p>\n<p aria-level=\"2\"><span data-contrast=\"auto\">Egy\u00e9b felt\u00e9telek<\/span><span data-ccp-props=\"{&quot;134245418&quot;:true,&quot;134245529&quot;:true,&quot;335559738&quot;:360,&quot;335559739&quot;:120}\">\u00a0<\/span><\/p>\n<p><span data-contrast=\"auto\">A szervez\u0151 hat\u00e1rozza meg a nyerem\u00e9nyek pontos specifik\u00e1ci\u00f3j\u00e1t.<\/span><br \/>\n<span data-contrast=\"auto\">A prom\u00f3ci\u00f3s anyagokban szerepl\u0151 \u00e1br\u00e1zol\u00e1sok kiz\u00e1r\u00f3lag illusztr\u00e1ci\u00f3k\u00e9nt szolg\u00e1lnak.<\/span><br \/>\n<span data-contrast=\"auto\">A szervez\u0151 nem v\u00e1llal felel\u0151ss\u00e9get a nyerem\u00e9ny haszn\u00e1lat\u00e1b\u00f3l ered\u0151 k\u00e1rok\u00e9rt.<\/span><span data-ccp-props=\"{}\">\u00a0<\/span><\/p>\n<p><span data-contrast=\"auto\">A r\u00e9sztvev\u0151k nem jogosultak p\u00e9nzbeli kifizet\u00e9sre vagy m\u00e1s ellenszolg\u00e1ltat\u00e1sra a nyerem\u00e9ny helyett.<\/span><br \/>\n<span data-contrast=\"auto\">A szervez\u0151 nem k\u00f6teles m\u00e1s szolg\u00e1ltat\u00e1sokat ny\u00fajtani, mint amelyek a jelen szab\u00e1lyzatban szerepelnek, \u00e9s a r\u00e9sztvev\u0151k sem jogosultak egy\u00e9b ig\u00e9nyekre.<\/span><span data-ccp-props=\"{}\">\u00a0<\/span><\/p>\n<p><span data-contrast=\"auto\">A szervez\u0151 nem v\u00e1llal felel\u0151ss\u00e9get sem k\u00f6zvetlen, sem k\u00f6zvetett k\u00e1rok\u00e9rt a nyerem\u00e9nyj\u00e1t\u00e9kban val\u00f3 r\u00e9szv\u00e9tellel kapcsolatban. A r\u00e9sztvev\u0151 tudom\u00e1sul veszi, hogy a szervez\u0151 nem v\u00e1llal felel\u0151ss\u00e9get a nyerem\u00e9nnyel kapcsolatos kock\u00e1zatok\u00e9rt vagy k\u00f6telezetts\u00e9gek\u00e9rt. A nyerem\u00e9nyj\u00e1t\u00e9k eredm\u00e9nye v\u00e9gleges, \u00e9s a r\u00e9sztvev\u0151k vagy nyertesek nem vitathatj\u00e1k. A szervez\u0151 kiz\u00e1rhatja a nyerem\u00e9nyj\u00e1t\u00e9kb\u00f3l azt a r\u00e9sztvev\u0151t, akin\u00e9l megalapozott a gyan\u00fa, hogy csal\u00e1rd m\u00f3don pr\u00f3b\u00e1lt nyerem\u00e9nyt szerezni vagy tisztess\u00e9gtelen\u00fcl j\u00e1rt el a szab\u00e1lyokkal ellent\u00e9tesen. A szervez\u0151 nem felel az elveszett \u00fczenetek\u00e9rt vagy nyerem\u00e9nyek\u00e9rt. A szervez\u0151 nem v\u00e1llal felel\u0151ss\u00e9get technikai hib\u00e1k\u00e9rt vagy kommunik\u00e1ci\u00f3s probl\u00e9m\u00e1k\u00e9rt. A szervez\u0151 v\u00e9glegesen d\u00f6nt minden panaszr\u00f3l \u00e9s kifog\u00e1sr\u00f3l.<\/span><br \/>\n<span data-contrast=\"auto\">A szervez\u0151 fenntartja a jogot, hogy k\u00e1rt\u00e9r\u00edt\u00e9s n\u00e9lk\u00fcl ler\u00f6vid\u00edtse, elhalassza, felf\u00fcggessze vagy megsz\u00fcntesse a nyerem\u00e9nyj\u00e1t\u00e9kot, illetve m\u00f3dos\u00edtsa vagy kieg\u00e9sz\u00edtse ezen szab\u00e1lyokat, a v\u00e1ltoztat\u00e1sok a fent eml\u00edtett weboldalon ker\u00fclnek k\u00f6zz\u00e9t\u00e9telre, ahol mindig a szab\u00e1lyzat \u00e9rv\u00e9nyes \u00e9s teljes v\u00e1ltozata tal\u00e1lhat\u00f3.<\/span><span data-ccp-props=\"{}\">\u00a0<\/span><\/p>\n<p><span data-contrast=\"auto\">A nyerem\u00e9nyj\u00e1t\u00e9kra a Cseh K\u00f6zt\u00e1rsas\u00e1g joga ir\u00e1nyad\u00f3.<\/span><span data-ccp-props=\"{}\">\u00a0<\/span><\/p>\n","protected":false},"excerpt":{"rendered":"<p>Ezek a szab\u00e1lyok hat\u00e1rozz\u00e1k meg a \u201e\u0160koda 130 \u00e9ves nyerem\u00e9nyj\u00e1t\u00e9k\u201d (a tov\u00e1bbiakban: \u201eNyerem\u00e9nyj\u00e1t\u00e9k\u201d) felt\u00e9teleit, \u00e9s ez az egyetlen dokumentum, amely [&hellip;]<\/p>\n","protected":false},"author":199,"featured_media":0,"parent":19277,"menu_order":0,"comment_status":"closed","ping_status":"closed","template":"templates\/template-empty-page-headline.php","meta":{"footnotes":""},"tags":[],"class_list":["post-19281","page","type-page","status-publish","hentry"],"yoast_head":"<!-- This site is optimized with the Yoast SEO Premium plugin v25.3 (Yoast SEO v25.9) - https:\/\/yoast.com\/wordpress\/plugins\/seo\/ -->\n<title>Terms - \u0160koda We Love Cycling - Magyarorsz\u00e1g<\/title>\n<meta name=\"robots\" content=\"index, follow, max-snippet:-1, max-image-preview:large, max-video-preview:-1\" \/>\n<link rel=\"canonical\" href=\"https:\/\/www.welovecycling.com\/hu\/130-anniversary\/terms\/\" \/>\n<meta property=\"og:locale\" content=\"hu_HU\" \/>\n<meta property=\"og:type\" content=\"article\" \/>\n<meta property=\"og:title\" content=\"Terms\" \/>\n<meta property=\"og:description\" content=\"Ezek a szab\u00e1lyok hat\u00e1rozz\u00e1k meg a \u201e\u0160koda 130 \u00e9ves nyerem\u00e9nyj\u00e1t\u00e9k\u201d (a tov\u00e1bbiakban: \u201eNyerem\u00e9nyj\u00e1t\u00e9k\u201d) felt\u00e9teleit, \u00e9s ez az egyetlen dokumentum, amely [&hellip;]\" \/>\n<meta property=\"og:url\" content=\"https:\/\/www.welovecycling.com\/hu\/130-anniversary\/terms\/\" \/>\n<meta property=\"og:site_name\" content=\"\u0160koda We Love Cycling - Magyarorsz\u00e1g\" \/>\n<meta property=\"article:publisher\" content=\"https:\/\/www.facebook.com\/WeLoveCyclingHungary\/\" \/>\n<meta property=\"article:modified_time\" content=\"2025-10-01T07:05:41+00:00\" \/>\n<meta name=\"twitter:card\" content=\"summary_large_image\" \/>\n<meta name=\"twitter:label1\" content=\"Est. reading time\" \/>\n\t<meta name=\"twitter:data1\" content=\"8 minutes\" \/>\n<script type=\"application\/ld+json\" class=\"yoast-schema-graph\">{\"@context\":\"https:\/\/schema.org\",\"@graph\":[{\"@type\":\"WebPage\",\"@id\":\"https:\/\/www.welovecycling.com\/hu\/130-anniversary\/terms\/\",\"url\":\"https:\/\/www.welovecycling.com\/hu\/130-anniversary\/terms\/\",\"name\":\"Terms - \u0160koda We Love Cycling - Magyarorsz\u00e1g\",\"isPartOf\":{\"@id\":\"https:\/\/www.welovecycling.com\/hu\/#website\"},\"datePublished\":\"2025-09-03T07:11:13+00:00\",\"dateModified\":\"2025-10-01T07:05:41+00:00\",\"breadcrumb\":{\"@id\":\"https:\/\/www.welovecycling.com\/hu\/130-anniversary\/terms\/#breadcrumb\"},\"inLanguage\":\"hu\",\"potentialAction\":[{\"@type\":\"ReadAction\",\"target\":[\"https:\/\/www.welovecycling.com\/hu\/130-anniversary\/terms\/\"]}]},{\"@type\":\"BreadcrumbList\",\"@id\":\"https:\/\/www.welovecycling.com\/hu\/130-anniversary\/terms\/#breadcrumb\",\"itemListElement\":[{\"@type\":\"ListItem\",\"position\":1,\"name\":\"Home\",\"item\":\"https:\/\/www.welovecycling.com\/hu\/\"},{\"@type\":\"ListItem\",\"position\":2,\"name\":\"\u0160koda \u00e9s Ker\u00e9kp\u00e1roz\u00e1s\",\"item\":\"https:\/\/www.welovecycling.com\/hu\/130-anniversary\/\"},{\"@type\":\"ListItem\",\"position\":3,\"name\":\"Terms\"}]},{\"@type\":\"WebSite\",\"@id\":\"https:\/\/www.welovecycling.com\/hu\/#website\",\"url\":\"https:\/\/www.welovecycling.com\/hu\/\",\"name\":\"\u0160koda We Love Cycling - Magyarorsz\u00e1g\",\"description\":\"\u0160koda WeLoveCycling\",\"potentialAction\":[{\"@type\":\"SearchAction\",\"target\":{\"@type\":\"EntryPoint\",\"urlTemplate\":\"https:\/\/www.welovecycling.com\/hu\/?s={search_term_string}\"},\"query-input\":{\"@type\":\"PropertyValueSpecification\",\"valueRequired\":true,\"valueName\":\"search_term_string\"}}],\"inLanguage\":\"hu\"}]}<\/script>\n<!-- \/ Yoast SEO Premium plugin. -->","yoast_head_json":{"title":"Terms - \u0160koda We Love Cycling - Magyarorsz\u00e1g","robots":{"index":"index","follow":"follow","max-snippet":"max-snippet:-1","max-image-preview":"max-image-preview:large","max-video-preview":"max-video-preview:-1"},"canonical":"https:\/\/www.welovecycling.com\/hu\/130-anniversary\/terms\/","og_locale":"hu_HU","og_type":"article","og_title":"Terms","og_description":"Ezek a szab\u00e1lyok hat\u00e1rozz\u00e1k meg a \u201e\u0160koda 130 \u00e9ves nyerem\u00e9nyj\u00e1t\u00e9k\u201d (a tov\u00e1bbiakban: \u201eNyerem\u00e9nyj\u00e1t\u00e9k\u201d) felt\u00e9teleit, \u00e9s ez az egyetlen dokumentum, amely [&hellip;]","og_url":"https:\/\/www.welovecycling.com\/hu\/130-anniversary\/terms\/","og_site_name":"\u0160koda We Love Cycling - Magyarorsz\u00e1g","article_publisher":"https:\/\/www.facebook.com\/WeLoveCyclingHungary\/","article_modified_time":"2025-10-01T07:05:41+00:00","twitter_card":"summary_large_image","twitter_misc":{"Est. reading time":"8 minutes"},"schema":{"@context":"https:\/\/schema.org","@graph":[{"@type":"WebPage","@id":"https:\/\/www.welovecycling.com\/hu\/130-anniversary\/terms\/","url":"https:\/\/www.welovecycling.com\/hu\/130-anniversary\/terms\/","name":"Terms - \u0160koda We Love Cycling - Magyarorsz\u00e1g","isPartOf":{"@id":"https:\/\/www.welovecycling.com\/hu\/#website"},"datePublished":"2025-09-03T07:11:13+00:00","dateModified":"2025-10-01T07:05:41+00:00","breadcrumb":{"@id":"https:\/\/www.welovecycling.com\/hu\/130-anniversary\/terms\/#breadcrumb"},"inLanguage":"hu","potentialAction":[{"@type":"ReadAction","target":["https:\/\/www.welovecycling.com\/hu\/130-anniversary\/terms\/"]}]},{"@type":"BreadcrumbList","@id":"https:\/\/www.welovecycling.com\/hu\/130-anniversary\/terms\/#breadcrumb","itemListElement":[{"@type":"ListItem","position":1,"name":"Home","item":"https:\/\/www.welovecycling.com\/hu\/"},{"@type":"ListItem","position":2,"name":"\u0160koda \u00e9s Ker\u00e9kp\u00e1roz\u00e1s","item":"https:\/\/www.welovecycling.com\/hu\/130-anniversary\/"},{"@type":"ListItem","position":3,"name":"Terms"}]},{"@type":"WebSite","@id":"https:\/\/www.welovecycling.com\/hu\/#website","url":"https:\/\/www.welovecycling.com\/hu\/","name":"\u0160koda We Love Cycling - Magyarorsz\u00e1g","description":"\u0160koda WeLoveCycling","potentialAction":[{"@type":"SearchAction","target":{"@type":"EntryPoint","urlTemplate":"https:\/\/www.welovecycling.com\/hu\/?s={search_term_string}"},"query-input":{"@type":"PropertyValueSpecification","valueRequired":true,"valueName":"search_term_string"}}],"inLanguage":"hu"}]}},"_links":{"self":[{"href":"https:\/\/www.welovecycling.com\/hu\/wp-json\/wp\/v2\/pages\/19281","targetHints":{"allow":["GET"]}}],"collection":[{"href":"https:\/\/www.welovecycling.com\/hu\/wp-json\/wp\/v2\/pages"}],"about":[{"href":"https:\/\/www.welovecycling.com\/hu\/wp-json\/wp\/v2\/types\/page"}],"author":[{"embeddable":true,"href":"https:\/\/www.welovecycling.com\/hu\/wp-json\/wp\/v2\/users\/199"}],"replies":[{"embeddable":true,"href":"https:\/\/www.welovecycling.com\/hu\/wp-json\/wp\/v2\/comments?post=19281"}],"version-history":[{"count":3,"href":"https:\/\/www.welovecycling.com\/hu\/wp-json\/wp\/v2\/pages\/19281\/revisions"}],"predecessor-version":[{"id":19284,"href":"https:\/\/www.welovecycling.com\/hu\/wp-json\/wp\/v2\/pages\/19281\/revisions\/19284"}],"up":[{"embeddable":true,"href":"https:\/\/www.welovecycling.com\/hu\/wp-json\/wp\/v2\/pages\/19277"}],"wp:attachment":[{"href":"https:\/\/www.welovecycling.com\/hu\/wp-json\/wp\/v2\/media?parent=19281"}],"wp:term":[{"taxonomy":"post_tag","embeddable":true,"href":"https:\/\/www.welovecycling.com\/hu\/wp-json\/wp\/v2\/tags?post=19281"}],"curies":[{"name":"wp","href":"https:\/\/api.w.org\/{rel}","templated":true}]}}