{"id":19277,"date":"2025-09-03T09:10:17","date_gmt":"2025-09-03T07:10:17","guid":{"rendered":"https:\/\/www.welovecycling.com\/hu\/?page_id=19277"},"modified":"2026-01-07T11:57:15","modified_gmt":"2026-01-07T09:57:15","slug":"130-anniversary","status":"publish","type":"page","link":"https:\/\/www.welovecycling.com\/hu\/130-anniversary\/","title":{"rendered":"\u0160koda \u00e9s Ker\u00e9kp\u00e1roz\u00e1s"},"content":{"rendered":"","protected":false},"excerpt":{"rendered":"","protected":false},"author":199,"featured_media":19289,"parent":0,"menu_order":0,"comment_status":"closed","ping_status":"closed","template":"\/var\/www\/html\/web\/app\/plugins\/avenga-130-years\/templates\/template-hijack.php","meta":{"footnotes":""},"tags":[],"class_list":["post-19277","page","type-page","status-publish","has-post-thumbnail","hentry"],"yoast_head":"<!-- This site is optimized with the Yoast SEO Premium plugin v25.3 (Yoast SEO v25.9) - https:\/\/yoast.com\/wordpress\/plugins\/seo\/ -->\n<title>\u0160koda \u00e9s Ker\u00e9kp\u00e1roz\u00e1s - \u0160koda We Love Cycling - Magyarorsz\u00e1g<\/title>\n<meta name=\"description\" content=\"\u0160koda ker\u00e9kp\u00e1ros t\u00f6rt\u00e9nete: fedezze fel, hogyan form\u00e1lt\u00e1k a ker\u00e9kp\u00e1rok a m\u00e1rk\u00e1t, az ikonikus Slavia ker\u00e9kp\u00e1rt\u00f3l a ker\u00e9kp\u00e1roz\u00e1s ir\u00e1nti tart\u00f3s elk\u00f6telezetts\u00e9gig.\" \/>\n<meta name=\"robots\" content=\"index, follow, max-snippet:-1, max-image-preview:large, max-video-preview:-1\" \/>\n<link rel=\"canonical\" href=\"https:\/\/www.welovecycling.com\/hu\/130-anniversary\/\" \/>\n<meta property=\"og:locale\" content=\"hu_HU\" \/>\n<meta property=\"og:type\" content=\"article\" \/>\n<meta property=\"og:title\" content=\"\u0160koda \u00e9s Ker\u00e9kp\u00e1roz\u00e1s\" \/>\n<meta property=\"og:description\" content=\"\u0160koda ker\u00e9kp\u00e1ros t\u00f6rt\u00e9nete: fedezze fel, hogyan form\u00e1lt\u00e1k a ker\u00e9kp\u00e1rok a m\u00e1rk\u00e1t, az ikonikus Slavia ker\u00e9kp\u00e1rt\u00f3l a ker\u00e9kp\u00e1roz\u00e1s ir\u00e1nti tart\u00f3s elk\u00f6telezetts\u00e9gig.\" \/>\n<meta property=\"og:url\" content=\"https:\/\/www.welovecycling.com\/hu\/130-anniversary\/\" \/>\n<meta property=\"og:site_name\" content=\"\u0160koda We Love Cycling - Magyarorsz\u00e1g\" \/>\n<meta property=\"article:publisher\" content=\"https:\/\/www.facebook.com\/WeLoveCyclingHungary\/\" \/>\n<meta property=\"article:modified_time\" content=\"2026-01-07T09:57:15+00:00\" \/>\n<meta property=\"og:image\" content=\"https:\/\/d2p6e6u75xmxt8.cloudfront.net\/12\/2025\/09\/social-130.webp\" \/>\n\t<meta property=\"og:image:width\" content=\"1390\" \/>\n\t<meta property=\"og:image:height\" content=\"744\" \/>\n\t<meta property=\"og:image:type\" content=\"image\/webp\" \/>\n<meta name=\"twitter:card\" content=\"summary_large_image\" \/>\n<script type=\"application\/ld+json\" class=\"yoast-schema-graph\">{\"@context\":\"https:\/\/schema.org\",\"@graph\":[{\"@type\":\"WebPage\",\"@id\":\"https:\/\/www.welovecycling.com\/hu\/130-anniversary\/\",\"url\":\"https:\/\/www.welovecycling.com\/hu\/130-anniversary\/\",\"name\":\"\u0160koda \u00e9s Ker\u00e9kp\u00e1roz\u00e1s - \u0160koda We Love Cycling - Magyarorsz\u00e1g\",\"isPartOf\":{\"@id\":\"https:\/\/www.welovecycling.com\/hu\/#website\"},\"primaryImageOfPage\":{\"@id\":\"https:\/\/www.welovecycling.com\/hu\/130-anniversary\/#primaryimage\"},\"image\":{\"@id\":\"https:\/\/www.welovecycling.com\/hu\/130-anniversary\/#primaryimage\"},\"thumbnailUrl\":\"https:\/\/d2p6e6u75xmxt8.cloudfront.net\/12\/2025\/09\/social-130.webp\",\"datePublished\":\"2025-09-03T07:10:17+00:00\",\"dateModified\":\"2026-01-07T09:57:15+00:00\",\"description\":\"\u0160koda ker\u00e9kp\u00e1ros t\u00f6rt\u00e9nete: fedezze fel, hogyan form\u00e1lt\u00e1k a ker\u00e9kp\u00e1rok a m\u00e1rk\u00e1t, az ikonikus Slavia ker\u00e9kp\u00e1rt\u00f3l a ker\u00e9kp\u00e1roz\u00e1s ir\u00e1nti tart\u00f3s elk\u00f6telezetts\u00e9gig.\",\"breadcrumb\":{\"@id\":\"https:\/\/www.welovecycling.com\/hu\/130-anniversary\/#breadcrumb\"},\"inLanguage\":\"hu\",\"potentialAction\":[{\"@type\":\"ReadAction\",\"target\":[\"https:\/\/www.welovecycling.com\/hu\/130-anniversary\/\"]}]},{\"@type\":\"ImageObject\",\"inLanguage\":\"hu\",\"@id\":\"https:\/\/www.welovecycling.com\/hu\/130-anniversary\/#primaryimage\",\"url\":\"https:\/\/d2p6e6u75xmxt8.cloudfront.net\/12\/2025\/09\/social-130.webp\",\"contentUrl\":\"https:\/\/d2p6e6u75xmxt8.cloudfront.net\/12\/2025\/09\/social-130.webp\",\"width\":1390,\"height\":744},{\"@type\":\"BreadcrumbList\",\"@id\":\"https:\/\/www.welovecycling.com\/hu\/130-anniversary\/#breadcrumb\",\"itemListElement\":[{\"@type\":\"ListItem\",\"position\":1,\"name\":\"Home\",\"item\":\"https:\/\/www.welovecycling.com\/hu\/\"},{\"@type\":\"ListItem\",\"position\":2,\"name\":\"\u0160koda \u00e9s Ker\u00e9kp\u00e1roz\u00e1s\"}]},{\"@type\":\"WebSite\",\"@id\":\"https:\/\/www.welovecycling.com\/hu\/#website\",\"url\":\"https:\/\/www.welovecycling.com\/hu\/\",\"name\":\"\u0160koda We Love Cycling - Magyarorsz\u00e1g\",\"description\":\"\u0160koda WeLoveCycling\",\"potentialAction\":[{\"@type\":\"SearchAction\",\"target\":{\"@type\":\"EntryPoint\",\"urlTemplate\":\"https:\/\/www.welovecycling.com\/hu\/?s={search_term_string}\"},\"query-input\":{\"@type\":\"PropertyValueSpecification\",\"valueRequired\":true,\"valueName\":\"search_term_string\"}}],\"inLanguage\":\"hu\"}]}<\/script>\n<!-- \/ Yoast SEO Premium plugin. -->","yoast_head_json":{"title":"\u0160koda \u00e9s Ker\u00e9kp\u00e1roz\u00e1s - \u0160koda We Love Cycling - Magyarorsz\u00e1g","description":"\u0160koda ker\u00e9kp\u00e1ros t\u00f6rt\u00e9nete: fedezze fel, hogyan form\u00e1lt\u00e1k a ker\u00e9kp\u00e1rok a m\u00e1rk\u00e1t, az ikonikus Slavia ker\u00e9kp\u00e1rt\u00f3l a ker\u00e9kp\u00e1roz\u00e1s ir\u00e1nti tart\u00f3s elk\u00f6telezetts\u00e9gig.","robots":{"index":"index","follow":"follow","max-snippet":"max-snippet:-1","max-image-preview":"max-image-preview:large","max-video-preview":"max-video-preview:-1"},"canonical":"https:\/\/www.welovecycling.com\/hu\/130-anniversary\/","og_locale":"hu_HU","og_type":"article","og_title":"\u0160koda \u00e9s Ker\u00e9kp\u00e1roz\u00e1s","og_description":"\u0160koda ker\u00e9kp\u00e1ros t\u00f6rt\u00e9nete: fedezze fel, hogyan form\u00e1lt\u00e1k a ker\u00e9kp\u00e1rok a m\u00e1rk\u00e1t, az ikonikus Slavia ker\u00e9kp\u00e1rt\u00f3l a ker\u00e9kp\u00e1roz\u00e1s ir\u00e1nti tart\u00f3s elk\u00f6telezetts\u00e9gig.","og_url":"https:\/\/www.welovecycling.com\/hu\/130-anniversary\/","og_site_name":"\u0160koda We Love Cycling - Magyarorsz\u00e1g","article_publisher":"https:\/\/www.facebook.com\/WeLoveCyclingHungary\/","article_modified_time":"2026-01-07T09:57:15+00:00","og_image":[{"width":1390,"height":744,"url":"https:\/\/d2p6e6u75xmxt8.cloudfront.net\/12\/2025\/09\/social-130.webp","type":"image\/webp"}],"twitter_card":"summary_large_image","schema":{"@context":"https:\/\/schema.org","@graph":[{"@type":"WebPage","@id":"https:\/\/www.welovecycling.com\/hu\/130-anniversary\/","url":"https:\/\/www.welovecycling.com\/hu\/130-anniversary\/","name":"\u0160koda \u00e9s Ker\u00e9kp\u00e1roz\u00e1s - \u0160koda We Love Cycling - Magyarorsz\u00e1g","isPartOf":{"@id":"https:\/\/www.welovecycling.com\/hu\/#website"},"primaryImageOfPage":{"@id":"https:\/\/www.welovecycling.com\/hu\/130-anniversary\/#primaryimage"},"image":{"@id":"https:\/\/www.welovecycling.com\/hu\/130-anniversary\/#primaryimage"},"thumbnailUrl":"https:\/\/d2p6e6u75xmxt8.cloudfront.net\/12\/2025\/09\/social-130.webp","datePublished":"2025-09-03T07:10:17+00:00","dateModified":"2026-01-07T09:57:15+00:00","description":"\u0160koda ker\u00e9kp\u00e1ros t\u00f6rt\u00e9nete: fedezze fel, hogyan form\u00e1lt\u00e1k a ker\u00e9kp\u00e1rok a m\u00e1rk\u00e1t, az ikonikus Slavia ker\u00e9kp\u00e1rt\u00f3l a ker\u00e9kp\u00e1roz\u00e1s ir\u00e1nti tart\u00f3s elk\u00f6telezetts\u00e9gig.","breadcrumb":{"@id":"https:\/\/www.welovecycling.com\/hu\/130-anniversary\/#breadcrumb"},"inLanguage":"hu","potentialAction":[{"@type":"ReadAction","target":["https:\/\/www.welovecycling.com\/hu\/130-anniversary\/"]}]},{"@type":"ImageObject","inLanguage":"hu","@id":"https:\/\/www.welovecycling.com\/hu\/130-anniversary\/#primaryimage","url":"https:\/\/d2p6e6u75xmxt8.cloudfront.net\/12\/2025\/09\/social-130.webp","contentUrl":"https:\/\/d2p6e6u75xmxt8.cloudfront.net\/12\/2025\/09\/social-130.webp","width":1390,"height":744},{"@type":"BreadcrumbList","@id":"https:\/\/www.welovecycling.com\/hu\/130-anniversary\/#breadcrumb","itemListElement":[{"@type":"ListItem","position":1,"name":"Home","item":"https:\/\/www.welovecycling.com\/hu\/"},{"@type":"ListItem","position":2,"name":"\u0160koda \u00e9s Ker\u00e9kp\u00e1roz\u00e1s"}]},{"@type":"WebSite","@id":"https:\/\/www.welovecycling.com\/hu\/#website","url":"https:\/\/www.welovecycling.com\/hu\/","name":"\u0160koda We Love Cycling - Magyarorsz\u00e1g","description":"\u0160koda WeLoveCycling","potentialAction":[{"@type":"SearchAction","target":{"@type":"EntryPoint","urlTemplate":"https:\/\/www.welovecycling.com\/hu\/?s={search_term_string}"},"query-input":{"@type":"PropertyValueSpecification","valueRequired":true,"valueName":"search_term_string"}}],"inLanguage":"hu"}]}},"_links":{"self":[{"href":"https:\/\/www.welovecycling.com\/hu\/wp-json\/wp\/v2\/pages\/19277","targetHints":{"allow":["GET"]}}],"collection":[{"href":"https:\/\/www.welovecycling.com\/hu\/wp-json\/wp\/v2\/pages"}],"about":[{"href":"https:\/\/www.welovecycling.com\/hu\/wp-json\/wp\/v2\/types\/page"}],"author":[{"embeddable":true,"href":"https:\/\/www.welovecycling.com\/hu\/wp-json\/wp\/v2\/users\/199"}],"replies":[{"embeddable":true,"href":"https:\/\/www.welovecycling.com\/hu\/wp-json\/wp\/v2\/comments?post=19277"}],"version-history":[{"count":2,"href":"https:\/\/www.welovecycling.com\/hu\/wp-json\/wp\/v2\/pages\/19277\/revisions"}],"predecessor-version":[{"id":19434,"href":"https:\/\/www.welovecycling.com\/hu\/wp-json\/wp\/v2\/pages\/19277\/revisions\/19434"}],"wp:featuredmedia":[{"embeddable":true,"href":"https:\/\/www.welovecycling.com\/hu\/wp-json\/wp\/v2\/media\/19289"}],"wp:attachment":[{"href":"https:\/\/www.welovecycling.com\/hu\/wp-json\/wp\/v2\/media?parent=19277"}],"wp:term":[{"taxonomy":"post_tag","embeddable":true,"href":"https:\/\/www.welovecycling.com\/hu\/wp-json\/wp\/v2\/tags?post=19277"}],"curies":[{"name":"wp","href":"https:\/\/api.w.org\/{rel}","templated":true}]}}