{"id":19208,"date":"2025-08-12T12:26:07","date_gmt":"2025-08-12T10:26:07","guid":{"rendered":"https:\/\/www.welovecycling.com\/hu\/?page_id=19208"},"modified":"2025-08-15T16:23:02","modified_gmt":"2025-08-15T14:23:02","slug":"terms","status":"publish","type":"page","link":"https:\/\/www.welovecycling.com\/hu\/la-vuelta-2025\/terms\/","title":{"rendered":"R\u00e9szv\u00e9teli felt\u00e9teleket"},"content":{"rendered":"<p><strong>Ezek a szab\u00e1lyok a \u201e2025-\u00f6s La Vuelta Verseny\u201d (a tov\u00e1bbiakban: \u201eVerseny\u201d) felt\u00e9teleit szab\u00e1lyozz\u00e1k, \u00e9s ez az egyetlen dokumentum, amely teljes k\u00f6r\u0171en \u00e9s k\u00f6telez\u0151 jelleggel szab\u00e1lyozza a verseny szab\u00e1lyait.<\/strong><\/p>\n<p><strong>A verseny h\u00e1zigazd\u00e1ja \u00e9s szervez\u0151je<\/strong><br \/>\nA verseny h\u00e1zigazd\u00e1ja a \u0160koda Auto a.s., egy r\u00e9szv\u00e9nyt\u00e1rsas\u00e1g, amelynek sz\u00e9khelye: t\u0159. V\u00e1clava Klementa 869, 293 01 Mlad\u00e1 Boleslav, Cseh K\u00f6zt\u00e1rsas\u00e1g, c\u00e9gjegyz\u00e9ksz\u00e1ma: 00177041, a Pr\u00e1gai V\u00e1rosi B\u00edr\u00f3s\u00e1g \u00e1ltal vezetett c\u00e9gjegyz\u00e9kben szerepel, B szekci\u00f3, 332. t\u00e9tel (a tov\u00e1bbiakban: \u201eH\u00e1zigazda\u201d).<br \/>\nA verseny lebonyol\u00edt\u00e1s\u00e1\u00e9rt felel\u0151s szervez\u0151 a MUSTARD s.r.o., sz\u00e9khelye: Praha 1 \u2013 Nov\u00e9 M\u011bsto, Masarykovo n\u00e1b\u0159. 246, 110 00, Cseh K\u00f6zt\u00e1rsas\u00e1g, c\u00e9gjegyz\u00e9ksz\u00e1ma: 28531418, a Pr\u00e1gai V\u00e1rosi B\u00edr\u00f3s\u00e1g \u00e1ltal vezetett c\u00e9gjegyz\u00e9k C szekci\u00f3j\u00e1ban, 148383 t\u00e9telsz\u00e1m alatt bejegyezve (a tov\u00e1bbiakban: \u201eSzervez\u0151\u201d).<\/p>\n<p><strong>A verseny id\u0151tartama \u00e9s helysz\u00edne, fordul\u00f3k<\/strong><br \/>\n\u25cf versenyfordul\u00f3 \u2013 2025.08.23. 00:01 (CET) \u2013 2025.09.14. 23:59 (CET)<\/p>\n<p>A verseny a <a href=\"http:\/\/www.welovecycling.com\">www.welovecycling.com<\/a> weboldalon (a tov\u00e1bbiakban: \u201eVersenyoldal\u201d) zajlik, ahol a kommunik\u00e1ci\u00f3 a r\u00e9sztvev\u0151kkel t\u00f6rt\u00e9nik.<\/p>\n<p><strong>A versenyben val\u00f3 r\u00e9szv\u00e9tel<\/strong><br \/>\nA versenyben minden 18. \u00e9let\u00e9v\u00e9t bet\u00f6lt\u00f6tt, a versenyben r\u00e9szt vev\u0151 orsz\u00e1gok egyik\u00e9ben \u00e1lland\u00f3 lakhellyel rendelkez\u0151 term\u00e9szetes szem\u00e9ly r\u00e9szt vehet. A verseny a k\u00f6vetkez\u0151 orsz\u00e1gokban zajlik: ANDORRA, AUSZTR\u00c1LIA, AUSZTRIA, BELGIUM, BOSZNIA, BULG\u00c1RIA, HORV\u00c1TORSZ\u00c1G, CSEH K\u00d6ZT\u00c1RSAS\u00c1G, D\u00c1NIA, \u00c9SZTORSZ\u00c1G, FINNORSZ\u00c1G, FRANCIAORSZ\u00c1G, N\u00c9METORSZ\u00c1G, NAGY-BRITANNIA, G\u00d6R\u00d6GORSZ\u00c1G, MAGYARORSZ\u00c1G, IZLAND, \u00cdRORSZ\u00c1G, OLASZORSZ\u00c1G, LETTORSZ\u00c1G, LIECHTENSTEIN, LITV\u00c1NIA, LUXEMBURG, MONTENEGR\u00d3, HOLLANDIA, NORV\u00c9GIA, LENGYELORSZ\u00c1G, PORTUG\u00c1LIA, ROM\u00c1NIA, SZERBIA, SZLOV\u00c1KIA, SZLOV\u00c9NIA, SPANYOLORSZ\u00c1G, SV\u00c9DORSZ\u00c1G, SV\u00c1JC, UKRAJNA.<br \/>\nA r\u00e9szv\u00e9telhez regisztr\u00e1ci\u00f3 sz\u00fcks\u00e9ges a Versenyoldalon, valamint a szab\u00e1lyzat felt\u00e9tel n\u00e9lk\u00fcli elfogad\u00e1sa. A regisztr\u00e1ci\u00f3 (jelentkez\u00e9si \u0171rlap) sor\u00e1n meg kell adni az e-mail c\u00edmet, amely kiz\u00e1r\u00f3lag a verseny c\u00e9lj\u00e1ra ker\u00fcl felhaszn\u00e1l\u00e1sra.<br \/>\nEgy r\u00e9sztvev\u0151 csak egyszer \u00e9s kiz\u00e1r\u00f3lag a saj\u00e1t e-mail c\u00edm\u00e9vel regisztr\u00e1lhat. A H\u00e1zigazda fenntartja a jogot, hogy technikai \u00e9s szervezeti eszk\u00f6z\u00f6kkel ellen\u0151rizze e szab\u00e1ly betart\u00e1s\u00e1t.<br \/>\nA versenyb\u0151l kiz\u00e1rtak azok, akik a verseny el\u0151k\u00e9sz\u00edt\u00e9s\u00e9ben r\u00e9szt vettek, k\u00fcl\u00f6n\u00f6sen a H\u00e1zigazda vagy a Szervez\u0151 alkalmazottai, tov\u00e1bb\u00e1 a \u0160koda partnerek vagy az e verseny lebonyol\u00edt\u00e1s\u00e1val megb\u00edzott \u00fcgyn\u00f6ks\u00e9gek munkat\u00e1rsai, illetve ezek k\u00f6zeli hozz\u00e1tartoz\u00f3i.<\/p>\n<p><strong>A verseny menete \u00e9s a nyertesek kiv\u00e1laszt\u00e1sa<\/strong><br \/>\nA r\u00e9sztvev\u0151k feladata h\u00e1rom versenyk\u00e9rd\u00e9s megv\u00e1laszol\u00e1sa. Mindenki, aki mindh\u00e1rom k\u00e9rd\u00e9sre helyesen v\u00e1laszol, \u00e9s regisztr\u00e1lt a We Love Cycling weboldalon, es\u00e9lyt kap a nyerem\u00e9ny megnyer\u00e9s\u00e9re.<br \/>\nA nyertesek azok a r\u00e9sztvev\u0151k lesznek, akik helyes v\u00e1laszaik alapj\u00e1n a r\u00e9sztvev\u0151k list\u00e1j\u00e1n a k\u00f6vetkez\u0151 poz\u00edci\u00f3k valamelyik\u00e9n szerepelnek: 1\/17, 2\/17, 3\/17 \u2026 eg\u00e9szen 13\/17-ig. Ha a r\u00e9sztvev\u0151k sz\u00e1ma nem oszthat\u00f3 17-tel, akkor lefel\u00e9 kerek\u00edtj\u00fck a legk\u00f6zelebbi oszthat\u00f3 eg\u00e9sz sz\u00e1mra.<br \/>\nA v\u00e1laszok be\u00e9rkez\u00e9s\u00e9nek id\u0151pontja alapj\u00e1n kronol\u00f3giai sorrendben ker\u00fclnek rangsorol\u00e1sra. A fentiekben eml\u00edtett poz\u00edci\u00f3kon szerepl\u0151 szem\u00e9lyek lesznek a nyertesek.<br \/>\nA H\u00e1zigazda az eredm\u00e9nyek kihirdet\u00e9s\u00e9t k\u00f6vet\u0151en \u00f6t napon bel\u00fcl kapcsolatba l\u00e9p a nyertesekkel a regisztr\u00e1ci\u00f3 sor\u00e1n megadott e-mail c\u00edmen, \u00e9s bek\u00e9ri az aj\u00e1nd\u00e9kok \u00e1tad\u00e1s\u00e1hoz sz\u00fcks\u00e9ges adatokat. Amennyiben a nyertes nem v\u00e1laszol (ism\u00e9telt megkeres\u00e9s ut\u00e1n sem), vagy nem adja meg az adatokat 24 \u00f3r\u00e1n bel\u00fcl, elvesz\u00edti a nyerem\u00e9nyt minden k\u00e1rt\u00e9r\u00edt\u00e9s n\u00e9lk\u00fcl.<\/p>\n<p><strong>Nyerem\u00e9nyek le\u00edr\u00e1sa<\/strong><br \/>\n\u25cf 1x pr\u00e9mium \u0160koda gravel ker\u00e9kp\u00e1r<br \/>\n\u25cf 2x kalandt\u00far\u00e1hoz val\u00f3 bikepacking szett<br \/>\n\u25cf 10x \u0160koda La Vuelta z\u00f6ld trik\u00f3<\/p>\n<p>Az alkatr\u00e9szek el\u00e9rhet\u0151s\u00e9g\u00e9nek esetleges k\u00e9sedelmei miatt a ker\u00e9kp\u00e1rok kisz\u00e1ll\u00edt\u00e1sa ak\u00e1r 8 h\u00f3napot is ig\u00e9nybe vehet. A k\u00e9sedelem rajtunk k\u00edv\u00fcl \u00e1ll\u00f3 okok miatt fordulhat el\u0151.<\/p>\n<p><strong>Szem\u00e9lyes adatok kezel\u00e9se<\/strong><br \/>\nA H\u00e1zigazda, mint adatkezel\u0151, az (EU) 2016\/679 rendelet (GDPR) \u00e9rtelm\u00e9ben az al\u00e1bbi t\u00e1j\u00e9koztat\u00e1st ny\u00fajtja:<\/p>\n<p>\u2013 Adatkezel\u00e9s c\u00e9lja: verseny lebonyol\u00edt\u00e1sa, szavaz\u00e1s tisztas\u00e1g\u00e1nak biztos\u00edt\u00e1sa<br \/>\n\u2013 Jogi alap: a jelen versenyszab\u00e1lyzatban foglalt szerz\u0151d\u00e9s teljes\u00edt\u00e9se<br \/>\n\u2013 Kezelt adatok k\u00f6re: azonos\u00edt\u00f3 adatok, el\u00e9rhet\u0151s\u00e9gek, kommunik\u00e1ci\u00f3s\/interakci\u00f3s inform\u00e1ci\u00f3k<br \/>\n\u2013 Adatkezel\u00e9s id\u0151tartama: a verseny befejez\u00e9s\u00e9t\u0151l sz\u00e1m\u00edtott 1 \u00e9v<br \/>\n\u2013 Adatkezel\u00e9sben r\u00e9sztvev\u0151k: Szervez\u0151 \u2013 MUSTARD s.r.o.; hat\u00f3s\u00e1gok k\u00e9r\u00e9sre (b\u00edr\u00f3s\u00e1g, rend\u0151rs\u00e9g stb.)<br \/>\n\u2013 Adatok forr\u00e1sa: k\u00f6zvetlen\u00fcl a r\u00e9sztvev\u0151t\u0151l<br \/>\n\u2013 Adattov\u00e1bb\u00edt\u00e1s harmadik orsz\u00e1gba: nem t\u00f6rt\u00e9nik<br \/>\n\u2013 Automatiz\u00e1lt d\u00f6nt\u00e9shozatal: nem t\u00f6rt\u00e9nik<br \/>\n\u2013 Tov\u00e1bbi felhaszn\u00e1l\u00e1s: archiv\u00e1l\u00e1s, tudom\u00e1nyos, t\u00f6rt\u00e9nelmi vagy statisztikai kutat\u00e1s c\u00e9lj\u00e1ra<br \/>\n\u2013 \u00c9rintetti jogok: hozz\u00e1f\u00e9r\u00e9s, helyesb\u00edt\u00e9s, t\u00f6rl\u00e9s, korl\u00e1toz\u00e1s, hordozhat\u00f3s\u00e1g, tiltakoz\u00e1s<br \/>\n\u2013 Jogok \u00e9rv\u00e9nyes\u00edt\u00e9se:<br \/>\n\u2013 Online: <a href=\"https:\/\/www.skoda-auto.com\/data-privacy\">https:\/\/www.skoda-auto.com\/data-privacy<\/a><br \/>\n\u2013 Postai \u00faton: \u0160koda Auto a.s., Data Protection Office, t\u0159. V\u00e1clava Klementa 869, 293 01 Mlad\u00e1 Boleslav<br \/>\n\u2013 Kapcsolat az adatv\u00e9delmi tisztvisel\u0151vel: dpo@skoda-auto.cz<br \/>\n\u2013 Fel\u00fcgyeleti hat\u00f3s\u00e1g: Cseh Adatv\u00e9delmi Hat\u00f3s\u00e1g, Pplk. Sochora 27, 170 00 Pr\u00e1ga 7, +420 234 665 111, <a href=\"https:\/\/www.uoou.cz\">https:\/\/www.uoou.cz<\/a><\/p>\n<p><strong>Egy\u00e9b fontos felt\u00e9telek<\/strong><br \/>\nA nyerem\u00e9nyek pontos param\u00e9tereit kiz\u00e1r\u00f3lag a H\u00e1zigazda hat\u00e1rozza meg. A prom\u00f3ci\u00f3s anyagokon szerepl\u0151 k\u00e9pek csak illusztr\u00e1ci\u00f3k. A H\u00e1zigazda nem v\u00e1llal felel\u0151ss\u00e9get a nyerem\u00e9ny haszn\u00e1lat\u00e1b\u00f3l ered\u0151 k\u00e1rok\u00e9rt.<br \/>\nA r\u00e9sztvev\u0151 nem k\u00f6vetelheti a nyerem\u00e9ny p\u00e9nzbeli vagy egy\u00e9b form\u00e1ban t\u00f6rt\u00e9n\u0151 kifizet\u00e9s\u00e9t.<br \/>\nA H\u00e1zigazda nem felel semmilyen, a r\u00e9szv\u00e9tellel \u00f6sszef\u00fcgg\u0151 k\u00f6zvetlen vagy k\u00f6zvetett k\u00e1r\u00e9rt. Az eredm\u00e9nyek v\u00e9glegesek.<br \/>\nA versenyb\u0151l kiz\u00e1rhat\u00f3 az, aki csal\u00e1st vagy tisztess\u00e9gtelen magatart\u00e1st tan\u00fas\u00edt.<br \/>\nA H\u00e1zigazda nem felel az \u00fczenetek vagy nyerem\u00e9nyek k\u00e9zbes\u00edt\u00e9s\u00e9nek elmarad\u00e1s\u00e1\u00e9rt. Fenntartja a jogot a szab\u00e1lyok m\u00f3dos\u00edt\u00e1s\u00e1ra, a verseny felf\u00fcggeszt\u00e9s\u00e9re vagy t\u00f6rl\u00e9s\u00e9re, amelyr\u0151l a fent megadott weboldalon t\u00e1j\u00e9koztat.<br \/>\nA versenyre a Cseh K\u00f6zt\u00e1rsas\u00e1g joga ir\u00e1nyad\u00f3.<\/p>\n<p>&nbsp;<\/p>\n","protected":false},"excerpt":{"rendered":"<p>Ezek a szab\u00e1lyok a \u201e2025-\u00f6s La Vuelta Verseny\u201d (a tov\u00e1bbiakban: \u201eVerseny\u201d) felt\u00e9teleit szab\u00e1lyozz\u00e1k, \u00e9s ez az egyetlen dokumentum, amely teljes [&hellip;]<\/p>\n","protected":false},"author":199,"featured_media":0,"parent":19200,"menu_order":0,"comment_status":"closed","ping_status":"closed","template":"templates\/template-empty-page-headline.php","meta":{"footnotes":""},"tags":[485],"class_list":["post-19208","page","type-page","status-publish","hentry","tag-2025-la-vuelta"],"yoast_head":"<!-- This site is optimized with the Yoast SEO Premium plugin v25.3 (Yoast SEO v25.9) - https:\/\/yoast.com\/wordpress\/plugins\/seo\/ -->\n<title>R\u00e9szv\u00e9teli felt\u00e9teleket - \u0160koda We Love Cycling - Magyarorsz\u00e1g<\/title>\n<meta name=\"robots\" content=\"index, follow, max-snippet:-1, max-image-preview:large, max-video-preview:-1\" \/>\n<link rel=\"canonical\" href=\"https:\/\/www.welovecycling.com\/hu\/la-vuelta-2025\/terms\/\" \/>\n<meta property=\"og:locale\" content=\"hu_HU\" \/>\n<meta property=\"og:type\" content=\"article\" \/>\n<meta property=\"og:title\" content=\"R\u00e9szv\u00e9teli felt\u00e9teleket\" \/>\n<meta property=\"og:description\" content=\"Ezek a szab\u00e1lyok a \u201e2025-\u00f6s La Vuelta Verseny\u201d (a tov\u00e1bbiakban: \u201eVerseny\u201d) felt\u00e9teleit szab\u00e1lyozz\u00e1k, \u00e9s ez az egyetlen dokumentum, amely teljes [&hellip;]\" \/>\n<meta property=\"og:url\" content=\"https:\/\/www.welovecycling.com\/hu\/la-vuelta-2025\/terms\/\" \/>\n<meta property=\"og:site_name\" content=\"\u0160koda We Love Cycling - Magyarorsz\u00e1g\" \/>\n<meta property=\"article:publisher\" content=\"https:\/\/www.facebook.com\/WeLoveCyclingHungary\/\" \/>\n<meta property=\"article:modified_time\" content=\"2025-08-15T14:23:02+00:00\" \/>\n<meta name=\"twitter:card\" content=\"summary_large_image\" \/>\n<meta name=\"twitter:label1\" content=\"Est. reading time\" \/>\n\t<meta name=\"twitter:data1\" content=\"6 minutes\" \/>\n<script type=\"application\/ld+json\" class=\"yoast-schema-graph\">{\"@context\":\"https:\/\/schema.org\",\"@graph\":[{\"@type\":\"WebPage\",\"@id\":\"https:\/\/www.welovecycling.com\/hu\/la-vuelta-2025\/terms\/\",\"url\":\"https:\/\/www.welovecycling.com\/hu\/la-vuelta-2025\/terms\/\",\"name\":\"R\u00e9szv\u00e9teli felt\u00e9teleket - \u0160koda We Love Cycling - Magyarorsz\u00e1g\",\"isPartOf\":{\"@id\":\"https:\/\/www.welovecycling.com\/hu\/#website\"},\"datePublished\":\"2025-08-12T10:26:07+00:00\",\"dateModified\":\"2025-08-15T14:23:02+00:00\",\"breadcrumb\":{\"@id\":\"https:\/\/www.welovecycling.com\/hu\/la-vuelta-2025\/terms\/#breadcrumb\"},\"inLanguage\":\"hu\",\"potentialAction\":[{\"@type\":\"ReadAction\",\"target\":[\"https:\/\/www.welovecycling.com\/hu\/la-vuelta-2025\/terms\/\"]}]},{\"@type\":\"BreadcrumbList\",\"@id\":\"https:\/\/www.welovecycling.com\/hu\/la-vuelta-2025\/terms\/#breadcrumb\",\"itemListElement\":[{\"@type\":\"ListItem\",\"position\":1,\"name\":\"Home\",\"item\":\"https:\/\/www.welovecycling.com\/hu\/\"},{\"@type\":\"ListItem\",\"position\":2,\"name\":\"La Vuelta 2025\",\"item\":\"https:\/\/www.welovecycling.com\/hu\/la-vuelta-2025\/\"},{\"@type\":\"ListItem\",\"position\":3,\"name\":\"R\u00e9szv\u00e9teli felt\u00e9teleket\"}]},{\"@type\":\"WebSite\",\"@id\":\"https:\/\/www.welovecycling.com\/hu\/#website\",\"url\":\"https:\/\/www.welovecycling.com\/hu\/\",\"name\":\"\u0160koda We Love Cycling - Magyarorsz\u00e1g\",\"description\":\"\u0160koda WeLoveCycling\",\"potentialAction\":[{\"@type\":\"SearchAction\",\"target\":{\"@type\":\"EntryPoint\",\"urlTemplate\":\"https:\/\/www.welovecycling.com\/hu\/?s={search_term_string}\"},\"query-input\":{\"@type\":\"PropertyValueSpecification\",\"valueRequired\":true,\"valueName\":\"search_term_string\"}}],\"inLanguage\":\"hu\"}]}<\/script>\n<!-- \/ Yoast SEO Premium plugin. -->","yoast_head_json":{"title":"R\u00e9szv\u00e9teli felt\u00e9teleket - \u0160koda We Love Cycling - Magyarorsz\u00e1g","robots":{"index":"index","follow":"follow","max-snippet":"max-snippet:-1","max-image-preview":"max-image-preview:large","max-video-preview":"max-video-preview:-1"},"canonical":"https:\/\/www.welovecycling.com\/hu\/la-vuelta-2025\/terms\/","og_locale":"hu_HU","og_type":"article","og_title":"R\u00e9szv\u00e9teli felt\u00e9teleket","og_description":"Ezek a szab\u00e1lyok a \u201e2025-\u00f6s La Vuelta Verseny\u201d (a tov\u00e1bbiakban: \u201eVerseny\u201d) felt\u00e9teleit szab\u00e1lyozz\u00e1k, \u00e9s ez az egyetlen dokumentum, amely teljes [&hellip;]","og_url":"https:\/\/www.welovecycling.com\/hu\/la-vuelta-2025\/terms\/","og_site_name":"\u0160koda We Love Cycling - Magyarorsz\u00e1g","article_publisher":"https:\/\/www.facebook.com\/WeLoveCyclingHungary\/","article_modified_time":"2025-08-15T14:23:02+00:00","twitter_card":"summary_large_image","twitter_misc":{"Est. reading time":"6 minutes"},"schema":{"@context":"https:\/\/schema.org","@graph":[{"@type":"WebPage","@id":"https:\/\/www.welovecycling.com\/hu\/la-vuelta-2025\/terms\/","url":"https:\/\/www.welovecycling.com\/hu\/la-vuelta-2025\/terms\/","name":"R\u00e9szv\u00e9teli felt\u00e9teleket - \u0160koda We Love Cycling - Magyarorsz\u00e1g","isPartOf":{"@id":"https:\/\/www.welovecycling.com\/hu\/#website"},"datePublished":"2025-08-12T10:26:07+00:00","dateModified":"2025-08-15T14:23:02+00:00","breadcrumb":{"@id":"https:\/\/www.welovecycling.com\/hu\/la-vuelta-2025\/terms\/#breadcrumb"},"inLanguage":"hu","potentialAction":[{"@type":"ReadAction","target":["https:\/\/www.welovecycling.com\/hu\/la-vuelta-2025\/terms\/"]}]},{"@type":"BreadcrumbList","@id":"https:\/\/www.welovecycling.com\/hu\/la-vuelta-2025\/terms\/#breadcrumb","itemListElement":[{"@type":"ListItem","position":1,"name":"Home","item":"https:\/\/www.welovecycling.com\/hu\/"},{"@type":"ListItem","position":2,"name":"La Vuelta 2025","item":"https:\/\/www.welovecycling.com\/hu\/la-vuelta-2025\/"},{"@type":"ListItem","position":3,"name":"R\u00e9szv\u00e9teli felt\u00e9teleket"}]},{"@type":"WebSite","@id":"https:\/\/www.welovecycling.com\/hu\/#website","url":"https:\/\/www.welovecycling.com\/hu\/","name":"\u0160koda We Love Cycling - Magyarorsz\u00e1g","description":"\u0160koda WeLoveCycling","potentialAction":[{"@type":"SearchAction","target":{"@type":"EntryPoint","urlTemplate":"https:\/\/www.welovecycling.com\/hu\/?s={search_term_string}"},"query-input":{"@type":"PropertyValueSpecification","valueRequired":true,"valueName":"search_term_string"}}],"inLanguage":"hu"}]}},"_links":{"self":[{"href":"https:\/\/www.welovecycling.com\/hu\/wp-json\/wp\/v2\/pages\/19208","targetHints":{"allow":["GET"]}}],"collection":[{"href":"https:\/\/www.welovecycling.com\/hu\/wp-json\/wp\/v2\/pages"}],"about":[{"href":"https:\/\/www.welovecycling.com\/hu\/wp-json\/wp\/v2\/types\/page"}],"author":[{"embeddable":true,"href":"https:\/\/www.welovecycling.com\/hu\/wp-json\/wp\/v2\/users\/199"}],"replies":[{"embeddable":true,"href":"https:\/\/www.welovecycling.com\/hu\/wp-json\/wp\/v2\/comments?post=19208"}],"version-history":[{"count":3,"href":"https:\/\/www.welovecycling.com\/hu\/wp-json\/wp\/v2\/pages\/19208\/revisions"}],"predecessor-version":[{"id":19211,"href":"https:\/\/www.welovecycling.com\/hu\/wp-json\/wp\/v2\/pages\/19208\/revisions\/19211"}],"up":[{"embeddable":true,"href":"https:\/\/www.welovecycling.com\/hu\/wp-json\/wp\/v2\/pages\/19200"}],"wp:attachment":[{"href":"https:\/\/www.welovecycling.com\/hu\/wp-json\/wp\/v2\/media?parent=19208"}],"wp:term":[{"taxonomy":"post_tag","embeddable":true,"href":"https:\/\/www.welovecycling.com\/hu\/wp-json\/wp\/v2\/tags?post=19208"}],"curies":[{"name":"wp","href":"https:\/\/api.w.org\/{rel}","templated":true}]}}