{"id":19091,"date":"2025-06-21T10:30:08","date_gmt":"2025-06-21T08:30:08","guid":{"rendered":"https:\/\/www.welovecycling.com\/hu\/?page_id=19091"},"modified":"2025-07-04T10:07:32","modified_gmt":"2025-07-04T08:07:32","slug":"andy-schleck","status":"publish","type":"page","link":"https:\/\/www.welovecycling.com\/hu\/tour-de-france-2025\/andy-schleck\/","title":{"rendered":"Tekerj egy j\u00f3t Andy Schleckkel!"},"content":{"rendered":"","protected":false},"excerpt":{"rendered":"","protected":false},"author":169,"featured_media":0,"parent":19073,"menu_order":0,"comment_status":"closed","ping_status":"closed","template":"skoda-tour-de-france-2025-subpage.php","meta":{"footnotes":""},"tags":[],"class_list":["post-19091","page","type-page","status-publish","hentry"],"yoast_head":"<!-- This site is optimized with the Yoast SEO Premium plugin v25.3 (Yoast SEO v25.9) - https:\/\/yoast.com\/wordpress\/plugins\/seo\/ -->\n<title>Tekerj egy j\u00f3t Andy Schleckkel! - \u0160koda We Love Cycling - Magyarorsz\u00e1g<\/title>\n<meta name=\"description\" content=\"Csatlakozz hozz\u00e1nk Franciaorsz\u00e1gban egy k\u00f6z\u00f6s bring\u00e1z\u00e1sra Andy Schleckkel, \u0160koda-aj\u00e1nd\u00e9kokkal \u00e9s fantasztikus k\u00e1v\u00e9val!\" \/>\n<meta name=\"robots\" content=\"index, follow, max-snippet:-1, max-image-preview:large, max-video-preview:-1\" \/>\n<link rel=\"canonical\" href=\"https:\/\/www.welovecycling.com\/hu\/tour-de-france-2025\/andy-schleck\/\" \/>\n<meta property=\"og:locale\" content=\"hu_HU\" \/>\n<meta property=\"og:type\" content=\"article\" \/>\n<meta property=\"og:title\" content=\"Tekerj egy j\u00f3t Andy Schleckkel!\" \/>\n<meta property=\"og:description\" content=\"Csatlakozz hozz\u00e1nk Franciaorsz\u00e1gban egy k\u00f6z\u00f6s bring\u00e1z\u00e1sra Andy Schleckkel, \u0160koda-aj\u00e1nd\u00e9kokkal \u00e9s fantasztikus k\u00e1v\u00e9val!\" \/>\n<meta property=\"og:url\" content=\"https:\/\/www.welovecycling.com\/hu\/tour-de-france-2025\/andy-schleck\/\" \/>\n<meta property=\"og:site_name\" content=\"\u0160koda We Love Cycling - Magyarorsz\u00e1g\" \/>\n<meta property=\"article:publisher\" content=\"https:\/\/www.facebook.com\/WeLoveCyclingHungary\/\" \/>\n<meta property=\"article:modified_time\" content=\"2025-07-04T08:07:32+00:00\" \/>\n<meta name=\"twitter:card\" content=\"summary_large_image\" \/>\n<script type=\"application\/ld+json\" class=\"yoast-schema-graph\">{\"@context\":\"https:\/\/schema.org\",\"@graph\":[{\"@type\":\"WebPage\",\"@id\":\"https:\/\/www.welovecycling.com\/hu\/tour-de-france-2025\/andy-schleck\/\",\"url\":\"https:\/\/www.welovecycling.com\/hu\/tour-de-france-2025\/andy-schleck\/\",\"name\":\"Tekerj egy j\u00f3t Andy Schleckkel! - \u0160koda We Love Cycling - Magyarorsz\u00e1g\",\"isPartOf\":{\"@id\":\"https:\/\/www.welovecycling.com\/hu\/#website\"},\"datePublished\":\"2025-06-21T08:30:08+00:00\",\"dateModified\":\"2025-07-04T08:07:32+00:00\",\"description\":\"Csatlakozz hozz\u00e1nk Franciaorsz\u00e1gban egy k\u00f6z\u00f6s bring\u00e1z\u00e1sra Andy Schleckkel, \u0160koda-aj\u00e1nd\u00e9kokkal \u00e9s fantasztikus k\u00e1v\u00e9val!\",\"breadcrumb\":{\"@id\":\"https:\/\/www.welovecycling.com\/hu\/tour-de-france-2025\/andy-schleck\/#breadcrumb\"},\"inLanguage\":\"hu\",\"potentialAction\":[{\"@type\":\"ReadAction\",\"target\":[\"https:\/\/www.welovecycling.com\/hu\/tour-de-france-2025\/andy-schleck\/\"]}]},{\"@type\":\"BreadcrumbList\",\"@id\":\"https:\/\/www.welovecycling.com\/hu\/tour-de-france-2025\/andy-schleck\/#breadcrumb\",\"itemListElement\":[{\"@type\":\"ListItem\",\"position\":1,\"name\":\"Home\",\"item\":\"https:\/\/www.welovecycling.com\/hu\/\"},{\"@type\":\"ListItem\",\"position\":2,\"name\":\"Tour de France 2025\",\"item\":\"https:\/\/www.welovecycling.com\/hu\/tour-de-france-2025\/\"},{\"@type\":\"ListItem\",\"position\":3,\"name\":\"Tekerj egy j\u00f3t Andy Schleckkel!\"}]},{\"@type\":\"WebSite\",\"@id\":\"https:\/\/www.welovecycling.com\/hu\/#website\",\"url\":\"https:\/\/www.welovecycling.com\/hu\/\",\"name\":\"\u0160koda We Love Cycling - Magyarorsz\u00e1g\",\"description\":\"\u0160koda WeLoveCycling\",\"potentialAction\":[{\"@type\":\"SearchAction\",\"target\":{\"@type\":\"EntryPoint\",\"urlTemplate\":\"https:\/\/www.welovecycling.com\/hu\/?s={search_term_string}\"},\"query-input\":{\"@type\":\"PropertyValueSpecification\",\"valueRequired\":true,\"valueName\":\"search_term_string\"}}],\"inLanguage\":\"hu\"}]}<\/script>\n<!-- \/ Yoast SEO Premium plugin. -->","yoast_head_json":{"title":"Tekerj egy j\u00f3t Andy Schleckkel! - \u0160koda We Love Cycling - Magyarorsz\u00e1g","description":"Csatlakozz hozz\u00e1nk Franciaorsz\u00e1gban egy k\u00f6z\u00f6s bring\u00e1z\u00e1sra Andy Schleckkel, \u0160koda-aj\u00e1nd\u00e9kokkal \u00e9s fantasztikus k\u00e1v\u00e9val!","robots":{"index":"index","follow":"follow","max-snippet":"max-snippet:-1","max-image-preview":"max-image-preview:large","max-video-preview":"max-video-preview:-1"},"canonical":"https:\/\/www.welovecycling.com\/hu\/tour-de-france-2025\/andy-schleck\/","og_locale":"hu_HU","og_type":"article","og_title":"Tekerj egy j\u00f3t Andy Schleckkel!","og_description":"Csatlakozz hozz\u00e1nk Franciaorsz\u00e1gban egy k\u00f6z\u00f6s bring\u00e1z\u00e1sra Andy Schleckkel, \u0160koda-aj\u00e1nd\u00e9kokkal \u00e9s fantasztikus k\u00e1v\u00e9val!","og_url":"https:\/\/www.welovecycling.com\/hu\/tour-de-france-2025\/andy-schleck\/","og_site_name":"\u0160koda We Love Cycling - Magyarorsz\u00e1g","article_publisher":"https:\/\/www.facebook.com\/WeLoveCyclingHungary\/","article_modified_time":"2025-07-04T08:07:32+00:00","twitter_card":"summary_large_image","schema":{"@context":"https:\/\/schema.org","@graph":[{"@type":"WebPage","@id":"https:\/\/www.welovecycling.com\/hu\/tour-de-france-2025\/andy-schleck\/","url":"https:\/\/www.welovecycling.com\/hu\/tour-de-france-2025\/andy-schleck\/","name":"Tekerj egy j\u00f3t Andy Schleckkel! - \u0160koda We Love Cycling - Magyarorsz\u00e1g","isPartOf":{"@id":"https:\/\/www.welovecycling.com\/hu\/#website"},"datePublished":"2025-06-21T08:30:08+00:00","dateModified":"2025-07-04T08:07:32+00:00","description":"Csatlakozz hozz\u00e1nk Franciaorsz\u00e1gban egy k\u00f6z\u00f6s bring\u00e1z\u00e1sra Andy Schleckkel, \u0160koda-aj\u00e1nd\u00e9kokkal \u00e9s fantasztikus k\u00e1v\u00e9val!","breadcrumb":{"@id":"https:\/\/www.welovecycling.com\/hu\/tour-de-france-2025\/andy-schleck\/#breadcrumb"},"inLanguage":"hu","potentialAction":[{"@type":"ReadAction","target":["https:\/\/www.welovecycling.com\/hu\/tour-de-france-2025\/andy-schleck\/"]}]},{"@type":"BreadcrumbList","@id":"https:\/\/www.welovecycling.com\/hu\/tour-de-france-2025\/andy-schleck\/#breadcrumb","itemListElement":[{"@type":"ListItem","position":1,"name":"Home","item":"https:\/\/www.welovecycling.com\/hu\/"},{"@type":"ListItem","position":2,"name":"Tour de France 2025","item":"https:\/\/www.welovecycling.com\/hu\/tour-de-france-2025\/"},{"@type":"ListItem","position":3,"name":"Tekerj egy j\u00f3t Andy Schleckkel!"}]},{"@type":"WebSite","@id":"https:\/\/www.welovecycling.com\/hu\/#website","url":"https:\/\/www.welovecycling.com\/hu\/","name":"\u0160koda We Love Cycling - Magyarorsz\u00e1g","description":"\u0160koda WeLoveCycling","potentialAction":[{"@type":"SearchAction","target":{"@type":"EntryPoint","urlTemplate":"https:\/\/www.welovecycling.com\/hu\/?s={search_term_string}"},"query-input":{"@type":"PropertyValueSpecification","valueRequired":true,"valueName":"search_term_string"}}],"inLanguage":"hu"}]}},"_links":{"self":[{"href":"https:\/\/www.welovecycling.com\/hu\/wp-json\/wp\/v2\/pages\/19091","targetHints":{"allow":["GET"]}}],"collection":[{"href":"https:\/\/www.welovecycling.com\/hu\/wp-json\/wp\/v2\/pages"}],"about":[{"href":"https:\/\/www.welovecycling.com\/hu\/wp-json\/wp\/v2\/types\/page"}],"author":[{"embeddable":true,"href":"https:\/\/www.welovecycling.com\/hu\/wp-json\/wp\/v2\/users\/169"}],"replies":[{"embeddable":true,"href":"https:\/\/www.welovecycling.com\/hu\/wp-json\/wp\/v2\/comments?post=19091"}],"version-history":[{"count":1,"href":"https:\/\/www.welovecycling.com\/hu\/wp-json\/wp\/v2\/pages\/19091\/revisions"}],"predecessor-version":[{"id":19092,"href":"https:\/\/www.welovecycling.com\/hu\/wp-json\/wp\/v2\/pages\/19091\/revisions\/19092"}],"up":[{"embeddable":true,"href":"https:\/\/www.welovecycling.com\/hu\/wp-json\/wp\/v2\/pages\/19073"}],"wp:attachment":[{"href":"https:\/\/www.welovecycling.com\/hu\/wp-json\/wp\/v2\/media?parent=19091"}],"wp:term":[{"taxonomy":"post_tag","embeddable":true,"href":"https:\/\/www.welovecycling.com\/hu\/wp-json\/wp\/v2\/tags?post=19091"}],"curies":[{"name":"wp","href":"https:\/\/api.w.org\/{rel}","templated":true}]}}