{"id":18590,"date":"2024-06-26T10:07:29","date_gmt":"2024-06-26T08:07:29","guid":{"rendered":"https:\/\/www.welovecycling.com\/hu\/?page_id=18590"},"modified":"2024-06-26T10:07:29","modified_gmt":"2024-06-26T08:07:29","slug":"terms-and-conditions-whatsyourtour","status":"publish","type":"page","link":"https:\/\/www.welovecycling.com\/hu\/tour-de-france-2024\/terms-and-conditions-whatsyourtour\/","title":{"rendered":"Terms And Conditions &#8211; whatsyourtour"},"content":{"rendered":"<p>Ez a szab\u00e1lyzat a \u201e#whatsyourtour verseny\u201d (tov\u00e1bbiakban: verseny) felt\u00e9teleit szab\u00e1lyozza , \u00e9s ez az egyetlen dokumentum, amely teljesk\u00f6r\u0171en \u00e9s k\u00f6telez\u0151 jelleggel szab\u00e1lyozza a versenyt.<\/p>\n<h4><b>1. Verseny h\u00e1zigazd\u00e1ja \u00e9s szervez\u0151je<\/b><\/h4>\n<p>A verseny h\u00e1zigazd\u00e1ja a Skoda Auto a.s. r\u00e9szv\u00e9nyt\u00e1rsas\u00e1g (sz\u00e9khely: V\u00e1clava Klementa 869, 293 01 Mlad\u00e1 Boleslav, Cseh K\u00f6zt\u00e1rsas\u00e1g, 00177041. sz\u00e1mon a Pr\u00e1gai V\u00e1rosi B\u00edr\u00f3s\u00e1g B. c\u00e9gjegyz\u00e9k\u00e9ben bejegyezve, iktat\u00f3sz\u00e1m: 332) (a tov\u00e1bbiakban: a h\u00e1zigazda).<\/p>\n<p>A verseny szervez\u0151je, amely gyakorlati l\u00e9p\u00e9seket biztos\u00edt a szervez\u00e9sben, a MUSTARD s.r.o. (sz\u00e9khely: Pr\u00e1ga 1 \u2013 Nov\u00e9 M\u011bsto, Masarykovo n\u00e1b\u0159. 246, 110 00, Cseh K\u00f6zt\u00e1rsas\u00e1g, azonos\u00edt\u00f3: 28531418, bejegyezve a Pr\u00e1gai V\u00e1rosi B\u00edr\u00f3s\u00e1g C. c\u00e9gjegyz\u00e9k\u00e9ben, bejegyz\u00e9s: 148383),<br \/>\n(tov\u00e1bbiakban: szervez\u0151).<\/p>\n<ol start=\"2\">\n<li><b> A verseny id\u0151tartama \u00e9s platformja<\/b><\/li>\n<\/ol>\n<p>A verseny 2024. 06. 26. 00:01 (CET) 26.6. \u00e9s 2024. 07. 06. 23:59 (CET) k\u00f6z\u00f6tt tart. A verseny a We Love Cycling Instagram, Facebook \u00e9s Youtube oldalain (tov\u00e1bbiakban: versenyplatformok) ker\u00fcl lebonyol\u00edt\u00e1sra, ahol els\u0151sorban a r\u00e9sztvev\u0151kkel val\u00f3 kommunik\u00e1ci\u00f3 zajlik.<\/p>\n<h4><b>3. Verseny r\u00e9sztvev\u0151i<\/b><\/h4>\n<p>A versenyen b\u00e1rmely, 18. \u00e9let\u00e9v\u00e9t bet\u00f6lt\u00f6tt szem\u00e9ly indulhat, aki a verseny helysz\u00edn\u00e9\u00fcl szolg\u00e1l\u00f3 orsz\u00e1gok valamelyik\u00e9ben lakik. A verseny az al\u00e1bbi orsz\u00e1gokban zajlik: ANDORRA, AUSZTRIA, BELGIUM, BOSZNIA, BULG\u00c1RIA, CSEHORSZ\u00c1G, D\u00c1NIA, \u00c9SZTORSZ\u00c1G, FINNORSZ\u00c1G, FRANCIAORSZ\u00c1G, G\u00d6R\u00d6GORSZ\u00c1G, HOLLANDIA, HORV\u00c1TORSZ\u00c1G, \u00cdRORSZ\u00c1G, IZLAND, LENGYELORSZ\u00c1G, LETTORSZ\u00c1G, LIECHTENSTEIN, LITV\u00c1NIA, LUXEMBURG, MAGYARORSZ\u00c1G, MONTENEGRO, NAGY-BRITANNIA, N\u00c9METORSZ\u00c1G, NORV\u00c9GIA, OLASZORSZ\u00c1G, PORTUG\u00c1LIA, ROM\u00c1NIA, SPANYOLORSZ\u00c1G, SV\u00c1JC, SV\u00c9DORSZ\u00c1G, SZERBIA, SZLOV\u00c1KIA, SZLOV\u00c9NIA.<\/p>\n<p>A verseny el\u0151k\u00e9sz\u00edt\u00e9s\u00e9ben r\u00e9szt vev\u0151 \u00f6sszes szem\u00e9ly, f\u0151leg a h\u00e1zigazda vagy a szervez\u0151 \u00e1ltal alkalmazott vagy hasonl\u00f3 kapcsolatban \u00e1ll\u00f3 szem\u00e9lyek, nem jogosultak a versenyen val\u00f3 r\u00e9szv\u00e9telre, ahogy a r\u00e9szt vev\u0151 \u0160koda szerz\u0151d\u00e9ses partnerrel vagy a verseny biztos\u00edt\u00e1s\u00e1val megb\u00edzott \u00fcgyn\u00f6ks\u00e9gekkel hasonl\u00f3 kapcsolatban \u00e1ll\u00f3 szem\u00e9lyek, csal\u00e1dtagjaik \u00e9s a hozz\u00e1juk k\u00f6zel \u00e1ll\u00f3 szem\u00e9lyek sem.<\/p>\n<h4><b>4. Versenymechanizmus, gy\u0151ztesek \u00e9rt\u00e9kel\u00e9se<\/b><\/h4>\n<p>A r\u00e9sztvev\u0151k \u00fagy vesznek r\u00e9szt a versenyben, hogy az Instagramon \u00fajonnan k\u00f6zz\u00e9tett vagy m\u00e1r megl\u00e9v\u0151 bejegyz\u00e9seik k\u00e9pal\u00e1\u00edr\u00e1s\u00e1ba egy adott hashtaget \u00edrnak. Fontos, hogy a r\u00e9sztvev\u0151k a verseny tulajdonosai; a bejegyz\u00e9seket az \u0151 fi\u00f3kjaikb\u00f3l kell meg\u00edrni. K\u00e9rj\u00fck, vegye figyelembe, hogy az Instagram sztorik nem \u00e9rv\u00e9nyesek ebben a versenyben. A versenyid\u0151szak ut\u00e1n a We Love Cycling csapat tagjai v\u00e1lasztj\u00e1k ki a legjobb beadv\u00e1nyokat a tartalom min\u0151s\u00e9ge alapj\u00e1n. A b\u00edr\u00e1lati szempontok k\u00f6z\u00f6tt szerepel a kreativit\u00e1s, a verseny t\u00e9m\u00e1j\u00e1hoz val\u00f3 kapcsol\u00f3d\u00e1s \u00e9s az \u00e1ltal\u00e1nos vizu\u00e1lis vonzer\u0151. A kiv\u00e1lasztott nyerteseket Instagram Direct Message-ben (DM), Facebook-\u00fczenetben vagy e-mail-en (ha a YouTube-on megadt\u00e1k) \u00e9rtes\u00edtj\u00fck a nyerem\u00e9ny\u00fckr\u0151l \u00e9s a nyerem\u00e9ny \u00e1tv\u00e9tel\u00e9nek k\u00f6vetkez\u0151 l\u00e9p\u00e9seir\u0151l. Ha a gy\u0151ztes nem v\u00e1laszol vagy adja meg el\u00e9rhet\u0151s\u00e9geit az \u00fczenet elk\u00fcld\u00e9s\u00e9t k\u00f6vet\u0151 48 \u00f3r\u00e1n bel\u00fcl, a d\u00edja k\u00e1rt\u00e9r\u00edt\u00e9s n\u00e9lk\u00fcl lej\u00e1r.<\/p>\n<p>&nbsp;<\/p>\n<h4><b>5. D\u00edjak le\u00edr\u00e1sa<\/b><\/h4>\n<p>1 db \u0160koda vend\u00e9gl\u00e1t\u00f3 program a 2024-es Tour de France-on<\/p>\n<h2><b>6. Inform\u00e1ci\u00f3 a szem\u00e9lyes adatok feldolgoz\u00e1s\u00e1r\u00f3l<\/b><\/h2>\n<p>A h\u00e1zigazda mint a szem\u00e9lyes adatok kezel\u0151je az \u00e1ltal\u00e1nos adatv\u00e9delmi rendelet ((EU) 2016\/679) ez\u00faton t\u00e1j\u00e9koztatja \u00d6nt a szem\u00e9lyes adatok feldolgoz\u00e1s\u00e1r\u00f3l \u00e9s a feldolgoz\u00e1shoz kapcsol\u00f3d\u00f3 jogair\u00f3l.<\/p>\n<p>A feldolgoz\u00e1s az al\u00e1bbi tev\u00e9kenys\u00e9g keret\u00e9ben t\u00f6rt\u00e9nik:<\/p>\n<p>\u2013 Versenyek szervez\u00e9se \u00e9s a tisztess\u00e9ges szavaz\u00e1s biztos\u00edt\u00e1sa a szavaz\u00f3versenyen<\/p>\n<p>A feldolgoz\u00e1s jogalapja: Jogosultak vagyunk arra, hogy szem\u00e9lyes adatait szerz\u0151d\u00e9sk\u00f6t\u00e9s (a jelen versenyszab\u00e1lyzat) alapj\u00e1n kezelj\u00fck.<\/p>\n<p>A feldolgozott szem\u00e9lyes adatok kateg\u00f3ri\u00e1i: Szem\u00e9lyazonos\u00edt\u00f3 adatok, el\u00e9rhet\u0151s\u00e9gek, a k\u00f6lcs\u00f6n\u00f6s kommunik\u00e1ci\u00f3ra \u00e9s interakci\u00f3ra vonatkoz\u00f3 inform\u00e1ci\u00f3k.<\/p>\n<p>Feldolgoz\u00e1si id\u0151szak: Szem\u00e9lyes adatait a verseny befejez\u00e9s\u00e9t k\u00f6vet\u0151 egy \u00e9vig dolgozzuk fel.<\/p>\n<p>Adatfeldolgoz\u00f3k vagy azon felek kateg\u00f3ri\u00e1i, amelyek sz\u00e1m\u00e1ra \u00e1tadhatjuk a szem\u00e9lyes adatokat: A szem\u00e9lyes adatok feldolgoz\u00f3ja a MUSTARD s.r.o. (sz\u00e9khely: Pr\u00e1ga 1 \u2013 Nov\u00e9 M\u011bsto, Masarykovo n\u00e1b\u0159. 246, 110 00, Cseh K\u00f6zt\u00e1rsas\u00e1g, azonos\u00edt\u00f3: 28531418, bejegyezve a Pr\u00e1gai V\u00e1rosi B\u00edr\u00f3s\u00e1g C. c\u00e9gjegyz\u00e9k\u00e9ben, bejegyz\u00e9s: 148383),(szervez\u0151). Az \u00d6n szem\u00e9lyes adatai felk\u00e9r\u00e9sre \u00e1tadhat\u00f3k a hat\u00f3s\u00e1goknak, k\u00fcl\u00f6n\u00f6sen a b\u00edr\u00f3s\u00e1goknak, a Cseh K\u00f6zt\u00e1rsas\u00e1g Rend\u0151rs\u00e9g\u00e9nek \u00e9s m\u00e1s b\u0171n\u00fcld\u00f6z\u0151 szerveknek, a sz\u00fcks\u00e9ges m\u00e9rt\u00e9kben \u00e9s jogszer\u0171 keretek k\u00f6z\u00f6tt.<\/p>\n<p>A szem\u00e9lyes adatok forr\u00e1sa: A szem\u00e9lyes adatokat k\u00f6zvetlen\u00fcl \u00d6nt\u0151l kapjuk.<\/p>\n<p>A szem\u00e9lyes adatok tov\u00e1bb\u00edt\u00e1sa harmadik orsz\u00e1gba vagy multinacion\u00e1lis c\u00e9geknek: E feldolgoz\u00e1s r\u00e9szek\u00e9nt az \u00d6n szem\u00e9lyes adatait nem tov\u00e1bb\u00edtjuk harmadik orsz\u00e1gokba vagy multinacion\u00e1lis c\u00e9geknek.<\/p>\n<p>Automatiz\u00e1lt d\u00f6nt\u00e9shozatal a szem\u00e9lyes adatok alapj\u00e1n: A szem\u00e9lyes adatok feldolgoz\u00e1sa sor\u00e1n nem ker\u00fcl sor automatiz\u00e1lt d\u00f6nt\u00e9shozatalra a szem\u00e9lyes adatok alapj\u00e1n.<\/p>\n<p>Egy\u00e9b inform\u00e1ci\u00f3: A szem\u00e9lyes adatok t\u00e1rsadalmi \u00e9rdekb\u0151l archiv\u00e1lhat\u00f3k \u00e9s felhaszn\u00e1lhat\u00f3k tudom\u00e1nyos, t\u00f6rt\u00e9nelmi vagy statisztikai kutat\u00e1si c\u00e9lokra. Megalapozott esetben a szem\u00e9lyes adatok feldolgozhat\u00f3k jogi elj\u00e1r\u00e1sok c\u00e9lj\u00e1b\u00f3l is, ide\u00e9rtve a k\u00f6zigazgat\u00e1si szervek ir\u00e1ny\u00e1ba fenn\u00e1ll\u00f3 k\u00f6telezetts\u00e9geket, illetve a jogi kock\u00e1zatok megfigyel\u00e9s\u00e9t \u00e9s folyamatos \u00e9rt\u00e9kel\u00e9s\u00e9t.<\/p>\n<p>A szem\u00e9lyes adatok feldolgoz\u00e1s\u00e1val kapcsolatban \u00d6n az al\u00e1bbi jogokkal rendelkezik: Hozz\u00e1f\u00e9r\u00e9s a feldolgozott szem\u00e9lyes adatokhoz, a pontatlan vagy helytelen adatok helyesb\u00edt\u00e9se vagy a hi\u00e1nyos adatok kieg\u00e9sz\u00edt\u00e9se, a szem\u00e9lyes adatok t\u00f6rl\u00e9se a c\u00e9l megsz\u0171n\u00e9se vagy jogosulatlan feldolgoz\u00e1s eset\u00e9n, a szem\u00e9lyes adatok feldolgoz\u00e1s\u00e1nak korl\u00e1toz\u00e1sa vagy z\u00e1rol\u00e1sa, a szem\u00e9lyes adatok struktur\u00e1lt \u00e9s g\u00e9ppel olvashat\u00f3 form\u00e1tumban t\u00f6rt\u00e9n\u0151 list\u00e1z\u00e1sa saj\u00e1t maga vagy egy m\u00e1sik \u00fcgyint\u00e9z\u0151 sz\u00e1m\u00e1ra, nem lehet automatiz\u00e1lt d\u00f6nt\u00e9shozatal t\u00e1rgya.<\/p>\n<p>A jogainak gyakorl\u00e1s\u00e1hoz az al\u00e1bbi kommunik\u00e1ci\u00f3s csatorn\u00e1kat haszn\u00e1lja:<\/p>\n<p>\u2013 elektronikus \u00faton: https:\/\/www.skoda-auto.com\/data-privacy<\/p>\n<p>\u2013 post\u00e1n: \u0160koda Auto a.s., Adatv\u00e9delmi iroda, t\u0159. V\u00e1clava Klementa 869, Mlad\u00e1 Boleslav II, 293 01 Mlad\u00e1 Boleslav, Cseh K\u00f6zt\u00e1rsas\u00e1g (angolul vagy cseh\u00fcl).<\/p>\n<p>Jogainak gyakorl\u00e1s\u00e1val kapcsolatban a \u0160koda Auto \u00e9szszer\u0171 m\u00e9rt\u00e9k\u0171 d\u00edjat sz\u00e1m\u00edthat fel az ig\u00e9nyl\u00e9s feldolgoz\u00e1s\u00e1nak adminisztrat\u00edv k\u00f6lts\u00e9gei\u00e9rt, amennyiben az adattulajdonos ig\u00e9nyei megalapozatlannak vagy t\u00falz\u00f3nak t\u0171nnek.<\/p>\n<p>Ha k\u00e9rd\u00e9se van a szem\u00e9lyes adatok v\u00e9delm\u00e9vel kapcsolatban, felveheti a kapcsolatot a \u0160koda Auto adatv\u00e9delmi irod\u00e1j\u00e1val:<\/p>\n<p>\u2013 dpo@skoda-auto.cz<\/p>\n<p>Ha nem \u00e9rt egyet azzal, ahogyan szem\u00e9lyes adatait feldolgozzuk, panaszt ny\u00fajthat be a \u0160koda Auto adatv\u00e9delmi irod\u00e1j\u00e1hoz vagy a fel\u00fcgyeleti szervhez a jogai v\u00e9delme \u00e9rdek\u00e9ben. Szem\u00e9lyes adatv\u00e9delmi hivatal, Pplk. Sochora 27, 170 00 Pr\u00e1ga 7, +420 234 665 111, <a href=\"https:\/\/www.uoou.cz\/en\">https:\/\/www.uoou.cz\/en<\/a><\/p>\n<h4><b>7. Felv\u00e9telek megszerz\u00e9se \u00e9s haszn\u00e1lata<\/b><\/h4>\n<p>A nyertess\u00e9 v\u00e1l\u00e1ssal a r\u00e9sztvev\u0151k hozz\u00e1j\u00e1rulnak ahhoz, hogy a h\u00e1zigazda a portr\u00e9kat, \u00edr\u00e1sbeli nyilatkozatokat, f\u00e9nyk\u00e9peket, valamint a r\u00e9sztvev\u0151vel kapcsolatos hang- \u00e9s k\u00e9pfelv\u00e9teleket \u00e9s\/vagy szem\u00e9lyes jelleg\u0171 kifejez\u00e9seket kereskedelmi c\u00e9lokra minden kommunik\u00e1ci\u00f3s m\u00e9diumban, anyagra, id\u0151re, mennyis\u00e9gre \u00e9s ter\u00fcletre vonatkoz\u00f3 korl\u00e1toz\u00e1s n\u00e9lk\u00fcl megkapja \u00e9s felhaszn\u00e1lja. Ezt a hozz\u00e1j\u00e1rul\u00e1st a h\u00e1zigazda ingyenesen kapja meg, \u00e9s b\u00e1rmikor visszavonhat\u00f3. Azokra a harmadik felekre is vonatkozik, akinek a h\u00e1zigazda ezeket a felv\u00e9teleket \u00e1tadhatja.<\/p>\n<p>&nbsp;<\/p>\n<h4><b>8. Egy\u00e9b fontos felt\u00e9telek<\/b><\/h4>\n<p>A h\u00e1zigazda kiz\u00e1r\u00f3lag a nyerem\u00e9ny pontos le\u00edr\u00e1s\u00e1t hat\u00e1rozza meg. A nyerem\u00e9nyek megjelen\u00edt\u00e9se a prom\u00f3ci\u00f3s anyagokban szeml\u00e9ltet\u0151 jelleg\u0171. A h\u00e1zigazda nem v\u00e1llal felel\u0151ss\u00e9get a r\u00e9sztvev\u0151nek, a d\u00edj felhaszn\u00e1l\u00e1sa eredm\u00e9nyek\u00e9nt okozott k\u00e1rok\u00e9rt.<\/p>\n<p>A r\u00e9sztvev\u0151k nem jogosultak a nyerem\u00e9ny helyett p\u00e9nzt vagy m\u00e1s t\u00edpus\u00fa teljes\u00edt\u00e9st k\u00e9rni. A h\u00e1zigazda egy\u00e9bk\u00e9nt nem k\u00f6teles a verseny r\u00e9sztvev\u0151i sz\u00e1m\u00e1ra teljes\u00edt\u00e9st ny\u00fajtani, \u00e9s a r\u00e9sztvev\u0151k nem jogosultak a h\u00e1zigazd\u00e1t\u00f3l az itt kifejezetten meghat\u00e1rozottakon k\u00edv\u00fcl m\u00e1s teljes\u00edt\u00e9sre.<\/p>\n<p>A h\u00e1zigazda nem felel a versenyben val\u00f3 r\u00e9szv\u00e9tellel kapcsolatos k\u00f6zvetlen vagy k\u00f6zvetett k\u00e1rok\u00e9rt. A versenyz\u0151 nem v\u00e1llalja a h\u00e1zigazda felel\u0151ss\u00e9g\u00e9t a nyerem\u00e9nyhez kapcsol\u00f3d\u00f3 kock\u00e1zatok\u00e9rt \u00e9s felel\u0151ss\u00e9gek\u00e9rt. A verseny eredm\u00e9nyei v\u00e9glegesek; a versenyz\u0151 vagy a gy\u0151ztes nem fellebbezhet a verseny folyamata \u00e9s eredm\u00e9nye ellen.<\/p>\n<p>A r\u00e9sztvev\u0151 kiz\u00e1rhat\u00f3 a versenyb\u0151l, ha a h\u00e1zigazda felfedezi vagy alapos gyan\u00faja mer\u00fcl fel, hogy a r\u00e9sztvev\u0151 vagy a r\u00e9sztvev\u0151t seg\u00edt\u0151 m\u00e1s szem\u00e9lyek csal\u00e1st k\u00f6vettek el a nyerem\u00e9nyek megszerz\u00e9se \u00e9rdek\u00e9ben, vagy tisztess\u00e9gtelen magatart\u00e1st tan\u00fas\u00edtottak, illetve olyan magatart\u00e1st tan\u00fas\u00edtottak, amely nem a r\u00e9sztvev\u0151 tudt\u00e1n alapul a szab\u00e1lyoknak megfelel\u0151en.<\/p>\n<p>A fogad\u00f3 nem v\u00e1llal felel\u0151ss\u00e9get az \u00fczenetek vagy a nyerem\u00e9nyek k\u00e9zbes\u00edt\u00e9s\u00e9nek elmarad\u00e1s\u00e1\u00e9rt. A h\u00e1zigazda nem felel\u0151s a technikai vagy kommunik\u00e1ci\u00f3s probl\u00e9m\u00e1k eredm\u00e9nyek\u00e9nt felmer\u00fcl\u0151 hib\u00e1k\u00e9rt. A h\u00e1zigazda v\u00e9gleges \u00e9rv\u00e9nyess\u00e9ggel d\u00f6nt b\u00e1rmely panaszr\u00f3l vagy bemutatott ellenvet\u00e9sr\u0151l. A h\u00e1zigazda fenntartja a jogot, hogy k\u00e1rt\u00e9r\u00edt\u00e9si k\u00f6telezetts\u00e9g n\u00e9lk\u00fcl ler\u00f6vid\u00edtse, elhalassza, felf\u00fcggessze vagy t\u00f6r\u00f6lje a rendezv\u00e9nyt \u00e9s a nyerem\u00e9nyeket, illetve a rendezv\u00e9ny fenn\u00e1ll\u00e1sa alatt egyoldal\u00faan m\u00f3dos\u00edtsa vagy kieg\u00e9sz\u00edtse a jelen szab\u00e1lyzatot azzal, hogy az ilyen v\u00e1ltoz\u00e1sokr\u00f3l a fent megadott weboldalon \u00e9rtes\u00edt\u00e9st k\u00fcld, ahol a szab\u00e1lyzat \u00e9rv\u00e9nyes \u00e9s teljes sz\u00f6vege is megtal\u00e1lhat\u00f3.<\/p>\n<p>A jelen versenyt nem a Meta vagy Google \u00fczemelteti, szponzor\u00e1lja, illetve nem kapcsol\u00f3dik hozz\u00e1juk. A Meta \u00e9s a Google nem felel\u0151sek a verseny\u00e9rt. Az alkalmaz\u00e1ssal kapcsolatos k\u00e9rd\u00e9seket, \u00e9szrev\u00e9teleket vagy panaszokat a t\u00e1rhelyszolg\u00e1ltat\u00f3hoz kell int\u00e9zni, nem pedig a Meta vagy a Google fel\u00e9.<\/p>\n<p>A jelen versenyre a Cseh K\u00f6zt\u00e1rsas\u00e1g t\u00f6rv\u00e9nyei az ir\u00e1nyad\u00f3k.<\/p>\n","protected":false},"excerpt":{"rendered":"<p>Ez a szab\u00e1lyzat a \u201e#whatsyourtour verseny\u201d (tov\u00e1bbiakban: verseny) felt\u00e9teleit szab\u00e1lyozza , \u00e9s ez az egyetlen dokumentum, amely teljesk\u00f6r\u0171en \u00e9s k\u00f6telez\u0151 [&hellip;]<\/p>\n","protected":false},"author":171,"featured_media":0,"parent":18567,"menu_order":0,"comment_status":"closed","ping_status":"closed","template":"templates\/template-empty-page-headline.php","meta":{"footnotes":""},"tags":[],"class_list":["post-18590","page","type-page","status-publish","hentry"],"yoast_head":"<!-- This site is optimized with the Yoast SEO Premium plugin v25.3 (Yoast SEO v25.9) - https:\/\/yoast.com\/wordpress\/plugins\/seo\/ -->\n<title>Terms And Conditions - whatsyourtour - \u0160koda We Love Cycling - Magyarorsz\u00e1g<\/title>\n<meta name=\"robots\" content=\"index, follow, max-snippet:-1, max-image-preview:large, max-video-preview:-1\" \/>\n<link rel=\"canonical\" href=\"https:\/\/www.welovecycling.com\/hu\/tour-de-france-2024\/terms-and-conditions-whatsyourtour\/\" \/>\n<meta property=\"og:locale\" content=\"hu_HU\" \/>\n<meta property=\"og:type\" content=\"article\" \/>\n<meta property=\"og:title\" content=\"Terms And Conditions - whatsyourtour\" \/>\n<meta property=\"og:description\" content=\"Ez a szab\u00e1lyzat a \u201e#whatsyourtour verseny\u201d (tov\u00e1bbiakban: verseny) felt\u00e9teleit szab\u00e1lyozza , \u00e9s ez az egyetlen dokumentum, amely teljesk\u00f6r\u0171en \u00e9s k\u00f6telez\u0151 [&hellip;]\" \/>\n<meta property=\"og:url\" content=\"https:\/\/www.welovecycling.com\/hu\/tour-de-france-2024\/terms-and-conditions-whatsyourtour\/\" \/>\n<meta property=\"og:site_name\" content=\"\u0160koda We Love Cycling - Magyarorsz\u00e1g\" \/>\n<meta property=\"article:publisher\" content=\"https:\/\/www.facebook.com\/WeLoveCyclingHungary\/\" \/>\n<meta name=\"twitter:card\" content=\"summary_large_image\" \/>\n<meta name=\"twitter:label1\" content=\"Est. reading time\" \/>\n\t<meta name=\"twitter:data1\" content=\"10 minutes\" \/>\n<script type=\"application\/ld+json\" class=\"yoast-schema-graph\">{\"@context\":\"https:\/\/schema.org\",\"@graph\":[{\"@type\":\"WebPage\",\"@id\":\"https:\/\/www.welovecycling.com\/hu\/tour-de-france-2024\/terms-and-conditions-whatsyourtour\/\",\"url\":\"https:\/\/www.welovecycling.com\/hu\/tour-de-france-2024\/terms-and-conditions-whatsyourtour\/\",\"name\":\"Terms And Conditions - whatsyourtour - \u0160koda We Love Cycling - Magyarorsz\u00e1g\",\"isPartOf\":{\"@id\":\"https:\/\/www.welovecycling.com\/hu\/#website\"},\"datePublished\":\"2024-06-26T08:07:29+00:00\",\"breadcrumb\":{\"@id\":\"https:\/\/www.welovecycling.com\/hu\/tour-de-france-2024\/terms-and-conditions-whatsyourtour\/#breadcrumb\"},\"inLanguage\":\"hu\",\"potentialAction\":[{\"@type\":\"ReadAction\",\"target\":[\"https:\/\/www.welovecycling.com\/hu\/tour-de-france-2024\/terms-and-conditions-whatsyourtour\/\"]}]},{\"@type\":\"BreadcrumbList\",\"@id\":\"https:\/\/www.welovecycling.com\/hu\/tour-de-france-2024\/terms-and-conditions-whatsyourtour\/#breadcrumb\",\"itemListElement\":[{\"@type\":\"ListItem\",\"position\":1,\"name\":\"Home\",\"item\":\"https:\/\/www.welovecycling.com\/hu\/\"},{\"@type\":\"ListItem\",\"position\":2,\"name\":\"Tour de France 2024\",\"item\":\"https:\/\/www.welovecycling.com\/hu\/?page_id=18567\"},{\"@type\":\"ListItem\",\"position\":3,\"name\":\"Terms And Conditions &#8211; whatsyourtour\"}]},{\"@type\":\"WebSite\",\"@id\":\"https:\/\/www.welovecycling.com\/hu\/#website\",\"url\":\"https:\/\/www.welovecycling.com\/hu\/\",\"name\":\"\u0160koda We Love Cycling - Magyarorsz\u00e1g\",\"description\":\"\u0160koda WeLoveCycling\",\"potentialAction\":[{\"@type\":\"SearchAction\",\"target\":{\"@type\":\"EntryPoint\",\"urlTemplate\":\"https:\/\/www.welovecycling.com\/hu\/?s={search_term_string}\"},\"query-input\":{\"@type\":\"PropertyValueSpecification\",\"valueRequired\":true,\"valueName\":\"search_term_string\"}}],\"inLanguage\":\"hu\"}]}<\/script>\n<!-- \/ Yoast SEO Premium plugin. -->","yoast_head_json":{"title":"Terms And Conditions - whatsyourtour - \u0160koda We Love Cycling - Magyarorsz\u00e1g","robots":{"index":"index","follow":"follow","max-snippet":"max-snippet:-1","max-image-preview":"max-image-preview:large","max-video-preview":"max-video-preview:-1"},"canonical":"https:\/\/www.welovecycling.com\/hu\/tour-de-france-2024\/terms-and-conditions-whatsyourtour\/","og_locale":"hu_HU","og_type":"article","og_title":"Terms And Conditions - whatsyourtour","og_description":"Ez a szab\u00e1lyzat a \u201e#whatsyourtour verseny\u201d (tov\u00e1bbiakban: verseny) felt\u00e9teleit szab\u00e1lyozza , \u00e9s ez az egyetlen dokumentum, amely teljesk\u00f6r\u0171en \u00e9s k\u00f6telez\u0151 [&hellip;]","og_url":"https:\/\/www.welovecycling.com\/hu\/tour-de-france-2024\/terms-and-conditions-whatsyourtour\/","og_site_name":"\u0160koda We Love Cycling - Magyarorsz\u00e1g","article_publisher":"https:\/\/www.facebook.com\/WeLoveCyclingHungary\/","twitter_card":"summary_large_image","twitter_misc":{"Est. reading time":"10 minutes"},"schema":{"@context":"https:\/\/schema.org","@graph":[{"@type":"WebPage","@id":"https:\/\/www.welovecycling.com\/hu\/tour-de-france-2024\/terms-and-conditions-whatsyourtour\/","url":"https:\/\/www.welovecycling.com\/hu\/tour-de-france-2024\/terms-and-conditions-whatsyourtour\/","name":"Terms And Conditions - whatsyourtour - \u0160koda We Love Cycling - Magyarorsz\u00e1g","isPartOf":{"@id":"https:\/\/www.welovecycling.com\/hu\/#website"},"datePublished":"2024-06-26T08:07:29+00:00","breadcrumb":{"@id":"https:\/\/www.welovecycling.com\/hu\/tour-de-france-2024\/terms-and-conditions-whatsyourtour\/#breadcrumb"},"inLanguage":"hu","potentialAction":[{"@type":"ReadAction","target":["https:\/\/www.welovecycling.com\/hu\/tour-de-france-2024\/terms-and-conditions-whatsyourtour\/"]}]},{"@type":"BreadcrumbList","@id":"https:\/\/www.welovecycling.com\/hu\/tour-de-france-2024\/terms-and-conditions-whatsyourtour\/#breadcrumb","itemListElement":[{"@type":"ListItem","position":1,"name":"Home","item":"https:\/\/www.welovecycling.com\/hu\/"},{"@type":"ListItem","position":2,"name":"Tour de France 2024","item":"https:\/\/www.welovecycling.com\/hu\/?page_id=18567"},{"@type":"ListItem","position":3,"name":"Terms And Conditions &#8211; whatsyourtour"}]},{"@type":"WebSite","@id":"https:\/\/www.welovecycling.com\/hu\/#website","url":"https:\/\/www.welovecycling.com\/hu\/","name":"\u0160koda We Love Cycling - Magyarorsz\u00e1g","description":"\u0160koda WeLoveCycling","potentialAction":[{"@type":"SearchAction","target":{"@type":"EntryPoint","urlTemplate":"https:\/\/www.welovecycling.com\/hu\/?s={search_term_string}"},"query-input":{"@type":"PropertyValueSpecification","valueRequired":true,"valueName":"search_term_string"}}],"inLanguage":"hu"}]}},"_links":{"self":[{"href":"https:\/\/www.welovecycling.com\/hu\/wp-json\/wp\/v2\/pages\/18590","targetHints":{"allow":["GET"]}}],"collection":[{"href":"https:\/\/www.welovecycling.com\/hu\/wp-json\/wp\/v2\/pages"}],"about":[{"href":"https:\/\/www.welovecycling.com\/hu\/wp-json\/wp\/v2\/types\/page"}],"author":[{"embeddable":true,"href":"https:\/\/www.welovecycling.com\/hu\/wp-json\/wp\/v2\/users\/171"}],"replies":[{"embeddable":true,"href":"https:\/\/www.welovecycling.com\/hu\/wp-json\/wp\/v2\/comments?post=18590"}],"version-history":[{"count":1,"href":"https:\/\/www.welovecycling.com\/hu\/wp-json\/wp\/v2\/pages\/18590\/revisions"}],"predecessor-version":[{"id":18591,"href":"https:\/\/www.welovecycling.com\/hu\/wp-json\/wp\/v2\/pages\/18590\/revisions\/18591"}],"up":[{"embeddable":true,"href":"https:\/\/www.welovecycling.com\/hu\/wp-json\/wp\/v2\/pages\/18567"}],"wp:attachment":[{"href":"https:\/\/www.welovecycling.com\/hu\/wp-json\/wp\/v2\/media?parent=18590"}],"wp:term":[{"taxonomy":"post_tag","embeddable":true,"href":"https:\/\/www.welovecycling.com\/hu\/wp-json\/wp\/v2\/tags?post=18590"}],"curies":[{"name":"wp","href":"https:\/\/api.w.org\/{rel}","templated":true}]}}