{"id":10698,"date":"2021-04-22T10:36:20","date_gmt":"2021-04-22T09:36:20","guid":{"rendered":"https:\/\/www.welovecycling.com\/hu\/?page_id=10698"},"modified":"2021-05-17T11:16:06","modified_gmt":"2021-05-17T09:16:06","slug":"zold-triko","status":"publish","type":"page","link":"https:\/\/www.welovecycling.com\/hu\/zold-triko\/","title":{"rendered":"Z\u00f6ld trik\u00f3"},"content":{"rendered":"<div id=\"pl-10698\"  class=\"panel-layout\" ><div id=\"pg-10698-0\"  class=\"panel-grid panel-no-style\" ><div id=\"pgc-10698-0-0\"  class=\"panel-grid-cell\" ><div id=\"panel-10698-0-0-0\" class=\"widget_text so-panel widget widget_custom_html panel-first-child\" data-index=\"0\" ><div class=\"widget_text panel-widget-style panel-widget-style-for-10698-0-0-0\" ><div class=\"textwidget custom-html-widget\"><style>\n\t#zt-lwrap.container{max-width:1304px!important;}\n\t#wpforms-10713-field_7-container {max-width:500px;}\n\t.etap {color:#FFF}\n\t#etapok h3 {margin-bottom:30px;}\n\t#wpforms-10713-field_7 label {font-size:14px;}\n\t#etapok p {margin:0;min-height:108px;font-size:18px;}\n\t.zt h2,#etapok h3,#nyeremeny h2 {font-size:24px!important;font-weight:900;}\n\t.lepes h3{font-size:16px!important;}\n\t#lepesek p {margin:0;\n\tmin-height: 126px;\n    display: flex;\n    align-items: center;\n\t}\n\t#lepesek h3 {margin-bottom:15px;}\n\t.zt h2,.lepes h3 {position:relative;margin:0;padding:0;text-transform:uppercase;font-weight:900}\n\th2:before,h2:after,#etapok h3:before,#etapok h3:after{\n\t\tcontent:'';\n\t\tdisplay:block;\n\t\twidth:26px;\n\t\theight:3px;\n\t\tbackground:#39b54a;\n\t\tmargin:0 auto;\n\t}\n\t.lepes h3:before,.lepes h3:after {\n\t\tcontent:'';\n\t\tdisplay:block;\n\t\twidth:14px;\n\t\theight:2px;\n\t\tbackground:#39b54a;\n\t\tmargin:0 auto;\n\t}\n\t.lepes h3:before {margin-bottom:5px;}\n\t.lepes h3:after{margin-top:5px;}\n\t#lepesek .panel-grid-cell {max-width:285px;}\n\th2:before,#etapok h3:before {margin-bottom:14px;}\n\t\th2:after,#etapok h3:after {margin-top:14px;}\t\n\t#zt-lead {margin-top:-85px;}\n\t#zt-lead p,#nyinfo p {font-size:18px;line-height:24px;}\n\t#lepesek .lepes {padding:25px 30px;text-align:center}\n\t#lepesek p {font-size:14px}\n\t#zt-form .wpforms-field-email .wpforms-label-hide{display:none!important}\n\t#zt-form .wpforms-container-full {max-width:796px;margin:0 auto}\n\t#zt-form button {background: #4aa82e;\n    color: #FFF;\n    padding: 1em 4em;}\n\t#etapok .etap {text-align:center;padding:60px 20px;}\n\t#nyimg {margin-top:-30px;margin-bottom:-30px;}\n\t#etap3.etap {padding:60px 20px!important;}\n\t@media (max-width: 780px) {\n\t\t#zt-lead {margin-top:0px;}\n\t\t#lepesek .panel-grid-cell {\n    max-width: 285px;\n    margin: 0 auto 30px auto!important;\n}\n\t\t\t\t#etapok .panel-grid-cell {\n    max-width: 386px;\n    margin: 0 auto 30px auto!important;\n}\n\t}\n<\/style><\/div><\/div><\/div><div id=\"panel-10698-0-0-1\" class=\"so-panel widget widget_sow-image panel-last-child\" data-index=\"1\" ><div\n\t\t\t\n\t\t\tclass=\"so-widget-sow-image so-widget-sow-image-default-a258e6bfa2d8-10698\"\n\t\t\t\n\t\t>\n<div class=\"sow-image-container\">\n\t\t<img loading=\"lazy\" decoding=\"async\" src=\"https:\/\/d2p6e6u75xmxt8.cloudfront.net\/12\/2021\/04\/header.png\" width=\"1920\" height=\"788\" srcset=\"https:\/\/d2p6e6u75xmxt8.cloudfront.net\/12\/2021\/04\/header.png 1920w, https:\/\/d2p6e6u75xmxt8.cloudfront.net\/12\/2021\/04\/header-300x123.png 300w, https:\/\/d2p6e6u75xmxt8.cloudfront.net\/12\/2021\/04\/header-1024x420.png 1024w, https:\/\/d2p6e6u75xmxt8.cloudfront.net\/12\/2021\/04\/header-768x315.png 768w, https:\/\/d2p6e6u75xmxt8.cloudfront.net\/12\/2021\/04\/header-1536x630.png 1536w\" sizes=\"auto, (max-width: 1920px) 100vw, 1920px\" alt=\"\" \t\tclass=\"so-widget-image\"\/>\n\t<\/div>\n\n<\/div><\/div><\/div><\/div><div id=\"pg-10698-1\"  class=\"panel-grid panel-has-style\" ><div class=\"container panel-row-style panel-row-style-for-10698-1\" id=\"zt-lwrap\" ><div id=\"pgc-10698-1-0\"  class=\"panel-grid-cell\" ><div id=\"panel-10698-1-0-0\" class=\"so-panel widget widget_siteorigin-panels-builder panel-first-child panel-last-child\" data-index=\"2\" ><div id=\"zt-lead\" class=\"panel-widget-style panel-widget-style-for-10698-1-0-0\" ><div id=\"pl-w60828ab598c18\"  class=\"panel-layout\" ><div id=\"pg-w60828ab598c18-0\"  class=\"panel-grid panel-has-style\" ><div class=\"panel-row-style panel-row-style-for-w60828ab598c18-0\" ><div id=\"pgc-w60828ab598c18-0-0\"  class=\"panel-grid-cell\" ><div id=\"panel-w60828ab598c18-0-0-0\" class=\"so-panel widget widget_sow-editor panel-first-child panel-last-child\" data-index=\"0\" ><div class=\"zt panel-widget-style panel-widget-style-for-w60828ab598c18-0-0-0\" ><div\n\t\t\t\n\t\t\tclass=\"so-widget-sow-editor so-widget-sow-editor-base\"\n\t\t\t\n\t\t>\n<div class=\"siteorigin-widget-tinymce textwidget\">\n\t<h2 style=\"text-align: center;\">Sz\u00e1llj te is versenybe!<\/h2>\n<\/div>\n<\/div><\/div><\/div><\/div><div id=\"pgc-w60828ab598c18-0-1\"  class=\"panel-grid-cell\" ><div id=\"panel-w60828ab598c18-0-1-0\" class=\"so-panel widget widget_sow-editor panel-first-child panel-last-child\" data-index=\"1\" ><div class=\"panel-widget-style panel-widget-style-for-w60828ab598c18-0-1-0\" ><div\n\t\t\t\n\t\t\tclass=\"so-widget-sow-editor so-widget-sow-editor-base\"\n\t\t\t\n\t\t>\n<div class=\"siteorigin-widget-tinymce textwidget\">\n\t<p>Te le tudn\u00e1d tekerni a Tour de Hongrie szakaszait? Sz\u00e1llj versenybe Strava klubtagjainkkal \u00e9s vidd haza a szakasznyerem\u00e9nyeket vagy a leggyorsabbnak j\u00e1r\u00f3 z\u00f6ld \u0160koda trik\u00f3t! Mindegyik szakaszhoz m\u00e1s-m\u00e1s feladat tartozik, de m\u00e1r egy etappal is nyerhetsz. A f\u0151nyerem\u00e9ny\u00e9rt azonban mindegyik szakaszt teljes\u00edtened kell! Persze, nem v\u00e1rjuk el, hogy \u00e1tutazz az orsz\u00e1gon: b\u00e1rhol elv\u00e9gezheted a feladatokat, b\u00e1rmilyen sorrendben, a l\u00e9nyeg, hogy m\u00e1jus 16-ig minden linket bek\u00fcldj, amit szeretn\u00e9l!<\/p>\n\n<p style=\"margin-bottom:0\"><strong>K\u00e9szen \u00e1llsz?<\/strong><\/p><\/div>\n<\/div><\/div><\/div><\/div><\/div><\/div><\/div><\/div><\/div><\/div><\/div><\/div><div id=\"pg-10698-2\"  class=\"panel-grid panel-no-style\" ><div id=\"pgc-10698-2-0\"  class=\"panel-grid-cell\" ><div id=\"panel-10698-2-0-0\" class=\"so-panel widget widget_siteorigin-panels-builder panel-first-child panel-last-child\" data-index=\"3\" ><div class=\"container panel-widget-style panel-widget-style-for-10698-2-0-0\" id=\"lepesek\" ><div id=\"pl-w6081adf0d358a\"  class=\"panel-layout\" ><div id=\"pg-w6081adf0d358a-0\"  class=\"panel-grid panel-no-style\" ><div id=\"pgc-w6081adf0d358a-0-0\"  class=\"panel-grid-cell\" ><div class=\"panel-cell-style panel-cell-style-for-w6081adf0d358a-0-0\" ><div id=\"panel-w6081adf0d358a-0-0-0\" class=\"so-panel widget widget_sow-editor panel-first-child panel-last-child\" data-index=\"0\" ><div class=\"lepes panel-widget-style panel-widget-style-for-w6081adf0d358a-0-0-0\" ><div\n\t\t\t\n\t\t\tclass=\"so-widget-sow-editor so-widget-sow-editor-base\"\n\t\t\t\n\t\t><h3 class=\"widget-title\">1. L\u00c9P\u00c9S<\/h3>\n<div class=\"siteorigin-widget-tinymce textwidget\">\n\t<p style=\"text-align: center;\">T\u00f6ltsd le a Strava applik\u00e1ci\u00f3t \u00e9s l\u00e9pj be a We Love Cycling Magyarorsz\u00e1g klubba!<\/p>\n<\/div>\n<\/div><\/div><\/div><\/div><\/div><div id=\"pgc-w6081adf0d358a-0-1\"  class=\"panel-grid-cell\" ><div class=\"panel-cell-style panel-cell-style-for-w6081adf0d358a-0-1\" ><div id=\"panel-w6081adf0d358a-0-1-0\" class=\"so-panel widget widget_sow-editor panel-first-child panel-last-child\" data-index=\"1\" ><div class=\"lepes panel-widget-style panel-widget-style-for-w6081adf0d358a-0-1-0\" ><div\n\t\t\t\n\t\t\tclass=\"so-widget-sow-editor so-widget-sow-editor-base\"\n\t\t\t\n\t\t><h3 class=\"widget-title\">2. L\u00c9P\u00c9S<\/h3>\n<div class=\"siteorigin-widget-tinymce textwidget\">\n\t<p style=\"text-align: center;\">Teljes\u00edtsd az adott etaphoz kapcsol\u00f3d\u00f3 feladatot \u00e9s r\u00f6gz\u00edtsd az utat! Mindegyik szakasz sor\u00e1n a TdH val\u00f3s etapj\u00e1nak egyik aspektus\u00e1t kell teljes\u00edtened, azonban helyileg b\u00e1rhol letekerheted a t\u00e1vot.<\/p>\n<\/div>\n<\/div><\/div><\/div><\/div><\/div><div id=\"pgc-w6081adf0d358a-0-2\"  class=\"panel-grid-cell\" ><div class=\"panel-cell-style panel-cell-style-for-w6081adf0d358a-0-2\" ><div id=\"panel-w6081adf0d358a-0-2-0\" class=\"so-panel widget widget_sow-editor panel-first-child panel-last-child\" data-index=\"2\" ><div class=\"lepes panel-widget-style panel-widget-style-for-w6081adf0d358a-0-2-0\" ><div\n\t\t\t\n\t\t\tclass=\"so-widget-sow-editor so-widget-sow-editor-base\"\n\t\t\t\n\t\t><h3 class=\"widget-title\">3. L\u00c9P\u00c9S<\/h3>\n<div class=\"siteorigin-widget-tinymce textwidget\">\n\t<p style=\"text-align: center;\">Oszd meg az utat Strav\u00e1n #zoldtriko hashtaggel!<\/p>\n<\/div>\n<\/div><\/div><\/div><\/div><\/div><div id=\"pgc-w6081adf0d358a-0-3\"  class=\"panel-grid-cell\" ><div class=\"panel-cell-style panel-cell-style-for-w6081adf0d358a-0-3\" ><div id=\"panel-w6081adf0d358a-0-3-0\" class=\"so-panel widget widget_sow-editor panel-first-child panel-last-child\" data-index=\"3\" ><div class=\"lepes panel-widget-style panel-widget-style-for-w6081adf0d358a-0-3-0\" ><div\n\t\t\t\n\t\t\tclass=\"so-widget-sow-editor so-widget-sow-editor-base\"\n\t\t\t\n\t\t><h3 class=\"widget-title\">4. L\u00c9P\u00c9S<\/h3>\n<div class=\"siteorigin-widget-tinymce textwidget\">\n\t<p style=\"text-align: center;\">K\u00fcldd el nek\u00fcnk az \u00fatvonalak Strava linkjeit m\u00e1jus 16-ig! Ha mindegyik szakaszt letekered \u00e9s bek\u00fcld\u00f6d, megnyerheted a f\u0151nyerem\u00e9nyt!<\/p>\n<\/div>\n<\/div><\/div><\/div><\/div><\/div><\/div><\/div><\/div><\/div><\/div><\/div><div id=\"pg-10698-3\"  class=\"panel-grid panel-has-style\" ><div class=\"container panel-row-style panel-row-style-for-10698-3\" id=\"zt-form\" ><div id=\"pgc-10698-3-0\"  class=\"panel-grid-cell\" ><div id=\"panel-10698-3-0-0\" class=\"so-panel widget widget_sow-editor panel-first-child panel-last-child\" data-index=\"4\" ><div\n\t\t\t\n\t\t\tclass=\"so-widget-sow-editor so-widget-sow-editor-base\"\n\t\t\t\n\t\t>\n<div class=\"siteorigin-widget-tinymce textwidget\">\n\t<\/div>\n<\/div><\/div><\/div><\/div><\/div><div id=\"pg-10698-4\"  class=\"panel-grid panel-has-style\" ><div class=\"container panel-row-style panel-row-style-for-10698-4\" ><div id=\"pgc-10698-4-0\"  class=\"panel-grid-cell\" ><div id=\"panel-10698-4-0-0\" class=\"so-panel widget widget_siteorigin-panels-builder panel-first-child panel-last-child\" data-index=\"5\" ><div id=\"etapok\" class=\"panel-widget-style panel-widget-style-for-10698-4-0-0\" ><div id=\"pl-w60828ab598d03\"  class=\"panel-layout\" ><div id=\"pg-w60828ab598d03-0\"  class=\"panel-grid panel-no-style\" ><div id=\"pgc-w60828ab598d03-0-0\"  class=\"panel-grid-cell\" ><div class=\"panel-cell-style panel-cell-style-for-w60828ab598d03-0-0\" ><div id=\"panel-w60828ab598d03-0-0-0\" class=\"so-panel widget widget_sow-editor panel-first-child panel-last-child\" data-index=\"0\" ><div class=\"etap panel-widget-style panel-widget-style-for-w60828ab598d03-0-0-0\" ><div\n\t\t\t\n\t\t\tclass=\"so-widget-sow-editor so-widget-sow-editor-base\"\n\t\t\t\n\t\t><h3 class=\"widget-title\">1. ETAP<\/h3>\n<div class=\"siteorigin-widget-tinymce textwidget\">\n\t<p style=\"text-align: center;\">A TdH els\u0151 szakasz\u00e1n\u00a0<b data-stringify-type=\"bold\">1280 m\u00e9teres a szintemelked\u00e9s<\/b>. Tekerj le te is ennyit! A t\u00e1v nem sz\u00e1m\u00edt.<\/p>\n<\/div>\n<\/div><\/div><\/div><\/div><\/div><div id=\"pgc-w60828ab598d03-0-1\"  class=\"panel-grid-cell\" ><div class=\"panel-cell-style panel-cell-style-for-w60828ab598d03-0-1\" ><div id=\"panel-w60828ab598d03-0-1-0\" class=\"so-panel widget widget_sow-editor panel-first-child panel-last-child\" data-index=\"1\" ><div class=\"etap panel-widget-style panel-widget-style-for-w60828ab598d03-0-1-0\" ><div\n\t\t\t\n\t\t\tclass=\"so-widget-sow-editor so-widget-sow-editor-base\"\n\t\t\t\n\t\t><h3 class=\"widget-title\">2. ETAP<\/h3>\n<div class=\"siteorigin-widget-tinymce textwidget\">\n\t<p style=\"text-align: center;\">Tekerj legal\u00e1bb\u00a0<b data-stringify-type=\"bold\">4 \u00f3r\u00e1n \u00e9s 36 percen<\/b> \u00e1t!<br \/>\nA m\u00e1sodik etap befut\u00f3ja v\u00e1rhat\u00f3an ennyi id\u0151 alatt\u00a0\u00e9r majd be.<\/p>\n<\/div>\n<\/div><\/div><\/div><\/div><\/div><div id=\"pgc-w60828ab598d03-0-2\"  class=\"panel-grid-cell\" ><div class=\"panel-cell-style panel-cell-style-for-w60828ab598d03-0-2\" ><div id=\"panel-w60828ab598d03-0-2-0\" class=\"so-panel widget widget_sow-editor panel-first-child panel-last-child\" data-index=\"2\" ><div class=\"etap panel-widget-style panel-widget-style-for-w60828ab598d03-0-2-0\" id=\"etap3\" ><div\n\t\t\t\n\t\t\tclass=\"so-widget-sow-editor so-widget-sow-editor-base\"\n\t\t\t\n\t\t><h3 class=\"widget-title\">3. ETAP<\/h3>\n<div class=\"siteorigin-widget-tinymce textwidget\">\n\t<p style=\"text-align: center;\">A harmadik szakaszon <strong>44 km\/\u00f3r\u00e1s \u00e1tlagsebess\u00e9ggel<\/strong> kell haladnia a gy\u0151ztesnek. \u00c9rj el ekkora maxim\u00e1lis sebess\u00e9get!<\/p>\n<\/div>\n<\/div><\/div><\/div><\/div><\/div><\/div><div id=\"pg-w60828ab598d03-1\"  class=\"panel-grid panel-no-style\" ><div id=\"pgc-w60828ab598d03-1-0\"  class=\"panel-grid-cell\" ><div class=\"panel-cell-style panel-cell-style-for-w60828ab598d03-1-0\" ><div id=\"panel-w60828ab598d03-1-0-0\" class=\"so-panel widget widget_sow-editor panel-first-child panel-last-child\" data-index=\"3\" ><div class=\"etap panel-widget-style panel-widget-style-for-w60828ab598d03-1-0-0\" ><div\n\t\t\t\n\t\t\tclass=\"so-widget-sow-editor so-widget-sow-editor-base\"\n\t\t\t\n\t\t><h3 class=\"widget-title\">4. ETAP<\/h3>\n<div class=\"siteorigin-widget-tinymce textwidget\">\n\t<p style=\"text-align: center;\">Tekerj legal\u00e1bb\u00a0<b data-stringify-type=\"bold\">5 \u00f3r\u00e1n \u00e9s 3 percen<\/b> \u00e1t!<br \/>\nV\u00e1rhat\u00f3an ennyi id\u0151be telik majd a szakaszgy\u0151ztesnek be\u00e9rni a negyedik etap c\u00e9lj\u00e1ba.<\/p>\n<\/div>\n<\/div><\/div><\/div><\/div><\/div><div id=\"pgc-w60828ab598d03-1-1\"  class=\"panel-grid-cell panel-grid-cell-mobile-last\" ><div class=\"panel-cell-style panel-cell-style-for-w60828ab598d03-1-1\" ><div id=\"panel-w60828ab598d03-1-1-0\" class=\"so-panel widget widget_sow-editor panel-first-child panel-last-child\" data-index=\"4\" ><div class=\"etap panel-widget-style panel-widget-style-for-w60828ab598d03-1-1-0\" ><div\n\t\t\t\n\t\t\tclass=\"so-widget-sow-editor so-widget-sow-editor-base\"\n\t\t\t\n\t\t><h3 class=\"widget-title\">5. ETAP<\/h3>\n<div class=\"siteorigin-widget-tinymce textwidget\">\n\t<p style=\"text-align: center;\">Tegy\u00e9l meg\u00a0<b data-stringify-type=\"bold\">92 km<\/b>-et!<br \/>\nA versenyz\u0151k ehhez 12-szer tekerik k\u00f6rbe a V\u00e1rosliget k\u00f6rny\u00e9k\u00e9t, de te persze v\u00e1laszthatsz m\u00e1s helysz\u00ednt is!<\/p>\n<\/div>\n<\/div><\/div><\/div><\/div><\/div><div id=\"pgc-w60828ab598d03-1-2\"  class=\"panel-grid-cell panel-grid-cell-empty\" ><\/div><\/div><\/div><\/div><\/div><\/div><\/div><\/div><div id=\"pg-10698-5\"  class=\"panel-grid panel-no-style\" ><div id=\"pgc-10698-5-0\"  class=\"panel-grid-cell\" ><div id=\"panel-10698-5-0-0\" class=\"so-panel widget widget_siteorigin-panels-builder panel-first-child panel-last-child\" data-index=\"6\" ><div class=\"container panel-widget-style panel-widget-style-for-10698-5-0-0\" id=\"nyeremeny\" ><div id=\"pl-w6082a33b2d29f\"  class=\"panel-layout\" ><div id=\"pg-w6082a33b2d29f-0\"  class=\"panel-grid panel-has-style\" ><div class=\"panel-row-style panel-row-style-for-w6082a33b2d29f-0\" ><div id=\"pgc-w6082a33b2d29f-0-0\"  class=\"panel-grid-cell\" ><div id=\"panel-w6082a33b2d29f-0-0-0\" class=\"so-panel widget widget_sow-editor panel-first-child panel-last-child\" data-index=\"0\" ><div id=\"nyinfo\" class=\"panel-widget-style panel-widget-style-for-w6082a33b2d29f-0-0-0\" ><div\n\t\t\t\n\t\t\tclass=\"so-widget-sow-editor so-widget-sow-editor-base\"\n\t\t\t\n\t\t>\n<div class=\"siteorigin-widget-tinymce textwidget\">\n\t<h2 style=\"text-align: center;\">NYEREM\u00c9NYEK<\/h2>\n<p style=\"text-align: center;\"><strong>F\u0151nyerem\u00e9ny:<\/strong><br \/>\negyedi TdH z\u00f6ld trik\u00f3 + \u00faj ENYAQ iV tesztvezet\u00e9s h\u00e9tv\u00e9ge<\/p>\n<p style=\"text-align: center;\"><strong>Szakasznyerem\u00e9nyek:<\/strong><br \/>\nKer\u00e9kp\u00e1ros szersz\u00e1mk\u00e9szlet + k\u00e9zi pumpa<br \/>\n+ l\u00e1mpaszett + kulacs + h\u00e1tizs\u00e1k<\/p>\n<p style=\"text-align: center;font-size:12px;line-height:15px;\"><span style=\"font-size: 8pt;\">A szakasznyerem\u00e9nyeket etaponk\u00e9nt sorsoljuk, a f\u0151nyerem\u00e9ny pedig azok k\u00f6z\u00f6tt tal\u00e1l gazd\u00e1ra, akik mind az \u00f6t szakaszhoz tartoz\u00f3 feladatot teljes\u00edtett\u00e9k.<\/span><\/p>\n<\/div>\n<\/div><\/div><\/div><\/div><div id=\"pgc-w6082a33b2d29f-0-1\"  class=\"panel-grid-cell\" ><div id=\"panel-w6082a33b2d29f-0-1-0\" class=\"so-panel widget widget_sow-image panel-first-child panel-last-child\" data-index=\"1\" ><div id=\"nyimg\" class=\"panel-widget-style panel-widget-style-for-w6082a33b2d29f-0-1-0\" ><div\n\t\t\t\n\t\t\tclass=\"so-widget-sow-image so-widget-sow-image-default-e4c2d9f6c920\"\n\t\t\t\n\t\t>\n<div class=\"sow-image-container\">\n\t\t<img loading=\"lazy\" decoding=\"async\" src=\"https:\/\/d2p6e6u75xmxt8.cloudfront.net\/12\/2021\/04\/nyeremenyek-min.png\" width=\"524\" height=\"464\" srcset=\"https:\/\/d2p6e6u75xmxt8.cloudfront.net\/12\/2021\/04\/nyeremenyek-min.png 524w, https:\/\/d2p6e6u75xmxt8.cloudfront.net\/12\/2021\/04\/nyeremenyek-min-300x266.png 300w\" sizes=\"auto, (max-width: 524px) 100vw, 524px\" alt=\"\" \t\tclass=\"so-widget-image\"\/>\n\t<\/div>\n\n<\/div><\/div><\/div><\/div><\/div><\/div><\/div><\/div><\/div><\/div><\/div><\/div>","protected":false},"excerpt":{"rendered":"<p>Sz\u00e1llj te is versenybe! Te le tudn\u00e1d tekerni a Tour de Hongrie szakaszait? Sz\u00e1llj versenybe Strava klubtagjainkkal \u00e9s vidd haza [&hellip;]<\/p>\n","protected":false},"author":71,"featured_media":0,"parent":0,"menu_order":0,"comment_status":"closed","ping_status":"closed","template":"templates\/template-full-width.php","meta":{"footnotes":""},"tags":[],"class_list":["post-10698","page","type-page","status-publish","hentry"],"yoast_head":"<!-- This site is optimized with the Yoast SEO Premium plugin v25.3 (Yoast SEO v25.9) - https:\/\/yoast.com\/wordpress\/plugins\/seo\/ -->\n<title>Z\u00f6ld trik\u00f3 - \u0160koda We Love Cycling - Magyarorsz\u00e1g<\/title>\n<meta name=\"description\" content=\"Te le tudn\u00e1d tekerni a Tour de Hongrie szakaszait? Sz\u00e1llj versenybe Strava klubtagjainkkal \u00e9s vidd haza a szakasznyerem\u00e9nyeket vagy a leggyorsabbnak j\u00e1r\u00f3 z\u00f6ld \u0160koda trik\u00f3t!\" \/>\n<meta name=\"robots\" content=\"index, follow, max-snippet:-1, max-image-preview:large, max-video-preview:-1\" \/>\n<link rel=\"canonical\" href=\"https:\/\/www.welovecycling.com\/hu\/zold-triko\/\" \/>\n<meta property=\"og:locale\" content=\"hu_HU\" \/>\n<meta property=\"og:type\" content=\"article\" \/>\n<meta property=\"og:title\" content=\"Z\u00f6ld trik\u00f3\" \/>\n<meta property=\"og:description\" content=\"Te le tudn\u00e1d tekerni a Tour de Hongrie szakaszait? Sz\u00e1llj versenybe Strava klubtagjainkkal \u00e9s vidd haza a szakasznyerem\u00e9nyeket vagy a leggyorsabbnak j\u00e1r\u00f3 z\u00f6ld \u0160koda trik\u00f3t!\" \/>\n<meta property=\"og:url\" content=\"https:\/\/www.welovecycling.com\/hu\/zold-triko\/\" \/>\n<meta property=\"og:site_name\" content=\"\u0160koda We Love Cycling - Magyarorsz\u00e1g\" \/>\n<meta property=\"article:publisher\" content=\"https:\/\/www.facebook.com\/WeLoveCyclingHungary\/\" \/>\n<meta property=\"article:modified_time\" content=\"2021-05-17T09:16:06+00:00\" \/>\n<meta property=\"og:image\" content=\"https:\/\/d2p6e6u75xmxt8.cloudfront.net\/12\/2021\/04\/WL007_landing_nyeremenyjatek_hero.jpg\" \/>\n\t<meta property=\"og:image:width\" content=\"1920\" \/>\n\t<meta property=\"og:image:height\" content=\"788\" \/>\n\t<meta property=\"og:image:type\" content=\"image\/jpeg\" \/>\n<meta name=\"twitter:card\" content=\"summary_large_image\" \/>\n<meta name=\"twitter:label1\" content=\"Est. reading time\" \/>\n\t<meta name=\"twitter:data1\" content=\"2 minutes\" \/>\n<script type=\"application\/ld+json\" class=\"yoast-schema-graph\">{\"@context\":\"https:\/\/schema.org\",\"@graph\":[{\"@type\":\"WebPage\",\"@id\":\"https:\/\/www.welovecycling.com\/hu\/zold-triko\/\",\"url\":\"https:\/\/www.welovecycling.com\/hu\/zold-triko\/\",\"name\":\"Z\u00f6ld trik\u00f3 - \u0160koda We Love Cycling - Magyarorsz\u00e1g\",\"isPartOf\":{\"@id\":\"https:\/\/www.welovecycling.com\/hu\/#website\"},\"datePublished\":\"2021-04-22T09:36:20+00:00\",\"dateModified\":\"2021-05-17T09:16:06+00:00\",\"description\":\"Te le tudn\u00e1d tekerni a Tour de Hongrie szakaszait? Sz\u00e1llj versenybe Strava klubtagjainkkal \u00e9s vidd haza a szakasznyerem\u00e9nyeket vagy a leggyorsabbnak j\u00e1r\u00f3 z\u00f6ld \u0160koda trik\u00f3t!\",\"breadcrumb\":{\"@id\":\"https:\/\/www.welovecycling.com\/hu\/zold-triko\/#breadcrumb\"},\"inLanguage\":\"hu\",\"potentialAction\":[{\"@type\":\"ReadAction\",\"target\":[\"https:\/\/www.welovecycling.com\/hu\/zold-triko\/\"]}]},{\"@type\":\"BreadcrumbList\",\"@id\":\"https:\/\/www.welovecycling.com\/hu\/zold-triko\/#breadcrumb\",\"itemListElement\":[{\"@type\":\"ListItem\",\"position\":1,\"name\":\"Home\",\"item\":\"https:\/\/www.welovecycling.com\/hu\/\"},{\"@type\":\"ListItem\",\"position\":2,\"name\":\"Z\u00f6ld trik\u00f3\"}]},{\"@type\":\"WebSite\",\"@id\":\"https:\/\/www.welovecycling.com\/hu\/#website\",\"url\":\"https:\/\/www.welovecycling.com\/hu\/\",\"name\":\"\u0160koda We Love Cycling - Magyarorsz\u00e1g\",\"description\":\"\u0160koda WeLoveCycling\",\"potentialAction\":[{\"@type\":\"SearchAction\",\"target\":{\"@type\":\"EntryPoint\",\"urlTemplate\":\"https:\/\/www.welovecycling.com\/hu\/?s={search_term_string}\"},\"query-input\":{\"@type\":\"PropertyValueSpecification\",\"valueRequired\":true,\"valueName\":\"search_term_string\"}}],\"inLanguage\":\"hu\"}]}<\/script>\n<!-- \/ Yoast SEO Premium plugin. -->","yoast_head_json":{"title":"Z\u00f6ld trik\u00f3 - \u0160koda We Love Cycling - Magyarorsz\u00e1g","description":"Te le tudn\u00e1d tekerni a Tour de Hongrie szakaszait? Sz\u00e1llj versenybe Strava klubtagjainkkal \u00e9s vidd haza a szakasznyerem\u00e9nyeket vagy a leggyorsabbnak j\u00e1r\u00f3 z\u00f6ld \u0160koda trik\u00f3t!","robots":{"index":"index","follow":"follow","max-snippet":"max-snippet:-1","max-image-preview":"max-image-preview:large","max-video-preview":"max-video-preview:-1"},"canonical":"https:\/\/www.welovecycling.com\/hu\/zold-triko\/","og_locale":"hu_HU","og_type":"article","og_title":"Z\u00f6ld trik\u00f3","og_description":"Te le tudn\u00e1d tekerni a Tour de Hongrie szakaszait? Sz\u00e1llj versenybe Strava klubtagjainkkal \u00e9s vidd haza a szakasznyerem\u00e9nyeket vagy a leggyorsabbnak j\u00e1r\u00f3 z\u00f6ld \u0160koda trik\u00f3t!","og_url":"https:\/\/www.welovecycling.com\/hu\/zold-triko\/","og_site_name":"\u0160koda We Love Cycling - Magyarorsz\u00e1g","article_publisher":"https:\/\/www.facebook.com\/WeLoveCyclingHungary\/","article_modified_time":"2021-05-17T09:16:06+00:00","og_image":[{"width":1920,"height":788,"url":"https:\/\/d2p6e6u75xmxt8.cloudfront.net\/12\/2021\/04\/WL007_landing_nyeremenyjatek_hero.jpg","type":"image\/jpeg"}],"twitter_card":"summary_large_image","twitter_misc":{"Est. reading time":"2 minutes"},"schema":{"@context":"https:\/\/schema.org","@graph":[{"@type":"WebPage","@id":"https:\/\/www.welovecycling.com\/hu\/zold-triko\/","url":"https:\/\/www.welovecycling.com\/hu\/zold-triko\/","name":"Z\u00f6ld trik\u00f3 - \u0160koda We Love Cycling - Magyarorsz\u00e1g","isPartOf":{"@id":"https:\/\/www.welovecycling.com\/hu\/#website"},"datePublished":"2021-04-22T09:36:20+00:00","dateModified":"2021-05-17T09:16:06+00:00","description":"Te le tudn\u00e1d tekerni a Tour de Hongrie szakaszait? Sz\u00e1llj versenybe Strava klubtagjainkkal \u00e9s vidd haza a szakasznyerem\u00e9nyeket vagy a leggyorsabbnak j\u00e1r\u00f3 z\u00f6ld \u0160koda trik\u00f3t!","breadcrumb":{"@id":"https:\/\/www.welovecycling.com\/hu\/zold-triko\/#breadcrumb"},"inLanguage":"hu","potentialAction":[{"@type":"ReadAction","target":["https:\/\/www.welovecycling.com\/hu\/zold-triko\/"]}]},{"@type":"BreadcrumbList","@id":"https:\/\/www.welovecycling.com\/hu\/zold-triko\/#breadcrumb","itemListElement":[{"@type":"ListItem","position":1,"name":"Home","item":"https:\/\/www.welovecycling.com\/hu\/"},{"@type":"ListItem","position":2,"name":"Z\u00f6ld trik\u00f3"}]},{"@type":"WebSite","@id":"https:\/\/www.welovecycling.com\/hu\/#website","url":"https:\/\/www.welovecycling.com\/hu\/","name":"\u0160koda We Love Cycling - Magyarorsz\u00e1g","description":"\u0160koda WeLoveCycling","potentialAction":[{"@type":"SearchAction","target":{"@type":"EntryPoint","urlTemplate":"https:\/\/www.welovecycling.com\/hu\/?s={search_term_string}"},"query-input":{"@type":"PropertyValueSpecification","valueRequired":true,"valueName":"search_term_string"}}],"inLanguage":"hu"}]}},"_links":{"self":[{"href":"https:\/\/www.welovecycling.com\/hu\/wp-json\/wp\/v2\/pages\/10698","targetHints":{"allow":["GET"]}}],"collection":[{"href":"https:\/\/www.welovecycling.com\/hu\/wp-json\/wp\/v2\/pages"}],"about":[{"href":"https:\/\/www.welovecycling.com\/hu\/wp-json\/wp\/v2\/types\/page"}],"author":[{"embeddable":true,"href":"https:\/\/www.welovecycling.com\/hu\/wp-json\/wp\/v2\/users\/71"}],"replies":[{"embeddable":true,"href":"https:\/\/www.welovecycling.com\/hu\/wp-json\/wp\/v2\/comments?post=10698"}],"version-history":[{"count":2,"href":"https:\/\/www.welovecycling.com\/hu\/wp-json\/wp\/v2\/pages\/10698\/revisions"}],"predecessor-version":[{"id":11502,"href":"https:\/\/www.welovecycling.com\/hu\/wp-json\/wp\/v2\/pages\/10698\/revisions\/11502"}],"wp:attachment":[{"href":"https:\/\/www.welovecycling.com\/hu\/wp-json\/wp\/v2\/media?parent=10698"}],"wp:term":[{"taxonomy":"post_tag","embeddable":true,"href":"https:\/\/www.welovecycling.com\/hu\/wp-json\/wp\/v2\/tags?post=10698"}],"curies":[{"name":"wp","href":"https:\/\/api.w.org\/{rel}","templated":true}]}}