{"id":10111,"date":"2021-02-09T12:16:41","date_gmt":"2021-02-09T11:16:41","guid":{"rendered":"https:\/\/www.welovecycling.com\/hu\/?page_id=10111"},"modified":"2022-09-23T10:55:43","modified_gmt":"2022-09-23T08:55:43","slug":"hirlevel","status":"publish","type":"page","link":"https:\/\/www.welovecycling.com\/hu\/hirlevel\/","title":{"rendered":"H\u00edrlev\u00e9l"},"content":{"rendered":"<div id=\"pl-10111\"  class=\"panel-layout\" ><div id=\"pg-10111-0\"  class=\"panel-grid panel-has-style\" ><div class=\"container panel-row-style panel-row-style-for-10111-0\" ><div id=\"pgc-10111-0-0\"  class=\"panel-grid-cell\" ><div class=\"panel-cell-style panel-cell-style-for-10111-0-0\" ><div id=\"panel-10111-0-0-0\" class=\"so-panel widget widget_sow-editor panel-first-child\" data-index=\"0\" ><div\n\t\t\t\n\t\t\tclass=\"so-widget-sow-editor so-widget-sow-editor-base\"\n\t\t\t\n\t\t>\n<div class=\"siteorigin-widget-tinymce textwidget\">\n\t<iframe loading=\"lazy\" title=\"\" src=\"https:\/\/media.pohu.hu\/skoda\/welovecycling\/\" width=\"100%\" height=\"900\"><\/iframe><\/div>\n<\/div><\/div><div id=\"panel-10111-0-0-1\" class=\"widget_text so-panel widget widget_custom_html panel-last-child\" data-index=\"1\" ><div id=\"none\" class=\"widget_text panel-widget-style panel-widget-style-for-10111-0-0-1\" ><div class=\"textwidget custom-html-widget\"><style>\n\th1.page-title {display:none!important}\n\t#none {margin:0!important}\n\n<\/style><\/div><\/div><\/div><\/div><\/div><div id=\"pgc-10111-0-1\"  class=\"panel-grid-cell\" ><div id=\"panel-10111-0-1-0\" class=\"so-panel widget widget_sow-image panel-first-child panel-last-child\" data-index=\"2\" ><div class=\"panel-widget-style panel-widget-style-for-10111-0-1-0\" ><div\n\t\t\t\n\t\t\tclass=\"so-widget-sow-image so-widget-sow-image-default-8b5b6f678277-10111\"\n\t\t\t\n\t\t>\n<div class=\"sow-image-container\">\n\t\t<img loading=\"lazy\" decoding=\"async\" src=\"https:\/\/d2p6e6u75xmxt8.cloudfront.net\/12\/2021\/05\/large-WL009_feliratkozas_imagekep_v0.png\" width=\"734\" height=\"847\" srcset=\"https:\/\/d2p6e6u75xmxt8.cloudfront.net\/12\/2021\/05\/large-WL009_feliratkozas_imagekep_v0.png 734w, https:\/\/d2p6e6u75xmxt8.cloudfront.net\/12\/2021\/05\/large-WL009_feliratkozas_imagekep_v0-260x300.png 260w\" sizes=\"auto, (max-width: 734px) 100vw, 734px\" alt=\"\" \t\tclass=\"so-widget-image\"\/>\n\t<\/div>\n\n<\/div><\/div><\/div><\/div><\/div><\/div><\/div>","protected":false},"excerpt":{"rendered":"","protected":false},"author":71,"featured_media":0,"parent":0,"menu_order":0,"comment_status":"closed","ping_status":"closed","template":"templates\/template-full-width.php","meta":{"footnotes":""},"tags":[],"class_list":["post-10111","page","type-page","status-publish","hentry"],"yoast_head":"<!-- This site is optimized with the Yoast SEO Premium plugin v25.3 (Yoast SEO v25.9) - https:\/\/yoast.com\/wordpress\/plugins\/seo\/ -->\n<title>H\u00edrlev\u00e9l - \u0160koda We Love Cycling - Magyarorsz\u00e1g<\/title>\n<meta name=\"description\" content=\"Ha nem akarsz lemaradni a bring\u00e1s vil\u00e1g h\u00edreir\u0151l, iratkozz fel a Welovecycling Magyarorsz\u00e1g h\u00edrlevel\u00e9re!\" \/>\n<meta name=\"robots\" content=\"index, follow, max-snippet:-1, max-image-preview:large, max-video-preview:-1\" \/>\n<link rel=\"canonical\" href=\"https:\/\/www.welovecycling.com\/hu\/hirlevel\/\" \/>\n<meta property=\"og:locale\" content=\"hu_HU\" \/>\n<meta property=\"og:type\" content=\"article\" \/>\n<meta property=\"og:title\" content=\"H\u00edrlev\u00e9l\" \/>\n<meta property=\"og:description\" content=\"Ha nem akarsz lemaradni a bring\u00e1s vil\u00e1g h\u00edreir\u0151l, iratkozz fel a Welovecycling Magyarorsz\u00e1g h\u00edrlevel\u00e9re!\" \/>\n<meta property=\"og:url\" content=\"https:\/\/www.welovecycling.com\/hu\/hirlevel\/\" \/>\n<meta property=\"og:site_name\" content=\"\u0160koda We Love Cycling - Magyarorsz\u00e1g\" \/>\n<meta property=\"article:publisher\" content=\"https:\/\/www.facebook.com\/WeLoveCyclingHungary\/\" \/>\n<meta property=\"article:modified_time\" content=\"2022-09-23T08:55:43+00:00\" \/>\n<meta property=\"og:image\" content=\"https:\/\/d2p6e6u75xmxt8.cloudfront.net\/12\/2022\/09\/296105562_1747471738928370_1003570493530325133_n.jpg\" \/>\n\t<meta property=\"og:image:width\" content=\"2048\" \/>\n\t<meta property=\"og:image:height\" content=\"1365\" \/>\n\t<meta property=\"og:image:type\" content=\"image\/jpeg\" \/>\n<meta name=\"twitter:card\" content=\"summary_large_image\" \/>\n<script type=\"application\/ld+json\" class=\"yoast-schema-graph\">{\"@context\":\"https:\/\/schema.org\",\"@graph\":[{\"@type\":\"WebPage\",\"@id\":\"https:\/\/www.welovecycling.com\/hu\/hirlevel\/\",\"url\":\"https:\/\/www.welovecycling.com\/hu\/hirlevel\/\",\"name\":\"H\u00edrlev\u00e9l - \u0160koda We Love Cycling - Magyarorsz\u00e1g\",\"isPartOf\":{\"@id\":\"https:\/\/www.welovecycling.com\/hu\/#website\"},\"datePublished\":\"2021-02-09T11:16:41+00:00\",\"dateModified\":\"2022-09-23T08:55:43+00:00\",\"description\":\"Ha nem akarsz lemaradni a bring\u00e1s vil\u00e1g h\u00edreir\u0151l, iratkozz fel a Welovecycling Magyarorsz\u00e1g h\u00edrlevel\u00e9re!\",\"breadcrumb\":{\"@id\":\"https:\/\/www.welovecycling.com\/hu\/hirlevel\/#breadcrumb\"},\"inLanguage\":\"hu\",\"potentialAction\":[{\"@type\":\"ReadAction\",\"target\":[\"https:\/\/www.welovecycling.com\/hu\/hirlevel\/\"]}]},{\"@type\":\"BreadcrumbList\",\"@id\":\"https:\/\/www.welovecycling.com\/hu\/hirlevel\/#breadcrumb\",\"itemListElement\":[{\"@type\":\"ListItem\",\"position\":1,\"name\":\"Home\",\"item\":\"https:\/\/www.welovecycling.com\/hu\/\"},{\"@type\":\"ListItem\",\"position\":2,\"name\":\"H\u00edrlev\u00e9l\"}]},{\"@type\":\"WebSite\",\"@id\":\"https:\/\/www.welovecycling.com\/hu\/#website\",\"url\":\"https:\/\/www.welovecycling.com\/hu\/\",\"name\":\"\u0160koda We Love Cycling - Magyarorsz\u00e1g\",\"description\":\"\u0160koda WeLoveCycling\",\"potentialAction\":[{\"@type\":\"SearchAction\",\"target\":{\"@type\":\"EntryPoint\",\"urlTemplate\":\"https:\/\/www.welovecycling.com\/hu\/?s={search_term_string}\"},\"query-input\":{\"@type\":\"PropertyValueSpecification\",\"valueRequired\":true,\"valueName\":\"search_term_string\"}}],\"inLanguage\":\"hu\"}]}<\/script>\n<!-- \/ Yoast SEO Premium plugin. -->","yoast_head_json":{"title":"H\u00edrlev\u00e9l - \u0160koda We Love Cycling - Magyarorsz\u00e1g","description":"Ha nem akarsz lemaradni a bring\u00e1s vil\u00e1g h\u00edreir\u0151l, iratkozz fel a Welovecycling Magyarorsz\u00e1g h\u00edrlevel\u00e9re!","robots":{"index":"index","follow":"follow","max-snippet":"max-snippet:-1","max-image-preview":"max-image-preview:large","max-video-preview":"max-video-preview:-1"},"canonical":"https:\/\/www.welovecycling.com\/hu\/hirlevel\/","og_locale":"hu_HU","og_type":"article","og_title":"H\u00edrlev\u00e9l","og_description":"Ha nem akarsz lemaradni a bring\u00e1s vil\u00e1g h\u00edreir\u0151l, iratkozz fel a Welovecycling Magyarorsz\u00e1g h\u00edrlevel\u00e9re!","og_url":"https:\/\/www.welovecycling.com\/hu\/hirlevel\/","og_site_name":"\u0160koda We Love Cycling - Magyarorsz\u00e1g","article_publisher":"https:\/\/www.facebook.com\/WeLoveCyclingHungary\/","article_modified_time":"2022-09-23T08:55:43+00:00","og_image":[{"width":2048,"height":1365,"url":"https:\/\/d2p6e6u75xmxt8.cloudfront.net\/12\/2022\/09\/296105562_1747471738928370_1003570493530325133_n.jpg","type":"image\/jpeg"}],"twitter_card":"summary_large_image","schema":{"@context":"https:\/\/schema.org","@graph":[{"@type":"WebPage","@id":"https:\/\/www.welovecycling.com\/hu\/hirlevel\/","url":"https:\/\/www.welovecycling.com\/hu\/hirlevel\/","name":"H\u00edrlev\u00e9l - \u0160koda We Love Cycling - Magyarorsz\u00e1g","isPartOf":{"@id":"https:\/\/www.welovecycling.com\/hu\/#website"},"datePublished":"2021-02-09T11:16:41+00:00","dateModified":"2022-09-23T08:55:43+00:00","description":"Ha nem akarsz lemaradni a bring\u00e1s vil\u00e1g h\u00edreir\u0151l, iratkozz fel a Welovecycling Magyarorsz\u00e1g h\u00edrlevel\u00e9re!","breadcrumb":{"@id":"https:\/\/www.welovecycling.com\/hu\/hirlevel\/#breadcrumb"},"inLanguage":"hu","potentialAction":[{"@type":"ReadAction","target":["https:\/\/www.welovecycling.com\/hu\/hirlevel\/"]}]},{"@type":"BreadcrumbList","@id":"https:\/\/www.welovecycling.com\/hu\/hirlevel\/#breadcrumb","itemListElement":[{"@type":"ListItem","position":1,"name":"Home","item":"https:\/\/www.welovecycling.com\/hu\/"},{"@type":"ListItem","position":2,"name":"H\u00edrlev\u00e9l"}]},{"@type":"WebSite","@id":"https:\/\/www.welovecycling.com\/hu\/#website","url":"https:\/\/www.welovecycling.com\/hu\/","name":"\u0160koda We Love Cycling - Magyarorsz\u00e1g","description":"\u0160koda WeLoveCycling","potentialAction":[{"@type":"SearchAction","target":{"@type":"EntryPoint","urlTemplate":"https:\/\/www.welovecycling.com\/hu\/?s={search_term_string}"},"query-input":{"@type":"PropertyValueSpecification","valueRequired":true,"valueName":"search_term_string"}}],"inLanguage":"hu"}]}},"_links":{"self":[{"href":"https:\/\/www.welovecycling.com\/hu\/wp-json\/wp\/v2\/pages\/10111","targetHints":{"allow":["GET"]}}],"collection":[{"href":"https:\/\/www.welovecycling.com\/hu\/wp-json\/wp\/v2\/pages"}],"about":[{"href":"https:\/\/www.welovecycling.com\/hu\/wp-json\/wp\/v2\/types\/page"}],"author":[{"embeddable":true,"href":"https:\/\/www.welovecycling.com\/hu\/wp-json\/wp\/v2\/users\/71"}],"replies":[{"embeddable":true,"href":"https:\/\/www.welovecycling.com\/hu\/wp-json\/wp\/v2\/comments?post=10111"}],"version-history":[{"count":2,"href":"https:\/\/www.welovecycling.com\/hu\/wp-json\/wp\/v2\/pages\/10111\/revisions"}],"predecessor-version":[{"id":16163,"href":"https:\/\/www.welovecycling.com\/hu\/wp-json\/wp\/v2\/pages\/10111\/revisions\/16163"}],"wp:attachment":[{"href":"https:\/\/www.welovecycling.com\/hu\/wp-json\/wp\/v2\/media?parent=10111"}],"wp:term":[{"taxonomy":"post_tag","embeddable":true,"href":"https:\/\/www.welovecycling.com\/hu\/wp-json\/wp\/v2\/tags?post=10111"}],"curies":[{"name":"wp","href":"https:\/\/api.w.org\/{rel}","templated":true}]}}