{"id":9844,"date":"2023-04-20T16:32:00","date_gmt":"2023-04-20T14:32:00","guid":{"rendered":"https:\/\/www.welovecycling.com\/es\/?page_id=9844"},"modified":"2023-04-25T12:46:44","modified_gmt":"2023-04-25T10:46:44","slug":"condiciones-del-anuncio","status":"publish","type":"page","link":"https:\/\/www.welovecycling.com\/es\/titan-desert-2023\/condiciones-del-anuncio\/","title":{"rendered":"Condiciones del anuncio, Consentimiento al tratamiento de datos personales"},"content":{"rendered":"<p>Estas normas regulan las condiciones del \u00abConcurso Titan Desert Almer\u00eda\u00bb (en lo sucesivo, denominado el \u00abconcurso\u00bb) y constituyen el \u00fanico documento que regula de forma completa y obligatoria las normas del mismo.<\/p>\n<h3>1. Anfitri\u00f3n y organizador del concurso<\/h3>\n<p>El anfitri\u00f3n del concurso es \u0160koda AUTO a.s., sociedad an\u00f3nima con domicilio social en t\u0159. V\u00e1clava Klementa 869, 293 01 Mlad\u00e1 Boleslav, Rep\u00fablica Checa, con n\u00famero de identificaci\u00f3n 00177041, registrada en el Registro Mercantil gestionado por el Tribunal Metropolitano de Praga, secci\u00f3n B, n\u00famero de archivo 332 (en lo sucesivo, denominada el \u00abanfitri\u00f3n\u00bb).<\/p>\n<p>El organizador del concurso, que proporciona los pasos pr\u00e1cticos de la organizaci\u00f3n, es MUSTARD s.r.o., con domicilio social en Praga 1 \u2013 Nov\u00e9 M\u011bsto, Masarykovo n\u00e1b\u0159. 246, 110 00, Rep\u00fablica Checa, con n\u00famero de identificaci\u00f3n 28531418, registrada en el Registro Mercantil gestionado por el Tribunal Metropolitano de Praga en la Secci\u00f3n C, entrada 148383.<\/p>\n<p>2. Condiciones y ubicaci\u00f3n del concurso, duraci\u00f3n<\/p>\n<p>El concurso se celebrar\u00e1 entre las 00:00 a. m. (GMT) del 26\/ 6\/ 2022 y las 23:59 p. m. (GTM) del 16\/ 7\/ 2022. El concurso se celebrar\u00e1 en la p\u00e1gina web www.welovecycling.com (en lo sucesivo, denominada la \u00abp\u00e1gina web del concurso\u00bb), donde se llevar\u00e1 a cabo principalmente la comunicaci\u00f3n con los participantes.<\/p>\n<h3>3. Participantes en el concurso<\/h3>\n<p>En el concurso puede participar cualquier persona que tenga 18 a\u00f1os o m\u00e1s, que tenga un nivel de ingl\u00e9s medio y que resida en uno de los pa\u00edses en los que se celebra el concurso. El concurso se celebra en los siguientes pa\u00edses: ALEMANIA, ANDORRA, AUSTRIA, B\u00c9LGICA, BOSNIA, BULGARIA, CROACIA, DINAMARCA, ESLOVAQUIA, ESLOVENIA, ESPA\u00d1A, ESTONIA, FINLANDIA, FRANCIA, GRAN BRETA\u00d1A, GRECIA, HUNGR\u00cdA, IRLANDA, ISLANDIA, ITALIA, LETONIA, LIECHTENSTEIN, LITUANIA, LUXEMBURGO, MONTENEGRO, NORUEGA, PA\u00cdSES BAJOS, POLONIA, PORTUGAL, REP\u00daBLICA CHECA, RUMAN\u00cdA, SERBIA, SUECIA, SUIZA, TURQU\u00cdA.<\/p>\n<p>Para participar en el concurso, es necesario registrarse en la p\u00e1gina web del concurso en cualquier momento durante la duraci\u00f3n del mismo y la aceptaci\u00f3n incondicional de estas normas. Una parte del registro (formulario de inscripci\u00f3n) es la aportaci\u00f3n de datos personales (la direcci\u00f3n de correo electr\u00f3nico solo se usar\u00e1 en el marco de este concurso).<\/p>\n<p>Cada participante puede registrarse solo una vez y solo con una direcci\u00f3n de correo electr\u00f3nico. El anfitri\u00f3n del concurso se reserva el derecho de comprobar que se cumple esta norma por medios t\u00e9cnicos u organizativos.<\/p>\n<p>Todas las personas que han participado en la preparaci\u00f3n de este concurso, especialmente las personas que trabajan para el anfitri\u00f3n o el organizador o que tienen una relaci\u00f3n similar con ellos, no podr\u00e1n participar en el concurso, al igual que las personas que tengan una relaci\u00f3n similar con el socio \u0160koda autorizado participante o con las agencias que participan en este concurso, familiares y personas cercanas.<\/p>\n<h3>4. Mecanismo del concurso y nombramiento de ganadores<\/h3>\n<p>Cada participante debe responder en cada periodo a cinco preguntas del concurso de la forma m\u00e1s correcta posible. Todos los participantes que hayan respondido correctamente a las cinco preguntas optan a ganar un premio.<\/p>\n<p>Los principales premios los ganar\u00e1n los participantes que hayan respondido correctamente a las preguntas situadas en 3\/11, 4\/11, 5\/11, 6\/11, 7\/11, 8\/11 y 9\/11 en la lista de todos los participantes. Si el n\u00famero de participantes no es divisible entre 11, el n\u00famero resultante se redondear\u00e1 hacia abajo al n\u00famero entero m\u00e1s cercano divisible entre 11.<br \/>\nLa lista de participantes anterior se clasificar\u00e1 de forma cronol\u00f3gica seg\u00fan el momento de env\u00edo de las preguntas del concurso.<\/p>\n<p>El anfitri\u00f3n del concurso informar\u00e1 a los ganadores a trav\u00e9s del correo electr\u00f3nico proporcionado durante el registro en los siguientes cinco d\u00edas posteriores tras el fin de la duraci\u00f3n del concurso correspondiente y se pedir\u00e1 a los ganadores que proporcionen los datos necesarios para la entrega o env\u00edo del premio o para futuras comunicaciones. Si el ganador no responde, ni siquiera a un correo electr\u00f3nico enviado de forma repetida por el anfitri\u00f3n del concurso o no proporciona los datos de contacto en 24 horas tras el env\u00edo del correo electr\u00f3nico, el premio caducar\u00e1 y no habr\u00e1 compensaci\u00f3n alguna.<\/p>\n<h3>5. Descripci\u00f3n de los premios<\/h3>\n<p>premios:<br \/>\n1 entrada a la carrera Titan Desert Almer\u00eda<br \/>\n1 bicicleta \u0160koda Kid<br \/>\n5 camisetas oficiales Titan Desert Marruecos<\/p>\n<h3>6. Adquisici\u00f3n y uso de grabaciones<\/h3>\n<p>Si un participante se convierte en ganador, otorga su consentimiento al anfitri\u00f3n para obtener y usar sus retratos, declaraciones escritas, fotograf\u00edas y grabaciones de audio y v\u00eddeo relacionadas con el participante y\/o expresiones de naturaleza personal obtenidas por el anfitri\u00f3n en relaci\u00f3n con la organizaci\u00f3n del concurso, adem\u00e1s de la entrega o presentaci\u00f3n de premios con fines comerciales en todos los medios de comunicaci\u00f3n, sin importar su car\u00e1cter y especificaciones, usando todos los medios t\u00edpicos, con sus modificaciones posteriores y en posible combinaci\u00f3n con otras obras o la inclusi\u00f3n en una obra colectiva. El participante otorga al anfitri\u00f3n este consentimiento de forma gratuita sin limitaci\u00f3n material, temporal, de cantidad o territorial, y puede retirarlo en cualquier momento. Este consentimiento tambi\u00e9n se aplicar\u00e1 a terceras partes a quienes el anfitri\u00f3n puede proporcionar dichas grabaciones bajo su propia discreci\u00f3n.<\/p>\n<h3>7. Otras condiciones importantes<\/h3>\n<p>El anfitri\u00f3n determinar\u00e1 de forma exclusiva las especificaciones exactas de los premios. La presentaci\u00f3n de los premios en los materiales promocionales es ilustrativa. Para ganar el premio principal, es necesario cumplir otras condiciones (pasaporte, visados, etc.) y obligaciones del ganador, adem\u00e1s de que se tendr\u00e1 en cuenta una capacidad adecuada, sobre todo m\u00e9dica, para la participaci\u00f3n. El anfitri\u00f3n no ser\u00e1 responsable de los da\u00f1os causados a los participantes como resultado del uso del premio.<\/p>\n<p>Los participantes no tienen derecho a exigir dinero u otros tipos de subsanaci\u00f3n como sustituci\u00f3n del premio. El anfitri\u00f3n no est\u00e1 obligado por el presente a subsanar de forma alguna a los participantes en el concurso, y los participantes no tendr\u00e1n derecho a ninguna subsanaci\u00f3n por parte del anfitri\u00f3n aparte de lo especificado de forma expresa en el presente.<\/p>\n<p>El anfitri\u00f3n no es responsable de la calidad de los premios entregados por terceros. Es necesario ejercer la responsabilidad por posibles defectos directamente ante dichos proveedores. El anfitri\u00f3n se reserva el derecho a cambiar los premios seg\u00fan su propio criterio.<\/p>\n<p>Cualquier participante puede ser excluido del concurso si el anfitri\u00f3n descubre o tiene una sospecha razonable de que el participante u otras personas que ayudan al participante han cometido fraude para recibir los premios o han actuado de forma injusta o con una conducta no basada en los conocimientos del participante de acuerdo con las normas.<\/p>\n<p>El anfitri\u00f3n no ser\u00e1 responsable de ning\u00fan error en la entrega de mensajes o premios. El anfitri\u00f3n no ser\u00e1 responsable de los errores que se produzcan como resultado de problemas t\u00e9cnicos o de comunicaci\u00f3n. El anfitri\u00f3n decidir\u00e1 con una validez definitiva sobre cualquier reclamaci\u00f3n u objeci\u00f3n presentada. El anfitri\u00f3n se reserva el derecho (sin estar obligado a proporcionar compensaci\u00f3n alguna) a acortar, posponer, suspender o cancelar el evento y los premios, y a modificar o a\u00f1adir cualquier cosa a estas normas de forma unilateral durante la vida del evento mediante la notificaci\u00f3n de dichos cambios en la p\u00e1gina web especificada anteriormente, donde tambi\u00e9n puede leerse el texto completo y v\u00e1lido de las normas.<\/p>\n<p>El concurso no est\u00e1 operado ni patrocinado en asociaci\u00f3n con Facebook, y Facebook no es responsable de \u00e9l. La informaci\u00f3n proporcionada durante el evento no ser\u00e1 proporcionada a Facebook. Cualquier pregunta, comentario o queja relativos a la aplicaci\u00f3n deben dirigirse al anfitri\u00f3n, no a Facebook.<\/p>\n<p>Este concurso se rige por las leyes de la Rep\u00fablica Checa, excepto en la medida que as\u00ed lo excluya la legislaci\u00f3n vigente de los pa\u00edses de los participantes.<\/p>\n<hr \/>\n<h2>Consentimiento al tratamiento de datos personales<\/h2>\n<p>Por el presente otorgo a \u0160koda AUTO a.s., t\u0159. V\u00e1clava Klementa 869, Mlad\u00e1 Boleslav II, 293 01, Mlad\u00e1 Boleslav, n.\u00ba de identificaci\u00f3n: 00177041, inscrita en el Registro Mercantil mantenido por el Tribunal municipal de Praga en la secci\u00f3n B, archivo n.\u00ba 332, y RPM Racing S.L., Avinguda de la Granvia de l\u2019Hospitalet, 8, 08902 L&#8217;Hospitalet de Llobregat, Barcelona, Spain, Identification No.: B-6151436, responsable del tratamiento de datos personales (en lo sucesivo denominada la \u201csociedad \u0160koda AUTO\u201c y &#8220;RPM Racing S.L.&#8221;),<\/p>\n<p>consentimiento libre y voluntario para el tratamiento de datos personales en la siguiente medida: nombre, apellidos, direcci\u00f3n de correo electr\u00f3nico, fecha de nacimiento y, seg\u00fan sea el caso, tambi\u00e9n otra informaci\u00f3n que \u0160koda AUTO y RPM Racing S.L. adquiriera sobre mi y que usar\u00e1 para ajustar mejor los objetivos de sus actividades de marketing a mis necesidades,<\/p>\n<p>con el fin de: gestionar la oferta de productos y servicios de la marca \u0160koda y RPM Racing S.L., incluyendo el suministro de informaci\u00f3n sobre productos, servicios, eventos, concursos, env\u00edo de boletines y felicitaciones de festividades.<\/p>\n<p>El consentimiento se otorga durante cinco a\u00f1os.<\/p>\n<p>Soy consciente de que tengo derecho a retirar mi consentimiento en todo momento electr\u00f3nicamente en la p\u00e1gina web http:\/\/www.skoda-auto.com\/other\/personal-data o por escrito en la direcci\u00f3n de la sociedad \u0160koda AUTO as\u00ed como el env\u00edo de un correo electr\u00f3nico a RPM Racing S.L. en rpm@dpo.com. Tengo derecho a retirar el consentimiento antes de que venza el periodo de tratamiento para el que se otorg\u00f3 el mismo. La retirada del consentimiento no afectar\u00e1 a la legalidad del tratamiento de datos personales basada en el consentimiento antes de su retirada.<\/p>\n<p>Se facilita informaci\u00f3n adicional relativa al tratamiento de datos personales en el anexo que figura a continuaci\u00f3n, que constituye una parte integral de este consentimiento. Tambi\u00e9n se podr\u00e1 consultar informaci\u00f3n general referente a la protecci\u00f3n de datos personales en la p\u00e1gina web http:\/\/www.skoda-auto.com\/other\/personal-data o https:\/\/rpmsports.es\/.<\/p>\n","protected":false},"excerpt":{"rendered":"<p>Estas normas regulan las condiciones del \u00abConcurso Titan Desert Almer\u00eda\u00bb (en lo sucesivo, denominado el \u00abconcurso\u00bb) y constituyen el \u00fanico [&hellip;]<\/p>\n","protected":false},"author":166,"featured_media":0,"parent":9837,"menu_order":0,"comment_status":"closed","ping_status":"closed","template":"","meta":{"footnotes":""},"tags":[],"class_list":["post-9844","page","type-page","status-publish","hentry"],"yoast_head":"<!-- This site is optimized with the Yoast SEO Premium plugin v25.3 (Yoast SEO v25.9) - https:\/\/yoast.com\/wordpress\/plugins\/seo\/ -->\n<title>Condiciones del anuncio, Consentimiento al tratamiento de datos personales - \u0160koda We Love Cycling - Spain<\/title>\n<meta name=\"robots\" content=\"index, follow, max-snippet:-1, max-image-preview:large, max-video-preview:-1\" \/>\n<link rel=\"canonical\" href=\"https:\/\/www.welovecycling.com\/es\/titan-desert-2023\/condiciones-del-anuncio\/\" \/>\n<meta property=\"og:locale\" content=\"es_ES\" \/>\n<meta property=\"og:type\" content=\"article\" \/>\n<meta property=\"og:title\" content=\"Condiciones del anuncio, Consentimiento al tratamiento de datos personales\" \/>\n<meta property=\"og:description\" content=\"Estas normas regulan las condiciones del \u00abConcurso Titan Desert Almer\u00eda\u00bb (en lo sucesivo, denominado el \u00abconcurso\u00bb) y constituyen el \u00fanico [&hellip;]\" \/>\n<meta property=\"og:url\" content=\"https:\/\/www.welovecycling.com\/es\/titan-desert-2023\/condiciones-del-anuncio\/\" \/>\n<meta property=\"og:site_name\" content=\"\u0160koda We Love Cycling - Spain\" \/>\n<meta property=\"article:modified_time\" content=\"2023-04-25T10:46:44+00:00\" \/>\n<meta name=\"twitter:card\" content=\"summary_large_image\" \/>\n<meta name=\"twitter:label1\" content=\"Est. reading time\" \/>\n\t<meta name=\"twitter:data1\" content=\"9 minutes\" \/>\n<script type=\"application\/ld+json\" class=\"yoast-schema-graph\">{\"@context\":\"https:\/\/schema.org\",\"@graph\":[{\"@type\":\"WebPage\",\"@id\":\"https:\/\/www.welovecycling.com\/es\/titan-desert-2023\/condiciones-del-anuncio\/\",\"url\":\"https:\/\/www.welovecycling.com\/es\/titan-desert-2023\/condiciones-del-anuncio\/\",\"name\":\"Condiciones del anuncio, Consentimiento al tratamiento de datos personales - \u0160koda We Love Cycling - Spain\",\"isPartOf\":{\"@id\":\"https:\/\/www.welovecycling.com\/es\/#website\"},\"datePublished\":\"2023-04-20T14:32:00+00:00\",\"dateModified\":\"2023-04-25T10:46:44+00:00\",\"breadcrumb\":{\"@id\":\"https:\/\/www.welovecycling.com\/es\/titan-desert-2023\/condiciones-del-anuncio\/#breadcrumb\"},\"inLanguage\":\"es-ES\",\"potentialAction\":[{\"@type\":\"ReadAction\",\"target\":[\"https:\/\/www.welovecycling.com\/es\/titan-desert-2023\/condiciones-del-anuncio\/\"]}]},{\"@type\":\"BreadcrumbList\",\"@id\":\"https:\/\/www.welovecycling.com\/es\/titan-desert-2023\/condiciones-del-anuncio\/#breadcrumb\",\"itemListElement\":[{\"@type\":\"ListItem\",\"position\":1,\"name\":\"Home\",\"item\":\"https:\/\/www.welovecycling.com\/es\/\"},{\"@type\":\"ListItem\",\"position\":2,\"name\":\"2023 \u0160koda Titan Desert\",\"item\":\"https:\/\/www.welovecycling.com\/es\/titan-desert-2023\/\"},{\"@type\":\"ListItem\",\"position\":3,\"name\":\"Condiciones del anuncio, Consentimiento al tratamiento de datos personales\"}]},{\"@type\":\"WebSite\",\"@id\":\"https:\/\/www.welovecycling.com\/es\/#website\",\"url\":\"https:\/\/www.welovecycling.com\/es\/\",\"name\":\"\u0160koda We Love Cycling - Spain\",\"description\":\"\u0160koda WeLoveCycling Spain\",\"potentialAction\":[{\"@type\":\"SearchAction\",\"target\":{\"@type\":\"EntryPoint\",\"urlTemplate\":\"https:\/\/www.welovecycling.com\/es\/?s={search_term_string}\"},\"query-input\":{\"@type\":\"PropertyValueSpecification\",\"valueRequired\":true,\"valueName\":\"search_term_string\"}}],\"inLanguage\":\"es-ES\"}]}<\/script>\n<!-- \/ Yoast SEO Premium plugin. -->","yoast_head_json":{"title":"Condiciones del anuncio, Consentimiento al tratamiento de datos personales - \u0160koda We Love Cycling - Spain","robots":{"index":"index","follow":"follow","max-snippet":"max-snippet:-1","max-image-preview":"max-image-preview:large","max-video-preview":"max-video-preview:-1"},"canonical":"https:\/\/www.welovecycling.com\/es\/titan-desert-2023\/condiciones-del-anuncio\/","og_locale":"es_ES","og_type":"article","og_title":"Condiciones del anuncio, Consentimiento al tratamiento de datos personales","og_description":"Estas normas regulan las condiciones del \u00abConcurso Titan Desert Almer\u00eda\u00bb (en lo sucesivo, denominado el \u00abconcurso\u00bb) y constituyen el \u00fanico [&hellip;]","og_url":"https:\/\/www.welovecycling.com\/es\/titan-desert-2023\/condiciones-del-anuncio\/","og_site_name":"\u0160koda We Love Cycling - Spain","article_modified_time":"2023-04-25T10:46:44+00:00","twitter_card":"summary_large_image","twitter_misc":{"Est. reading time":"9 minutes"},"schema":{"@context":"https:\/\/schema.org","@graph":[{"@type":"WebPage","@id":"https:\/\/www.welovecycling.com\/es\/titan-desert-2023\/condiciones-del-anuncio\/","url":"https:\/\/www.welovecycling.com\/es\/titan-desert-2023\/condiciones-del-anuncio\/","name":"Condiciones del anuncio, Consentimiento al tratamiento de datos personales - \u0160koda We Love Cycling - Spain","isPartOf":{"@id":"https:\/\/www.welovecycling.com\/es\/#website"},"datePublished":"2023-04-20T14:32:00+00:00","dateModified":"2023-04-25T10:46:44+00:00","breadcrumb":{"@id":"https:\/\/www.welovecycling.com\/es\/titan-desert-2023\/condiciones-del-anuncio\/#breadcrumb"},"inLanguage":"es-ES","potentialAction":[{"@type":"ReadAction","target":["https:\/\/www.welovecycling.com\/es\/titan-desert-2023\/condiciones-del-anuncio\/"]}]},{"@type":"BreadcrumbList","@id":"https:\/\/www.welovecycling.com\/es\/titan-desert-2023\/condiciones-del-anuncio\/#breadcrumb","itemListElement":[{"@type":"ListItem","position":1,"name":"Home","item":"https:\/\/www.welovecycling.com\/es\/"},{"@type":"ListItem","position":2,"name":"2023 \u0160koda Titan Desert","item":"https:\/\/www.welovecycling.com\/es\/titan-desert-2023\/"},{"@type":"ListItem","position":3,"name":"Condiciones del anuncio, Consentimiento al tratamiento de datos personales"}]},{"@type":"WebSite","@id":"https:\/\/www.welovecycling.com\/es\/#website","url":"https:\/\/www.welovecycling.com\/es\/","name":"\u0160koda We Love Cycling - Spain","description":"\u0160koda WeLoveCycling Spain","potentialAction":[{"@type":"SearchAction","target":{"@type":"EntryPoint","urlTemplate":"https:\/\/www.welovecycling.com\/es\/?s={search_term_string}"},"query-input":{"@type":"PropertyValueSpecification","valueRequired":true,"valueName":"search_term_string"}}],"inLanguage":"es-ES"}]}},"_links":{"self":[{"href":"https:\/\/www.welovecycling.com\/es\/wp-json\/wp\/v2\/pages\/9844","targetHints":{"allow":["GET"]}}],"collection":[{"href":"https:\/\/www.welovecycling.com\/es\/wp-json\/wp\/v2\/pages"}],"about":[{"href":"https:\/\/www.welovecycling.com\/es\/wp-json\/wp\/v2\/types\/page"}],"author":[{"embeddable":true,"href":"https:\/\/www.welovecycling.com\/es\/wp-json\/wp\/v2\/users\/166"}],"replies":[{"embeddable":true,"href":"https:\/\/www.welovecycling.com\/es\/wp-json\/wp\/v2\/comments?post=9844"}],"version-history":[{"count":4,"href":"https:\/\/www.welovecycling.com\/es\/wp-json\/wp\/v2\/pages\/9844\/revisions"}],"predecessor-version":[{"id":10718,"href":"https:\/\/www.welovecycling.com\/es\/wp-json\/wp\/v2\/pages\/9844\/revisions\/10718"}],"up":[{"embeddable":true,"href":"https:\/\/www.welovecycling.com\/es\/wp-json\/wp\/v2\/pages\/9837"}],"wp:attachment":[{"href":"https:\/\/www.welovecycling.com\/es\/wp-json\/wp\/v2\/media?parent=9844"}],"wp:term":[{"taxonomy":"post_tag","embeddable":true,"href":"https:\/\/www.welovecycling.com\/es\/wp-json\/wp\/v2\/tags?post=9844"}],"curies":[{"name":"wp","href":"https:\/\/api.w.org\/{rel}","templated":true}]}}