{"id":963,"date":"2017-06-27T13:20:59","date_gmt":"2017-06-27T11:20:59","guid":{"rendered":"https:\/\/www.welovecycling.com\/es\/?page_id=963"},"modified":"2017-06-28T06:23:48","modified_gmt":"2017-06-28T04:23:48","slug":"terminos-y-condiciones-del-boletin-de-noticias","status":"publish","type":"page","link":"https:\/\/www.welovecycling.com\/es\/terminos-y-condiciones-del-boletin-de-noticias\/","title":{"rendered":"T\u00e9rminos y condiciones del bolet\u00edn de noticias"},"content":{"rendered":"<p>Le damos la bienvenida al sitio web WELOVECYCLING, que se encuentra en https:\/\/www.welovecycling.com (el \u201cSitio\u201d) y que est\u00e1 gestionado por MUSTARD s.r.o., n.\u00ba de identificaci\u00f3n: 285 31 418, con sede social en Praha 1 \u2013 Nov\u00e9 M\u011bsto, Masarykovo n\u00e1b\u0159. 246, c\u00f3digo postal 110 00, Rep\u00fablica Checa, y el proveedor de \u0160koda AUTO a.s., n.\u00ba de identificaci\u00f3n: 00177041, con sede social en Mlad\u00e1 Boleslav, T\u0159. V\u00e1clava Klementa 869, c\u00f3digo postal 293 60, Rep\u00fablica Checa (WELOVECYCLING).<\/p>\n<p>Al suscribirse al bolet\u00edn de noticias de WELOVECYCLING y las invitaciones de eventos (boletines de noticias), confirma que ha le\u00eddo y entendido los presentes T\u00e9rminos y condiciones (incluida la Pol\u00edtica de privacidad de \u0160koda AUTO, a.s.), que los acepta y que acepta recibir los boletines de noticias. WELOVECYCLING puede modificar estos T\u00e9rminos y condiciones oportunamente. Su suscripci\u00f3n continua y la recepci\u00f3n de los boletines de noticias se consideran la aceptaci\u00f3n de los T\u00e9rminos y condiciones modificados. Puede ver los presentes T\u00e9rminos y condiciones en cualquier momento.<\/p>\n<h2>Administraci\u00f3n de la suscripci\u00f3n<\/h2>\n<p>Si desea cancelar la suscripci\u00f3n a los boletines de noticias de WELOVECYCLING, siga este proceso de cancelaci\u00f3n de suscripci\u00f3n:<\/p>\n<p>Haga clic en el enlace Cancelar suscripci\u00f3n en cualquiera de las p\u00e1ginas de suscripci\u00f3n a los boletines de noticias (Bolet\u00edn de noticias de WELOVECYCLING) o directamente en la comunicaci\u00f3n electr\u00f3nica (p. ej., en el bolet\u00edn de noticias o la invitaci\u00f3n a un evento).<br \/>\nComplete el formulario de cancelaci\u00f3n de la suscripci\u00f3n, incluida la confirmaci\u00f3n de su direcci\u00f3n de correo electr\u00f3nico.<br \/>\nHaga clic en \u201cCancelar suscripci\u00f3n\u201d.<\/p>\n<h2>Privacidad<\/h2>\n<p>Es posible que se recopile informaci\u00f3n personal acerca de usted con el prop\u00f3sito principal de mantenerle informado sobre la publicaci\u00f3n de nuevo contenido, la invitaci\u00f3n a un evento o la informaci\u00f3n sobre un producto de WELOVECYCLING mediante nuestros boletines de noticias. Si no proporciona la informaci\u00f3n necesaria, no podremos enviarle el bolet\u00edn de noticias por correo electr\u00f3nico. <a href=\"\/\/www.welovecycling.com\/wide\/newsletter-terms-and-conditions\/countries\/\">Su direcci\u00f3n de correo electr\u00f3nico se divulgar\u00e1 a los proveedores del servicio de marketing de WELOVECYCLING establecidos en la Uni\u00f3n Europea, que se encargan de enviar nuestras comunicaciones mediante boletines de noticias.<\/a> Este proveedor est\u00e1 contratado para cumplir con la Ley de Privacidad Europea y tomar todas las medidas necesarias para garantizar que su informaci\u00f3n personal se trate y se proteja de manera apropiada. La Pol\u00edtica de privacidad de WELOVECYCLING contiene informaci\u00f3n sobre c\u00f3mo puede presentar una queja por el incumplimiento de los Principios de privacidad de la Uni\u00f3n Europea y c\u00f3mo gestionaremos dicha queja, y c\u00f3mo puede solicitar el acceso a la informaci\u00f3n personal que poseemos sobre usted y modificarla. Puede ponerse en contacto con WELOVECYCLING mediante mensaje de correo electr\u00f3nico a info@welovecycling.com.<\/p>\n<h2>Derechos de autor<\/h2>\n<p>El contenido de los boletines de noticias de WELOVECYCLING y de las ideas, los dise\u00f1os, los gr\u00e1ficos, el texto, el audio, el material audiovisual, los documentos y todo el material incluido en los boletines de noticias est\u00e1 sujeto a la legislaci\u00f3n sobre derechos de autor de la Uni\u00f3n Europea y pertenece o est\u00e1 bajo control de WELOVECYCLING o los licenciatarios de WELOVECYCLING. En relaci\u00f3n con los boletines de noticias (y partes de estos), acuerda que puede utilizar los boletines de noticias solo para su uso personal y que no los puede utilizar con fines comerciales. No puede utilizar, copiar, reproducir, modificar ni transmitir el contenido en modo alguno sin nuestro consentimiento previo por escrito. El uso no autorizado est\u00e1 prohibido y protegido por la ley.<\/p>\n<h2>Aviso legal<\/h2>\n<p>Los boletines de noticias y su contenido solamente se proporcionan con fines informativos y no tienen car\u00e1cter integral ni orientativo. Si bien WELOVECYCLING se esfuerza por asegurarse de que la informaci\u00f3n incluida en los boletines de noticias sea exacta y actualizada, no garantiza su exactitud, vigencia ni integridad. WELOVECYCLING no realiza ninguna declaraci\u00f3n acerca del contenido y la idoneidad de la informaci\u00f3n proporcionada en los boletines de noticias (incluida, sin car\u00e1cter limitativo, la informaci\u00f3n de cualquier enlace a este sitio web). En el alcance m\u00e1ximo que permita la ley, WELOVECYCLING no garantiza ni realiza ninguna declaraci\u00f3n acerca de la exactitud, fiabilidad, vigencia o cualquier otro aspecto de la informaci\u00f3n incluida en los boletines de noticias.<\/p>\n<p>Es posible que los boletines de noticias incluyan enlaces o referencias a sitios de terceros. WELOVECYCLING no asume ninguna responsabilidad con respecto al contenido de esos sitios, y el uso que usted haga de los mismos, o su acceso a ellos, es por cuenta propia. Los enlaces incluidos se proporcionan \u00fanicamente para mayor comodidad y no se interpretan como un apoyo o una recomendaci\u00f3n de nuestra parte. WELOVECYCLING no garantiza que los materiales que est\u00e9n accesibles en los boletines de noticias o mediante estos no contengan errores, virus, gusanos y otro c\u00f3digo malicioso. En la medida que lo permita la ley, queda excluida toda responsabilidad por p\u00e9rdidas, da\u00f1os o lesiones que se deriven de su acceso o su incapacidad de acceder a los boletines de noticias, o de la recepci\u00f3n de cualquier c\u00f3digo, o bien de su confianza en cualquier informaci\u00f3n que provenga de dichos boletines de noticias.<\/p>\n<p>Los boletines de noticias pueden incluir marcas comerciales que est\u00e1n protegidas por la ley. Queda prohibido el uso de las marcas comerciales de WELOVECYCLING internacionalmente sin nuestro consentimiento por escrito, salvo para identificar los productos o servicios de WELOVECYCLING de forma leg\u00edtima.<\/p>\n<p>Usted acepta que es responsable de facilitar datos correctos y exactos al suscribirse a los boletines de noticias de WELOVECYCLING y que cualquier error cometido al escribir o facilitar sus datos puede provocar la entrega fallida del bolet\u00edn de noticias.<\/p>\n<p>WELOVECYCLING tiene derecho a suspender o cancelar su suscripci\u00f3n en cualquier momento y a su entera discreci\u00f3n.<\/p>\n<p>Los presentes T\u00e9rminos y condiciones est\u00e1n regulados por la legislaci\u00f3n de la Rep\u00fablica Checa y usted queda sujeto de manera incondicional a la jurisdicci\u00f3n de los tribunales de la Rep\u00fablica Checa. Si bien se pueden distribuir boletines de noticias checos, o se puede acceder a ellos de otro modo fuera de la Rep\u00fablica Checa, WELOVECYCLING no realiza ninguna declaraci\u00f3n acerca de que el contenido sea conforme a la legislaci\u00f3n de cualquier otro pa\u00eds. Si recibe los boletines de noticias en una ubicaci\u00f3n fuera de la Rep\u00fablica Checa, usted es el \u00fanico responsable de asegurar el cumplimiento de las leyes locales y de confiar en el contenido de dichos boletines de noticias.<\/p>\n<h2>Almacenamiento de datos<\/h2>\n<p>Todos los datos personales, incluidas las direcciones de correo electr\u00f3nico, se almacenan y se guardan con copia de seguridad en nuestra infraestructura, que ejecuta Amazon AWS y se aloja en centros de datos europeos. Protegemos los datos en nuestros servidores mediante una combinaci\u00f3n de garant\u00edas de seguridad administrativas, f\u00edsicas y l\u00f3gicas. Nuestros servidores est\u00e1n protegidos por cortafuegos, sistemas de detecci\u00f3n de intrusi\u00f3n y an\u00e1lisis de software malicioso. El acceso a los servidores y a la infraestructura est\u00e1 protegido y solo se concede a los administradores.<\/p>\n<p>Utilizamos un sistema de cifrado est\u00e1ndar de la industria para proteger sus datos en tr\u00e1nsito. Esta tecnolog\u00eda se denomina com\u00fanmente Transport Layer Security (\u201ccapa de conexi\u00f3n segura TLS\u201d o Secure Socket Layer (\u201ccapa de conexi\u00f3n segura SSL\u201d). No obstante, la seguridad de las transmisiones de datos en Internet no se puede garantizar al 100 % y, como consecuencia, no podemos garantizar la seguridad de la informaci\u00f3n durante su transmisi\u00f3n entre usted y nosotros; por consiguiente, usted es consciente de que las realiza por cuenta propia.<\/p>\n<h2>Acceso a los datos<\/h2>\n<p>Usted tiene derecho a:<\/p>\n<p>1. Comprobar si \u0160koda AUTO a.s. (en adelante, \u201c\u0160koda AUTO\u201d) posee datos personales sobre usted y acceder a ellos.<br \/>\n2. Exigir a \u0160koda AUTO que corrija los datos relacionados con usted que sean inexactos.<br \/>\n3. Comprobar las pol\u00edticas y pr\u00e1cticas de \u0160koda AUTO en relaci\u00f3n con sus datos personales.<br \/>\nLa solicitud para acceder y corregir datos, as\u00ed como los tipos de datos conservados, se debe presentar por escrito a: Oficina de WELOVECYCLING, mediante correo electr\u00f3nico a info@welovecycling.com.<\/p>\n<p>Asimismo, puede solicitar a \u0160koda AUTO, o a cualquier colaborador designado, que elimine los datos de cualquier lista de distribuci\u00f3n o de correos electr\u00f3nicos activa. Para ejercer cualquiera de sus derechos, p\u00f3ngase en contacto con nosotros en la direcci\u00f3n indicada o escriba un correo electr\u00f3nico a \u0160koda AUTO y marque su comunicaci\u00f3n como \u201cConfidencial\u201d. \u0160koda AUTO puede tomar las medidas necesarias para verificar su identidad antes de conceder acceso a su informaci\u00f3n o permitir que esta se corrija. De acuerdo con los t\u00e9rminos de la ley, \u0160koda AUTO tiene derecho a cobrar una tarifa razonable por el procesamiento de las solicitudes de acceso a los datos.<\/p>\n<p>Los \u00fanicos sujetos con derecho de acceso a los datos son:<\/p>\n<h3>Propietario de los boletines de noticias<\/h3>\n<p>\u0160koda AUTO a.s.<br \/>\n\u200bT\u0159. V\u00e1clava Klementa 869<br \/>\n293 60 Mlad\u00e1 Boleslav<br \/>\nRep\u00fablica Checa<br \/>\nInscrita en el Registro Mercantil dependiente del M\u011bstsk\u00fd soud v Praze (Tribunal Metropolitano de Praga) con n\u00famero de expediente B 332.<br \/>\nMiembro del Grupo Volkswagen<br \/>\nN.\u00ba de identificaci\u00f3n: 00 17 70 41<\/p>\n<h3>Proveedor de WELOVECYCLING<\/h3>\n<p>MUSTARD s.r.o.<br \/>\nVinohradsk\u00e1 22<br \/>\n120 00 Praha 2<br \/>\nRep\u00fablica Checa<br \/>\nInscrita en el registro mercantil dependiente del M\u011bstsk\u00fd soud v Praze (Tribunal Metropolitano de Praga) con n.\u00ba de expediente C 148383.<br \/>\nN.\u00ba de identificaci\u00f3n: 28531418<\/p>\n<h3>Proveedor t\u00e9cnico de MUSTARD<\/h3>\n<p>YOUR SYSTEM, spol. s.r.o.<br \/>\nT\u00fcrkova 2319\/5b<br \/>\n14900 Praha 4<br \/>\nRep\u00fablica Checa<br \/>\nInscrita en el registro mercantil dependiente del M\u011bstsk\u00fd soud v Praze (Tribunal Metropolitano de Praga) con n.\u00ba de expediente C 72.<br \/>\nN.\u00ba de identificaci\u00f3n: 00174939<\/p>\n<h2>Informaci\u00f3n adicional<\/h2>\n<p>P\u00f3ngase en contacto con la oficina de WELOVECYCLING mediante correo electr\u00f3nico a info@welovecycling.com.<\/p>\n","protected":false},"excerpt":{"rendered":"<p>Le damos la bienvenida al sitio web WELOVECYCLING, que se encuentra en https:\/\/www.welovecycling.com (el \u201cSitio\u201d) y que est\u00e1 gestionado por [&hellip;]<\/p>\n","protected":false},"author":1,"featured_media":0,"parent":0,"menu_order":0,"comment_status":"closed","ping_status":"closed","template":"","meta":{"footnotes":""},"tags":[],"class_list":["post-963","page","type-page","status-publish","hentry"],"yoast_head":"<!-- This site is optimized with the Yoast SEO Premium plugin v25.3 (Yoast SEO v25.9) - https:\/\/yoast.com\/wordpress\/plugins\/seo\/ -->\n<title>T\u00e9rminos y condiciones del bolet\u00edn de noticias - \u0160koda We Love Cycling - Spain<\/title>\n<meta name=\"robots\" content=\"index, follow, max-snippet:-1, max-image-preview:large, max-video-preview:-1\" \/>\n<link rel=\"canonical\" href=\"https:\/\/www.welovecycling.com\/es\/terminos-y-condiciones-del-boletin-de-noticias\/\" \/>\n<meta property=\"og:locale\" content=\"es_ES\" \/>\n<meta property=\"og:type\" content=\"article\" \/>\n<meta property=\"og:title\" content=\"T\u00e9rminos y condiciones del bolet\u00edn de noticias\" \/>\n<meta property=\"og:description\" content=\"Le damos la bienvenida al sitio web WELOVECYCLING, que se encuentra en https:\/\/www.welovecycling.com (el \u201cSitio\u201d) y que est\u00e1 gestionado por [&hellip;]\" \/>\n<meta property=\"og:url\" content=\"https:\/\/www.welovecycling.com\/es\/terminos-y-condiciones-del-boletin-de-noticias\/\" \/>\n<meta property=\"og:site_name\" content=\"\u0160koda We Love Cycling - Spain\" \/>\n<meta property=\"article:modified_time\" content=\"2017-06-28T04:23:48+00:00\" \/>\n<meta name=\"twitter:card\" content=\"summary_large_image\" \/>\n<meta name=\"twitter:label1\" content=\"Est. reading time\" \/>\n\t<meta name=\"twitter:data1\" content=\"8 minutes\" \/>\n<script type=\"application\/ld+json\" class=\"yoast-schema-graph\">{\"@context\":\"https:\/\/schema.org\",\"@graph\":[{\"@type\":\"WebPage\",\"@id\":\"https:\/\/www.welovecycling.com\/es\/terminos-y-condiciones-del-boletin-de-noticias\/\",\"url\":\"https:\/\/www.welovecycling.com\/es\/terminos-y-condiciones-del-boletin-de-noticias\/\",\"name\":\"T\u00e9rminos y condiciones del bolet\u00edn de noticias - \u0160koda We Love Cycling - Spain\",\"isPartOf\":{\"@id\":\"https:\/\/www.welovecycling.com\/es\/#website\"},\"datePublished\":\"2017-06-27T11:20:59+00:00\",\"dateModified\":\"2017-06-28T04:23:48+00:00\",\"breadcrumb\":{\"@id\":\"https:\/\/www.welovecycling.com\/es\/terminos-y-condiciones-del-boletin-de-noticias\/#breadcrumb\"},\"inLanguage\":\"es-ES\",\"potentialAction\":[{\"@type\":\"ReadAction\",\"target\":[\"https:\/\/www.welovecycling.com\/es\/terminos-y-condiciones-del-boletin-de-noticias\/\"]}]},{\"@type\":\"BreadcrumbList\",\"@id\":\"https:\/\/www.welovecycling.com\/es\/terminos-y-condiciones-del-boletin-de-noticias\/#breadcrumb\",\"itemListElement\":[{\"@type\":\"ListItem\",\"position\":1,\"name\":\"Home\",\"item\":\"https:\/\/www.welovecycling.com\/es\/\"},{\"@type\":\"ListItem\",\"position\":2,\"name\":\"T\u00e9rminos y condiciones del bolet\u00edn de noticias\"}]},{\"@type\":\"WebSite\",\"@id\":\"https:\/\/www.welovecycling.com\/es\/#website\",\"url\":\"https:\/\/www.welovecycling.com\/es\/\",\"name\":\"\u0160koda We Love Cycling - Spain\",\"description\":\"\u0160koda WeLoveCycling Spain\",\"potentialAction\":[{\"@type\":\"SearchAction\",\"target\":{\"@type\":\"EntryPoint\",\"urlTemplate\":\"https:\/\/www.welovecycling.com\/es\/?s={search_term_string}\"},\"query-input\":{\"@type\":\"PropertyValueSpecification\",\"valueRequired\":true,\"valueName\":\"search_term_string\"}}],\"inLanguage\":\"es-ES\"}]}<\/script>\n<!-- \/ Yoast SEO Premium plugin. -->","yoast_head_json":{"title":"T\u00e9rminos y condiciones del bolet\u00edn de noticias - \u0160koda We Love Cycling - Spain","robots":{"index":"index","follow":"follow","max-snippet":"max-snippet:-1","max-image-preview":"max-image-preview:large","max-video-preview":"max-video-preview:-1"},"canonical":"https:\/\/www.welovecycling.com\/es\/terminos-y-condiciones-del-boletin-de-noticias\/","og_locale":"es_ES","og_type":"article","og_title":"T\u00e9rminos y condiciones del bolet\u00edn de noticias","og_description":"Le damos la bienvenida al sitio web WELOVECYCLING, que se encuentra en https:\/\/www.welovecycling.com (el \u201cSitio\u201d) y que est\u00e1 gestionado por [&hellip;]","og_url":"https:\/\/www.welovecycling.com\/es\/terminos-y-condiciones-del-boletin-de-noticias\/","og_site_name":"\u0160koda We Love Cycling - Spain","article_modified_time":"2017-06-28T04:23:48+00:00","twitter_card":"summary_large_image","twitter_misc":{"Est. reading time":"8 minutes"},"schema":{"@context":"https:\/\/schema.org","@graph":[{"@type":"WebPage","@id":"https:\/\/www.welovecycling.com\/es\/terminos-y-condiciones-del-boletin-de-noticias\/","url":"https:\/\/www.welovecycling.com\/es\/terminos-y-condiciones-del-boletin-de-noticias\/","name":"T\u00e9rminos y condiciones del bolet\u00edn de noticias - \u0160koda We Love Cycling - Spain","isPartOf":{"@id":"https:\/\/www.welovecycling.com\/es\/#website"},"datePublished":"2017-06-27T11:20:59+00:00","dateModified":"2017-06-28T04:23:48+00:00","breadcrumb":{"@id":"https:\/\/www.welovecycling.com\/es\/terminos-y-condiciones-del-boletin-de-noticias\/#breadcrumb"},"inLanguage":"es-ES","potentialAction":[{"@type":"ReadAction","target":["https:\/\/www.welovecycling.com\/es\/terminos-y-condiciones-del-boletin-de-noticias\/"]}]},{"@type":"BreadcrumbList","@id":"https:\/\/www.welovecycling.com\/es\/terminos-y-condiciones-del-boletin-de-noticias\/#breadcrumb","itemListElement":[{"@type":"ListItem","position":1,"name":"Home","item":"https:\/\/www.welovecycling.com\/es\/"},{"@type":"ListItem","position":2,"name":"T\u00e9rminos y condiciones del bolet\u00edn de noticias"}]},{"@type":"WebSite","@id":"https:\/\/www.welovecycling.com\/es\/#website","url":"https:\/\/www.welovecycling.com\/es\/","name":"\u0160koda We Love Cycling - Spain","description":"\u0160koda WeLoveCycling Spain","potentialAction":[{"@type":"SearchAction","target":{"@type":"EntryPoint","urlTemplate":"https:\/\/www.welovecycling.com\/es\/?s={search_term_string}"},"query-input":{"@type":"PropertyValueSpecification","valueRequired":true,"valueName":"search_term_string"}}],"inLanguage":"es-ES"}]}},"_links":{"self":[{"href":"https:\/\/www.welovecycling.com\/es\/wp-json\/wp\/v2\/pages\/963","targetHints":{"allow":["GET"]}}],"collection":[{"href":"https:\/\/www.welovecycling.com\/es\/wp-json\/wp\/v2\/pages"}],"about":[{"href":"https:\/\/www.welovecycling.com\/es\/wp-json\/wp\/v2\/types\/page"}],"author":[{"embeddable":true,"href":"https:\/\/www.welovecycling.com\/es\/wp-json\/wp\/v2\/users\/1"}],"replies":[{"embeddable":true,"href":"https:\/\/www.welovecycling.com\/es\/wp-json\/wp\/v2\/comments?post=963"}],"version-history":[{"count":2,"href":"https:\/\/www.welovecycling.com\/es\/wp-json\/wp\/v2\/pages\/963\/revisions"}],"predecessor-version":[{"id":970,"href":"https:\/\/www.welovecycling.com\/es\/wp-json\/wp\/v2\/pages\/963\/revisions\/970"}],"wp:attachment":[{"href":"https:\/\/www.welovecycling.com\/es\/wp-json\/wp\/v2\/media?parent=963"}],"wp:term":[{"taxonomy":"post_tag","embeddable":true,"href":"https:\/\/www.welovecycling.com\/es\/wp-json\/wp\/v2\/tags?post=963"}],"curies":[{"name":"wp","href":"https:\/\/api.w.org\/{rel}","templated":true}]}}