{"id":9189,"date":"2022-08-18T15:11:21","date_gmt":"2022-08-18T13:11:21","guid":{"rendered":"https:\/\/www.welovecycling.com\/es\/?page_id=9189"},"modified":"2022-08-18T15:14:20","modified_gmt":"2022-08-18T13:14:20","slug":"terminos-y-condiciones","status":"publish","type":"page","link":"https:\/\/www.welovecycling.com\/es\/la-vuelta-2022\/terminos-y-condiciones\/","title":{"rendered":"T\u00e9rminos y condiciones"},"content":{"rendered":"<p><span style=\"font-weight: 400;\">Las presentes bases regulan las condiciones del &#8220;Concurso La Vuelta 2022&#8221; (en adelante &#8220;El Concurso&#8221;) y son el \u00fanico documento que regula de forma completa y obligatoria las normas de este concurso.<\/span><\/p>\n<h2><span style=\"font-weight: 400;\">1. Anfitri\u00f3n y organizador del concurso<\/span><\/h2>\n<p><span style=\"font-weight: 400;\">El organizador del Concurso es \u0160koda AUTO a.s., una sociedad an\u00f3nima que tiene su domicilio social en t\u0159. V\u00e1clava Klementa 869, 293 01 Mlad\u00e1 Boleslav, Rep\u00fablica Checa, con n\u00famero de identificaci\u00f3n de empresa 00177041, inscrita en el Registro Mercantil gestionado por el Tribunal Metropolitano de Praga, secci\u00f3n B, n\u00famero de expediente 332 (en adelante, el &#8220;Anfitri\u00f3n&#8221;).<\/span><\/p>\n<p><span style=\"font-weight: 400;\">El organizador del Concurso, quien se encarga de las gestiones pr\u00e1cticas de su organizaci\u00f3n, es MUSTARD s.r.o., que tiene su domicilio social en Praha 1 &#8211; Nov\u00e9 M\u011bsto, Masarykovo n\u00e1b\u0159. 246, 110 00, Rep\u00fablica Checa, con n\u00famero de identificaci\u00f3n 28531418, inscrita en el Registro Mercantil administrado por el Tribunal Municipal de Praga en la Secci\u00f3n C, Inscripci\u00f3n 148383.<\/span><\/p>\n<h2><span style=\"font-weight: 400;\">2. Condiciones y lugar del concurso, periodos del concurso<\/span><\/h2>\n<p><span style=\"font-weight: 400;\">El Concurso se celebrar\u00e1 desde el 00:00 (CET) 19.08. de 2022 hasta el <\/span><span style=\"font-weight: 400;\">23:59 (CET) 11.09.<\/span><span style=\"font-weight: 400;\"> de 2022, dividido en cuatro periodos distintos. El Concurso se llevar\u00e1 a cabo en el sitio web www.welovecycling.com (en lo sucesivo, el &#8220;sitio web del Concurso&#8221;), donde se realiza principalmente la comunicaci\u00f3n con los participantes. Los periodos por separado del Concurso son los siguientes\u00a0<\/span><\/p>\n<p>&nbsp;<\/p>\n<ul>\n<li style=\"font-weight: 400;\" aria-level=\"1\"><span style=\"font-weight: 400;\">1er per\u00edodo de concurso &#8211; 00:00 (CET) 19.08. 2022 a 23:59 (CET) 25.08. 2022<\/span><\/li>\n<li style=\"font-weight: 400;\" aria-level=\"1\"><span style=\"font-weight: 400;\">2\u00ba periodo de concurso &#8211; <\/span><span style=\"font-weight: 400;\">00:00 (CET) 26.08. 2022 a 23:59 (CET) 01.09. 2022<\/span><\/li>\n<li style=\"font-weight: 400;\" aria-level=\"1\"><span style=\"font-weight: 400;\">Tercer per\u00edodo de concurso &#8211; <\/span><span style=\"font-weight: 400;\">00:00 (CET) 02.09. 2022 a 23:59 (CET) 11.09. 2022<\/span><span style=\"font-weight: 400;\">\u00a0<\/span><\/li>\n<\/ul>\n<h2><span style=\"font-weight: 400;\">3. Participantes del concurso<\/span><\/h2>\n<p><span style=\"font-weight: 400;\">Podr\u00e1 participar en el Concurso cualquier persona que tenga por lo menos 18 a\u00f1os, que hable ingl\u00e9s a nivel intermedio y que resida en uno de los pa\u00edses donde se celebra el Concurso. El Concurso se celebra en los siguientes pa\u00edses ANDORRA, AUSTRIA, B\u00c9LGICA, BOSNIA, BULGARIA, CROACIA, REP\u00daBLICA CHECA, DINAMARCA, ESTONIA, FINLANDIA, FRANCIA, GRAN BRETA\u00d1A, GRECIA, HUNGR\u00cdA, ISLANDIA, IRLANDA, ITALIA, LETONIA, LIECHTENSTEIN, LITUANIA, LUXEMBURGO, MONTENEGRO, PA\u00cdSES BAJOS, NORUEGA, POLONIA, PORTUGAL, RUMAN\u00cdA, SERBIA, ESLOVAQUIA, ESLOVENIA, ESPA\u00d1A, SUECIA, SUIZA.<\/span><\/p>\n<p><span style=\"font-weight: 400;\">Para participar en el Concurso es necesario registrarse en el sitio web del Concurso en cualquier momento durante el per\u00edodo del mismo, y confirmar la aceptaci\u00f3n incondicional de estas reglas. Una parte de la inscripci\u00f3n (formulario de participaci\u00f3n) es el suministrar los datos personales; la direcci\u00f3n de correo electr\u00f3nico que se utilizar\u00e1 \u00fanicamente para los fines de este Concurso.<\/span><\/p>\n<p><span style=\"font-weight: 400;\">Cada participante puede inscribirse una sola vez y s\u00f3lo con su propia direcci\u00f3n de correo electr\u00f3nico, mientras que el organizador del concurso se reserva el derecho de comprobar esta norma por medios t\u00e9cnicos y organizativos.<\/span><\/p>\n<p><span style=\"font-weight: 400;\">Todas las personas que hayan participado en la preparaci\u00f3n de este Concurso, principalmente las personas empleadas o con una relaci\u00f3n similar con el Anfitri\u00f3n o el Organizador, no podr\u00e1n participar en el Concurso, as\u00ed como las personas que tengan una relaci\u00f3n similar con el socio autorizado de \u0160koda participante o con las agencias encargadas de garantizar este Concurso, sus familiares y las personas cercanas a ellos.<\/span><\/p>\n<h2><span style=\"font-weight: 400;\">4. Mecanismo del concurso, evaluaci\u00f3n de los ganadores<\/span><\/h2>\n<p><span style=\"font-weight: 400;\">La tarea del participante en cada periodo es responder a tres preguntas del concurso. Todos los participantes que hayan respondido correctamente a las tres preguntas en la ronda o periodo en cuesti\u00f3n tendr\u00e1n la oportunidad de ganarse un premio. El importe de los premios para cada periodo se indica en el cuadro siguiente.<\/span><\/p>\n<p><span style=\"font-weight: 400;\">En el primer periodo del concurso, ganar\u00e1n los premios los participantes que hayan entregado todas las respuestas correctas situadas en 1\/8, 2\/8&#8230; 7\/8 en la lista de todos los participantes. Si el n\u00famero de participantes no es divisible entre 7, el n\u00famero resultante se redondear\u00e1 al n\u00famero entero m\u00e1s cercano divisible entre 7.<\/span><\/p>\n<p><span style=\"font-weight: 400;\">En el segundo periodo del concurso, ganar\u00e1n los premios los participantes que hayan entregado todas las respuestas correctas situadas en 1\/10, 2\/10&#8230; 9\/10 en la lista de todos los participantes. Si el n\u00famero de participantes no es divisible entre 9, el n\u00famero resultante se redondear\u00e1 al n\u00famero entero m\u00e1s cercano divisible entre 9.<\/span><\/p>\n<p><span style=\"font-weight: 400;\">En el tercer periodo del concurso, ganar\u00e1n los premios aquellos participantes que hayan entregado todas las respuestas correctas situadas en 1\/11, 2\/11&#8230; 8\/11 en la lista de todos los participantes. Si el n\u00famero de participantes no es divisible entre 6, el n\u00famero resultante se redondear\u00e1 al n\u00famero entero m\u00e1s cercano divisible entre 11.<\/span><\/p>\n<p><span style=\"font-weight: 400;\">Todas las listas de los participantes anteriores estar\u00e1n siempre ordenadas cronol\u00f3gicamente seg\u00fan el momento de presentaci\u00f3n de las preguntas del concurso.<\/span><\/p>\n<p><span style=\"font-weight: 400;\">El Anfitri\u00f3n del Concurso les informar\u00e1 a los ganadores a trav\u00e9s del correo electr\u00f3nico facilitado durante la inscripci\u00f3n en un plazo de cinco d\u00edas tras la finalizaci\u00f3n del periodo correspondiente del Concurso y se les pedir\u00e1 a los ganadores que proporcionen los datos necesarios para la entrega o el env\u00edo del premio o para una comunicarse posteriormente. Si el ganador no reacciona, incluso a un correo electr\u00f3nico enviado repetidamente por parte del Anfitri\u00f3n del Concurso o no proporciona los datos de contacto durante las 24 horas posteriores al env\u00edo del correo electr\u00f3nico, su premio expirar\u00e1 sin compensaci\u00f3n alguna.<\/span><\/p>\n<h2><span style=\"font-weight: 400;\">5. Descripci\u00f3n de los premios<\/span><\/h2>\n<p>&nbsp;<\/p>\n<p><span style=\"font-weight: 400;\">RONDA 1<\/span><\/p>\n<p>&nbsp;<\/p>\n<ul>\n<li style=\"font-weight: 400;\" aria-level=\"1\"><span style=\"font-weight: 400;\">Programa de hospitalidad de Rouvy (etapa 15)<\/span><\/li>\n<li style=\"font-weight: 400;\" aria-level=\"1\"><span style=\"font-weight: 400;\">3x \u0160koda Jersey Verde<\/span><\/li>\n<li style=\"font-weight: 400;\" aria-level=\"1\"><span style=\"font-weight: 400;\">3x suscripci\u00f3n anual de Rouvy<\/span><\/li>\n<\/ul>\n<p>&nbsp;<\/p>\n<p><span style=\"font-weight: 400;\">RONDA 2<\/span><\/p>\n<p>&nbsp;<\/p>\n<ul>\n<li style=\"font-weight: 400;\" aria-level=\"1\"><span style=\"font-weight: 400;\">3x Casco POC Ventral Air Mips<\/span><\/li>\n<li style=\"font-weight: 400;\" aria-level=\"1\"><span style=\"font-weight: 400;\">3x \u0160koda Jersey Verde<\/span><\/li>\n<li style=\"font-weight: 400;\" aria-level=\"1\"><span style=\"font-weight: 400;\">3x suscripci\u00f3n anual de Rouvy<\/span><\/li>\n<\/ul>\n<p>&nbsp;<\/p>\n<p>&nbsp;<\/p>\n<p>&nbsp;<\/p>\n<p>&nbsp;<\/p>\n<p><span style=\"font-weight: 400;\">RONDA 3<\/span><\/p>\n<p>&nbsp;<\/p>\n<ul>\n<li style=\"font-weight: 400;\" aria-level=\"1\"><span style=\"font-weight: 400;\">5x \u0160koda Colecci\u00f3n de ciclismo<\/span><\/li>\n<li style=\"font-weight: 400;\" aria-level=\"1\"><span style=\"font-weight: 400;\">3x \u0160koda Jersey Verde<\/span><\/li>\n<li style=\"font-weight: 400;\" aria-level=\"1\"><span style=\"font-weight: 400;\">3x suscripci\u00f3n anual de Rouvy<\/span><\/li>\n<\/ul>\n<p><span style=\"font-weight: 400;\">\u00a0<\/span><\/p>\n<h2><span style=\"font-weight: 400;\">6. Adquisici\u00f3n y uso de grabaciones<\/span><\/h2>\n<p><span style=\"font-weight: 400;\">Si un participante resulta ganador, le otorga un consentimiento al Anfitri\u00f3n de obtener y utilizar los retratos del participante, declaraciones escritas, fotos y grabaciones de audio y visuales relacionadas con el participante y \/ o expresiones de car\u00e1cter personal obtenidas por parte del Anfitri\u00f3n en relaci\u00f3n con la celebraci\u00f3n del Concurso y la entrega o el sorteo de los premios con fines comerciales en todos los medios de comunicaci\u00f3n, independientemente de su car\u00e1cter y especificaciones, utilizando todos los medios t\u00edpicos, con su posterior modificaci\u00f3n y con la potencial combinaci\u00f3n con otras obras e inclusi\u00f3n en una obra colectiva. El participante le otorga al Anfitri\u00f3n este consentimiento de forma gratuita, sin limitaciones materiales, temporales, cuantitativas o territoriales, y puede revocarlo en cualquier momento. Este consentimiento tambi\u00e9n se les aplicar\u00e1 a los terceros a quienes el Anfitri\u00f3n pueda proporcionar dichas grabaciones a su propia discreci\u00f3n.<\/span><\/p>\n<h2><span style=\"font-weight: 400;\">7. Otras condiciones importantes<\/span><\/h2>\n<p><span style=\"font-weight: 400;\">El Anfitri\u00f3n determinar\u00e1 exclusivamente las especificaciones exactas de las ganancias. La exhibici\u00f3n de las ganancias en los materiales promocionales es ilustrativa. Para ganar el premio principal, es necesario cumplir con otras condiciones (pasaporte, visados, etc.) y obligaciones del ganador y considerar la capacidad adecuada, principalmente la m\u00e9dica, para participar. El Anfitri\u00f3n no ser\u00e1 responsable de los da\u00f1os causados al participante como consecuencia de la utilizaci\u00f3n del premio.<\/span><\/p>\n<p><span style=\"font-weight: 400;\">Los participantes no tienen derecho a exigir dinero u otro tipo de prestaci\u00f3n en sustituci\u00f3n del premio. El Anfitri\u00f3n no est\u00e1 obligado por el presente documento a proporcionarles una compensaci\u00f3n a los participantes del Concurso, y los participantes no tendr\u00e1n derecho a ninguna compensaci\u00f3n por parte del Anfitri\u00f3n que no est\u00e9 expresamente especificada en el presente documento.<\/span><\/p>\n<p><span style=\"font-weight: 400;\">El Anfitri\u00f3n no es responsable de la calidad de los premios entregados por parte de terceros. Hay que responsabilizar de los posibles defectos de estos directamente a los proveedores. El Anfitri\u00f3n se reserva el derecho de cambiar los premios a su propia discreci\u00f3n.<\/span><\/p>\n<p><span style=\"font-weight: 400;\">Un participante puede excluirse del Concurso si el Anfitri\u00f3n descubre o tiene sospechas razonables de que el participante u otras personas que lo ayudan han incurrido en fraude para recibir premios o en una conducta desleal o que no est\u00e9 basada en el conocimiento del participante de acuerdo con las reglas.<\/span><\/p>\n<p><span style=\"font-weight: 400;\">El Anfitri\u00f3n no ser\u00e1 responsable de los fallos en la entrega de los mensajes o de las ganancias. El Anfitri\u00f3n no ser\u00e1 responsable de ning\u00fan error que se produzca como consecuencia de problemas t\u00e9cnicos o de comunicaci\u00f3n. El Anfitri\u00f3n decidir\u00e1 con validez definitiva sobre cualquier queja u objeci\u00f3n presentada. El Anfitri\u00f3n se reserva el derecho, sin estar obligado a indemnizar, de acortar, aplazar, suspender o cancelar el evento y los premios o de cambiar o a\u00f1adir alguna de estas reglas unilateralmente durante la existencia del evento, notificando de dichos cambios en la p\u00e1gina web especificada anteriormente, donde tambi\u00e9n se puede encontrar la redacci\u00f3n v\u00e1lida y completa de las reglas.<\/span><\/p>\n<p><span style=\"font-weight: 400;\">Este Concurso no est\u00e1 en modo alguno operado, patrocinado o asociado con Facebook, y Facebook no es responsable del mismo. La informaci\u00f3n proporcionada durante el evento no se le facilitar\u00e1 a Facebook. Todas las preguntas, comentarios o quejas relacionadas con la aplicaci\u00f3n deben dirigirse al Anfitri\u00f3n, no a Facebook.<\/span><\/p>\n<p><span style=\"font-weight: 400;\">Este Concurso se rige por la legislaci\u00f3n de la Rep\u00fablica Checa, salvo en la medida en que la legislaci\u00f3n aplicable de los pa\u00edses de los participantes lo excluya.<\/span><\/p>\n","protected":false},"excerpt":{"rendered":"<p>Las presentes bases regulan las condiciones del &#8220;Concurso La Vuelta 2022&#8221; (en adelante &#8220;El Concurso&#8221;) y son el \u00fanico documento [&hellip;]<\/p>\n","protected":false},"author":27,"featured_media":0,"parent":9192,"menu_order":0,"comment_status":"closed","ping_status":"closed","template":"","meta":{"footnotes":""},"tags":[],"class_list":["post-9189","page","type-page","status-publish","hentry"],"yoast_head":"<!-- This site is optimized with the Yoast SEO Premium plugin v25.3 (Yoast SEO v25.9) - https:\/\/yoast.com\/wordpress\/plugins\/seo\/ -->\n<title>T\u00e9rminos y condiciones - \u0160koda We Love Cycling - Spain<\/title>\n<meta name=\"robots\" content=\"index, follow, max-snippet:-1, max-image-preview:large, max-video-preview:-1\" \/>\n<link rel=\"canonical\" href=\"https:\/\/www.welovecycling.com\/es\/la-vuelta-2022\/terminos-y-condiciones\/\" \/>\n<meta property=\"og:locale\" content=\"es_ES\" \/>\n<meta property=\"og:type\" content=\"article\" \/>\n<meta property=\"og:title\" content=\"T\u00e9rminos y condiciones\" \/>\n<meta property=\"og:description\" content=\"Las presentes bases regulan las condiciones del &#8220;Concurso La Vuelta 2022&#8221; (en adelante &#8220;El Concurso&#8221;) y son el \u00fanico documento [&hellip;]\" \/>\n<meta property=\"og:url\" content=\"https:\/\/www.welovecycling.com\/es\/la-vuelta-2022\/terminos-y-condiciones\/\" \/>\n<meta property=\"og:site_name\" content=\"\u0160koda We Love Cycling - Spain\" \/>\n<meta property=\"article:modified_time\" content=\"2022-08-18T13:14:20+00:00\" \/>\n<meta name=\"twitter:card\" content=\"summary_large_image\" \/>\n<meta name=\"twitter:label1\" content=\"Est. reading time\" \/>\n\t<meta name=\"twitter:data1\" content=\"8 minutes\" \/>\n<script type=\"application\/ld+json\" class=\"yoast-schema-graph\">{\"@context\":\"https:\/\/schema.org\",\"@graph\":[{\"@type\":\"WebPage\",\"@id\":\"https:\/\/www.welovecycling.com\/es\/la-vuelta-2022\/terminos-y-condiciones\/\",\"url\":\"https:\/\/www.welovecycling.com\/es\/la-vuelta-2022\/terminos-y-condiciones\/\",\"name\":\"T\u00e9rminos y condiciones - \u0160koda We Love Cycling - Spain\",\"isPartOf\":{\"@id\":\"https:\/\/www.welovecycling.com\/es\/#website\"},\"datePublished\":\"2022-08-18T13:11:21+00:00\",\"dateModified\":\"2022-08-18T13:14:20+00:00\",\"breadcrumb\":{\"@id\":\"https:\/\/www.welovecycling.com\/es\/la-vuelta-2022\/terminos-y-condiciones\/#breadcrumb\"},\"inLanguage\":\"es-ES\",\"potentialAction\":[{\"@type\":\"ReadAction\",\"target\":[\"https:\/\/www.welovecycling.com\/es\/la-vuelta-2022\/terminos-y-condiciones\/\"]}]},{\"@type\":\"BreadcrumbList\",\"@id\":\"https:\/\/www.welovecycling.com\/es\/la-vuelta-2022\/terminos-y-condiciones\/#breadcrumb\",\"itemListElement\":[{\"@type\":\"ListItem\",\"position\":1,\"name\":\"Home\",\"item\":\"https:\/\/www.welovecycling.com\/es\/\"},{\"@type\":\"ListItem\",\"position\":2,\"name\":\"La Vuelta 2022\",\"item\":\"https:\/\/www.welovecycling.com\/es\/la-vuelta-2022\/\"},{\"@type\":\"ListItem\",\"position\":3,\"name\":\"T\u00e9rminos y condiciones\"}]},{\"@type\":\"WebSite\",\"@id\":\"https:\/\/www.welovecycling.com\/es\/#website\",\"url\":\"https:\/\/www.welovecycling.com\/es\/\",\"name\":\"\u0160koda We Love Cycling - Spain\",\"description\":\"\u0160koda WeLoveCycling Spain\",\"potentialAction\":[{\"@type\":\"SearchAction\",\"target\":{\"@type\":\"EntryPoint\",\"urlTemplate\":\"https:\/\/www.welovecycling.com\/es\/?s={search_term_string}\"},\"query-input\":{\"@type\":\"PropertyValueSpecification\",\"valueRequired\":true,\"valueName\":\"search_term_string\"}}],\"inLanguage\":\"es-ES\"}]}<\/script>\n<!-- \/ Yoast SEO Premium plugin. -->","yoast_head_json":{"title":"T\u00e9rminos y condiciones - \u0160koda We Love Cycling - Spain","robots":{"index":"index","follow":"follow","max-snippet":"max-snippet:-1","max-image-preview":"max-image-preview:large","max-video-preview":"max-video-preview:-1"},"canonical":"https:\/\/www.welovecycling.com\/es\/la-vuelta-2022\/terminos-y-condiciones\/","og_locale":"es_ES","og_type":"article","og_title":"T\u00e9rminos y condiciones","og_description":"Las presentes bases regulan las condiciones del &#8220;Concurso La Vuelta 2022&#8221; (en adelante &#8220;El Concurso&#8221;) y son el \u00fanico documento [&hellip;]","og_url":"https:\/\/www.welovecycling.com\/es\/la-vuelta-2022\/terminos-y-condiciones\/","og_site_name":"\u0160koda We Love Cycling - Spain","article_modified_time":"2022-08-18T13:14:20+00:00","twitter_card":"summary_large_image","twitter_misc":{"Est. reading time":"8 minutes"},"schema":{"@context":"https:\/\/schema.org","@graph":[{"@type":"WebPage","@id":"https:\/\/www.welovecycling.com\/es\/la-vuelta-2022\/terminos-y-condiciones\/","url":"https:\/\/www.welovecycling.com\/es\/la-vuelta-2022\/terminos-y-condiciones\/","name":"T\u00e9rminos y condiciones - \u0160koda We Love Cycling - Spain","isPartOf":{"@id":"https:\/\/www.welovecycling.com\/es\/#website"},"datePublished":"2022-08-18T13:11:21+00:00","dateModified":"2022-08-18T13:14:20+00:00","breadcrumb":{"@id":"https:\/\/www.welovecycling.com\/es\/la-vuelta-2022\/terminos-y-condiciones\/#breadcrumb"},"inLanguage":"es-ES","potentialAction":[{"@type":"ReadAction","target":["https:\/\/www.welovecycling.com\/es\/la-vuelta-2022\/terminos-y-condiciones\/"]}]},{"@type":"BreadcrumbList","@id":"https:\/\/www.welovecycling.com\/es\/la-vuelta-2022\/terminos-y-condiciones\/#breadcrumb","itemListElement":[{"@type":"ListItem","position":1,"name":"Home","item":"https:\/\/www.welovecycling.com\/es\/"},{"@type":"ListItem","position":2,"name":"La Vuelta 2022","item":"https:\/\/www.welovecycling.com\/es\/la-vuelta-2022\/"},{"@type":"ListItem","position":3,"name":"T\u00e9rminos y condiciones"}]},{"@type":"WebSite","@id":"https:\/\/www.welovecycling.com\/es\/#website","url":"https:\/\/www.welovecycling.com\/es\/","name":"\u0160koda We Love Cycling - Spain","description":"\u0160koda WeLoveCycling Spain","potentialAction":[{"@type":"SearchAction","target":{"@type":"EntryPoint","urlTemplate":"https:\/\/www.welovecycling.com\/es\/?s={search_term_string}"},"query-input":{"@type":"PropertyValueSpecification","valueRequired":true,"valueName":"search_term_string"}}],"inLanguage":"es-ES"}]}},"_links":{"self":[{"href":"https:\/\/www.welovecycling.com\/es\/wp-json\/wp\/v2\/pages\/9189","targetHints":{"allow":["GET"]}}],"collection":[{"href":"https:\/\/www.welovecycling.com\/es\/wp-json\/wp\/v2\/pages"}],"about":[{"href":"https:\/\/www.welovecycling.com\/es\/wp-json\/wp\/v2\/types\/page"}],"author":[{"embeddable":true,"href":"https:\/\/www.welovecycling.com\/es\/wp-json\/wp\/v2\/users\/27"}],"replies":[{"embeddable":true,"href":"https:\/\/www.welovecycling.com\/es\/wp-json\/wp\/v2\/comments?post=9189"}],"version-history":[{"count":2,"href":"https:\/\/www.welovecycling.com\/es\/wp-json\/wp\/v2\/pages\/9189\/revisions"}],"predecessor-version":[{"id":9191,"href":"https:\/\/www.welovecycling.com\/es\/wp-json\/wp\/v2\/pages\/9189\/revisions\/9191"}],"up":[{"embeddable":true,"href":"https:\/\/www.welovecycling.com\/es\/wp-json\/wp\/v2\/pages\/9192"}],"wp:attachment":[{"href":"https:\/\/www.welovecycling.com\/es\/wp-json\/wp\/v2\/media?parent=9189"}],"wp:term":[{"taxonomy":"post_tag","embeddable":true,"href":"https:\/\/www.welovecycling.com\/es\/wp-json\/wp\/v2\/tags?post=9189"}],"curies":[{"name":"wp","href":"https:\/\/api.w.org\/{rel}","templated":true}]}}