{"id":7945,"date":"2021-07-30T10:34:55","date_gmt":"2021-07-30T08:34:55","guid":{"rendered":"https:\/\/www.welovecycling.com\/es\/?page_id=7945"},"modified":"2021-07-30T10:34:55","modified_gmt":"2021-07-30T08:34:55","slug":"this-is-enough-condiciones-del-concurso","status":"publish","type":"page","link":"https:\/\/www.welovecycling.com\/es\/this-is-enough-condiciones-del-concurso\/","title":{"rendered":"\u00a1This Is Enough! &#8211; Condiciones del concurso"},"content":{"rendered":"<p>Las presentes bases regulan las condiciones del concurso &#8220;\u00a1This Is Enough! de 2021&#8221; (en adelante &#8220;Concurso&#8221;) y son el \u00fanico documento que regula de forma completa y obligatoria las bases de este concurso.<\/p>\n<h2><strong>1. Anfitri\u00f3n y organizador del concurso<\/strong><\/h2>\n<p>El organizador del Concurso es \u0160koda AUTO a.s., una sociedad an\u00f3nima que tiene su domicilio social en t\u0159. V\u00e1clava Klementa 869, 293 01 Mlad\u00e1 Boleslav, Rep\u00fablica Checa, con n\u00famero de identificaci\u00f3n de empresa 00177041, inscrita en el Registro Mercantil gestionado por el Tribunal Metropolitano de Praga, secci\u00f3n B, n\u00famero de expediente 332 (en adelante, el &#8220;Anfitri\u00f3n&#8221;).<\/p>\n<p>El organizador del Concurso, que se encarga de las gestiones pr\u00e1cticas de su organizaci\u00f3n, es MUSTARD s.r.o., que tiene su domicilio social en Praha 1 &#8211; Nov\u00e9 M\u011bsto, Masarykovo n\u00e1b\u0159. 246, 110 00, Rep\u00fablica Checa, con n\u00famero de identificaci\u00f3n 28531418, inscrita en el Registro Mercantil administrado por el Tribunal Municipal de Praga en la Secci\u00f3n C, Inscripci\u00f3n 148383.<\/p>\n<h2><strong>2. Condiciones y lugar del concurso, periodos del concurso <\/strong><\/h2>\n<p>El Concurso se celebrar\u00e1 desde las 00:00 AM (CET) del 31-7-2021 hasta las 23:59 PM (CET) del 13-8-2021. El Concurso se llevar\u00e1 a cabo en el sitio web www.welovecycling.com (en lo sucesivo, &#8220;sitio web del Concurso&#8221;), donde se realiza principalmente la comunicaci\u00f3n con los participantes. Los periodos del Concurso son los siguientes:<\/p>\n<h2><strong>3. De \/ Para \/ N\u00famero de premios principales \/ N\u00famero de premios secundarios \/ N\u00famero de premios terciarios<\/strong><\/h2>\n<p>per\u00edodo del contenido &#8211; 00:00 AM (CET) del 31-7-2021 a las 23:59 PM (CET) del 13-8-2021; 1\/5\/10<\/p>\n<h2><strong>4. Participantes en el concurso<\/strong><\/h2>\n<p>Podr\u00e1 participar en el Concurso cualquier persona que tenga al menos 18 a\u00f1os, que hable ingl\u00e9s a nivel intermedio y que resida en uno de los pa\u00edses donde se celebra el Concurso. El Concurso se celebra en los siguientes pa\u00edses ANDORRA, AUSTRIA, B\u00c9LGICA, BOSNIA, BULGARIA, CROACIA, REP\u00daBLICA CHECA, DINAMARCA, ESTONIA, FINLANDIA, FRANCIA, GRAN BRETA\u00d1A, GRECIA, HUNGR\u00cdA, ISLANDIA, IRLANDA, ITALIA, LETONIA, LIECHTENSTEIN, LITUANIA, LUXEMBURGO, MONTENEGRO, PA\u00cdSES BAJOS, NORUEGA, POLONIA, PORTUGAL, RUMAN\u00cdA, SERBIA, ESLOVAQUIA, ESLOVENIA, <em>ESPA\u00d1A<\/em>, SUECIA, SUIZA, TURQU\u00cdA.<\/p>\n<p>Para participar en el Concurso es necesario registrarse en el sitio web del Concurso en cualquier momento durante el per\u00edodo del Concurso, y confirmar la aceptaci\u00f3n incondicional de estas reglas. Una parte de la inscripci\u00f3n (formulario de participaci\u00f3n) es el suministro de los datos personales: direcci\u00f3n de correo electr\u00f3nico que se utilizar\u00e1 \u00fanicamente para los fines de este Concurso.<br \/>\nCada participante puede inscribirse una sola vez y s\u00f3lo con su propia direcci\u00f3n de correo electr\u00f3nico, mientras que el organizador del concurso se reserva el derecho de comprobar esta norma por medios t\u00e9cnicos y organizativos.<\/p>\n<p>Todas las personas que hayan participado en la preparaci\u00f3n de este Concurso, principalmente las personas empleadas por el Anfitri\u00f3n o el Organizador o que tengan una relaci\u00f3n similar, no podr\u00e1n participar en el Concurso, al igual que las personas que tengan una relaci\u00f3n similar con el socio autorizado de \u0160koda participante o con las agencias encargadas de garantizar este Concurso, sus familiares y personas cercanas.<\/p>\n<h2><strong>5. Mecanismo del concurso, evaluaci\u00f3n de los ganadores<\/strong><\/h2>\n<p>La tarea de un participante en el periodo del concurso es realizar con \u00e9xito el reto &#8220;This Is Enough!&#8221; de Strava. Todos los participantes que hayan realizado con \u00e9xito el reto &#8220;This Is Enough!&#8221; de Strava durante el periodo del concurso tendr\u00e1n la oportunidad de ganarse un premio.<\/p>\n<p>En el periodo del concurso, el premio principal lo ganar\u00e1 el participante que haya dado todas las respuestas correctas situadas en la mitad de la lista de todos los participantes. Si el n\u00famero de participantes no es divisible entre 2, el n\u00famero resultante se redondear\u00e1 hacia abajo al n\u00famero entero m\u00e1s cercano divisible entre 2. Los premios secundarios los ganan los participantes que hayan dado todas las respuestas correctas situadas en 1\/7, 2\/7, 3\/7, 4\/7 y 5\/7 en la lista de todos los participantes. Si el n\u00famero de participantes no es divisible entre 7, el n\u00famero resultante se redondear\u00e1 hacia abajo al n\u00famero entero m\u00e1s cercano divisible entre 7. Los premios terciarios los ganan los participantes que hayan dado todas las respuestas correctas situadas en 1\/13, 2\/13, 3\/13, 4\/13, 5\/13, 6\/13, 7\/13, 8\/13, 9\/13 y 10\/13 de la lista de todos los participantes. Si el n\u00famero de participantes no es divisible entre 13, el n\u00famero resultante se redondear\u00e1 hacia abajo al n\u00famero entero m\u00e1s cercano divisible entre 13.<\/p>\n<p>Todas las listas de los participantes anteriores estar\u00e1n siempre ordenadas cronol\u00f3gicamente seg\u00fan el momento de presentaci\u00f3n de las preguntas del concurso.<\/p>\n<p>El Anfitri\u00f3n del Concurso les informar\u00e1 a los ganadores a trav\u00e9s del correo electr\u00f3nico facilitado durante la inscripci\u00f3n en un plazo de cinco d\u00edas tras la finalizaci\u00f3n del periodo correspondiente del Concurso y se les pedir\u00e1 a los ganadores que proporcionen los datos necesarios para la entrega o el env\u00edo del premio o para comunicarse posteriormente. Si el ganador no reacciona, incluso al correo electr\u00f3nico enviado repetidamente por parte del Anfitri\u00f3n del Concurso o no proporciona los datos de contacto durante las 24 horas posteriores al env\u00edo del correo electr\u00f3nico, su premio expirar\u00e1 sin que obtenga ninguna compensaci\u00f3n.<\/p>\n<h2><strong>6. Descripci\u00f3n de los premios<\/strong><\/h2>\n<p><strong>Premio principal:<\/strong><\/p>\n<p>Bicicleta de carretera \u0160koda de carbono de alta gama que fue usada por el ganador del Tour Andy Schleck.<\/p>\n<p><strong>Premios secundarios:<\/strong><\/p>\n<p><strong>5x <\/strong>Garmin EDGE 530 PRO<\/p>\n<p><strong>Premios terciarios:<\/strong><\/p>\n<p>Franela 10x WLC<\/p>\n<h2><strong>7. Adquisici\u00f3n y uso de las grabaciones<\/strong><\/h2>\n<p>Si el participante resulta ganador, otorga su consentimiento al Anfitri\u00f3n para que este obtenga y utilice los retratos del participante, las declaraciones escritas, fotos y grabaciones de audio y visuales relacionadas con el participante y \/ o expresiones de car\u00e1cter personal obtenidas por parte del Anfitri\u00f3n en relaci\u00f3n con la celebraci\u00f3n del Concurso y la entrega o el sorteo de los premios con fines comerciales en todos los medios de comunicaci\u00f3n, independientemente de su car\u00e1cter y especificaciones, utilizando todos los medios t\u00edpicos, con su posterior modificaci\u00f3n y con la potencial combinaci\u00f3n con otras obras e inclusi\u00f3n en una obra colectiva. El participante le otorga al Anfitri\u00f3n este consentimiento de forma gratuita sin limitaciones materiales, temporales, cuantitativas o territoriales y puede revocarlo en cualquier momento. Este consentimiento tambi\u00e9n se aplicar\u00e1 a los terceros a quienes el Anfitri\u00f3n le pueda proporcionar dichas grabaciones a su propia discreci\u00f3n.<\/p>\n<h2><strong>8. Otras condiciones importantes<\/strong><\/h2>\n<p>El Anfitri\u00f3n determinar\u00e1 exclusivamente las especificaciones exactas de las formas de ganar. La exhibici\u00f3n de las formas de ganar en los materiales promocionales es ilustrativa. Para ganar el premio principal, es necesario cumplir con otras condiciones (pasaporte, visados, etc.) y obligaciones del ganador y considerar la capacidad adecuada, principalmente la m\u00e9dica, para participar. El Anfitri\u00f3n no ser\u00e1 responsable de los da\u00f1os causados al participante como consecuencia de la utilizaci\u00f3n del premio.<\/p>\n<p>Los participantes no tienen derecho a exigir dinero u otro tipo de prestaci\u00f3n en sustituci\u00f3n del premio. El Anfitri\u00f3n no est\u00e1 obligado por el presente documento a proporcionarles una compensaci\u00f3n a los participantes del Concurso, y los participantes no tendr\u00e1n derecho a ninguna compensaci\u00f3n por parte del Anfitri\u00f3n que no est\u00e9 expresamente especificada en el presente documento. El Anfitri\u00f3n no es responsable de la calidad de los premios entregados por parte de terceros. Hay que responsabilizar de los posibles defectos directamente a estos proveedores. El Anfitri\u00f3n se reserva el derecho de cambiar los premios a su discreci\u00f3n.<\/p>\n<p>El participante puede ser excluido del Concurso si el Anfitri\u00f3n descubre o tiene sospechas razonables de que el participante u otras personas que lo ayuden han cometido un fraude para recibir premios o han incurrido en una conducta desleal o no basada en el conocimiento del participante de acuerdo con las reglas.<\/p>\n<p>El Anfitri\u00f3n no ser\u00e1 responsable de los fallos en la entrega de los mensajes o de o ganado. El Anfitri\u00f3n no ser\u00e1 responsable de ning\u00fan error que se produzca como consecuencia de problemas t\u00e9cnicos o de comunicaci\u00f3n. El Anfitri\u00f3n decidir\u00e1 con una validez definitiva sobre cualquier queja u objeci\u00f3n presentada. El Anfitri\u00f3n se reserva el derecho, sin estar obligado a indemnizar, de acortar, aplazar, suspender o cancelar el evento y los premios o de cambiar o a\u00f1adirles algo a estas reglas unilateralmente durante la existencia del evento, notificando dichos cambios en la p\u00e1gina web especificada anteriormente, donde tambi\u00e9n se puede encontrar la redacci\u00f3n v\u00e1lida y completa de las reglas.<\/p>\n<p>Este Concurso no est\u00e1 en modo alguno operado, patrocinado o asociado con Facebook, y Facebook no es responsable del mismo. La informaci\u00f3n proporcionada durante el evento no se le facilitar\u00e1 a Facebook. Todas las preguntas, comentarios o quejas relacionadas con la aplicaci\u00f3n deben dirig\u00edrsele al Anfitri\u00f3n, no a Facebook.<\/p>\n<p>Este Concurso lo rige la legislaci\u00f3n de la Rep\u00fablica Checa, salvo en la medida en que la legislaci\u00f3n aplicable de los pa\u00edses de los participantes lo excluya.<\/p>\n","protected":false},"excerpt":{"rendered":"<p>Las presentes bases regulan las condiciones del concurso &#8220;\u00a1This Is Enough! de 2021&#8221; (en adelante &#8220;Concurso&#8221;) y son el \u00fanico [&hellip;]<\/p>\n","protected":false},"author":99,"featured_media":0,"parent":0,"menu_order":0,"comment_status":"closed","ping_status":"closed","template":"","meta":{"footnotes":""},"tags":[],"class_list":["post-7945","page","type-page","status-publish","hentry"],"yoast_head":"<!-- This site is optimized with the Yoast SEO Premium plugin v25.3 (Yoast SEO v25.9) - https:\/\/yoast.com\/wordpress\/plugins\/seo\/ -->\n<title>\u00a1This Is Enough! - Condiciones del concurso - \u0160koda We Love Cycling - Spain<\/title>\n<meta name=\"robots\" content=\"index, follow, max-snippet:-1, max-image-preview:large, max-video-preview:-1\" \/>\n<link rel=\"canonical\" href=\"https:\/\/www.welovecycling.com\/es\/this-is-enough-condiciones-del-concurso\/\" \/>\n<meta property=\"og:locale\" content=\"es_ES\" \/>\n<meta property=\"og:type\" content=\"article\" \/>\n<meta property=\"og:title\" content=\"\u00a1This Is Enough! - Condiciones del concurso\" \/>\n<meta property=\"og:description\" content=\"Las presentes bases regulan las condiciones del concurso &#8220;\u00a1This Is Enough! de 2021&#8221; (en adelante &#8220;Concurso&#8221;) y son el \u00fanico [&hellip;]\" \/>\n<meta property=\"og:url\" content=\"https:\/\/www.welovecycling.com\/es\/this-is-enough-condiciones-del-concurso\/\" \/>\n<meta property=\"og:site_name\" content=\"\u0160koda We Love Cycling - Spain\" \/>\n<meta name=\"twitter:card\" content=\"summary_large_image\" \/>\n<meta name=\"twitter:label1\" content=\"Est. reading time\" \/>\n\t<meta name=\"twitter:data1\" content=\"8 minutes\" \/>\n<script type=\"application\/ld+json\" class=\"yoast-schema-graph\">{\"@context\":\"https:\/\/schema.org\",\"@graph\":[{\"@type\":\"WebPage\",\"@id\":\"https:\/\/www.welovecycling.com\/es\/this-is-enough-condiciones-del-concurso\/\",\"url\":\"https:\/\/www.welovecycling.com\/es\/this-is-enough-condiciones-del-concurso\/\",\"name\":\"\u00a1This Is Enough! - Condiciones del concurso - \u0160koda We Love Cycling - Spain\",\"isPartOf\":{\"@id\":\"https:\/\/www.welovecycling.com\/es\/#website\"},\"datePublished\":\"2021-07-30T08:34:55+00:00\",\"breadcrumb\":{\"@id\":\"https:\/\/www.welovecycling.com\/es\/this-is-enough-condiciones-del-concurso\/#breadcrumb\"},\"inLanguage\":\"es-ES\",\"potentialAction\":[{\"@type\":\"ReadAction\",\"target\":[\"https:\/\/www.welovecycling.com\/es\/this-is-enough-condiciones-del-concurso\/\"]}]},{\"@type\":\"BreadcrumbList\",\"@id\":\"https:\/\/www.welovecycling.com\/es\/this-is-enough-condiciones-del-concurso\/#breadcrumb\",\"itemListElement\":[{\"@type\":\"ListItem\",\"position\":1,\"name\":\"Home\",\"item\":\"https:\/\/www.welovecycling.com\/es\/\"},{\"@type\":\"ListItem\",\"position\":2,\"name\":\"\u00a1This Is Enough! &#8211; Condiciones del concurso\"}]},{\"@type\":\"WebSite\",\"@id\":\"https:\/\/www.welovecycling.com\/es\/#website\",\"url\":\"https:\/\/www.welovecycling.com\/es\/\",\"name\":\"\u0160koda We Love Cycling - Spain\",\"description\":\"\u0160koda WeLoveCycling Spain\",\"potentialAction\":[{\"@type\":\"SearchAction\",\"target\":{\"@type\":\"EntryPoint\",\"urlTemplate\":\"https:\/\/www.welovecycling.com\/es\/?s={search_term_string}\"},\"query-input\":{\"@type\":\"PropertyValueSpecification\",\"valueRequired\":true,\"valueName\":\"search_term_string\"}}],\"inLanguage\":\"es-ES\"}]}<\/script>\n<!-- \/ Yoast SEO Premium plugin. -->","yoast_head_json":{"title":"\u00a1This Is Enough! - Condiciones del concurso - \u0160koda We Love Cycling - Spain","robots":{"index":"index","follow":"follow","max-snippet":"max-snippet:-1","max-image-preview":"max-image-preview:large","max-video-preview":"max-video-preview:-1"},"canonical":"https:\/\/www.welovecycling.com\/es\/this-is-enough-condiciones-del-concurso\/","og_locale":"es_ES","og_type":"article","og_title":"\u00a1This Is Enough! - Condiciones del concurso","og_description":"Las presentes bases regulan las condiciones del concurso &#8220;\u00a1This Is Enough! de 2021&#8221; (en adelante &#8220;Concurso&#8221;) y son el \u00fanico [&hellip;]","og_url":"https:\/\/www.welovecycling.com\/es\/this-is-enough-condiciones-del-concurso\/","og_site_name":"\u0160koda We Love Cycling - Spain","twitter_card":"summary_large_image","twitter_misc":{"Est. reading time":"8 minutes"},"schema":{"@context":"https:\/\/schema.org","@graph":[{"@type":"WebPage","@id":"https:\/\/www.welovecycling.com\/es\/this-is-enough-condiciones-del-concurso\/","url":"https:\/\/www.welovecycling.com\/es\/this-is-enough-condiciones-del-concurso\/","name":"\u00a1This Is Enough! - Condiciones del concurso - \u0160koda We Love Cycling - Spain","isPartOf":{"@id":"https:\/\/www.welovecycling.com\/es\/#website"},"datePublished":"2021-07-30T08:34:55+00:00","breadcrumb":{"@id":"https:\/\/www.welovecycling.com\/es\/this-is-enough-condiciones-del-concurso\/#breadcrumb"},"inLanguage":"es-ES","potentialAction":[{"@type":"ReadAction","target":["https:\/\/www.welovecycling.com\/es\/this-is-enough-condiciones-del-concurso\/"]}]},{"@type":"BreadcrumbList","@id":"https:\/\/www.welovecycling.com\/es\/this-is-enough-condiciones-del-concurso\/#breadcrumb","itemListElement":[{"@type":"ListItem","position":1,"name":"Home","item":"https:\/\/www.welovecycling.com\/es\/"},{"@type":"ListItem","position":2,"name":"\u00a1This Is Enough! &#8211; Condiciones del concurso"}]},{"@type":"WebSite","@id":"https:\/\/www.welovecycling.com\/es\/#website","url":"https:\/\/www.welovecycling.com\/es\/","name":"\u0160koda We Love Cycling - Spain","description":"\u0160koda WeLoveCycling Spain","potentialAction":[{"@type":"SearchAction","target":{"@type":"EntryPoint","urlTemplate":"https:\/\/www.welovecycling.com\/es\/?s={search_term_string}"},"query-input":{"@type":"PropertyValueSpecification","valueRequired":true,"valueName":"search_term_string"}}],"inLanguage":"es-ES"}]}},"_links":{"self":[{"href":"https:\/\/www.welovecycling.com\/es\/wp-json\/wp\/v2\/pages\/7945","targetHints":{"allow":["GET"]}}],"collection":[{"href":"https:\/\/www.welovecycling.com\/es\/wp-json\/wp\/v2\/pages"}],"about":[{"href":"https:\/\/www.welovecycling.com\/es\/wp-json\/wp\/v2\/types\/page"}],"author":[{"embeddable":true,"href":"https:\/\/www.welovecycling.com\/es\/wp-json\/wp\/v2\/users\/99"}],"replies":[{"embeddable":true,"href":"https:\/\/www.welovecycling.com\/es\/wp-json\/wp\/v2\/comments?post=7945"}],"version-history":[{"count":2,"href":"https:\/\/www.welovecycling.com\/es\/wp-json\/wp\/v2\/pages\/7945\/revisions"}],"predecessor-version":[{"id":8068,"href":"https:\/\/www.welovecycling.com\/es\/wp-json\/wp\/v2\/pages\/7945\/revisions\/8068"}],"wp:attachment":[{"href":"https:\/\/www.welovecycling.com\/es\/wp-json\/wp\/v2\/media?parent=7945"}],"wp:term":[{"taxonomy":"post_tag","embeddable":true,"href":"https:\/\/www.welovecycling.com\/es\/wp-json\/wp\/v2\/tags?post=7945"}],"curies":[{"name":"wp","href":"https:\/\/api.w.org\/{rel}","templated":true}]}}