{"id":4519,"date":"2019-04-16T07:47:36","date_gmt":"2019-04-16T05:47:36","guid":{"rendered":"https:\/\/www.welovecycling.com\/es\/?page_id=4519"},"modified":"2019-04-16T07:47:36","modified_gmt":"2019-04-16T05:47:36","slug":"terminos-y-condiciones","status":"publish","type":"page","link":"https:\/\/www.welovecycling.com\/es\/safety\/terminos-y-condiciones\/","title":{"rendered":"T\u00e9rminos y Condiciones"},"content":{"rendered":"<p>Estas normas rigen los t\u00e9rminos del concurso \u00ab<strong><em>Cabemos todos<\/em><\/strong>\u00bb (en adelante, el \u00ab<strong>Concurso<\/strong>\u00bb) y este documento es el \u00fanico documento que regula las normas de este concurso completa y obligatoriamente.<\/p>\n<p>&nbsp;<\/p>\n<ol>\n<li><strong> Anfitri\u00f3n y organizador del concurso<\/strong><\/li>\n<\/ol>\n<p>El anfitri\u00f3n del Concurso es <strong>\u0160koda AUTO a.s<\/strong>., una sociedad an\u00f3nima con domicilio social en t\u0159. V\u00e1clava Klementa 869, 293 01 Mlad\u00e1 Boleslav, Rep\u00fablica Checa, cuyo n.\u00ba de ID es 00177041 y que est\u00e1 inscrita en el Registro Mercantil que depende del Tribunal Metropolitano de Praga, con n\u00famero de expediente B 332 (en adelante, el \u00ab<strong>Anfitri\u00f3n<\/strong>\u00bb).<\/p>\n<p>El organizador del Concurso, que garantizar\u00e1 el desarrollo de pasos pr\u00e1cticos durante el transcurso del Concurso, es <strong>MUSTARD s.r.o.<\/strong>, una empresa de responsabilidad limitada cuyo domicilio social se encuentra en Nov\u00e9 M\u011bsto, Masarykovo n\u00e1b\u0159. 246, Praga 1, 110 00, Rep\u00fablica Checa, cuyo n.\u00ba de ID es 28531418 y que est\u00e1 inscrita en el Registro Mercantil que depende del Tribunal Metropolitano de Praga, con n\u00famero de expediente C 148383 (en adelante el \u00ab<strong>Organizador<\/strong>\u00bb).<\/p>\n<p>&nbsp;<\/p>\n<ol start=\"2\">\n<li><strong> T\u00e9rminos, <\/strong><strong>lugar y periodo, del Concurso<\/strong><\/li>\n<\/ol>\n<p>El Concurso se celebrar\u00e1 desde las 12:00 AM (GMT) del 9. 4. de 2019 hasta las 23:59 PM (GTM) del 8. 5. 2019 (en adelante, el \u00ab<strong>periodo del Concurso<\/strong>\u00bb). El Concurso se realizar\u00e1 en el sitio web <a href=\"http:\/\/www.welovecycling.com\/wide\/safety\">www.welovecycling.com\/wide\/safety<\/a> (en adelante, el \u00ab<strong>sitio web del Concurso<\/strong>\u00bb) donde tendr\u00e1 lugar principalmente la comunicaci\u00f3n con los participantes.<\/p>\n<p>&nbsp;<\/p>\n<ol start=\"3\">\n<li><strong> Participantes del Concurso<\/strong><\/li>\n<\/ol>\n<p>Puede inscribirse al Concurso cualquier persona que tenga al menos 18 a\u00f1os, que posea un nivel intermedio de ingl\u00e9s y que resida en uno de los pa\u00edses donde se realice el Concurso, a saber: ANDORRA, AUSTRIA, B\u00c9LGICA, BOSNIA, BULGARIA, CROACIA, REP\u00daBLICA CHECA, DINAMARCA, ESTONIA, FINLANDIA, FRANCIA, ALEMANIA, GRAN BRETA\u00d1A, GRECIA, HUNGR\u00cdA, ISLANDIA, IRLANDA, ITALIA, LETONIA, LIECHTENSTEIN, LITUANIA, LUXEMBURGO, MONTENEGRO, PA\u00cdSES BAJOS, NORUEGA, POLONIA, PORTUGAL, RUMANIA, SERBIA, ESLOVAQUIA, ESLOVENIA, ESPA\u00d1A, SUECIA, SUIZA, TURQU\u00cdA.<\/p>\n<p>&nbsp;<\/p>\n<p>Para participar en el Concurso, es necesario inscribirse en el sitio web del Concurso en cualquier momento durante cualquier periodo del Concurso y confirmar la aceptaci\u00f3n incondicional de estas reglas. Como parte del registro (formulario de inscripci\u00f3n), se deben facilitar algunos datos personales, como una direcci\u00f3n e-mail que se utilizar\u00e1 \u00fanicamente para los fines de este Concurso.<\/p>\n<p>Cada participante puede registrarse solo una vez y solo con su propio e-mail, y el Anfitri\u00f3n del Concurso se reserva el derecho de verificar esta regla a trav\u00e9s de medios t\u00e9cnicos y organizativos.<\/p>\n<p>&nbsp;<\/p>\n<p>Todas las personas que hayan participado en la preparaci\u00f3n de este Concurso, principalmente personas empleadas por el Anfitri\u00f3n o el Organizador, o que tengan una relaci\u00f3n familiar con estos, quedan excluidas de participar en el Concurso, al igual que las personas que tengan una relaci\u00f3n similar con el colaborador de \u0160koda autorizado participante o con las agencias encargadas del desarrollo del Concurso, sus familiares y personas cercanas.<\/p>\n<p><strong>\u00a0<\/strong><\/p>\n<ol start=\"4\">\n<li><strong> Mecanismo del Concurso y determinaci\u00f3n de los ganadores<\/strong><\/li>\n<\/ol>\n<p>Los participantes deben conseguir el mayor n\u00famero posible de participaciones en el Concurso hasta un total de seis (6). Pueden conseguir tres (3) en<a href=\"http:\/\/www.welovecycling.com\/wide\/safety\">www.welovecycling.com\/wide\/safety<\/a> completando correctamente tres (3) rondas del cuestionario de seguridad. Las otras (3) se pueden conseguir visitando tres (3) URL distintas que se encuentran en los v\u00eddeos relacionados con la campa\u00f1a. Todos los participantes que hayan conseguido al menos una participaci\u00f3n para el Concurso, tienen una posibilidad de ganar el premio. El n\u00famero de premios se indica en la tabla m\u00e1s abajo.<\/p>\n<p>&nbsp;<\/p>\n<p><strong>Los<\/strong> <strong>primeros premios<\/strong> se adjudicar\u00e1n a los participantes cuyas direcciones de e-mail queden en los puestos 1\/6, 2\/6, 3\/6, 4\/6 y 5\/6 en la lista de todas las direcciones de e-mail recopiladas \u00a0durante el periodo del Concurso. Si el n\u00famero del puesto no es divisible por 6, el n\u00famero resultante se redondear\u00e1 al n\u00famero entero que m\u00e1s se aproxime.<\/p>\n<p>&nbsp;<\/p>\n<p>Los <strong>segundos premios<\/strong> se adjudicar\u00e1n a los participantes que queden en los puestos 1\/101, 2\/101, 3\/101 \u2026 100\/101 en la lista de todas las direcciones de e-mail recopiladas durante el periodo del Concurso. Si el n\u00famero de participantes no es divisible por 101, el n\u00famero resultante se redondear\u00e1 al n\u00famero entero que m\u00e1s se aproxime. Los participantes que ya hayan ganado el primer premio quedar\u00e1n excluidos de la lista.<\/p>\n<p>&nbsp;<\/p>\n<p>Todas las listas de direcciones de e-mail mencionadas anteriormente se ordenar\u00e1n cronol\u00f3gicamente seg\u00fan la fecha de env\u00edo.<\/p>\n<p>&nbsp;<\/p>\n<p>El Anfitri\u00f3n del Concurso informar\u00e1 a los ganadores a trav\u00e9s de la direcci\u00f3n de e-mail facilitada durante en la inscripci\u00f3n en un plazo de cinco (5) d\u00edas tras la finalizaci\u00f3n del periodo del Concurso y se pedir\u00e1 a los ganadores que faciliten los datos necesarios para la entrega o el env\u00edo del premio o para comunicaciones posteriores. Si el ganador no responde a un e-mail enviado reiteradamente por parte del Anfitri\u00f3n del Concurso o no facilita sus datos de contacto en el plazo de tres d\u00edas tras el env\u00edo del e-mail, el premio expirar\u00e1 sin compensaci\u00f3n.<\/p>\n<p>&nbsp;<\/p>\n<ol start=\"5\">\n<li><strong> Descripci\u00f3n de los premios<\/strong><\/li>\n<\/ol>\n<p><strong>\u00a0<\/strong><\/p>\n<p><strong>Primeros premios:<\/strong><\/p>\n<ul>\n<li>5x casco POC + radar de ciclismo GARMINr + chaqueta POC<\/li>\n<\/ul>\n<p><strong>\u00a0<\/strong><\/p>\n<p><strong>Segundos premios:<\/strong><\/p>\n<ul>\n<li>60 x JUEGO DE LUCES \u0160koda para bicicleta<\/li>\n<\/ul>\n<p>&nbsp;<\/p>\n<ol start=\"6\">\n<li><strong> Adquisici\u00f3n y uso de grabaciones<\/strong><\/li>\n<\/ol>\n<p>Si un participante resulta ganador, este otorga su consentimiento para que el Anfitri\u00f3n obtenga y utilice retratos, declaraciones escritas, fotos y grabaciones visuales y de audio del participante, as\u00ed como expresiones de naturaleza personal del mismo que el Anfitri\u00f3n obtenga en relaci\u00f3n con la celebraci\u00f3n del Concurso y la entrega o la representaci\u00f3n gr\u00e1fica de los premios con fines comerciales en todos los medios de comunicaci\u00f3n, independientemente de su naturaleza y sus especificaciones, utilizando los medios habituales, con su posterior modificaci\u00f3n y posible combinaci\u00f3n con otros trabajos, adem\u00e1s de su inclusi\u00f3n en un trabajo colectivo. El participante otorga al Anfitri\u00f3n dicho consentimiento gratuitamente, sin limitaciones de material, tiempo, cantidad ni territorio, y lo puede revocar en cualquier momento. El consentimiento tambi\u00e9n se aplicar\u00e1 a terceros a quienes el Anfitri\u00f3n facilite las grabaciones mencionadas a su propio criterio.<\/p>\n<p>&nbsp;<\/p>\n<ol start=\"7\">\n<li><strong> Otras condiciones importantes<\/strong><\/li>\n<\/ol>\n<p>El Anfitri\u00f3n establecer\u00e1 exclusivamente las especificaciones exactas de los premios. Queda prohibida la exhibici\u00f3n de los premios en materiales promocionales. El Anfitri\u00f3n no se responsabilizar\u00e1 de los da\u00f1os causados a los participantes como resultado de utilizar el premio.<\/p>\n<p>&nbsp;<\/p>\n<p>Los participantes no tienen derecho a exigir dinero u otro tipo de compensaci\u00f3n como sustituci\u00f3n del premio. En virtud de este documento, el Anfitri\u00f3n no est\u00e1 obligado a proporcionar nada a los participantes ni los participantes tienen derecho a una compensaci\u00f3n por parte del Anfitri\u00f3n, a excepci\u00f3n de lo establecido expresamente en las presentes normas. El Anfitri\u00f3n no es responsable de la calidad de los premios proporcionados por terceros. Es obligatorio asumir la responsabilidad ante posibles defectos que procedan directamente de dichos proveedores. El Anfitri\u00f3n se reserva el derecho de modificar los premios a su propio criterio.<\/p>\n<p>&nbsp;<\/p>\n<p>Un participante puede quedar excluido del Concurso si el Anfitri\u00f3n descubre o sospecha justificadamente que el participante u otras personas que ayuden al participante han cometido un fraude con el fin de obtener los premios, o bien han mantenido una conducta desleal o que no se basa en el conocimiento del participante de conformidad con las normas.<\/p>\n<p>&nbsp;<\/p>\n<p>El Anfitri\u00f3n no ser\u00e1 responsable de ning\u00fan incumplimiento en el env\u00edo de mensajes o premios. El Anfitri\u00f3n no ser\u00e1 responsable de ning\u00fan error que se derive de problemas t\u00e9cnicos o de comunicaci\u00f3n. El Anfitri\u00f3n resolver\u00e1 con validez definitiva cualquier queja u objeci\u00f3n presentada. El Anfitri\u00f3n se reserva el derecho (sin que se le exija compensaci\u00f3n alguna) de reducir, posponer, suspender o cancelar el evento, o de realizar modificaciones o adiciones en estas normas unilateralmente durante la existencia del evento, e informar\u00e1 de dichas modificaciones en el sitio web indicado arriba, donde tambi\u00e9n se puede encontrar el texto v\u00e1lido y completo de las normas.<\/p>\n<p>&nbsp;<\/p>\n<p>Este Concurso no est\u00e1 administrado ni patrocinado por Facebook, ni asociado en modo alguno a Facebook, y Facebook no se hace responsable de dicho Concurso. La informaci\u00f3n facilitada durante el Concurso no se proporcionar\u00e1 a Facebook. Cualquier pregunta, comentario o queja con respecto a la inscripci\u00f3n se dirigir\u00e1 directamente al Anfitri\u00f3n, no a Facebook.<\/p>\n<p>&nbsp;<\/p>\n<p>Este Concurso se rige por la legislaci\u00f3n de la Rep\u00fablica Checa, excepto en el alcance que excluya la legislaci\u00f3n vigente de los pa\u00edses de los participantes.<\/p>\n","protected":false},"excerpt":{"rendered":"<p>Estas normas rigen los t\u00e9rminos del concurso \u00abCabemos todos\u00bb (en adelante, el \u00abConcurso\u00bb) y este documento es el \u00fanico documento [&hellip;]<\/p>\n","protected":false},"author":27,"featured_media":0,"parent":4458,"menu_order":0,"comment_status":"closed","ping_status":"closed","template":"","meta":{"footnotes":""},"tags":[],"class_list":["post-4519","page","type-page","status-publish","hentry"],"yoast_head":"<!-- This site is optimized with the Yoast SEO Premium plugin v25.3 (Yoast SEO v25.9) - https:\/\/yoast.com\/wordpress\/plugins\/seo\/ -->\n<title>T\u00e9rminos y Condiciones - \u0160koda We Love Cycling - Spain<\/title>\n<meta name=\"robots\" content=\"index, follow, max-snippet:-1, max-image-preview:large, max-video-preview:-1\" \/>\n<link rel=\"canonical\" href=\"https:\/\/www.welovecycling.com\/es\/safety\/terminos-y-condiciones\/\" \/>\n<meta property=\"og:locale\" content=\"es_ES\" \/>\n<meta property=\"og:type\" content=\"article\" \/>\n<meta property=\"og:title\" content=\"T\u00e9rminos y Condiciones\" \/>\n<meta property=\"og:description\" content=\"Estas normas rigen los t\u00e9rminos del concurso \u00abCabemos todos\u00bb (en adelante, el \u00abConcurso\u00bb) y este documento es el \u00fanico documento [&hellip;]\" \/>\n<meta property=\"og:url\" content=\"https:\/\/www.welovecycling.com\/es\/safety\/terminos-y-condiciones\/\" \/>\n<meta property=\"og:site_name\" content=\"\u0160koda We Love Cycling - Spain\" \/>\n<meta name=\"twitter:card\" content=\"summary_large_image\" \/>\n<meta name=\"twitter:label1\" content=\"Est. reading time\" \/>\n\t<meta name=\"twitter:data1\" content=\"7 minutes\" \/>\n<script type=\"application\/ld+json\" class=\"yoast-schema-graph\">{\"@context\":\"https:\/\/schema.org\",\"@graph\":[{\"@type\":\"WebPage\",\"@id\":\"https:\/\/www.welovecycling.com\/es\/safety\/terminos-y-condiciones\/\",\"url\":\"https:\/\/www.welovecycling.com\/es\/safety\/terminos-y-condiciones\/\",\"name\":\"T\u00e9rminos y Condiciones - \u0160koda We Love Cycling - Spain\",\"isPartOf\":{\"@id\":\"https:\/\/www.welovecycling.com\/es\/#website\"},\"datePublished\":\"2019-04-16T05:47:36+00:00\",\"breadcrumb\":{\"@id\":\"https:\/\/www.welovecycling.com\/es\/safety\/terminos-y-condiciones\/#breadcrumb\"},\"inLanguage\":\"es-ES\",\"potentialAction\":[{\"@type\":\"ReadAction\",\"target\":[\"https:\/\/www.welovecycling.com\/es\/safety\/terminos-y-condiciones\/\"]}]},{\"@type\":\"BreadcrumbList\",\"@id\":\"https:\/\/www.welovecycling.com\/es\/safety\/terminos-y-condiciones\/#breadcrumb\",\"itemListElement\":[{\"@type\":\"ListItem\",\"position\":1,\"name\":\"Home\",\"item\":\"https:\/\/www.welovecycling.com\/es\/\"},{\"@type\":\"ListItem\",\"position\":2,\"name\":\"safety\",\"item\":\"https:\/\/www.welovecycling.com\/es\/safety\/\"},{\"@type\":\"ListItem\",\"position\":3,\"name\":\"T\u00e9rminos y Condiciones\"}]},{\"@type\":\"WebSite\",\"@id\":\"https:\/\/www.welovecycling.com\/es\/#website\",\"url\":\"https:\/\/www.welovecycling.com\/es\/\",\"name\":\"\u0160koda We Love Cycling - Spain\",\"description\":\"\u0160koda WeLoveCycling Spain\",\"potentialAction\":[{\"@type\":\"SearchAction\",\"target\":{\"@type\":\"EntryPoint\",\"urlTemplate\":\"https:\/\/www.welovecycling.com\/es\/?s={search_term_string}\"},\"query-input\":{\"@type\":\"PropertyValueSpecification\",\"valueRequired\":true,\"valueName\":\"search_term_string\"}}],\"inLanguage\":\"es-ES\"}]}<\/script>\n<!-- \/ Yoast SEO Premium plugin. -->","yoast_head_json":{"title":"T\u00e9rminos y Condiciones - \u0160koda We Love Cycling - Spain","robots":{"index":"index","follow":"follow","max-snippet":"max-snippet:-1","max-image-preview":"max-image-preview:large","max-video-preview":"max-video-preview:-1"},"canonical":"https:\/\/www.welovecycling.com\/es\/safety\/terminos-y-condiciones\/","og_locale":"es_ES","og_type":"article","og_title":"T\u00e9rminos y Condiciones","og_description":"Estas normas rigen los t\u00e9rminos del concurso \u00abCabemos todos\u00bb (en adelante, el \u00abConcurso\u00bb) y este documento es el \u00fanico documento [&hellip;]","og_url":"https:\/\/www.welovecycling.com\/es\/safety\/terminos-y-condiciones\/","og_site_name":"\u0160koda We Love Cycling - Spain","twitter_card":"summary_large_image","twitter_misc":{"Est. reading time":"7 minutes"},"schema":{"@context":"https:\/\/schema.org","@graph":[{"@type":"WebPage","@id":"https:\/\/www.welovecycling.com\/es\/safety\/terminos-y-condiciones\/","url":"https:\/\/www.welovecycling.com\/es\/safety\/terminos-y-condiciones\/","name":"T\u00e9rminos y Condiciones - \u0160koda We Love Cycling - Spain","isPartOf":{"@id":"https:\/\/www.welovecycling.com\/es\/#website"},"datePublished":"2019-04-16T05:47:36+00:00","breadcrumb":{"@id":"https:\/\/www.welovecycling.com\/es\/safety\/terminos-y-condiciones\/#breadcrumb"},"inLanguage":"es-ES","potentialAction":[{"@type":"ReadAction","target":["https:\/\/www.welovecycling.com\/es\/safety\/terminos-y-condiciones\/"]}]},{"@type":"BreadcrumbList","@id":"https:\/\/www.welovecycling.com\/es\/safety\/terminos-y-condiciones\/#breadcrumb","itemListElement":[{"@type":"ListItem","position":1,"name":"Home","item":"https:\/\/www.welovecycling.com\/es\/"},{"@type":"ListItem","position":2,"name":"safety","item":"https:\/\/www.welovecycling.com\/es\/safety\/"},{"@type":"ListItem","position":3,"name":"T\u00e9rminos y Condiciones"}]},{"@type":"WebSite","@id":"https:\/\/www.welovecycling.com\/es\/#website","url":"https:\/\/www.welovecycling.com\/es\/","name":"\u0160koda We Love Cycling - Spain","description":"\u0160koda WeLoveCycling Spain","potentialAction":[{"@type":"SearchAction","target":{"@type":"EntryPoint","urlTemplate":"https:\/\/www.welovecycling.com\/es\/?s={search_term_string}"},"query-input":{"@type":"PropertyValueSpecification","valueRequired":true,"valueName":"search_term_string"}}],"inLanguage":"es-ES"}]}},"_links":{"self":[{"href":"https:\/\/www.welovecycling.com\/es\/wp-json\/wp\/v2\/pages\/4519","targetHints":{"allow":["GET"]}}],"collection":[{"href":"https:\/\/www.welovecycling.com\/es\/wp-json\/wp\/v2\/pages"}],"about":[{"href":"https:\/\/www.welovecycling.com\/es\/wp-json\/wp\/v2\/types\/page"}],"author":[{"embeddable":true,"href":"https:\/\/www.welovecycling.com\/es\/wp-json\/wp\/v2\/users\/27"}],"replies":[{"embeddable":true,"href":"https:\/\/www.welovecycling.com\/es\/wp-json\/wp\/v2\/comments?post=4519"}],"version-history":[{"count":1,"href":"https:\/\/www.welovecycling.com\/es\/wp-json\/wp\/v2\/pages\/4519\/revisions"}],"predecessor-version":[{"id":4520,"href":"https:\/\/www.welovecycling.com\/es\/wp-json\/wp\/v2\/pages\/4519\/revisions\/4520"}],"up":[{"embeddable":true,"href":"https:\/\/www.welovecycling.com\/es\/wp-json\/wp\/v2\/pages\/4458"}],"wp:attachment":[{"href":"https:\/\/www.welovecycling.com\/es\/wp-json\/wp\/v2\/media?parent=4519"}],"wp:term":[{"taxonomy":"post_tag","embeddable":true,"href":"https:\/\/www.welovecycling.com\/es\/wp-json\/wp\/v2\/tags?post=4519"}],"curies":[{"name":"wp","href":"https:\/\/api.w.org\/{rel}","templated":true}]}}