{"id":2779,"date":"2018-05-29T16:18:40","date_gmt":"2018-05-29T14:18:40","guid":{"rendered":"https:\/\/www.welovecycling.com\/es\/?page_id=2779"},"modified":"2018-05-29T16:18:40","modified_gmt":"2018-05-29T14:18:40","slug":"derechos","status":"publish","type":"page","link":"https:\/\/www.welovecycling.com\/es\/docs\/derechos\/","title":{"rendered":"\u00bfCu\u00e1les son sus derechos?"},"content":{"rendered":"<div id=\"pl-2779\"  class=\"panel-layout\" ><div id=\"pg-2779-0\"  class=\"panel-grid panel-no-style\" ><div id=\"pgc-2779-0-0\"  class=\"panel-grid-cell\" ><div id=\"panel-2779-0-0-0\" class=\"so-panel widget widget_sow-editor panel-first-child panel-last-child\" data-index=\"0\" ><div\n\t\t\t\n\t\t\tclass=\"so-widget-sow-editor so-widget-sow-editor-base\"\n\t\t\t\n\t\t>\n<div class=\"siteorigin-widget-tinymce textwidget\">\n\t<h2><img loading=\"lazy\" decoding=\"async\" class=\"wp-image-164807 size-full\" style=\"display: inline-block;\" src=\"https:\/\/d2p6e6u75xmxt8.cloudfront.net\/2\/2018\/05\/hammer.jpg\" alt=\"\" width=\"35\" height=\"34\" \/> \u00bfCu\u00e1les son sus derechos?<\/h2>\n<p>Como parte del tratamiento de datos personales, le asisten los siguientes derechos:<\/p>\n<\/div>\n<\/div><\/div><\/div><\/div><div id=\"pg-2779-1\"  class=\"panel-grid panel-no-style\" ><div id=\"pgc-2779-1-0\"  class=\"panel-grid-cell\" ><div id=\"panel-2779-1-0-0\" class=\"so-panel widget widget_sow-image panel-first-child\" data-index=\"1\" ><div\n\t\t\t\n\t\t\tclass=\"so-widget-sow-image so-widget-sow-image-default-c67d20f9f743-2779\"\n\t\t\t\n\t\t>\n<div class=\"sow-image-container\">\n\t\t<img loading=\"lazy\" decoding=\"async\" src=\"https:\/\/d2p6e6u75xmxt8.cloudfront.net\/6\/2018\/05\/key.jpg\" width=\"37\" height=\"34\" sizes=\"auto, (max-width: 37px) 100vw, 37px\" alt=\"\" \t\tclass=\"so-widget-image\"\/>\n\t<\/div>\n\n<\/div><\/div><div id=\"panel-2779-1-0-1\" class=\"so-panel widget widget_sow-editor panel-last-child\" data-index=\"2\" ><div\n\t\t\t\n\t\t\tclass=\"so-widget-sow-editor so-widget-sow-editor-base\"\n\t\t\t\n\t\t>\n<div class=\"siteorigin-widget-tinymce textwidget\">\n\t<p style=\"text-align: center; padding-top: 15px;\">Acceso a datos personales\u00a0tratados.<\/p>\n<\/div>\n<\/div><\/div><\/div><div id=\"pgc-2779-1-1\"  class=\"panel-grid-cell\" ><div id=\"panel-2779-1-1-0\" class=\"so-panel widget widget_sow-image panel-first-child\" data-index=\"3\" ><div\n\t\t\t\n\t\t\tclass=\"so-widget-sow-image so-widget-sow-image-default-c67d20f9f743-2779\"\n\t\t\t\n\t\t>\n<div class=\"sow-image-container\">\n\t\t<img loading=\"lazy\" decoding=\"async\" src=\"https:\/\/d2p6e6u75xmxt8.cloudfront.net\/6\/2018\/05\/bin.jpg\" width=\"31\" height=\"34\" sizes=\"auto, (max-width: 31px) 100vw, 31px\" alt=\"\" \t\tclass=\"so-widget-image\"\/>\n\t<\/div>\n\n<\/div><\/div><div id=\"panel-2779-1-1-1\" class=\"so-panel widget widget_sow-editor panel-last-child\" data-index=\"4\" ><div\n\t\t\t\n\t\t\tclass=\"so-widget-sow-editor so-widget-sow-editor-base\"\n\t\t\t\n\t\t>\n<div class=\"siteorigin-widget-tinymce textwidget\">\n\t<p style=\"text-align: center; padding-top: 15px;\">Revocaci\u00f3n del consentimiento al tratamiento de datos personales.<\/p>\n<\/div>\n<\/div><\/div><\/div><div id=\"pgc-2779-1-2\"  class=\"panel-grid-cell\" ><div id=\"panel-2779-1-2-0\" class=\"so-panel widget widget_sow-image panel-first-child\" data-index=\"5\" ><div\n\t\t\t\n\t\t\tclass=\"so-widget-sow-image so-widget-sow-image-default-c67d20f9f743-2779\"\n\t\t\t\n\t\t>\n<div class=\"sow-image-container\">\n\t\t<img loading=\"lazy\" decoding=\"async\" src=\"https:\/\/d2p6e6u75xmxt8.cloudfront.net\/6\/2018\/05\/pencil.jpg\" width=\"28\" height=\"34\" sizes=\"auto, (max-width: 28px) 100vw, 28px\" alt=\"\" \t\tclass=\"so-widget-image\"\/>\n\t<\/div>\n\n<\/div><\/div><div id=\"panel-2779-1-2-1\" class=\"so-panel widget widget_sow-editor panel-last-child\" data-index=\"6\" ><div\n\t\t\t\n\t\t\tclass=\"so-widget-sow-editor so-widget-sow-editor-base\"\n\t\t\t\n\t\t>\n<div class=\"siteorigin-widget-tinymce textwidget\">\n\t<p style=\"text-align: center; padding-top: 15px;\">Rectificaci\u00f3n de datos personales incorrectos, imprecisos o incompletos.<\/p>\n<\/div>\n<\/div><\/div><\/div><div id=\"pgc-2779-1-3\"  class=\"panel-grid-cell\" ><div id=\"panel-2779-1-3-0\" class=\"so-panel widget widget_sow-image panel-first-child\" data-index=\"7\" ><div\n\t\t\t\n\t\t\tclass=\"so-widget-sow-image so-widget-sow-image-default-c67d20f9f743-2779\"\n\t\t\t\n\t\t>\n<div class=\"sow-image-container\">\n\t\t<img loading=\"lazy\" decoding=\"async\" src=\"https:\/\/d2p6e6u75xmxt8.cloudfront.net\/6\/2018\/05\/directory.jpg\" width=\"50\" height=\"42\" sizes=\"auto, (max-width: 50px) 100vw, 50px\" alt=\"\" \t\tclass=\"so-widget-image\"\/>\n\t<\/div>\n\n<\/div><\/div><div id=\"panel-2779-1-3-1\" class=\"so-panel widget widget_sow-editor panel-last-child\" data-index=\"8\" ><div\n\t\t\t\n\t\t\tclass=\"so-widget-sow-editor so-widget-sow-editor-base\"\n\t\t\t\n\t\t>\n<div class=\"siteorigin-widget-tinymce textwidget\">\n\t<p style=\"text-align: center; padding-top: 5px;\">Supresi\u00f3n de datos personales en caso de que termine el fundamento jur\u00eddico de su finalidad o en caso de tratamiento ilegal.<\/p>\n<\/div>\n<\/div><\/div><\/div><\/div><div id=\"pg-2779-2\"  class=\"panel-grid panel-no-style\" ><div id=\"pgc-2779-2-0\"  class=\"panel-grid-cell\" ><div id=\"panel-2779-2-0-0\" class=\"so-panel widget widget_sow-image panel-first-child\" data-index=\"9\" ><div\n\t\t\t\n\t\t\tclass=\"so-widget-sow-image so-widget-sow-image-default-c67d20f9f743-2779\"\n\t\t\t\n\t\t>\n<div class=\"sow-image-container\">\n\t\t<img loading=\"lazy\" decoding=\"async\" src=\"https:\/\/d2p6e6u75xmxt8.cloudfront.net\/6\/2018\/05\/clock.jpg\" width=\"34\" height=\"34\" sizes=\"auto, (max-width: 34px) 100vw, 34px\" alt=\"\" \t\tclass=\"so-widget-image\"\/>\n\t<\/div>\n\n<\/div><\/div><div id=\"panel-2779-2-0-1\" class=\"so-panel widget widget_sow-editor panel-last-child\" data-index=\"10\" ><div\n\t\t\t\n\t\t\tclass=\"so-widget-sow-editor so-widget-sow-editor-base\"\n\t\t\t\n\t\t>\n<div class=\"siteorigin-widget-tinymce textwidget\">\n\t<p style=\"text-align: center; padding-top: 15px;\">Limitaci\u00f3n del tratamiento de\u00a0datos.<\/p>\n<\/div>\n<\/div><\/div><\/div><div id=\"pgc-2779-2-1\"  class=\"panel-grid-cell\" ><div id=\"panel-2779-2-1-0\" class=\"so-panel widget widget_sow-image panel-first-child\" data-index=\"11\" ><div\n\t\t\t\n\t\t\tclass=\"so-widget-sow-image so-widget-sow-image-default-c67d20f9f743-2779\"\n\t\t\t\n\t\t>\n<div class=\"sow-image-container\">\n\t\t<img loading=\"lazy\" decoding=\"async\" src=\"https:\/\/d2p6e6u75xmxt8.cloudfront.net\/6\/2018\/05\/paper-clip.jpg\" width=\"32\" height=\"34\" sizes=\"auto, (max-width: 32px) 100vw, 32px\" alt=\"\" \t\tclass=\"so-widget-image\"\/>\n\t<\/div>\n\n<\/div><\/div><div id=\"panel-2779-2-1-1\" class=\"so-panel widget widget_sow-editor panel-last-child\" data-index=\"12\" ><div\n\t\t\t\n\t\t\tclass=\"so-widget-sow-editor so-widget-sow-editor-base\"\n\t\t\t\n\t\t>\n<div class=\"siteorigin-widget-tinymce textwidget\">\n\t<p style=\"text-align: center; padding-top: 15px;\">Portabilidad de sus datos personales en un formato de lectura electr\u00f3nica para usted o para otro responsable.<\/p>\n<\/div>\n<\/div><\/div><\/div><div id=\"pgc-2779-2-2\"  class=\"panel-grid-cell\" ><div id=\"panel-2779-2-2-0\" class=\"so-panel widget widget_sow-image panel-first-child\" data-index=\"13\" ><div\n\t\t\t\n\t\t\tclass=\"so-widget-sow-image so-widget-sow-image-default-c67d20f9f743-2779\"\n\t\t\t\n\t\t>\n<div class=\"sow-image-container\">\n\t\t<img loading=\"lazy\" decoding=\"async\" src=\"https:\/\/d2p6e6u75xmxt8.cloudfront.net\/6\/2018\/05\/hand.jpg\" width=\"34\" height=\"34\" sizes=\"auto, (max-width: 34px) 100vw, 34px\" alt=\"\" \t\tclass=\"so-widget-image\"\/>\n\t<\/div>\n\n<\/div><\/div><div id=\"panel-2779-2-2-1\" class=\"so-panel widget widget_sow-editor panel-last-child\" data-index=\"14\" ><div\n\t\t\t\n\t\t\tclass=\"so-widget-sow-editor so-widget-sow-editor-base\"\n\t\t\t\n\t\t>\n<div class=\"siteorigin-widget-tinymce textwidget\">\n\t<p style=\"text-align: center; padding-top: 15px;\">Oposici\u00f3n al tratamiento de datos, si cree que ese tratamiento de datos personales es ilegal.<\/p>\n<\/div>\n<\/div><\/div><\/div><div id=\"pgc-2779-2-3\"  class=\"panel-grid-cell\" ><div id=\"panel-2779-2-3-0\" class=\"so-panel widget widget_sow-image panel-first-child\" data-index=\"15\" ><div\n\t\t\t\n\t\t\tclass=\"so-widget-sow-image so-widget-sow-image-default-c67d20f9f743-2779\"\n\t\t\t\n\t\t>\n<div class=\"sow-image-container\">\n\t\t<img loading=\"lazy\" decoding=\"async\" src=\"https:\/\/d2p6e6u75xmxt8.cloudfront.net\/6\/2018\/05\/eye.jpg\" width=\"43\" height=\"26\" sizes=\"auto, (max-width: 43px) 100vw, 43px\" alt=\"\" \t\tclass=\"so-widget-image\"\/>\n\t<\/div>\n\n<\/div><\/div><div id=\"panel-2779-2-3-1\" class=\"so-panel widget widget_sow-editor panel-last-child\" data-index=\"16\" ><div\n\t\t\t\n\t\t\tclass=\"so-widget-sow-editor so-widget-sow-editor-base\"\n\t\t\t\n\t\t>\n<div class=\"siteorigin-widget-tinymce textwidget\">\n\t<p style=\"text-align: center; padding-top: 21px;\">No ser objeto de decisiones automatizadas.<\/p>\n<\/div>\n<\/div><\/div><\/div><\/div><div id=\"pg-2779-3\"  class=\"panel-grid panel-no-style\" ><div id=\"pgc-2779-3-0\"  class=\"panel-grid-cell\" ><div id=\"panel-2779-3-0-0\" class=\"so-panel widget widget_sow-editor panel-first-child panel-last-child\" data-index=\"17\" ><div\n\t\t\t\n\t\t\tclass=\"so-widget-sow-editor so-widget-sow-editor-base\"\n\t\t\t\n\t\t>\n<div class=\"siteorigin-widget-tinymce textwidget\">\n\t<h2><img loading=\"lazy\" decoding=\"async\" class=\"size-full wp-image-164818\" style=\"display: inline-block;\" src=\"https:\/\/d2p6e6u75xmxt8.cloudfront.net\/2\/2018\/05\/silhouette.jpg\" alt=\"\" width=\"32\" height=\"34\" \/> \u00bfC\u00f3mo puede ejercer sus derechos?<\/h2>\n<p>Para preguntas relacionadas con la protecci\u00f3n y el tratamiento de datos personales use los siguientes canales de comunicaci\u00f3n:<\/p>\n<\/div>\n<\/div><\/div><\/div><\/div><div id=\"pg-2779-4\"  class=\"panel-grid panel-no-style\" ><div id=\"pgc-2779-4-0\"  class=\"panel-grid-cell\" ><div id=\"panel-2779-4-0-0\" class=\"so-panel widget widget_sow-image panel-first-child\" data-index=\"18\" ><div\n\t\t\t\n\t\t\tclass=\"so-widget-sow-image so-widget-sow-image-default-4e6925654b7a-2779\"\n\t\t\t\n\t\t>\n<div class=\"sow-image-container\">\n\t\t<img loading=\"lazy\" decoding=\"async\" src=\"https:\/\/d2p6e6u75xmxt8.cloudfront.net\/6\/2018\/05\/pc.jpg\" width=\"36\" height=\"34\" sizes=\"auto, (max-width: 36px) 100vw, 36px\" alt=\"\" \t\tclass=\"so-widget-image\"\/>\n\t<\/div>\n\n<\/div><\/div><div id=\"panel-2779-4-0-1\" class=\"so-panel widget widget_sow-editor panel-last-child\" data-index=\"19\" ><div\n\t\t\t\n\t\t\tclass=\"so-widget-sow-editor so-widget-sow-editor-base\"\n\t\t\t\n\t\t>\n<div class=\"siteorigin-widget-tinymce textwidget\">\n\t<p style=\"padding-top: 10px;\"><strong>Electr\u00f3nicamente en:<\/strong><\/p>\n<p><a href=\"http:\/\/www.skoda-auto.com\/other\/personal-data\" target=\"_blank\" rel=\"noopener\">http:\/\/www.skoda-auto.com\/other\/personal-data<\/a><\/p>\n<\/div>\n<\/div><\/div><\/div><div id=\"pgc-2779-4-1\"  class=\"panel-grid-cell\" ><div id=\"panel-2779-4-1-0\" class=\"so-panel widget widget_sow-image panel-first-child\" data-index=\"20\" ><div\n\t\t\t\n\t\t\tclass=\"so-widget-sow-image so-widget-sow-image-default-4e6925654b7a-2779\"\n\t\t\t\n\t\t>\n<div class=\"sow-image-container\">\n\t\t<img loading=\"lazy\" decoding=\"async\" src=\"https:\/\/d2p6e6u75xmxt8.cloudfront.net\/6\/2018\/05\/email.png\" width=\"38\" height=\"28\" sizes=\"auto, (max-width: 38px) 100vw, 38px\" alt=\"\" \t\tclass=\"so-widget-image\"\/>\n\t<\/div>\n\n<\/div><\/div><div id=\"panel-2779-4-1-1\" class=\"so-panel widget widget_sow-editor panel-last-child\" data-index=\"21\" ><div\n\t\t\t\n\t\t\tclass=\"so-widget-sow-editor so-widget-sow-editor-base\"\n\t\t\t\n\t\t>\n<div class=\"siteorigin-widget-tinymce textwidget\">\n\t<p style=\"padding-top: 10px;\"><strong>Por correo electr\u00f3nico: <\/strong><\/p>\n<p><a href=\"mailto:dpo@skoda-auto.cz\">dpo@skoda-auto.cz<\/a><\/p>\n<\/div>\n<\/div><\/div><\/div><div id=\"pgc-2779-4-2\"  class=\"panel-grid-cell\" ><div id=\"panel-2779-4-2-0\" class=\"so-panel widget widget_sow-image panel-first-child\" data-index=\"22\" ><div\n\t\t\t\n\t\t\tclass=\"so-widget-sow-image so-widget-sow-image-default-4e6925654b7a-2779\"\n\t\t\t\n\t\t>\n<div class=\"sow-image-container\">\n\t\t<img loading=\"lazy\" decoding=\"async\" src=\"https:\/\/d2p6e6u75xmxt8.cloudfront.net\/6\/2018\/05\/envelope.jpg\" width=\"38\" height=\"26\" sizes=\"auto, (max-width: 38px) 100vw, 38px\" alt=\"\" \t\tclass=\"so-widget-image\"\/>\n\t<\/div>\n\n<\/div><\/div><div id=\"panel-2779-4-2-1\" class=\"so-panel widget widget_sow-editor panel-last-child\" data-index=\"23\" ><div\n\t\t\t\n\t\t\tclass=\"so-widget-sow-editor so-widget-sow-editor-base\"\n\t\t\t\n\t\t>\n<div class=\"siteorigin-widget-tinymce textwidget\">\n\t<p style=\"padding-top: 10px;\"><strong>Por correo:<\/strong><\/p>\n<p>\u0160koda AUTO a.s.<br \/>\nt\u0159. V\u00e1clava Klementa 869,<br \/>\nMlad\u00e1 Boleslav II,<br \/>\n293 01 Mlad\u00e1 Boleslav<br \/>\nRep\u00fablica Checa<\/p>\n<\/div>\n<\/div><\/div><\/div><\/div><div id=\"pg-2779-5\"  class=\"panel-grid panel-no-style\" ><div id=\"pgc-2779-5-0\"  class=\"panel-grid-cell\" ><div id=\"panel-2779-5-0-0\" class=\"so-panel widget widget_sow-editor panel-first-child panel-last-child\" data-index=\"24\" ><div\n\t\t\t\n\t\t\tclass=\"so-widget-sow-editor so-widget-sow-editor-base\"\n\t\t\t\n\t\t>\n<div class=\"siteorigin-widget-tinymce textwidget\">\n\t<p>En relaci\u00f3n con el ejercicio de sus derechos, la sociedad \u0160koda AUTO podr\u00e1 cobrar una cuota razonable teniendo en cuenta los costes administrativos de tramitar la solicitud cuando las solicitudes de un interesado sean manifiestamente injustificadas o excesivas.<\/p>\n<\/div>\n<\/div><\/div><\/div><\/div><div id=\"pg-2779-6\"  class=\"panel-grid panel-no-style\" ><div id=\"pgc-2779-6-0\"  class=\"panel-grid-cell\" ><div id=\"panel-2779-6-0-0\" class=\"so-panel widget widget_sow-editor panel-first-child panel-last-child\" data-index=\"25\" ><div\n\t\t\t\n\t\t\tclass=\"so-widget-sow-editor so-widget-sow-editor-base\"\n\t\t\t\n\t\t>\n<div class=\"siteorigin-widget-tinymce textwidget\">\n\t<h2><img loading=\"lazy\" decoding=\"async\" class=\"size-full wp-image-164810\" style=\"display: inline-block;\" src=\"https:\/\/d2p6e6u75xmxt8.cloudfront.net\/2\/2018\/05\/looking-glass.jpg\" alt=\"\" width=\"37\" height=\"34\" \/>\u00a0\u00a0 Delegado de protecci\u00f3n de datos<\/h2>\n<p>Podr\u00e1 ponerse directamente en contacto con el Delegado de protecci\u00f3n de datos de la sociedad \u0160koda AUTO si tiene preguntas referentes a la protecci\u00f3n de datos personales.<\/p>\n<\/div>\n<\/div><\/div><\/div><div id=\"pgc-2779-6-1\"  class=\"panel-grid-cell\" ><div id=\"panel-2779-6-1-0\" class=\"so-panel widget widget_sow-editor panel-first-child panel-last-child\" data-index=\"26\" ><div\n\t\t\t\n\t\t\tclass=\"so-widget-sow-editor so-widget-sow-editor-base\"\n\t\t\t\n\t\t>\n<div class=\"siteorigin-widget-tinymce textwidget\">\n\t<p><img loading=\"lazy\" decoding=\"async\" class=\"size-full wp-image-164814\" style=\"display: inline-block;\" src=\"https:\/\/d2p6e6u75xmxt8.cloudfront.net\/2\/2018\/05\/pc-mini.jpg\" alt=\"\" width=\"18\" height=\"17\" \/>\u00a0\u00a0 <a href=\"http:\/\/www.skoda-auto.com\/other\/personal-data\" target=\"_blank\" rel=\"noopener\">http:\/\/www.skoda-auto.com\/other\/personal-data<\/a><\/p>\n<p><img loading=\"lazy\" decoding=\"async\" class=\"size-full wp-image-164799\" style=\"display: inline-block;\" src=\"https:\/\/d2p6e6u75xmxt8.cloudfront.net\/2\/2018\/05\/at-symbol-mini.jpg\" alt=\"\" width=\"20\" height=\"15\" \/>\u00a0\u00a0 <a href=\"mailto:dpo@skoda-auto.cz\">dpo@skoda-auto.cz<\/a><\/p>\n<\/div>\n<\/div><\/div><\/div><\/div><div id=\"pg-2779-7\"  class=\"panel-grid panel-no-style\" ><div id=\"pgc-2779-7-0\"  class=\"panel-grid-cell\" ><div id=\"panel-2779-7-0-0\" class=\"so-panel widget widget_sow-editor panel-first-child panel-last-child\" data-index=\"27\" ><div\n\t\t\t\n\t\t\tclass=\"so-widget-sow-editor so-widget-sow-editor-base\"\n\t\t\t\n\t\t>\n<div class=\"siteorigin-widget-tinymce textwidget\">\n\t<h2><img loading=\"lazy\" decoding=\"async\" class=\"size-full wp-image-164801\" style=\"display: inline-block;\" src=\"https:\/\/d2p6e6u75xmxt8.cloudfront.net\/2\/2018\/05\/bubble.jpg\" alt=\"\" width=\"38\" height=\"34\" \/>\u00a0 Presentar una reclamaci\u00f3n<\/h2>\n<p>Si no est\u00e1 conforme con la manera en la que \u0160koda AUTO trata o gestiona sus datos personales, puede presentar una reclamaci\u00f3n al Delegado de protecci\u00f3n de datos de la sociedad \u0160koda AUTO o a una autoridad de control.<\/p>\n<\/div>\n<\/div><\/div><\/div><div id=\"pgc-2779-7-1\"  class=\"panel-grid-cell\" ><div id=\"panel-2779-7-1-0\" class=\"so-panel widget widget_sow-editor panel-first-child panel-last-child\" data-index=\"28\" ><div\n\t\t\t\n\t\t\tclass=\"so-widget-sow-editor so-widget-sow-editor-base\"\n\t\t\t\n\t\t>\n<div class=\"siteorigin-widget-tinymce textwidget\">\n\t<p><img loading=\"lazy\" decoding=\"async\" class=\"size-full wp-image-164805\" style=\"display: inline-block;\" src=\"https:\/\/d2p6e6u75xmxt8.cloudfront.net\/2\/2018\/05\/envelope-mini.jpg\" alt=\"\" width=\"16\" height=\"11\" \/>\u00a0\u00a0 <strong>\u00da\u0159ad pro ochranu osobn\u00edch \u00fadaj\u016f<\/strong><br \/>\nPplk. Sochora 27<\/p>\n<p>170 00 Praha 7<\/p>\n<p>Czech Republic<\/p>\n<p><img loading=\"lazy\" decoding=\"async\" class=\"size-full wp-image-164817\" style=\"display: inline-block;\" src=\"https:\/\/d2p6e6u75xmxt8.cloudfront.net\/2\/2018\/05\/phone-mini.jpg\" alt=\"\" width=\"17\" height=\"19\" \/>\u00a0\u00a0 +420 234 665\u00a0111<\/p>\n<p><img loading=\"lazy\" decoding=\"async\" class=\"size-full wp-image-164814\" style=\"display: inline-block;\" src=\"https:\/\/d2p6e6u75xmxt8.cloudfront.net\/2\/2018\/05\/pc-mini.jpg\" alt=\"\" width=\"18\" height=\"17\" \/>\u00a0\u00a0 <a href=\"http:\/\/www.uoou.cz\/en\/\" target=\"_blank\" rel=\"noopener\"><u>http:\/\/www.uoou.cz\/en\/<\/u><\/a><\/p>\n<\/div>\n<\/div><\/div><\/div><\/div><\/div>","protected":false},"excerpt":{"rendered":"<p>\u00bfCu\u00e1les son sus derechos? Como parte del tratamiento de datos personales, le asisten los siguientes derechos: Acceso a datos personales\u00a0tratados.<\/p>\n","protected":false},"author":1,"featured_media":0,"parent":2771,"menu_order":0,"comment_status":"closed","ping_status":"closed","template":"templates\/template-empty-page-headline.php","meta":{"footnotes":""},"tags":[],"class_list":["post-2779","page","type-page","status-publish","hentry"],"yoast_head":"<!-- This site is optimized with the Yoast SEO Premium plugin v25.3 (Yoast SEO v25.9) - https:\/\/yoast.com\/wordpress\/plugins\/seo\/ -->\n<title>\u00bfCu\u00e1les son sus derechos? - \u0160koda We Love Cycling - Spain<\/title>\n<meta name=\"robots\" content=\"index, follow, max-snippet:-1, max-image-preview:large, max-video-preview:-1\" \/>\n<link rel=\"canonical\" href=\"https:\/\/www.welovecycling.com\/es\/docs\/derechos\/\" \/>\n<meta property=\"og:locale\" content=\"es_ES\" \/>\n<meta property=\"og:type\" content=\"article\" \/>\n<meta property=\"og:title\" content=\"\u00bfCu\u00e1les son sus derechos?\" \/>\n<meta property=\"og:description\" content=\"\u00bfCu\u00e1les son sus derechos? Como parte del tratamiento de datos personales, le asisten los siguientes derechos: Acceso a datos personales\u00a0tratados.\" \/>\n<meta property=\"og:url\" content=\"https:\/\/www.welovecycling.com\/es\/docs\/derechos\/\" \/>\n<meta property=\"og:site_name\" content=\"\u0160koda We Love Cycling - Spain\" \/>\n<meta property=\"og:image\" content=\"https:\/\/d2p6e6u75xmxt8.cloudfront.net\/2\/2018\/05\/hammer.jpg\" \/>\n<meta name=\"twitter:card\" content=\"summary_large_image\" \/>\n<meta name=\"twitter:label1\" content=\"Est. reading time\" \/>\n\t<meta name=\"twitter:data1\" content=\"2 minutes\" \/>\n<script type=\"application\/ld+json\" class=\"yoast-schema-graph\">{\"@context\":\"https:\/\/schema.org\",\"@graph\":[{\"@type\":\"WebPage\",\"@id\":\"https:\/\/www.welovecycling.com\/es\/docs\/derechos\/\",\"url\":\"https:\/\/www.welovecycling.com\/es\/docs\/derechos\/\",\"name\":\"\u00bfCu\u00e1les son sus derechos? - \u0160koda We Love Cycling - Spain\",\"isPartOf\":{\"@id\":\"https:\/\/www.welovecycling.com\/es\/#website\"},\"primaryImageOfPage\":{\"@id\":\"https:\/\/www.welovecycling.com\/es\/docs\/derechos\/#primaryimage\"},\"image\":{\"@id\":\"https:\/\/www.welovecycling.com\/es\/docs\/derechos\/#primaryimage\"},\"thumbnailUrl\":\"https:\/\/d2p6e6u75xmxt8.cloudfront.net\/2\/2018\/05\/hammer.jpg\",\"datePublished\":\"2018-05-29T14:18:40+00:00\",\"breadcrumb\":{\"@id\":\"https:\/\/www.welovecycling.com\/es\/docs\/derechos\/#breadcrumb\"},\"inLanguage\":\"es-ES\",\"potentialAction\":[{\"@type\":\"ReadAction\",\"target\":[\"https:\/\/www.welovecycling.com\/es\/docs\/derechos\/\"]}]},{\"@type\":\"ImageObject\",\"inLanguage\":\"es-ES\",\"@id\":\"https:\/\/www.welovecycling.com\/es\/docs\/derechos\/#primaryimage\",\"url\":\"https:\/\/d2p6e6u75xmxt8.cloudfront.net\/2\/2018\/05\/hammer.jpg\",\"contentUrl\":\"https:\/\/d2p6e6u75xmxt8.cloudfront.net\/2\/2018\/05\/hammer.jpg\"},{\"@type\":\"BreadcrumbList\",\"@id\":\"https:\/\/www.welovecycling.com\/es\/docs\/derechos\/#breadcrumb\",\"itemListElement\":[{\"@type\":\"ListItem\",\"position\":1,\"name\":\"Home\",\"item\":\"https:\/\/www.welovecycling.com\/es\/\"},{\"@type\":\"ListItem\",\"position\":2,\"name\":\"Documents\",\"item\":\"https:\/\/www.welovecycling.com\/es\/docs\/\"},{\"@type\":\"ListItem\",\"position\":3,\"name\":\"\u00bfCu\u00e1les son sus derechos?\"}]},{\"@type\":\"WebSite\",\"@id\":\"https:\/\/www.welovecycling.com\/es\/#website\",\"url\":\"https:\/\/www.welovecycling.com\/es\/\",\"name\":\"\u0160koda We Love Cycling - Spain\",\"description\":\"\u0160koda WeLoveCycling Spain\",\"potentialAction\":[{\"@type\":\"SearchAction\",\"target\":{\"@type\":\"EntryPoint\",\"urlTemplate\":\"https:\/\/www.welovecycling.com\/es\/?s={search_term_string}\"},\"query-input\":{\"@type\":\"PropertyValueSpecification\",\"valueRequired\":true,\"valueName\":\"search_term_string\"}}],\"inLanguage\":\"es-ES\"}]}<\/script>\n<!-- \/ Yoast SEO Premium plugin. -->","yoast_head_json":{"title":"\u00bfCu\u00e1les son sus derechos? - \u0160koda We Love Cycling - Spain","robots":{"index":"index","follow":"follow","max-snippet":"max-snippet:-1","max-image-preview":"max-image-preview:large","max-video-preview":"max-video-preview:-1"},"canonical":"https:\/\/www.welovecycling.com\/es\/docs\/derechos\/","og_locale":"es_ES","og_type":"article","og_title":"\u00bfCu\u00e1les son sus derechos?","og_description":"\u00bfCu\u00e1les son sus derechos? Como parte del tratamiento de datos personales, le asisten los siguientes derechos: Acceso a datos personales\u00a0tratados.","og_url":"https:\/\/www.welovecycling.com\/es\/docs\/derechos\/","og_site_name":"\u0160koda We Love Cycling - Spain","og_image":[{"url":"https:\/\/d2p6e6u75xmxt8.cloudfront.net\/2\/2018\/05\/hammer.jpg","type":"","width":"","height":""}],"twitter_card":"summary_large_image","twitter_misc":{"Est. reading time":"2 minutes"},"schema":{"@context":"https:\/\/schema.org","@graph":[{"@type":"WebPage","@id":"https:\/\/www.welovecycling.com\/es\/docs\/derechos\/","url":"https:\/\/www.welovecycling.com\/es\/docs\/derechos\/","name":"\u00bfCu\u00e1les son sus derechos? - \u0160koda We Love Cycling - Spain","isPartOf":{"@id":"https:\/\/www.welovecycling.com\/es\/#website"},"primaryImageOfPage":{"@id":"https:\/\/www.welovecycling.com\/es\/docs\/derechos\/#primaryimage"},"image":{"@id":"https:\/\/www.welovecycling.com\/es\/docs\/derechos\/#primaryimage"},"thumbnailUrl":"https:\/\/d2p6e6u75xmxt8.cloudfront.net\/2\/2018\/05\/hammer.jpg","datePublished":"2018-05-29T14:18:40+00:00","breadcrumb":{"@id":"https:\/\/www.welovecycling.com\/es\/docs\/derechos\/#breadcrumb"},"inLanguage":"es-ES","potentialAction":[{"@type":"ReadAction","target":["https:\/\/www.welovecycling.com\/es\/docs\/derechos\/"]}]},{"@type":"ImageObject","inLanguage":"es-ES","@id":"https:\/\/www.welovecycling.com\/es\/docs\/derechos\/#primaryimage","url":"https:\/\/d2p6e6u75xmxt8.cloudfront.net\/2\/2018\/05\/hammer.jpg","contentUrl":"https:\/\/d2p6e6u75xmxt8.cloudfront.net\/2\/2018\/05\/hammer.jpg"},{"@type":"BreadcrumbList","@id":"https:\/\/www.welovecycling.com\/es\/docs\/derechos\/#breadcrumb","itemListElement":[{"@type":"ListItem","position":1,"name":"Home","item":"https:\/\/www.welovecycling.com\/es\/"},{"@type":"ListItem","position":2,"name":"Documents","item":"https:\/\/www.welovecycling.com\/es\/docs\/"},{"@type":"ListItem","position":3,"name":"\u00bfCu\u00e1les son sus derechos?"}]},{"@type":"WebSite","@id":"https:\/\/www.welovecycling.com\/es\/#website","url":"https:\/\/www.welovecycling.com\/es\/","name":"\u0160koda We Love Cycling - Spain","description":"\u0160koda WeLoveCycling Spain","potentialAction":[{"@type":"SearchAction","target":{"@type":"EntryPoint","urlTemplate":"https:\/\/www.welovecycling.com\/es\/?s={search_term_string}"},"query-input":{"@type":"PropertyValueSpecification","valueRequired":true,"valueName":"search_term_string"}}],"inLanguage":"es-ES"}]}},"_links":{"self":[{"href":"https:\/\/www.welovecycling.com\/es\/wp-json\/wp\/v2\/pages\/2779","targetHints":{"allow":["GET"]}}],"collection":[{"href":"https:\/\/www.welovecycling.com\/es\/wp-json\/wp\/v2\/pages"}],"about":[{"href":"https:\/\/www.welovecycling.com\/es\/wp-json\/wp\/v2\/types\/page"}],"author":[{"embeddable":true,"href":"https:\/\/www.welovecycling.com\/es\/wp-json\/wp\/v2\/users\/1"}],"replies":[{"embeddable":true,"href":"https:\/\/www.welovecycling.com\/es\/wp-json\/wp\/v2\/comments?post=2779"}],"version-history":[{"count":2,"href":"https:\/\/www.welovecycling.com\/es\/wp-json\/wp\/v2\/pages\/2779\/revisions"}],"predecessor-version":[{"id":2802,"href":"https:\/\/www.welovecycling.com\/es\/wp-json\/wp\/v2\/pages\/2779\/revisions\/2802"}],"up":[{"embeddable":true,"href":"https:\/\/www.welovecycling.com\/es\/wp-json\/wp\/v2\/pages\/2771"}],"wp:attachment":[{"href":"https:\/\/www.welovecycling.com\/es\/wp-json\/wp\/v2\/media?parent=2779"}],"wp:term":[{"taxonomy":"post_tag","embeddable":true,"href":"https:\/\/www.welovecycling.com\/es\/wp-json\/wp\/v2\/tags?post=2779"}],"curies":[{"name":"wp","href":"https:\/\/api.w.org\/{rel}","templated":true}]}}