{"id":2775,"date":"2018-05-24T08:17:40","date_gmt":"2018-05-24T06:17:40","guid":{"rendered":"https:\/\/www.welovecycling.com\/es\/?page_id=2775"},"modified":"2018-07-05T11:39:33","modified_gmt":"2018-07-05T09:39:33","slug":"memorandum","status":"publish","type":"page","link":"https:\/\/www.welovecycling.com\/es\/docs\/memorandum\/","title":{"rendered":"Informaci\u00f3n sobre el tratamiento de datos personales"},"content":{"rendered":"<div id=\"pl-2775\"  class=\"panel-layout\" ><div id=\"pg-2775-0\"  class=\"panel-grid panel-no-style\" ><div id=\"pgc-2775-0-0\"  class=\"panel-grid-cell\" ><div id=\"panel-2775-0-0-0\" class=\"so-panel widget widget_sow-editor panel-first-child panel-last-child\" data-index=\"0\" ><div\n\t\t\t\n\t\t\tclass=\"so-widget-sow-editor so-widget-sow-editor-base\"\n\t\t\t\n\t\t>\n<div class=\"siteorigin-widget-tinymce textwidget\">\n\t<h2>Consentimiento al tratamiento de datos personales<\/h2>\n<p>Por el presente otorgo a \u0160koda AUTO a.s., t\u0159. V\u00e1clava Klementa 869, Mlad\u00e1 Boleslav II, 293 01, Mlad\u00e1 Boleslav, n.\u00ba de identificaci\u00f3n: 00177041, inscrita en el Registro Mercantil mantenido por el Tribunal municipal de Praga en la secci\u00f3n B, archivo n.\u00ba 332, responsable del tratamiento de datos personales (en lo sucesivo denominada la \u201csociedad \u0160koda AUTO\u201c),<\/p>\n<p><strong>consentimiento libre y voluntario para el tratamiento de datos personales en la siguiente medida:<\/strong> nombre, apellidos, direcci\u00f3n de correo electr\u00f3nico, fecha de nacimiento y, seg\u00fan sea el caso, tambi\u00e9n otra informaci\u00f3n que \u0160koda AUTO adquiriera sobre mi y que usar\u00e1 para ajustar mejor los objetivos de sus actividades de marketing a mis necesidades,<\/p>\n<p><strong>con el fin de:<\/strong> gestionar la oferta de productos y servicios de la marca \u0160koda, incluyendo el suministro de informaci\u00f3n sobre productos, servicios, eventos, concursos, env\u00edo de boletines y felicitaciones de festividades.<\/p>\n<p><strong>El consentimiento se otorga durante cinco a\u00f1os.<\/strong><\/p>\n<p>Soy consciente de que tengo derecho a retirar mi consentimiento en todo momento electr\u00f3nicamente en la p\u00e1gina web <a href=\"http:\/\/www.skoda-auto.com\/other\/personal-data\" target=\"_blank\" rel=\"noopener\">http:\/\/www.skoda-auto.com\/other\/personal-data<\/a> o por escrito en la direcci\u00f3n de la sociedad \u0160koda AUTO. Tengo derecho a retirar el consentimiento antes de que venza el periodo de tratamiento para el que se otorg\u00f3 el mismo. La retirada del consentimiento no afectar\u00e1 a la legalidad del tratamiento de datos personales basada en el consentimiento antes de su retirada.<\/p>\n<p>Se facilita informaci\u00f3n adicional relativa al tratamiento de datos personales en el anexo que figura a continuaci\u00f3n, que constituye una parte integral de este consentimiento. Tambi\u00e9n se podr\u00e1 consultar informaci\u00f3n general referente a la protecci\u00f3n de datos personales en la p\u00e1gina web <a href=\"http:\/\/www.skoda-auto.com\/other\/personal-data\" target=\"_blank\" rel=\"noopener\">http:\/\/www.skoda-auto.com\/other\/personal-data<\/a>.<\/p>\n<\/div>\n<\/div><\/div><\/div><\/div><div id=\"pg-2775-1\"  class=\"panel-grid panel-no-style\" ><div id=\"pgc-2775-1-0\"  class=\"panel-grid-cell\" ><div id=\"panel-2775-1-0-0\" class=\"so-panel widget widget_sow-editor panel-first-child\" data-index=\"1\" ><div\n\t\t\t\n\t\t\tclass=\"so-widget-sow-editor so-widget-sow-editor-base\"\n\t\t\t\n\t\t>\n<div class=\"siteorigin-widget-tinymce textwidget\">\n\t<h2><img loading=\"lazy\" decoding=\"async\" class=\"size-full wp-image-164811\" style=\"display: inline-block;\" src=\"https:\/\/d2p6e6u75xmxt8.cloudfront.net\/2\/2018\/05\/notepad.jpg\" alt=\"\" width=\"44\" height=\"38\" \/> Informaci\u00f3n sobre el tratamiento de datos personales<\/h2>\n<p>Mediante este documento ofrecemos, en calidad de responsables del tratamiento de datos personales \u2013 sociedad \u0160koda AUTO a.s., t\u0159. V\u00e1clava Klementa 869, Mlad\u00e1 Boleslav II, 293 10, Mlad\u00e1 Boleslav, n.\u00ba de identificaci\u00f3n: 00177041, inscrita en el Registro Mercantil mantenido por el Tribunal municipal de Praga en la secci\u00f3n B, archivo n.\u00ba 332 (en lo sucesivo denominada la \u201csociedad \u0160koda AUTO\u201c) \u2013 informaci\u00f3n sobre el tratamiento de datos personales y sus derechos relativos al mismo.<\/p>\n<p>El tratamiento de datos personales incluye las siguientes actividades:<\/p>\n<p><strong>Realizaci\u00f3n de actividades de marketing<\/strong><\/p>\n<p>&nbsp;<\/p>\n<\/div>\n<\/div><\/div><div id=\"panel-2775-1-0-1\" class=\"so-panel widget widget_sow-editor panel-last-child\" data-index=\"2\" ><div\n\t\t\t\n\t\t\tclass=\"so-widget-sow-editor so-widget-sow-editor-base\"\n\t\t\t\n\t\t>\n<div class=\"siteorigin-widget-tinymce textwidget\">\n\t<h3>Fines del tratamiento:<\/h3>\n<p>Gestionar la oferta de productos y servicios de la marca \u0160koda, incluyendo el suministro de informaci\u00f3n sobre productos, servicios, eventos, concursos, env\u00edo de boletines y felicitaciones de festividades.<\/p>\n<h3>Descripci\u00f3n de la finalidad del tratamiento:<\/h3>\n<p>Sus datos personales se usan para informarle sobre los productos y servicios de \u0160koda AUTO, eventos, concursos, suscripciones a noticias, anuncios, distribuci\u00f3n de cat\u00e1logos o felicitaciones de festividades. Tambi\u00e9n podremos usar algunos de sus datos personales para dirigir las comunicaciones mencionadas de forma personalizada.<\/p>\n<h3>Fundamentos jur\u00eddicos del tratamiento:<\/h3>\n<p>Estamos autorizados a tratar sus datos personales con base en el consentimiento que nos otorgue. Si no nos dio su consentimiento, no trataremos sus datos personales.<\/p>\n<h3>Categor\u00edas de los datos personales que tratamos:<\/h3>\n<p>Datos identificativos, datos de contacto, datos descriptivos, perfil comercial, informaci\u00f3n t\u00e9cnica del producto, historial de negociaci\u00f3n, informaci\u00f3n sobre la familia y otras personas, comunicaci\u00f3n, interacci\u00f3n y perfiles derivados basados en estos datos, identificadores de red.<\/p>\n<h3>Periodo de tratamiento y archivo:<\/h3>\n<p>5 a\u00f1os desde que se otorgue el consentimiento de tratamiento de datos personales.<\/p>\n<h3>Categor\u00edas de encargados o destinatarios de datos a quienes podemos proporcionar los datos personales:<\/h3>\n<p>Agencias de marketing, agencias de eventos, agencias de medios, miembros de la red de distribuci\u00f3n, operadores de servidores, agencias de gesti\u00f3n de visitas, l\u00edneas de informaci\u00f3n.<\/p>\n<p>Se podr\u00e1n facilitar sus datos personales a las autoridades p\u00fablicas si as\u00ed lo solicitan, en particular a los tribunales, la Polic\u00eda de la Rep\u00fablica Checa y otros organismos de las fuerzas del orden, en la medida necesaria y dentro de los l\u00edmites del derecho.<\/p>\n<h3>Fuente de los datos personales:<\/h3>\n<p>Recibimos los datos personales directamente de usted.<\/p>\n<h3>Transmisi\u00f3n de datos personales a pa\u00edses terceros u organizaciones supranacionales:<\/h3>\n<p>Como parte de este tratamiento, puede que sus datos personales se transmitan a destinatarios en terceros pa\u00edses, p. ej. Estados Unidos de Am\u00e9rica. En este caso, esta transmisi\u00f3n puede tener lugar con base en una decisi\u00f3n sobre el car\u00e1cter adecuado de la protecci\u00f3n de la Comisi\u00f3n Europea, esto es a organizaciones que participen en el programa Escudo para la protecci\u00f3n de datos [Privacy Shield], o con base en las cl\u00e1usulas contractuales tipo, esto es, el modelo de contrato emitido por la Comisi\u00f3n Europea, sin que se realice ning\u00fan cambio en su texto, tal y como prev\u00e9 el reglamento de protecci\u00f3n de datos personales legal vigente. Podr\u00e1 encontrar la informaci\u00f3n m\u00e1s reciente en <a href=\"http:\/\/www.skoda-auto.com\/other\/privacy-policy-es\" target=\"_blank\" rel=\"noopener\">http:\/\/www.skoda-auto.com\/other\/privacy-policy-es<\/a>.<\/p>\n<h3>Decisiones automatizadas con base en los datos personales:<\/h3>\n<p>Durante este tratamiento de datos personales, no se toman decisiones automatizadas con base en los datos personales.<\/p>\n<h3>Otra informaci\u00f3n<\/h3>\n<p>Los datos personales se podr\u00e1n archivar con fines de inter\u00e9s p\u00fablico y usarse con finalidad cient\u00edfica, hist\u00f3rica o de investigaci\u00f3n estad\u00edstica. En casos fundados los datos personales tambi\u00e9n podr\u00e1n ser objeto del tratamiento a efectos de resoluci\u00f3n de cuestiones jur\u00eddicas, incluyendo el cumplimiento de obligaciones respecto a los \u00f3rganos de la administraci\u00f3n p\u00fablica y la supervisi\u00f3n y evaluaci\u00f3n continua de riesgos jur\u00eddicos.<\/p>\n<\/div>\n<\/div><\/div><\/div><\/div><div id=\"pg-2775-2\"  class=\"panel-grid panel-no-style\" ><div id=\"pgc-2775-2-0\"  class=\"panel-grid-cell\" ><div id=\"panel-2775-2-0-0\" class=\"so-panel widget widget_sow-editor panel-first-child panel-last-child\" data-index=\"3\" ><div\n\t\t\t\n\t\t\tclass=\"so-widget-sow-editor so-widget-sow-editor-base\"\n\t\t\t\n\t\t>\n<div class=\"siteorigin-widget-tinymce textwidget\">\n\t<p><a href=\"\/es\/docs\/derechos\/\">\u00bfCu\u00e1les son sus derechos?<\/a><\/p>\n<\/div>\n<\/div><\/div><\/div><\/div><\/div>","protected":false},"excerpt":{"rendered":"<p>Consentimiento al tratamiento de datos personales Por el presente otorgo a \u0160koda AUTO a.s., t\u0159. V\u00e1clava Klementa 869, Mlad\u00e1 Boleslav [&hellip;]<\/p>\n","protected":false},"author":1,"featured_media":0,"parent":2771,"menu_order":0,"comment_status":"closed","ping_status":"closed","template":"templates\/template-empty-page-headline.php","meta":{"footnotes":""},"tags":[],"class_list":["post-2775","page","type-page","status-publish","hentry"],"yoast_head":"<!-- This site is optimized with the Yoast SEO Premium plugin v25.3 (Yoast SEO v25.9) - https:\/\/yoast.com\/wordpress\/plugins\/seo\/ -->\n<title>Informaci\u00f3n sobre el tratamiento de datos personales - \u0160koda We Love Cycling - Spain<\/title>\n<meta name=\"robots\" content=\"index, follow, max-snippet:-1, max-image-preview:large, max-video-preview:-1\" \/>\n<link rel=\"canonical\" href=\"https:\/\/www.welovecycling.com\/es\/docs\/memorandum\/\" \/>\n<meta property=\"og:locale\" content=\"es_ES\" \/>\n<meta property=\"og:type\" content=\"article\" \/>\n<meta property=\"og:title\" content=\"Informaci\u00f3n sobre el tratamiento de datos personales\" \/>\n<meta property=\"og:description\" content=\"Consentimiento al tratamiento de datos personales Por el presente otorgo a \u0160koda AUTO a.s., t\u0159. V\u00e1clava Klementa 869, Mlad\u00e1 Boleslav [&hellip;]\" \/>\n<meta property=\"og:url\" content=\"https:\/\/www.welovecycling.com\/es\/docs\/memorandum\/\" \/>\n<meta property=\"og:site_name\" content=\"\u0160koda We Love Cycling - Spain\" \/>\n<meta property=\"article:modified_time\" content=\"2018-07-05T09:39:33+00:00\" \/>\n<meta property=\"og:image\" content=\"https:\/\/d2p6e6u75xmxt8.cloudfront.net\/2\/2018\/05\/notepad.jpg\" \/>\n<meta name=\"twitter:card\" content=\"summary_large_image\" \/>\n<meta name=\"twitter:label1\" content=\"Est. reading time\" \/>\n\t<meta name=\"twitter:data1\" content=\"5 minutes\" \/>\n<script type=\"application\/ld+json\" class=\"yoast-schema-graph\">{\"@context\":\"https:\/\/schema.org\",\"@graph\":[{\"@type\":\"WebPage\",\"@id\":\"https:\/\/www.welovecycling.com\/es\/docs\/memorandum\/\",\"url\":\"https:\/\/www.welovecycling.com\/es\/docs\/memorandum\/\",\"name\":\"Informaci\u00f3n sobre el tratamiento de datos personales - \u0160koda We Love Cycling - Spain\",\"isPartOf\":{\"@id\":\"https:\/\/www.welovecycling.com\/es\/#website\"},\"primaryImageOfPage\":{\"@id\":\"https:\/\/www.welovecycling.com\/es\/docs\/memorandum\/#primaryimage\"},\"image\":{\"@id\":\"https:\/\/www.welovecycling.com\/es\/docs\/memorandum\/#primaryimage\"},\"thumbnailUrl\":\"https:\/\/d2p6e6u75xmxt8.cloudfront.net\/2\/2018\/05\/notepad.jpg\",\"datePublished\":\"2018-05-24T06:17:40+00:00\",\"dateModified\":\"2018-07-05T09:39:33+00:00\",\"breadcrumb\":{\"@id\":\"https:\/\/www.welovecycling.com\/es\/docs\/memorandum\/#breadcrumb\"},\"inLanguage\":\"es-ES\",\"potentialAction\":[{\"@type\":\"ReadAction\",\"target\":[\"https:\/\/www.welovecycling.com\/es\/docs\/memorandum\/\"]}]},{\"@type\":\"ImageObject\",\"inLanguage\":\"es-ES\",\"@id\":\"https:\/\/www.welovecycling.com\/es\/docs\/memorandum\/#primaryimage\",\"url\":\"https:\/\/d2p6e6u75xmxt8.cloudfront.net\/2\/2018\/05\/notepad.jpg\",\"contentUrl\":\"https:\/\/d2p6e6u75xmxt8.cloudfront.net\/2\/2018\/05\/notepad.jpg\"},{\"@type\":\"BreadcrumbList\",\"@id\":\"https:\/\/www.welovecycling.com\/es\/docs\/memorandum\/#breadcrumb\",\"itemListElement\":[{\"@type\":\"ListItem\",\"position\":1,\"name\":\"Home\",\"item\":\"https:\/\/www.welovecycling.com\/es\/\"},{\"@type\":\"ListItem\",\"position\":2,\"name\":\"Documents\",\"item\":\"https:\/\/www.welovecycling.com\/es\/docs\/\"},{\"@type\":\"ListItem\",\"position\":3,\"name\":\"Informaci\u00f3n sobre el tratamiento de datos personales\"}]},{\"@type\":\"WebSite\",\"@id\":\"https:\/\/www.welovecycling.com\/es\/#website\",\"url\":\"https:\/\/www.welovecycling.com\/es\/\",\"name\":\"\u0160koda We Love Cycling - Spain\",\"description\":\"\u0160koda WeLoveCycling Spain\",\"potentialAction\":[{\"@type\":\"SearchAction\",\"target\":{\"@type\":\"EntryPoint\",\"urlTemplate\":\"https:\/\/www.welovecycling.com\/es\/?s={search_term_string}\"},\"query-input\":{\"@type\":\"PropertyValueSpecification\",\"valueRequired\":true,\"valueName\":\"search_term_string\"}}],\"inLanguage\":\"es-ES\"}]}<\/script>\n<!-- \/ Yoast SEO Premium plugin. -->","yoast_head_json":{"title":"Informaci\u00f3n sobre el tratamiento de datos personales - \u0160koda We Love Cycling - Spain","robots":{"index":"index","follow":"follow","max-snippet":"max-snippet:-1","max-image-preview":"max-image-preview:large","max-video-preview":"max-video-preview:-1"},"canonical":"https:\/\/www.welovecycling.com\/es\/docs\/memorandum\/","og_locale":"es_ES","og_type":"article","og_title":"Informaci\u00f3n sobre el tratamiento de datos personales","og_description":"Consentimiento al tratamiento de datos personales Por el presente otorgo a \u0160koda AUTO a.s., t\u0159. V\u00e1clava Klementa 869, Mlad\u00e1 Boleslav [&hellip;]","og_url":"https:\/\/www.welovecycling.com\/es\/docs\/memorandum\/","og_site_name":"\u0160koda We Love Cycling - Spain","article_modified_time":"2018-07-05T09:39:33+00:00","og_image":[{"url":"https:\/\/d2p6e6u75xmxt8.cloudfront.net\/2\/2018\/05\/notepad.jpg","type":"","width":"","height":""}],"twitter_card":"summary_large_image","twitter_misc":{"Est. reading time":"5 minutes"},"schema":{"@context":"https:\/\/schema.org","@graph":[{"@type":"WebPage","@id":"https:\/\/www.welovecycling.com\/es\/docs\/memorandum\/","url":"https:\/\/www.welovecycling.com\/es\/docs\/memorandum\/","name":"Informaci\u00f3n sobre el tratamiento de datos personales - \u0160koda We Love Cycling - Spain","isPartOf":{"@id":"https:\/\/www.welovecycling.com\/es\/#website"},"primaryImageOfPage":{"@id":"https:\/\/www.welovecycling.com\/es\/docs\/memorandum\/#primaryimage"},"image":{"@id":"https:\/\/www.welovecycling.com\/es\/docs\/memorandum\/#primaryimage"},"thumbnailUrl":"https:\/\/d2p6e6u75xmxt8.cloudfront.net\/2\/2018\/05\/notepad.jpg","datePublished":"2018-05-24T06:17:40+00:00","dateModified":"2018-07-05T09:39:33+00:00","breadcrumb":{"@id":"https:\/\/www.welovecycling.com\/es\/docs\/memorandum\/#breadcrumb"},"inLanguage":"es-ES","potentialAction":[{"@type":"ReadAction","target":["https:\/\/www.welovecycling.com\/es\/docs\/memorandum\/"]}]},{"@type":"ImageObject","inLanguage":"es-ES","@id":"https:\/\/www.welovecycling.com\/es\/docs\/memorandum\/#primaryimage","url":"https:\/\/d2p6e6u75xmxt8.cloudfront.net\/2\/2018\/05\/notepad.jpg","contentUrl":"https:\/\/d2p6e6u75xmxt8.cloudfront.net\/2\/2018\/05\/notepad.jpg"},{"@type":"BreadcrumbList","@id":"https:\/\/www.welovecycling.com\/es\/docs\/memorandum\/#breadcrumb","itemListElement":[{"@type":"ListItem","position":1,"name":"Home","item":"https:\/\/www.welovecycling.com\/es\/"},{"@type":"ListItem","position":2,"name":"Documents","item":"https:\/\/www.welovecycling.com\/es\/docs\/"},{"@type":"ListItem","position":3,"name":"Informaci\u00f3n sobre el tratamiento de datos personales"}]},{"@type":"WebSite","@id":"https:\/\/www.welovecycling.com\/es\/#website","url":"https:\/\/www.welovecycling.com\/es\/","name":"\u0160koda We Love Cycling - Spain","description":"\u0160koda WeLoveCycling Spain","potentialAction":[{"@type":"SearchAction","target":{"@type":"EntryPoint","urlTemplate":"https:\/\/www.welovecycling.com\/es\/?s={search_term_string}"},"query-input":{"@type":"PropertyValueSpecification","valueRequired":true,"valueName":"search_term_string"}}],"inLanguage":"es-ES"}]}},"_links":{"self":[{"href":"https:\/\/www.welovecycling.com\/es\/wp-json\/wp\/v2\/pages\/2775","targetHints":{"allow":["GET"]}}],"collection":[{"href":"https:\/\/www.welovecycling.com\/es\/wp-json\/wp\/v2\/pages"}],"about":[{"href":"https:\/\/www.welovecycling.com\/es\/wp-json\/wp\/v2\/types\/page"}],"author":[{"embeddable":true,"href":"https:\/\/www.welovecycling.com\/es\/wp-json\/wp\/v2\/users\/1"}],"replies":[{"embeddable":true,"href":"https:\/\/www.welovecycling.com\/es\/wp-json\/wp\/v2\/comments?post=2775"}],"version-history":[{"count":2,"href":"https:\/\/www.welovecycling.com\/es\/wp-json\/wp\/v2\/pages\/2775\/revisions"}],"predecessor-version":[{"id":2992,"href":"https:\/\/www.welovecycling.com\/es\/wp-json\/wp\/v2\/pages\/2775\/revisions\/2992"}],"up":[{"embeddable":true,"href":"https:\/\/www.welovecycling.com\/es\/wp-json\/wp\/v2\/pages\/2771"}],"wp:attachment":[{"href":"https:\/\/www.welovecycling.com\/es\/wp-json\/wp\/v2\/media?parent=2775"}],"wp:term":[{"taxonomy":"post_tag","embeddable":true,"href":"https:\/\/www.welovecycling.com\/es\/wp-json\/wp\/v2\/tags?post=2775"}],"curies":[{"name":"wp","href":"https:\/\/api.w.org\/{rel}","templated":true}]}}