{"id":2773,"date":"2018-05-24T08:16:21","date_gmt":"2018-05-24T06:16:21","guid":{"rendered":"https:\/\/www.welovecycling.com\/es\/?page_id=2773"},"modified":"2018-07-06T17:14:45","modified_gmt":"2018-07-06T15:14:45","slug":"contest-memorandum","status":"publish","type":"page","link":"https:\/\/www.welovecycling.com\/es\/docs\/contest-memorandum\/","title":{"rendered":"Informaci\u00f3n sobre el tratamiento de datos personales (concurso)"},"content":{"rendered":"<div id=\"pl-2773\"  class=\"panel-layout\" ><div id=\"pg-2773-0\"  class=\"panel-grid panel-no-style\" ><div id=\"pgc-2773-0-0\"  class=\"panel-grid-cell\" ><div id=\"panel-2773-0-0-0\" class=\"so-panel widget widget_sow-editor panel-first-child\" data-index=\"0\" ><div\n\t\t\t\n\t\t\tclass=\"so-widget-sow-editor so-widget-sow-editor-base\"\n\t\t\t\n\t\t>\n<div class=\"siteorigin-widget-tinymce textwidget\">\n\t<p>Mediante este documento ofrecemos, en calidad de responsables del tratamiento de datos personales \u2013sociedad \u0160koda AUTO a.s., t\u0159. V\u00e1clava Klementa 869, Mlad\u00e1 Boleslav II, 293 10, Mlad\u00e1 Boleslav, n.\u00ba de identificaci\u00f3n: 00177041, inscrita en el Registro Mercantil mantenido por el Tribunal municipal de Praga en la secci\u00f3n B, archivo n.\u00ba 332 (en lo sucesivo denominada \"\u0160koda AUTO\")\u2013 informaci\u00f3n sobre el tratamiento de datos personales y tus derechos relativos al mismo.<\/p>\n<p>El tratamiento de los datos personales forma parte de la siguiente actividad: <\/p>\n<p><strong>Organizaci\u00f3n de concurso y votaci\u00f3n<\/strong><\/p>\n<\/div>\n<\/div><\/div><div id=\"panel-2773-0-0-1\" class=\"so-panel widget widget_sow-editor panel-last-child\" data-index=\"1\" ><div\n\t\t\t\n\t\t\tclass=\"so-widget-sow-editor so-widget-sow-editor-base\"\n\t\t\t\n\t\t>\n<div class=\"siteorigin-widget-tinymce textwidget\">\n\t<h3>Fines del tratamiento:<\/h3>\n<p>Organizaci\u00f3n de concursos y garant\u00eda de un sistema de votaci\u00f3n justo.<\/p>\n<h3>Descripci\u00f3n de la finalidad del tratamiento:<\/h3>\n<p>Si decides participar en alg\u00fan concurso que organicemos como parte de nuestras actividades, usaremos tus datos personales si participas en dicho concurso, es decir, tus datos y los datos de tu hijo en el caso de que este participe y seas su tutor legal para que podamos incluirlo entre los participantes, evaluar el concurso y enviar o entregar un premio.<\/p>\n<p>Estas actividades podr\u00e1n ser realizadas por nosotros mismos o a trav\u00e9s de terceros (agencias). Gracias a estos datos, tambi\u00e9n podremos prevenir el riesgo de que una persona vote varias veces.<\/p>\n<h3>Fundamentos jur\u00eddicos del tratamiento:<\/h3>\n<p>Para poder cumplir con nuestras obligaciones del concurso, necesitamos efectuar el tratamiento de los datos personales de los participantes. Por tanto, el suministro de datos personales es un requisito contractual y, si no nos los facilitas, puede que no podamos incluirte en el concurso.<\/p>\n<h3>Categor\u00edas de los datos personales que tratamos:<\/h3>\n<p>Datos identificativos, se\u00f1as de contacto.<\/p>\n<h3>Periodo de tratamiento y archivo:<\/h3>\n<p>1 a\u00f1o despu\u00e9s de la finalizaci\u00f3n del concurso.<\/p>\n<h3>Categor\u00edas de encargados o destinatarios de datos a quienes podemos proporcionar los datos personales:<\/h3>\n<p>Agencias encargadas del concurso.<\/p>\n<p>Se podr\u00e1n facilitar sus datos personales a las autoridades p\u00fablicas si as\u00ed lo solicitan, en particular a los tribunales, la Polic\u00eda de la Rep\u00fablica Checa y otros organismos de las fuerzas del orden, en la medida necesaria y dentro de los l\u00edmites del derecho.<\/p>\n<h3>Fuente de los datos personales:<\/h3>\n<p>Recibimos los datos personales directamente de usted.<\/p>\n<h3>Transmisi\u00f3n de datos personales a pa\u00edses terceros u organizaciones supranacionales:<\/h3>\n<p>Como parte de este tratamiento, puede que sus datos personales se transmitan a destinatarios en terceros pa\u00edses, p. ej. Estados Unidos de Am\u00e9rica. En este caso, esta transmisi\u00f3n puede tener lugar con base en una decisi\u00f3n sobre el car\u00e1cter adecuado de la protecci\u00f3n de la Comisi\u00f3n Europea, esto es a organizaciones que participen en el programa Escudo para la protecci\u00f3n de datos [Privacy Shield], o con base en las cl\u00e1usulas contractuales tipo, esto es, el modelo de contrato emitido por la Comisi\u00f3n Europea, sin que se realice ning\u00fan cambio en su texto, tal y como prev\u00e9 el reglamento de protecci\u00f3n de datos personales legal vigente. Podr\u00e1 encontrar la informaci\u00f3n m\u00e1s reciente en <a href=\"http:\/\/www.skoda-auto.com\/other\/privacy-policy-es\" target=\"_blank\" rel=\"noopener\">http:\/\/www.skoda-auto.com\/other\/privacy-policy-es<\/a>.<\/p>\n<h3>Decisiones automatizadas con base en los datos personales:<\/h3>\n<p>Durante este tratamiento de datos personales, no se toman decisiones automatizadas con base en los datos personales.<\/p>\n<h3>Otra informaci\u00f3n<\/h3>\n<p>Los datos personales se podr\u00e1n archivar con fines de inter\u00e9s p\u00fablico y usarse con finalidad cient\u00edfica, hist\u00f3rica o de investigaci\u00f3n estad\u00edstica. En casos fundados, los datos personales tambi\u00e9n podr\u00e1n ser objeto del tratamiento a efectos de resoluci\u00f3n de cuestiones jur\u00eddicas, incluyendo el cumplimiento de obligaciones respecto a los \u00f3rganos de la administraci\u00f3n p\u00fablica y la supervisi\u00f3n y evaluaci\u00f3n continua de riesgos jur\u00eddicos.<\/p>\n<\/div>\n<\/div><\/div><\/div><\/div><div id=\"pg-2773-1\"  class=\"panel-grid panel-no-style\" ><div id=\"pgc-2773-1-0\"  class=\"panel-grid-cell\" ><div id=\"panel-2773-1-0-0\" class=\"so-panel widget widget_sow-editor panel-first-child panel-last-child\" data-index=\"2\" ><div\n\t\t\t\n\t\t\tclass=\"so-widget-sow-editor so-widget-sow-editor-base\"\n\t\t\t\n\t\t>\n<div class=\"siteorigin-widget-tinymce textwidget\">\n\t<p><a href=\"\/es\/docs\/derechos\/\">\u00bfCu\u00e1les son sus derechos?<\/a><\/p>\n<\/div>\n<\/div><\/div><\/div><\/div><\/div>","protected":false},"excerpt":{"rendered":"<p>Mediante este documento ofrecemos, en calidad de responsables del tratamiento de datos personales \u2013sociedad \u0160koda AUTO a.s., t\u0159. V\u00e1clava Klementa [&hellip;]<\/p>\n","protected":false},"author":1,"featured_media":0,"parent":2771,"menu_order":0,"comment_status":"closed","ping_status":"closed","template":"templates\/template-empty-page-headline.php","meta":{"footnotes":""},"tags":[],"class_list":["post-2773","page","type-page","status-publish","hentry"],"yoast_head":"<!-- This site is optimized with the Yoast SEO Premium plugin v25.3 (Yoast SEO v25.9) - https:\/\/yoast.com\/wordpress\/plugins\/seo\/ -->\n<title>Informaci\u00f3n sobre el tratamiento de datos personales (concurso) - \u0160koda We Love Cycling - Spain<\/title>\n<meta name=\"robots\" content=\"index, follow, max-snippet:-1, max-image-preview:large, max-video-preview:-1\" \/>\n<link rel=\"canonical\" href=\"https:\/\/www.welovecycling.com\/es\/docs\/contest-memorandum\/\" \/>\n<meta property=\"og:locale\" content=\"es_ES\" \/>\n<meta property=\"og:type\" content=\"article\" \/>\n<meta property=\"og:title\" content=\"Informaci\u00f3n sobre el tratamiento de datos personales (concurso)\" \/>\n<meta property=\"og:description\" content=\"Mediante este documento ofrecemos, en calidad de responsables del tratamiento de datos personales \u2013sociedad \u0160koda AUTO a.s., t\u0159. V\u00e1clava Klementa [&hellip;]\" \/>\n<meta property=\"og:url\" content=\"https:\/\/www.welovecycling.com\/es\/docs\/contest-memorandum\/\" \/>\n<meta property=\"og:site_name\" content=\"\u0160koda We Love Cycling - Spain\" \/>\n<meta property=\"article:modified_time\" content=\"2018-07-06T15:14:45+00:00\" \/>\n<meta name=\"twitter:card\" content=\"summary_large_image\" \/>\n<meta name=\"twitter:label1\" content=\"Est. reading time\" \/>\n\t<meta name=\"twitter:data1\" content=\"3 minutes\" \/>\n<script type=\"application\/ld+json\" class=\"yoast-schema-graph\">{\"@context\":\"https:\/\/schema.org\",\"@graph\":[{\"@type\":\"WebPage\",\"@id\":\"https:\/\/www.welovecycling.com\/es\/docs\/contest-memorandum\/\",\"url\":\"https:\/\/www.welovecycling.com\/es\/docs\/contest-memorandum\/\",\"name\":\"Informaci\u00f3n sobre el tratamiento de datos personales (concurso) - \u0160koda We Love Cycling - Spain\",\"isPartOf\":{\"@id\":\"https:\/\/www.welovecycling.com\/es\/#website\"},\"datePublished\":\"2018-05-24T06:16:21+00:00\",\"dateModified\":\"2018-07-06T15:14:45+00:00\",\"breadcrumb\":{\"@id\":\"https:\/\/www.welovecycling.com\/es\/docs\/contest-memorandum\/#breadcrumb\"},\"inLanguage\":\"es-ES\",\"potentialAction\":[{\"@type\":\"ReadAction\",\"target\":[\"https:\/\/www.welovecycling.com\/es\/docs\/contest-memorandum\/\"]}]},{\"@type\":\"BreadcrumbList\",\"@id\":\"https:\/\/www.welovecycling.com\/es\/docs\/contest-memorandum\/#breadcrumb\",\"itemListElement\":[{\"@type\":\"ListItem\",\"position\":1,\"name\":\"Home\",\"item\":\"https:\/\/www.welovecycling.com\/es\/\"},{\"@type\":\"ListItem\",\"position\":2,\"name\":\"Documents\",\"item\":\"https:\/\/www.welovecycling.com\/es\/docs\/\"},{\"@type\":\"ListItem\",\"position\":3,\"name\":\"Informaci\u00f3n sobre el tratamiento de datos personales (concurso)\"}]},{\"@type\":\"WebSite\",\"@id\":\"https:\/\/www.welovecycling.com\/es\/#website\",\"url\":\"https:\/\/www.welovecycling.com\/es\/\",\"name\":\"\u0160koda We Love Cycling - Spain\",\"description\":\"\u0160koda WeLoveCycling Spain\",\"potentialAction\":[{\"@type\":\"SearchAction\",\"target\":{\"@type\":\"EntryPoint\",\"urlTemplate\":\"https:\/\/www.welovecycling.com\/es\/?s={search_term_string}\"},\"query-input\":{\"@type\":\"PropertyValueSpecification\",\"valueRequired\":true,\"valueName\":\"search_term_string\"}}],\"inLanguage\":\"es-ES\"}]}<\/script>\n<!-- \/ Yoast SEO Premium plugin. -->","yoast_head_json":{"title":"Informaci\u00f3n sobre el tratamiento de datos personales (concurso) - \u0160koda We Love Cycling - Spain","robots":{"index":"index","follow":"follow","max-snippet":"max-snippet:-1","max-image-preview":"max-image-preview:large","max-video-preview":"max-video-preview:-1"},"canonical":"https:\/\/www.welovecycling.com\/es\/docs\/contest-memorandum\/","og_locale":"es_ES","og_type":"article","og_title":"Informaci\u00f3n sobre el tratamiento de datos personales (concurso)","og_description":"Mediante este documento ofrecemos, en calidad de responsables del tratamiento de datos personales \u2013sociedad \u0160koda AUTO a.s., t\u0159. V\u00e1clava Klementa [&hellip;]","og_url":"https:\/\/www.welovecycling.com\/es\/docs\/contest-memorandum\/","og_site_name":"\u0160koda We Love Cycling - Spain","article_modified_time":"2018-07-06T15:14:45+00:00","twitter_card":"summary_large_image","twitter_misc":{"Est. reading time":"3 minutes"},"schema":{"@context":"https:\/\/schema.org","@graph":[{"@type":"WebPage","@id":"https:\/\/www.welovecycling.com\/es\/docs\/contest-memorandum\/","url":"https:\/\/www.welovecycling.com\/es\/docs\/contest-memorandum\/","name":"Informaci\u00f3n sobre el tratamiento de datos personales (concurso) - \u0160koda We Love Cycling - Spain","isPartOf":{"@id":"https:\/\/www.welovecycling.com\/es\/#website"},"datePublished":"2018-05-24T06:16:21+00:00","dateModified":"2018-07-06T15:14:45+00:00","breadcrumb":{"@id":"https:\/\/www.welovecycling.com\/es\/docs\/contest-memorandum\/#breadcrumb"},"inLanguage":"es-ES","potentialAction":[{"@type":"ReadAction","target":["https:\/\/www.welovecycling.com\/es\/docs\/contest-memorandum\/"]}]},{"@type":"BreadcrumbList","@id":"https:\/\/www.welovecycling.com\/es\/docs\/contest-memorandum\/#breadcrumb","itemListElement":[{"@type":"ListItem","position":1,"name":"Home","item":"https:\/\/www.welovecycling.com\/es\/"},{"@type":"ListItem","position":2,"name":"Documents","item":"https:\/\/www.welovecycling.com\/es\/docs\/"},{"@type":"ListItem","position":3,"name":"Informaci\u00f3n sobre el tratamiento de datos personales (concurso)"}]},{"@type":"WebSite","@id":"https:\/\/www.welovecycling.com\/es\/#website","url":"https:\/\/www.welovecycling.com\/es\/","name":"\u0160koda We Love Cycling - Spain","description":"\u0160koda WeLoveCycling Spain","potentialAction":[{"@type":"SearchAction","target":{"@type":"EntryPoint","urlTemplate":"https:\/\/www.welovecycling.com\/es\/?s={search_term_string}"},"query-input":{"@type":"PropertyValueSpecification","valueRequired":true,"valueName":"search_term_string"}}],"inLanguage":"es-ES"}]}},"_links":{"self":[{"href":"https:\/\/www.welovecycling.com\/es\/wp-json\/wp\/v2\/pages\/2773","targetHints":{"allow":["GET"]}}],"collection":[{"href":"https:\/\/www.welovecycling.com\/es\/wp-json\/wp\/v2\/pages"}],"about":[{"href":"https:\/\/www.welovecycling.com\/es\/wp-json\/wp\/v2\/types\/page"}],"author":[{"embeddable":true,"href":"https:\/\/www.welovecycling.com\/es\/wp-json\/wp\/v2\/users\/1"}],"replies":[{"embeddable":true,"href":"https:\/\/www.welovecycling.com\/es\/wp-json\/wp\/v2\/comments?post=2773"}],"version-history":[{"count":2,"href":"https:\/\/www.welovecycling.com\/es\/wp-json\/wp\/v2\/pages\/2773\/revisions"}],"predecessor-version":[{"id":3021,"href":"https:\/\/www.welovecycling.com\/es\/wp-json\/wp\/v2\/pages\/2773\/revisions\/3021"}],"up":[{"embeddable":true,"href":"https:\/\/www.welovecycling.com\/es\/wp-json\/wp\/v2\/pages\/2771"}],"wp:attachment":[{"href":"https:\/\/www.welovecycling.com\/es\/wp-json\/wp\/v2\/media?parent=2773"}],"wp:term":[{"taxonomy":"post_tag","embeddable":true,"href":"https:\/\/www.welovecycling.com\/es\/wp-json\/wp\/v2\/tags?post=2773"}],"curies":[{"name":"wp","href":"https:\/\/api.w.org\/{rel}","templated":true}]}}