{"id":10952,"date":"2024-06-26T10:56:47","date_gmt":"2024-06-26T08:56:47","guid":{"rendered":"https:\/\/www.welovecycling.com\/es\/?page_id=10952"},"modified":"2024-06-26T10:56:47","modified_gmt":"2024-06-26T08:56:47","slug":"terms-and-conditions-whatsyourtour","status":"publish","type":"page","link":"https:\/\/www.welovecycling.com\/es\/tour-de-france-2024\/terms-and-conditions-whatsyourtour\/","title":{"rendered":"Terms And Conditions &#8211; whatsyourtour"},"content":{"rendered":"<p>Estas reglas rigen los t\u00e9rminos del \u201c#whatsyourtour Contest\u201d (denominado en lo sucesivo el \u201cConcurso\u201d) y son el \u00fanico documento que reglamenta de manera integral y obligatoria las normas de este concurso.<\/p>\n<h4><b>1. Organizador y anfitri\u00f3n del concurso<\/b><\/h4>\n<p>El anfitri\u00f3n del Concurso es \u0160koda Auto a.s., una sociedad an\u00f3nima con domicilio social en at t\u0159. V\u00e1clava Klementa 869, 293 01 Mlad\u00e1 Boleslav, Rep\u00fablica Checa, n\u00famero de identificaci\u00f3n fiscal de la compa\u00f1\u00eda 00177041, registrada en el registro Mercantil del Tribunal Metropolitano de Praga, secci\u00f3n B, expediente n\u00famero 332 (denominado en lo sucesivo el \u201cAnfitri\u00f3n\u201d).<\/p>\n<p>El organizador del Concurso, que est\u00e1 a cargo de los aspectos pr\u00e1cticos de la organizaci\u00f3n, es MUSTARD s.r.o., con domicilio social en Praha 1 \u2013 Nov\u00e9 M\u011bsto, Masarykovo n\u00e1b\u0159. 246, 110 00, Rep\u00fablica Checa, n\u00famero de identificaci\u00f3n fiscal 28531418, registrado en el registro Mercantil del Tribunal Metropolitano de Praga, secci\u00f3n C, inscripci\u00f3n 148383.<br \/>\n(denominado en lo sucesivo el \u201cOrganizador\u201d).<\/p>\n<ol start=\"2\">\n<li><b> Duraci\u00f3n y plataforma del Concurso<\/b><\/li>\n<\/ol>\n<p>El Concurso se llevar\u00e1 a cabo desde la 00:01 (CET) 26.06. 2024 hasta las 23:59 (CET) 06.07. 2024. El Concurso se realizar\u00e1 en las cuentas de Instagram, Facebook y YouTube de <i>We Love Cycling<\/i>, en lo sucesivo las \u201cPlataformas del Concurso\u201d, que son la principal v\u00eda de comunicaci\u00f3n con los participantes.<\/p>\n<h4><b>3. Participantes del Concurso<\/b><\/h4>\n<p>Cualquier persona mayor de 18 a\u00f1os y que resida en alguno de los pa\u00edses en donde se lleva a cabo el Concurso podr\u00e1 participar en este. El Concurso se lleva a cabo en estos pa\u00edses: ANDORRA, AUSTRIA, B\u00c9LGICA, BOSNIA, BULGARIA, CROACIA, REP\u00daBLICA CHECA, DINAMARCA, ESTONIA, FINLANDIA, FRANCIA, ALEMANIA, GRAN BRETA\u00d1A, ITALIA, LETONIA, LIECHTENSTEIN, LITUANIA, LUXEMBURGO, MONTENEGRO, PA\u00cdSES BAJOS, NORUEGA, POLONIA, PORTUGAL, RUMANIA, SERBIA, ESLOVAQUIA, ESLOVENIA, ESPA\u00d1A, SUECIA, SUIZA.<\/p>\n<p>Todas las personas que participaron en la preparaci\u00f3n de este Concurso, en especial las personas empleadas o bajo alg\u00fan tipo de relaci\u00f3n similar con el Anfitri\u00f3n o el Organizador, no podr\u00e1n participar en el Concurso, como tampoco aquellas personas con una relaci\u00f3n similar con el socio autorizado \u0160koda o con las agencias a quienes se les confi\u00f3 la organizaci\u00f3n de este Concurso, sus familiares y personas allegadas.<\/p>\n<h4><b>4. Mecanismo del Concurso, evaluaci\u00f3n de los ganadores<\/b><\/h4>\n<p>Los participantes participar\u00e1n en el Concurso agregando un hashtag espec\u00edfico al pie de las publicaciones existentes o recientemente publicadas en Instagram. Es clave que los participantes sean los propietarios del contenido; las publicaciones deber\u00e1n hacerse desde sus cuentas. Tenga en cuenta que las Historias de Instagram no participan en este Concurso. Una vez terminado el plazo del Concurso, los miembros del equipo de <i>We Love Cycling<\/i> elegir\u00e1n a las mejores presentaciones seg\u00fan la calidad de su contenido. Los criterios de calificaci\u00f3n incluir\u00e1n la creatividad, la relevancia del tema del Concurso y el atractivo visual en general. Notificaremos a los ganadores seleccionados mediante Mensaje Directo de Instagram (DM), mensaje en Facebook o por correo electr\u00f3nico (si se incluy\u00f3 en YouTube) para informarles que ganaron y los pasos a seguir para reclamar sus premios. Si el ganador no responde o no provee informaci\u00f3n de contacto dentro de las 48 horas del env\u00edo del mensaje, el premio expirar\u00e1 sin compensaci\u00f3n alguna.<\/p>\n<p>&nbsp;<\/p>\n<h4><b>5. Descripci\u00f3n de los premios<\/b><\/h4>\n<p>1x programa de hospitalidad \u0160koda para el Tour de Francia 2024<\/p>\n<h2><b>6. Informaci\u00f3n sobre el tratamiento de datos personales<\/b><\/h2>\n<p>El Anfitri\u00f3n, como controlador de datos personales en virtud del Reglamento general de protecci\u00f3n de datos (Reglamento (UE) 2016\/679), le proporciona informaci\u00f3n sobre el tratamiento de datos personales y sobre los derechos que usted tiene en relaci\u00f3n con dicho tratamiento.<\/p>\n<p>El tratamiento se lleva a cabo dentro del marco de la siguiente actividad:<\/p>\n<p>&#8211; Organizaci\u00f3n de competencias y garant\u00eda de una votaci\u00f3n justa en una competencia de votos<\/p>\n<p>Base legal del tratamiento: nos comprometemos a tratar sus datos personales sobre la base de la celebraci\u00f3n de un contrato (estas Reglas del Concurso).<\/p>\n<p>Categor\u00edas de datos personales que procesamos: Datos de identificaci\u00f3n, informaci\u00f3n de contacto, informaci\u00f3n sobre comunicaci\u00f3n mutua e interacci\u00f3n.<\/p>\n<p>Per\u00edodo de tratamiento: procesamos sus datos personales un a\u00f1o despu\u00e9s de terminado el Concurso.<\/p>\n<p>Categor\u00edas de procesadores o destinatarios a los que podemos proporcionarles datos personales: El procesador de datos personales es MUSTARD s.r.o., domicilio social Praha 1 \u2013 Nov\u00e9 M\u011bsto, Masarykovo n\u00e1b\u0159. 246, 110 00, Rep\u00fablica Checa, n\u00famero de identificaci\u00f3n fiscal 28531418, registrada en el registro Mercantil del Tribunal Metropolitano de Praga, secci\u00f3n C, inscripci\u00f3n 148383 (Organizador). Sus datos personales pueden, bajo solicitud, proporcionarse a las autoridades p\u00fablicas, especialmente a los tribunales, a la polic\u00eda de la Rep\u00fablica Checa y a otras autoridades de seguridad hasta el punto necesario y seg\u00fan la legislaci\u00f3n vigente.<\/p>\n<p>Origen de los datos personales: Recibimos los datos personales directamente de usted.<\/p>\n<p>Transferencia de datos personales a terceros pa\u00edses o compa\u00f1\u00edas multinacionales: como parte del tratamiento anteriormente mencionado, sus datos personales no se transferir\u00e1n a terceros pa\u00edses o empresas multinacionales.<\/p>\n<p>Toma de decisiones automatizadas basadas en los datos personales: Durante el tratamiento de estos datos personales no se toman decisiones de forma automatizada a partir de los datos personales.<\/p>\n<p>Otra informaci\u00f3n: Los datos personales se pueden archivar por inter\u00e9s p\u00fablico y utilizarse en investigaciones cient\u00edficas, hist\u00f3ricas o estad\u00edsticas. En casos justificados, los datos personales tambi\u00e9n pueden procesarse para resolver cuestiones jur\u00eddicas, lo que incluye el cumplimiento de obligaciones con la Administraci\u00f3n P\u00fablica y la supervisi\u00f3n y la evaluaci\u00f3n continua de los riesgos legales.<\/p>\n<p>El tratamiento de datos personales le confiere los siguientes derechos: acceso a los datos personales procesados, correcci\u00f3n de datos inexactos o incorrectos o llenado de datos incompletos, eliminaci\u00f3n de datos personales ante la rescisi\u00f3n del objeto del contrato o tratamiento no autorizado, restricci\u00f3n o bloqueo del tratamiento de datos personales, listado de datos personales en un formato estructurado y legible por m\u00e1quina para usted o para otro administrador. No est\u00e1 sujeto a la toma de decisiones de forma automatizada.<\/p>\n<p>Para ejercer sus derechos, use los siguientes canales de comunicaci\u00f3n:<\/p>\n<p>&#8211; De forma electr\u00f3nica en: https:\/\/www.skoda-auto.com\/data-privacy<\/p>\n<p>&#8211; Por correo postal: \u0160koda Auto a.s., Oficina de protecci\u00f3n de datos, t\u0159. V\u00e1clava Klementa 869, Mlad\u00e1 Boleslav II, CZ 293 01 Mlad\u00e1 Boleslav, Czech Republic (en ingl\u00e9s o checo).<\/p>\n<p>En relaci\u00f3n con el ejercicio de sus derechos, \u0160koda Auto puede cargar una tarifa razonable teniendo en cuenta los costes administrativos del procesamiento cuando los requisitos de un sujeto de datos parezcan no tener fundamento o ser excesivos.<\/p>\n<p>Si tiene alguna pregunta sobre la protecci\u00f3n de datos personales, puede comunicarse con el Funcionario a cargo de la protecci\u00f3n de datos de car\u00e1cter personal de \u0160koda Auto:<\/p>\n<p>&#8211; dpo@skoda-auto.cz<\/p>\n<p>Si no est\u00e1 de acuerdo con la forma en la que tratamos sus datos personales, puede presentar una queja al Funcionario a cargo de la protecci\u00f3n de datos personales de \u0160koda Auto o ante la autoridad de supervisi\u00f3n para proteger sus derechos. Office for Personal Data Protection, Pplk. Sochora 27, 170 00 Praha 7, +420 234 665 111, <a href=\"https:\/\/www.uoou.cz\/en\">https:\/\/www.uoou.cz\/en<\/a><\/p>\n<h4><b>7. Adquisici\u00f3n y uso de grabaciones<\/b><\/h4>\n<p>Despu\u00e9s de convertirse en ganadores, los participantes pueden otorgarle al Anfitri\u00f3n el consentimiento para obtener y usar sus retratos, declaraciones escritas, fotos y grabaciones de audio y v\u00eddeo relacionadas con el participante o cualquier expresi\u00f3n de naturaleza personal con fines comerciales en todos los medios de comunicaci\u00f3n, sin limitaci\u00f3n de material, tiempo, cantidad o territorio. Este consentimiento se otorga al Anfitri\u00f3n sin cargo alguno y es revocable en cualquier momento. Tambi\u00e9n se aplica a terceros a quienes el Anfitri\u00f3n pueda otorgarle estas grabaciones.<\/p>\n<p>&nbsp;<\/p>\n<h4><b>8. Otras condiciones importantes<\/b><\/h4>\n<p>El Anfitri\u00f3n determinar\u00e1 exclusivamente las especificaciones exactas de los premios. La exhibici\u00f3n de los premios en materiales de promoci\u00f3n es a modo ilustrativo. El Anfitri\u00f3n no ser\u00e1 responsable de ning\u00fan da\u00f1o causado al participante como resultado del uso que haga del premio.<\/p>\n<p>Los participantes no tienen derecho a reclamar dinero u otro tipo de compensaci\u00f3n en reemplazo del premio. El Anfitri\u00f3n tampoco est\u00e1 obligado a compensar a los participantes del Concurso y estos no tendr\u00e1n derecho a ninguna compensaci\u00f3n por parte del Anfitri\u00f3n excepto por lo expresamente especificado en este.<\/p>\n<p>El Anfitri\u00f3n no es responsable de ning\u00fan da\u00f1o directo o indirecto en relaci\u00f3n con la participaci\u00f3n en la competencia. El participante no asume la responsabilidad del Anfitri\u00f3n por los riesgos y p\u00e9rdidas asociados con el premio. Los resultados del Concurso son finales, sin que el participante tenga la posibilidad de apelar por el desarrollo y el resultado del Concurso.<\/p>\n<p>Se puede excluir a un participante del Concurso si el Anfitri\u00f3n descubre o tiene sospechas razonables de que este u otras personas le ayudaron a cometer alg\u00fan fraude para recibir los premios o tuvieron conductas improcedentes o que no se basaron en el conocimiento del participante en virtud de las reglas.<\/p>\n<p>El Anfitri\u00f3n no ser\u00e1 responsable si no se entregan los mensajes o los premios. El Anfitri\u00f3n no ser\u00e1 responsable de alg\u00fan error que resulte de problemas t\u00e9cnicos o de comunicaci\u00f3n. El Anfitri\u00f3n decidir\u00e1 con validez definitiva sobre cualquier reclamaci\u00f3n u objeci\u00f3n presentada. El Anfitri\u00f3n se reserva el derecho, sin que se le exija retribuci\u00f3n alguna, a acortar, posponer, suspender o cancelar el evento y los premios o a agregar o modificar estas reglas de manera unilateral durante el evento. Notificar\u00e1 dichas modificaciones en el sitio web especificado arriba, donde tambi\u00e9n se puede encontrar el texto completo de las reglas.<\/p>\n<p>Este Concurso no es realizado, patrocinado ni est\u00e1 asociado con Meta o Google. Meta y Google no son responsables del Concurso. Las preguntas, comentarios o reclamaciones sobre la aplicaci\u00f3n se deben dirigir al Anfitri\u00f3n, no a Meta ni a Google.<\/p>\n<p>Este Concurso se rige por las leyes de la Rep\u00fablica Checa.<\/p>\n","protected":false},"excerpt":{"rendered":"<p>Estas reglas rigen los t\u00e9rminos del \u201c#whatsyourtour Contest\u201d (denominado en lo sucesivo el \u201cConcurso\u201d) y son el \u00fanico documento que [&hellip;]<\/p>\n","protected":false},"author":171,"featured_media":0,"parent":10910,"menu_order":0,"comment_status":"closed","ping_status":"closed","template":"templates\/template-empty-page-headline.php","meta":{"footnotes":""},"tags":[],"class_list":["post-10952","page","type-page","status-publish","hentry"],"yoast_head":"<!-- This site is optimized with the Yoast SEO Premium plugin v25.3 (Yoast SEO v25.9) - https:\/\/yoast.com\/wordpress\/plugins\/seo\/ -->\n<title>Terms And Conditions - whatsyourtour - \u0160koda We Love Cycling - Spain<\/title>\n<meta name=\"robots\" content=\"index, follow, max-snippet:-1, max-image-preview:large, max-video-preview:-1\" \/>\n<link rel=\"canonical\" href=\"https:\/\/www.welovecycling.com\/es\/tour-de-france-2024\/terms-and-conditions-whatsyourtour\/\" \/>\n<meta property=\"og:locale\" content=\"es_ES\" \/>\n<meta property=\"og:type\" content=\"article\" \/>\n<meta property=\"og:title\" content=\"Terms And Conditions - whatsyourtour\" \/>\n<meta property=\"og:description\" content=\"Estas reglas rigen los t\u00e9rminos del \u201c#whatsyourtour Contest\u201d (denominado en lo sucesivo el \u201cConcurso\u201d) y son el \u00fanico documento que [&hellip;]\" \/>\n<meta property=\"og:url\" content=\"https:\/\/www.welovecycling.com\/es\/tour-de-france-2024\/terms-and-conditions-whatsyourtour\/\" \/>\n<meta property=\"og:site_name\" content=\"\u0160koda We Love Cycling - Spain\" \/>\n<meta name=\"twitter:card\" content=\"summary_large_image\" \/>\n<meta name=\"twitter:label1\" content=\"Est. reading time\" \/>\n\t<meta name=\"twitter:data1\" content=\"8 minutes\" \/>\n<script type=\"application\/ld+json\" class=\"yoast-schema-graph\">{\"@context\":\"https:\/\/schema.org\",\"@graph\":[{\"@type\":\"WebPage\",\"@id\":\"https:\/\/www.welovecycling.com\/es\/tour-de-france-2024\/terms-and-conditions-whatsyourtour\/\",\"url\":\"https:\/\/www.welovecycling.com\/es\/tour-de-france-2024\/terms-and-conditions-whatsyourtour\/\",\"name\":\"Terms And Conditions - whatsyourtour - \u0160koda We Love Cycling - Spain\",\"isPartOf\":{\"@id\":\"https:\/\/www.welovecycling.com\/es\/#website\"},\"datePublished\":\"2024-06-26T08:56:47+00:00\",\"breadcrumb\":{\"@id\":\"https:\/\/www.welovecycling.com\/es\/tour-de-france-2024\/terms-and-conditions-whatsyourtour\/#breadcrumb\"},\"inLanguage\":\"es-ES\",\"potentialAction\":[{\"@type\":\"ReadAction\",\"target\":[\"https:\/\/www.welovecycling.com\/es\/tour-de-france-2024\/terms-and-conditions-whatsyourtour\/\"]}]},{\"@type\":\"BreadcrumbList\",\"@id\":\"https:\/\/www.welovecycling.com\/es\/tour-de-france-2024\/terms-and-conditions-whatsyourtour\/#breadcrumb\",\"itemListElement\":[{\"@type\":\"ListItem\",\"position\":1,\"name\":\"Home\",\"item\":\"https:\/\/www.welovecycling.com\/es\/\"},{\"@type\":\"ListItem\",\"position\":2,\"name\":\"Tour de France 2024\",\"item\":\"https:\/\/www.welovecycling.com\/es\/?page_id=10910\"},{\"@type\":\"ListItem\",\"position\":3,\"name\":\"Terms And Conditions &#8211; whatsyourtour\"}]},{\"@type\":\"WebSite\",\"@id\":\"https:\/\/www.welovecycling.com\/es\/#website\",\"url\":\"https:\/\/www.welovecycling.com\/es\/\",\"name\":\"\u0160koda We Love Cycling - Spain\",\"description\":\"\u0160koda WeLoveCycling Spain\",\"potentialAction\":[{\"@type\":\"SearchAction\",\"target\":{\"@type\":\"EntryPoint\",\"urlTemplate\":\"https:\/\/www.welovecycling.com\/es\/?s={search_term_string}\"},\"query-input\":{\"@type\":\"PropertyValueSpecification\",\"valueRequired\":true,\"valueName\":\"search_term_string\"}}],\"inLanguage\":\"es-ES\"}]}<\/script>\n<!-- \/ Yoast SEO Premium plugin. -->","yoast_head_json":{"title":"Terms And Conditions - whatsyourtour - \u0160koda We Love Cycling - Spain","robots":{"index":"index","follow":"follow","max-snippet":"max-snippet:-1","max-image-preview":"max-image-preview:large","max-video-preview":"max-video-preview:-1"},"canonical":"https:\/\/www.welovecycling.com\/es\/tour-de-france-2024\/terms-and-conditions-whatsyourtour\/","og_locale":"es_ES","og_type":"article","og_title":"Terms And Conditions - whatsyourtour","og_description":"Estas reglas rigen los t\u00e9rminos del \u201c#whatsyourtour Contest\u201d (denominado en lo sucesivo el \u201cConcurso\u201d) y son el \u00fanico documento que [&hellip;]","og_url":"https:\/\/www.welovecycling.com\/es\/tour-de-france-2024\/terms-and-conditions-whatsyourtour\/","og_site_name":"\u0160koda We Love Cycling - Spain","twitter_card":"summary_large_image","twitter_misc":{"Est. reading time":"8 minutes"},"schema":{"@context":"https:\/\/schema.org","@graph":[{"@type":"WebPage","@id":"https:\/\/www.welovecycling.com\/es\/tour-de-france-2024\/terms-and-conditions-whatsyourtour\/","url":"https:\/\/www.welovecycling.com\/es\/tour-de-france-2024\/terms-and-conditions-whatsyourtour\/","name":"Terms And Conditions - whatsyourtour - \u0160koda We Love Cycling - Spain","isPartOf":{"@id":"https:\/\/www.welovecycling.com\/es\/#website"},"datePublished":"2024-06-26T08:56:47+00:00","breadcrumb":{"@id":"https:\/\/www.welovecycling.com\/es\/tour-de-france-2024\/terms-and-conditions-whatsyourtour\/#breadcrumb"},"inLanguage":"es-ES","potentialAction":[{"@type":"ReadAction","target":["https:\/\/www.welovecycling.com\/es\/tour-de-france-2024\/terms-and-conditions-whatsyourtour\/"]}]},{"@type":"BreadcrumbList","@id":"https:\/\/www.welovecycling.com\/es\/tour-de-france-2024\/terms-and-conditions-whatsyourtour\/#breadcrumb","itemListElement":[{"@type":"ListItem","position":1,"name":"Home","item":"https:\/\/www.welovecycling.com\/es\/"},{"@type":"ListItem","position":2,"name":"Tour de France 2024","item":"https:\/\/www.welovecycling.com\/es\/?page_id=10910"},{"@type":"ListItem","position":3,"name":"Terms And Conditions &#8211; whatsyourtour"}]},{"@type":"WebSite","@id":"https:\/\/www.welovecycling.com\/es\/#website","url":"https:\/\/www.welovecycling.com\/es\/","name":"\u0160koda We Love Cycling - Spain","description":"\u0160koda WeLoveCycling Spain","potentialAction":[{"@type":"SearchAction","target":{"@type":"EntryPoint","urlTemplate":"https:\/\/www.welovecycling.com\/es\/?s={search_term_string}"},"query-input":{"@type":"PropertyValueSpecification","valueRequired":true,"valueName":"search_term_string"}}],"inLanguage":"es-ES"}]}},"_links":{"self":[{"href":"https:\/\/www.welovecycling.com\/es\/wp-json\/wp\/v2\/pages\/10952","targetHints":{"allow":["GET"]}}],"collection":[{"href":"https:\/\/www.welovecycling.com\/es\/wp-json\/wp\/v2\/pages"}],"about":[{"href":"https:\/\/www.welovecycling.com\/es\/wp-json\/wp\/v2\/types\/page"}],"author":[{"embeddable":true,"href":"https:\/\/www.welovecycling.com\/es\/wp-json\/wp\/v2\/users\/171"}],"replies":[{"embeddable":true,"href":"https:\/\/www.welovecycling.com\/es\/wp-json\/wp\/v2\/comments?post=10952"}],"version-history":[{"count":1,"href":"https:\/\/www.welovecycling.com\/es\/wp-json\/wp\/v2\/pages\/10952\/revisions"}],"predecessor-version":[{"id":10953,"href":"https:\/\/www.welovecycling.com\/es\/wp-json\/wp\/v2\/pages\/10952\/revisions\/10953"}],"up":[{"embeddable":true,"href":"https:\/\/www.welovecycling.com\/es\/wp-json\/wp\/v2\/pages\/10910"}],"wp:attachment":[{"href":"https:\/\/www.welovecycling.com\/es\/wp-json\/wp\/v2\/media?parent=10952"}],"wp:term":[{"taxonomy":"post_tag","embeddable":true,"href":"https:\/\/www.welovecycling.com\/es\/wp-json\/wp\/v2\/tags?post=10952"}],"curies":[{"name":"wp","href":"https:\/\/api.w.org\/{rel}","templated":true}]}}