{"id":10912,"date":"2024-06-19T13:10:57","date_gmt":"2024-06-19T11:10:57","guid":{"rendered":"https:\/\/www.welovecycling.com\/es\/?page_id=10912"},"modified":"2024-06-28T10:43:44","modified_gmt":"2024-06-28T08:43:44","slug":"terms-and-conditions","status":"publish","type":"page","link":"https:\/\/www.welovecycling.com\/es\/tour-de-france-2024\/terms-and-conditions\/","title":{"rendered":"Terms And Conditions"},"content":{"rendered":"<p><span style=\"font-weight: 400;\">Estas reglas rigen los t\u00e9rminos del \u201cConcurso TDF 2024\u201d (denominado en lo sucesivo el \u201cConcurso\u201d) y son el \u00fanico documento que reglamenta de manera integral y obligatoria las normas de este concurso.<\/span><\/p>\n<h4><b>1. Organizador y anfitri\u00f3n del concurso<\/b><\/h4>\n<p><span style=\"font-weight: 400;\">El anfitri\u00f3n del Concurso es \u0160koda Auto a.s., una sociedad an\u00f3nima con domicilio social en at t\u0159. V\u00e1clava Klementa 869, 293 01 Mlad\u00e1 Boleslav, Rep\u00fablica Checa, n\u00famero de identificaci\u00f3n fiscal de la compa\u00f1\u00eda 00177041, registrada en el registro Mercantil del Tribunal Metropolitano de Praga, secci\u00f3n B, expediente n\u00famero 332 (denominado en lo sucesivo el \u201cAnfitri\u00f3n\u201d).<\/span><\/p>\n<p><span style=\"font-weight: 400;\">El organizador del Concurso, que est\u00e1 a cargo de los pasos pr\u00e1cticos de la organizaci\u00f3n, es MUSTARD s.r.o., con domicilio social en Praha 1 \u2013 Nov\u00e9 M\u011bsto, Masarykovo n\u00e1b\u0159. 246, 110 00, Rep\u00fablica Checa, n\u00famero de identificaci\u00f3n fiscal 28531418, registrado en el registro Mercantil del Tribunal Metropolitano de Praga, secci\u00f3n C, inscripci\u00f3n 148383.<\/span><span style=\"font-weight: 400;\"><br \/>\n<\/span><span style=\"font-weight: 400;\">(denominado en lo sucesivo el \u201cOrganizador\u201d).<\/span><\/p>\n<h4><b>2. T\u00e9rminos y lugar del Concurso, turnos del Concurso<\/b><\/h4>\n<ul>\n<li style=\"font-weight: 400;\" aria-level=\"1\"><span style=\"font-weight: 400;\">1.<\/span><span style=\"font-weight: 400;\">er<\/span><span style=\"font-weight: 400;\"> turno del concurso \u2013 desde las 00:01 (CET) 29.06. 2024 hasta las 23:59 (CET) 05.07. 2024<\/span><\/li>\n<li style=\"font-weight: 400;\" aria-level=\"1\"><span style=\"font-weight: 400;\">2.<\/span><span style=\"font-weight: 400;\">do<\/span><span style=\"font-weight: 400;\"> turno del concurso \u2013 desde las 00:01 (CET) 06.07. 2024 hasta las 23:59 (CET) 12.07. 2024<\/span><\/li>\n<li style=\"font-weight: 400;\" aria-level=\"1\"><span style=\"font-weight: 400;\">3.<\/span><span style=\"font-weight: 400;\">er<\/span><span style=\"font-weight: 400;\"> turno del concurso \u2013 desde las 00:01 (CET) 13.07. 2024 hasta las 23:59 (CET) 21.07. 2024<\/span><\/li>\n<li style=\"font-weight: 400;\" aria-level=\"1\"><span style=\"font-weight: 400;\">4.<\/span><span style=\"font-weight: 400;\">to<\/span><span style=\"font-weight: 400;\"> turno del concurso \u2013 desde las 00:01 (CET) 12.08. 2024 hasta las 23:59 (CET) 18.08. 2024<\/span><\/li>\n<\/ul>\n<p><span style=\"font-weight: 400;\">El Concurso se realizar\u00e1 en el sitio web www.welovecycling.com (en lo sucesivo el \u201csitio web del Concurso\u201d), que es la principal v\u00eda de comunicaci\u00f3n con los participantes.<\/span><\/p>\n<h4><b>3. Participantes del Concurso<\/b><\/h4>\n<p><span style=\"font-weight: 400;\">Cualquier persona mayor de 18 a\u00f1os que resida en alguno de los pa\u00edses en donde se lleva a cabo el Concurso podr\u00e1 participar en este. El Concurso se lleva a cabo en estos pa\u00edses: ANDORRA, AUSTRIA, B\u00c9LGICA, BOSNIA, BULGARIA, CROACIA, REP\u00daBLICA CHECA, DINAMARCA, ESTONIA, FINLANDIA, FRANCIA, ALEMANIA, GRAN BRETA\u00d1A, ITALIA, LETONIA, LIECHTENSTEIN, LITUANIA, LUXEMBURGO, MONTENEGRO, PA\u00cdSES BAJOS, NORUEGA, POLONIA, PORTUGAL, RUMANIA, SERBIA, ESLOVAQUIA, ESLOVENIA, ESPA\u00d1A, SUECIA, SUIZA.<\/span><\/p>\n<p><span style=\"font-weight: 400;\">Para participar en el Concurso es necesario registrarse en el sitio web en cualquier momento durante el plazo del Concurso y confirmar la aceptaci\u00f3n de estas reglas. Una parte del registro (el formulario de inscripci\u00f3n) incluye datos personales, como el correo electr\u00f3nico que se usar\u00e1 solo a los fines de este Concurso.<\/span><\/p>\n<p><span style=\"font-weight: 400;\">Cada participante se podr\u00e1 registrar solo una vez y con su correo electr\u00f3nico \u00fanicamente, mientras que el Anfitri\u00f3n del Concurso se reserva el derecho a verificar esta regla tanto por medios t\u00e9cnicos como organizativos.<\/span><\/p>\n<p><span style=\"font-weight: 400;\">Todas las personas que participaron en la preparaci\u00f3n de este Concurso, en especial las personas empleadas o bajo alg\u00fan tipo de relaci\u00f3n similar con el Anfitri\u00f3n o el Organizador, no podr\u00e1n participar en el Concurso, como tampoco aquellas personas con una relaci\u00f3n similar con el socio autorizado \u0160koda o con las agencias a quienes se les confi\u00f3 la organizaci\u00f3n de este Concurso, sus familiares y personas allegadas.<\/span><\/p>\n<h4><b>4. Mecanismo del Concurso, evaluaci\u00f3n de los ganadores<\/b><\/h4>\n<p><span style=\"font-weight: 400;\">Cada participante deber\u00e1 responder a tres preguntas. Todos los participantes que respondan correctamente las tres preguntas y se registren en el sitio web <\/span><i><span style=\"font-weight: 400;\">We Love Cycling<\/span><\/i><span style=\"font-weight: 400;\">, pueden ganar.<\/span><\/p>\n<p><span style=\"font-weight: 400;\">En el 1.<\/span><span style=\"font-weight: 400;\">er<\/span><span style=\"font-weight: 400;\"> turno del Concurso, los premios los ganar\u00e1n aquellos participantes que entreguen todas las respuestas correctas en las posiciones 1\/11, 2\/11, 3\/11, 4\/11, 5\/11, 6\/11 y 7\/11 de la lista de todos los participantes. Si la cantidad de participantes no se puede dividir por 11, el n\u00famero resultante se redondear\u00e1 hasta llegar al n\u00famero entero m\u00e1s cercano divisible por 11.<\/span><\/p>\n<p><span style=\"font-weight: 400;\">En el 2.<\/span><span style=\"font-weight: 400;\">do<\/span><span style=\"font-weight: 400;\"> turno del Concurso, los premios los ganar\u00e1n aquellos participantes que entreguen todas las respuestas correctas en las posiciones 1\/11, 2\/11, 3\/11, 4\/11, 5\/11, 6\/11 y 7\/11 de la lista de todos los participantes. Si la cantidad de participantes no se puede dividir por 11, el n\u00famero resultante se redondear\u00e1 hasta llegar al n\u00famero entero m\u00e1s cercano divisible por 11.<\/span><\/p>\n<p><span style=\"font-weight: 400;\">En el 3.<\/span><span style=\"font-weight: 400;\">er<\/span><span style=\"font-weight: 400;\"> turno del Concurso, los premios los ganar\u00e1n aquellos participantes que entreguen todas las respuestas correctas en las posiciones 1\/11, 2\/11, 3\/11, 4\/11, 5\/11, 6\/11, 7\/11, 8\/11 y 9\/11 de la lista de todos los participantes. Si la cantidad de participantes no se puede dividir por 11, el n\u00famero resultante se redondear\u00e1 hasta llegar al n\u00famero entero m\u00e1s cercano divisible por 11.<\/span><\/p>\n<p><span style=\"font-weight: 400;\">En el 4.<\/span><span style=\"font-weight: 400;\">to<\/span><span style=\"font-weight: 400;\"> turno del Concurso, los premios los ganar\u00e1n aquellos participantes que entreguen todas las respuestas correctas en las posiciones 1\/11, 2\/11, 3\/11, 4\/11, 5\/11, 6\/11, 7\/11, 8\/11 y 9\/11 de la lista de todos los participantes. Si la cantidad de participantes no se puede dividir por 11, el n\u00famero resultante se redondear\u00e1 hasta llegar al n\u00famero entero m\u00e1s cercano divisible por 11.<\/span><\/p>\n<p><span style=\"font-weight: 400;\">La lista de participantes se ordenar\u00e1 cronol\u00f3gicamente seg\u00fan la hora en la que se entregaron las preguntas del concurso. Las primeras personas que se encuentren en las posiciones de la lista (como se menciona arriba) ser\u00e1n las ganadoras. Por ejemplo, en el Turno 1, en el caso de 7183 participantes, los ganadores se encontrar\u00e1n en las posiciones 653, 1306, 1959, (etc.).<\/span><\/p>\n<p><span style=\"font-weight: 400;\">El Anfitri\u00f3n del Concurso se comunicar\u00e1 con los ganadores a trav\u00e9s del correo electr\u00f3nico provisto en el proceso de registro dentro de los cinco d\u00edas despu\u00e9s del final del per\u00edodo apropiado del Concurso, y se les pedir\u00e1 a los ganadores que presenten los datos necesarios para la entrega o env\u00edo del premio o para futuras comunicaciones. Si el ganador no responde, a\u00fan a un correo electr\u00f3nico enviado varias veces por el Anfitri\u00f3n del Concurso o no env\u00eda los datos de contacto dentro de las 24 horas despu\u00e9s de enviado dicho correo electr\u00f3nico, su premio expirar\u00e1 sin ning\u00fan tipo de compensaci\u00f3n.<\/span><\/p>\n<h4><b>5. Descripci\u00f3n de los premios<\/b><\/h4>\n<p><span style=\"font-weight: 400;\">Turno 1<\/span><\/p>\n<ul>\n<li style=\"font-weight: 400;\" aria-level=\"1\"><span style=\"font-weight: 400;\">1x bicicleta de competici\u00f3n Cannondale SuperSix Evo 3<\/span><\/li>\n<li style=\"font-weight: 400;\" aria-level=\"1\"><span style=\"font-weight: 400;\">2x cascos POC PROCEN<\/span><\/li>\n<li style=\"font-weight: 400;\" aria-level=\"1\"><span style=\"font-weight: 400;\">5x camisetas \u0160koda Green Jersey<\/span><\/li>\n<\/ul>\n<p>&nbsp;<\/p>\n<p><span style=\"font-weight: 400;\">Turno 2<\/span><\/p>\n<ul>\n<li style=\"font-weight: 400;\" aria-level=\"1\"><span style=\"font-weight: 400;\">1x bicicleta Cannondale Topstone <\/span><span style=\"font-weight: 400;\">Carbon 2 Lefty<\/span><\/li>\n<li style=\"font-weight: 400;\" aria-level=\"1\"><span style=\"font-weight: 400;\">2x cascos POC PROCEN<\/span><\/li>\n<li style=\"font-weight: 400;\" aria-level=\"1\"><span style=\"font-weight: 400;\">5x camisetas \u0160koda Green Jersey<\/span><\/li>\n<\/ul>\n<p>&nbsp;<\/p>\n<p><span style=\"font-weight: 400;\">Turno 3<\/span><\/p>\n<ul>\n<li style=\"font-weight: 400;\" aria-level=\"1\"><span style=\"font-weight: 400;\">1x bicicleta de carbono Cannondale Scalpel <\/span><span style=\"font-weight: 400;\">HT Carbon 1<\/span><\/li>\n<li style=\"font-weight: 400;\" aria-level=\"1\"><span style=\"font-weight: 400;\">2x cascos POC Ventral Air MIPS<\/span><\/li>\n<li style=\"font-weight: 400;\" aria-level=\"1\"><span style=\"font-weight: 400;\">5x camisetas \u0160koda Green Jersey<\/span><\/li>\n<\/ul>\n<p>&nbsp;<\/p>\n<p><span style=\"font-weight: 400;\">Turno 4<\/span><\/p>\n<ul>\n<li style=\"font-weight: 400;\" aria-level=\"1\"><span style=\"font-weight: 400;\">1x bicicleta Cannondale Mavaro NEO 3<\/span><\/li>\n<li style=\"font-weight: 400;\" aria-level=\"1\"><span style=\"font-weight: 400;\">1X ciclocomputadora Wahoo Elemnt Roam<\/span><\/li>\n<li style=\"font-weight: 400;\" aria-level=\"1\"><span style=\"font-weight: 400;\">5x camisetas \u0160koda Green Jersey<\/span><\/li>\n<\/ul>\n<p>&nbsp;<\/p>\n<p><span style=\"font-weight: 400;\">Dada la posible demora en la disponibilidad de las piezas, la entrega de las bicicletas que forman parte de los premios puede tener una demora de hasta 8 meses. Esta demora se debe a factores que est\u00e1n fuera de nuestro control inmediato, como el suministro de los componentes que se requieren para su ensamblaje.<\/span><\/p>\n<h4><b>6. Informaci\u00f3n sobre el tratamiento de datos personales<\/b><\/h4>\n<p><span style=\"font-weight: 400;\">El Anfitri\u00f3n, como controlador de datos personales en virtud del Reglamento general de protecci\u00f3n de datos (Reglamento (UE) 2016\/679), le proporciona informaci\u00f3n sobre el tratamiento de datos personales y sobre los derechos que usted tiene en relaci\u00f3n con dicho tratamiento.<\/span><\/p>\n<p><span style=\"font-weight: 400;\">El tratamiento se lleva a cabo dentro del marco de la siguiente actividad:<\/span><\/p>\n<p><span style=\"font-weight: 400;\">&#8211; Organizaci\u00f3n de competencias y garant\u00eda de una votaci\u00f3n justa en una competencia de votos\u00a0<\/span><\/p>\n<p><span style=\"font-weight: 400;\">Base legal del tratamiento: nos comprometemos a tratar sus datos personales sobre la base de la celebraci\u00f3n de un contrato (estas Reglas del Concurso).<\/span><\/p>\n<p><span style=\"font-weight: 400;\">Categor\u00edas de datos personales que procesamos: Datos de identificaci\u00f3n, informaci\u00f3n de contacto, informaci\u00f3n sobre comunicaci\u00f3n mutua e interacci\u00f3n.<\/span><\/p>\n<p><span style=\"font-weight: 400;\">Per\u00edodo de tratamiento: procesamos sus datos personales hasta un a\u00f1o despu\u00e9s de terminado el Concurso.<\/span><\/p>\n<p><span style=\"font-weight: 400;\">Categor\u00edas de procesadores o destinatarios a los que podemos proporcionarles datos personales: El procesador de datos personales es MUSTARD s.r.o., domicilio social Praha 1 \u2013 Nov\u00e9 M\u011bsto, Masarykovo n\u00e1b\u0159. 246, 110 00, Rep\u00fablica Checa, n\u00famero de identificaci\u00f3n fiscal 28531418, registrada en el registro Mercantil del Tribunal Metropolitano de Praga, secci\u00f3n C, inscripci\u00f3n 148383 (Organizador). Sus datos personales pueden, bajo solicitud, proporcionarse a las autoridades p\u00fablicas, especialmente a los tribunales, a la polic\u00eda de la Rep\u00fablica Checa y a otras autoridades de seguridad hasta el punto necesario y seg\u00fan la legislaci\u00f3n vigente.<\/span><\/p>\n<p><span style=\"font-weight: 400;\">Origen de los datos personales: Recibimos los datos personales directamente de usted.<\/span><\/p>\n<p><span style=\"font-weight: 400;\">Transferencia de datos personales a terceros pa\u00edses o compa\u00f1\u00edas multinacionales: como parte del tratamiento mencionado anteriormente, sus datos personales no se transferir\u00e1n a terceros pa\u00edses o empresas multinacionales.<\/span><\/p>\n<p><span style=\"font-weight: 400;\">Toma de decisiones automatizadas basadas en los datos personales: durante el tratamiento de estos datos personales no se toman decisiones de forma automatizada a partir de los mismos.<\/span><\/p>\n<p><span style=\"font-weight: 400;\">Otra informaci\u00f3n: los datos personales se pueden archivar por inter\u00e9s p\u00fablico y utilizarse en investigaciones cient\u00edficas, hist\u00f3ricas o estad\u00edsticas. En casos justificados, los datos personales tambi\u00e9n pueden procesarse para resolver cuestiones jur\u00eddicas, lo que incluye el cumplimiento de obligaciones con la Administraci\u00f3n P\u00fablica y la supervisi\u00f3n y la evaluaci\u00f3n continua de los riesgos legales.<\/span><\/p>\n<p><span style=\"font-weight: 400;\">El tratamiento de datos personales le confiere los siguientes derechos: acceso a los datos personales procesados, correcci\u00f3n de datos inexactos o incorrectos o llenado de datos incompletos, eliminaci\u00f3n de datos personales ante la rescisi\u00f3n del objeto del contrato o tratamiento no autorizado, restricci\u00f3n o bloqueo del tratamiento de datos personales, listado de datos personales en un formato estructurado y legible por m\u00e1quina para usted o para otro administrador. No est\u00e1 sujeto a la toma de decisiones de forma automatizada.<\/span><\/p>\n<p><span style=\"font-weight: 400;\">Para ejercer sus derechos, use los siguientes canales de comunicaci\u00f3n:\u00a0<\/span><\/p>\n<p><span style=\"font-weight: 400;\">&#8211; De forma electr\u00f3nica en: https:\/\/www.skoda-auto.com\/data-privacy<\/span><\/p>\n<p><span style=\"font-weight: 400;\">&#8211; Por correo postal: \u0160koda Auto a.s., Oficina de protecci\u00f3n de datos, t\u0159. V\u00e1clava Klementa 869, Mlad\u00e1 Boleslav II, CZ 293 01 Mlad\u00e1 Boleslav, Czech Republic (en ingl\u00e9s o checo).<\/span><\/p>\n<p><span style=\"font-weight: 400;\">En relaci\u00f3n con el ejercicio de sus derechos, \u0160koda Auto puede cargar una tarifa razonable teniendo en cuenta los costes administrativos del procesamiento cuando los requisitos de un sujeto de datos parezcan no tener fundamento o ser excesivos.<\/span><\/p>\n<p><span style=\"font-weight: 400;\">Si tiene alguna pregunta sobre la protecci\u00f3n de datos personales, puede comunicarse con el Funcionario a cargo de la protecci\u00f3n de datos de car\u00e1cter personal de \u0160koda Auto:\u00a0<\/span><\/p>\n<p><span style=\"font-weight: 400;\">&#8211; dpo@skoda-auto.cz<\/span><\/p>\n<p><span style=\"font-weight: 400;\">Si no est\u00e1 de acuerdo con la forma en la que tratamos sus datos personales, puede presentar una queja al Funcionario a cargo de la protecci\u00f3n de datos personales de \u0160koda Auto o ante la autoridad de supervisi\u00f3n para proteger sus derechos. Office for Personal Data Protection, Pplk. Sochora 27, 170 00 Praha 7, +420 234 665 111, <\/span><a href=\"https:\/\/www.uoou.cz\/en\"><span style=\"font-weight: 400;\">https:\/\/www.uoou.cz\/en<\/span><\/a><\/p>\n<h4><b>7. Otras condiciones importantes<\/b><\/h4>\n<p><span style=\"font-weight: 400;\">El Anfitri\u00f3n determinar\u00e1 exclusivamente las especificaciones exactas de los premios. La exhibici\u00f3n de los premios en materiales de promoci\u00f3n es a modo ilustrativo. El Anfitri\u00f3n no ser\u00e1 responsable de ning\u00fan da\u00f1o causado al participante como resultado del uso que haga del premio.<\/span><\/p>\n<p><span style=\"font-weight: 400;\">Los participantes no tienen derecho a reclamar dinero u otro tipo de compensaci\u00f3n en reemplazo del premio. El Anfitri\u00f3n tampoco est\u00e1 obligado a compensar a los participantes del Concurso y estos no tendr\u00e1n derecho a ninguna compensaci\u00f3n por parte del Anfitri\u00f3n excepto por lo expresamente especificado en este documento.<\/span><\/p>\n<p><span style=\"font-weight: 400;\">El Anfitri\u00f3n no es responsable de ning\u00fan da\u00f1o directo o indirecto en relaci\u00f3n con la participaci\u00f3n en la competencia. El participante no asume la responsabilidad del Anfitri\u00f3n por los riesgos y p\u00e9rdidas asociados con el premio. Los resultados del Concurso son finales, sin posibilidad de apelaci\u00f3n por parte del Participante o el Ganador respecto al desarrollo y el resultado del Concurso.<\/span><\/p>\n<p><span style=\"font-weight: 400;\">Se puede excluir a un participante del Concurso si el Anfitri\u00f3n descubre o tiene sospechas razonables de que este u otras personas le ayudaron a cometer alg\u00fan fraude para recibir los premios o tuvieron conductas improcedentes que no se basaron en el conocimiento del participante seg\u00fan las reglas.\u00a0<\/span><\/p>\n<p><span style=\"font-weight: 400;\">El Anfitri\u00f3n no ser\u00e1 responsable si no se entregan los mensajes o los premios. El Anfitri\u00f3n tampoco ser\u00e1 responsable de alg\u00fan error que resulte de problemas t\u00e9cnicos o de comunicaci\u00f3n. El Anfitri\u00f3n decidir\u00e1 con validez definitiva sobre alguna reclamaci\u00f3n u objeci\u00f3n presentada. El Anfitri\u00f3n se reserva el derecho, sin que se le exija retribuci\u00f3n alguna, a acortar, posponer, suspender o cancelar el evento y los premios o a agregar o modificar estas reglas de manera unilateral durante el evento y notificar dichas modificaciones en el sitio web especificado arriba, donde tambi\u00e9n se puede encontrar el texto completo de las reglas.<\/span><\/p>\n<p><span style=\"font-weight: 400;\">Este Concurso se rige por las leyes de la Rep\u00fablica Checa.<\/span><\/p>\n","protected":false},"excerpt":{"rendered":"<p>Estas reglas rigen los t\u00e9rminos del \u201cConcurso TDF 2024\u201d (denominado en lo sucesivo el \u201cConcurso\u201d) y son el \u00fanico documento [&hellip;]<\/p>\n","protected":false},"author":171,"featured_media":0,"parent":10910,"menu_order":0,"comment_status":"closed","ping_status":"closed","template":"templates\/template-empty-page-headline.php","meta":{"footnotes":""},"tags":[],"class_list":["post-10912","page","type-page","status-publish","hentry"],"yoast_head":"<!-- This site is optimized with the Yoast SEO Premium plugin v25.3 (Yoast SEO v25.9) - https:\/\/yoast.com\/wordpress\/plugins\/seo\/ -->\n<title>Terms And Conditions - \u0160koda We Love Cycling - Spain<\/title>\n<meta name=\"robots\" content=\"index, follow, max-snippet:-1, max-image-preview:large, max-video-preview:-1\" \/>\n<link rel=\"canonical\" href=\"https:\/\/www.welovecycling.com\/es\/tour-de-france-2024\/terms-and-conditions\/\" \/>\n<meta property=\"og:locale\" content=\"es_ES\" \/>\n<meta property=\"og:type\" content=\"article\" \/>\n<meta property=\"og:title\" content=\"Terms And Conditions\" \/>\n<meta property=\"og:description\" content=\"Estas reglas rigen los t\u00e9rminos del \u201cConcurso TDF 2024\u201d (denominado en lo sucesivo el \u201cConcurso\u201d) y son el \u00fanico documento [&hellip;]\" \/>\n<meta property=\"og:url\" content=\"https:\/\/www.welovecycling.com\/es\/tour-de-france-2024\/terms-and-conditions\/\" \/>\n<meta property=\"og:site_name\" content=\"\u0160koda We Love Cycling - Spain\" \/>\n<meta property=\"article:modified_time\" content=\"2024-06-28T08:43:44+00:00\" \/>\n<meta name=\"twitter:card\" content=\"summary_large_image\" \/>\n<meta name=\"twitter:label1\" content=\"Est. reading time\" \/>\n\t<meta name=\"twitter:data1\" content=\"10 minutes\" \/>\n<script type=\"application\/ld+json\" class=\"yoast-schema-graph\">{\"@context\":\"https:\/\/schema.org\",\"@graph\":[{\"@type\":\"WebPage\",\"@id\":\"https:\/\/www.welovecycling.com\/es\/tour-de-france-2024\/terms-and-conditions\/\",\"url\":\"https:\/\/www.welovecycling.com\/es\/tour-de-france-2024\/terms-and-conditions\/\",\"name\":\"Terms And Conditions - \u0160koda We Love Cycling - Spain\",\"isPartOf\":{\"@id\":\"https:\/\/www.welovecycling.com\/es\/#website\"},\"datePublished\":\"2024-06-19T11:10:57+00:00\",\"dateModified\":\"2024-06-28T08:43:44+00:00\",\"breadcrumb\":{\"@id\":\"https:\/\/www.welovecycling.com\/es\/tour-de-france-2024\/terms-and-conditions\/#breadcrumb\"},\"inLanguage\":\"es-ES\",\"potentialAction\":[{\"@type\":\"ReadAction\",\"target\":[\"https:\/\/www.welovecycling.com\/es\/tour-de-france-2024\/terms-and-conditions\/\"]}]},{\"@type\":\"BreadcrumbList\",\"@id\":\"https:\/\/www.welovecycling.com\/es\/tour-de-france-2024\/terms-and-conditions\/#breadcrumb\",\"itemListElement\":[{\"@type\":\"ListItem\",\"position\":1,\"name\":\"Home\",\"item\":\"https:\/\/www.welovecycling.com\/es\/\"},{\"@type\":\"ListItem\",\"position\":2,\"name\":\"Tour de France 2024\",\"item\":\"https:\/\/www.welovecycling.com\/es\/?page_id=10910\"},{\"@type\":\"ListItem\",\"position\":3,\"name\":\"Terms And Conditions\"}]},{\"@type\":\"WebSite\",\"@id\":\"https:\/\/www.welovecycling.com\/es\/#website\",\"url\":\"https:\/\/www.welovecycling.com\/es\/\",\"name\":\"\u0160koda We Love Cycling - Spain\",\"description\":\"\u0160koda WeLoveCycling Spain\",\"potentialAction\":[{\"@type\":\"SearchAction\",\"target\":{\"@type\":\"EntryPoint\",\"urlTemplate\":\"https:\/\/www.welovecycling.com\/es\/?s={search_term_string}\"},\"query-input\":{\"@type\":\"PropertyValueSpecification\",\"valueRequired\":true,\"valueName\":\"search_term_string\"}}],\"inLanguage\":\"es-ES\"}]}<\/script>\n<!-- \/ Yoast SEO Premium plugin. -->","yoast_head_json":{"title":"Terms And Conditions - \u0160koda We Love Cycling - Spain","robots":{"index":"index","follow":"follow","max-snippet":"max-snippet:-1","max-image-preview":"max-image-preview:large","max-video-preview":"max-video-preview:-1"},"canonical":"https:\/\/www.welovecycling.com\/es\/tour-de-france-2024\/terms-and-conditions\/","og_locale":"es_ES","og_type":"article","og_title":"Terms And Conditions","og_description":"Estas reglas rigen los t\u00e9rminos del \u201cConcurso TDF 2024\u201d (denominado en lo sucesivo el \u201cConcurso\u201d) y son el \u00fanico documento [&hellip;]","og_url":"https:\/\/www.welovecycling.com\/es\/tour-de-france-2024\/terms-and-conditions\/","og_site_name":"\u0160koda We Love Cycling - Spain","article_modified_time":"2024-06-28T08:43:44+00:00","twitter_card":"summary_large_image","twitter_misc":{"Est. reading time":"10 minutes"},"schema":{"@context":"https:\/\/schema.org","@graph":[{"@type":"WebPage","@id":"https:\/\/www.welovecycling.com\/es\/tour-de-france-2024\/terms-and-conditions\/","url":"https:\/\/www.welovecycling.com\/es\/tour-de-france-2024\/terms-and-conditions\/","name":"Terms And Conditions - \u0160koda We Love Cycling - Spain","isPartOf":{"@id":"https:\/\/www.welovecycling.com\/es\/#website"},"datePublished":"2024-06-19T11:10:57+00:00","dateModified":"2024-06-28T08:43:44+00:00","breadcrumb":{"@id":"https:\/\/www.welovecycling.com\/es\/tour-de-france-2024\/terms-and-conditions\/#breadcrumb"},"inLanguage":"es-ES","potentialAction":[{"@type":"ReadAction","target":["https:\/\/www.welovecycling.com\/es\/tour-de-france-2024\/terms-and-conditions\/"]}]},{"@type":"BreadcrumbList","@id":"https:\/\/www.welovecycling.com\/es\/tour-de-france-2024\/terms-and-conditions\/#breadcrumb","itemListElement":[{"@type":"ListItem","position":1,"name":"Home","item":"https:\/\/www.welovecycling.com\/es\/"},{"@type":"ListItem","position":2,"name":"Tour de France 2024","item":"https:\/\/www.welovecycling.com\/es\/?page_id=10910"},{"@type":"ListItem","position":3,"name":"Terms And Conditions"}]},{"@type":"WebSite","@id":"https:\/\/www.welovecycling.com\/es\/#website","url":"https:\/\/www.welovecycling.com\/es\/","name":"\u0160koda We Love Cycling - Spain","description":"\u0160koda WeLoveCycling Spain","potentialAction":[{"@type":"SearchAction","target":{"@type":"EntryPoint","urlTemplate":"https:\/\/www.welovecycling.com\/es\/?s={search_term_string}"},"query-input":{"@type":"PropertyValueSpecification","valueRequired":true,"valueName":"search_term_string"}}],"inLanguage":"es-ES"}]}},"_links":{"self":[{"href":"https:\/\/www.welovecycling.com\/es\/wp-json\/wp\/v2\/pages\/10912","targetHints":{"allow":["GET"]}}],"collection":[{"href":"https:\/\/www.welovecycling.com\/es\/wp-json\/wp\/v2\/pages"}],"about":[{"href":"https:\/\/www.welovecycling.com\/es\/wp-json\/wp\/v2\/types\/page"}],"author":[{"embeddable":true,"href":"https:\/\/www.welovecycling.com\/es\/wp-json\/wp\/v2\/users\/171"}],"replies":[{"embeddable":true,"href":"https:\/\/www.welovecycling.com\/es\/wp-json\/wp\/v2\/comments?post=10912"}],"version-history":[{"count":5,"href":"https:\/\/www.welovecycling.com\/es\/wp-json\/wp\/v2\/pages\/10912\/revisions"}],"predecessor-version":[{"id":10961,"href":"https:\/\/www.welovecycling.com\/es\/wp-json\/wp\/v2\/pages\/10912\/revisions\/10961"}],"up":[{"embeddable":true,"href":"https:\/\/www.welovecycling.com\/es\/wp-json\/wp\/v2\/pages\/10910"}],"wp:attachment":[{"href":"https:\/\/www.welovecycling.com\/es\/wp-json\/wp\/v2\/media?parent=10912"}],"wp:term":[{"taxonomy":"post_tag","embeddable":true,"href":"https:\/\/www.welovecycling.com\/es\/wp-json\/wp\/v2\/tags?post=10912"}],"curies":[{"name":"wp","href":"https:\/\/api.w.org\/{rel}","templated":true}]}}