{"id":3596,"date":"2026-03-20T14:18:32","date_gmt":"2026-03-20T11:18:32","guid":{"rendered":"https:\/\/www.welovecycling.com\/ee\/?page_id=3596"},"modified":"2026-04-09T16:05:57","modified_gmt":"2026-04-09T13:05:57","slug":"letape-26","status":"publish","type":"page","link":"https:\/\/www.welovecycling.com\/ee\/letape-26\/","title":{"rendered":"L\u2019\u00c9tape 26"},"content":{"rendered":"","protected":false},"excerpt":{"rendered":"","protected":false},"author":199,"featured_media":3622,"parent":0,"menu_order":0,"comment_status":"closed","ping_status":"closed","template":"\/var\/www\/html\/web\/app\/plugins\/avenga-letape26\/templates\/template-letape.php","meta":{"footnotes":""},"tags":[],"class_list":["post-3596","page","type-page","status-publish","has-post-thumbnail","hentry"],"yoast_head":"<!-- This site is optimized with the Yoast SEO Premium plugin v25.3 (Yoast SEO v25.9) - https:\/\/yoast.com\/wordpress\/plugins\/seo\/ -->\n<title>L\u2019\u00c9tape 26 - \u0160koda We Love Cycling - Estonia<\/title>\n<meta name=\"description\" content=\"N\u00e4htamatu Lava viib sind p\u00e4riselu treeninguteekonnale koos kolme Kangelasega\u2013 harrastusratturitega, kes valmistuvad L&#039;\u00c9tape s\u00f5iduks.\" \/>\n<meta name=\"robots\" content=\"index, follow, max-snippet:-1, max-image-preview:large, max-video-preview:-1\" \/>\n<link rel=\"canonical\" href=\"https:\/\/www.welovecycling.com\/ee\/letape-26\/\" \/>\n<meta property=\"og:locale\" content=\"et_EE\" \/>\n<meta property=\"og:type\" content=\"article\" \/>\n<meta property=\"og:title\" content=\"L\u2019\u00c9tape 26\" \/>\n<meta property=\"og:description\" content=\"N\u00e4htamatu Lava viib sind p\u00e4riselu treeninguteekonnale koos kolme Kangelasega\u2013 harrastusratturitega, kes valmistuvad L&#039;\u00c9tape s\u00f5iduks.\" \/>\n<meta property=\"og:url\" content=\"https:\/\/www.welovecycling.com\/ee\/letape-26\/\" \/>\n<meta property=\"og:site_name\" content=\"\u0160koda We Love Cycling - Estonia\" \/>\n<meta property=\"article:modified_time\" content=\"2026-04-09T13:05:57+00:00\" \/>\n<meta property=\"og:image\" content=\"https:\/\/d2p6e6u75xmxt8.cloudfront.net\/15\/2026\/04\/hero-letape26.webp\" \/>\n\t<meta property=\"og:image:width\" content=\"1920\" \/>\n\t<meta property=\"og:image:height\" content=\"800\" \/>\n\t<meta property=\"og:image:type\" content=\"image\/webp\" \/>\n<meta name=\"twitter:card\" content=\"summary_large_image\" \/>\n<script type=\"application\/ld+json\" class=\"yoast-schema-graph\">{\"@context\":\"https:\/\/schema.org\",\"@graph\":[{\"@type\":\"WebPage\",\"@id\":\"https:\/\/www.welovecycling.com\/ee\/letape-26\/\",\"url\":\"https:\/\/www.welovecycling.com\/ee\/letape-26\/\",\"name\":\"L\u2019\u00c9tape 26 - \u0160koda We Love Cycling - Estonia\",\"isPartOf\":{\"@id\":\"https:\/\/www.welovecycling.com\/ee\/#website\"},\"primaryImageOfPage\":{\"@id\":\"https:\/\/www.welovecycling.com\/ee\/letape-26\/#primaryimage\"},\"image\":{\"@id\":\"https:\/\/www.welovecycling.com\/ee\/letape-26\/#primaryimage\"},\"thumbnailUrl\":\"https:\/\/d2p6e6u75xmxt8.cloudfront.net\/15\/2026\/04\/hero-letape26.webp\",\"datePublished\":\"2026-03-20T11:18:32+00:00\",\"dateModified\":\"2026-04-09T13:05:57+00:00\",\"description\":\"N\u00e4htamatu Lava viib sind p\u00e4riselu treeninguteekonnale koos kolme Kangelasega\u2013 harrastusratturitega, kes valmistuvad L'\u00c9tape s\u00f5iduks.\",\"inLanguage\":\"et\",\"potentialAction\":[{\"@type\":\"ReadAction\",\"target\":[\"https:\/\/www.welovecycling.com\/ee\/letape-26\/\"]}]},{\"@type\":\"ImageObject\",\"inLanguage\":\"et\",\"@id\":\"https:\/\/www.welovecycling.com\/ee\/letape-26\/#primaryimage\",\"url\":\"https:\/\/d2p6e6u75xmxt8.cloudfront.net\/15\/2026\/04\/hero-letape26.webp\",\"contentUrl\":\"https:\/\/d2p6e6u75xmxt8.cloudfront.net\/15\/2026\/04\/hero-letape26.webp\",\"width\":1920,\"height\":800},{\"@type\":\"WebSite\",\"@id\":\"https:\/\/www.welovecycling.com\/ee\/#website\",\"url\":\"https:\/\/www.welovecycling.com\/ee\/\",\"name\":\"\u0160koda We Love Cycling - Estonia\",\"description\":\"\",\"potentialAction\":[{\"@type\":\"SearchAction\",\"target\":{\"@type\":\"EntryPoint\",\"urlTemplate\":\"https:\/\/www.welovecycling.com\/ee\/?s={search_term_string}\"},\"query-input\":{\"@type\":\"PropertyValueSpecification\",\"valueRequired\":true,\"valueName\":\"search_term_string\"}}],\"inLanguage\":\"et\"}]}<\/script>\n<!-- \/ Yoast SEO Premium plugin. -->","yoast_head_json":{"title":"L\u2019\u00c9tape 26 - \u0160koda We Love Cycling - Estonia","description":"N\u00e4htamatu Lava viib sind p\u00e4riselu treeninguteekonnale koos kolme Kangelasega\u2013 harrastusratturitega, kes valmistuvad L'\u00c9tape s\u00f5iduks.","robots":{"index":"index","follow":"follow","max-snippet":"max-snippet:-1","max-image-preview":"max-image-preview:large","max-video-preview":"max-video-preview:-1"},"canonical":"https:\/\/www.welovecycling.com\/ee\/letape-26\/","og_locale":"et_EE","og_type":"article","og_title":"L\u2019\u00c9tape 26","og_description":"N\u00e4htamatu Lava viib sind p\u00e4riselu treeninguteekonnale koos kolme Kangelasega\u2013 harrastusratturitega, kes valmistuvad L'\u00c9tape s\u00f5iduks.","og_url":"https:\/\/www.welovecycling.com\/ee\/letape-26\/","og_site_name":"\u0160koda We Love Cycling - Estonia","article_modified_time":"2026-04-09T13:05:57+00:00","og_image":[{"width":1920,"height":800,"url":"https:\/\/d2p6e6u75xmxt8.cloudfront.net\/15\/2026\/04\/hero-letape26.webp","type":"image\/webp"}],"twitter_card":"summary_large_image","schema":{"@context":"https:\/\/schema.org","@graph":[{"@type":"WebPage","@id":"https:\/\/www.welovecycling.com\/ee\/letape-26\/","url":"https:\/\/www.welovecycling.com\/ee\/letape-26\/","name":"L\u2019\u00c9tape 26 - \u0160koda We Love Cycling - Estonia","isPartOf":{"@id":"https:\/\/www.welovecycling.com\/ee\/#website"},"primaryImageOfPage":{"@id":"https:\/\/www.welovecycling.com\/ee\/letape-26\/#primaryimage"},"image":{"@id":"https:\/\/www.welovecycling.com\/ee\/letape-26\/#primaryimage"},"thumbnailUrl":"https:\/\/d2p6e6u75xmxt8.cloudfront.net\/15\/2026\/04\/hero-letape26.webp","datePublished":"2026-03-20T11:18:32+00:00","dateModified":"2026-04-09T13:05:57+00:00","description":"N\u00e4htamatu Lava viib sind p\u00e4riselu treeninguteekonnale koos kolme Kangelasega\u2013 harrastusratturitega, kes valmistuvad L'\u00c9tape s\u00f5iduks.","inLanguage":"et","potentialAction":[{"@type":"ReadAction","target":["https:\/\/www.welovecycling.com\/ee\/letape-26\/"]}]},{"@type":"ImageObject","inLanguage":"et","@id":"https:\/\/www.welovecycling.com\/ee\/letape-26\/#primaryimage","url":"https:\/\/d2p6e6u75xmxt8.cloudfront.net\/15\/2026\/04\/hero-letape26.webp","contentUrl":"https:\/\/d2p6e6u75xmxt8.cloudfront.net\/15\/2026\/04\/hero-letape26.webp","width":1920,"height":800},{"@type":"WebSite","@id":"https:\/\/www.welovecycling.com\/ee\/#website","url":"https:\/\/www.welovecycling.com\/ee\/","name":"\u0160koda We Love Cycling - Estonia","description":"","potentialAction":[{"@type":"SearchAction","target":{"@type":"EntryPoint","urlTemplate":"https:\/\/www.welovecycling.com\/ee\/?s={search_term_string}"},"query-input":{"@type":"PropertyValueSpecification","valueRequired":true,"valueName":"search_term_string"}}],"inLanguage":"et"}]}},"_links":{"self":[{"href":"https:\/\/www.welovecycling.com\/ee\/wp-json\/wp\/v2\/pages\/3596","targetHints":{"allow":["GET"]}}],"collection":[{"href":"https:\/\/www.welovecycling.com\/ee\/wp-json\/wp\/v2\/pages"}],"about":[{"href":"https:\/\/www.welovecycling.com\/ee\/wp-json\/wp\/v2\/types\/page"}],"author":[{"embeddable":true,"href":"https:\/\/www.welovecycling.com\/ee\/wp-json\/wp\/v2\/users\/199"}],"replies":[{"embeddable":true,"href":"https:\/\/www.welovecycling.com\/ee\/wp-json\/wp\/v2\/comments?post=3596"}],"version-history":[{"count":2,"href":"https:\/\/www.welovecycling.com\/ee\/wp-json\/wp\/v2\/pages\/3596\/revisions"}],"predecessor-version":[{"id":3631,"href":"https:\/\/www.welovecycling.com\/ee\/wp-json\/wp\/v2\/pages\/3596\/revisions\/3631"}],"wp:featuredmedia":[{"embeddable":true,"href":"https:\/\/www.welovecycling.com\/ee\/wp-json\/wp\/v2\/media\/3622"}],"wp:attachment":[{"href":"https:\/\/www.welovecycling.com\/ee\/wp-json\/wp\/v2\/media?parent=3596"}],"wp:term":[{"taxonomy":"post_tag","embeddable":true,"href":"https:\/\/www.welovecycling.com\/ee\/wp-json\/wp\/v2\/tags?post=3596"}],"curies":[{"name":"wp","href":"https:\/\/api.w.org\/{rel}","templated":true}]}}