{"id":316,"date":"2019-09-30T15:11:54","date_gmt":"2019-09-30T15:11:54","guid":{"rendered":"https:\/\/www.welovecycling.com\/ee\/?page_id=316"},"modified":"2019-09-30T15:11:54","modified_gmt":"2019-09-30T15:11:54","slug":"aitah-meie-uudiskirjaga-liitumast","status":"publish","type":"page","link":"https:\/\/www.welovecycling.com\/ee\/aitah-meie-uudiskirjaga-liitumast\/","title":{"rendered":"Ait\u00e4h meie uudiskirjaga liitumast!"},"content":{"rendered":"<p>N\u00fc\u00fcd j\u00e4\u00e4b Sul \u00fcle vaid We Love Cycling j\u00e4rgmisi uudiseid oodata.<\/p>\n<p><iframe loading=\"lazy\" src=\"https:\/\/www.youtube-nocookie.com\/embed\/pG9Woq8VFpE\" width=\"560\" height=\"315\" frameborder=\"0\" allowfullscreen=\"allowfullscreen\"><\/iframe><\/p>\n","protected":false},"excerpt":{"rendered":"<p>N\u00fc\u00fcd j\u00e4\u00e4b Sul \u00fcle vaid We Love Cycling j\u00e4rgmisi uudiseid oodata.<\/p>\n","protected":false},"author":103,"featured_media":0,"parent":0,"menu_order":0,"comment_status":"closed","ping_status":"closed","template":"","meta":{"footnotes":""},"tags":[],"class_list":["post-316","page","type-page","status-publish","hentry"],"yoast_head":"<!-- This site is optimized with the Yoast SEO Premium plugin v25.3 (Yoast SEO v25.9) - https:\/\/yoast.com\/wordpress\/plugins\/seo\/ -->\n<title>Ait\u00e4h meie uudiskirjaga liitumast! - \u0160koda We Love Cycling - Estonia<\/title>\n<meta name=\"robots\" content=\"index, follow, max-snippet:-1, max-image-preview:large, max-video-preview:-1\" \/>\n<link rel=\"canonical\" href=\"https:\/\/www.welovecycling.com\/ee\/aitah-meie-uudiskirjaga-liitumast\/\" \/>\n<meta property=\"og:locale\" content=\"et_EE\" \/>\n<meta property=\"og:type\" content=\"article\" \/>\n<meta property=\"og:title\" content=\"Ait\u00e4h meie uudiskirjaga liitumast!\" \/>\n<meta property=\"og:description\" content=\"N\u00fc\u00fcd j\u00e4\u00e4b Sul \u00fcle vaid We Love Cycling j\u00e4rgmisi uudiseid oodata.\" \/>\n<meta property=\"og:url\" content=\"https:\/\/www.welovecycling.com\/ee\/aitah-meie-uudiskirjaga-liitumast\/\" \/>\n<meta property=\"og:site_name\" content=\"\u0160koda We Love Cycling - Estonia\" \/>\n<meta name=\"twitter:card\" content=\"summary_large_image\" \/>\n<script type=\"application\/ld+json\" class=\"yoast-schema-graph\">{\"@context\":\"https:\/\/schema.org\",\"@graph\":[{\"@type\":\"WebPage\",\"@id\":\"https:\/\/www.welovecycling.com\/ee\/aitah-meie-uudiskirjaga-liitumast\/\",\"url\":\"https:\/\/www.welovecycling.com\/ee\/aitah-meie-uudiskirjaga-liitumast\/\",\"name\":\"Ait\u00e4h meie uudiskirjaga liitumast! - \u0160koda We Love Cycling - Estonia\",\"isPartOf\":{\"@id\":\"https:\/\/www.welovecycling.com\/ee\/#website\"},\"datePublished\":\"2019-09-30T15:11:54+00:00\",\"inLanguage\":\"et\",\"potentialAction\":[{\"@type\":\"ReadAction\",\"target\":[\"https:\/\/www.welovecycling.com\/ee\/aitah-meie-uudiskirjaga-liitumast\/\"]}]},{\"@type\":\"WebSite\",\"@id\":\"https:\/\/www.welovecycling.com\/ee\/#website\",\"url\":\"https:\/\/www.welovecycling.com\/ee\/\",\"name\":\"\u0160koda We Love Cycling - Estonia\",\"description\":\"\",\"potentialAction\":[{\"@type\":\"SearchAction\",\"target\":{\"@type\":\"EntryPoint\",\"urlTemplate\":\"https:\/\/www.welovecycling.com\/ee\/?s={search_term_string}\"},\"query-input\":{\"@type\":\"PropertyValueSpecification\",\"valueRequired\":true,\"valueName\":\"search_term_string\"}}],\"inLanguage\":\"et\"}]}<\/script>\n<!-- \/ Yoast SEO Premium plugin. -->","yoast_head_json":{"title":"Ait\u00e4h meie uudiskirjaga liitumast! - \u0160koda We Love Cycling - Estonia","robots":{"index":"index","follow":"follow","max-snippet":"max-snippet:-1","max-image-preview":"max-image-preview:large","max-video-preview":"max-video-preview:-1"},"canonical":"https:\/\/www.welovecycling.com\/ee\/aitah-meie-uudiskirjaga-liitumast\/","og_locale":"et_EE","og_type":"article","og_title":"Ait\u00e4h meie uudiskirjaga liitumast!","og_description":"N\u00fc\u00fcd j\u00e4\u00e4b Sul \u00fcle vaid We Love Cycling j\u00e4rgmisi uudiseid oodata.","og_url":"https:\/\/www.welovecycling.com\/ee\/aitah-meie-uudiskirjaga-liitumast\/","og_site_name":"\u0160koda We Love Cycling - Estonia","twitter_card":"summary_large_image","schema":{"@context":"https:\/\/schema.org","@graph":[{"@type":"WebPage","@id":"https:\/\/www.welovecycling.com\/ee\/aitah-meie-uudiskirjaga-liitumast\/","url":"https:\/\/www.welovecycling.com\/ee\/aitah-meie-uudiskirjaga-liitumast\/","name":"Ait\u00e4h meie uudiskirjaga liitumast! - \u0160koda We Love Cycling - Estonia","isPartOf":{"@id":"https:\/\/www.welovecycling.com\/ee\/#website"},"datePublished":"2019-09-30T15:11:54+00:00","inLanguage":"et","potentialAction":[{"@type":"ReadAction","target":["https:\/\/www.welovecycling.com\/ee\/aitah-meie-uudiskirjaga-liitumast\/"]}]},{"@type":"WebSite","@id":"https:\/\/www.welovecycling.com\/ee\/#website","url":"https:\/\/www.welovecycling.com\/ee\/","name":"\u0160koda We Love Cycling - Estonia","description":"","potentialAction":[{"@type":"SearchAction","target":{"@type":"EntryPoint","urlTemplate":"https:\/\/www.welovecycling.com\/ee\/?s={search_term_string}"},"query-input":{"@type":"PropertyValueSpecification","valueRequired":true,"valueName":"search_term_string"}}],"inLanguage":"et"}]}},"_links":{"self":[{"href":"https:\/\/www.welovecycling.com\/ee\/wp-json\/wp\/v2\/pages\/316","targetHints":{"allow":["GET"]}}],"collection":[{"href":"https:\/\/www.welovecycling.com\/ee\/wp-json\/wp\/v2\/pages"}],"about":[{"href":"https:\/\/www.welovecycling.com\/ee\/wp-json\/wp\/v2\/types\/page"}],"author":[{"embeddable":true,"href":"https:\/\/www.welovecycling.com\/ee\/wp-json\/wp\/v2\/users\/103"}],"replies":[{"embeddable":true,"href":"https:\/\/www.welovecycling.com\/ee\/wp-json\/wp\/v2\/comments?post=316"}],"version-history":[{"count":1,"href":"https:\/\/www.welovecycling.com\/ee\/wp-json\/wp\/v2\/pages\/316\/revisions"}],"predecessor-version":[{"id":317,"href":"https:\/\/www.welovecycling.com\/ee\/wp-json\/wp\/v2\/pages\/316\/revisions\/317"}],"wp:attachment":[{"href":"https:\/\/www.welovecycling.com\/ee\/wp-json\/wp\/v2\/media?parent=316"}],"wp:term":[{"taxonomy":"post_tag","embeddable":true,"href":"https:\/\/www.welovecycling.com\/ee\/wp-json\/wp\/v2\/tags?post=316"}],"curies":[{"name":"wp","href":"https:\/\/api.w.org\/{rel}","templated":true}]}}