{"id":3022,"date":"2025-09-03T10:13:31","date_gmt":"2025-09-03T07:13:31","guid":{"rendered":"https:\/\/www.welovecycling.com\/ee\/?page_id=3022"},"modified":"2025-10-01T10:06:01","modified_gmt":"2025-10-01T07:06:01","slug":"terms","status":"publish","type":"page","link":"https:\/\/www.welovecycling.com\/ee\/130-anniversary\/terms\/","title":{"rendered":"Terms"},"content":{"rendered":"<p><span data-contrast=\"auto\">Need reeglid m\u00e4\u00e4ravad kindlaks \u201c\u0160koda 130 aastat\u201d loosimise (edaspidi \u201cLoosimine\u201d) tingimused ja on ainus dokument, mis t\u00e4ielikult ja siduvalt reguleerib selle loosimise reegleid.<\/span><span data-ccp-props=\"{&quot;335559731&quot;:720}\">\u00a0<\/span><\/p>\n<p aria-level=\"2\"><span data-contrast=\"auto\">Korraldaja ja teostaja<\/span><span data-ccp-props=\"{&quot;134245418&quot;:true,&quot;134245529&quot;:true,&quot;335559738&quot;:360,&quot;335559739&quot;:120}\">\u00a0<\/span><\/p>\n<p><span data-contrast=\"auto\">Loosimise korraldaja on \u0160koda Auto a.s., aktsiaselts, mille registreeritud asukoht on t\u0159. V\u00e1clava Klementa 869, 293 01 Mlad\u00e1 Boleslav, T\u0161ehhi Vabariik, ettev\u00f5tte ID 00177041, registreeritud Praha linnakohtu hallatavas \u00e4riregistris, B-osa, registrinumber 332 (edaspidi \u201cKorraldaja\u201d).<\/span><span data-ccp-props=\"{}\">\u00a0<\/span><\/p>\n<p><span data-contrast=\"auto\">Loosimise praktilise l\u00e4biviimise eest vastutab MUSTARD s.r.o., asukoht: Praha 1 \u2013 Nov\u00e9 M\u011bsto, Masarykovo n\u00e1b\u0159. 246, 110 00, T\u0161ehhi Vabariik, ettev\u00f5tte ID 28531418, registreeritud Praha linnakohtu hallatavas \u00e4riregistris, C-osa, registrinumber 148383 (edaspidi \u201cTeostaja\u201d).<\/span><span data-ccp-props=\"{}\">\u00a0<\/span><\/p>\n<p aria-level=\"2\"><span data-contrast=\"auto\">Loosimise tingimused, asukoht ja perioodid<\/span><span data-ccp-props=\"{&quot;134245418&quot;:true,&quot;134245529&quot;:true,&quot;335559738&quot;:360,&quot;335559739&quot;:120}\">\u00a0<\/span><\/p>\n<ul>\n<li aria-setsize=\"-1\" data-leveltext=\"\u25cf\" data-font=\"\" data-listid=\"2\" data-list-defn-props=\"{&quot;335552541&quot;:1,&quot;335559685&quot;:720,&quot;335559991&quot;:360,&quot;469769242&quot;:[8226],&quot;469777803&quot;:&quot;left&quot;,&quot;469777804&quot;:&quot;\u25cf&quot;,&quot;469777815&quot;:&quot;multilevel&quot;}\" data-aria-posinset=\"1\" data-aria-level=\"1\"><span data-contrast=\"auto\">Loosimise periood \u2013 <\/span><span data-contrast=\"none\">00:01 (CET) 19.9. 2025 to 23:59 (CET) 19.12. 2025<\/span><span data-ccp-props=\"{}\">\u00a0<\/span><\/li>\n<\/ul>\n<p><span data-ccp-props=\"{}\">\u00a0<\/span><\/p>\n<p><span data-contrast=\"auto\">Loosimine toimub veebisaidil\u202fwww.welovecycling.com\u202f(edaspidi \u201cLoosimise veebisait\u201d), kus toimub peamine suhtlus osalejatega.<\/span><span data-ccp-props=\"{}\">\u00a0<\/span><\/p>\n<p aria-level=\"2\"><span data-contrast=\"auto\">Loosimise osalejad<\/span><span data-ccp-props=\"{&quot;134245418&quot;:true,&quot;134245529&quot;:true,&quot;335559738&quot;:360,&quot;335559739&quot;:120}\">\u00a0<\/span><\/p>\n<p><span data-contrast=\"auto\">Loosimises v\u00f5ivad osaleda k\u00f5ik isikud, kes on v\u00e4hemalt 18-aastased ja elavad \u00fches loosimises osalevas riigis.<\/span><br \/>\n<span data-contrast=\"auto\">Loosimine toimub j\u00e4rgmistes riikides: ANDORRA, AUSTRALIA, AUSTRIA, BELGIA, BOSNIA, BULGAARIA, HORVAATIA, T\u0160EHHI VABARIIK, TAANI, EESTI, SOOME, PRANTSUSMAA, SAKSAMAA, SUURBRITANNIA, KREEKA, UNGARI, ISLAND, IIRIMAA, ITAALIA, L\u00c4TI, LIECHTENSTEIN, LEEDU, LUKSEMBURG, MONTENEGRO, MADALMAAD, NORRA, POOLA, PORTUGAL, RUMEENIA, SERBIA, SLOVAKKIA, SLOVEENIA, HISPAANIA, ROOTSI, \u0160VEITS, UKRAINA.<\/span><span data-ccp-props=\"{}\">\u00a0<\/span><\/p>\n<p><span data-contrast=\"auto\">Loosimises osalemiseks tuleb registreeruda Loosimise veebisaidil loosimise perioodi jooksul ja kinnitada nende reeglite tingimusteta aktsepteerimine.<\/span><br \/>\n<span data-contrast=\"auto\">Registreerimise osana tuleb sisestada isikuandmed \u2013 e-posti aadress, mida kasutatakse ainult loosimise eesm\u00e4rgil.<\/span><span data-ccp-props=\"{}\">\u00a0<\/span><\/p>\n<p><span data-contrast=\"auto\">Iga osaleja v\u00f5ib registreeruda ainult \u00fcks kord ja ainult oma e-posti aadressiga. Korraldaja j\u00e4tab endale \u00f5iguse selle reegli j\u00e4rgimist tehniliste ja organisatsiooniliste vahenditega kontrollida.<\/span><span data-ccp-props=\"{}\">\u00a0<\/span><\/p>\n<p><span data-contrast=\"auto\">K\u00f5ik isikud, kes on seotud loosimise ettevalmistamisega, eriti Korraldaja v\u00f5i Teostaja t\u00f6\u00f6tajad v\u00f5i nendega v\u00f5rreldavad isikud, samuti \u0160koda volitatud partneritega seotud v\u00f5i loosimise l\u00e4biviimiseks palgatud agentuuride t\u00f6\u00f6tajad, samuti nende pereliikmed ja l\u00e4hedased, ei tohi loosimises osaleda<\/span><span data-ccp-props=\"{}\">\u00a0<\/span><\/p>\n<p aria-level=\"2\"><span data-contrast=\"auto\">Loosimise mehhanism ja v\u00f5itjate valimine<\/span><span data-ccp-props=\"{&quot;134245418&quot;:true,&quot;134245529&quot;:true,&quot;335559738&quot;:360,&quot;335559739&quot;:120}\">\u00a0<\/span><\/p>\n<p><span data-contrast=\"auto\">Osalejate \u00fclesanne on vastata kolmele loosimise k\u00fcsimusele.<\/span><br \/>\n<span data-contrast=\"auto\">K\u00f5ik osalejad, kes vastavad k\u00f5igile kolmele k\u00fcsimusele \u00f5igesti ja on registreerunud We Love Cycling veebisaidil, osalevad loosimisel.<\/span><span data-ccp-props=\"{}\">\u00a0<\/span><\/p>\n<p><span data-contrast=\"auto\">Auhinnad saavad need osalejad, kelle \u00f5iged vastused paiknevad \u00fcldnimekirjas j\u00e4rgmistel positsioonidel: 1\/11, 2\/11, 3\/11, 4\/11, 5\/11, 6\/11, 7\/11, 8\/11, 9\/11 ja 10\/11.<\/span><br \/>\n<span data-contrast=\"auto\">Kui osalejate koguarv ei jagu 11-ga, \u00fcmardatakse see alla l\u00e4hima t\u00e4isarvuni, mis jagub 11-ga.<\/span><span data-ccp-props=\"{}\">\u00a0<\/span><\/p>\n<p><span data-contrast=\"auto\">Osalejate nimekiri j\u00e4rjestatakse kronoloogiliselt vastuste esitamise aja j\u00e4rgi.<\/span><br \/>\n<span data-contrast=\"auto\">\u00dclaltoodud positsioonidel olevad osalejad on v\u00f5itjad.<\/span><span data-ccp-props=\"{}\">\u00a0<\/span><\/p>\n<p><span data-contrast=\"auto\">Korraldaja teavitab v\u00f5itjaid viie p\u00e4eva jooksul p\u00e4rast loosimise perioodi l\u00f5ppu registreerimise k\u00e4igus antud e-posti aadressil ja palub esitada auhinna \u00fcleandmiseks v\u00f5i saatmiseks vajalikud andmed.<\/span><br \/>\n<span data-contrast=\"auto\">Kui v\u00f5itja ei vasta, ka korduvale e-kirjale mitte, v\u00f5i ei anna andmeid 24 tunni jooksul, kaotab ta auhinna ilma asendamis\u00f5iguseta.<\/span><span data-ccp-props=\"{}\">\u00a0<\/span><\/p>\n<p aria-level=\"2\"><span data-contrast=\"auto\">Auhinnad<\/span><span data-ccp-props=\"{&quot;134245418&quot;:true,&quot;134245529&quot;:true,&quot;335559738&quot;:360,&quot;335559739&quot;:120}\">\u00a0<\/span><\/p>\n<ul>\n<li aria-setsize=\"-1\" data-leveltext=\"\u25cf\" data-font=\"Arial\" data-listid=\"1\" data-list-defn-props=\"{&quot;335551500&quot;:2236962,&quot;335552541&quot;:1,&quot;335559685&quot;:720,&quot;335559991&quot;:360,&quot;469769226&quot;:&quot;Arial&quot;,&quot;469769242&quot;:[8226],&quot;469777803&quot;:&quot;left&quot;,&quot;469777804&quot;:&quot;\u25cf&quot;,&quot;469777815&quot;:&quot;multilevel&quot;}\" data-aria-posinset=\"1\" data-aria-level=\"1\"><span data-contrast=\"none\">10x \u0160koda retro-s\u00e4rk<\/span><span data-ccp-props=\"{&quot;335559738&quot;:200,&quot;335559739&quot;:200}\">\u00a0<\/span><\/li>\n<\/ul>\n<p><span data-contrast=\"auto\">V\u00f5imalike viivituste t\u00f5ttu osade k\u00e4ttesaadavuses v\u00f5ib jalgrataste, kui auhindade, kohaletoimetamine v\u00f5tta kuni kaheksa kuud.<\/span><br \/>\n<span data-contrast=\"auto\">Need viivitused on tingitud teguritest, mis ei ole meie otsese kontrolli all, n\u00e4iteks vajalikud osad ja tarned.\u00a0<\/span><span data-ccp-props=\"{}\">\u00a0<\/span><\/p>\n<p aria-level=\"2\"><span data-contrast=\"auto\">Isikuandmete t\u00f6\u00f6tlemine<\/span><span data-ccp-props=\"{&quot;134245418&quot;:true,&quot;134245529&quot;:true,&quot;335559738&quot;:360,&quot;335559739&quot;:120}\">\u00a0<\/span><\/p>\n<p><span data-contrast=\"auto\">Korraldaja on vastutav t\u00f6\u00f6tleja vastavalt isikuandmete kaitse \u00fcldm\u00e4\u00e4rusele (EL m\u00e4\u00e4rus 2016\/679) ja teavitab teid isikuandmete t\u00f6\u00f6tlemisest ja teie \u00f5igustest seoses sellega.<\/span><span data-ccp-props=\"{}\">\u00a0<\/span><\/p>\n<p><span data-contrast=\"auto\">T\u00f6\u00f6tlemine toimub j\u00e4rgmise tegevuse raames:<\/span><span data-ccp-props=\"{}\">\u00a0<\/span><\/p>\n<p><span data-contrast=\"auto\">\u2013 Loosimiste korraldamine ja ausa hindamise tagamine loosimise k\u00e4igus.<\/span><span data-ccp-props=\"{}\">\u00a0<\/span><\/p>\n<p><span data-contrast=\"auto\">T\u00f6\u00f6tlemise \u00f5iguslik alus:<\/span><br \/>\n<span data-contrast=\"auto\">Teil on \u00f5igus t\u00f6\u00f6delda isikuandmeid lepingu t\u00e4itmise alusel (need loosimise reeglid).<\/span><span data-ccp-props=\"{}\">\u00a0<\/span><\/p>\n<p><span data-contrast=\"auto\">T\u00f6\u00f6deldavate isikuandmete kategooriad:<\/span><br \/>\n<span data-contrast=\"auto\">Isikut tuvastavad andmed, kontaktandmed, suhtluse ja interaktsiooni info.<\/span><span data-ccp-props=\"{}\">\u00a0<\/span><\/p>\n<p><span data-contrast=\"auto\">T\u00f6\u00f6tlemise periood:<\/span><br \/>\n<span data-contrast=\"auto\">Isikuandmeid t\u00f6\u00f6deldakse \u00fcks aasta p\u00e4rast loosimise l\u00f5ppu.<\/span><span data-ccp-props=\"{}\">\u00a0<\/span><\/p>\n<p><span data-contrast=\"auto\">Isikuandmete saajad v\u00f5i volitatud t\u00f6\u00f6tlejad, kellele andmeid v\u00f5idakse edastada:<\/span><br \/>\n<span data-contrast=\"auto\">Volitatud t\u00f6\u00f6tleja on MUSTARD s.r.o., Praha 1 \u2013 Nov\u00e9 M\u011bsto, Masarykovo n\u00e1b\u0159. 246, 110 00, T\u0161ehhi Vabariik, ettev\u00f5tte ID 28531418. P\u00e4ringu korral v\u00f5idakse isikuandmeid edastada avalikele asutustele, sealhulgas kohtutele, T\u0161ehhi politseile ja teistele \u00f5iguskaitseorganitele, kui see on vajalik ja seadusega lubatud.<\/span><span data-ccp-props=\"{}\">\u00a0<\/span><\/p>\n<p><span data-contrast=\"auto\">Isikuandmete allikas:<\/span><br \/>\n<span data-contrast=\"auto\">Isikuandmed saadakse otse teilt.<\/span><span data-ccp-props=\"{}\">\u00a0<\/span><\/p>\n<p><span data-contrast=\"auto\">Isikuandmete edastamine kolmandatesse riikidesse v\u00f5i rahvusvahelistele organisatsioonidele:<\/span><br \/>\n<span data-contrast=\"auto\">Teie isikuandmeid ei edastata kolmandatesse riikidesse ega rahvusvahelistele organisatsioonidele. Automatiseeritud otsuste tegemine: Automatiseeritud otsuseid andmete t\u00f6\u00f6tlemise k\u00e4igus ei tehta.<\/span><span data-ccp-props=\"{}\">\u00a0<\/span><\/p>\n<p><span data-contrast=\"auto\">T\u00e4iendav teave<\/span><span data-ccp-props=\"{}\">\u00a0<\/span><\/p>\n<p><span data-contrast=\"auto\">Isikuandmeid v\u00f5ib arhiveerida avalikes huvides ja neid v\u00f5ib kasutada teaduslikel, ajaloolistel v\u00f5i statistilistel uurimistel.<\/span><br \/>\n<span data-contrast=\"auto\">\u00d5igustatud juhtudel v\u00f5ib isikuandmeid t\u00f6\u00f6delda ka juriidiliste k\u00fcsimuste lahendamiseks, sealhulgas kohustuste t\u00e4itmiseks ametiasutuste ees ja \u00f5igusriskide hindamiseks.<\/span><span data-ccp-props=\"{}\">\u00a0<\/span><\/p>\n<p><span data-contrast=\"auto\">Teie \u00f5igused isikuandmete t\u00f6\u00f6tlemisel:<\/span><br \/>\n<span data-contrast=\"auto\">Juurdep\u00e4\u00e4s t\u00f6\u00f6deldud andmetele, eba\u00f5igete v\u00f5i puudulike andmete parandamine, andmete kustutamine, kui t\u00f6\u00f6tlemine ei ole enam vajalik v\u00f5i on ebaseaduslik, t\u00f6\u00f6tlemise piiramine, andmete edastamine masinloetavas vormingus endale v\u00f5i teisele vastutavale t\u00f6\u00f6tlejale, \u00f5igus mitte olla allutatud automatiseeritud otsustele.<\/span><span data-ccp-props=\"{}\">\u00a0<\/span><\/p>\n<p><span data-contrast=\"auto\">Oma \u00f5iguste kasutamiseks v\u00f5ite kasutada j\u00e4rgmisi kanaleid:<\/span><span data-ccp-props=\"{}\">\u00a0<\/span><\/p>\n<p><span data-contrast=\"auto\">\u2013 Elektrooniliselt:\u202f<\/span><a href=\"https:\/\/www.skoda-auto.com\/data-privacy?utm_source=chatgpt.com\"><span data-contrast=\"none\">https:\/\/www.skoda-auto.com\/data-privacy<\/span><\/a><br \/>\n<span data-contrast=\"auto\">\u2013 Posti teel: \u0160koda Auto a.s., Data Protection Office, t\u0159. V\u00e1clava Klementa 869, Mlad\u00e1 Boleslav II, CZ 293 01 Mlad\u00e1 Boleslav, T\u0161ehhi Vabariik (inglise v\u00f5i t\u0161ehhi keeles).<\/span><span data-ccp-props=\"{}\">\u00a0<\/span><\/p>\n<p><span data-contrast=\"auto\">Kui teil on k\u00fcsimusi isikuandmete t\u00f6\u00f6tlemise kohta, v\u00f5tke \u00fchendust \u0160koda Auto andmekaitseametnikuga:<\/span><br \/>\n<span data-contrast=\"auto\">\u2013\u202fdpo@skoda-auto.cz<\/span><span data-ccp-props=\"{}\">\u00a0<\/span><\/p>\n<p><span data-contrast=\"auto\">Kui te ei ole rahul sellega, kuidas me teie isikuandmeid t\u00f6\u00f6tleme, v\u00f5ite esitada kaebuse \u0160koda Auto andmekaitseametnikule v\u00f5i j\u00e4relevalveasutusele:<\/span><br \/>\n<span data-contrast=\"auto\">Isikuandmete Kaitse Amet, Pplk. Sochora 27, 170 00 Praha 7, +420 234 665 111,\u202f<\/span><a href=\"https:\/\/www.uoou.cz\/en?utm_source=chatgpt.com\"><span data-contrast=\"none\">https:\/\/www.uoou.cz\/en<\/span><\/a><span data-ccp-props=\"{}\">\u00a0<\/span><\/p>\n<p aria-level=\"2\"><span data-contrast=\"auto\">Muud tingimused<\/span><span data-ccp-props=\"{&quot;134245418&quot;:true,&quot;134245529&quot;:true,&quot;335559738&quot;:360,&quot;335559739&quot;:120}\">\u00a0<\/span><\/p>\n<p><span data-contrast=\"auto\">Korraldaja m\u00e4\u00e4rab t\u00e4psed auhindade spetsifikatsioonid.<\/span><br \/>\n<span data-contrast=\"auto\">Auhinnad reklaamimaterjalides on illustratiivsed.<\/span><br \/>\n<span data-contrast=\"auto\">Korraldaja ei vastuta kahjude eest, mis on p\u00f5hjustatud auhinna kasutamisest.<\/span><span data-ccp-props=\"{}\">\u00a0<\/span><\/p>\n<p><span data-contrast=\"auto\">Osalejatel ei ole \u00f5igust n\u00f5uda auhinna asemel rahalist h\u00fcvitist ega muid h\u00fcvesid.<\/span><br \/>\n<span data-contrast=\"auto\">Korraldaja ei ole kohustatud osalejatele pakkuma muid teenuseid peale nende, mis on siin selges\u00f5naliselt nimetatud.<\/span><span data-ccp-props=\"{}\">\u00a0<\/span><\/p>\n<p><span data-contrast=\"auto\">Korraldaja ei vastuta otseste ega kaudsete kahjude eest, mis on seotud loosimises osalemisega. Osaleja m\u00f5istab ja n\u00f5ustub, et Korraldaja ei vastuta auhindadega seotud riskide ega kohustuste eest.<\/span><br \/>\n<span data-contrast=\"auto\">Loosimise tulemused on l\u00f5plikud ega kuulu osalejate v\u00f5i v\u00f5itjate poolt vaidlustamisele.<\/span><span data-ccp-props=\"{}\">\u00a0<\/span><\/p>\n<p><span data-contrast=\"auto\">Korraldaja v\u00f5ib osaleja loosimisest v\u00e4listada, kui on alust kahtlustada pettust, ebaausat k\u00e4itumist v\u00f5i reeglite rikkumist. Korraldaja ei vastuta k\u00e4ttetoimetamata teadete ega auhindade eest. Korraldaja ei vastuta tehniliste probleemide v\u00f5i sidevigade eest. Korraldaja teeb l\u00f5pliku otsuse k\u00f5igi kaebuste ja vaidluste osas.<\/span><br \/>\n<span data-contrast=\"auto\">Korraldaja j\u00e4tab endale \u00f5iguse ilma kompensatsioonita l\u00fchendada, edasi l\u00fckata, peatada v\u00f5i t\u00fchistada loosimine v\u00f5i muuta reegleid, avaldades muudatused \u00fclalnimetatud veebisaidil, kus on k\u00e4ttesaadav ka reeglite kehtiv ja t\u00e4ielik versioon.<\/span><span data-ccp-props=\"{}\">\u00a0<\/span><\/p>\n<p><span data-contrast=\"auto\">Loosimist reguleerib T\u0161ehhi Vabariigi seadus.<\/span><span data-ccp-props=\"{}\">\u00a0<\/span><\/p>\n","protected":false},"excerpt":{"rendered":"<p>Need reeglid m\u00e4\u00e4ravad kindlaks \u201c\u0160koda 130 aastat\u201d loosimise (edaspidi \u201cLoosimine\u201d) tingimused ja on ainus dokument, mis t\u00e4ielikult ja siduvalt reguleerib [&hellip;]<\/p>\n","protected":false},"author":199,"featured_media":0,"parent":3018,"menu_order":0,"comment_status":"closed","ping_status":"closed","template":"templates\/template-empty-page-headline.php","meta":{"footnotes":""},"tags":[],"class_list":["post-3022","page","type-page","status-publish","hentry"],"yoast_head":"<!-- This site is optimized with the Yoast SEO Premium plugin v25.3 (Yoast SEO v25.9) - https:\/\/yoast.com\/wordpress\/plugins\/seo\/ -->\n<title>Terms - \u0160koda We Love Cycling - Estonia<\/title>\n<meta name=\"robots\" content=\"index, follow, max-snippet:-1, max-image-preview:large, max-video-preview:-1\" \/>\n<link rel=\"canonical\" href=\"https:\/\/www.welovecycling.com\/ee\/130-anniversary\/terms\/\" \/>\n<meta property=\"og:locale\" content=\"et_EE\" \/>\n<meta property=\"og:type\" content=\"article\" \/>\n<meta property=\"og:title\" content=\"Terms\" \/>\n<meta property=\"og:description\" content=\"Need reeglid m\u00e4\u00e4ravad kindlaks \u201c\u0160koda 130 aastat\u201d loosimise (edaspidi \u201cLoosimine\u201d) tingimused ja on ainus dokument, mis t\u00e4ielikult ja siduvalt reguleerib [&hellip;]\" \/>\n<meta property=\"og:url\" content=\"https:\/\/www.welovecycling.com\/ee\/130-anniversary\/terms\/\" \/>\n<meta property=\"og:site_name\" content=\"\u0160koda We Love Cycling - Estonia\" \/>\n<meta property=\"article:modified_time\" content=\"2025-10-01T07:06:01+00:00\" \/>\n<meta name=\"twitter:card\" content=\"summary_large_image\" \/>\n<meta name=\"twitter:label1\" content=\"Est. reading time\" \/>\n\t<meta name=\"twitter:data1\" content=\"5 minutes\" \/>\n<script type=\"application\/ld+json\" class=\"yoast-schema-graph\">{\"@context\":\"https:\/\/schema.org\",\"@graph\":[{\"@type\":\"WebPage\",\"@id\":\"https:\/\/www.welovecycling.com\/ee\/130-anniversary\/terms\/\",\"url\":\"https:\/\/www.welovecycling.com\/ee\/130-anniversary\/terms\/\",\"name\":\"Terms - \u0160koda We Love Cycling - Estonia\",\"isPartOf\":{\"@id\":\"https:\/\/www.welovecycling.com\/ee\/#website\"},\"datePublished\":\"2025-09-03T07:13:31+00:00\",\"dateModified\":\"2025-10-01T07:06:01+00:00\",\"breadcrumb\":{\"@id\":\"https:\/\/www.welovecycling.com\/ee\/130-anniversary\/terms\/#breadcrumb\"},\"inLanguage\":\"et\",\"potentialAction\":[{\"@type\":\"ReadAction\",\"target\":[\"https:\/\/www.welovecycling.com\/ee\/130-anniversary\/terms\/\"]}]},{\"@type\":\"BreadcrumbList\",\"@id\":\"https:\/\/www.welovecycling.com\/ee\/130-anniversary\/terms\/#breadcrumb\",\"itemListElement\":[{\"@type\":\"ListItem\",\"position\":1,\"name\":\"\u0160koda ja Jalgrattas\u00f5it\",\"item\":\"https:\/\/www.welovecycling.com\/ee\/130-anniversary\/\"},{\"@type\":\"ListItem\",\"position\":2,\"name\":\"Terms\"}]},{\"@type\":\"WebSite\",\"@id\":\"https:\/\/www.welovecycling.com\/ee\/#website\",\"url\":\"https:\/\/www.welovecycling.com\/ee\/\",\"name\":\"\u0160koda We Love Cycling - Estonia\",\"description\":\"\",\"potentialAction\":[{\"@type\":\"SearchAction\",\"target\":{\"@type\":\"EntryPoint\",\"urlTemplate\":\"https:\/\/www.welovecycling.com\/ee\/?s={search_term_string}\"},\"query-input\":{\"@type\":\"PropertyValueSpecification\",\"valueRequired\":true,\"valueName\":\"search_term_string\"}}],\"inLanguage\":\"et\"}]}<\/script>\n<!-- \/ Yoast SEO Premium plugin. -->","yoast_head_json":{"title":"Terms - \u0160koda We Love Cycling - Estonia","robots":{"index":"index","follow":"follow","max-snippet":"max-snippet:-1","max-image-preview":"max-image-preview:large","max-video-preview":"max-video-preview:-1"},"canonical":"https:\/\/www.welovecycling.com\/ee\/130-anniversary\/terms\/","og_locale":"et_EE","og_type":"article","og_title":"Terms","og_description":"Need reeglid m\u00e4\u00e4ravad kindlaks \u201c\u0160koda 130 aastat\u201d loosimise (edaspidi \u201cLoosimine\u201d) tingimused ja on ainus dokument, mis t\u00e4ielikult ja siduvalt reguleerib [&hellip;]","og_url":"https:\/\/www.welovecycling.com\/ee\/130-anniversary\/terms\/","og_site_name":"\u0160koda We Love Cycling - Estonia","article_modified_time":"2025-10-01T07:06:01+00:00","twitter_card":"summary_large_image","twitter_misc":{"Est. reading time":"5 minutes"},"schema":{"@context":"https:\/\/schema.org","@graph":[{"@type":"WebPage","@id":"https:\/\/www.welovecycling.com\/ee\/130-anniversary\/terms\/","url":"https:\/\/www.welovecycling.com\/ee\/130-anniversary\/terms\/","name":"Terms - \u0160koda We Love Cycling - Estonia","isPartOf":{"@id":"https:\/\/www.welovecycling.com\/ee\/#website"},"datePublished":"2025-09-03T07:13:31+00:00","dateModified":"2025-10-01T07:06:01+00:00","breadcrumb":{"@id":"https:\/\/www.welovecycling.com\/ee\/130-anniversary\/terms\/#breadcrumb"},"inLanguage":"et","potentialAction":[{"@type":"ReadAction","target":["https:\/\/www.welovecycling.com\/ee\/130-anniversary\/terms\/"]}]},{"@type":"BreadcrumbList","@id":"https:\/\/www.welovecycling.com\/ee\/130-anniversary\/terms\/#breadcrumb","itemListElement":[{"@type":"ListItem","position":1,"name":"\u0160koda ja Jalgrattas\u00f5it","item":"https:\/\/www.welovecycling.com\/ee\/130-anniversary\/"},{"@type":"ListItem","position":2,"name":"Terms"}]},{"@type":"WebSite","@id":"https:\/\/www.welovecycling.com\/ee\/#website","url":"https:\/\/www.welovecycling.com\/ee\/","name":"\u0160koda We Love Cycling - Estonia","description":"","potentialAction":[{"@type":"SearchAction","target":{"@type":"EntryPoint","urlTemplate":"https:\/\/www.welovecycling.com\/ee\/?s={search_term_string}"},"query-input":{"@type":"PropertyValueSpecification","valueRequired":true,"valueName":"search_term_string"}}],"inLanguage":"et"}]}},"_links":{"self":[{"href":"https:\/\/www.welovecycling.com\/ee\/wp-json\/wp\/v2\/pages\/3022","targetHints":{"allow":["GET"]}}],"collection":[{"href":"https:\/\/www.welovecycling.com\/ee\/wp-json\/wp\/v2\/pages"}],"about":[{"href":"https:\/\/www.welovecycling.com\/ee\/wp-json\/wp\/v2\/types\/page"}],"author":[{"embeddable":true,"href":"https:\/\/www.welovecycling.com\/ee\/wp-json\/wp\/v2\/users\/199"}],"replies":[{"embeddable":true,"href":"https:\/\/www.welovecycling.com\/ee\/wp-json\/wp\/v2\/comments?post=3022"}],"version-history":[{"count":1,"href":"https:\/\/www.welovecycling.com\/ee\/wp-json\/wp\/v2\/pages\/3022\/revisions"}],"predecessor-version":[{"id":3023,"href":"https:\/\/www.welovecycling.com\/ee\/wp-json\/wp\/v2\/pages\/3022\/revisions\/3023"}],"up":[{"embeddable":true,"href":"https:\/\/www.welovecycling.com\/ee\/wp-json\/wp\/v2\/pages\/3018"}],"wp:attachment":[{"href":"https:\/\/www.welovecycling.com\/ee\/wp-json\/wp\/v2\/media?parent=3022"}],"wp:term":[{"taxonomy":"post_tag","embeddable":true,"href":"https:\/\/www.welovecycling.com\/ee\/wp-json\/wp\/v2\/tags?post=3022"}],"curies":[{"name":"wp","href":"https:\/\/api.w.org\/{rel}","templated":true}]}}