{"id":2950,"date":"2025-08-12T13:26:01","date_gmt":"2025-08-12T10:26:01","guid":{"rendered":"https:\/\/www.welovecycling.com\/ee\/?page_id=2950"},"modified":"2025-08-15T17:23:31","modified_gmt":"2025-08-15T14:23:31","slug":"terms","status":"publish","type":"page","link":"https:\/\/www.welovecycling.com\/ee\/la-vuelta-2025\/terms\/","title":{"rendered":"Loosim\u00e4ngu reeglid"},"content":{"rendered":"<ol start=\"2025\">\n<li><strong> aasta La Vuelta loosim\u00e4ngu reeglid<\/strong><br \/>\nNeed reeglid m\u00e4\u00e4ravad \u201e2025 La Vuelta loosim\u00e4ngu\u201c (edaspidi \u201eloosim\u00e4ng\u201c) tingimused ning on ainus dokument, mis t\u00e4ielikult ja siduvalt reguleerib selle loosim\u00e4ngu reegleid.<\/li>\n<\/ol>\n<p><strong>Loosim\u00e4ngu korraldaja ja l\u00e4biviija<\/strong><br \/>\nLoosim\u00e4ngu korraldaja on \u0160koda Auto a.s., aktsiaselts, mille registrij\u00e4rgne asukoht on t\u0159. V\u00e1clava Klementa 869, 293 01 Mlad\u00e1 Boleslav, T\u0161ehhi Vabariik, registrikood 00177041, registreeritud Praha Linnakohtu \u00e4riregistris, jaotis B, toimik 332 (edaspidi \u201ekorraldaja\u201c).<br \/>\nLoosim\u00e4ngu praktilise korraldusega tegeleb MUSTARD s.r.o., registrij\u00e4rgne asukoht Masarykovo n\u00e1b\u0159. 246, Praha 1 \u2013 Nov\u00e9 M\u011bsto, 110 00, T\u0161ehhi Vabariik, registrikood 28531418, registreeritud Praha Linnakohtu \u00e4riregistris, jaotis C, toimik 148383.<br \/>\n(edaspidi \u201el\u00e4biviija\u201c)<\/p>\n<p><strong>Loosim\u00e4ngu kestus, koht ja voorud<\/strong><br \/>\n\u25cf Loosim\u00e4ngu voor \u2013 23.08.2025 kell 00:01 (CET) kuni 14.09.2025 kell 23:59 (CET)<\/p>\n<p>Loosim\u00e4ng toimub veebilehel <a href=\"http:\/\/www.welovecycling.com\">www.welovecycling.com<\/a> (edaspidi \u201eloosim\u00e4ngu veebileht\u201c), kus toimub ka osalejatega suhtlus.<\/p>\n<p><strong>Osalemise tingimused<\/strong><br \/>\nLoosim\u00e4ngus v\u00f5ivad osaleda k\u00f5ik v\u00e4hemalt 18-aastased f\u00fc\u00fcsilised isikud, kes elavad \u00fches j\u00e4rgmistest riikidest: ANDORRA, AUSTRALIA, AUSTRIA, BELGIA, BOSNIA, BULGAARIA, HORVAATIA, T\u0160EHHI, TAANI, EESTI, SOOME, PRANTSUSMAA, SAKSAMAA, SUURBRITANNIA, KREEKA, UNGARI, ISLAND, IIRIMAA, ITAALIA, L\u00c4TI, LIECHTENSTEIN, LEEDU, LUKSEMBURG, MONTENEGRO, MADALMAAD, NORRA, POOLa, PORTUGAL, RUMEENIA, SERBIA, SLOVEENIA, SLOVEKIA, HISPAANIA, ROOTSI, \u0160VEITS, UKRAINA.<\/p>\n<p>Osalemiseks tuleb loosim\u00e4ngu perioodi jooksul registreeruda loosim\u00e4ngu veebilehel ning kinnitada nende reeglite tingimusteta aktsepteerimine. Registreerimisvorm sisaldab e-posti aadressi, mida kasutatakse ainult loosim\u00e4ngu eesm\u00e4rgil.<\/p>\n<p>Iga osaleja v\u00f5ib registreeruda ainult \u00fche korra ja ainult oma e-posti aadressiga. Korraldajal on \u00f5igus seda kontrollida tehniliste ja organisatsiooniliste vahenditega.<\/p>\n<p>Loosim\u00e4ngus ei tohi osaleda inimesed, kes on seotud korraldaja v\u00f5i l\u00e4biviijaga t\u00f6\u00f6- v\u00f5i muus sarnases suhtes, samuti nende pereliikmed ja l\u00e4hedased isikud.<\/p>\n<p><strong>Loosimise mehhanism ja v\u00f5itjate valik<\/strong><br \/>\nOsalejal tuleb vastata kolmele k\u00fcsimusele. K\u00f5ik osalejad, kes vastavad \u00f5igesti k\u00f5ikidele k\u00fcsimustele ja on registreerunud We Love Cycling veebilehel, osalevad auhindade loosimises.<\/p>\n<p>Auhinnad v\u00f5idavad need osalejad, kes \u00f5igete vastustega satuvad nimekirjas kohtadele 1\/17, 2\/17, 3\/17 jne kuni 13\/17. Kui osalejate arv ei jagu 17-ga, \u00fcmardatakse allapoole l\u00e4hima jagatava t\u00e4isarvuni.<\/p>\n<p>Osalejate nimekiri sorteeritakse vastuste esitamise aja j\u00e4rgi. Loetletud positsioonidel olevad isikud kuulutatakse v\u00f5itjateks.<\/p>\n<p>Korraldaja teavitab v\u00f5itjaid e-posti teel viie p\u00e4eva jooksul p\u00e4rast loosim\u00e4ngu vooru l\u00f5ppu. Kui v\u00f5itja ei vasta ega anna vajalikke andmeid 24 tunni jooksul, kaotab ta \u00f5iguse auhinnale ilma kompensatsioonita.<\/p>\n<p><strong>Auhinnad<\/strong><br \/>\n\u25cf 1\u00d7 k\u00f5rgekvaliteediline \u0160koda gravel-jalgratas<br \/>\n\u25cf 2\u00d7 bikepacking komplekt<br \/>\n\u25cf 10\u00d7 \u0160koda roheline s\u00e4rk<\/p>\n<p>Osade komponentide k\u00e4ttesaadavuse viivituste t\u00f5ttu v\u00f5ib rattapreemia kohaletoimetamine v\u00f5tta kuni 8 kuud.<\/p>\n<p><strong>Isikuandmete t\u00f6\u00f6tlemise teave<\/strong><br \/>\nKorraldaja, isikuandmete vastutav t\u00f6\u00f6tleja (m\u00e4\u00e4rus (EL) 2016\/679), annab teile j\u00e4rgmise teabe:<\/p>\n<p>T\u00f6\u00f6tlemise tegevus:<br \/>\n\u2013 Loosim\u00e4ngude korraldamine ja \u00f5iglase h\u00e4\u00e4letuse tagamine<\/p>\n<p>\u00d5iguslik alus:<br \/>\n\u2013 Lepinguline alus (need reeglid)<\/p>\n<p>T\u00f6\u00f6deldavad andmed:<br \/>\n\u2013 Identifitseerimisandmed, kontaktandmed, suhtlusajalugu<\/p>\n<p>S\u00e4ilitamise periood:<br \/>\n\u2013 1 aasta p\u00e4rast loosim\u00e4ngu l\u00f5ppu<\/p>\n<p>Saajad:<br \/>\n\u2013 L\u00e4biviija: MUSTARD s.r.o.<br \/>\n\u2013 Vajadusel: kohtud, politsei, ametiasutused<\/p>\n<p>Andmete allikas:<br \/>\n\u2013 Otse osalejalt<\/p>\n<p>Andmete edastamine kolmandatesse riikidesse:<br \/>\n\u2013 Ei toimu<\/p>\n<p>Automaatotsused:<br \/>\n\u2013 Ei rakendu<\/p>\n<p>T\u00e4iendavad kasutused:<br \/>\n\u2013 Avalik huvi, teadusuuringud, statistika<\/p>\n<p>\u00d5igused:<br \/>\n\u2013 Juurdep\u00e4\u00e4s, parandamine, kustutamine, t\u00f6\u00f6tlemise piiramine, andmete \u00fclekantavus, vastuv\u00e4ited<\/p>\n<p>Kontakt andmete kasutamiseks \u00f5iguste teostamisel:<br \/>\n\u2013 Veebis: <a href=\"https:\/\/www.skoda-auto.com\/data-privacy\">https:\/\/www.skoda-auto.com\/data-privacy<\/a><br \/>\n\u2013 Postiga: \u0160koda Auto a.s., Data Protection Office, t\u0159. V\u00e1clava Klementa 869, 293 01 Mlad\u00e1 Boleslav, T\u0161ehhi Vabariik<\/p>\n<p>Andmekaitseametnik:<br \/>\n\u2013 dpo@skoda-auto.cz<\/p>\n<p>Kui te ei n\u00f5ustu andmete t\u00f6\u00f6tlemisega, v\u00f5ite esitada kaebuse kas \u0160koda Auto andmekaitseametnikule v\u00f5i j\u00e4relevalveasutusele (T\u0161ehhi isikuandmete kaitse amet, <a href=\"https:\/\/www.uoou.cz\/en\">https:\/\/www.uoou.cz\/en<\/a>).<\/p>\n<p><strong>Muud olulised tingimused<\/strong><br \/>\nKorraldaja m\u00e4\u00e4rab auhindade t\u00e4psed spetsifikatsioonid. Kujutised reklaammaterjalides on illustratiivsed. Korraldaja ei vastuta auhinna kasutamisest tuleneva kahju eest.<\/p>\n<p>Auhindu ei saa asendada raha ega muu h\u00fcvitisega. Osalejad ei saa n\u00f5uda muud t\u00e4itmist peale siin s\u00e4testatu.<\/p>\n<p>Korraldaja ei vastuta osalemisega seotud otsese ega kaudse kahju eest. Osaleja v\u00f5tab riskid enda peale.<\/p>\n<p>Korraldajal on \u00f5igus osaleja diskvalifitseerimiseks, kui ilmneb pettus v\u00f5i reeglite rikkumine.<\/p>\n<p>Korraldaja ei vastuta tehniliste probleemide v\u00f5i sidekatkestuste eest. K\u00f5ik vaidlused lahendab korraldaja l\u00f5plikult. Korraldaja v\u00f5ib \u00fchepoolselt muuta v\u00f5i t\u00fchistada reegleid ilma h\u00fcvitiseta, avaldades muudatused loosim\u00e4ngu veebilehel.<\/p>\n<p>Loosim\u00e4ngule kohaldatakse T\u0161ehhi Vabariigi seadusi.<\/p>\n<p>&nbsp;<\/p>\n","protected":false},"excerpt":{"rendered":"<p>aasta La Vuelta loosim\u00e4ngu reeglid Need reeglid m\u00e4\u00e4ravad \u201e2025 La Vuelta loosim\u00e4ngu\u201c (edaspidi \u201eloosim\u00e4ng\u201c) tingimused ning on ainus dokument, mis [&hellip;]<\/p>\n","protected":false},"author":199,"featured_media":0,"parent":2940,"menu_order":0,"comment_status":"closed","ping_status":"closed","template":"templates\/template-empty-page-headline.php","meta":{"footnotes":""},"tags":[468],"class_list":["post-2950","page","type-page","status-publish","hentry","tag-2025-la-vuelta"],"yoast_head":"<!-- This site is optimized with the Yoast SEO Premium plugin v25.3 (Yoast SEO v25.9) - https:\/\/yoast.com\/wordpress\/plugins\/seo\/ -->\n<title>Loosim\u00e4ngu reeglid - \u0160koda We Love Cycling - Estonia<\/title>\n<meta name=\"robots\" content=\"index, follow, max-snippet:-1, max-image-preview:large, max-video-preview:-1\" \/>\n<link rel=\"canonical\" href=\"https:\/\/www.welovecycling.com\/ee\/la-vuelta-2025\/terms\/\" \/>\n<meta property=\"og:locale\" content=\"et_EE\" \/>\n<meta property=\"og:type\" content=\"article\" \/>\n<meta property=\"og:title\" content=\"Loosim\u00e4ngu reeglid\" \/>\n<meta property=\"og:description\" content=\"aasta La Vuelta loosim\u00e4ngu reeglid Need reeglid m\u00e4\u00e4ravad \u201e2025 La Vuelta loosim\u00e4ngu\u201c (edaspidi \u201eloosim\u00e4ng\u201c) tingimused ning on ainus dokument, mis [&hellip;]\" \/>\n<meta property=\"og:url\" content=\"https:\/\/www.welovecycling.com\/ee\/la-vuelta-2025\/terms\/\" \/>\n<meta property=\"og:site_name\" content=\"\u0160koda We Love Cycling - Estonia\" \/>\n<meta property=\"article:modified_time\" content=\"2025-08-15T14:23:31+00:00\" \/>\n<meta name=\"twitter:card\" content=\"summary_large_image\" \/>\n<meta name=\"twitter:label1\" content=\"Est. reading time\" \/>\n\t<meta name=\"twitter:data1\" content=\"3 minutes\" \/>\n<script type=\"application\/ld+json\" class=\"yoast-schema-graph\">{\"@context\":\"https:\/\/schema.org\",\"@graph\":[{\"@type\":\"WebPage\",\"@id\":\"https:\/\/www.welovecycling.com\/ee\/la-vuelta-2025\/terms\/\",\"url\":\"https:\/\/www.welovecycling.com\/ee\/la-vuelta-2025\/terms\/\",\"name\":\"Loosim\u00e4ngu reeglid - \u0160koda We Love Cycling - Estonia\",\"isPartOf\":{\"@id\":\"https:\/\/www.welovecycling.com\/ee\/#website\"},\"datePublished\":\"2025-08-12T10:26:01+00:00\",\"dateModified\":\"2025-08-15T14:23:31+00:00\",\"breadcrumb\":{\"@id\":\"https:\/\/www.welovecycling.com\/ee\/la-vuelta-2025\/terms\/#breadcrumb\"},\"inLanguage\":\"et\",\"potentialAction\":[{\"@type\":\"ReadAction\",\"target\":[\"https:\/\/www.welovecycling.com\/ee\/la-vuelta-2025\/terms\/\"]}]},{\"@type\":\"BreadcrumbList\",\"@id\":\"https:\/\/www.welovecycling.com\/ee\/la-vuelta-2025\/terms\/#breadcrumb\",\"itemListElement\":[{\"@type\":\"ListItem\",\"position\":1,\"name\":\"La Vuelta 2025\",\"item\":\"https:\/\/www.welovecycling.com\/ee\/la-vuelta-2025\/\"},{\"@type\":\"ListItem\",\"position\":2,\"name\":\"Loosim\u00e4ngu reeglid\"}]},{\"@type\":\"WebSite\",\"@id\":\"https:\/\/www.welovecycling.com\/ee\/#website\",\"url\":\"https:\/\/www.welovecycling.com\/ee\/\",\"name\":\"\u0160koda We Love Cycling - Estonia\",\"description\":\"\",\"potentialAction\":[{\"@type\":\"SearchAction\",\"target\":{\"@type\":\"EntryPoint\",\"urlTemplate\":\"https:\/\/www.welovecycling.com\/ee\/?s={search_term_string}\"},\"query-input\":{\"@type\":\"PropertyValueSpecification\",\"valueRequired\":true,\"valueName\":\"search_term_string\"}}],\"inLanguage\":\"et\"}]}<\/script>\n<!-- \/ Yoast SEO Premium plugin. -->","yoast_head_json":{"title":"Loosim\u00e4ngu reeglid - \u0160koda We Love Cycling - Estonia","robots":{"index":"index","follow":"follow","max-snippet":"max-snippet:-1","max-image-preview":"max-image-preview:large","max-video-preview":"max-video-preview:-1"},"canonical":"https:\/\/www.welovecycling.com\/ee\/la-vuelta-2025\/terms\/","og_locale":"et_EE","og_type":"article","og_title":"Loosim\u00e4ngu reeglid","og_description":"aasta La Vuelta loosim\u00e4ngu reeglid Need reeglid m\u00e4\u00e4ravad \u201e2025 La Vuelta loosim\u00e4ngu\u201c (edaspidi \u201eloosim\u00e4ng\u201c) tingimused ning on ainus dokument, mis [&hellip;]","og_url":"https:\/\/www.welovecycling.com\/ee\/la-vuelta-2025\/terms\/","og_site_name":"\u0160koda We Love Cycling - Estonia","article_modified_time":"2025-08-15T14:23:31+00:00","twitter_card":"summary_large_image","twitter_misc":{"Est. reading time":"3 minutes"},"schema":{"@context":"https:\/\/schema.org","@graph":[{"@type":"WebPage","@id":"https:\/\/www.welovecycling.com\/ee\/la-vuelta-2025\/terms\/","url":"https:\/\/www.welovecycling.com\/ee\/la-vuelta-2025\/terms\/","name":"Loosim\u00e4ngu reeglid - \u0160koda We Love Cycling - Estonia","isPartOf":{"@id":"https:\/\/www.welovecycling.com\/ee\/#website"},"datePublished":"2025-08-12T10:26:01+00:00","dateModified":"2025-08-15T14:23:31+00:00","breadcrumb":{"@id":"https:\/\/www.welovecycling.com\/ee\/la-vuelta-2025\/terms\/#breadcrumb"},"inLanguage":"et","potentialAction":[{"@type":"ReadAction","target":["https:\/\/www.welovecycling.com\/ee\/la-vuelta-2025\/terms\/"]}]},{"@type":"BreadcrumbList","@id":"https:\/\/www.welovecycling.com\/ee\/la-vuelta-2025\/terms\/#breadcrumb","itemListElement":[{"@type":"ListItem","position":1,"name":"La Vuelta 2025","item":"https:\/\/www.welovecycling.com\/ee\/la-vuelta-2025\/"},{"@type":"ListItem","position":2,"name":"Loosim\u00e4ngu reeglid"}]},{"@type":"WebSite","@id":"https:\/\/www.welovecycling.com\/ee\/#website","url":"https:\/\/www.welovecycling.com\/ee\/","name":"\u0160koda We Love Cycling - Estonia","description":"","potentialAction":[{"@type":"SearchAction","target":{"@type":"EntryPoint","urlTemplate":"https:\/\/www.welovecycling.com\/ee\/?s={search_term_string}"},"query-input":{"@type":"PropertyValueSpecification","valueRequired":true,"valueName":"search_term_string"}}],"inLanguage":"et"}]}},"_links":{"self":[{"href":"https:\/\/www.welovecycling.com\/ee\/wp-json\/wp\/v2\/pages\/2950","targetHints":{"allow":["GET"]}}],"collection":[{"href":"https:\/\/www.welovecycling.com\/ee\/wp-json\/wp\/v2\/pages"}],"about":[{"href":"https:\/\/www.welovecycling.com\/ee\/wp-json\/wp\/v2\/types\/page"}],"author":[{"embeddable":true,"href":"https:\/\/www.welovecycling.com\/ee\/wp-json\/wp\/v2\/users\/199"}],"replies":[{"embeddable":true,"href":"https:\/\/www.welovecycling.com\/ee\/wp-json\/wp\/v2\/comments?post=2950"}],"version-history":[{"count":4,"href":"https:\/\/www.welovecycling.com\/ee\/wp-json\/wp\/v2\/pages\/2950\/revisions"}],"predecessor-version":[{"id":2954,"href":"https:\/\/www.welovecycling.com\/ee\/wp-json\/wp\/v2\/pages\/2950\/revisions\/2954"}],"up":[{"embeddable":true,"href":"https:\/\/www.welovecycling.com\/ee\/wp-json\/wp\/v2\/pages\/2940"}],"wp:attachment":[{"href":"https:\/\/www.welovecycling.com\/ee\/wp-json\/wp\/v2\/media?parent=2950"}],"wp:term":[{"taxonomy":"post_tag","embeddable":true,"href":"https:\/\/www.welovecycling.com\/ee\/wp-json\/wp\/v2\/tags?post=2950"}],"curies":[{"name":"wp","href":"https:\/\/api.w.org\/{rel}","templated":true}]}}