{"id":2905,"date":"2025-08-11T13:33:25","date_gmt":"2025-08-11T10:33:25","guid":{"rendered":"https:\/\/www.welovecycling.com\/ee\/?page_id=2905"},"modified":"2025-08-13T15:15:18","modified_gmt":"2025-08-13T12:15:18","slug":"contest-memorandum","status":"publish","type":"page","link":"https:\/\/www.welovecycling.com\/ee\/docs\/contest-memorandum\/","title":{"rendered":"Teave isikuandmete t\u00f6\u00f6tlemise kohta (v\u00f5istlused)"},"content":{"rendered":"<p>K\u00e4esoleva dokumendiga anname meie, isikuandmete vastutava t\u00f6\u00f6tlejana \u2013 ettev\u00f5te \u0160koda AUTO a.s., t\u0159. V\u00e1clava Klementa 869, Mlad\u00e1 Boleslav II, 293 10, Mlad\u00e1 Boleslav, registreerimisnumber: 00177041, registreeritud Praha linnakohtu \u00e4riregistris B-jaos, toimiku nr 332 all (edaspidi \u201e\u0160koda AUTO\u201c) \u2013 teavet isikuandmete t\u00f6\u00f6tlemise ja teie sellega seotud \u00f5iguste kohta.<\/p>\n<p>Isikuandmete t\u00f6\u00f6tlemine toimub j\u00e4rgmise tegevuse raames:<\/p>\n<h3>V\u00f5istluste korraldamine ja h\u00e4\u00e4letamine<\/h3>\n<h2>T\u00f6\u00f6tlemise eesm\u00e4rk:<\/h2>\n<p>V\u00f5istluste korraldamine ja h\u00e4\u00e4letamisv\u00f5istlusel \u00f5iglase h\u00e4\u00e4letamise tagamine<\/p>\n<h2>T\u00f6\u00f6tlemise eesm\u00e4rgi kirjeldus:<\/h2>\n<p>Kui otsustate osaleda meie tegevuste raames korraldataval v\u00f5istlusel, kasutame teie isikuandmeid, kui olete v\u00f5istlusel osaleja, st teie andmeid ja teie lapse andmeid, kui olete v\u00f5istlusel osaleja seaduslik eestkostja, et saaksime teid osalejate hulka lisada, v\u00f5istlust hinnata ja auhinda saata v\u00f5i k\u00e4tte toimetada. Neid tegevusi v\u00f5ime teostada ise v\u00f5i kolmandate isikute \u2013 asutuste \u2013 kaudu. Nende andmete abil saame ka minimeerida olukordi, kus \u00fcks inimene h\u00e4\u00e4letab mitu korda.<\/p>\n<h2>T\u00f6\u00f6tlemise \u00f5iguslik alus:<\/h2>\n<p>Me peame t\u00f6\u00f6tlema andmeid, kuna see on vajalik meie kohustuste t\u00e4itmiseks v\u00e4ljakuulutatud konkursist. Teie isikuandmete esitamine on lepinguline n\u00f5ue ja kui te neid ei esita, ei pruugi te seet\u00f5ttu konkursil osaleda.<\/p>\n<h2>Meie poolt t\u00f6\u00f6deldavate isikuandmete kategooriad:<\/h2>\n<p>Identifitseerimisandmed, kontaktandmed<\/p>\n<h2>T\u00f6\u00f6tlemise ja arhiveerimise periood:<\/h2>\n<p>1 aasta p\u00e4rast konkursi l\u00f5ppu<\/p>\n<h2>Andmet\u00f6\u00f6tlejate v\u00f5i vastuv\u00f5tjate kategooriad, kellele me v\u00f5ime isikuandmeid edastada:<\/h2>\n<p>V\u00f5istlust korraldavad asutused.<\/p>\n<p>Taotluse korral v\u00f5idakse teie isikuandmeid edastada avaliku sektori asutustele, eelk\u00f5ige kohtutele, T\u0161ehhi Vabariigi politseile ja teistele \u00f5iguskaitseasutustele vajalikus ulatuses ja seaduse piires.<\/p>\n<h2>Isikuandmete allikas:<\/h2>\n<p>Saame isikuandmed otse teilt.<\/p>\n<h2>Isikuandmete edastamine kolmandatesse riikidesse v\u00f5i riikidevahelistesse organisatsioonidesse:<\/h2>\n<p>Selle t\u00f6\u00f6tlemise osana v\u00f5idakse teie isikuandmeid edastada kolmandates riikides asuvatele vastuv\u00f5tjatele, st Ameerika \u00dchendriikidesse. Sellisel juhul v\u00f5ib edastamine toimuda kas Euroopa Komisjoni piisavusotsuse alusel, st organisatsioonidele, kes osalevad Privaatsuskilbi programmis, v\u00f5i Euroopa Komisjoni v\u00e4ljastatud t\u00fc\u00fcptingimuste alusel, st Euroopa Komisjoni v\u00e4ljastatud t\u00fc\u00fcplepingu alusel, ilma teksti muutmata, nagu on ette n\u00e4htud kehtivate isikuandmete kaitse \u00f5igusaktidega. Uusima teabe leiate aadressilt <a href=\"http:\/\/www.skoda-auto.com\/other\/privacy-statement\">http:\/\/www.skoda-auto.com\/other\/privacy-statement<\/a>.<\/p>\n<h2>Isikuandmetel p\u00f5hinev automatiseeritud otsuste tegemine:<\/h2>\n<p>Selle isikuandmete t\u00f6\u00f6tlemise k\u00e4igus ei toimu isikuandmetel p\u00f5hinevat automatiseeritud otsuste tegemist.<\/p>\n<h2>Muu teave<\/h2>\n<p>Isikuandmeid v\u00f5idakse avalikes huvides arhiveerida ja kasutada teaduslikel, ajaloo- v\u00f5i statistilistel uurimist\u00f6\u00f6del. P\u00f5hjendatud juhtudel v\u00f5idakse isikuandmeid t\u00f6\u00f6delda ka \u00f5igusk\u00fcsimuste lahendamiseks, sealhulgas avaliku halduse asutuste ees olevate kohustuste t\u00e4itmiseks ning \u00f5igusriskide j\u00e4lgimiseks ja pidevaks hindamiseks.<\/p>\n<p>Millised on teie \u00f5igused?<\/p>\n","protected":false},"excerpt":{"rendered":"<p>K\u00e4esoleva dokumendiga anname meie, isikuandmete vastutava t\u00f6\u00f6tlejana \u2013 ettev\u00f5te \u0160koda AUTO a.s., t\u0159. V\u00e1clava Klementa 869, Mlad\u00e1 Boleslav II, 293 [&hellip;]<\/p>\n","protected":false},"author":199,"featured_media":0,"parent":115,"menu_order":0,"comment_status":"closed","ping_status":"closed","template":"templates\/template-empty-page-headline.php","meta":{"footnotes":""},"tags":[],"class_list":["post-2905","page","type-page","status-publish","hentry"],"yoast_head":"<!-- This site is optimized with the Yoast SEO Premium plugin v25.3 (Yoast SEO v25.9) - https:\/\/yoast.com\/wordpress\/plugins\/seo\/ -->\n<title>Teave isikuandmete t\u00f6\u00f6tlemise kohta (v\u00f5istlused) - \u0160koda We Love Cycling - Estonia<\/title>\n<meta name=\"robots\" content=\"index, follow, max-snippet:-1, max-image-preview:large, max-video-preview:-1\" \/>\n<link rel=\"canonical\" href=\"https:\/\/www.welovecycling.com\/ee\/docs\/contest-memorandum\/\" \/>\n<meta property=\"og:locale\" content=\"et_EE\" \/>\n<meta property=\"og:type\" content=\"article\" \/>\n<meta property=\"og:title\" content=\"Teave isikuandmete t\u00f6\u00f6tlemise kohta (v\u00f5istlused)\" \/>\n<meta property=\"og:description\" content=\"K\u00e4esoleva dokumendiga anname meie, isikuandmete vastutava t\u00f6\u00f6tlejana \u2013 ettev\u00f5te \u0160koda AUTO a.s., t\u0159. V\u00e1clava Klementa 869, Mlad\u00e1 Boleslav II, 293 [&hellip;]\" \/>\n<meta property=\"og:url\" content=\"https:\/\/www.welovecycling.com\/ee\/docs\/contest-memorandum\/\" \/>\n<meta property=\"og:site_name\" content=\"\u0160koda We Love Cycling - Estonia\" \/>\n<meta property=\"article:modified_time\" content=\"2025-08-13T12:15:18+00:00\" \/>\n<meta name=\"twitter:card\" content=\"summary_large_image\" \/>\n<meta name=\"twitter:label1\" content=\"Est. reading time\" \/>\n\t<meta name=\"twitter:data1\" content=\"2 minutes\" \/>\n<script type=\"application\/ld+json\" class=\"yoast-schema-graph\">{\"@context\":\"https:\/\/schema.org\",\"@graph\":[{\"@type\":\"WebPage\",\"@id\":\"https:\/\/www.welovecycling.com\/ee\/docs\/contest-memorandum\/\",\"url\":\"https:\/\/www.welovecycling.com\/ee\/docs\/contest-memorandum\/\",\"name\":\"Teave isikuandmete t\u00f6\u00f6tlemise kohta (v\u00f5istlused) - \u0160koda We Love Cycling - Estonia\",\"isPartOf\":{\"@id\":\"https:\/\/www.welovecycling.com\/ee\/#website\"},\"datePublished\":\"2025-08-11T10:33:25+00:00\",\"dateModified\":\"2025-08-13T12:15:18+00:00\",\"breadcrumb\":{\"@id\":\"https:\/\/www.welovecycling.com\/ee\/docs\/contest-memorandum\/#breadcrumb\"},\"inLanguage\":\"et\",\"potentialAction\":[{\"@type\":\"ReadAction\",\"target\":[\"https:\/\/www.welovecycling.com\/ee\/docs\/contest-memorandum\/\"]}]},{\"@type\":\"BreadcrumbList\",\"@id\":\"https:\/\/www.welovecycling.com\/ee\/docs\/contest-memorandum\/#breadcrumb\",\"itemListElement\":[{\"@type\":\"ListItem\",\"position\":1,\"name\":\"Documents\",\"item\":\"https:\/\/www.welovecycling.com\/ee\/docs\/\"},{\"@type\":\"ListItem\",\"position\":2,\"name\":\"Teave isikuandmete t\u00f6\u00f6tlemise kohta (v\u00f5istlused)\"}]},{\"@type\":\"WebSite\",\"@id\":\"https:\/\/www.welovecycling.com\/ee\/#website\",\"url\":\"https:\/\/www.welovecycling.com\/ee\/\",\"name\":\"\u0160koda We Love Cycling - Estonia\",\"description\":\"\",\"potentialAction\":[{\"@type\":\"SearchAction\",\"target\":{\"@type\":\"EntryPoint\",\"urlTemplate\":\"https:\/\/www.welovecycling.com\/ee\/?s={search_term_string}\"},\"query-input\":{\"@type\":\"PropertyValueSpecification\",\"valueRequired\":true,\"valueName\":\"search_term_string\"}}],\"inLanguage\":\"et\"}]}<\/script>\n<!-- \/ Yoast SEO Premium plugin. -->","yoast_head_json":{"title":"Teave isikuandmete t\u00f6\u00f6tlemise kohta (v\u00f5istlused) - \u0160koda We Love Cycling - Estonia","robots":{"index":"index","follow":"follow","max-snippet":"max-snippet:-1","max-image-preview":"max-image-preview:large","max-video-preview":"max-video-preview:-1"},"canonical":"https:\/\/www.welovecycling.com\/ee\/docs\/contest-memorandum\/","og_locale":"et_EE","og_type":"article","og_title":"Teave isikuandmete t\u00f6\u00f6tlemise kohta (v\u00f5istlused)","og_description":"K\u00e4esoleva dokumendiga anname meie, isikuandmete vastutava t\u00f6\u00f6tlejana \u2013 ettev\u00f5te \u0160koda AUTO a.s., t\u0159. V\u00e1clava Klementa 869, Mlad\u00e1 Boleslav II, 293 [&hellip;]","og_url":"https:\/\/www.welovecycling.com\/ee\/docs\/contest-memorandum\/","og_site_name":"\u0160koda We Love Cycling - Estonia","article_modified_time":"2025-08-13T12:15:18+00:00","twitter_card":"summary_large_image","twitter_misc":{"Est. reading time":"2 minutes"},"schema":{"@context":"https:\/\/schema.org","@graph":[{"@type":"WebPage","@id":"https:\/\/www.welovecycling.com\/ee\/docs\/contest-memorandum\/","url":"https:\/\/www.welovecycling.com\/ee\/docs\/contest-memorandum\/","name":"Teave isikuandmete t\u00f6\u00f6tlemise kohta (v\u00f5istlused) - \u0160koda We Love Cycling - Estonia","isPartOf":{"@id":"https:\/\/www.welovecycling.com\/ee\/#website"},"datePublished":"2025-08-11T10:33:25+00:00","dateModified":"2025-08-13T12:15:18+00:00","breadcrumb":{"@id":"https:\/\/www.welovecycling.com\/ee\/docs\/contest-memorandum\/#breadcrumb"},"inLanguage":"et","potentialAction":[{"@type":"ReadAction","target":["https:\/\/www.welovecycling.com\/ee\/docs\/contest-memorandum\/"]}]},{"@type":"BreadcrumbList","@id":"https:\/\/www.welovecycling.com\/ee\/docs\/contest-memorandum\/#breadcrumb","itemListElement":[{"@type":"ListItem","position":1,"name":"Documents","item":"https:\/\/www.welovecycling.com\/ee\/docs\/"},{"@type":"ListItem","position":2,"name":"Teave isikuandmete t\u00f6\u00f6tlemise kohta (v\u00f5istlused)"}]},{"@type":"WebSite","@id":"https:\/\/www.welovecycling.com\/ee\/#website","url":"https:\/\/www.welovecycling.com\/ee\/","name":"\u0160koda We Love Cycling - Estonia","description":"","potentialAction":[{"@type":"SearchAction","target":{"@type":"EntryPoint","urlTemplate":"https:\/\/www.welovecycling.com\/ee\/?s={search_term_string}"},"query-input":{"@type":"PropertyValueSpecification","valueRequired":true,"valueName":"search_term_string"}}],"inLanguage":"et"}]}},"_links":{"self":[{"href":"https:\/\/www.welovecycling.com\/ee\/wp-json\/wp\/v2\/pages\/2905","targetHints":{"allow":["GET"]}}],"collection":[{"href":"https:\/\/www.welovecycling.com\/ee\/wp-json\/wp\/v2\/pages"}],"about":[{"href":"https:\/\/www.welovecycling.com\/ee\/wp-json\/wp\/v2\/types\/page"}],"author":[{"embeddable":true,"href":"https:\/\/www.welovecycling.com\/ee\/wp-json\/wp\/v2\/users\/199"}],"replies":[{"embeddable":true,"href":"https:\/\/www.welovecycling.com\/ee\/wp-json\/wp\/v2\/comments?post=2905"}],"version-history":[{"count":3,"href":"https:\/\/www.welovecycling.com\/ee\/wp-json\/wp\/v2\/pages\/2905\/revisions"}],"predecessor-version":[{"id":2909,"href":"https:\/\/www.welovecycling.com\/ee\/wp-json\/wp\/v2\/pages\/2905\/revisions\/2909"}],"up":[{"embeddable":true,"href":"https:\/\/www.welovecycling.com\/ee\/wp-json\/wp\/v2\/pages\/115"}],"wp:attachment":[{"href":"https:\/\/www.welovecycling.com\/ee\/wp-json\/wp\/v2\/media?parent=2905"}],"wp:term":[{"taxonomy":"post_tag","embeddable":true,"href":"https:\/\/www.welovecycling.com\/ee\/wp-json\/wp\/v2\/tags?post=2905"}],"curies":[{"name":"wp","href":"https:\/\/api.w.org\/{rel}","templated":true}]}}