{"id":2894,"date":"2025-08-11T13:44:24","date_gmt":"2025-08-11T10:44:24","guid":{"rendered":"https:\/\/www.welovecycling.com\/ee\/?page_id=2894"},"modified":"2025-08-18T11:38:33","modified_gmt":"2025-08-18T08:38:33","slug":"2025-uci-world-championships-terms-and-conditions","status":"publish","type":"page","link":"https:\/\/www.welovecycling.com\/ee\/2025-uci-world-championships-terms-and-conditions\/","title":{"rendered":"Tingimused"},"content":{"rendered":"<p><span data-contrast=\"auto\">Need reeglid reguleerivad \u201c2025 FYA Contest\u2019i\u201d (edaspidi &#8220;Konkursi&#8221;) tingimusi ja moodustavad ainsa dokumenti, mis t\u00e4ielikult ja kohustuslikult m\u00e4\u00e4rab selle konkursi reeglid.<\/span><span data-ccp-props=\"{&quot;134233117&quot;:true,&quot;134233118&quot;:true,&quot;201341983&quot;:0,&quot;335559740&quot;:240}\">\u00a0<\/span><\/p>\n<p aria-level=\"3\"><span data-contrast=\"none\">Konkursi korraldaja ja host<\/span><span data-ccp-props=\"{&quot;134245418&quot;:true,&quot;134245529&quot;:true,&quot;335559738&quot;:320,&quot;335559739&quot;:80}\">\u00a0<\/span><\/p>\n<p><span data-contrast=\"auto\">Konkurssi hostiks on \u0160koda Auto a.s., aktsiaselts aadressil t\u0159. V\u00e1clava Klementa 869, 293\u202f01 Mlad\u00e1 Boleslav, T\u0161ehhi Vabariik, ettev\u00f5tte ID 00177041, registreeritud \u00c4riregistris, mida haldab Praha linnakohus, osakond\u202fB, registrikande nr\u202f332 (edaspidi &#8220;Host&#8221;).<\/span><span data-ccp-props=\"{&quot;134233117&quot;:true,&quot;134233118&quot;:true,&quot;201341983&quot;:0,&quot;335559740&quot;:240}\">\u00a0<\/span><\/p>\n<p><span data-contrast=\"auto\">Konkursi korraldajaks, kes vastutab praktilise korralduse eest, on MUSTARD s.r.o., registritud aadressil Praha\u202f1 \u2013 Nov\u00e9 M\u011bsto, Masarykovo n\u00e1b\u0159.\u202f246, 110\u202f00, T\u0161ehhi Vabariik, ID\u202f28531418, registreeritud \u00c4riregistris Praha linnakohtu osakonnas\u202fC, sissekanne 148383 (edaspidi &#8220;Korraldaja&#8221;).<\/span><span data-ccp-props=\"{&quot;134233117&quot;:true,&quot;134233118&quot;:true,&quot;201341983&quot;:0,&quot;335559740&quot;:240}\">\u00a0<\/span><\/p>\n<p><span data-contrast=\"auto\">Konkursi tegevus toimub veebilehel <\/span><a href=\"http:\/\/www.welovecycling.com\/\"><span data-contrast=\"none\">www.welovecycling.com<\/span><\/a><span data-contrast=\"auto\"> (edaspidi &#8220;Konkursi veebileht&#8221;), kus toimub peamine osalejatega suhtlus.<\/span><span data-ccp-props=\"{&quot;134233117&quot;:true,&quot;134233118&quot;:true,&quot;201341983&quot;:0,&quot;335559740&quot;:240}\">\u00a0<\/span><\/p>\n<p><span data-ccp-props=\"{}\">\u00a0<\/span><\/p>\n<p aria-level=\"3\"><span data-contrast=\"none\">Konkursi osalejad<\/span><span data-ccp-props=\"{&quot;134245418&quot;:true,&quot;134245529&quot;:true,&quot;335559738&quot;:320,&quot;335559739&quot;:80}\">\u00a0<\/span><\/p>\n<p><span data-contrast=\"auto\">Konkursil v\u00f5ib osaleda iga isik, kes on v\u00e4hemalt 18-aastane ja kelle elukoht on \u00fches neist riikidest, kus konkurss toimub: ANDORRA, AUSTRALIA, AUSTRIA, BELGIUM, BOSNIA, BULGARIA, CROATIA, CZECH REPUBLIC, DENMARK, ESTONIA, FINLAND, FRANCE, GERMANY, GREAT BRITAIN, GREECE, HUNGARY, ICELAND, IRELAND, ITALY, LATVIA, LIECHTENSTEIN, LITHUANIA, LUXEMBOURG, MONTENEGRO, THE NETHERLANDS, NORWAY, POLAND, PORTUGAL, ROMANIA, SERBIA, SLOVAKIA, SLOVENIA, SPAIN, SWEDEN, SWITZERLAND, UKRAINE.<\/span><span data-ccp-props=\"{&quot;134233117&quot;:true,&quot;134233118&quot;:true,&quot;201341983&quot;:0,&quot;335559740&quot;:240}\">\u00a0<\/span><\/p>\n<p><span data-contrast=\"auto\">Konkursist osav\u00f5tuks peab osaleja registreeruma Konkursi veebilehel \u00fchel konkursi perioodidest ja kinnitama nende reeglite tingimusteta aktsepteerimist. Registreerimise osa on ka enda e-posti aadressi edastamine (sisesta andmevorm), mida kasutatakse ainult k\u00e4esoleva konkursiga seotud eesm\u00e4rkidel.<\/span><span data-ccp-props=\"{&quot;134233117&quot;:true,&quot;134233118&quot;:true,&quot;201341983&quot;:0,&quot;335559740&quot;:240}\">\u00a0<\/span><\/p>\n<p><span data-contrast=\"auto\">Iga osaleja v\u00f5ib registreeruda vaid \u00fcks kord ja ainult oma e-posti aadressi abil. Host j\u00e4tab endale \u00f5iguse kontrollida selle reegli j\u00e4rgimist tehniliste ja korralduslike vahendite abil.<\/span><span data-ccp-props=\"{&quot;134233117&quot;:true,&quot;134233118&quot;:true,&quot;201341983&quot;:0,&quot;335559740&quot;:240}\">\u00a0<\/span><\/p>\n<p><span data-contrast=\"auto\">Konkurssi ettevalmistamises osalenud isikutel \u2014 eelk\u00f5ige Host\u2019i v\u00f5i Korraldaja t\u00f6\u00f6tajatel v\u00f5i nendega sarnases suhtes olevatel isikutel \u2014 ei ole \u00f5igus konkursil osaleda, samuti ei tohi osaleda isikud, kel on sarnane seos \u0160koda volitatud partneritega v\u00f5i n\u00f5ustamisagentuuridega, kes on \u00fclesandeks saanud konkursi korraldamise; samuti nende perekonnaliikmed ja nendega l\u00e4hedalt seotud isikud.<\/span><span data-ccp-props=\"{&quot;134233117&quot;:true,&quot;134233118&quot;:true,&quot;201341983&quot;:0,&quot;335559740&quot;:240}\">\u00a0<\/span><\/p>\n<p><span data-ccp-props=\"{}\">\u00a0<\/span><\/p>\n<p aria-level=\"3\"><span data-contrast=\"none\">Konkursi mehhanism ja v\u00f5itjate valimine<\/span><span data-ccp-props=\"{&quot;134245418&quot;:true,&quot;134245529&quot;:true,&quot;335559738&quot;:320,&quot;335559739&quot;:80}\">\u00a0<\/span><\/p>\n<p><span data-contrast=\"auto\">Konkursil osalemiseks peavad osalejad \u00fcles laadima enda foto ja esitlema oma e-posti aadressi ametliku We Love Cycling veebisaidi kaudu.<\/span><span data-ccp-props=\"{&quot;134233117&quot;:true,&quot;134233118&quot;:true,&quot;201341983&quot;:0,&quot;335559740&quot;:240}\">\u00a0<\/span><\/p>\n<p><span data-contrast=\"auto\">V\u00f5itjad selgitatakse vastavalt sellele, kui palju &#8220;laike&#8221; nende esitatud foto saab.<\/span><span data-ccp-props=\"{&quot;134233117&quot;:true,&quot;134233118&quot;:true,&quot;201341983&quot;:0,&quot;335559740&quot;:240}\">\u00a0<\/span><\/p>\n<p aria-level=\"4\"><span data-contrast=\"none\">Preemiad 1. voorus (23.\u201330. august 2025)<\/span><span data-ccp-props=\"{&quot;134245418&quot;:true,&quot;134245529&quot;:true,&quot;335559738&quot;:280,&quot;335559739&quot;:80}\">\u00a0<\/span><\/p>\n<ul>\n<li><span data-contrast=\"auto\">1.\u20133. koht: \u0160koda Hospitality Experience<\/span><\/li>\n<li><span data-contrast=\"auto\">4.\u20135. koht: Kala\u0161 jalgrattakomplekt<\/span><\/li>\n<li><span data-contrast=\"auto\">6.\u20139. koht: Maxxis Minion\u202fDHR\u202fII rehvikomplekt<\/span><span data-ccp-props=\"{&quot;134233117&quot;:true,&quot;134233118&quot;:true,&quot;201341983&quot;:0,&quot;335559740&quot;:240}\">\u00a0<\/span><\/li>\n<\/ul>\n<p aria-level=\"4\"><span data-contrast=\"none\">Preemiad 2. voorus (31. august \u2013 14. september 2025)<\/span><span data-ccp-props=\"{&quot;134245418&quot;:true,&quot;134245529&quot;:true,&quot;335559738&quot;:280,&quot;335559739&quot;:80}\">\u00a0<\/span><\/p>\n<ul>\n<li><span data-contrast=\"auto\">1.\u20133. koht: Garmin-seade<\/span><\/li>\n<li><span data-contrast=\"auto\">4.\u20135. koht: Kala\u0161 jalgrattakomplekt<\/span><\/li>\n<li><span data-contrast=\"auto\">6.\u20138. koht: Maxxis Ikon rehvikomplekt<\/span><span data-ccp-props=\"{&quot;134233117&quot;:true,&quot;134233118&quot;:true,&quot;201341983&quot;:0,&quot;335559740&quot;:240}\">\u00a0<\/span><\/li>\n<\/ul>\n<p aria-level=\"4\"><span data-contrast=\"none\">Preemiad 3. voorus (15.\u201328. september 2025)<\/span><span data-ccp-props=\"{&quot;134245418&quot;:true,&quot;134245529&quot;:true,&quot;335559738&quot;:280,&quot;335559739&quot;:80}\">\u00a0<\/span><\/p>\n<ul>\n<li><span data-contrast=\"auto\">1.\u20133. koht: Garmin-seade<\/span><\/li>\n<li><span data-contrast=\"auto\">4.\u20135. koht: Kala\u0161 jalgrattakomplekt<\/span><\/li>\n<li><span data-contrast=\"auto\">6.\u20138. koht: Maxxis Ikon rehvikomplekt<\/span><span data-ccp-props=\"{&quot;134233117&quot;:true,&quot;134233118&quot;:true,&quot;201341983&quot;:0,&quot;335559740&quot;:240}\">\u00a0<\/span><\/li>\n<\/ul>\n<p aria-level=\"4\"><span data-contrast=\"none\">Preemiad 4. voorus (29. september \u2013 12. oktoober 2025)<\/span><span data-ccp-props=\"{&quot;134245418&quot;:true,&quot;134245529&quot;:true,&quot;335559738&quot;:280,&quot;335559739&quot;:80}\">\u00a0<\/span><\/p>\n<ul>\n<li><span data-contrast=\"auto\">1. koht: \u0160koda Gravel Bike<\/span><\/li>\n<li><span data-contrast=\"auto\">2.\u20134. koht: \u0160koda Hospitality Experience<\/span><\/li>\n<li><span data-contrast=\"auto\">5.\u20136. koht: Kala\u0161 jalgrattakomplekt<\/span><span data-ccp-props=\"{&quot;134233117&quot;:true,&quot;134233118&quot;:true,&quot;201341983&quot;:0,&quot;335559740&quot;:240}\">\u00a0<\/span><\/li>\n<\/ul>\n<p><span data-contrast=\"auto\">Host teavitab v\u00f5itjaid registreerimisel esitatud e-posti aadressil viie p\u00e4eva jooksul peale vastava vooru l\u00f5ppu ning palub esitada teabe preemia \u00fcleandmiseks v\u00f5i edastamiseks v\u00f5i edasise suhtluse jaoks. Kui v\u00f5itja ei reageeri \u2014 isegi p\u00e4rast korduvat e-kirja Host\u2019i poolt \u2014 v\u00f5i ei anna kontaktandmeid 24 tunni jooksul p\u00e4rast kirja saatmist, loetakse preemia kasutamata j\u00e4\u00e4vaks ilma asendusv\u00f5imaluseta.<\/span><span data-ccp-props=\"{&quot;134233117&quot;:true,&quot;134233118&quot;:true,&quot;201341983&quot;:0,&quot;335559740&quot;:240}\">\u00a0<\/span><\/p>\n<p><span data-contrast=\"auto\">Valmistajate v\u00f5imalikud osade varustuse viivitused v\u00f5ivad p\u00f5hjustada rattapreemiate kohaletoimetamise kuni 8 kuu pikkuse hilinemise. Selline viivitus v\u00f5ib tuleneda asjaoludest, mis ei ole meie otseses kontrollis, n\u00e4iteks vajalike komponentide tarnimisest montaa\u017ei jaoks.<\/span><span data-ccp-props=\"{&quot;134233117&quot;:true,&quot;134233118&quot;:true,&quot;201341983&quot;:0,&quot;335559740&quot;:240}\">\u00a0<\/span><\/p>\n<p><span data-ccp-props=\"{}\">\u00a0<\/span><\/p>\n<p aria-level=\"3\"><span data-contrast=\"none\">Isikuandmete t\u00f6\u00f6tlemise teave<\/span><span data-ccp-props=\"{&quot;134245418&quot;:true,&quot;134245529&quot;:true,&quot;335559738&quot;:320,&quot;335559739&quot;:80}\">\u00a0<\/span><\/p>\n<p><span data-contrast=\"auto\">Host, kui isikuandmete vastutav t\u00f6\u00f6tleja vastavalt isikuandmete kaitse \u00fcldm\u00e4\u00e4rusele (EU m\u00e4\u00e4rus 2016\/679), annab teile j\u00e4rgneva teabe isikuandmete t\u00f6\u00f6tlemise ja sellega seotud \u00f5iguste kohta.<\/span><span data-ccp-props=\"{&quot;134233117&quot;:true,&quot;134233118&quot;:true,&quot;201341983&quot;:0,&quot;335559740&quot;:240}\">\u00a0<\/span><\/p>\n<p><span data-contrast=\"auto\">T\u00f6\u00f6tlemine toimub j\u00e4rgmise tegevuse raames:<\/span><br \/>\n<span data-contrast=\"auto\">\u2013 Konkurside korraldamine ja ausa h\u00e4\u00e4letuse tagamine h\u00e4\u00e4letusp\u00f5hises konkursis.<\/span><span data-ccp-props=\"{&quot;134233117&quot;:true,&quot;134233118&quot;:true,&quot;201341983&quot;:0,&quot;335559740&quot;:240}\">\u00a0<\/span><\/p>\n<p><b><span data-contrast=\"auto\">T\u00f6\u00f6tlemise \u00f5iguslik alus:<\/span><\/b><span data-contrast=\"auto\"> Teie andmete t\u00f6\u00f6tlemiseks on aluseks leping (k\u00e4esolevad konkursireeglid).<\/span><span data-ccp-props=\"{&quot;134233117&quot;:true,&quot;134233118&quot;:true,&quot;201341983&quot;:0,&quot;335559740&quot;:240}\">\u00a0<\/span><\/p>\n<p><b><span data-contrast=\"auto\">T\u00f6\u00f6deldavate isikuandmete kategooriad:<\/span><\/b><span data-contrast=\"auto\"> Identifitseerimis-, kontakt- ja suhtlusandmed, interaktsiooniga seotud info.<\/span><span data-ccp-props=\"{&quot;134233117&quot;:true,&quot;134233118&quot;:true,&quot;201341983&quot;:0,&quot;335559740&quot;:240}\">\u00a0<\/span><\/p>\n<p><b><span data-contrast=\"auto\">T\u00f6\u00f6tlemise periood:<\/span><\/b><span data-contrast=\"auto\"> T\u00f6\u00f6tleme teie isikuandmeid 1 aasta p\u00e4rast konkursi l\u00f5ppemist.<\/span><span data-ccp-props=\"{&quot;134233117&quot;:true,&quot;134233118&quot;:true,&quot;201341983&quot;:0,&quot;335559740&quot;:240}\">\u00a0<\/span><\/p>\n<p><b><span data-contrast=\"auto\">Andmet\u00f6\u00f6tlejate v\u00f5i andmetega vastuv\u00f5tjate kategooriad:<\/span><\/b><span data-contrast=\"auto\"> Andmet\u00f6\u00f6tlejaks on MUSTARD s.r.o., aadressil Praha\u202f1 \u2013 Nov\u00e9 M\u011bsto, Masarykovo n\u00e1b\u0159.\u202f246, 110\u202f00, T\u0161ehhi Vabariik, ID\u202f28531418, registreeritud T\u0161ehhi \u00c4riregistris Praha linnakohtu osakonnas\u202fC, kanne\u202f148383. Taotluse korral v\u00f5ivad teie andmed olla saadaval avalikele asutustele \u2014 eelk\u00f5ige kohtutele, T\u0161ehhi politseile ja teistele j\u00e4relevalveasutustele, vajalikul m\u00e4\u00e4ral ja seadusega lubatud ulatuses.<\/span><span data-ccp-props=\"{&quot;134233117&quot;:true,&quot;134233118&quot;:true,&quot;201341983&quot;:0,&quot;335559740&quot;:240}\">\u00a0<\/span><\/p>\n<p><b><span data-contrast=\"auto\">Isikuandmete allikas:<\/span><\/b><span data-contrast=\"auto\"> Saame isikuandmed otse teilt.<\/span><span data-ccp-props=\"{&quot;134233117&quot;:true,&quot;134233118&quot;:true,&quot;201341983&quot;:0,&quot;335559740&quot;:240}\">\u00a0<\/span><\/p>\n<p><b><span data-contrast=\"auto\">Isikuandmete edastamine kolmandatesse riikidesse v\u00f5i rahvusvahelistele ettev\u00f5tetele:<\/span><\/b><span data-contrast=\"auto\"> K\u00e4esoleva t\u00f6\u00f6tlemise raames teie andmeid kolmandatesse riikidesse ega rahvusvahelistele ettev\u00f5tetele ei edastata.<\/span><span data-ccp-props=\"{&quot;134233117&quot;:true,&quot;134233118&quot;:true,&quot;201341983&quot;:0,&quot;335559740&quot;:240}\">\u00a0<\/span><\/p>\n<p><b><span data-contrast=\"auto\">Automatiseeritud otsustamine isikuandmete alusel:<\/span><\/b><span data-contrast=\"auto\"> Automatiseeritud otsustamine ei rakendu.<\/span><span data-ccp-props=\"{&quot;134233117&quot;:true,&quot;134233118&quot;:true,&quot;201341983&quot;:0,&quot;335559740&quot;:240}\">\u00a0<\/span><\/p>\n<p><b><span data-contrast=\"auto\">Lisainfo:<\/span><\/b><span data-contrast=\"auto\"> Andmeid v\u00f5ib arhiveerida avalikus huvis ja kasutada teaduslikel, ajaloolistel v\u00f5i statistilistel eesm\u00e4rkidel. \u00d5igustatult v\u00f5ib andmeid t\u00f6\u00f6delda ka \u00f5iguslike vaidluste lahendamiseks, sealhulgas riiklike asutustega seotud kohustuste t\u00e4itmiseks ning juriidilise riski j\u00e4lgimiseks ja hindamiseks.<\/span><span data-ccp-props=\"{&quot;134233117&quot;:true,&quot;134233118&quot;:true,&quot;201341983&quot;:0,&quot;335559740&quot;:240}\">\u00a0<\/span><\/p>\n<p><span data-ccp-props=\"{}\">\u00a0<\/span><\/p>\n<p aria-level=\"3\"><span data-contrast=\"none\">Teie \u00f5igused ja kontaktteenused<\/span><span data-ccp-props=\"{&quot;134245418&quot;:true,&quot;134245529&quot;:true,&quot;335559738&quot;:320,&quot;335559739&quot;:80}\">\u00a0<\/span><\/p>\n<p><span data-contrast=\"auto\">Teil on j\u00e4rgmised \u00f5igused isikuandmete t\u00f6\u00f6tlemise suhtes: \u00f5igus juurdep\u00e4\u00e4sule, \u00f5igus parandada ebat\u00e4pseid v\u00f5i puudulikult esitatud andmeid, \u00f5igus andmete kustutamiseks eesm\u00e4rgi l\u00f5ppemisel v\u00f5i ilma loata t\u00f6\u00f6tlemisel, \u00f5igus andmete t\u00f6\u00f6tlemise piiramiseks v\u00f5i blokeerimiseks, \u00f5igus andmete edastamiseks masinloetavas vormingus teile endale v\u00f5i teisele andmet\u00f6\u00f6tlejale ning \u00f5igus mitte alluda automatiseeritud otsustele.<\/span><span data-ccp-props=\"{&quot;134233117&quot;:true,&quot;134233118&quot;:true,&quot;201341983&quot;:0,&quot;335559740&quot;:240}\">\u00a0<\/span><\/p>\n<p><span data-contrast=\"auto\">P\u00e4ringute esitamiseks v\u00f5ite kasutada allj\u00e4rgnevaid kanaleid:<\/span><br \/>\n<span data-contrast=\"auto\">\u2013 Elektrooniliselt: <\/span><a href=\"https:\/\/www.skoda-auto.com\/data-privacy\"><span data-contrast=\"none\">https:\/\/www.skoda-auto.com\/data-privacy<\/span><\/a><br \/>\n<span data-contrast=\"auto\">\u2013 Kirjalikult: \u0160koda Auto a.s., Data Protection Office, t\u0159. V\u00e1clava Klementa 869, Mlad\u00e1 Boleslav II, CZ\u202f293\u202f01 Mlad\u00e1 Boleslav, T\u0161ehhi Vabariik (inglise v\u00f5i t\u0161ehhi keeles)<\/span><span data-ccp-props=\"{&quot;134233117&quot;:true,&quot;134233118&quot;:true,&quot;201341983&quot;:0,&quot;335559740&quot;:240}\">\u00a0<\/span><\/p>\n<p><span data-contrast=\"auto\">Tekkinud kulude katteks v\u00f5ib \u0160koda Auto n\u00f5uda m\u00f5istlikku tasu, kui esitatud taotlus on ilmselgelt p\u00f5hjendamatu v\u00f5i liialt koormav, hinnates administratiivkulusid.<\/span><span data-ccp-props=\"{&quot;134233117&quot;:true,&quot;134233118&quot;:true,&quot;201341983&quot;:0,&quot;335559740&quot;:240}\">\u00a0<\/span><\/p>\n<p><span data-contrast=\"auto\">Isikuandmete kaitsega seotud k\u00fcsimuste korral v\u00f5tke \u00fchendust \u0160koda Auto andmekaitseametnikuga:<\/span><br \/>\n<span data-contrast=\"auto\">\u2013 dpo@skoda-auto.cz<\/span><span data-ccp-props=\"{&quot;134233117&quot;:true,&quot;134233118&quot;:true,&quot;201341983&quot;:0,&quot;335559740&quot;:240}\">\u00a0<\/span><\/p>\n<p><span data-contrast=\"auto\">Kui te ei n\u00f5ustu teie isikuandmete t\u00f6\u00f6tlemisega, v\u00f5ite esitada kaebuse \u0160koda Auto andmekaitseametnikule v\u00f5i andmete kaitse j\u00e4relevalveasutusele:<\/span><br \/>\n<span data-contrast=\"auto\">T\u0161ehhi isikuandmete kaitseamet, Pplk. Sochora\u202f27, 170\u202f00 Praha\u202f7, +420\u202f234\u202f665\u202f111, <\/span><a href=\"https:\/\/www.uoou.cz\/en\"><span data-contrast=\"none\">https:\/\/www.uoou.cz\/en<\/span><\/a><span data-ccp-props=\"{&quot;134233117&quot;:true,&quot;134233118&quot;:true,&quot;201341983&quot;:0,&quot;335559740&quot;:240}\">\u00a0<\/span><\/p>\n<p><span data-ccp-props=\"{}\">\u00a0<\/span><\/p>\n<p aria-level=\"3\"><span data-contrast=\"none\">Muud olulised tingimused<\/span><span data-ccp-props=\"{&quot;134245418&quot;:true,&quot;134245529&quot;:true,&quot;335559738&quot;:320,&quot;335559739&quot;:80}\">\u00a0<\/span><\/p>\n<p><span data-contrast=\"auto\">Host m\u00e4\u00e4rab ainuisikuliselt preemiate t\u00e4psed omadused. Turundusmaterjalides toodud kujutused on ainult illustratiivsed. Host ei vastuta osaleja v\u00f5imalikest kahjudest, mis v\u00f5ivad tekkida preemia kasutamisest.<\/span><span data-ccp-props=\"{&quot;134233117&quot;:true,&quot;134233118&quot;:true,&quot;201341983&quot;:0,&quot;335559740&quot;:240}\">\u00a0<\/span><\/p>\n<p><span data-contrast=\"auto\">Osalejatel ei ole \u00f5igust n\u00f5uda raha ega mingit muud h\u00fcvitist preemia asemel. Host ei ole kohustatud pakkuma osalejatele muid teenuseid, v\u00e4lja arvatud need, mis on k\u00e4esolevas dokumendis selges\u00f5naliselt m\u00e4rgitud.<\/span><span data-ccp-props=\"{&quot;134233117&quot;:true,&quot;134233118&quot;:true,&quot;201341983&quot;:0,&quot;335559740&quot;:240}\">\u00a0<\/span><\/p>\n<p><span data-contrast=\"auto\">Host ei vastuta otseste ega kaudsete kahjude eest, mis on seotud konkursil osalemisega. Osaleja tunnistab, et Host ei vastuta preemiaga seotud riskide ega kohustuste eest. Konkursi tulemused on l\u00f5plikud ega kuulu vaidlustamisele.<\/span><span data-ccp-props=\"{&quot;134233117&quot;:true,&quot;134233118&quot;:true,&quot;201341983&quot;:0,&quot;335559740&quot;:240}\">\u00a0<\/span><\/p>\n<p><span data-contrast=\"auto\">Osaleja v\u00f5idakse konkursilt v\u00e4listada, kui Host avastab v\u00f5i omab m\u00f5istlikke kahtlusi, et osaleja v\u00f5i teda abistavad isikud on petnud preemia saamise eesm\u00e4rgil v\u00f5i k\u00e4itunud ebaausalt v\u00f5i reegleid rikkudes ilma osaleja enda teadmata.<\/span><span data-ccp-props=\"{&quot;134233117&quot;:true,&quot;134233118&quot;:true,&quot;201341983&quot;:0,&quot;335559740&quot;:240}\">\u00a0<\/span><\/p>\n<p><span data-contrast=\"auto\">Host ei vastuta s\u00f5numite ega preemiate mittetoimetamise eest. Host ei vastuta tehniliste v\u00f5i kommunikatsiooniprobleemide t\u00f5ttu tekkinud vigade eest. Host langetab l\u00f5pliku otsuse mis tahes kaebuste v\u00f5i vastuv\u00e4idete osas.<\/span><span data-ccp-props=\"{&quot;134233117&quot;:true,&quot;134233118&quot;:true,&quot;201341983&quot;:0,&quot;335559740&quot;:240}\">\u00a0<\/span><\/p>\n<p><span data-contrast=\"auto\">Host j\u00e4tab endale \u00f5iguse \u2014 ilma h\u00fcvitiseta \u2014 konkursi v\u00f5i preemiate l\u00fchendamiseks, edasi l\u00fckkamiseks, peatamiseks v\u00f5i t\u00fchistamiseks v\u00f5i nende reeglite \u00fchepoolseks muutmiseks v\u00f5i t\u00e4iendamiseks konkursi kestuse jooksul, teatades muudatustest eelnimetatud veebisaidil, kus on ka kehtiv ja t\u00e4ielik reeglistik k\u00e4ttesaadav.<\/span><span data-ccp-props=\"{&quot;134233117&quot;:true,&quot;134233118&quot;:true,&quot;201341983&quot;:0,&quot;335559740&quot;:240}\">\u00a0<\/span><\/p>\n<p><span data-contrast=\"auto\">K\u00e4esolev Konkurs reguleeritakse T\u0161ehhi Vabariigi \u00f5iguse alusel.<\/span><span data-ccp-props=\"{&quot;134233117&quot;:true,&quot;134233118&quot;:true,&quot;201341983&quot;:0,&quot;335559740&quot;:240}\">\u00a0<\/span><\/p>\n<p><span data-ccp-props=\"{}\">\u00a0<\/span><\/p>\n","protected":false},"excerpt":{"rendered":"<p>Need reeglid reguleerivad \u201c2025 FYA Contest\u2019i\u201d (edaspidi &#8220;Konkursi&#8221;) tingimusi ja moodustavad ainsa dokumenti, mis t\u00e4ielikult ja kohustuslikult m\u00e4\u00e4rab selle konkursi [&hellip;]<\/p>\n","protected":false},"author":199,"featured_media":0,"parent":0,"menu_order":0,"comment_status":"closed","ping_status":"closed","template":"templates\/template-empty-page-headline.php","meta":{"footnotes":""},"tags":[467],"class_list":["post-2894","page","type-page","status-publish","hentry","tag-find-your-adventure-2025"],"yoast_head":"<!-- This site is optimized with the Yoast SEO Premium plugin v25.3 (Yoast SEO v25.9) - https:\/\/yoast.com\/wordpress\/plugins\/seo\/ -->\n<title>Tingimused - \u0160koda We Love Cycling - Estonia<\/title>\n<meta name=\"robots\" content=\"index, follow, max-snippet:-1, max-image-preview:large, max-video-preview:-1\" \/>\n<link rel=\"canonical\" href=\"https:\/\/www.welovecycling.com\/ee\/2025-uci-world-championships-terms-and-conditions\/\" \/>\n<meta property=\"og:locale\" content=\"et_EE\" \/>\n<meta property=\"og:type\" content=\"article\" \/>\n<meta property=\"og:title\" content=\"Tingimused\" \/>\n<meta property=\"og:description\" content=\"Need reeglid reguleerivad \u201c2025 FYA Contest\u2019i\u201d (edaspidi &#8220;Konkursi&#8221;) tingimusi ja moodustavad ainsa dokumenti, mis t\u00e4ielikult ja kohustuslikult m\u00e4\u00e4rab selle konkursi [&hellip;]\" \/>\n<meta property=\"og:url\" content=\"https:\/\/www.welovecycling.com\/ee\/2025-uci-world-championships-terms-and-conditions\/\" \/>\n<meta property=\"og:site_name\" content=\"\u0160koda We Love Cycling - Estonia\" \/>\n<meta property=\"article:modified_time\" content=\"2025-08-18T08:38:33+00:00\" \/>\n<meta name=\"twitter:card\" content=\"summary_large_image\" \/>\n<meta name=\"twitter:label1\" content=\"Est. reading time\" \/>\n\t<meta name=\"twitter:data1\" content=\"6 minutes\" \/>\n<script type=\"application\/ld+json\" class=\"yoast-schema-graph\">{\"@context\":\"https:\/\/schema.org\",\"@graph\":[{\"@type\":\"WebPage\",\"@id\":\"https:\/\/www.welovecycling.com\/ee\/2025-uci-world-championships-terms-and-conditions\/\",\"url\":\"https:\/\/www.welovecycling.com\/ee\/2025-uci-world-championships-terms-and-conditions\/\",\"name\":\"Tingimused - \u0160koda We Love Cycling - Estonia\",\"isPartOf\":{\"@id\":\"https:\/\/www.welovecycling.com\/ee\/#website\"},\"datePublished\":\"2025-08-11T10:44:24+00:00\",\"dateModified\":\"2025-08-18T08:38:33+00:00\",\"inLanguage\":\"et\",\"potentialAction\":[{\"@type\":\"ReadAction\",\"target\":[\"https:\/\/www.welovecycling.com\/ee\/2025-uci-world-championships-terms-and-conditions\/\"]}]},{\"@type\":\"WebSite\",\"@id\":\"https:\/\/www.welovecycling.com\/ee\/#website\",\"url\":\"https:\/\/www.welovecycling.com\/ee\/\",\"name\":\"\u0160koda We Love Cycling - Estonia\",\"description\":\"\",\"potentialAction\":[{\"@type\":\"SearchAction\",\"target\":{\"@type\":\"EntryPoint\",\"urlTemplate\":\"https:\/\/www.welovecycling.com\/ee\/?s={search_term_string}\"},\"query-input\":{\"@type\":\"PropertyValueSpecification\",\"valueRequired\":true,\"valueName\":\"search_term_string\"}}],\"inLanguage\":\"et\"}]}<\/script>\n<!-- \/ Yoast SEO Premium plugin. -->","yoast_head_json":{"title":"Tingimused - \u0160koda We Love Cycling - Estonia","robots":{"index":"index","follow":"follow","max-snippet":"max-snippet:-1","max-image-preview":"max-image-preview:large","max-video-preview":"max-video-preview:-1"},"canonical":"https:\/\/www.welovecycling.com\/ee\/2025-uci-world-championships-terms-and-conditions\/","og_locale":"et_EE","og_type":"article","og_title":"Tingimused","og_description":"Need reeglid reguleerivad \u201c2025 FYA Contest\u2019i\u201d (edaspidi &#8220;Konkursi&#8221;) tingimusi ja moodustavad ainsa dokumenti, mis t\u00e4ielikult ja kohustuslikult m\u00e4\u00e4rab selle konkursi [&hellip;]","og_url":"https:\/\/www.welovecycling.com\/ee\/2025-uci-world-championships-terms-and-conditions\/","og_site_name":"\u0160koda We Love Cycling - Estonia","article_modified_time":"2025-08-18T08:38:33+00:00","twitter_card":"summary_large_image","twitter_misc":{"Est. reading time":"6 minutes"},"schema":{"@context":"https:\/\/schema.org","@graph":[{"@type":"WebPage","@id":"https:\/\/www.welovecycling.com\/ee\/2025-uci-world-championships-terms-and-conditions\/","url":"https:\/\/www.welovecycling.com\/ee\/2025-uci-world-championships-terms-and-conditions\/","name":"Tingimused - \u0160koda We Love Cycling - Estonia","isPartOf":{"@id":"https:\/\/www.welovecycling.com\/ee\/#website"},"datePublished":"2025-08-11T10:44:24+00:00","dateModified":"2025-08-18T08:38:33+00:00","inLanguage":"et","potentialAction":[{"@type":"ReadAction","target":["https:\/\/www.welovecycling.com\/ee\/2025-uci-world-championships-terms-and-conditions\/"]}]},{"@type":"WebSite","@id":"https:\/\/www.welovecycling.com\/ee\/#website","url":"https:\/\/www.welovecycling.com\/ee\/","name":"\u0160koda We Love Cycling - Estonia","description":"","potentialAction":[{"@type":"SearchAction","target":{"@type":"EntryPoint","urlTemplate":"https:\/\/www.welovecycling.com\/ee\/?s={search_term_string}"},"query-input":{"@type":"PropertyValueSpecification","valueRequired":true,"valueName":"search_term_string"}}],"inLanguage":"et"}]}},"_links":{"self":[{"href":"https:\/\/www.welovecycling.com\/ee\/wp-json\/wp\/v2\/pages\/2894","targetHints":{"allow":["GET"]}}],"collection":[{"href":"https:\/\/www.welovecycling.com\/ee\/wp-json\/wp\/v2\/pages"}],"about":[{"href":"https:\/\/www.welovecycling.com\/ee\/wp-json\/wp\/v2\/types\/page"}],"author":[{"embeddable":true,"href":"https:\/\/www.welovecycling.com\/ee\/wp-json\/wp\/v2\/users\/199"}],"replies":[{"embeddable":true,"href":"https:\/\/www.welovecycling.com\/ee\/wp-json\/wp\/v2\/comments?post=2894"}],"version-history":[{"count":7,"href":"https:\/\/www.welovecycling.com\/ee\/wp-json\/wp\/v2\/pages\/2894\/revisions"}],"predecessor-version":[{"id":2920,"href":"https:\/\/www.welovecycling.com\/ee\/wp-json\/wp\/v2\/pages\/2894\/revisions\/2920"}],"wp:attachment":[{"href":"https:\/\/www.welovecycling.com\/ee\/wp-json\/wp\/v2\/media?parent=2894"}],"wp:term":[{"taxonomy":"post_tag","embeddable":true,"href":"https:\/\/www.welovecycling.com\/ee\/wp-json\/wp\/v2\/tags?post=2894"}],"curies":[{"name":"wp","href":"https:\/\/api.w.org\/{rel}","templated":true}]}}