{"id":2735,"date":"2025-06-19T16:40:25","date_gmt":"2025-06-19T13:40:25","guid":{"rendered":"https:\/\/www.welovecycling.com\/ee\/?page_id=2735"},"modified":"2025-06-19T16:40:25","modified_gmt":"2025-06-19T13:40:25","slug":"terms-and-conditions-persona-share","status":"publish","type":"page","link":"https:\/\/www.welovecycling.com\/ee\/tour-de-france-2025\/terms-and-conditions-persona-share\/","title":{"rendered":"Terms And Conditions &#8211; Persona Share"},"content":{"rendered":"<p><b>Need reeglid m\u00e4\u00e4ratlevad \u201e2025 TDF Contest\u201c (edaspidi \u201eKampaania\u201c) tingimused ja on ainus dokument, mis t\u00e4ielikult ja siduvalt reguleerib selle kampaania reegleid.<\/b><\/p>\n<p>&nbsp;<\/p>\n<h4><span style=\"font-weight: 400;\">Kampaania korraldaja ja l\u00e4biviija<\/span><\/h4>\n<p><span style=\"font-weight: 400;\">Kampaania korraldaja on <\/span><b>\u0160koda Auto a.s.<\/b><span style=\"font-weight: 400;\">, aktsiaselts, mille registrij\u00e4rgne asukoht on t\u0159. V\u00e1clava Klementa 869, 293 01 Mlad\u00e1 Boleslav, T\u0161ehhi Vabariik, ettev\u00f5tte registrikood: 00177041, registreeritud Prahas asuvas Linnakohtus \u00e4riregistris, osa B, toimik nr 332 (edaspidi \u201eKorraldaja\u201c).<\/span><\/p>\n<p><span style=\"font-weight: 400;\">Kampaania praktilise l\u00e4biviimise eest vastutav organisatsioon on <\/span><b>MUSTARD s.r.o.<\/b><span style=\"font-weight: 400;\">, registrij\u00e4rgne asukoht Masarykovo n\u00e1b\u0159. 246, 110 00, Praha 1 \u2013 Nov\u00e9 M\u011bsto, T\u0161ehhi Vabariik, registrikood: 28531418, registreeritud Prahas Linnakohtus, osa C, kanne 148383 (edaspidi \u201eL\u00e4biviija\u201c).<\/span><\/p>\n<p>&nbsp;<\/p>\n<h4><span style=\"font-weight: 400;\">Kampaania kestus ja toimumiskoht<\/span><\/h4>\n<p><b>Kampaania periood<\/b><span style=\"font-weight: 400;\">: 28. juuni 2025 kell 00:01 (CET) kuni 20. juuli 2025 kell 23:59 (CET).<\/span><\/p>\n<p><span style=\"font-weight: 400;\">Kampaania toimub veebilehel <\/span><a href=\"http:\/\/www.welovecycling.com\"><b>www.welovecycling.com<\/b><\/a><span style=\"font-weight: 400;\"> (edaspidi \u201eKampaania veebileht\u201c), kus toimub ka peamine suhtlus osalejatega.<\/span><\/p>\n<p>&nbsp;<\/p>\n<h4><span style=\"font-weight: 400;\">Kampaanias osalejad<\/span><\/h4>\n<p><span style=\"font-weight: 400;\">Kampaanias v\u00f5ivad osaleda k\u00f5ik v\u00e4hemalt 18-aastased f\u00fc\u00fcsilised isikud, kes elavad \u00fches j\u00e4rgmistest riikidest: ANDORRA, AUSTRALIA, AUSTRIA, BELGIA, BOSNIA, BULGAARIA, HORVAATIA, T\u0160EHHI VABARIIK, TAANI, EESTI, SOOME, PRANTSUSMAA, SAKSAMAA, SUURBRITANNIA, KREEKA, UNGARI, ISLAND, IIRIMAA, ITAALIA, L\u00c4TI, LIECHTENSTEIN, LEEDU, LUKSEMBURG, MONTENEGRO, MADALMAAD, NORRA, POOLa, PORTUGAL, RUMEENIA, SERBIA, SLOVEENIA, SLOVAKKIA, HISPAANIA, ROOTSI, \u0160VEITS, UKRAINA.<\/span><\/p>\n<p><span style=\"font-weight: 400;\">Osalemiseks tuleb registreeruda Kampaania veebilehel kampaania ajal ja aktsepteerida t\u00e4ielikult k\u00e4esolevaid reegleid. Registreerimisvormi osaks on e-posti aadressi esitamine, mida kasutatakse ainult Kampaaniaga seotud eesm\u00e4rkidel.<\/span><\/p>\n<p><span style=\"font-weight: 400;\">Iga osaleja v\u00f5ib end registreerida ainult \u00fche korra ja ainult oma e-posti aadressiga. Korraldajal on \u00f5igus seda tingimust kontrollida tehniliste ja korralduslike vahenditega.<\/span><\/p>\n<p><span style=\"font-weight: 400;\">Kampaanias ei tohi osaleda isikud, kes on seotud selle ettevalmistamisega, sealhulgas Korraldaja v\u00f5i L\u00e4biviija t\u00f6\u00f6tajad v\u00f5i nendega sarnases suhtes olevad isikud, samuti \u0160koda partnerite ja kampaania l\u00e4biviimisesse kaasatud agentuuride t\u00f6\u00f6tajad ning nende pereliikmed v\u00f5i l\u00e4hedased isikud.<\/span><\/p>\n<p>&nbsp;<\/p>\n<h4><span style=\"font-weight: 400;\">Kampaania toimemehhanism ja v\u00f5itjate valik<\/span><\/h4>\n<p><span style=\"font-weight: 400;\">Osalemiseks tuleb osalejal jagada <\/span><b>welovecycling.com<\/b><span style=\"font-weight: 400;\"> veebilehel loodud AI-p\u00f5hist pilti oma Instagramis v\u00f5i Facebookis koos m\u00e4rks\u00f5naga <\/span><b>#FindYourTour<\/b><span style=\"font-weight: 400;\"> postituse pealkirjas kampaania perioodi jooksul.<\/span><\/p>\n<p><span style=\"font-weight: 400;\">V\u00f5itjateks osutuvad need osalejad, kelle postitus vastab n\u00f5uetele ning kes asuvad osalejate nimekirjas positsioonidel 1\/11, 2\/11, 3\/11, 4\/11, 5\/11, 6\/11 v\u00f5i 7\/11. Kui osalejate arv ei jagu 11-ga, \u00fcmardatakse tulemus allapoole l\u00e4hima t\u00e4isarvuni, mis jagub 11-ga.<\/span><\/p>\n<p><span style=\"font-weight: 400;\">V\u00f5itjatega v\u00f5etakse \u00fchendust viie p\u00e4eva jooksul p\u00e4rast kampaania vastava etapi l\u00f5ppu Instagrami v\u00f5i Facebooki otseteavituse kaudu. Kui v\u00f5itja ei vasta \u2013 isegi korduvatele teadetele \u2013 ega esita vajalikke andmeid 12 tunni jooksul, kaotab ta \u00f5iguse auhinnale ilma h\u00fcvitiseta.<\/span><\/p>\n<p>&nbsp;<\/p>\n<h4><span style=\"font-weight: 400;\">Auhinnad<\/span><\/h4>\n<p><span style=\"font-weight: 400;\">7\u00d7 <\/span><b>\u201eInsider Tour de France Programme\u201c<\/b><span style=\"font-weight: 400;\"> kahele inimesele Pariisis \u2013 koos majutuse ja reisikulude katmisega.<\/span><\/p>\n<p>&nbsp;<\/p>\n<h4><span style=\"font-weight: 400;\">Isikuandmete t\u00f6\u00f6tlemise teave<\/span><\/h4>\n<p><span style=\"font-weight: 400;\">Korraldaja on isikuandmete vastutav t\u00f6\u00f6tleja vastavalt <\/span><b>Euroopa Liidu isikuandmete kaitse \u00fcldm\u00e4\u00e4rusele (GDPR \u2013 m\u00e4\u00e4rus (EL) 2016\/679)<\/b><span style=\"font-weight: 400;\">.<\/span><\/p>\n<ul>\n<li style=\"font-weight: 400;\" aria-level=\"1\"><b>Eesm\u00e4rk<\/b><span style=\"font-weight: 400;\">: kampaaniate korraldamine ja ausa h\u00e4\u00e4letuse tagamine<\/span><\/li>\n<li style=\"font-weight: 400;\" aria-level=\"1\"><b>\u00d5iguslik alus<\/b><span style=\"font-weight: 400;\">: leping t\u00e4itmine (k\u00e4esolevad reeglid)<\/span><\/li>\n<li style=\"font-weight: 400;\" aria-level=\"1\"><b>T\u00f6\u00f6deldavad andmed<\/b><span style=\"font-weight: 400;\">: identifitseerimisandmed, kontaktandmed, suhtlusinfo<\/span><\/li>\n<li style=\"font-weight: 400;\" aria-level=\"1\"><b>T\u00f6\u00f6tlemise kestus<\/b><span style=\"font-weight: 400;\">: kuni 1 aasta p\u00e4rast kampaania l\u00f5ppu<\/span><\/li>\n<li style=\"font-weight: 400;\" aria-level=\"1\"><b>Vastuv\u00f5tjad<\/b><span style=\"font-weight: 400;\">: MUSTARD s.r.o. ja vajadusel ametiasutused<\/span><\/li>\n<li style=\"font-weight: 400;\" aria-level=\"1\"><b>Andmete edastamine kolmandatesse riikidesse<\/b><span style=\"font-weight: 400;\">: ei toimu<\/span><\/li>\n<li style=\"font-weight: 400;\" aria-level=\"1\"><b>Automatiseeritud otsuste tegemine<\/b><span style=\"font-weight: 400;\">: ei toimu<\/span><\/li>\n<\/ul>\n<p><b>\u00d5igused<\/b><span style=\"font-weight: 400;\">:<\/span><span style=\"font-weight: 400;\"><br \/>\n<\/span><span style=\"font-weight: 400;\">\u2013 ligip\u00e4\u00e4s andmetele<\/span><span style=\"font-weight: 400;\"><br \/>\n<\/span><span style=\"font-weight: 400;\">\u2013 andmete parandamine<\/span><span style=\"font-weight: 400;\"><br \/>\n<\/span><span style=\"font-weight: 400;\">\u2013 andmete kustutamine<\/span><span style=\"font-weight: 400;\"><br \/>\n<\/span><span style=\"font-weight: 400;\">\u2013 t\u00f6\u00f6tlemise piiramise n\u00f5ue<\/span><span style=\"font-weight: 400;\"><br \/>\n<\/span><span style=\"font-weight: 400;\">\u2013 andmete \u00fclekandmine<\/span><span style=\"font-weight: 400;\"><br \/>\n<\/span><span style=\"font-weight: 400;\">\u2013 vastuv\u00e4ide automatiseeritud otsuste vastu<\/span><\/p>\n<p><b>Kontakt<\/b><span style=\"font-weight: 400;\">:<\/span><\/p>\n<ul>\n<li style=\"font-weight: 400;\" aria-level=\"1\"><span style=\"font-weight: 400;\">dpo@skoda-auto.cz<\/span><\/li>\n<li style=\"font-weight: 400;\" aria-level=\"1\"><a href=\"https:\/\/www.skoda-auto.com\/data-privacy\"><span style=\"font-weight: 400;\">https:\/\/www.skoda-auto.com\/data-privacy<\/span><\/a><\/li>\n<\/ul>\n<p><span style=\"font-weight: 400;\">Kaebuse korral v\u00f5ib p\u00f6\u00f6rduda isikuandmete kaitse j\u00e4relevalveasutuse poole:<\/span><span style=\"font-weight: 400;\"><br \/>\n<\/span><span style=\"font-weight: 400;\">Pplk. Sochora 27, 170 00 Praha 7, +420 234 665 111, <\/span><a href=\"https:\/\/www.uoou.cz\"><span style=\"font-weight: 400;\">https:\/\/www.uoou.cz<\/span><\/a><\/p>\n<p>&nbsp;<\/p>\n<h4><span style=\"font-weight: 400;\">Muud olulised tingimused<\/span><\/h4>\n<p><span style=\"font-weight: 400;\">Korraldaja m\u00e4\u00e4rab auhindade t\u00e4psed tingimused. Auhinnapildid reklaammaterjalides on \u00fcksnes illustratiivsed. Korraldaja ei vastuta kahjude eest, mis tekivad auhinna kasutamisel.<\/span><\/p>\n<p><span style=\"font-weight: 400;\">Osalejatel ei ole \u00f5igust n\u00f5uda auhinna rahalist v\u00f5i muud liiki h\u00fcvitamist. Korraldaja ei ole kohustatud t\u00e4iendavaks t\u00e4itmiseks peale k\u00e4esolevates reeglites s\u00e4testatu.<\/span><\/p>\n<p><span style=\"font-weight: 400;\">Korraldaja ei vastuta tehniliste probleemide ega s\u00f5numite k\u00e4ttetoimetamise t\u00f5rgete eest. Tulemused on l\u00f5plikud ja ei kuulu vaidlustamisele.<\/span><\/p>\n<p><span style=\"font-weight: 400;\">Pettuse v\u00f5i ebaausa k\u00e4itumise korral v\u00f5ib osaleja diskvalifitseerida.<\/span><\/p>\n<p><span style=\"font-weight: 400;\">Korraldaja j\u00e4tab endale \u00f5iguse kampaaniat igal ajal muuta, katkestada v\u00f5i l\u00f5petada ilma kompensatsioonita. K\u00f5ik muudatused avaldatakse Kampaania veebilehel.<\/span><\/p>\n<p><span style=\"font-weight: 400;\">Kampaaniat <\/span><b>ei korralda, sponsoreeri ega toeta Meta<\/b><span style=\"font-weight: 400;\">. K\u00fcsimused tuleb suunata Korraldajale v\u00f5i L\u00e4biviijale, mitte Metale.<\/span><\/p>\n<p><span style=\"font-weight: 400;\">Kampaaniat reguleerib <\/span><b>T\u0161ehhi Vabariigi seadus<\/b><span style=\"font-weight: 400;\">.<\/span><\/p>\n<p>&nbsp;<\/p>\n","protected":false},"excerpt":{"rendered":"<p>Need reeglid m\u00e4\u00e4ratlevad \u201e2025 TDF Contest\u201c (edaspidi \u201eKampaania\u201c) tingimused ja on ainus dokument, mis t\u00e4ielikult ja siduvalt reguleerib selle kampaania [&hellip;]<\/p>\n","protected":false},"author":144,"featured_media":0,"parent":2727,"menu_order":0,"comment_status":"closed","ping_status":"closed","template":"templates\/template-empty-page.php","meta":{"footnotes":""},"tags":[],"class_list":["post-2735","page","type-page","status-publish","hentry"],"yoast_head":"<!-- This site is optimized with the Yoast SEO Premium plugin v25.3 (Yoast SEO v25.9) - https:\/\/yoast.com\/wordpress\/plugins\/seo\/ -->\n<title>Terms And Conditions - Persona Share - \u0160koda We Love Cycling - Estonia<\/title>\n<meta name=\"robots\" content=\"index, follow, max-snippet:-1, max-image-preview:large, max-video-preview:-1\" \/>\n<link rel=\"canonical\" href=\"https:\/\/www.welovecycling.com\/ee\/tour-de-france-2025\/terms-and-conditions-persona-share\/\" \/>\n<meta property=\"og:locale\" content=\"et_EE\" \/>\n<meta property=\"og:type\" content=\"article\" \/>\n<meta property=\"og:title\" content=\"Terms And Conditions - Persona Share\" \/>\n<meta property=\"og:description\" content=\"Need reeglid m\u00e4\u00e4ratlevad \u201e2025 TDF Contest\u201c (edaspidi \u201eKampaania\u201c) tingimused ja on ainus dokument, mis t\u00e4ielikult ja siduvalt reguleerib selle kampaania [&hellip;]\" \/>\n<meta property=\"og:url\" content=\"https:\/\/www.welovecycling.com\/ee\/tour-de-france-2025\/terms-and-conditions-persona-share\/\" \/>\n<meta property=\"og:site_name\" content=\"\u0160koda We Love Cycling - Estonia\" \/>\n<meta name=\"twitter:card\" content=\"summary_large_image\" \/>\n<meta name=\"twitter:label1\" content=\"Est. reading time\" \/>\n\t<meta name=\"twitter:data1\" content=\"3 minutes\" \/>\n<script type=\"application\/ld+json\" class=\"yoast-schema-graph\">{\"@context\":\"https:\/\/schema.org\",\"@graph\":[{\"@type\":\"WebPage\",\"@id\":\"https:\/\/www.welovecycling.com\/ee\/tour-de-france-2025\/terms-and-conditions-persona-share\/\",\"url\":\"https:\/\/www.welovecycling.com\/ee\/tour-de-france-2025\/terms-and-conditions-persona-share\/\",\"name\":\"Terms And Conditions - Persona Share - \u0160koda We Love Cycling - Estonia\",\"isPartOf\":{\"@id\":\"https:\/\/www.welovecycling.com\/ee\/#website\"},\"datePublished\":\"2025-06-19T13:40:25+00:00\",\"breadcrumb\":{\"@id\":\"https:\/\/www.welovecycling.com\/ee\/tour-de-france-2025\/terms-and-conditions-persona-share\/#breadcrumb\"},\"inLanguage\":\"et\",\"potentialAction\":[{\"@type\":\"ReadAction\",\"target\":[\"https:\/\/www.welovecycling.com\/ee\/tour-de-france-2025\/terms-and-conditions-persona-share\/\"]}]},{\"@type\":\"BreadcrumbList\",\"@id\":\"https:\/\/www.welovecycling.com\/ee\/tour-de-france-2025\/terms-and-conditions-persona-share\/#breadcrumb\",\"itemListElement\":[{\"@type\":\"ListItem\",\"position\":1,\"name\":\"Tour de France 2025\",\"item\":\"https:\/\/www.welovecycling.com\/ee\/tour-de-france-2025\/\"},{\"@type\":\"ListItem\",\"position\":2,\"name\":\"Terms And Conditions &#8211; Persona Share\"}]},{\"@type\":\"WebSite\",\"@id\":\"https:\/\/www.welovecycling.com\/ee\/#website\",\"url\":\"https:\/\/www.welovecycling.com\/ee\/\",\"name\":\"\u0160koda We Love Cycling - Estonia\",\"description\":\"\",\"potentialAction\":[{\"@type\":\"SearchAction\",\"target\":{\"@type\":\"EntryPoint\",\"urlTemplate\":\"https:\/\/www.welovecycling.com\/ee\/?s={search_term_string}\"},\"query-input\":{\"@type\":\"PropertyValueSpecification\",\"valueRequired\":true,\"valueName\":\"search_term_string\"}}],\"inLanguage\":\"et\"}]}<\/script>\n<!-- \/ Yoast SEO Premium plugin. -->","yoast_head_json":{"title":"Terms And Conditions - Persona Share - \u0160koda We Love Cycling - Estonia","robots":{"index":"index","follow":"follow","max-snippet":"max-snippet:-1","max-image-preview":"max-image-preview:large","max-video-preview":"max-video-preview:-1"},"canonical":"https:\/\/www.welovecycling.com\/ee\/tour-de-france-2025\/terms-and-conditions-persona-share\/","og_locale":"et_EE","og_type":"article","og_title":"Terms And Conditions - Persona Share","og_description":"Need reeglid m\u00e4\u00e4ratlevad \u201e2025 TDF Contest\u201c (edaspidi \u201eKampaania\u201c) tingimused ja on ainus dokument, mis t\u00e4ielikult ja siduvalt reguleerib selle kampaania [&hellip;]","og_url":"https:\/\/www.welovecycling.com\/ee\/tour-de-france-2025\/terms-and-conditions-persona-share\/","og_site_name":"\u0160koda We Love Cycling - Estonia","twitter_card":"summary_large_image","twitter_misc":{"Est. reading time":"3 minutes"},"schema":{"@context":"https:\/\/schema.org","@graph":[{"@type":"WebPage","@id":"https:\/\/www.welovecycling.com\/ee\/tour-de-france-2025\/terms-and-conditions-persona-share\/","url":"https:\/\/www.welovecycling.com\/ee\/tour-de-france-2025\/terms-and-conditions-persona-share\/","name":"Terms And Conditions - Persona Share - \u0160koda We Love Cycling - Estonia","isPartOf":{"@id":"https:\/\/www.welovecycling.com\/ee\/#website"},"datePublished":"2025-06-19T13:40:25+00:00","breadcrumb":{"@id":"https:\/\/www.welovecycling.com\/ee\/tour-de-france-2025\/terms-and-conditions-persona-share\/#breadcrumb"},"inLanguage":"et","potentialAction":[{"@type":"ReadAction","target":["https:\/\/www.welovecycling.com\/ee\/tour-de-france-2025\/terms-and-conditions-persona-share\/"]}]},{"@type":"BreadcrumbList","@id":"https:\/\/www.welovecycling.com\/ee\/tour-de-france-2025\/terms-and-conditions-persona-share\/#breadcrumb","itemListElement":[{"@type":"ListItem","position":1,"name":"Tour de France 2025","item":"https:\/\/www.welovecycling.com\/ee\/tour-de-france-2025\/"},{"@type":"ListItem","position":2,"name":"Terms And Conditions &#8211; Persona Share"}]},{"@type":"WebSite","@id":"https:\/\/www.welovecycling.com\/ee\/#website","url":"https:\/\/www.welovecycling.com\/ee\/","name":"\u0160koda We Love Cycling - Estonia","description":"","potentialAction":[{"@type":"SearchAction","target":{"@type":"EntryPoint","urlTemplate":"https:\/\/www.welovecycling.com\/ee\/?s={search_term_string}"},"query-input":{"@type":"PropertyValueSpecification","valueRequired":true,"valueName":"search_term_string"}}],"inLanguage":"et"}]}},"_links":{"self":[{"href":"https:\/\/www.welovecycling.com\/ee\/wp-json\/wp\/v2\/pages\/2735","targetHints":{"allow":["GET"]}}],"collection":[{"href":"https:\/\/www.welovecycling.com\/ee\/wp-json\/wp\/v2\/pages"}],"about":[{"href":"https:\/\/www.welovecycling.com\/ee\/wp-json\/wp\/v2\/types\/page"}],"author":[{"embeddable":true,"href":"https:\/\/www.welovecycling.com\/ee\/wp-json\/wp\/v2\/users\/144"}],"replies":[{"embeddable":true,"href":"https:\/\/www.welovecycling.com\/ee\/wp-json\/wp\/v2\/comments?post=2735"}],"version-history":[{"count":1,"href":"https:\/\/www.welovecycling.com\/ee\/wp-json\/wp\/v2\/pages\/2735\/revisions"}],"predecessor-version":[{"id":2736,"href":"https:\/\/www.welovecycling.com\/ee\/wp-json\/wp\/v2\/pages\/2735\/revisions\/2736"}],"up":[{"embeddable":true,"href":"https:\/\/www.welovecycling.com\/ee\/wp-json\/wp\/v2\/pages\/2727"}],"wp:attachment":[{"href":"https:\/\/www.welovecycling.com\/ee\/wp-json\/wp\/v2\/media?parent=2735"}],"wp:term":[{"taxonomy":"post_tag","embeddable":true,"href":"https:\/\/www.welovecycling.com\/ee\/wp-json\/wp\/v2\/tags?post=2735"}],"curies":[{"name":"wp","href":"https:\/\/api.w.org\/{rel}","templated":true}]}}