{"id":1970,"date":"2024-06-18T11:46:10","date_gmt":"2024-06-18T08:46:10","guid":{"rendered":"https:\/\/www.welovecycling.com\/ee\/?page_id=1970"},"modified":"2024-06-28T11:42:14","modified_gmt":"2024-06-28T08:42:14","slug":"terms-and-conditions","status":"publish","type":"page","link":"https:\/\/www.welovecycling.com\/ee\/tour-de-france-2024\/terms-and-conditions\/","title":{"rendered":"Terms and Conditions"},"content":{"rendered":"<p><span style=\"font-weight: 400;\">Need reeglid reguleerivad \u201e2024 TDF konkursi\u201c (edaspidi \u201ekonkurss\u201c) tingimusi ja see on ainus dokument, mis reguleerib t\u00e4ielikult ja kohustuslikuna selle konkursi reegleid.<\/span><\/p>\n<h4><b>1. Konkursi v\u00f5\u00f5rustaja ja korraldaja<\/b><\/h4>\n<p><span style=\"font-weight: 400;\">Konkursi v\u00f5\u00f5rustaja on aktsiaselts \u0160koda Auto a.s., mille registrij\u00e4rgne asukoht on t\u0159. V\u00e1clava Klementa 869, 293 01 Mlad\u00e1 Boleslav, T\u0161ehhi Vabariik, ettev\u00f5tte ID number 00177041, registreeritud Praha linnakohtu poolt hallatavas \u00e4riregistris, jaotis B, toimiku number 332 (edaspidi \u201ev\u00f5\u00f5rustaja\u201c).<\/span><\/p>\n<p><span style=\"font-weight: 400;\">Konkursi korraldaja, kes tagab korralduse praktilised meetmed, on MUSTARD s.r.o., registrij\u00e4rgne asukoht Praha 1 &#8211; Nov\u00e9 M\u011bsto, Masarykovo n\u00e1b\u0159. 246, 110 00, T\u0161ehhi Vabariik, ID number 28531418, registreeritud Praha linnakohtu poolt hallatavas \u00e4riregistris, jaotis C, kanne 148383.<\/span><span style=\"font-weight: 400;\"><br \/>\n<\/span><span style=\"font-weight: 400;\">(edaspidi \u201ekorraldaja\u201c).<\/span><\/p>\n<h4><b>2. Konkursi tingimused ja koht, konkursi voorud<\/b><\/h4>\n<ul>\n<li style=\"font-weight: 400;\" aria-level=\"1\"><span style=\"font-weight: 400;\">1. konkursi voor \u2013 00.01 (Kesk-Euroopa aja j\u00e4rgi) 29.6. 2024 kuni 23.59 (Kesk-Euroopa aja j\u00e4rgi) 05.07. 2024<\/span><\/li>\n<li style=\"font-weight: 400;\" aria-level=\"1\"><span style=\"font-weight: 400;\">2. konkursi voor \u2013 00.01 (Kesk-Euroopa aja j\u00e4rgi) 06.07. 2024 kuni 23.59 (Kesk-Euroopa aja j\u00e4rgi) 12.07. 2024<\/span><\/li>\n<li style=\"font-weight: 400;\" aria-level=\"1\"><span style=\"font-weight: 400;\">3. konkursi voor \u2013 00.01 (Kesk-Euroopa aja j\u00e4rgi) 13.07. 2024 kuni 23.59 (Kesk-Euroopa aja j\u00e4rgi) 21.07. 2024<\/span><\/li>\n<li style=\"font-weight: 400;\" aria-level=\"1\"><span style=\"font-weight: 400;\">4. konkursi voor \u2013 00.01 (Kesk-Euroopa aja j\u00e4rgi) 12.08. 2024 kuni 23.59 (Kesk-Euroopa aja j\u00e4rgi) 18.08. 2024<\/span><\/li>\n<\/ul>\n<p><span style=\"font-weight: 400;\">Konkurss toimub veebisaidil www.welovecycling.com (edaspidi \u201eKonkursi veebisait\u201c), kus toimub peamine suhtlus osalejatega.<\/span><\/p>\n<h4><b>3. Konkursil osalejad<\/b><\/h4>\n<p><span style=\"font-weight: 400;\">Konkursil v\u00f5ivad osaleda k\u00f5ik isikud, kes on v\u00e4hemalt 18-aastased ja kes elavad riigis, kus konkurss toimub. Konkurss toimub j\u00e4rgmistes riikides: ANDORRA, AUSTRIA, BELGIA, BOSNIA, BULGAARIA, T\u0160EHHI VABARIIK, TAANI, EESTI, SOOME, PRANTSUSMAA, SAKSAMAA, SUURBRITANNIA, KREEKA, UNGARI, ISLAND, IIRIMAA, ITAALIA, L\u00c4TI, LIECHTENSTEIN, LEEDU, LUXEMBOURG, MONTENEGRO, HOLLAND, NORRA, POOLA, PORTUGAL, RUMEENIA, SERBIA, SLOVAKKIA, SLOVEENIA, HISPAANIA, \u0160VEITS, ROOTSI.<\/span><\/p>\n<p><span style=\"font-weight: 400;\">Konkursil osalemiseks on vaja registreeruda konkursi veebisaidil konkursi mistahes vooru jooksul ja kinnitada k\u00e4esolevate reeglite tingimusteta aktsepteerimist. Registreerimise (osalemisvormi) osaks on isikuandmete (e-posti aadressi) esitamine, mida kasutatakse ainult k\u00e4esoleva konkursi eesm\u00e4rgil.<\/span><\/p>\n<p><span style=\"font-weight: 400;\">Iga osaleja v\u00f5ib registreeruda ainult \u00fcks kord ja ainult iseenda e-posti aadressiga, kusjuures konkursi v\u00f5\u00f5rustaja j\u00e4tab endale \u00f5iguse seda reeglit kontrollida nii tehniliste kui ka korralduslike vahendite abil.<\/span><\/p>\n<p><span style=\"font-weight: 400;\">K\u00f5ik isikud, kes on osalenud k\u00e4esoleva konkursi ettevalmistamises, peamiselt isikud, kes t\u00f6\u00f6tavad v\u00f5\u00f5rustaja v\u00f5i korraldaja heaks v\u00f5i on nendega sarnastes suhetes, ei saa konkursil osaleda. Samuti ei saa konkursil osaleda isikud, kes on sarnastes suhetes osaleva volitatud \u0160koda partneri v\u00f5i k\u00e4esoleva konkursi korraldamisega tegelevate agentuuridega, nende pereliikmed ja nende l\u00e4hedased.<\/span><\/p>\n<h4><b>4. Konkursi mehhanism, v\u00f5itjate hindamine<\/b><\/h4>\n<p><span style=\"font-weight: 400;\">Osaleja \u00fclesanne on vastata kolmele konkursi k\u00fcsimusele. K\u00f5igil osalejatel, kes vastavad \u00f5igesti k\u00f5igile kolmele k\u00fcsimusele ja on registreerunud veebisaidil We Love Cycling, on v\u00f5imalus v\u00f5ita auhind.<\/span><\/p>\n<p><span style=\"font-weight: 400;\">Konkursi 1. voorus v\u00f5idavad auhinna k\u00f5ik need \u00f5iged vastused esitanud osalejad, kes asuvad k\u00f5igi osalejate nimekirjas kohtadel 1\/11, 2\/11, 3\/11, 4\/11, 5\/11, 6\/11 ja 7\/11. Kui osalejate arvu ei saa 11-ga jagada, \u00fcmardatakse saadud arv allapoole l\u00e4hima t\u00e4isarvuni, mida saab 11-ga jagada.<\/span><\/p>\n<p><span style=\"font-weight: 400;\">Konkursi 2. voorus v\u00f5idavad auhinna k\u00f5ik need \u00f5iged vastused esitanud osalejad, kes asuvad k\u00f5igi osalejate nimekirjas kohtadel 1\/11, 2\/11, 3\/11, 4\/11, 5\/11, 6\/11 ja 7\/11. Kui osalejate arvu ei saa 11-ga jagada, \u00fcmardatakse saadud arv allapoole l\u00e4hima t\u00e4isarvuni, mida saab 11-ga jagada.<\/span><\/p>\n<p><span style=\"font-weight: 400;\">Konkursi 3. voorus v\u00f5idavad auhinna need k\u00f5ik \u00f5iged vastused esitanud osalejad, kes asuvad k\u00f5igi osalejate nimekirjas kohtadel 1\/11, 2\/11, 3\/11, 4\/11, 5\/11, 6\/11, 7\/11, 8\/11 ja 9\/11. Kui osalejate arvu ei saa 11-ga jagada, \u00fcmardatakse saadud arv allapoole l\u00e4hima t\u00e4isarvuni, mida saab 11-ga jagada.<\/span><\/p>\n<p><span style=\"font-weight: 400;\">Konkursi 4. voorus v\u00f5idavad auhinna k\u00f5ik need \u00f5iged vastused esitanud osalejad, kes asuvad k\u00f5igi osalejate nimekirjas kohtadel 1\/11, 2\/11, 3\/11, 4\/11, 5\/11, 6\/11, 7\/11, 8\/11 ja 9\/11. Kui osalejate arvu ei saa 11-ga jagada, \u00fcmardatakse saadud arv allapoole l\u00e4hima t\u00e4isarvuni, mida saab 11-ga jagada.<\/span><\/p>\n<p><span style=\"font-weight: 400;\">Osalejate nimekiri j\u00e4rjestatakse kronoloogiliselt vastavalt konkursi k\u00fcsimuste esitamise ajale. V\u00f5itjateks on need, kes on nimekirjas paigutunud esimestena \u00fclalmainitud viisil. N\u00e4iteks 1. voorus paigutuvad 7183 osaleja puhul v\u00f5itjad 653., 1306., 1959. (jne) kohale.<\/span><\/p>\n<p><span style=\"font-weight: 400;\">Konkursi v\u00f5\u00f5rustaja teavitab v\u00f5itjaid registreerimise k\u00e4igus antud e-posti teel viie p\u00e4eva jooksul p\u00e4rast vastava konkursiperioodi l\u00f5ppu ning v\u00f5itjatel palutakse esitada auhinna \u00fcleandmiseks v\u00f5i saatmiseks v\u00f5i edasiseks suhtlemiseks vajalikud andmed. Kui v\u00f5itja ei reageeri ka konkursi v\u00f5\u00f5rustaja poolt korduvalt saadetud e-kirjale v\u00f5i ei esita kontaktandmeid 24 tunni jooksul p\u00e4rast e-kirja saatmist, kaotab tema auhind kehtivuse ilma h\u00fcvitiseta.<\/span><\/p>\n<h4><b>5. Auhindade kirjeldus<\/b><\/h4>\n<ol>\n<li><span style=\"font-weight: 400;\"> voor<\/span><\/li>\n<\/ol>\n<ul>\n<li style=\"font-weight: 400;\" aria-level=\"1\"><span style=\"font-weight: 400;\">1x Cannondale SuperSix Evo 3<\/span><\/li>\n<li style=\"font-weight: 400;\" aria-level=\"1\"><span style=\"font-weight: 400;\">2x POC PROCEN kiivrid<\/span><\/li>\n<li style=\"font-weight: 400;\" aria-level=\"1\"><span style=\"font-weight: 400;\">5x \u0160koda Green Jersey<\/span><\/li>\n<\/ul>\n<p>&nbsp;<\/p>\n<ol start=\"2\">\n<li><span style=\"font-weight: 400;\"> voor<\/span><\/li>\n<\/ol>\n<ul>\n<li style=\"font-weight: 400;\" aria-level=\"1\"><span style=\"font-weight: 400;\">1x Cannondale Topstone <\/span><span style=\"font-weight: 400;\">Carbon 2 Lefty<\/span><\/li>\n<li style=\"font-weight: 400;\" aria-level=\"1\"><span style=\"font-weight: 400;\">2x POC PROCEN kiivrid<\/span><\/li>\n<li style=\"font-weight: 400;\" aria-level=\"1\"><span style=\"font-weight: 400;\">5x \u0160koda Green Jersey<\/span><\/li>\n<\/ul>\n<p>&nbsp;<\/p>\n<ol start=\"3\">\n<li><span style=\"font-weight: 400;\"> voor<\/span><\/li>\n<\/ol>\n<ul>\n<li style=\"font-weight: 400;\" aria-level=\"1\"><span style=\"font-weight: 400;\">1x Cannondale Scalpel <\/span><span style=\"font-weight: 400;\">HT Carbon 1<\/span><\/li>\n<li style=\"font-weight: 400;\" aria-level=\"1\"><span style=\"font-weight: 400;\">2x POC Ventral Air MIPS kiivrid<\/span><\/li>\n<li style=\"font-weight: 400;\" aria-level=\"1\"><span style=\"font-weight: 400;\">5x \u0160koda Green Jersey<\/span><\/li>\n<\/ul>\n<p>&nbsp;<\/p>\n<ol start=\"4\">\n<li><span style=\"font-weight: 400;\"> voor<\/span><\/li>\n<\/ol>\n<ul>\n<li style=\"font-weight: 400;\" aria-level=\"1\"><span style=\"font-weight: 400;\">1x Cannondale Mavaro NEO 3<\/span><\/li>\n<li style=\"font-weight: 400;\" aria-level=\"1\"><span style=\"font-weight: 400;\">1x Wahoo Elemnt Roam<\/span><\/li>\n<li style=\"font-weight: 400;\" aria-level=\"1\"><span style=\"font-weight: 400;\">5x \u0160koda Green Jersey<\/span><\/li>\n<\/ul>\n<p>&nbsp;<\/p>\n<p><span style=\"font-weight: 400;\">Osade v\u00f5imaliku viibimise t\u00f5ttu v\u00f5ib jalgrataste tarnimine auhindadena v\u00f5tta kuni 8 kuud. Viivituse p\u00f5hjuseks on tegurid, mis ei ole meie otsese kontrolli all. N\u00e4iteks kokkupanekuks vajalike osade hankimine.<\/span><\/p>\n<h4><b>6. Teave isikuandmete t\u00f6\u00f6tlemise kohta<\/b><\/h4>\n<p><span style=\"font-weight: 400;\">V\u00f5\u00f5rustaja kui isikuandmete vastutav t\u00f6\u00f6tleja vastavalt isikuandmete kaitse \u00fcldm\u00e4\u00e4rusele (m\u00e4\u00e4rus (EL) 2016\/679) annab teile k\u00e4esolevaga teavet isikuandmete t\u00f6\u00f6tlemise ja teie \u00f5iguste kohta seoses t\u00f6\u00f6tlemisega.<\/span><\/p>\n<p><span style=\"font-weight: 400;\">T\u00f6\u00f6tlemine toimub j\u00e4rgmise tegevuse raames:<\/span><\/p>\n<p><span style=\"font-weight: 400;\">&#8211; v\u00f5istluste korraldamine ja \u00f5iglase h\u00e4\u00e4letamise tagamine h\u00e4\u00e4letusv\u00f5istlusel.\u00a0<\/span><\/p>\n<p><span style=\"font-weight: 400;\">T\u00f6\u00f6tlemise \u00f5iguslik alus: meil on \u00f5igus t\u00f6\u00f6delda teie isikuandmeid lepingu s\u00f5lmimise alusel (k\u00e4esoleva konkursi reeglid).<\/span><\/p>\n<p><span style=\"font-weight: 400;\">Isikuandmete liigid, mida me t\u00f6\u00f6tleme: tuvastamisandmed, kontaktandmed, teave vastastikuse side ja suhtlemise kohta.<\/span><\/p>\n<p><span style=\"font-weight: 400;\">T\u00f6\u00f6tlemisaeg: me t\u00f6\u00f6tleme teie isikuandmeid \u00fcks aasta p\u00e4rast konkursi l\u00f5petamist.<\/span><\/p>\n<p><span style=\"font-weight: 400;\">Volitatud t\u00f6\u00f6tlejate v\u00f5i saajate kategooriad, kellele me v\u00f5ime isikuandmeid edastada: isikuandmete t\u00f6\u00f6tleja on MUSTARD s.r.o., registrij\u00e4rgne asukoht Praha 1 &#8211; Nov\u00e9 M\u011bsto, Masarykovo n\u00e1b\u0159. 246, 110 00, T\u0161ehhi Vabariik, ID number 28531418, registreeritud Praha linnakohtu poolt hallatavas \u00e4riregistris, jaotis C, kanne 148383 (korraldaja). Taotluse korral v\u00f5ib teie isikuandmeid edastada riigiasutustele, eelk\u00f5ige kohtutele, T\u0161ehhi Vabariigi politseile ja teistele \u00f5iguskaitseasutustele vajalikul m\u00e4\u00e4ral ja seadusega s\u00e4testatud piirides.<\/span><\/p>\n<p><span style=\"font-weight: 400;\">Isikuandmete allikas: me saame isikuandmeid vahetult teie k\u00e4est.<\/span><\/p>\n<p><span style=\"font-weight: 400;\">Isikuandmete edastamine kolmandatesse riikidesse v\u00f5i rahvusvahelistele ettev\u00f5tetele: selle t\u00f6\u00f6tlemise osana ei edastada teie isikuandmeid kolmandatesse riikidesse ega rahvusvahelistele ettev\u00f5tetele.<\/span><\/p>\n<p><span style=\"font-weight: 400;\">Isikuandmetel p\u00f5hinev automaatne otsuste tegemine: selle isikuandmete t\u00f6\u00f6tlemise ajal ei toimu automaatset otsustamist isikuandmete p\u00f5hjal.<\/span><\/p>\n<p><span style=\"font-weight: 400;\">Muu teave: isikuandmeid v\u00f5ib arhiveerida avalikes huvides ning neid v\u00f5ib kasutada teaduslikel, ajaloolistel v\u00f5i statistilistel eesm\u00e4rkidel. H\u00e4sti p\u00f5hjendatud juhtudel v\u00f5ib isikuandmeid t\u00f6\u00f6delda ka \u00f5igusk\u00fcsimuste lahendamise eesm\u00e4rgil, sealhulgas kohustuste t\u00e4itmiseks avalike halduseorganite ees ning \u00f5igusriskide j\u00e4lgimiseks ja pidevaks hindamiseks.<\/span><\/p>\n<p><span style=\"font-weight: 400;\">Osana isikuandmete t\u00f6\u00f6tlemisest on teil j\u00e4rgmised \u00f5igused: juurdep\u00e4\u00e4s t\u00f6\u00f6deldavatele isikuandmetele, ebat\u00e4psete v\u00f5i eba\u00f5igete andmete parandamine v\u00f5i puudulike andmete t\u00e4iendamine, isikuandmete kustutamine eesm\u00e4rgi l\u00f5ppemise v\u00f5i volitamata t\u00f6\u00f6tlemise korral, isikuandmete t\u00f6\u00f6tlemise piiramine v\u00f5i blokeerimine, isikuandmete loetlemine struktureeritud ja masinloetaval kujul enda v\u00f5i teise halduri jaoks, mitte kasutamine automatiseeritud otsuste tegemisel.<\/span><\/p>\n<p><span style=\"font-weight: 400;\">Oma \u00f5iguste kasutamiseks kasutage j\u00e4rgmisi sidekanaleid:\u00a0<\/span><\/p>\n<p><span style=\"font-weight: 400;\">&#8211; elektrooniliselt aadressil: https:\/\/www.skoda-auto.com\/data-privacy<\/span><\/p>\n<p><span style=\"font-weight: 400;\">&#8211; posti teel: \u0160koda Auto a.s., Data Protection Office, t\u0159. V\u00e1clava Klementa 869, Mlad\u00e1 Boleslav II, CZ 293 01 Mlad\u00e1 Boleslav, T\u0161ehhi Vabariik (inglise v\u00f5i t\u0161ehhi keeles).<\/span><\/p>\n<p><span style=\"font-weight: 400;\">Seoses teie \u00f5iguste kasutamisega v\u00f5ib \u0160koda Auto n\u00f5uda m\u00f5istlikku tasu, v\u00f5ttes arvesse t\u00f6\u00f6tlemise halduskulusid, kui andmesubjekti taotlused on ilmselt p\u00f5hjendamatud v\u00f5i \u00fclem\u00e4\u00e4rased.<\/span><\/p>\n<p><span style=\"font-weight: 400;\">Kui teil on k\u00fcsimusi isikuandmete kaitse kohta, v\u00f5ite p\u00f6\u00f6rduda \u0160koda Auto andmekaitseametniku poole:\u00a0<\/span><\/p>\n<p><span style=\"font-weight: 400;\">&#8211; dpo@skoda-auto.cz<\/span><\/p>\n<p><span style=\"font-weight: 400;\">Kui te ei ole n\u00f5us sellega, kuidas me teie isikuandmeid t\u00f6\u00f6tleme, v\u00f5ite oma \u00f5iguste kaitseks esitada kaebuse \u0160koda Auto andmekaitseametnikule v\u00f5i j\u00e4relevalveasutusele. Office for Personal Data Protection, Pplk. Sochora 27, 170 00 Praha 7, +420 234 665 111, <\/span><a href=\"https:\/\/www.uoou.cz\/en\"><span style=\"font-weight: 400;\">https:\/\/www.uoou.cz\/en<\/span><\/a><\/p>\n<h4><b>7. Muud olulised tingimused<\/b><\/h4>\n<p><span style=\"font-weight: 400;\">V\u00f5itude t\u00e4psed andmed m\u00e4\u00e4rab ainuisikuliselt v\u00f5\u00f5rustaja. V\u00f5itude n\u00e4itamine reklaammaterjalides on illustratiivne. Konkursi v\u00f5\u00f5rustaja ei vastuta osalejale auhinna kasutamisega tekkinud kahju eest.<\/span><\/p>\n<p><span style=\"font-weight: 400;\">Osalejatel ei ole \u00f5igust n\u00f5uda auhinna asemel raha v\u00f5i muud liiki asendust. Konkursi v\u00f5\u00f5rustaja ei ole muul viisil kohustatud pakkuma konkursil osalejatele teenuseid ja osalejatel ei ole \u00f5igust saada v\u00f5\u00f5rustajalt muid teenuseid, kui on k\u00e4esolevas dokumendis s\u00f5naselgelt s\u00e4testatud.<\/span><\/p>\n<p><span style=\"font-weight: 400;\">Konkursi v\u00f5\u00f5rustaja ei vastuta konkursil osalemisega seotud otseste v\u00f5i kaudsete kahjude eest. V\u00f5istleja n\u00f5ustub, et v\u00f5\u00f5rustaja ei vastuta auhinnaga seotud riskide ja kohustuste eest. Konkursi tulemused on l\u00f5plikud, ilma et v\u00f5istleja v\u00f5i v\u00f5itja saaks konkursi kulgu ja tulemust vaidlustada.\u00a0<\/span><\/p>\n<p><span style=\"font-weight: 400;\">Osaleja v\u00f5ib konkursist v\u00e4lja arvata, kui v\u00f5\u00f5rustaja avastab v\u00f5i tal on p\u00f5hjendatud kahtlus, et osaleja v\u00f5i teised osalejat abistavad isikud on auhindade saamiseks toime pannud pettuse v\u00f5i osalenud ebaausas v\u00f5i reeglitele mittevastavas k\u00e4itumises, millest osaleja on teadlik.<\/span><\/p>\n<p><span style=\"font-weight: 400;\">V\u00f5\u00f5rustaja ei vastuta s\u00f5numite v\u00f5i v\u00f5itude edastamata j\u00e4\u00e4mise eest. V\u00f5\u00f5rustaja ei vastuta tehniliste v\u00f5i sideprobleemide t\u00f5ttu tekkinud vigade eest. V\u00f5\u00f5rustaja teeb l\u00f5pliku otsuse k\u00f5igi kaebuste v\u00f5i esitatud vastuv\u00e4idete kohta. V\u00f5\u00f5rustaja j\u00e4tab endale \u00f5iguse, ilma h\u00fcvitise maksmise kohustuseta, \u00fcritust l\u00fchendada ja auhindu v\u00e4hendada, edasi l\u00fckata, peatada v\u00f5i t\u00fchistada v\u00f5i muuta v\u00f5i lisada midagi k\u00e4esolevatesse reeglitesse \u00fchepoolselt \u00fcrituse toimumise ajal, teatades sellistest muudatustest eespool nimetatud veebisaidil, kus on ka reeglite kehtiv ja t\u00e4ielik s\u00f5nastus.<\/span><\/p>\n<p><span style=\"font-weight: 400;\">K\u00e4esolevat konkurssi reguleerivad T\u0161ehhi Vabariigi seadused.<\/span><\/p>\n","protected":false},"excerpt":{"rendered":"<p>Need reeglid reguleerivad \u201e2024 TDF konkursi\u201c (edaspidi \u201ekonkurss\u201c) tingimusi ja see on ainus dokument, mis reguleerib t\u00e4ielikult ja kohustuslikuna selle [&hellip;]<\/p>\n","protected":false},"author":171,"featured_media":0,"parent":1968,"menu_order":0,"comment_status":"closed","ping_status":"closed","template":"templates\/template-empty-page-headline.php","meta":{"footnotes":""},"tags":[],"class_list":["post-1970","page","type-page","status-publish","hentry"],"yoast_head":"<!-- This site is optimized with the Yoast SEO Premium plugin v25.3 (Yoast SEO v25.9) - https:\/\/yoast.com\/wordpress\/plugins\/seo\/ -->\n<title>Terms and Conditions - \u0160koda We Love Cycling - Estonia<\/title>\n<meta name=\"robots\" content=\"index, follow, max-snippet:-1, max-image-preview:large, max-video-preview:-1\" \/>\n<link rel=\"canonical\" href=\"https:\/\/www.welovecycling.com\/ee\/tour-de-france-2024\/terms-and-conditions\/\" \/>\n<meta property=\"og:locale\" content=\"et_EE\" \/>\n<meta property=\"og:type\" content=\"article\" \/>\n<meta property=\"og:title\" content=\"Terms and Conditions\" \/>\n<meta property=\"og:description\" content=\"Need reeglid reguleerivad \u201e2024 TDF konkursi\u201c (edaspidi \u201ekonkurss\u201c) tingimusi ja see on ainus dokument, mis reguleerib t\u00e4ielikult ja kohustuslikuna selle [&hellip;]\" \/>\n<meta property=\"og:url\" content=\"https:\/\/www.welovecycling.com\/ee\/tour-de-france-2024\/terms-and-conditions\/\" \/>\n<meta property=\"og:site_name\" content=\"\u0160koda We Love Cycling - Estonia\" \/>\n<meta property=\"article:modified_time\" content=\"2024-06-28T08:42:14+00:00\" \/>\n<meta name=\"twitter:card\" content=\"summary_large_image\" \/>\n<meta name=\"twitter:label1\" content=\"Est. reading time\" \/>\n\t<meta name=\"twitter:data1\" content=\"7 minutes\" \/>\n<script type=\"application\/ld+json\" class=\"yoast-schema-graph\">{\"@context\":\"https:\/\/schema.org\",\"@graph\":[{\"@type\":\"WebPage\",\"@id\":\"https:\/\/www.welovecycling.com\/ee\/tour-de-france-2024\/terms-and-conditions\/\",\"url\":\"https:\/\/www.welovecycling.com\/ee\/tour-de-france-2024\/terms-and-conditions\/\",\"name\":\"Terms and Conditions - \u0160koda We Love Cycling - Estonia\",\"isPartOf\":{\"@id\":\"https:\/\/www.welovecycling.com\/ee\/#website\"},\"datePublished\":\"2024-06-18T08:46:10+00:00\",\"dateModified\":\"2024-06-28T08:42:14+00:00\",\"breadcrumb\":{\"@id\":\"https:\/\/www.welovecycling.com\/ee\/tour-de-france-2024\/terms-and-conditions\/#breadcrumb\"},\"inLanguage\":\"et\",\"potentialAction\":[{\"@type\":\"ReadAction\",\"target\":[\"https:\/\/www.welovecycling.com\/ee\/tour-de-france-2024\/terms-and-conditions\/\"]}]},{\"@type\":\"BreadcrumbList\",\"@id\":\"https:\/\/www.welovecycling.com\/ee\/tour-de-france-2024\/terms-and-conditions\/#breadcrumb\",\"itemListElement\":[{\"@type\":\"ListItem\",\"position\":1,\"name\":\"Tour de France 2024\",\"item\":\"https:\/\/www.welovecycling.com\/ee\/?page_id=1968\"},{\"@type\":\"ListItem\",\"position\":2,\"name\":\"Terms and Conditions\"}]},{\"@type\":\"WebSite\",\"@id\":\"https:\/\/www.welovecycling.com\/ee\/#website\",\"url\":\"https:\/\/www.welovecycling.com\/ee\/\",\"name\":\"\u0160koda We Love Cycling - Estonia\",\"description\":\"\",\"potentialAction\":[{\"@type\":\"SearchAction\",\"target\":{\"@type\":\"EntryPoint\",\"urlTemplate\":\"https:\/\/www.welovecycling.com\/ee\/?s={search_term_string}\"},\"query-input\":{\"@type\":\"PropertyValueSpecification\",\"valueRequired\":true,\"valueName\":\"search_term_string\"}}],\"inLanguage\":\"et\"}]}<\/script>\n<!-- \/ Yoast SEO Premium plugin. -->","yoast_head_json":{"title":"Terms and Conditions - \u0160koda We Love Cycling - Estonia","robots":{"index":"index","follow":"follow","max-snippet":"max-snippet:-1","max-image-preview":"max-image-preview:large","max-video-preview":"max-video-preview:-1"},"canonical":"https:\/\/www.welovecycling.com\/ee\/tour-de-france-2024\/terms-and-conditions\/","og_locale":"et_EE","og_type":"article","og_title":"Terms and Conditions","og_description":"Need reeglid reguleerivad \u201e2024 TDF konkursi\u201c (edaspidi \u201ekonkurss\u201c) tingimusi ja see on ainus dokument, mis reguleerib t\u00e4ielikult ja kohustuslikuna selle [&hellip;]","og_url":"https:\/\/www.welovecycling.com\/ee\/tour-de-france-2024\/terms-and-conditions\/","og_site_name":"\u0160koda We Love Cycling - Estonia","article_modified_time":"2024-06-28T08:42:14+00:00","twitter_card":"summary_large_image","twitter_misc":{"Est. reading time":"7 minutes"},"schema":{"@context":"https:\/\/schema.org","@graph":[{"@type":"WebPage","@id":"https:\/\/www.welovecycling.com\/ee\/tour-de-france-2024\/terms-and-conditions\/","url":"https:\/\/www.welovecycling.com\/ee\/tour-de-france-2024\/terms-and-conditions\/","name":"Terms and Conditions - \u0160koda We Love Cycling - Estonia","isPartOf":{"@id":"https:\/\/www.welovecycling.com\/ee\/#website"},"datePublished":"2024-06-18T08:46:10+00:00","dateModified":"2024-06-28T08:42:14+00:00","breadcrumb":{"@id":"https:\/\/www.welovecycling.com\/ee\/tour-de-france-2024\/terms-and-conditions\/#breadcrumb"},"inLanguage":"et","potentialAction":[{"@type":"ReadAction","target":["https:\/\/www.welovecycling.com\/ee\/tour-de-france-2024\/terms-and-conditions\/"]}]},{"@type":"BreadcrumbList","@id":"https:\/\/www.welovecycling.com\/ee\/tour-de-france-2024\/terms-and-conditions\/#breadcrumb","itemListElement":[{"@type":"ListItem","position":1,"name":"Tour de France 2024","item":"https:\/\/www.welovecycling.com\/ee\/?page_id=1968"},{"@type":"ListItem","position":2,"name":"Terms and Conditions"}]},{"@type":"WebSite","@id":"https:\/\/www.welovecycling.com\/ee\/#website","url":"https:\/\/www.welovecycling.com\/ee\/","name":"\u0160koda We Love Cycling - Estonia","description":"","potentialAction":[{"@type":"SearchAction","target":{"@type":"EntryPoint","urlTemplate":"https:\/\/www.welovecycling.com\/ee\/?s={search_term_string}"},"query-input":{"@type":"PropertyValueSpecification","valueRequired":true,"valueName":"search_term_string"}}],"inLanguage":"et"}]}},"_links":{"self":[{"href":"https:\/\/www.welovecycling.com\/ee\/wp-json\/wp\/v2\/pages\/1970","targetHints":{"allow":["GET"]}}],"collection":[{"href":"https:\/\/www.welovecycling.com\/ee\/wp-json\/wp\/v2\/pages"}],"about":[{"href":"https:\/\/www.welovecycling.com\/ee\/wp-json\/wp\/v2\/types\/page"}],"author":[{"embeddable":true,"href":"https:\/\/www.welovecycling.com\/ee\/wp-json\/wp\/v2\/users\/171"}],"replies":[{"embeddable":true,"href":"https:\/\/www.welovecycling.com\/ee\/wp-json\/wp\/v2\/comments?post=1970"}],"version-history":[{"count":4,"href":"https:\/\/www.welovecycling.com\/ee\/wp-json\/wp\/v2\/pages\/1970\/revisions"}],"predecessor-version":[{"id":2007,"href":"https:\/\/www.welovecycling.com\/ee\/wp-json\/wp\/v2\/pages\/1970\/revisions\/2007"}],"up":[{"embeddable":true,"href":"https:\/\/www.welovecycling.com\/ee\/wp-json\/wp\/v2\/pages\/1968"}],"wp:attachment":[{"href":"https:\/\/www.welovecycling.com\/ee\/wp-json\/wp\/v2\/media?parent=1970"}],"wp:term":[{"taxonomy":"post_tag","embeddable":true,"href":"https:\/\/www.welovecycling.com\/ee\/wp-json\/wp\/v2\/tags?post=1970"}],"curies":[{"name":"wp","href":"https:\/\/api.w.org\/{rel}","templated":true}]}}