{"id":123,"date":"2019-04-10T06:51:56","date_gmt":"2019-04-10T06:51:56","guid":{"rendered":"https:\/\/www.welovecycling.com\/ee\/?page_id=123"},"modified":"2019-11-20T15:46:43","modified_gmt":"2019-11-20T15:46:43","slug":"oigused","status":"publish","type":"page","link":"https:\/\/www.welovecycling.com\/ee\/docs\/oigused\/","title":{"rendered":"\u00d5igused"},"content":{"rendered":"<div id=\"pl-123\"  class=\"panel-layout\" ><div id=\"pg-123-0\"  class=\"panel-grid panel-no-style\" ><div id=\"pgc-123-0-0\"  class=\"panel-grid-cell\" ><div id=\"panel-123-0-0-0\" class=\"so-panel widget widget_sow-editor panel-first-child panel-last-child\" data-index=\"0\" ><div\n\t\t\t\n\t\t\tclass=\"so-widget-sow-editor so-widget-sow-editor-base\"\n\t\t\t\n\t\t>\n<div class=\"siteorigin-widget-tinymce textwidget\">\n\t<h2><img loading=\"lazy\" decoding=\"async\" class=\"wp-image-164807 size-full\" style=\"display: inline-block;\" src=\"https:\/\/d2p6e6u75xmxt8.cloudfront.net\/2\/2018\/05\/hammer.jpg\" alt=\"\" width=\"35\" height=\"34\" \/> MILLISED ON SINU \u00d5IGUSED?<\/h2>\n<p>Isikuandmete t\u00f6\u00f6tlemise k\u00e4igus on teil j\u00e4rgnevad \u00f5igused:<\/p>\n<\/div>\n<\/div><\/div><\/div><\/div><div id=\"pg-123-1\"  class=\"panel-grid panel-no-style\" ><div id=\"pgc-123-1-0\"  class=\"panel-grid-cell\" ><div id=\"panel-123-1-0-0\" class=\"so-panel widget widget_sow-image panel-first-child\" data-index=\"1\" ><div\n\t\t\t\n\t\t\tclass=\"so-widget-sow-image so-widget-sow-image-default-c67d20f9f743-123\"\n\t\t\t\n\t\t>\n<div class=\"sow-image-container\">\n\t\t<img loading=\"lazy\" decoding=\"async\" src=\"https:\/\/d2p6e6u75xmxt8.cloudfront.net\/15\/2019\/04\/Key.png\" width=\"52\" height=\"52\" sizes=\"auto, (max-width: 52px) 100vw, 52px\" alt=\"\" \t\tclass=\"so-widget-image\"\/>\n\t<\/div>\n\n<\/div><\/div><div id=\"panel-123-1-0-1\" class=\"so-panel widget widget_sow-editor panel-last-child\" data-index=\"2\" ><div\n\t\t\t\n\t\t\tclass=\"so-widget-sow-editor so-widget-sow-editor-base\"\n\t\t\t\n\t\t>\n<div class=\"siteorigin-widget-tinymce textwidget\">\n\t<p style=\"text-align: center; padding-top: 15px;\">Ligip\u00e4\u00e4s t\u00f6\u00f6deldud isikuandmetele.<\/p>\n<\/div>\n<\/div><\/div><\/div><div id=\"pgc-123-1-1\"  class=\"panel-grid-cell\" ><div id=\"panel-123-1-1-0\" class=\"so-panel widget widget_sow-image panel-first-child\" data-index=\"3\" ><div\n\t\t\t\n\t\t\tclass=\"so-widget-sow-image so-widget-sow-image-default-c67d20f9f743-123\"\n\t\t\t\n\t\t>\n<div class=\"sow-image-container\">\n\t\t<img loading=\"lazy\" decoding=\"async\" src=\"https:\/\/d2p6e6u75xmxt8.cloudfront.net\/15\/2019\/04\/Bin.png\" width=\"52\" height=\"52\" sizes=\"auto, (max-width: 52px) 100vw, 52px\" alt=\"\" \t\tclass=\"so-widget-image\"\/>\n\t<\/div>\n\n<\/div><\/div><div id=\"panel-123-1-1-1\" class=\"so-panel widget widget_sow-editor panel-last-child\" data-index=\"4\" ><div\n\t\t\t\n\t\t\tclass=\"so-widget-sow-editor so-widget-sow-editor-base\"\n\t\t\t\n\t\t>\n<div class=\"siteorigin-widget-tinymce textwidget\">\n\t<p style=\"text-align: center; padding-top: 15px;\">Isikuandmete t\u00f6\u00f6tlemise n\u00f5usoleku t\u00fchistamine.<\/p>\n<\/div>\n<\/div><\/div><\/div><div id=\"pgc-123-1-2\"  class=\"panel-grid-cell\" ><div id=\"panel-123-1-2-0\" class=\"so-panel widget widget_sow-image panel-first-child\" data-index=\"5\" ><div\n\t\t\t\n\t\t\tclass=\"so-widget-sow-image so-widget-sow-image-default-c67d20f9f743-123\"\n\t\t\t\n\t\t>\n<div class=\"sow-image-container\">\n\t\t<img loading=\"lazy\" decoding=\"async\" src=\"https:\/\/d2p6e6u75xmxt8.cloudfront.net\/15\/2019\/04\/Pencil.png\" width=\"52\" height=\"52\" sizes=\"auto, (max-width: 52px) 100vw, 52px\" alt=\"\" \t\tclass=\"so-widget-image\"\/>\n\t<\/div>\n\n<\/div><\/div><div id=\"panel-123-1-2-1\" class=\"so-panel widget widget_sow-editor panel-last-child\" data-index=\"6\" ><div\n\t\t\t\n\t\t\tclass=\"so-widget-sow-editor so-widget-sow-editor-base\"\n\t\t\t\n\t\t>\n<div class=\"siteorigin-widget-tinymce textwidget\">\n\t<p style=\"text-align: center; padding-top: 15px;\">Eba\u00f5igete, ebat\u00e4psete v\u00f5i mittet\u00e4ielike isikuandmete parandamine.<\/p>\n<\/div>\n<\/div><\/div><\/div><div id=\"pgc-123-1-3\"  class=\"panel-grid-cell\" ><div id=\"panel-123-1-3-0\" class=\"so-panel widget widget_sow-image panel-first-child\" data-index=\"7\" ><div\n\t\t\t\n\t\t\tclass=\"so-widget-sow-image so-widget-sow-image-default-c67d20f9f743-123\"\n\t\t\t\n\t\t>\n<div class=\"sow-image-container\">\n\t\t<img loading=\"lazy\" decoding=\"async\" src=\"https:\/\/d2p6e6u75xmxt8.cloudfront.net\/15\/2019\/04\/Directory.png\" width=\"75\" height=\"64\" sizes=\"auto, (max-width: 75px) 100vw, 75px\" alt=\"\" \t\tclass=\"so-widget-image\"\/>\n\t<\/div>\n\n<\/div><\/div><div id=\"panel-123-1-3-1\" class=\"so-panel widget widget_sow-editor panel-last-child\" data-index=\"8\" ><div\n\t\t\t\n\t\t\tclass=\"so-widget-sow-editor so-widget-sow-editor-base\"\n\t\t\t\n\t\t>\n<div class=\"siteorigin-widget-tinymce textwidget\">\n\t<p style=\"text-align: center; padding-top: 5px;\">Isikuandmete kustutamine otstarbe \u00f5igusliku aluse t\u00fchistamisel v\u00f5i ebaseadusliku t\u00f6\u00f6tlemise korral.<\/p>\n<\/div>\n<\/div><\/div><\/div><\/div><div id=\"pg-123-2\"  class=\"panel-grid panel-no-style\" ><div id=\"pgc-123-2-0\"  class=\"panel-grid-cell\" ><div id=\"panel-123-2-0-0\" class=\"so-panel widget widget_sow-image panel-first-child\" data-index=\"9\" ><div\n\t\t\t\n\t\t\tclass=\"so-widget-sow-image so-widget-sow-image-default-c67d20f9f743-123\"\n\t\t\t\n\t\t>\n<div class=\"sow-image-container\">\n\t\t<img loading=\"lazy\" decoding=\"async\" src=\"https:\/\/d2p6e6u75xmxt8.cloudfront.net\/15\/2019\/04\/Clock.png\" width=\"52\" height=\"52\" sizes=\"auto, (max-width: 52px) 100vw, 52px\" alt=\"\" \t\tclass=\"so-widget-image\"\/>\n\t<\/div>\n\n<\/div><\/div><div id=\"panel-123-2-0-1\" class=\"so-panel widget widget_sow-editor panel-last-child\" data-index=\"10\" ><div\n\t\t\t\n\t\t\tclass=\"so-widget-sow-editor so-widget-sow-editor-base\"\n\t\t\t\n\t\t>\n<div class=\"siteorigin-widget-tinymce textwidget\">\n\t<p style=\"text-align: center; padding-top: 15px;\">Andmete t\u00f6\u00f6tlemise piiramine..<\/p>\n<\/div>\n<\/div><\/div><\/div><div id=\"pgc-123-2-1\"  class=\"panel-grid-cell\" ><div id=\"panel-123-2-1-0\" class=\"so-panel widget widget_sow-image panel-first-child\" data-index=\"11\" ><div\n\t\t\t\n\t\t\tclass=\"so-widget-sow-image so-widget-sow-image-default-c67d20f9f743-123\"\n\t\t\t\n\t\t>\n<div class=\"sow-image-container\">\n\t\t<img loading=\"lazy\" decoding=\"async\" src=\"https:\/\/d2p6e6u75xmxt8.cloudfront.net\/15\/2019\/04\/paper-clip.png\" width=\"52\" height=\"52\" sizes=\"auto, (max-width: 52px) 100vw, 52px\" alt=\"\" \t\tclass=\"so-widget-image\"\/>\n\t<\/div>\n\n<\/div><\/div><div id=\"panel-123-2-1-1\" class=\"so-panel widget widget_sow-editor panel-last-child\" data-index=\"12\" ><div\n\t\t\t\n\t\t\tclass=\"so-widget-sow-editor so-widget-sow-editor-base\"\n\t\t\t\n\t\t>\n<div class=\"siteorigin-widget-tinymce textwidget\">\n\t<p style=\"text-align: center; padding-top: 15px;\">Sinu isikuandmete v\u00e4ljav\u00f5te masinloetaval kujul Sinu v\u00f5i teise vastutava t\u00f6\u00f6tleja jaoks.<\/p>\n<\/div>\n<\/div><\/div><\/div><div id=\"pgc-123-2-2\"  class=\"panel-grid-cell\" ><div id=\"panel-123-2-2-0\" class=\"so-panel widget widget_sow-image panel-first-child\" data-index=\"13\" ><div\n\t\t\t\n\t\t\tclass=\"so-widget-sow-image so-widget-sow-image-default-c67d20f9f743-123\"\n\t\t\t\n\t\t>\n<div class=\"sow-image-container\">\n\t\t<img loading=\"lazy\" decoding=\"async\" src=\"https:\/\/d2p6e6u75xmxt8.cloudfront.net\/15\/2019\/04\/Hand.png\" width=\"52\" height=\"52\" sizes=\"auto, (max-width: 52px) 100vw, 52px\" alt=\"\" \t\tclass=\"so-widget-image\"\/>\n\t<\/div>\n\n<\/div><\/div><div id=\"panel-123-2-2-1\" class=\"so-panel widget widget_sow-editor panel-last-child\" data-index=\"14\" ><div\n\t\t\t\n\t\t\tclass=\"so-widget-sow-editor so-widget-sow-editor-base\"\n\t\t\t\n\t\t>\n<div class=\"siteorigin-widget-tinymce textwidget\">\n\t<p style=\"text-align: center; padding-top: 15px;\">Vaide esitamine andmete t\u00f6\u00f6tlemise kohta, kui te usute, et isikuandmete t\u00f6\u00f6tlemine on ebaseaduslik.<\/p>\n<\/div>\n<\/div><\/div><\/div><div id=\"pgc-123-2-3\"  class=\"panel-grid-cell\" ><div id=\"panel-123-2-3-0\" class=\"so-panel widget widget_sow-image panel-first-child\" data-index=\"15\" ><div\n\t\t\t\n\t\t\tclass=\"so-widget-sow-image so-widget-sow-image-default-c67d20f9f743-123\"\n\t\t\t\n\t\t>\n<div class=\"sow-image-container\">\n\t\t<img loading=\"lazy\" decoding=\"async\" src=\"https:\/\/d2p6e6u75xmxt8.cloudfront.net\/15\/2019\/04\/Eye.png\" width=\"52\" height=\"52\" sizes=\"auto, (max-width: 52px) 100vw, 52px\" alt=\"\" \t\tclass=\"so-widget-image\"\/>\n\t<\/div>\n\n<\/div><\/div><div id=\"panel-123-2-3-1\" class=\"so-panel widget widget_sow-editor panel-last-child\" data-index=\"16\" ><div\n\t\t\t\n\t\t\tclass=\"so-widget-sow-editor so-widget-sow-editor-base\"\n\t\t\t\n\t\t>\n<div class=\"siteorigin-widget-tinymce textwidget\">\n\t<p style=\"text-align: center; padding-top: 21px;\">Mitte olla automaatse otsusetegemise subjekt.<\/p>\n<\/div>\n<\/div><\/div><\/div><\/div><div id=\"pg-123-3\"  class=\"panel-grid panel-no-style\" ><div id=\"pgc-123-3-0\"  class=\"panel-grid-cell\" ><div id=\"panel-123-3-0-0\" class=\"so-panel widget widget_sow-editor panel-first-child panel-last-child\" data-index=\"17\" ><div\n\t\t\t\n\t\t\tclass=\"so-widget-sow-editor so-widget-sow-editor-base\"\n\t\t\t\n\t\t>\n<div class=\"siteorigin-widget-tinymce textwidget\">\n\t<h2><img loading=\"lazy\" decoding=\"async\" class=\"alignnone wp-image-164818 size-full\" style=\"display: inline-block;\" src=\"https:\/\/d2p6e6u75xmxt8.cloudfront.net\/2\/2018\/05\/silhouette.jpg\" alt=\"\" width=\"32\" height=\"34\" \/> KUIDAS TE SAATE OMA \u00d5IGUSI TEOSTADA?<\/h2>\n<p>Isikuandmete kaitse ja t\u00f6\u00f6tlemisega seotud p\u00e4ringute jaoks kasutage j\u00e4rgmisi sidekanaleid:<\/p>\n<\/div>\n<\/div><\/div><\/div><\/div><div id=\"pg-123-4\"  class=\"panel-grid panel-no-style\" ><div id=\"pgc-123-4-0\"  class=\"panel-grid-cell\" ><div id=\"panel-123-4-0-0\" class=\"so-panel widget widget_sow-image panel-first-child\" data-index=\"18\" ><div\n\t\t\t\n\t\t\tclass=\"so-widget-sow-image so-widget-sow-image-default-4e6925654b7a-123\"\n\t\t\t\n\t\t>\n<div class=\"sow-image-container\">\n\t\t<img loading=\"lazy\" decoding=\"async\" src=\"https:\/\/d2p6e6u75xmxt8.cloudfront.net\/15\/2019\/04\/PC.png\" width=\"36\" height=\"38\" sizes=\"auto, (max-width: 36px) 100vw, 36px\" alt=\"\" \t\tclass=\"so-widget-image\"\/>\n\t<\/div>\n\n<\/div><\/div><div id=\"panel-123-4-0-1\" class=\"so-panel widget widget_sow-editor panel-last-child\" data-index=\"19\" ><div\n\t\t\t\n\t\t\tclass=\"so-widget-sow-editor so-widget-sow-editor-base\"\n\t\t\t\n\t\t>\n<div class=\"siteorigin-widget-tinymce textwidget\">\n\t<p style=\"padding-top: 10px;\"><strong>Elektrooniliselt: <\/strong><\/p>\n<p><a href=\"http:\/\/www.skoda.ee\/muu\/isikuandmed\" target=\"_blank\" rel=\"noopener\">http:\/\/www.skoda.ee\/muu\/isikuandmed<\/a><\/p>\n<\/div>\n<\/div><\/div><\/div><div id=\"pgc-123-4-1\"  class=\"panel-grid-cell\" ><div id=\"panel-123-4-1-0\" class=\"so-panel widget widget_sow-image panel-first-child\" data-index=\"20\" ><div\n\t\t\t\n\t\t\tclass=\"so-widget-sow-image so-widget-sow-image-default-4e6925654b7a-123\"\n\t\t\t\n\t\t>\n<div class=\"sow-image-container\">\n\t\t<img loading=\"lazy\" decoding=\"async\" src=\"https:\/\/d2p6e6u75xmxt8.cloudfront.net\/15\/2019\/04\/Email.png\" width=\"38\" height=\"36\" sizes=\"auto, (max-width: 38px) 100vw, 38px\" alt=\"\" \t\tclass=\"so-widget-image\"\/>\n\t<\/div>\n\n<\/div><\/div><div id=\"panel-123-4-1-1\" class=\"so-panel widget widget_sow-editor panel-last-child\" data-index=\"21\" ><div\n\t\t\t\n\t\t\tclass=\"so-widget-sow-editor so-widget-sow-editor-base\"\n\t\t\t\n\t\t>\n<div class=\"siteorigin-widget-tinymce textwidget\">\n\t<p style=\"padding-top: 10px;\"><strong>E-maili teel: <\/strong><\/p>\n<p><a href=\"mailto:info@auto100.ee\">info@auto100.ee<\/a><\/p>\n<\/div>\n<\/div><\/div><\/div><div id=\"pgc-123-4-2\"  class=\"panel-grid-cell\" ><div id=\"panel-123-4-2-0\" class=\"so-panel widget widget_sow-image panel-first-child\" data-index=\"22\" ><div\n\t\t\t\n\t\t\tclass=\"so-widget-sow-image so-widget-sow-image-default-4e6925654b7a-123\"\n\t\t\t\n\t\t>\n<div class=\"sow-image-container\">\n\t\t<img loading=\"lazy\" decoding=\"async\" src=\"https:\/\/d2p6e6u75xmxt8.cloudfront.net\/15\/2019\/04\/Envelope.png\" width=\"36\" height=\"34\" sizes=\"auto, (max-width: 36px) 100vw, 36px\" alt=\"\" \t\tclass=\"so-widget-image\"\/>\n\t<\/div>\n\n<\/div><\/div><div id=\"panel-123-4-2-1\" class=\"so-panel widget widget_sow-editor panel-last-child\" data-index=\"23\" ><div\n\t\t\t\n\t\t\tclass=\"so-widget-sow-editor so-widget-sow-editor-base\"\n\t\t\t\n\t\t>\n<div class=\"siteorigin-widget-tinymce textwidget\">\n\t<p style=\"padding-top: 10px;\"><strong>Postiga:<\/strong><\/p>\n<p>Auto 100 AS<br \/>\nReg. kood: 11127264<br \/>\nMustam\u00e4e tee 16, Tallinn, 10617<br \/>\nEesti<\/p>\n<\/div>\n<\/div><\/div><\/div><\/div><div id=\"pg-123-5\"  class=\"panel-grid panel-no-style\" ><div id=\"pgc-123-5-0\"  class=\"panel-grid-cell\" ><div id=\"panel-123-5-0-0\" class=\"so-panel widget widget_sow-editor panel-first-child panel-last-child\" data-index=\"24\" ><div\n\t\t\t\n\t\t\tclass=\"so-widget-sow-editor so-widget-sow-editor-base\"\n\t\t\t\n\t\t>\n<div class=\"siteorigin-widget-tinymce textwidget\">\n\t<p>Seoses Sinu \u00f5iguste teostamisega v\u00f5ib ettev\u00f5te AUTO 100 AS n\u00f5uda m\u00f5istlikku tasu menetluse halduskulusid arvesse v\u00f5ttes, kui andmesubjekti p\u00e4ringud on ilmselt alusetud v\u00f5i \u00fclem\u00e4\u00e4rased.<\/p>\n<\/div>\n<\/div><\/div><\/div><\/div><div id=\"pg-123-6\"  class=\"panel-grid panel-no-style\" ><div id=\"pgc-123-6-0\"  class=\"panel-grid-cell\" ><div id=\"panel-123-6-0-0\" class=\"so-panel widget widget_sow-editor panel-first-child panel-last-child\" data-index=\"25\" ><div\n\t\t\t\n\t\t\tclass=\"so-widget-sow-editor so-widget-sow-editor-base\"\n\t\t\t\n\t\t>\n<div class=\"siteorigin-widget-tinymce textwidget\">\n\t<h2><img loading=\"lazy\" decoding=\"async\" class=\"size-full wp-image-164810\" src=\"https:\/\/d2p6e6u75xmxt8.cloudfront.net\/2\/2018\/05\/looking-glass.jpg\" alt=\"\" width=\"37\" height=\"34\" style=\"display:inline-block\" \/>\u00a0\u00a0 ANDMEKAITSEAMETNIK (DPO)<\/h2>\n<p>Isikuandmete kaitset puudutavates k\u00fcsimustes v\u00f5ite otse \u00fchendust v\u00f5tta ettev\u00f5tte Auto 100 AS andmekaitseametnikuga (DPO).<\/p>\n<\/div>\n<\/div><\/div><\/div><div id=\"pgc-123-6-1\"  class=\"panel-grid-cell\" ><div id=\"panel-123-6-1-0\" class=\"so-panel widget widget_sow-editor panel-first-child panel-last-child\" data-index=\"26\" ><div\n\t\t\t\n\t\t\tclass=\"so-widget-sow-editor so-widget-sow-editor-base\"\n\t\t\t\n\t\t>\n<div class=\"siteorigin-widget-tinymce textwidget\">\n\t<p><img loading=\"lazy\" decoding=\"async\" class=\"size-full wp-image-164814\" style=\"display: inline-block;\" src=\"https:\/\/d2p6e6u75xmxt8.cloudfront.net\/2\/2018\/05\/pc-mini.jpg\" alt=\"\" width=\"18\" height=\"17\" \/>\u00a0\u00a0 <a href=\"http:\/\/www.skoda.ee\/muu\/isikuandmed\" target=\"_blank\" rel=\"noopener\">http:\/\/www.skoda.ee\/muu\/isikuandmed<\/a><\/p>\n<p><img loading=\"lazy\" decoding=\"async\" class=\"size-full wp-image-164799\" style=\"display: inline-block;\" src=\"https:\/\/d2p6e6u75xmxt8.cloudfront.net\/2\/2018\/05\/at-symbol-mini.jpg\" alt=\"\" width=\"20\" height=\"15\" \/>\u00a0\u00a0 <a href=\"mailto:info@auto100.ee\">info@auto100.ee<\/a><\/p>\n<\/div>\n<\/div><\/div><\/div><\/div><div id=\"pg-123-7\"  class=\"panel-grid panel-no-style\" ><div id=\"pgc-123-7-0\"  class=\"panel-grid-cell\" ><div id=\"panel-123-7-0-0\" class=\"so-panel widget widget_sow-editor panel-first-child panel-last-child\" data-index=\"27\" ><div\n\t\t\t\n\t\t\tclass=\"so-widget-sow-editor so-widget-sow-editor-base\"\n\t\t\t\n\t\t>\n<div class=\"siteorigin-widget-tinymce textwidget\">\n\t<h2><img loading=\"lazy\" decoding=\"async\" class=\"size-full wp-image-164801\" style=\"display: inline-block;\" src=\"https:\/\/d2p6e6u75xmxt8.cloudfront.net\/2\/2018\/05\/bubble.jpg\" alt=\"\" width=\"38\" height=\"34\" \/>\u00a0 KAEBUSE ESITAMINE<\/h2>\n<p>Juhul, kui te pole n\u00f5us viisiga, kuidas AUTO 100 AS t\u00f6\u00f6tleb v\u00f5i k\u00e4itleb Sinu isikuandmeid, v\u00f5ite esitada kaebuse AUTO 100 AS andmekaitseametnikule (DPO) v\u00f5i esitada kaebuse j\u00e4relevalveasutusele.<\/p>\n<\/div>\n<\/div><\/div><\/div><div id=\"pgc-123-7-1\"  class=\"panel-grid-cell\" ><div id=\"panel-123-7-1-0\" class=\"so-panel widget widget_sow-editor panel-first-child panel-last-child\" data-index=\"28\" ><div\n\t\t\t\n\t\t\tclass=\"so-widget-sow-editor so-widget-sow-editor-base\"\n\t\t\t\n\t\t>\n<div class=\"siteorigin-widget-tinymce textwidget\">\n\t<p><img loading=\"lazy\" decoding=\"async\" class=\"size-full wp-image-164805\" style=\"display: inline-block;\" src=\"https:\/\/d2p6e6u75xmxt8.cloudfront.net\/2\/2018\/05\/envelope-mini.jpg\" alt=\"\" width=\"16\" height=\"11\" \/>\u00a0\u00a0 <strong>ANDMEKAITSE INSPEKTSIOON<\/strong><br \/>\nV\u00e4ike-Ameerika 19<\/p>\n<p>Tallinn 10129<\/p>\n<p>Eesti<\/p>\n<p><img loading=\"lazy\" decoding=\"async\" class=\"size-full wp-image-164817\" style=\"display: inline-block;\" src=\"https:\/\/d2p6e6u75xmxt8.cloudfront.net\/2\/2018\/05\/phone-mini.jpg\" alt=\"\" width=\"17\" height=\"19\" \/>\u00a0\u00a0 627 4135<\/p>\n<p><img loading=\"lazy\" decoding=\"async\" class=\"size-full wp-image-164814\" style=\"display: inline-block;\" src=\"https:\/\/d2p6e6u75xmxt8.cloudfront.net\/2\/2018\/05\/pc-mini.jpg\" alt=\"\" width=\"18\" height=\"17\" \/>\u00a0\u00a0 <a href=\"http:\/\/www.aki.ee\/et\/inspektsioon\/kontaktid-nouandetelefon\" target=\"_blank\" rel=\"noopener\"><u>http:\/\/www.aki.ee\/et\/inspektsioon\/kontaktid-nouandetelefon<\/u><\/a><\/p>\n<\/div>\n<\/div><\/div><\/div><\/div><\/div>","protected":false},"excerpt":{"rendered":"<p>MILLISED ON SINU \u00d5IGUSED? Isikuandmete t\u00f6\u00f6tlemise k\u00e4igus on teil j\u00e4rgnevad \u00f5igused: Ligip\u00e4\u00e4s t\u00f6\u00f6deldud isikuandmetele. Isikuandmete t\u00f6\u00f6tlemise n\u00f5usoleku t\u00fchistamine. Eba\u00f5igete, ebat\u00e4psete [&hellip;]<\/p>\n","protected":false},"author":78,"featured_media":0,"parent":115,"menu_order":0,"comment_status":"closed","ping_status":"closed","template":"templates\/template-empty-page-headline.php","meta":{"footnotes":""},"tags":[],"class_list":["post-123","page","type-page","status-publish","hentry"],"yoast_head":"<!-- This site is optimized with the Yoast SEO Premium plugin v25.3 (Yoast SEO v25.9) - https:\/\/yoast.com\/wordpress\/plugins\/seo\/ -->\n<title>\u00d5igused - \u0160koda We Love Cycling - Estonia<\/title>\n<meta name=\"robots\" content=\"index, follow, max-snippet:-1, max-image-preview:large, max-video-preview:-1\" \/>\n<link rel=\"canonical\" href=\"https:\/\/www.welovecycling.com\/ee\/docs\/oigused\/\" \/>\n<meta property=\"og:locale\" content=\"et_EE\" \/>\n<meta property=\"og:type\" content=\"article\" \/>\n<meta property=\"og:title\" content=\"\u00d5igused\" \/>\n<meta property=\"og:description\" content=\"MILLISED ON SINU \u00d5IGUSED? Isikuandmete t\u00f6\u00f6tlemise k\u00e4igus on teil j\u00e4rgnevad \u00f5igused: Ligip\u00e4\u00e4s t\u00f6\u00f6deldud isikuandmetele. Isikuandmete t\u00f6\u00f6tlemise n\u00f5usoleku t\u00fchistamine. Eba\u00f5igete, ebat\u00e4psete [&hellip;]\" \/>\n<meta property=\"og:url\" content=\"https:\/\/www.welovecycling.com\/ee\/docs\/oigused\/\" \/>\n<meta property=\"og:site_name\" content=\"\u0160koda We Love Cycling - Estonia\" \/>\n<meta property=\"article:modified_time\" content=\"2019-11-20T15:46:43+00:00\" \/>\n<meta property=\"og:image\" content=\"https:\/\/d2p6e6u75xmxt8.cloudfront.net\/2\/2018\/05\/hammer.jpg\" \/>\n<meta name=\"twitter:card\" content=\"summary_large_image\" \/>\n<meta name=\"twitter:label1\" content=\"Est. reading time\" \/>\n\t<meta name=\"twitter:data1\" content=\"2 minutes\" \/>\n<script type=\"application\/ld+json\" class=\"yoast-schema-graph\">{\"@context\":\"https:\/\/schema.org\",\"@graph\":[{\"@type\":\"WebPage\",\"@id\":\"https:\/\/www.welovecycling.com\/ee\/docs\/oigused\/\",\"url\":\"https:\/\/www.welovecycling.com\/ee\/docs\/oigused\/\",\"name\":\"\u00d5igused - \u0160koda We Love Cycling - Estonia\",\"isPartOf\":{\"@id\":\"https:\/\/www.welovecycling.com\/ee\/#website\"},\"primaryImageOfPage\":{\"@id\":\"https:\/\/www.welovecycling.com\/ee\/docs\/oigused\/#primaryimage\"},\"image\":{\"@id\":\"https:\/\/www.welovecycling.com\/ee\/docs\/oigused\/#primaryimage\"},\"thumbnailUrl\":\"https:\/\/d2p6e6u75xmxt8.cloudfront.net\/2\/2018\/05\/hammer.jpg\",\"datePublished\":\"2019-04-10T06:51:56+00:00\",\"dateModified\":\"2019-11-20T15:46:43+00:00\",\"breadcrumb\":{\"@id\":\"https:\/\/www.welovecycling.com\/ee\/docs\/oigused\/#breadcrumb\"},\"inLanguage\":\"et\",\"potentialAction\":[{\"@type\":\"ReadAction\",\"target\":[\"https:\/\/www.welovecycling.com\/ee\/docs\/oigused\/\"]}]},{\"@type\":\"ImageObject\",\"inLanguage\":\"et\",\"@id\":\"https:\/\/www.welovecycling.com\/ee\/docs\/oigused\/#primaryimage\",\"url\":\"https:\/\/d2p6e6u75xmxt8.cloudfront.net\/2\/2018\/05\/hammer.jpg\",\"contentUrl\":\"https:\/\/d2p6e6u75xmxt8.cloudfront.net\/2\/2018\/05\/hammer.jpg\"},{\"@type\":\"BreadcrumbList\",\"@id\":\"https:\/\/www.welovecycling.com\/ee\/docs\/oigused\/#breadcrumb\",\"itemListElement\":[{\"@type\":\"ListItem\",\"position\":1,\"name\":\"Documents\",\"item\":\"https:\/\/www.welovecycling.com\/ee\/docs\/\"},{\"@type\":\"ListItem\",\"position\":2,\"name\":\"\u00d5igused\"}]},{\"@type\":\"WebSite\",\"@id\":\"https:\/\/www.welovecycling.com\/ee\/#website\",\"url\":\"https:\/\/www.welovecycling.com\/ee\/\",\"name\":\"\u0160koda We Love Cycling - Estonia\",\"description\":\"\",\"potentialAction\":[{\"@type\":\"SearchAction\",\"target\":{\"@type\":\"EntryPoint\",\"urlTemplate\":\"https:\/\/www.welovecycling.com\/ee\/?s={search_term_string}\"},\"query-input\":{\"@type\":\"PropertyValueSpecification\",\"valueRequired\":true,\"valueName\":\"search_term_string\"}}],\"inLanguage\":\"et\"}]}<\/script>\n<!-- \/ Yoast SEO Premium plugin. -->","yoast_head_json":{"title":"\u00d5igused - \u0160koda We Love Cycling - Estonia","robots":{"index":"index","follow":"follow","max-snippet":"max-snippet:-1","max-image-preview":"max-image-preview:large","max-video-preview":"max-video-preview:-1"},"canonical":"https:\/\/www.welovecycling.com\/ee\/docs\/oigused\/","og_locale":"et_EE","og_type":"article","og_title":"\u00d5igused","og_description":"MILLISED ON SINU \u00d5IGUSED? Isikuandmete t\u00f6\u00f6tlemise k\u00e4igus on teil j\u00e4rgnevad \u00f5igused: Ligip\u00e4\u00e4s t\u00f6\u00f6deldud isikuandmetele. Isikuandmete t\u00f6\u00f6tlemise n\u00f5usoleku t\u00fchistamine. Eba\u00f5igete, ebat\u00e4psete [&hellip;]","og_url":"https:\/\/www.welovecycling.com\/ee\/docs\/oigused\/","og_site_name":"\u0160koda We Love Cycling - Estonia","article_modified_time":"2019-11-20T15:46:43+00:00","og_image":[{"url":"https:\/\/d2p6e6u75xmxt8.cloudfront.net\/2\/2018\/05\/hammer.jpg","type":"","width":"","height":""}],"twitter_card":"summary_large_image","twitter_misc":{"Est. reading time":"2 minutes"},"schema":{"@context":"https:\/\/schema.org","@graph":[{"@type":"WebPage","@id":"https:\/\/www.welovecycling.com\/ee\/docs\/oigused\/","url":"https:\/\/www.welovecycling.com\/ee\/docs\/oigused\/","name":"\u00d5igused - \u0160koda We Love Cycling - Estonia","isPartOf":{"@id":"https:\/\/www.welovecycling.com\/ee\/#website"},"primaryImageOfPage":{"@id":"https:\/\/www.welovecycling.com\/ee\/docs\/oigused\/#primaryimage"},"image":{"@id":"https:\/\/www.welovecycling.com\/ee\/docs\/oigused\/#primaryimage"},"thumbnailUrl":"https:\/\/d2p6e6u75xmxt8.cloudfront.net\/2\/2018\/05\/hammer.jpg","datePublished":"2019-04-10T06:51:56+00:00","dateModified":"2019-11-20T15:46:43+00:00","breadcrumb":{"@id":"https:\/\/www.welovecycling.com\/ee\/docs\/oigused\/#breadcrumb"},"inLanguage":"et","potentialAction":[{"@type":"ReadAction","target":["https:\/\/www.welovecycling.com\/ee\/docs\/oigused\/"]}]},{"@type":"ImageObject","inLanguage":"et","@id":"https:\/\/www.welovecycling.com\/ee\/docs\/oigused\/#primaryimage","url":"https:\/\/d2p6e6u75xmxt8.cloudfront.net\/2\/2018\/05\/hammer.jpg","contentUrl":"https:\/\/d2p6e6u75xmxt8.cloudfront.net\/2\/2018\/05\/hammer.jpg"},{"@type":"BreadcrumbList","@id":"https:\/\/www.welovecycling.com\/ee\/docs\/oigused\/#breadcrumb","itemListElement":[{"@type":"ListItem","position":1,"name":"Documents","item":"https:\/\/www.welovecycling.com\/ee\/docs\/"},{"@type":"ListItem","position":2,"name":"\u00d5igused"}]},{"@type":"WebSite","@id":"https:\/\/www.welovecycling.com\/ee\/#website","url":"https:\/\/www.welovecycling.com\/ee\/","name":"\u0160koda We Love Cycling - Estonia","description":"","potentialAction":[{"@type":"SearchAction","target":{"@type":"EntryPoint","urlTemplate":"https:\/\/www.welovecycling.com\/ee\/?s={search_term_string}"},"query-input":{"@type":"PropertyValueSpecification","valueRequired":true,"valueName":"search_term_string"}}],"inLanguage":"et"}]}},"_links":{"self":[{"href":"https:\/\/www.welovecycling.com\/ee\/wp-json\/wp\/v2\/pages\/123","targetHints":{"allow":["GET"]}}],"collection":[{"href":"https:\/\/www.welovecycling.com\/ee\/wp-json\/wp\/v2\/pages"}],"about":[{"href":"https:\/\/www.welovecycling.com\/ee\/wp-json\/wp\/v2\/types\/page"}],"author":[{"embeddable":true,"href":"https:\/\/www.welovecycling.com\/ee\/wp-json\/wp\/v2\/users\/78"}],"replies":[{"embeddable":true,"href":"https:\/\/www.welovecycling.com\/ee\/wp-json\/wp\/v2\/comments?post=123"}],"version-history":[{"count":2,"href":"https:\/\/www.welovecycling.com\/ee\/wp-json\/wp\/v2\/pages\/123\/revisions"}],"predecessor-version":[{"id":327,"href":"https:\/\/www.welovecycling.com\/ee\/wp-json\/wp\/v2\/pages\/123\/revisions\/327"}],"up":[{"embeddable":true,"href":"https:\/\/www.welovecycling.com\/ee\/wp-json\/wp\/v2\/pages\/115"}],"wp:attachment":[{"href":"https:\/\/www.welovecycling.com\/ee\/wp-json\/wp\/v2\/media?parent=123"}],"wp:term":[{"taxonomy":"post_tag","embeddable":true,"href":"https:\/\/www.welovecycling.com\/ee\/wp-json\/wp\/v2\/tags?post=123"}],"curies":[{"name":"wp","href":"https:\/\/api.w.org\/{rel}","templated":true}]}}