{"id":119,"date":"2019-04-10T06:48:51","date_gmt":"2019-04-10T06:48:51","guid":{"rendered":"https:\/\/www.welovecycling.com\/ee\/?page_id=119"},"modified":"2019-11-20T15:49:48","modified_gmt":"2019-11-20T15:49:48","slug":"memorandum","status":"publish","type":"page","link":"https:\/\/www.welovecycling.com\/ee\/docs\/memorandum\/","title":{"rendered":"Info isikuandmete t\u00f6\u00f6tlemise kohta"},"content":{"rendered":"<div id=\"pl-119\"  class=\"panel-layout\" ><div id=\"pg-119-0\"  class=\"panel-grid panel-no-style\" ><div id=\"pgc-119-0-0\"  class=\"panel-grid-cell\" ><div id=\"panel-119-0-0-0\" class=\"so-panel widget widget_sow-editor panel-first-child panel-last-child\" data-index=\"0\" ><div\n\t\t\t\n\t\t\tclass=\"so-widget-sow-editor so-widget-sow-editor-base\"\n\t\t\t\n\t\t>\n<div class=\"siteorigin-widget-tinymce textwidget\">\n\t<h2>N\u00f5usolek isikuandmete t\u00f6\u00f6tlemiseks<\/h2>\n<p>K\u00e4esolevaga annan ma ettev\u00f5tele \u0160koda AUTO a.s., t\u0159. V\u00e1clava Klementa 869, Mlad\u00e1 Boleslav II, 293 01, Mlad\u00e1 Boleslav, registreerimisnumber 00177041, registreeritud Praha linnakohtu \u00e4riregistri alajaotuses B, kaust nr 332, isikuandmete vastutavale t\u00f6\u00f6tlejale (edaspidi \u201eettev\u00f5te \u0160koda AUTO\u201c),<\/p>\n<p><strong>vaba ja vabatahtliku n\u00f5usoleku isikuandmete t\u00f6\u00f6tlemiseks j\u00e4rgmises ulatuses<\/strong>: nimi, perekonnanimi, e-posti aadress, telefoninumber, VIN-kood ja vastavalt olukorrale ka muu info, mida \u0160koda AUTO on minu kohta hankinud ja kasutab seda, et paremini kohandada portaali minu vajadustega,<\/p>\n<p><strong>otstarbega:<\/strong>\u00a0p\u00f6\u00f6rduda \u0160koda kaubam\u00e4rgi toodete ja teenuste pakkumisega, sealhulgas info pakkumine toodete, teenuste, \u00fcrituste, v\u00f5istluste kohta, uudiskirjade saatmine ja p\u00fchadetervitused.<\/p>\n<p><strong>N\u00f5usolek on antud kuni isikuandmete t\u00f6\u00f6tlemise n\u00f5usoleku t\u00fchistamiseni.<\/strong><\/p>\n<p>Ma kinnitan, et mul on \u00f5igus igal ajal oma n\u00f5usolek t\u00fchistada elektrooniliselt veebilehel\u00a0<a title=\"\" href=\"https:\/\/www.skoda.ee\/muu\/isikuandmed#anchor-M26-987443d2\" target=\"_blank\" rel=\"noopener\" data-k2ng-security=\"Removed attributes: data-mce-href\">http:\/\/www.skoda.ee\/muu\/isikuandmed<\/a>\u00a0v\u00f5i kirjalikult ettev\u00f5tte \u0160koda AUTO aadressil. Mul on \u00f5igus t\u00fchistada n\u00f5usolek enne ajavahemiku l\u00f5ppu, mille kohta n\u00f5usolek oli antud. N\u00f5usoleku t\u00fchistamine ei m\u00f5juta isikuandmete t\u00f6\u00f6tlemise seaduslikkust sama n\u00f5usoleku alusel enne selle t\u00fchistamist.<\/p>\n<p>L\u00e4hemat infot isikuandmete t\u00f6\u00f6tlemise kohta annab alltoodud lisa, mis on k\u00e4esoleva n\u00f5usoleku lahutamatu osa. \u00dcldine info isikuandmete kaitse kohta on saadaval ka veebilehel\u00a0<a title=\"\" href=\"https:\/\/www.skoda.ee\/muu\/isikuandmed#anchor-M26-987443d2\" target=\"_blank\" rel=\"noopener\" data-k2ng-security=\"Removed attributes: data-mce-href\">http:\/\/www.skoda.ee\/muu\/isikuandmed<\/a>.<\/p>\n<\/div>\n<\/div><\/div><\/div><\/div><div id=\"pg-119-1\"  class=\"panel-grid panel-no-style\" ><div id=\"pgc-119-1-0\"  class=\"panel-grid-cell\" ><div id=\"panel-119-1-0-0\" class=\"so-panel widget widget_sow-editor panel-first-child\" data-index=\"1\" ><div\n\t\t\t\n\t\t\tclass=\"so-widget-sow-editor so-widget-sow-editor-base\"\n\t\t\t\n\t\t>\n<div class=\"siteorigin-widget-tinymce textwidget\">\n\t<h2><img loading=\"lazy\" decoding=\"async\" class=\"size-full wp-image-164811\" style=\"display: inline-block;\" src=\"https:\/\/d2p6e6u75xmxt8.cloudfront.net\/2\/2018\/05\/notepad.jpg\" alt=\"\" width=\"44\" height=\"38\" \/> Info isikuandmete t\u00f6\u00f6tlemise kohta<\/h2>\n<p>K\u00e4esoleva dokumendiga anname meie kui isikuandmete vastutav t\u00f6\u00f6tleja \u2013 ettev\u00f5te \u0160koda AUTO a.s., t\u0159. V\u00e1clava Klementa 869, Mlad\u00e1 Boleslav II, 293 01, Mlad\u00e1 Boleslav, registreerimisnumber 00177041, registreeritud Praha linnakohtu \u00e4riregistri alajaotuses B, kaust nr 332 (edaspidi \u201e\u0160koda AUTO\u201c) \u2013 infot isikuandmete t\u00f6\u00f6tlemise ja teie sellega seotud \u00f5iguste kohta.<\/p>\n<p>Isikuandmete t\u00f6\u00f6tlemist teostatakse j\u00e4rgmise tegevuse k\u00e4igus:<\/p>\n<p><strong>TURUNDUSTEGEVUSTE TEOSTAMINE<\/strong><\/p>\n<\/div>\n<\/div><\/div><div id=\"panel-119-1-0-1\" class=\"so-panel widget widget_sow-editor panel-last-child\" data-index=\"2\" ><div\n\t\t\t\n\t\t\tclass=\"so-widget-sow-editor so-widget-sow-editor-base\"\n\t\t\t\n\t\t>\n<div class=\"siteorigin-widget-tinymce textwidget\">\n\t<h3><strong>T\u00f6\u00f6tlemise otstarve:<\/strong><\/h3>\n<p>P\u00f6\u00f6rdumine \u0160koda kaubam\u00e4rgi toodete ja teenuste pakkumisega, sealhulgas info pakkumine toodete, teenuste, \u00fcrituste, v\u00f5istluste kohta, uudiskirjade saatmine ja p\u00fchadetervitused.<\/p>\n<h3><strong>T\u00f6\u00f6tlemise otstarbe kirjeldus:<\/strong><\/h3>\n<p>Sinu isikuandmeid kasutatakse Sinu teavitamiseks Teenindus- ja m\u00fc\u00fcgipartnerite toodete ja teenuste, \u00fcrituste, v\u00f5istluste, uudistetellimuste, reklaamide, jaotuskataloogide ja p\u00fchadetervituste kohta. Me v\u00f5ime ka kasutada osa Sinu isikuandmetest \u00fclalmainitud suhtluse suunamiseks.<\/p>\n<h3><strong>T\u00f6\u00f6tlemise juriidilised alused:<\/strong><\/h3>\n<p>Meil on \u00f5igus t\u00f6\u00f6delda isikuandmeid Sinu antud n\u00f5usoleku alusel. Kui Sa ei andnud meile oma n\u00f5usolekut, et t\u00f6\u00f6tle me sel p\u00f5hjusel Sinu isikuandmeid.<\/p>\n<h3><strong>Meie t\u00f6\u00f6deldavate isikuandmete kategooriad:<\/strong><\/h3>\n<p>Tuvastamisandmed, kontaktandmed, kirjeldavad andmed, \u00e4riprofiil, toote tehniline info, kauplemisajalugu, info pere ja teiste inimeste kohta, suhtlemine, vastasm\u00f5jud ja nende andmete p\u00f5hjal tuletatud profiilid, v\u00f5rgu identifikaatorid.<\/p>\n<h3><strong>T\u00f6\u00f6tlemise ja arhiveerimise periood:<\/strong><\/h3>\n<p>5 aastat p\u00e4rast isikuandmete t\u00f6\u00f6tlemise n\u00f5usoleku andmist.<\/p>\n<h3><strong>Andmet\u00f6\u00f6tlejate ja vastuv\u00f5tjate kategooriad, kellele me v\u00f5ime anda isikuandmeid:<\/strong><\/h3>\n<p>Turundusagentuurid, \u00fcrituste korraldamise agentuurid, meediaagentuurid, jaotusv\u00f5rgu liikmed, serverioperaatorid, k\u00fclalisi haldavad agentuurid, infotelefon. Taotluse korral v\u00f5ib Sinu isikuandmeid anda ametiasutustele, eriti kohtutele, politseile ja teistele \u00f5iguskaitseasutustele vajalikus ulatuses ja seadusega etten\u00e4htud piires.<\/p>\n<h3><strong>Isikuandmete allikas:<\/strong><\/h3>\n<p>Me saame isikuandmeid otse Sinult.<\/p>\n<h3><strong>Isikuandmete edastamine kolmandatele riikidele ja riikide\u00fclestele organisatsioonidele:<\/strong><\/h3>\n<p>\u00dclalmainitud t\u00f6\u00f6tlemise k\u00e4igus ei edastata Sinu isikuandmeid mistahes kolmandatele riikidele ega rahvusvahelistele ettev\u00f5tetele.<\/p>\n<h3><strong>Automaatne otsusetegemine isikuandmete p\u00f5hjal:<\/strong><\/h3>\n<p>Selle isikuandmete t\u00f6\u00f6tlemise k\u00e4igus ei toimu automaatset otsusetegemist isikuandmete p\u00f5hjal.<\/p>\n<h3><strong>T\u00e4iendav teave<\/strong><\/h3>\n<p>Isikuandmeid v\u00f5idakse arhiveerida avalikes huvides ning kasutada teaduslike, ajalooliste v\u00f5i statistiliste uuringute otstarbel. P\u00f5hjendatud juhtudel v\u00f5ivad isikuandmed olla ka t\u00f6\u00f6tlemise objekt \u00f5iguslike vaidluste lahendamise otstarbel, sealhulgas kohustuste t\u00e4itmisel avaliku halduse asutuste ees ning \u00f5iguslike riskide j\u00e4lgimisel ja pideval hindamisel.<\/p>\n<\/div>\n<\/div><\/div><\/div><\/div><div id=\"pg-119-2\"  class=\"panel-grid panel-no-style\" ><div id=\"pgc-119-2-0\"  class=\"panel-grid-cell\" ><div id=\"panel-119-2-0-0\" class=\"so-panel widget widget_sow-editor panel-first-child panel-last-child\" data-index=\"3\" ><div\n\t\t\t\n\t\t\tclass=\"so-widget-sow-editor so-widget-sow-editor-base\"\n\t\t\t\n\t\t>\n<div class=\"siteorigin-widget-tinymce textwidget\">\n\t<p><a href=\"https:\/\/www.welovecycling.com\/ee\/docs\/oigused\">Mis on Sinu \u00f5igused?<\/a><\/p>\n<\/div>\n<\/div><\/div><\/div><\/div><\/div>","protected":false},"excerpt":{"rendered":"<p>N\u00f5usolek isikuandmete t\u00f6\u00f6tlemiseks K\u00e4esolevaga annan ma ettev\u00f5tele \u0160koda AUTO a.s., t\u0159. V\u00e1clava Klementa 869, Mlad\u00e1 Boleslav II, 293 01, Mlad\u00e1 [&hellip;]<\/p>\n","protected":false},"author":78,"featured_media":0,"parent":115,"menu_order":0,"comment_status":"closed","ping_status":"closed","template":"templates\/template-empty-page-headline.php","meta":{"footnotes":""},"tags":[],"class_list":["post-119","page","type-page","status-publish","hentry"],"yoast_head":"<!-- This site is optimized with the Yoast SEO Premium plugin v25.3 (Yoast SEO v25.9) - https:\/\/yoast.com\/wordpress\/plugins\/seo\/ -->\n<title>Info isikuandmete t\u00f6\u00f6tlemise kohta - \u0160koda We Love Cycling - Estonia<\/title>\n<meta name=\"robots\" content=\"index, follow, max-snippet:-1, max-image-preview:large, max-video-preview:-1\" \/>\n<link rel=\"canonical\" href=\"https:\/\/www.welovecycling.com\/ee\/docs\/memorandum\/\" \/>\n<meta property=\"og:locale\" content=\"et_EE\" \/>\n<meta property=\"og:type\" content=\"article\" \/>\n<meta property=\"og:title\" content=\"Info isikuandmete t\u00f6\u00f6tlemise kohta\" \/>\n<meta property=\"og:description\" content=\"N\u00f5usolek isikuandmete t\u00f6\u00f6tlemiseks K\u00e4esolevaga annan ma ettev\u00f5tele \u0160koda AUTO a.s., t\u0159. V\u00e1clava Klementa 869, Mlad\u00e1 Boleslav II, 293 01, Mlad\u00e1 [&hellip;]\" \/>\n<meta property=\"og:url\" content=\"https:\/\/www.welovecycling.com\/ee\/docs\/memorandum\/\" \/>\n<meta property=\"og:site_name\" content=\"\u0160koda We Love Cycling - Estonia\" \/>\n<meta property=\"article:modified_time\" content=\"2019-11-20T15:49:48+00:00\" \/>\n<meta property=\"og:image\" content=\"https:\/\/d2p6e6u75xmxt8.cloudfront.net\/2\/2018\/05\/notepad.jpg\" \/>\n<meta name=\"twitter:card\" content=\"summary_large_image\" \/>\n<meta name=\"twitter:label1\" content=\"Est. reading time\" \/>\n\t<meta name=\"twitter:data1\" content=\"3 minutes\" \/>\n<script type=\"application\/ld+json\" class=\"yoast-schema-graph\">{\"@context\":\"https:\/\/schema.org\",\"@graph\":[{\"@type\":\"WebPage\",\"@id\":\"https:\/\/www.welovecycling.com\/ee\/docs\/memorandum\/\",\"url\":\"https:\/\/www.welovecycling.com\/ee\/docs\/memorandum\/\",\"name\":\"Info isikuandmete t\u00f6\u00f6tlemise kohta - \u0160koda We Love Cycling - Estonia\",\"isPartOf\":{\"@id\":\"https:\/\/www.welovecycling.com\/ee\/#website\"},\"primaryImageOfPage\":{\"@id\":\"https:\/\/www.welovecycling.com\/ee\/docs\/memorandum\/#primaryimage\"},\"image\":{\"@id\":\"https:\/\/www.welovecycling.com\/ee\/docs\/memorandum\/#primaryimage\"},\"thumbnailUrl\":\"https:\/\/d2p6e6u75xmxt8.cloudfront.net\/2\/2018\/05\/notepad.jpg\",\"datePublished\":\"2019-04-10T06:48:51+00:00\",\"dateModified\":\"2019-11-20T15:49:48+00:00\",\"breadcrumb\":{\"@id\":\"https:\/\/www.welovecycling.com\/ee\/docs\/memorandum\/#breadcrumb\"},\"inLanguage\":\"et\",\"potentialAction\":[{\"@type\":\"ReadAction\",\"target\":[\"https:\/\/www.welovecycling.com\/ee\/docs\/memorandum\/\"]}]},{\"@type\":\"ImageObject\",\"inLanguage\":\"et\",\"@id\":\"https:\/\/www.welovecycling.com\/ee\/docs\/memorandum\/#primaryimage\",\"url\":\"https:\/\/d2p6e6u75xmxt8.cloudfront.net\/2\/2018\/05\/notepad.jpg\",\"contentUrl\":\"https:\/\/d2p6e6u75xmxt8.cloudfront.net\/2\/2018\/05\/notepad.jpg\"},{\"@type\":\"BreadcrumbList\",\"@id\":\"https:\/\/www.welovecycling.com\/ee\/docs\/memorandum\/#breadcrumb\",\"itemListElement\":[{\"@type\":\"ListItem\",\"position\":1,\"name\":\"Documents\",\"item\":\"https:\/\/www.welovecycling.com\/ee\/docs\/\"},{\"@type\":\"ListItem\",\"position\":2,\"name\":\"Info isikuandmete t\u00f6\u00f6tlemise kohta\"}]},{\"@type\":\"WebSite\",\"@id\":\"https:\/\/www.welovecycling.com\/ee\/#website\",\"url\":\"https:\/\/www.welovecycling.com\/ee\/\",\"name\":\"\u0160koda We Love Cycling - Estonia\",\"description\":\"\",\"potentialAction\":[{\"@type\":\"SearchAction\",\"target\":{\"@type\":\"EntryPoint\",\"urlTemplate\":\"https:\/\/www.welovecycling.com\/ee\/?s={search_term_string}\"},\"query-input\":{\"@type\":\"PropertyValueSpecification\",\"valueRequired\":true,\"valueName\":\"search_term_string\"}}],\"inLanguage\":\"et\"}]}<\/script>\n<!-- \/ Yoast SEO Premium plugin. -->","yoast_head_json":{"title":"Info isikuandmete t\u00f6\u00f6tlemise kohta - \u0160koda We Love Cycling - Estonia","robots":{"index":"index","follow":"follow","max-snippet":"max-snippet:-1","max-image-preview":"max-image-preview:large","max-video-preview":"max-video-preview:-1"},"canonical":"https:\/\/www.welovecycling.com\/ee\/docs\/memorandum\/","og_locale":"et_EE","og_type":"article","og_title":"Info isikuandmete t\u00f6\u00f6tlemise kohta","og_description":"N\u00f5usolek isikuandmete t\u00f6\u00f6tlemiseks K\u00e4esolevaga annan ma ettev\u00f5tele \u0160koda AUTO a.s., t\u0159. V\u00e1clava Klementa 869, Mlad\u00e1 Boleslav II, 293 01, Mlad\u00e1 [&hellip;]","og_url":"https:\/\/www.welovecycling.com\/ee\/docs\/memorandum\/","og_site_name":"\u0160koda We Love Cycling - Estonia","article_modified_time":"2019-11-20T15:49:48+00:00","og_image":[{"url":"https:\/\/d2p6e6u75xmxt8.cloudfront.net\/2\/2018\/05\/notepad.jpg","type":"","width":"","height":""}],"twitter_card":"summary_large_image","twitter_misc":{"Est. reading time":"3 minutes"},"schema":{"@context":"https:\/\/schema.org","@graph":[{"@type":"WebPage","@id":"https:\/\/www.welovecycling.com\/ee\/docs\/memorandum\/","url":"https:\/\/www.welovecycling.com\/ee\/docs\/memorandum\/","name":"Info isikuandmete t\u00f6\u00f6tlemise kohta - \u0160koda We Love Cycling - Estonia","isPartOf":{"@id":"https:\/\/www.welovecycling.com\/ee\/#website"},"primaryImageOfPage":{"@id":"https:\/\/www.welovecycling.com\/ee\/docs\/memorandum\/#primaryimage"},"image":{"@id":"https:\/\/www.welovecycling.com\/ee\/docs\/memorandum\/#primaryimage"},"thumbnailUrl":"https:\/\/d2p6e6u75xmxt8.cloudfront.net\/2\/2018\/05\/notepad.jpg","datePublished":"2019-04-10T06:48:51+00:00","dateModified":"2019-11-20T15:49:48+00:00","breadcrumb":{"@id":"https:\/\/www.welovecycling.com\/ee\/docs\/memorandum\/#breadcrumb"},"inLanguage":"et","potentialAction":[{"@type":"ReadAction","target":["https:\/\/www.welovecycling.com\/ee\/docs\/memorandum\/"]}]},{"@type":"ImageObject","inLanguage":"et","@id":"https:\/\/www.welovecycling.com\/ee\/docs\/memorandum\/#primaryimage","url":"https:\/\/d2p6e6u75xmxt8.cloudfront.net\/2\/2018\/05\/notepad.jpg","contentUrl":"https:\/\/d2p6e6u75xmxt8.cloudfront.net\/2\/2018\/05\/notepad.jpg"},{"@type":"BreadcrumbList","@id":"https:\/\/www.welovecycling.com\/ee\/docs\/memorandum\/#breadcrumb","itemListElement":[{"@type":"ListItem","position":1,"name":"Documents","item":"https:\/\/www.welovecycling.com\/ee\/docs\/"},{"@type":"ListItem","position":2,"name":"Info isikuandmete t\u00f6\u00f6tlemise kohta"}]},{"@type":"WebSite","@id":"https:\/\/www.welovecycling.com\/ee\/#website","url":"https:\/\/www.welovecycling.com\/ee\/","name":"\u0160koda We Love Cycling - Estonia","description":"","potentialAction":[{"@type":"SearchAction","target":{"@type":"EntryPoint","urlTemplate":"https:\/\/www.welovecycling.com\/ee\/?s={search_term_string}"},"query-input":{"@type":"PropertyValueSpecification","valueRequired":true,"valueName":"search_term_string"}}],"inLanguage":"et"}]}},"_links":{"self":[{"href":"https:\/\/www.welovecycling.com\/ee\/wp-json\/wp\/v2\/pages\/119","targetHints":{"allow":["GET"]}}],"collection":[{"href":"https:\/\/www.welovecycling.com\/ee\/wp-json\/wp\/v2\/pages"}],"about":[{"href":"https:\/\/www.welovecycling.com\/ee\/wp-json\/wp\/v2\/types\/page"}],"author":[{"embeddable":true,"href":"https:\/\/www.welovecycling.com\/ee\/wp-json\/wp\/v2\/users\/78"}],"replies":[{"embeddable":true,"href":"https:\/\/www.welovecycling.com\/ee\/wp-json\/wp\/v2\/comments?post=119"}],"version-history":[{"count":2,"href":"https:\/\/www.welovecycling.com\/ee\/wp-json\/wp\/v2\/pages\/119\/revisions"}],"predecessor-version":[{"id":329,"href":"https:\/\/www.welovecycling.com\/ee\/wp-json\/wp\/v2\/pages\/119\/revisions\/329"}],"up":[{"embeddable":true,"href":"https:\/\/www.welovecycling.com\/ee\/wp-json\/wp\/v2\/pages\/115"}],"wp:attachment":[{"href":"https:\/\/www.welovecycling.com\/ee\/wp-json\/wp\/v2\/media?parent=119"}],"wp:term":[{"taxonomy":"post_tag","embeddable":true,"href":"https:\/\/www.welovecycling.com\/ee\/wp-json\/wp\/v2\/tags?post=119"}],"curies":[{"name":"wp","href":"https:\/\/api.w.org\/{rel}","templated":true}]}}