{"id":112,"date":"2019-04-10T06:44:36","date_gmt":"2019-04-10T06:44:36","guid":{"rendered":"https:\/\/www.welovecycling.com\/ee\/?page_id=112"},"modified":"2026-01-29T16:51:04","modified_gmt":"2026-01-29T13:51:04","slug":"meist","status":"publish","type":"page","link":"https:\/\/www.welovecycling.com\/ee\/meist\/","title":{"rendered":"Meist"},"content":{"rendered":"<p class=\"p1\"><span class=\"s1\">WeLoveCycling.com on veebiajakiri, mis toob teieni originaalsed lood, v\u00e4rsked videod ja reportaa\u017eid laiast rattamaailmast. WeLoveCycling br\u00e4ndi toetab\u00a0<a href=\"http:\/\/www.skoda-auto.com\/en\">\u0160koda AUTO<\/a>. Eestis on WeLoveCycling br\u00e4ndi esindus\u00f5igus <a href=\"https:\/\/www.skodalaagri.ee\/\">SKO Motorsil.<\/a><\/span><\/p>\n<lite-youtube videoid=NdhlEaWndwM params=\"enablejsapi=1\" style=\"background-image: url('https:\/\/i.ytimg.com\/vi_webp\/NdhlEaWndwM\/maxresdefault.webp');\"><\/lite-youtube>\n<h2 class=\"p1\">V\u00f5ta meiega \u00fchendust<\/h2>\n<div class=\"contact-us-info\">\n<div class=\"contact-us-info-item contact-us-info-phone\">\n<h3>Telefon: <a href=\"tel:+420 777 687 578\">+420 777 687 578<\/a><\/h3>\n<\/div>\n<div class=\"contact-us-info-item contact-us-info-email\">\n<h3>E-mail: <a href=\"mailto:info@welovecycling.com\">info@welovecycling.com<\/a><\/h3>\n<\/div>\n<\/div>\n","protected":false},"excerpt":{"rendered":"<p>WeLoveCycling.com on veebiajakiri, mis toob teieni originaalsed lood, v\u00e4rsked videod ja reportaa\u017eid laiast rattamaailmast. WeLoveCycling br\u00e4ndi toetab\u00a0\u0160koda AUTO. Eestis on [&hellip;]<\/p>\n","protected":false},"author":174,"featured_media":0,"parent":0,"menu_order":0,"comment_status":"closed","ping_status":"closed","template":"templates\/template-about.php","meta":{"footnotes":""},"tags":[],"class_list":["post-112","page","type-page","status-publish","hentry"],"yoast_head":"<!-- This site is optimized with the Yoast SEO Premium plugin v25.3 (Yoast SEO v25.9) - https:\/\/yoast.com\/wordpress\/plugins\/seo\/ -->\n<title>Meist - \u0160koda We Love Cycling - Estonia<\/title>\n<meta name=\"robots\" content=\"index, follow, max-snippet:-1, max-image-preview:large, max-video-preview:-1\" \/>\n<link rel=\"canonical\" href=\"https:\/\/www.welovecycling.com\/ee\/meist\/\" \/>\n<meta property=\"og:locale\" content=\"et_EE\" \/>\n<meta property=\"og:type\" content=\"article\" \/>\n<meta property=\"og:title\" content=\"Meist\" \/>\n<meta property=\"og:description\" content=\"WeLoveCycling.com on veebiajakiri, mis toob teieni originaalsed lood, v\u00e4rsked videod ja reportaa\u017eid laiast rattamaailmast. WeLoveCycling br\u00e4ndi toetab\u00a0\u0160koda AUTO. Eestis on [&hellip;]\" \/>\n<meta property=\"og:url\" content=\"https:\/\/www.welovecycling.com\/ee\/meist\/\" \/>\n<meta property=\"og:site_name\" content=\"\u0160koda We Love Cycling - Estonia\" \/>\n<meta property=\"article:modified_time\" content=\"2026-01-29T13:51:04+00:00\" \/>\n<meta name=\"twitter:card\" content=\"summary_large_image\" \/>\n<script type=\"application\/ld+json\" class=\"yoast-schema-graph\">{\"@context\":\"https:\/\/schema.org\",\"@graph\":[{\"@type\":\"WebPage\",\"@id\":\"https:\/\/www.welovecycling.com\/ee\/meist\/\",\"url\":\"https:\/\/www.welovecycling.com\/ee\/meist\/\",\"name\":\"Meist - \u0160koda We Love Cycling - Estonia\",\"isPartOf\":{\"@id\":\"https:\/\/www.welovecycling.com\/ee\/#website\"},\"datePublished\":\"2019-04-10T06:44:36+00:00\",\"dateModified\":\"2026-01-29T13:51:04+00:00\",\"inLanguage\":\"et\",\"potentialAction\":[{\"@type\":\"ReadAction\",\"target\":[\"https:\/\/www.welovecycling.com\/ee\/meist\/\"]}]},{\"@type\":\"WebSite\",\"@id\":\"https:\/\/www.welovecycling.com\/ee\/#website\",\"url\":\"https:\/\/www.welovecycling.com\/ee\/\",\"name\":\"\u0160koda We Love Cycling - Estonia\",\"description\":\"\",\"potentialAction\":[{\"@type\":\"SearchAction\",\"target\":{\"@type\":\"EntryPoint\",\"urlTemplate\":\"https:\/\/www.welovecycling.com\/ee\/?s={search_term_string}\"},\"query-input\":{\"@type\":\"PropertyValueSpecification\",\"valueRequired\":true,\"valueName\":\"search_term_string\"}}],\"inLanguage\":\"et\"}]}<\/script>\n<!-- \/ Yoast SEO Premium plugin. -->","yoast_head_json":{"title":"Meist - \u0160koda We Love Cycling - Estonia","robots":{"index":"index","follow":"follow","max-snippet":"max-snippet:-1","max-image-preview":"max-image-preview:large","max-video-preview":"max-video-preview:-1"},"canonical":"https:\/\/www.welovecycling.com\/ee\/meist\/","og_locale":"et_EE","og_type":"article","og_title":"Meist","og_description":"WeLoveCycling.com on veebiajakiri, mis toob teieni originaalsed lood, v\u00e4rsked videod ja reportaa\u017eid laiast rattamaailmast. WeLoveCycling br\u00e4ndi toetab\u00a0\u0160koda AUTO. Eestis on [&hellip;]","og_url":"https:\/\/www.welovecycling.com\/ee\/meist\/","og_site_name":"\u0160koda We Love Cycling - Estonia","article_modified_time":"2026-01-29T13:51:04+00:00","twitter_card":"summary_large_image","schema":{"@context":"https:\/\/schema.org","@graph":[{"@type":"WebPage","@id":"https:\/\/www.welovecycling.com\/ee\/meist\/","url":"https:\/\/www.welovecycling.com\/ee\/meist\/","name":"Meist - \u0160koda We Love Cycling - Estonia","isPartOf":{"@id":"https:\/\/www.welovecycling.com\/ee\/#website"},"datePublished":"2019-04-10T06:44:36+00:00","dateModified":"2026-01-29T13:51:04+00:00","inLanguage":"et","potentialAction":[{"@type":"ReadAction","target":["https:\/\/www.welovecycling.com\/ee\/meist\/"]}]},{"@type":"WebSite","@id":"https:\/\/www.welovecycling.com\/ee\/#website","url":"https:\/\/www.welovecycling.com\/ee\/","name":"\u0160koda We Love Cycling - Estonia","description":"","potentialAction":[{"@type":"SearchAction","target":{"@type":"EntryPoint","urlTemplate":"https:\/\/www.welovecycling.com\/ee\/?s={search_term_string}"},"query-input":{"@type":"PropertyValueSpecification","valueRequired":true,"valueName":"search_term_string"}}],"inLanguage":"et"}]}},"_links":{"self":[{"href":"https:\/\/www.welovecycling.com\/ee\/wp-json\/wp\/v2\/pages\/112","targetHints":{"allow":["GET"]}}],"collection":[{"href":"https:\/\/www.welovecycling.com\/ee\/wp-json\/wp\/v2\/pages"}],"about":[{"href":"https:\/\/www.welovecycling.com\/ee\/wp-json\/wp\/v2\/types\/page"}],"author":[{"embeddable":true,"href":"https:\/\/www.welovecycling.com\/ee\/wp-json\/wp\/v2\/users\/174"}],"replies":[{"embeddable":true,"href":"https:\/\/www.welovecycling.com\/ee\/wp-json\/wp\/v2\/comments?post=112"}],"version-history":[{"count":3,"href":"https:\/\/www.welovecycling.com\/ee\/wp-json\/wp\/v2\/pages\/112\/revisions"}],"predecessor-version":[{"id":3464,"href":"https:\/\/www.welovecycling.com\/ee\/wp-json\/wp\/v2\/pages\/112\/revisions\/3464"}],"wp:attachment":[{"href":"https:\/\/www.welovecycling.com\/ee\/wp-json\/wp\/v2\/media?parent=112"}],"wp:term":[{"taxonomy":"post_tag","embeddable":true,"href":"https:\/\/www.welovecycling.com\/ee\/wp-json\/wp\/v2\/tags?post=112"}],"curies":[{"name":"wp","href":"https:\/\/api.w.org\/{rel}","templated":true}]}}