{"id":3273,"date":"2025-09-03T07:06:43","date_gmt":"2025-09-03T07:06:43","guid":{"rendered":"https:\/\/www.welovecycling.com\/dk\/?page_id=3273"},"modified":"2025-10-01T07:05:22","modified_gmt":"2025-10-01T07:05:22","slug":"terms","status":"publish","type":"page","link":"https:\/\/www.welovecycling.com\/dk\/130-anniversary\/terms\/","title":{"rendered":"Terms"},"content":{"rendered":"<p><span data-contrast=\"auto\">Disse regler fasts\u00e6tter betingelserne for \u201c\u0160koda 130 \u00e5r-konkurrencen\u201d (i det f\u00f8lgende kaldet \u201cKonkurrencen\u201d) og er det eneste dokument, der fuldst\u00e6ndigt og bindende fastl\u00e6gger reglerne for denne konkurrence.<\/span><span data-ccp-props=\"{&quot;335559731&quot;:720}\">\u00a0<\/span><\/p>\n<p aria-level=\"2\"><span data-contrast=\"auto\">Arrang\u00f8r og organisator<\/span><span data-ccp-props=\"{&quot;134245418&quot;:true,&quot;134245529&quot;:true,&quot;335559738&quot;:360,&quot;335559739&quot;:120}\">\u00a0<\/span><\/p>\n<p><span data-contrast=\"auto\">Arrang\u00f8ren af konkurrencen er \u0160koda Auto a.s., et aktieselskab med hjemsted t\u0159. V\u00e1clava Klementa 869, 293 01 Mlad\u00e1 Boleslav, Tjekkiet, virksomheds-ID 00177041, registreret i handelsregistret, administreret af byretten i Prag, afdeling B, filnummer 332 (i det f\u00f8lgende kaldet \u201cArrang\u00f8r\u201d).<\/span><span data-ccp-props=\"{}\">\u00a0<\/span><\/p>\n<p><span data-contrast=\"auto\">Organisatoren af konkurrencen, som st\u00e5r for de praktiske skridt i organiseringen, er MUSTARD s.r.o., hjemsted Praha 1 \u2013 Nov\u00e9 M\u011bsto, Masarykovo n\u00e1b\u0159. 246, 110 00, Tjekkiet, ID-nr. 28531418, registreret i handelsregistret, administreret af byretten i Prag, afdeling C, registreringsnummer 148383 (i det f\u00f8lgende kaldet \u201cOrganisator\u201d).<\/span><span data-ccp-props=\"{}\">\u00a0<\/span><\/p>\n<p aria-level=\"2\"><span data-contrast=\"auto\">Betingelser og sted for konkurrencen, konkurrenceperioder<\/span><span data-ccp-props=\"{&quot;134245418&quot;:true,&quot;134245529&quot;:true,&quot;335559738&quot;:360,&quot;335559739&quot;:120}\">\u00a0<\/span><\/p>\n<p><span data-contrast=\"auto\">Konkurrenceperiode \u2013 <\/span><span data-contrast=\"none\">00:01 (CET) 19.9. 2025 til 23:59 (CET) 19.12. 2025<\/span><span data-ccp-props=\"{}\">\u00a0<\/span><\/p>\n<p><span data-ccp-props=\"{}\">\u00a0<\/span><\/p>\n<p><span data-contrast=\"auto\">Konkurrencen afholdes p\u00e5 www.welovecycling.com (i det f\u00f8lgende kaldet \u201cKonkurrencewebsitet\u201d), hvor kommunikationen med deltagerne prim\u00e6rt finder sted.<\/span><span data-ccp-props=\"{}\">\u00a0<\/span><\/p>\n<p aria-level=\"2\"><span data-contrast=\"auto\">Deltagere i konkurrencen<\/span><span data-ccp-props=\"{&quot;134245418&quot;:true,&quot;134245529&quot;:true,&quot;335559738&quot;:360,&quot;335559739&quot;:120}\">\u00a0<\/span><\/p>\n<p><span data-contrast=\"auto\">Konkurrencen er \u00e5ben for enhver person, der er fyldt 18 \u00e5r, og som bor i et af de lande, hvor konkurrencen afholdes. Konkurrencen afholdes i f\u00f8lgende lande: ANDORRA, AUSTRALIEN, \u00d8STRIG, BELGIEN, BOSNIEN, BULGARIEN, KROATIEN, TJEKKIET, DANMARK, ESTLAND, FINLAND, FRANKRIG, TYSKLAND, STORBRITANNIEN, GR\u00c6KENLAND, UNGARN, ISLAND, IRLAND, ITALIEN, LETLAND, LIECHTENSTEIN, LITAUEN, LUXEMBOURG, MONTENEGRO, HOLLAND, NORGE, POLEN, PORTUGAL, RUM\u00c6NIEN, SERBIEN, SLOVAKIET, SLOVENIEN, SPANIEN, SVERIGE, SCHWEIZ, UKRAINE.<\/span><span data-ccp-props=\"{}\">\u00a0<\/span><\/p>\n<p><span data-contrast=\"auto\">For at deltage i konkurrencen er det n\u00f8dvendigt at registrere sig p\u00e5 Konkurrencewebsitet i l\u00f8bet af en hvilken som helst konkurrenceperiode og bekr\u00e6fte den ubetingede accept af disse regler.<\/span><br \/>\n<span data-contrast=\"auto\">En del af registreringen (tilmeldingsformularen) er angivelsen af personoplysninger \u2013 e-mailadresse, som kun anvendes til form\u00e5l relateret til denne konkurrence.<\/span><span data-ccp-props=\"{}\">\u00a0<\/span><\/p>\n<p><span data-contrast=\"auto\">Hver deltager kan kun registrere sig \u00e9n gang og kun med sin egen e-mailadresse. Arrang\u00f8ren forbeholder sig retten til at kontrollere denne regel via b\u00e5de tekniske og organisatoriske midler.<\/span><span data-ccp-props=\"{}\">\u00a0<\/span><\/p>\n<p><span data-contrast=\"auto\">Alle personer, der har deltaget i forberedelsen af denne konkurrence, is\u00e6r personer, der er ansat hos eller p\u00e5 anden m\u00e5de tilknyttet Arrang\u00f8ren eller Organisatoren, kan ikke deltage i konkurrencen. Det samme g\u00e6lder personer med tilknytning til autoriserede \u0160koda-partnere eller agenturer, der er betroet at gennemf\u00f8re konkurrencen, samt deres familiemedlemmer og n\u00e6rtst\u00e5ende personer.<\/span><span data-ccp-props=\"{}\">\u00a0<\/span><\/p>\n<p aria-level=\"2\"><span data-contrast=\"auto\">Konkurrencemekanisme og udv\u00e6lgelse af vindere<\/span><span data-ccp-props=\"{&quot;134245418&quot;:true,&quot;134245529&quot;:true,&quot;335559738&quot;:360,&quot;335559739&quot;:120}\">\u00a0<\/span><\/p>\n<p><span data-contrast=\"auto\">Deltagernes opgave er at besvare tre konkurrencesp\u00f8rgsm\u00e5l.<\/span><br \/>\n<span data-contrast=\"auto\">Alle deltagere, der har besvaret alle tre sp\u00f8rgsm\u00e5l korrekt og registreret sig p\u00e5 We Love Cycling-websitet, har mulighed for at vinde en pr\u00e6mie.<\/span><span data-ccp-props=\"{}\">\u00a0<\/span><\/p>\n<p><span data-contrast=\"auto\">Pr\u00e6mierne g\u00e5r til de deltagere, hvis korrekte besvarelser er placeret p\u00e5 f\u00f8lgende positioner i den samlede deltagerliste: 1\/11, 2\/11, 3\/11, 4\/11, 5\/11, 6\/11, 7\/11, 8\/11, 9\/11 og 10\/11.<\/span><br \/>\n<span data-contrast=\"auto\">Hvis antallet af deltagere ikke kan deles med 11, rundes ned til det n\u00e6rmeste hele tal, der kan deles med 11.<\/span><span data-ccp-props=\"{}\">\u00a0<\/span><\/p>\n<p><span data-contrast=\"auto\">Deltagerlisten sorteres kronologisk efter tidspunktet for indsendelsen af svarene.<\/span><br \/>\n<span data-contrast=\"auto\">De deltagere, der befinder sig p\u00e5 de ovenn\u00e6vnte placeringer, er vinderne.<\/span><span data-ccp-props=\"{}\">\u00a0<\/span><\/p>\n<p><span data-contrast=\"auto\">Arrang\u00f8ren informerer vinderne via den e-mailadresse, der blev angivet under registreringen, inden for fem dage efter afslutningen af den p\u00e5g\u00e6ldende konkurrenceperiode, og beder dem om at oplyse de n\u00f8dvendige data til udlevering eller forsendelse af pr\u00e6mien.<\/span><br \/>\n<span data-contrast=\"auto\">Hvis vinderen ikke reagerer, heller ikke p\u00e5 en gentaget e-mail, eller ikke giver de n\u00f8dvendige oplysninger inden for 24 timer, fortabes retten til pr\u00e6mien uden kompensation.<\/span><span data-ccp-props=\"{}\">\u00a0<\/span><\/p>\n<p aria-level=\"2\"><span data-contrast=\"auto\">Beskrivelse af pr\u00e6mier<\/span><span data-ccp-props=\"{&quot;134245418&quot;:true,&quot;134245529&quot;:true,&quot;335559738&quot;:360,&quot;335559739&quot;:120}\">\u00a0<\/span><\/p>\n<ul>\n<li aria-setsize=\"-1\" data-leveltext=\"\u25cf\" data-font=\"Arial\" data-listid=\"1\" data-list-defn-props=\"{&quot;335551500&quot;:2236962,&quot;335552541&quot;:1,&quot;335559685&quot;:720,&quot;335559991&quot;:360,&quot;469769226&quot;:&quot;Arial&quot;,&quot;469769242&quot;:[8226],&quot;469777803&quot;:&quot;left&quot;,&quot;469777804&quot;:&quot;\u25cf&quot;,&quot;469777815&quot;:&quot;multilevel&quot;}\" data-aria-posinset=\"1\" data-aria-level=\"1\"><span data-contrast=\"none\">10x \u0160koda retrotr\u00f8je<\/span><span data-ccp-props=\"{&quot;335559738&quot;:200,&quot;335559739&quot;:200}\">\u00a0<\/span><\/li>\n<\/ul>\n<p><span data-contrast=\"auto\">\u00a0<\/span><span data-ccp-props=\"{}\">\u00a0<\/span><\/p>\n<p><span data-contrast=\"auto\">P\u00e5 grund af mulige forsinkelser i tilg\u00e6ngeligheden af dele kan levering af cykler som pr\u00e6mier tage op til otte m\u00e5neder. Denne forsinkelse skyldes faktorer uden for vores kontrol, s\u00e5som indk\u00f8b af dele, der er n\u00f8dvendige til samling.<\/span><span data-ccp-props=\"{}\">\u00a0<\/span><\/p>\n<p aria-level=\"2\"><span data-contrast=\"auto\">Oplysninger om behandling af personoplysninger<\/span><span data-ccp-props=\"{&quot;134245418&quot;:true,&quot;134245529&quot;:true,&quot;335559738&quot;:360,&quot;335559739&quot;:120}\">\u00a0<\/span><\/p>\n<p><span data-contrast=\"auto\">Arrang\u00f8ren er dataansvarlig i henhold til Databeskyttelsesforordningen (forordning (EU) 2016\/679) og informerer dig hermed om behandlingen af personoplysninger og dine rettigheder i forbindelse hermed.<\/span><span data-ccp-props=\"{}\">\u00a0<\/span><\/p>\n<p><span data-contrast=\"auto\">Behandlingen finder sted som led i f\u00f8lgende aktivitet:<\/span><span data-ccp-props=\"{}\">\u00a0<\/span><\/p>\n<p><span data-contrast=\"auto\">\u2013 Organisering af konkurrencer og sikring af retf\u00e6rdig vurdering i forbindelse med en konkurrence.<\/span><span data-ccp-props=\"{}\">\u00a0<\/span><\/p>\n<p><span data-contrast=\"auto\">Retsgrundlag for behandlingen:<\/span><br \/>\n<span data-contrast=\"auto\">Vi er berettiget til at behandle dine personoplysninger p\u00e5 grundlag af indg\u00e5elsen af en kontrakt (disse konkurrenceregler).<\/span><span data-ccp-props=\"{}\">\u00a0<\/span><\/p>\n<p><span data-contrast=\"auto\">Kategorier af personoplysninger, vi behandler:<\/span><br \/>\n<span data-contrast=\"auto\">Identifikationsoplysninger, kontaktoplysninger, information om kommunikation og interaktion.<\/span><span data-ccp-props=\"{}\">\u00a0<\/span><\/p>\n<p><span data-contrast=\"auto\">Behandlingsperiode:<\/span><br \/>\n<span data-contrast=\"auto\">Vi behandler dine personoplysninger i \u00e9t \u00e5r efter afslutningen af konkurrencen.<\/span><span data-ccp-props=\"{}\">\u00a0<\/span><\/p>\n<p><span data-contrast=\"auto\">Kategorier af databehandlere eller modtagere, som vi kan videregive personoplysninger til:<\/span><br \/>\n<span data-contrast=\"auto\">Databehandleren er MUSTARD s.r.o., Praha 1 \u2013 Nov\u00e9 M\u011bsto, Masarykovo n\u00e1b\u0159. 246, 110 00, Tjekkiet, ID-nr. 28531418, registreret i handelsregistret, administreret af byretten i Prag, afdeling C, registreringsnummer 148383 (Organisator).<\/span><br \/>\n<span data-contrast=\"auto\">Efter anmodning kan dine personoplysninger videregives til offentlige myndigheder, is\u00e6r domstole, Tjekkiets politi og andre retsh\u00e5ndh\u00e6vende myndigheder, i det omfang det er n\u00f8dvendigt og lovligt.<\/span><span data-ccp-props=\"{}\">\u00a0<\/span><\/p>\n<p><span data-contrast=\"auto\">Kilde til personoplysninger:<\/span><br \/>\n<span data-contrast=\"auto\">Vi modtager personoplysningerne direkte fra dig.<\/span><span data-ccp-props=\"{}\">\u00a0<\/span><\/p>\n<p><span data-contrast=\"auto\">Overf\u00f8rsel af personoplysninger til tredjelande eller internationale virksomheder:<\/span><br \/>\n<span data-contrast=\"auto\">Som led i denne behandling overf\u00f8res dine personoplysninger ikke til tredjelande eller internationale virksomheder.<\/span><span data-ccp-props=\"{}\">\u00a0<\/span><\/p>\n<p><span data-contrast=\"auto\">Automatiserede beslutninger baseret p\u00e5 personoplysninger:<\/span><br \/>\n<span data-contrast=\"auto\">Der tr\u00e6ffes ikke automatiserede beslutninger som led i behandlingen af personoplysninger.<\/span><span data-ccp-props=\"{}\">\u00a0<\/span><\/p>\n<p><span data-contrast=\"auto\">Andre oplysninger<\/span><span data-ccp-props=\"{}\">\u00a0<\/span><\/p>\n<p><span data-contrast=\"auto\">Personoplysninger kan arkiveres i offentlighedens interesse og anvendes til videnskabelige, historiske eller statistiske forskningsform\u00e5l.<\/span><br \/>\n<span data-contrast=\"auto\">I velbegrundede tilf\u00e6lde kan personoplysninger ogs\u00e5 behandles til l\u00f8sning af juridiske sp\u00f8rgsm\u00e5l, herunder opfyldelse af forpligtelser over for offentlige myndigheder samt overv\u00e5gning og l\u00f8bende vurdering af juridiske risici.<\/span><span data-ccp-props=\"{}\">\u00a0<\/span><\/p>\n<p><span data-contrast=\"auto\">Som led i behandlingen af personoplysninger har du f\u00f8lgende rettigheder:<\/span><br \/>\n<span data-contrast=\"auto\">Adgang til de behandlede personoplysninger, berigtigelse af urigtige eller ufuldst\u00e6ndige data, sletning af personoplysninger i tilf\u00e6lde af oph\u00f8r af form\u00e5l eller uautoriseret behandling, begr\u00e6nsning eller blokering af behandlingen, levering af personoplysninger i et struktureret og maskinl\u00e6sbart format til dig selv eller en anden dataansvarlig, ret til ikke at v\u00e6re underlagt automatiserede afg\u00f8relser.<\/span><span data-ccp-props=\"{}\">\u00a0<\/span><\/p>\n<p><span data-contrast=\"auto\">For at ud\u00f8ve dine rettigheder kan du anvende f\u00f8lgende kommunikationskanaler:<\/span><span data-ccp-props=\"{}\">\u00a0<\/span><\/p>\n<p><span data-contrast=\"auto\">\u2013 Elektronisk:\u202f<\/span><a href=\"https:\/\/www.skoda-auto.com\/data-privacy?utm_source=chatgpt.com\"><span data-contrast=\"none\">https:\/\/www.skoda-auto.com\/data-privacy<\/span><\/a><br \/>\n<span data-contrast=\"auto\">\u2013 Per post: \u0160koda Auto a.s., Data Protection Office, t\u0159. V\u00e1clava Klementa 869, Mlad\u00e1 Boleslav II, CZ 293 01 Mlad\u00e1 Boleslav, Tjekkiet (p\u00e5 engelsk eller tjekkisk).<\/span><span data-ccp-props=\"{}\">\u00a0<\/span><\/p>\n<p><span data-contrast=\"auto\">I forbindelse med ud\u00f8velsen af dine rettigheder kan \u0160koda Auto opkr\u00e6ve et rimeligt gebyr, hvis en anmodning \u00e5benbart er ubegrundet eller overdreven, under hensyntagen til de administrative omkostninger.<\/span><span data-ccp-props=\"{}\">\u00a0<\/span><\/p>\n<p><span data-contrast=\"auto\">Hvis du har sp\u00f8rgsm\u00e5l vedr\u00f8rende beskyttelse af personoplysninger, kan du kontakte \u0160koda Autos databeskyttelsesr\u00e5dgiver:<\/span><br \/>\n<span data-contrast=\"auto\">\u2013\u202fdpo@skoda-auto.cz<\/span><span data-ccp-props=\"{}\">\u00a0<\/span><\/p>\n<p><span data-contrast=\"auto\">Hvis du ikke er enig i den m\u00e5de, vi behandler dine personoplysninger p\u00e5, kan du indgive en klage til \u0160koda Autos databeskyttelsesr\u00e5dgiver eller tilsynsmyndigheden:<\/span><br \/>\n<span data-contrast=\"auto\">Datatilsynet, Pplk. Sochora 27, 170 00 Prag 7, +420 234 665 111,\u202f<\/span><a href=\"https:\/\/www.uoou.cz\/en?utm_source=chatgpt.com\"><span data-contrast=\"none\">https:\/\/www.uoou.cz\/en<\/span><\/a><span data-ccp-props=\"{}\">\u00a0<\/span><\/p>\n<p><span data-contrast=\"auto\">\u00a0<\/span><span data-ccp-props=\"{}\">\u00a0<\/span><\/p>\n<p aria-level=\"2\"><span data-contrast=\"auto\">Andre vigtige betingelser<\/span><span data-ccp-props=\"{&quot;134245418&quot;:true,&quot;134245529&quot;:true,&quot;335559738&quot;:360,&quot;335559739&quot;:120}\">\u00a0<\/span><\/p>\n<p><span data-contrast=\"auto\">Arrang\u00f8ren fasts\u00e6tter de pr\u00e6cise specifikationer for pr\u00e6mierne.<\/span><br \/>\n<span data-contrast=\"auto\">Visning af pr\u00e6mier i reklamekampagner er kun vejledende.<\/span><br \/>\n<span data-contrast=\"auto\">Arrang\u00f8ren er ikke ansvarlig for eventuelle skader for\u00e5rsaget af brugen af pr\u00e6mien.<\/span><span data-ccp-props=\"{}\">\u00a0<\/span><\/p>\n<p><span data-contrast=\"auto\">Deltagerne har ikke ret til at kr\u00e6ve penge eller andre former for ydelser som erstatning for pr\u00e6mien.<\/span><br \/>\n<span data-contrast=\"auto\">Arrang\u00f8ren er ikke forpligtet til at levere andre ydelser til deltagerne end dem, der udtrykkeligt er angivet heri, og deltagerne har ikke ret til andre krav.<\/span><span data-ccp-props=\"{}\">\u00a0<\/span><\/p>\n<p><span data-contrast=\"auto\">Arrang\u00f8ren er ikke ansvarlig for direkte eller indirekte skader i forbindelse med deltagelse i konkurrencen.<\/span><br \/>\n<span data-contrast=\"auto\">Deltageren accepterer, at arrang\u00f8ren ikke har ansvar for risici og forpligtelser forbundet med pr\u00e6mien.<\/span><br \/>\n<span data-contrast=\"auto\">Resultaterne af konkurrencen er endelige og kan ikke appelleres af deltageren eller vinderen.<\/span><span data-ccp-props=\"{}\">\u00a0<\/span><\/p>\n<p><span data-contrast=\"auto\">En deltager kan udelukkes fra konkurrencen, hvis arrang\u00f8ren opdager eller har rimelig mistanke om, at deltageren eller personer, der hj\u00e6lper deltageren, har udvist bedragerisk adf\u00e6rd for at opn\u00e5 pr\u00e6mier eller handlet uretf\u00e6rdigt i strid med reglerne.<\/span><span data-ccp-props=\"{}\">\u00a0<\/span><\/p>\n<p><span data-contrast=\"auto\">Arrang\u00f8ren er ikke ansvarlig for manglende levering af meddelelser eller pr\u00e6mier.<\/span><br \/>\n<span data-contrast=\"auto\">Arrang\u00f8ren er ikke ansvarlig for fejl som f\u00f8lge af tekniske eller kommunikationsproblemer.<\/span><br \/>\n<span data-contrast=\"auto\">Arrang\u00f8ren tr\u00e6ffer den endelige beslutning om eventuelle klager eller indsigelser.<\/span><br \/>\n<span data-contrast=\"auto\">Arrang\u00f8ren forbeholder sig retten til uden kompensation at forkorte, uds\u00e6tte, suspendere eller annullere arrangementet og pr\u00e6mierne eller \u00e6ndre eller tilf\u00f8je noget til disse regler ensidigt i arrangementets l\u00f8betid ved at give besked om s\u00e5danne \u00e6ndringer p\u00e5 ovenn\u00e6vnte website, hvor den gyldige og fuldst\u00e6ndige version af reglerne ogs\u00e5 findes.<\/span><span data-ccp-props=\"{}\">\u00a0<\/span><\/p>\n<p><span data-contrast=\"auto\">Denne konkurrence er underlagt tjekkisk lov.<\/span><span data-ccp-props=\"{}\">\u00a0<\/span><\/p>\n<p><span data-ccp-props=\"{}\">\u00a0<\/span><\/p>\n","protected":false},"excerpt":{"rendered":"<p>Disse regler fasts\u00e6tter betingelserne for \u201c\u0160koda 130 \u00e5r-konkurrencen\u201d (i det f\u00f8lgende kaldet \u201cKonkurrencen\u201d) og er det eneste dokument, der fuldst\u00e6ndigt [&hellip;]<\/p>\n","protected":false},"author":199,"featured_media":0,"parent":3269,"menu_order":0,"comment_status":"closed","ping_status":"closed","template":"templates\/template-empty-page-headline.php","meta":{"footnotes":""},"tags":[],"class_list":["post-3273","page","type-page","status-publish","hentry"],"yoast_head":"<!-- This site is optimized with the Yoast SEO Premium plugin v25.3 (Yoast SEO v25.9) - https:\/\/yoast.com\/wordpress\/plugins\/seo\/ -->\n<title>Terms - \u0160koda We Love Cycling - Danmark<\/title>\n<meta name=\"robots\" content=\"index, follow, max-snippet:-1, max-image-preview:large, max-video-preview:-1\" \/>\n<link rel=\"canonical\" href=\"https:\/\/www.welovecycling.com\/dk\/130-anniversary\/terms\/\" \/>\n<meta property=\"og:locale\" content=\"da_DK\" \/>\n<meta property=\"og:type\" content=\"article\" \/>\n<meta property=\"og:title\" content=\"Terms\" \/>\n<meta property=\"og:description\" content=\"Disse regler fasts\u00e6tter betingelserne for \u201c\u0160koda 130 \u00e5r-konkurrencen\u201d (i det f\u00f8lgende kaldet \u201cKonkurrencen\u201d) og er det eneste dokument, der fuldst\u00e6ndigt [&hellip;]\" \/>\n<meta property=\"og:url\" content=\"https:\/\/www.welovecycling.com\/dk\/130-anniversary\/terms\/\" \/>\n<meta property=\"og:site_name\" content=\"\u0160koda We Love Cycling - Danmark\" \/>\n<meta property=\"article:modified_time\" content=\"2025-10-01T07:05:22+00:00\" \/>\n<meta name=\"twitter:card\" content=\"summary_large_image\" \/>\n<meta name=\"twitter:label1\" content=\"Est. reading time\" \/>\n\t<meta name=\"twitter:data1\" content=\"7 minutes\" \/>\n<script type=\"application\/ld+json\" class=\"yoast-schema-graph\">{\"@context\":\"https:\/\/schema.org\",\"@graph\":[{\"@type\":\"WebPage\",\"@id\":\"https:\/\/www.welovecycling.com\/dk\/130-anniversary\/terms\/\",\"url\":\"https:\/\/www.welovecycling.com\/dk\/130-anniversary\/terms\/\",\"name\":\"Terms - \u0160koda We Love Cycling - Danmark\",\"isPartOf\":{\"@id\":\"https:\/\/www.welovecycling.com\/dk\/#website\"},\"datePublished\":\"2025-09-03T07:06:43+00:00\",\"dateModified\":\"2025-10-01T07:05:22+00:00\",\"breadcrumb\":{\"@id\":\"https:\/\/www.welovecycling.com\/dk\/130-anniversary\/terms\/#breadcrumb\"},\"inLanguage\":\"da-DK\",\"potentialAction\":[{\"@type\":\"ReadAction\",\"target\":[\"https:\/\/www.welovecycling.com\/dk\/130-anniversary\/terms\/\"]}]},{\"@type\":\"BreadcrumbList\",\"@id\":\"https:\/\/www.welovecycling.com\/dk\/130-anniversary\/terms\/#breadcrumb\",\"itemListElement\":[{\"@type\":\"ListItem\",\"position\":1,\"name\":\"Home\",\"item\":\"https:\/\/www.welovecycling.com\/dk\/\"},{\"@type\":\"ListItem\",\"position\":2,\"name\":\"\u0160koda og Cykling\",\"item\":\"https:\/\/www.welovecycling.com\/dk\/130-anniversary\/\"},{\"@type\":\"ListItem\",\"position\":3,\"name\":\"Terms\"}]},{\"@type\":\"WebSite\",\"@id\":\"https:\/\/www.welovecycling.com\/dk\/#website\",\"url\":\"https:\/\/www.welovecycling.com\/dk\/\",\"name\":\"\u0160koda We Love Cycling - Danmark\",\"description\":\"\u0160koda We Love Cycling - Danmark - Nyt online cykel magasin\",\"potentialAction\":[{\"@type\":\"SearchAction\",\"target\":{\"@type\":\"EntryPoint\",\"urlTemplate\":\"https:\/\/www.welovecycling.com\/dk\/?s={search_term_string}\"},\"query-input\":{\"@type\":\"PropertyValueSpecification\",\"valueRequired\":true,\"valueName\":\"search_term_string\"}}],\"inLanguage\":\"da-DK\"}]}<\/script>\n<!-- \/ Yoast SEO Premium plugin. -->","yoast_head_json":{"title":"Terms - \u0160koda We Love Cycling - Danmark","robots":{"index":"index","follow":"follow","max-snippet":"max-snippet:-1","max-image-preview":"max-image-preview:large","max-video-preview":"max-video-preview:-1"},"canonical":"https:\/\/www.welovecycling.com\/dk\/130-anniversary\/terms\/","og_locale":"da_DK","og_type":"article","og_title":"Terms","og_description":"Disse regler fasts\u00e6tter betingelserne for \u201c\u0160koda 130 \u00e5r-konkurrencen\u201d (i det f\u00f8lgende kaldet \u201cKonkurrencen\u201d) og er det eneste dokument, der fuldst\u00e6ndigt [&hellip;]","og_url":"https:\/\/www.welovecycling.com\/dk\/130-anniversary\/terms\/","og_site_name":"\u0160koda We Love Cycling - Danmark","article_modified_time":"2025-10-01T07:05:22+00:00","twitter_card":"summary_large_image","twitter_misc":{"Est. reading time":"7 minutes"},"schema":{"@context":"https:\/\/schema.org","@graph":[{"@type":"WebPage","@id":"https:\/\/www.welovecycling.com\/dk\/130-anniversary\/terms\/","url":"https:\/\/www.welovecycling.com\/dk\/130-anniversary\/terms\/","name":"Terms - \u0160koda We Love Cycling - Danmark","isPartOf":{"@id":"https:\/\/www.welovecycling.com\/dk\/#website"},"datePublished":"2025-09-03T07:06:43+00:00","dateModified":"2025-10-01T07:05:22+00:00","breadcrumb":{"@id":"https:\/\/www.welovecycling.com\/dk\/130-anniversary\/terms\/#breadcrumb"},"inLanguage":"da-DK","potentialAction":[{"@type":"ReadAction","target":["https:\/\/www.welovecycling.com\/dk\/130-anniversary\/terms\/"]}]},{"@type":"BreadcrumbList","@id":"https:\/\/www.welovecycling.com\/dk\/130-anniversary\/terms\/#breadcrumb","itemListElement":[{"@type":"ListItem","position":1,"name":"Home","item":"https:\/\/www.welovecycling.com\/dk\/"},{"@type":"ListItem","position":2,"name":"\u0160koda og Cykling","item":"https:\/\/www.welovecycling.com\/dk\/130-anniversary\/"},{"@type":"ListItem","position":3,"name":"Terms"}]},{"@type":"WebSite","@id":"https:\/\/www.welovecycling.com\/dk\/#website","url":"https:\/\/www.welovecycling.com\/dk\/","name":"\u0160koda We Love Cycling - Danmark","description":"\u0160koda We Love Cycling - Danmark - Nyt online cykel magasin","potentialAction":[{"@type":"SearchAction","target":{"@type":"EntryPoint","urlTemplate":"https:\/\/www.welovecycling.com\/dk\/?s={search_term_string}"},"query-input":{"@type":"PropertyValueSpecification","valueRequired":true,"valueName":"search_term_string"}}],"inLanguage":"da-DK"}]}},"_links":{"self":[{"href":"https:\/\/www.welovecycling.com\/dk\/wp-json\/wp\/v2\/pages\/3273","targetHints":{"allow":["GET"]}}],"collection":[{"href":"https:\/\/www.welovecycling.com\/dk\/wp-json\/wp\/v2\/pages"}],"about":[{"href":"https:\/\/www.welovecycling.com\/dk\/wp-json\/wp\/v2\/types\/page"}],"author":[{"embeddable":true,"href":"https:\/\/www.welovecycling.com\/dk\/wp-json\/wp\/v2\/users\/199"}],"replies":[{"embeddable":true,"href":"https:\/\/www.welovecycling.com\/dk\/wp-json\/wp\/v2\/comments?post=3273"}],"version-history":[{"count":1,"href":"https:\/\/www.welovecycling.com\/dk\/wp-json\/wp\/v2\/pages\/3273\/revisions"}],"predecessor-version":[{"id":3274,"href":"https:\/\/www.welovecycling.com\/dk\/wp-json\/wp\/v2\/pages\/3273\/revisions\/3274"}],"up":[{"embeddable":true,"href":"https:\/\/www.welovecycling.com\/dk\/wp-json\/wp\/v2\/pages\/3269"}],"wp:attachment":[{"href":"https:\/\/www.welovecycling.com\/dk\/wp-json\/wp\/v2\/media?parent=3273"}],"wp:term":[{"taxonomy":"post_tag","embeddable":true,"href":"https:\/\/www.welovecycling.com\/dk\/wp-json\/wp\/v2\/tags?post=3273"}],"curies":[{"name":"wp","href":"https:\/\/api.w.org\/{rel}","templated":true}]}}