{"id":3232,"date":"2025-08-12T10:26:36","date_gmt":"2025-08-12T10:26:36","guid":{"rendered":"https:\/\/www.welovecycling.com\/dk\/?page_id=3232"},"modified":"2025-08-15T14:24:09","modified_gmt":"2025-08-15T14:24:09","slug":"terms","status":"publish","type":"page","link":"https:\/\/www.welovecycling.com\/dk\/la-vuelta-2025\/terms\/","title":{"rendered":"Jeg vilk\u00e5r og betingelser"},"content":{"rendered":"<h3>Regler for konkurrencen \u201e2025 La Vuelta Contest\u201c<\/h3>\n<p>Disse regler fasts\u00e6tter betingelserne for konkurrencen \u201e2025 La Vuelta Contest\u201c (herefter ben\u00e6vnt \u201eKonkurrencen\u201c) og udg\u00f8r det eneste dokument, der bindende og fuldst\u00e6ndigt regulerer denne konkurrence.<\/p>\n<h3>Arrang\u00f8r og organisator af konkurrencen<\/h3>\n<p>Arrang\u00f8r af konkurrencen er selskabet \u0160koda Auto a.s., et aktieselskab med hjemsted p\u00e5 V\u00e1clava Klementa 869, 293 01 Mlad\u00e1 Boleslav, Tjekkiet, CVR-nr. (I\u010cO) 00177041, registreret i handelsregisteret ved Byretten i Prag, afdeling B, mappe 332 (herefter \u201eArrang\u00f8ren\u201c).<\/p>\n<p>Organisator af konkurrencen, som varetager den praktiske gennemf\u00f8relse, er selskabet MUSTARD s.r.o., med adresse i Praha 1 \u2013 Nov\u00e9 M\u011bsto, Masarykovo n\u00e1b\u0159. 246, 110 00, CVR-nr. 28531418, registreret ved Byretten i Prag, afdeling C, mappe 148383 (herefter \u201eOrganisatoren\u201c).<\/p>\n<h3>Varighed og sted for konkurrencen, konkurrenceperioder<\/h3>\n<p>Konkurrenceperiode: fra kl. 00:01 (CET) den 23.08.2025 til kl. 23:59 (CET) den 14.09.2025.<\/p>\n<p>Konkurrencen foreg\u00e5r p\u00e5 hjemmesiden <a href=\"http:\/\/www.welovecycling.com\">www.welovecycling.com<\/a> (herefter \u201eKonkurrencesiden\u201c), som ogs\u00e5 anvendes til kommunikation med deltagerne.<\/p>\n<h3>Deltagere i konkurrencen<\/h3>\n<p>Konkurrencen er \u00e5ben for enhver fysisk person, som er fyldt 18 \u00e5r og har fast bop\u00e6l i et af f\u00f8lgende lande, hvor konkurrencen er tilg\u00e6ngelig: ANDORRA, AUSTRALIEN, \u00d8STRIG, BELGIEN, BOSNIEN, BULGARIEN, KROATIEN, TJEKKIET, DANMARK, ESTLAND, FINLAND, FRANKRIG, TYSKLAND, STORBRITANNIEN, GR\u00c6KENLAND, UNGARN, ISLAND, IRLAND, ITALIEN, LETLAND, LICHTENSTEIN, LITAUEN, LUXEMBOURG, MONTENEGRO, NEDERLANDENE, NORGE, POLEN, PORTUGAL, RUM\u00c6NIEN, SERBIEN, SLOVAKIET, SLOVENIEN, SPANIEN, SVERIGE, SCHWEIZ, UKRAINE.<\/p>\n<p>For at deltage i konkurrencen skal man registrere sig p\u00e5 konkurrencesiden i l\u00f8bet af konkurrencens varighed og give ubetinget samtykke til disse regler. Registreringen (konkurrenceformularen) omfatter ogs\u00e5 angivelse af personoplysninger \u2013 e-mailadresse \u2013 som kun anvendes til form\u00e5l knyttet til konkurrencen.<\/p>\n<p>Hver deltager kan kun registrere sig \u00e9n gang og kun med sin egen e-mailadresse. Arrang\u00f8ren forbeholder sig ret til at kontrollere overholdelsen af denne regel ved tekniske og organisatoriske midler.<\/p>\n<p>F\u00f8lgende personer er udelukket fra deltagelse: personer, som har v\u00e6ret involveret i forberedelsen af konkurrencen \u2013 is\u00e6r ansatte eller personer med tilsvarende relation til Arrang\u00f8ren eller Organisatoren, samt personer med tilsvarende relationer til autoriserede \u0160koda-partnere eller agenturer, der deltager i konkurrencen, og deres n\u00e6re sl\u00e6gtninge.<\/p>\n<h3>Konkurrencemekanisme og udv\u00e6lgelse af vindere<\/h3>\n<p>Deltageren skal besvare tre konkurrencesp\u00f8rgsm\u00e5l. Alle, der svarer korrekt p\u00e5 alle tre sp\u00f8rgsm\u00e5l og registrerer sig p\u00e5 We Love Cycling-siden, har mulighed for at vinde.<\/p>\n<p>Vindere udv\u00e6lges efter r\u00e6kkef\u00f8lge af besvarelser \u2013 ved positionerne 1\/17, 2\/17, 3\/17 \u2026 op til 13\/17 af det samlede antal deltagere. Hvis deltagerantallet ikke er deleligt med 17, rundes ned til n\u00e6rmeste hele tal, der kan deles med 17.<\/p>\n<p>Deltagernes placering bestemmes kronologisk ud fra tidspunktet for indsendelse af besvarelser. Vinderne er de personer, der indtager ovenn\u00e6vnte positioner.<\/p>\n<p>Arrang\u00f8ren kontakter vinderne via den e-mailadresse, der blev angivet ved registreringen, senest fem dage efter konkurrenceperiodens afslutning og beder om de n\u00f8dvendige oplysninger for at kunne overdrage pr\u00e6mien. Hvis vinderen ikke svarer \u2013 heller ikke p\u00e5 en p\u00e5mindelse \u2013 eller ikke oplyser de n\u00f8dvendige informationer inden for 24 timer, mister vedkommende retten til pr\u00e6mien uden kompensation.<\/p>\n<h3>Pr\u00e6mier<\/h3>\n<ul>\n<li>1x H\u00f8jkvalitets \u0160koda gravel-cykel<\/li>\n<li>2x Bikepacking-s\u00e6t til eventyrere<\/li>\n<li>10x \u0160koda La Vuelta gr\u00f8n tr\u00f8je<\/li>\n<\/ul>\n<p>P\u00e5 grund af mulige forsinkelser i tilg\u00e6ngeligheden af komponenter kan leveringstiden for cykler v\u00e6re op til 8 m\u00e5neder. Disse forsinkelser skyldes forhold uden for vores umiddelbare kontrol.<\/p>\n<h3>Behandling af personoplysninger<\/h3>\n<p>Arrang\u00f8ren, som dataansvarlig i henhold til Forordning (EU) 2016\/679 (GDPR), oplyser f\u00f8lgende om databehandling og registreredes rettigheder.<\/p>\n<p><strong>Form\u00e5l med behandling:<\/strong><br \/>\n\u2013 Gennemf\u00f8relse af konkurrencen og sikring af fair udv\u00e6lgelse<\/p>\n<p><strong>Retsgrundlag:<\/strong><br \/>\n\u2013 Opfyldelse af kontrakt (disse konkurrencevilk\u00e5r)<\/p>\n<p><strong>Behandlede data:<\/strong><br \/>\n\u2013 Identifikationsoplysninger, kontaktoplysninger, kommunikationsdata<\/p>\n<p><strong>Behandlingsperiode:<\/strong><br \/>\n\u2013 Et \u00e5r efter konkurrencens afslutning<\/p>\n<p><strong>Modtagere:<\/strong><br \/>\n\u2013 Organisator: MUSTARD s.r.o.<br \/>\n\u2013 Offentlige myndigheder ved lovkrav (domstole, politi m.v.)<\/p>\n<p><strong>Kilde til data:<\/strong><br \/>\n\u2013 Direkte fra deltageren<\/p>\n<p><strong>Overf\u00f8rsel til tredjelande:<\/strong><br \/>\n\u2013 Finder ikke sted<\/p>\n<p><strong>Automatiserede beslutninger:<\/strong><br \/>\n\u2013 Findes ikke<\/p>\n<p><strong>Yderligere anvendelse:<\/strong><br \/>\n\u2013 Oplysninger kan arkiveres og anvendes til videnskabelig, historisk eller statistisk forskning samt til juridiske form\u00e5l<\/p>\n<p><strong>Registreredes rettigheder:<\/strong><br \/>\n\u2013 Indsigt, rettelse, sletning, begr\u00e6nsning, dataportabilitet, indsigelse mod automatiseret behandling<\/p>\n<p><strong>Hvordan man ud\u00f8ver sine rettigheder:<\/strong><br \/>\n\u2013 Elektronisk: <a href=\"https:\/\/www.skoda-auto.com\/data-privacy\">https:\/\/www.skoda-auto.com\/data-privacy<\/a><br \/>\n\u2013 Post: \u0160koda Auto a.s., Data Protection Office, V\u00e1clava Klementa 869, 293 01 Mlad\u00e1 Boleslav, Tjekkiet<\/p>\n<p><strong>Databeskyttelsesr\u00e5dgiver:<\/strong><br \/>\n\u2013 dpo@skoda-auto.cz<\/p>\n<p><strong>Tilsynsmyndighed:<\/strong><br \/>\n\u2013 Datatilsynet, Carl Jacobsens Vej 35, 2500 Valby, +45 33 19 32 00, www.datatilsynet.dk<\/p>\n<h3>\u00d8vrige vigtige betingelser<\/h3>\n<p>Arrang\u00f8ren fasts\u00e6tter pr\u00e6cise parametre for pr\u00e6mierne. Billeder af pr\u00e6mier i markedsf\u00f8ringsmaterialer er kun illustrative. Arrang\u00f8ren er ikke ansvarlig for skader for\u00e5rsaget af pr\u00e6mierne.<\/p>\n<p>Deltagere har ikke krav p\u00e5 kontanter eller anden erstatning i stedet for pr\u00e6mierne. Der ydes ingen anden pr\u00e6mie end den, der er beskrevet i disse regler.<\/p>\n<p>Arrang\u00f8ren er ikke ansvarlig for direkte eller indirekte skader forbundet med deltagelse i konkurrencen. Deltageren anerkender, at deltagelse og modtagelse af pr\u00e6mien kan indeb\u00e6re visse risici.<\/p>\n<p>Deltagere kan udelukkes fra konkurrencen, hvis arrang\u00f8ren har begrundet mistanke om snyd eller uetisk adf\u00e6rd.<\/p>\n<p>Arrang\u00f8ren er ikke ansvarlig for meddelelsers eller pr\u00e6miers udeblivelse som f\u00f8lge af tekniske problemer. Alle indsigelser og \u00e6ndringer afg\u00f8res endeligt af arrang\u00f8ren. Konkurrencen kan til enhver tid \u00e6ndres, forkortes, uds\u00e6ttes eller annulleres ved meddelelse p\u00e5 konkurrencesiden.<\/p>\n<p>Konkurrencen er underlagt tjekkisk lovgivning.<\/p>\n<p>&nbsp;<\/p>\n","protected":false},"excerpt":{"rendered":"<p>Regler for konkurrencen \u201e2025 La Vuelta Contest\u201c Disse regler fasts\u00e6tter betingelserne for konkurrencen \u201e2025 La Vuelta Contest\u201c (herefter ben\u00e6vnt \u201eKonkurrencen\u201c) [&hellip;]<\/p>\n","protected":false},"author":199,"featured_media":0,"parent":3224,"menu_order":0,"comment_status":"closed","ping_status":"closed","template":"templates\/template-empty-page-headline.php","meta":{"footnotes":""},"tags":[97],"class_list":["post-3232","page","type-page","status-publish","hentry","tag-2025-la-vuelta"],"yoast_head":"<!-- This site is optimized with the Yoast SEO Premium plugin v25.3 (Yoast SEO v25.9) - https:\/\/yoast.com\/wordpress\/plugins\/seo\/ -->\n<title>Jeg vilk\u00e5r og betingelser - \u0160koda We Love Cycling - Danmark<\/title>\n<meta name=\"robots\" content=\"index, follow, max-snippet:-1, max-image-preview:large, max-video-preview:-1\" \/>\n<link rel=\"canonical\" href=\"https:\/\/www.welovecycling.com\/dk\/la-vuelta-2025\/terms\/\" \/>\n<meta property=\"og:locale\" content=\"da_DK\" \/>\n<meta property=\"og:type\" content=\"article\" \/>\n<meta property=\"og:title\" content=\"Jeg vilk\u00e5r og betingelser\" \/>\n<meta property=\"og:description\" content=\"Regler for konkurrencen \u201e2025 La Vuelta Contest\u201c Disse regler fasts\u00e6tter betingelserne for konkurrencen \u201e2025 La Vuelta Contest\u201c (herefter ben\u00e6vnt \u201eKonkurrencen\u201c) [&hellip;]\" \/>\n<meta property=\"og:url\" content=\"https:\/\/www.welovecycling.com\/dk\/la-vuelta-2025\/terms\/\" \/>\n<meta property=\"og:site_name\" content=\"\u0160koda We Love Cycling - Danmark\" \/>\n<meta property=\"article:modified_time\" content=\"2025-08-15T14:24:09+00:00\" \/>\n<meta name=\"twitter:card\" content=\"summary_large_image\" \/>\n<meta name=\"twitter:label1\" content=\"Est. reading time\" \/>\n\t<meta name=\"twitter:data1\" content=\"4 minutes\" \/>\n<script type=\"application\/ld+json\" class=\"yoast-schema-graph\">{\"@context\":\"https:\/\/schema.org\",\"@graph\":[{\"@type\":\"WebPage\",\"@id\":\"https:\/\/www.welovecycling.com\/dk\/la-vuelta-2025\/terms\/\",\"url\":\"https:\/\/www.welovecycling.com\/dk\/la-vuelta-2025\/terms\/\",\"name\":\"Jeg vilk\u00e5r og betingelser - \u0160koda We Love Cycling - Danmark\",\"isPartOf\":{\"@id\":\"https:\/\/www.welovecycling.com\/dk\/#website\"},\"datePublished\":\"2025-08-12T10:26:36+00:00\",\"dateModified\":\"2025-08-15T14:24:09+00:00\",\"breadcrumb\":{\"@id\":\"https:\/\/www.welovecycling.com\/dk\/la-vuelta-2025\/terms\/#breadcrumb\"},\"inLanguage\":\"da-DK\",\"potentialAction\":[{\"@type\":\"ReadAction\",\"target\":[\"https:\/\/www.welovecycling.com\/dk\/la-vuelta-2025\/terms\/\"]}]},{\"@type\":\"BreadcrumbList\",\"@id\":\"https:\/\/www.welovecycling.com\/dk\/la-vuelta-2025\/terms\/#breadcrumb\",\"itemListElement\":[{\"@type\":\"ListItem\",\"position\":1,\"name\":\"Home\",\"item\":\"https:\/\/www.welovecycling.com\/dk\/\"},{\"@type\":\"ListItem\",\"position\":2,\"name\":\"La Vuelta 2025\",\"item\":\"https:\/\/www.welovecycling.com\/dk\/la-vuelta-2025\/\"},{\"@type\":\"ListItem\",\"position\":3,\"name\":\"Jeg vilk\u00e5r og betingelser\"}]},{\"@type\":\"WebSite\",\"@id\":\"https:\/\/www.welovecycling.com\/dk\/#website\",\"url\":\"https:\/\/www.welovecycling.com\/dk\/\",\"name\":\"\u0160koda We Love Cycling - Danmark\",\"description\":\"\u0160koda We Love Cycling - Danmark - Nyt online cykel magasin\",\"potentialAction\":[{\"@type\":\"SearchAction\",\"target\":{\"@type\":\"EntryPoint\",\"urlTemplate\":\"https:\/\/www.welovecycling.com\/dk\/?s={search_term_string}\"},\"query-input\":{\"@type\":\"PropertyValueSpecification\",\"valueRequired\":true,\"valueName\":\"search_term_string\"}}],\"inLanguage\":\"da-DK\"}]}<\/script>\n<!-- \/ Yoast SEO Premium plugin. -->","yoast_head_json":{"title":"Jeg vilk\u00e5r og betingelser - \u0160koda We Love Cycling - Danmark","robots":{"index":"index","follow":"follow","max-snippet":"max-snippet:-1","max-image-preview":"max-image-preview:large","max-video-preview":"max-video-preview:-1"},"canonical":"https:\/\/www.welovecycling.com\/dk\/la-vuelta-2025\/terms\/","og_locale":"da_DK","og_type":"article","og_title":"Jeg vilk\u00e5r og betingelser","og_description":"Regler for konkurrencen \u201e2025 La Vuelta Contest\u201c Disse regler fasts\u00e6tter betingelserne for konkurrencen \u201e2025 La Vuelta Contest\u201c (herefter ben\u00e6vnt \u201eKonkurrencen\u201c) [&hellip;]","og_url":"https:\/\/www.welovecycling.com\/dk\/la-vuelta-2025\/terms\/","og_site_name":"\u0160koda We Love Cycling - Danmark","article_modified_time":"2025-08-15T14:24:09+00:00","twitter_card":"summary_large_image","twitter_misc":{"Est. reading time":"4 minutes"},"schema":{"@context":"https:\/\/schema.org","@graph":[{"@type":"WebPage","@id":"https:\/\/www.welovecycling.com\/dk\/la-vuelta-2025\/terms\/","url":"https:\/\/www.welovecycling.com\/dk\/la-vuelta-2025\/terms\/","name":"Jeg vilk\u00e5r og betingelser - \u0160koda We Love Cycling - Danmark","isPartOf":{"@id":"https:\/\/www.welovecycling.com\/dk\/#website"},"datePublished":"2025-08-12T10:26:36+00:00","dateModified":"2025-08-15T14:24:09+00:00","breadcrumb":{"@id":"https:\/\/www.welovecycling.com\/dk\/la-vuelta-2025\/terms\/#breadcrumb"},"inLanguage":"da-DK","potentialAction":[{"@type":"ReadAction","target":["https:\/\/www.welovecycling.com\/dk\/la-vuelta-2025\/terms\/"]}]},{"@type":"BreadcrumbList","@id":"https:\/\/www.welovecycling.com\/dk\/la-vuelta-2025\/terms\/#breadcrumb","itemListElement":[{"@type":"ListItem","position":1,"name":"Home","item":"https:\/\/www.welovecycling.com\/dk\/"},{"@type":"ListItem","position":2,"name":"La Vuelta 2025","item":"https:\/\/www.welovecycling.com\/dk\/la-vuelta-2025\/"},{"@type":"ListItem","position":3,"name":"Jeg vilk\u00e5r og betingelser"}]},{"@type":"WebSite","@id":"https:\/\/www.welovecycling.com\/dk\/#website","url":"https:\/\/www.welovecycling.com\/dk\/","name":"\u0160koda We Love Cycling - Danmark","description":"\u0160koda We Love Cycling - Danmark - Nyt online cykel magasin","potentialAction":[{"@type":"SearchAction","target":{"@type":"EntryPoint","urlTemplate":"https:\/\/www.welovecycling.com\/dk\/?s={search_term_string}"},"query-input":{"@type":"PropertyValueSpecification","valueRequired":true,"valueName":"search_term_string"}}],"inLanguage":"da-DK"}]}},"_links":{"self":[{"href":"https:\/\/www.welovecycling.com\/dk\/wp-json\/wp\/v2\/pages\/3232","targetHints":{"allow":["GET"]}}],"collection":[{"href":"https:\/\/www.welovecycling.com\/dk\/wp-json\/wp\/v2\/pages"}],"about":[{"href":"https:\/\/www.welovecycling.com\/dk\/wp-json\/wp\/v2\/types\/page"}],"author":[{"embeddable":true,"href":"https:\/\/www.welovecycling.com\/dk\/wp-json\/wp\/v2\/users\/199"}],"replies":[{"embeddable":true,"href":"https:\/\/www.welovecycling.com\/dk\/wp-json\/wp\/v2\/comments?post=3232"}],"version-history":[{"count":3,"href":"https:\/\/www.welovecycling.com\/dk\/wp-json\/wp\/v2\/pages\/3232\/revisions"}],"predecessor-version":[{"id":3235,"href":"https:\/\/www.welovecycling.com\/dk\/wp-json\/wp\/v2\/pages\/3232\/revisions\/3235"}],"up":[{"embeddable":true,"href":"https:\/\/www.welovecycling.com\/dk\/wp-json\/wp\/v2\/pages\/3224"}],"wp:attachment":[{"href":"https:\/\/www.welovecycling.com\/dk\/wp-json\/wp\/v2\/media?parent=3232"}],"wp:term":[{"taxonomy":"post_tag","embeddable":true,"href":"https:\/\/www.welovecycling.com\/dk\/wp-json\/wp\/v2\/tags?post=3232"}],"curies":[{"name":"wp","href":"https:\/\/api.w.org\/{rel}","templated":true}]}}