{"id":3213,"date":"2025-08-11T09:07:08","date_gmt":"2025-08-11T09:07:08","guid":{"rendered":"https:\/\/www.welovecycling.com\/dk\/?page_id=3213"},"modified":"2025-08-18T08:40:24","modified_gmt":"2025-08-18T08:40:24","slug":"vilkaar-og-betingelser","status":"publish","type":"page","link":"https:\/\/www.welovecycling.com\/dk\/2025-uci-world-championships\/vilkaar-og-betingelser\/","title":{"rendered":"Vilk\u00e5r og betingelser"},"content":{"rendered":"<p><b><span data-contrast=\"auto\">Disse regler fasts\u00e6tter betingelserne for konkurrencen &#8220;2025 FYA Contest&#8221; (herefter &#8220;konkurrencen&#8221;) og udg\u00f8r det eneste dokument, der fuldst\u00e6ndigt og bindende regulerer reglerne for denne konkurrence.<\/span><\/b><span data-ccp-props=\"{&quot;134233117&quot;:true,&quot;134233118&quot;:true,&quot;201341983&quot;:0,&quot;335559740&quot;:240}\">\u00a0<\/span><\/p>\n<p><b><span data-contrast=\"auto\">Arrang\u00f8r og administrator af konkurrencen<\/span><\/b><br \/>\n<span data-contrast=\"auto\">Arrang\u00f8ren af konkurrencen er \u0160koda Auto a.s., et aktieselskab med hjemsted p\u00e5 t\u0159. V\u00e1clava Klementa 869, 293 01 Mlad\u00e1 Boleslav, Tjekkiet, CVR: 00177041, registreret i handelsregistret f\u00f8rt af Byretten i Prag, afdeling B, post 332 (herefter &#8220;arrang\u00f8ren&#8221;).<\/span><br \/>\n<span data-contrast=\"auto\">Konkurrencens administrator, der h\u00e5ndterer de praktiske aspekter af gennemf\u00f8relsen, er MUSTARD s.r.o., med hjemsted i Prag 1 \u2013 Nov\u00e9 M\u011bsto, Masarykovo n\u00e1b\u0159. 246, 110 00, Tjekkiet, CVR: 28531418, registreret i handelsregistret f\u00f8rt af Byretten i Prag, afdeling C, post 148383.<\/span><br \/>\n<span data-contrast=\"auto\">(herefter &#8220;administrator&#8221;)<\/span><span data-ccp-props=\"{&quot;134233117&quot;:true,&quot;134233118&quot;:true,&quot;201341983&quot;:0,&quot;335559740&quot;:240}\">\u00a0<\/span><\/p>\n<p><span data-contrast=\"auto\">Konkurrencen vil finde sted p\u00e5 hjemmesiden <\/span><a href=\"http:\/\/www.welovecycling.com\/\"><span data-contrast=\"none\">www.welovecycling.com<\/span><\/a><span data-contrast=\"auto\"> (herefter &#8220;konkurrencehjemmesiden&#8221;), hvor al kommunikation med deltagerne ogs\u00e5 vil foreg\u00e5.<\/span><span data-ccp-props=\"{&quot;134233117&quot;:true,&quot;134233118&quot;:true,&quot;201341983&quot;:0,&quot;335559740&quot;:240}\">\u00a0<\/span><\/p>\n<p><b><span data-contrast=\"auto\">Konkurrencedeltagere<\/span><\/b><br \/>\n<span data-contrast=\"auto\">Enhver fysisk person over 18 \u00e5r med permanent bop\u00e6l i et af de lande, hvor konkurrencen afholdes, kan deltage. Konkurrencen afholdes i f\u00f8lgende lande: ANDORRA, AUSTRALIEN, \u00d8STRIG, BELGIEN, BOSNIEN, BULGARIEN, KROATIEN, TJEKKIET, DANMARK, ESTLAND, FINLAND, FRANKRIG, TYSKLAND, STORBRITANNIEN, GR\u00c6KENLAND, UNGARN, ISLAND, IRLAND, ITALIEN, LETLAND, LIECHTENSTEIN, LITAUEN, LUXEMBOURG, MONTENEGRO, NEDERLANDENE, NORGE, POLEN, PORTUGAL, RUM\u00c6NIEN, SERBIEN, SLOVAKIET, SLOVENIEN, SPANIEN, SVERIGE, SCHWEIZ, UKRAINE.<\/span><span data-ccp-props=\"{&quot;134233117&quot;:true,&quot;134233118&quot;:true,&quot;201341983&quot;:0,&quot;335559740&quot;:240}\">\u00a0<\/span><\/p>\n<p><span data-contrast=\"auto\">For at deltage skal man registrere sig p\u00e5 konkurrencehjemmesiden i l\u00f8bet af konkurrencens varighed og bekr\u00e6fte sin ubetingede accept af disse regler. Registreringen (tilmeldingsformularen) kr\u00e6ver en e-mailadresse, som kun vil blive brugt i forbindelse med konkurrencen.<\/span><span data-ccp-props=\"{&quot;134233117&quot;:true,&quot;134233118&quot;:true,&quot;201341983&quot;:0,&quot;335559740&quot;:240}\">\u00a0<\/span><\/p>\n<p><span data-contrast=\"auto\">Hver deltager kan kun registrere sig \u00e9n gang med sin egen e-mailadresse. Arrang\u00f8ren forbeholder sig ret til at kontrollere dette teknisk og organisatorisk.<\/span><span data-ccp-props=\"{&quot;134233117&quot;:true,&quot;134233118&quot;:true,&quot;201341983&quot;:0,&quot;335559740&quot;:240}\">\u00a0<\/span><\/p>\n<p><span data-contrast=\"auto\">F\u00f8lgende personer er udelukket fra deltagelse: personer, der har v\u00e6ret involveret i udarbejdelsen af konkurrencen, herunder ansatte og samarbejdspartnere hos arrang\u00f8ren eller administratoren, samt personer tilknyttet \u0160koda-forhandlere eller agenturer, der h\u00e5ndterer konkurrencen, og deres familiemedlemmer eller n\u00e6re personer.<\/span><span data-ccp-props=\"{&quot;134233117&quot;:true,&quot;134233118&quot;:true,&quot;201341983&quot;:0,&quot;335559740&quot;:240}\">\u00a0<\/span><\/p>\n<p><b><span data-contrast=\"auto\">Konkurrencemekanisme og udv\u00e6lgelse af vindere<\/span><\/b><br \/>\n<span data-contrast=\"auto\">For at deltage skal deltagerne uploade et billede og indsende deres e-mailadresse via det officielle We Love Cycling-websted.<\/span><span data-ccp-props=\"{&quot;134233117&quot;:true,&quot;134233118&quot;:true,&quot;201341983&quot;:0,&quot;335559740&quot;:240}\">\u00a0<\/span><\/p>\n<p><span data-contrast=\"auto\">Vinderne udv\u00e6lges baseret p\u00e5 antallet af &#8220;likes&#8221; (stemmer), som deres uploadede billede modtager.<\/span><span data-ccp-props=\"{&quot;134233117&quot;:true,&quot;134233118&quot;:true,&quot;201341983&quot;:0,&quot;335559740&quot;:240}\">\u00a0<\/span><\/p>\n<p><b><span data-contrast=\"auto\">Pr\u00e6mier for Runde 1 (23. august \u2013 30. august 2025):<\/span><\/b><br \/>\n<span data-contrast=\"auto\">\u2022 1. til 3. plads: \u0160koda Hospitality Experience<\/span><br \/>\n<span data-contrast=\"auto\">\u2022 4. til 5. plads: Kala\u0161 cykels\u00e6t<\/span><br \/>\n<span data-contrast=\"auto\">\u2022 6. til 9. plads: Maxxis Minion DHR II d\u00e6k-s\u00e6t<\/span><span data-ccp-props=\"{&quot;134233117&quot;:true,&quot;134233118&quot;:true,&quot;201341983&quot;:0,&quot;335559740&quot;:240}\">\u00a0<\/span><\/p>\n<p><b><span data-contrast=\"auto\">Pr\u00e6mier for Runde 2 (31. august \u2013 14. september 2025):<\/span><\/b><br \/>\n<span data-contrast=\"auto\">\u2022 1. til 3. plads: Garmin-enhed<\/span><br \/>\n<span data-contrast=\"auto\">\u2022 4. til 5. plads: Kala\u0161 cykels\u00e6t<\/span><br \/>\n<span data-contrast=\"auto\">\u2022 6. til 8. plads: Maxxis Ikon d\u00e6k-s\u00e6t<\/span><span data-ccp-props=\"{&quot;134233117&quot;:true,&quot;134233118&quot;:true,&quot;201341983&quot;:0,&quot;335559740&quot;:240}\">\u00a0<\/span><\/p>\n<p><b><span data-contrast=\"auto\">Pr\u00e6mier for Runde 3 (15. september \u2013 28. september 2025):<\/span><\/b><br \/>\n<span data-contrast=\"auto\">\u2022 1. til 3. plads: Garmin-enhed<\/span><br \/>\n<span data-contrast=\"auto\">\u2022 4. til 5. plads: Kala\u0161 cykels\u00e6t<\/span><br \/>\n<span data-contrast=\"auto\">\u2022 6. til 8. plads: Maxxis Ikon d\u00e6k-s\u00e6t<\/span><span data-ccp-props=\"{&quot;134233117&quot;:true,&quot;134233118&quot;:true,&quot;201341983&quot;:0,&quot;335559740&quot;:240}\">\u00a0<\/span><\/p>\n<p><b><span data-contrast=\"auto\">Pr\u00e6mier for Runde 4 (29. september \u2013 12. oktober 2025):<\/span><\/b><br \/>\n<span data-contrast=\"auto\">\u2022 1. plads: \u0160koda Gravel Bike<\/span><br \/>\n<span data-contrast=\"auto\">\u2022 2. til 4. plads: \u0160koda Hospitality Experience<\/span><br \/>\n<span data-contrast=\"auto\">\u2022 5. til 6. plads: Kala\u0161 cykels\u00e6t<\/span><span data-ccp-props=\"{&quot;134233117&quot;:true,&quot;134233118&quot;:true,&quot;201341983&quot;:0,&quot;335559740&quot;:240}\">\u00a0<\/span><\/p>\n<p><span data-contrast=\"auto\">Arrang\u00f8ren kontakter vinderne via den e-mailadresse, der blev brugt ved registreringen, inden for fem dage efter afslutningen af den p\u00e5g\u00e6ldende runde. Vinderne bedes oplyse de n\u00f8dvendige kontaktoplysninger til levering eller overdragelse af pr\u00e6mien. Hvis vinderen ikke reagerer \u2013 heller ikke efter en p\u00e5mindelse \u2013 eller ikke giver de n\u00f8dvendige oplysninger inden for 24 timer efter modtagelse af e-mailen, bortfalder retten til pr\u00e6mien uden kompensation.<\/span><span data-ccp-props=\"{&quot;134233117&quot;:true,&quot;134233118&quot;:true,&quot;201341983&quot;:0,&quot;335559740&quot;:240}\">\u00a0<\/span><\/p>\n<p><span data-contrast=\"auto\">P\u00e5 grund af mulige forsinkelser i tilg\u00e6ngeligheden af komponenter kan levering af cykler som pr\u00e6mier tage op til 8 m\u00e5neder. Denne forsinkelse skyldes forhold uden for vores kontrol, s\u00e5som tilg\u00e6ngelighed af reservedele.<\/span><span data-ccp-props=\"{&quot;134233117&quot;:true,&quot;134233118&quot;:true,&quot;201341983&quot;:0,&quot;335559740&quot;:240}\">\u00a0<\/span><\/p>\n<p><b><span data-contrast=\"auto\">Oplysninger om behandling af personoplysninger<\/span><\/b><br \/>\n<span data-contrast=\"auto\">Arrang\u00f8ren som dataansvarlig i henhold til den generelle forordning om databeskyttelse (Forordning (EU) 2016\/679) giver hermed information om behandlingen af personoplysninger og dine rettigheder i forbindelse hermed.<\/span><span data-ccp-props=\"{&quot;134233117&quot;:true,&quot;134233118&quot;:true,&quot;201341983&quot;:0,&quot;335559740&quot;:240}\">\u00a0<\/span><\/p>\n<p><span data-contrast=\"auto\">Behandlingen foreg\u00e5r som led i f\u00f8lgende aktivitet:<\/span><br \/>\n<span data-contrast=\"auto\">\u2013 Organisering af konkurrencen og sikring af fair afstemning baseret p\u00e5 brugerafgivne stemmer<\/span><span data-ccp-props=\"{&quot;134233117&quot;:true,&quot;134233118&quot;:true,&quot;201341983&quot;:0,&quot;335559740&quot;:240}\">\u00a0<\/span><\/p>\n<p><b><span data-contrast=\"auto\">Retsgrundlag for behandlingen:<\/span><\/b><span data-contrast=\"auto\"> Dine personoplysninger behandles p\u00e5 grundlag af en kontrakt (disse konkurrencevilk\u00e5r).<\/span><br \/>\n<b><span data-contrast=\"auto\">Kategorier af personoplysninger, der behandles:<\/span><\/b><span data-contrast=\"auto\"> Identifikationsoplysninger, kontaktoplysninger, oplysninger om kommunikation og interaktion.<\/span><br \/>\n<b><span data-contrast=\"auto\">Behandlingsperiode:<\/span><\/b><span data-contrast=\"auto\"> Dine personoplysninger behandles i \u00e9t \u00e5r efter konkurrencens afslutning.<\/span><br \/>\n<b><span data-contrast=\"auto\">Kategorier af databehandlere eller modtagere, som oplysninger kan videregives til:<\/span><\/b><br \/>\n<span data-contrast=\"auto\">Databehandler er MUSTARD s.r.o., med hjemsted i Prag 1 \u2013 Nov\u00e9 M\u011bsto, Masarykovo n\u00e1b\u0159. 246, 110 00, Tjekkiet, CVR: 28531418, registreret ved Byretten i Prag, afdeling C, post 148383 (administrator).<\/span><br \/>\n<span data-contrast=\"auto\">Efter anmodning kan personoplysninger ogs\u00e5 blive videregivet til offentlige myndigheder, is\u00e6r domstole, politiet og andre retsh\u00e5ndh\u00e6vende myndigheder i det omfang loven foreskriver det.<\/span><span data-ccp-props=\"{&quot;134233117&quot;:true,&quot;134233118&quot;:true,&quot;201341983&quot;:0,&quot;335559740&quot;:240}\">\u00a0<\/span><\/p>\n<p><b><span data-contrast=\"auto\">Kilde til personoplysninger:<\/span><\/b><span data-contrast=\"auto\"> Personoplysningerne modtages direkte fra dig.<\/span><br \/>\n<b><span data-contrast=\"auto\">Overf\u00f8rsel af personoplysninger til tredjelande eller internationale organisationer:<\/span><\/b><span data-contrast=\"auto\"> Der sker ingen overf\u00f8rsel af personoplysninger til tredjelande eller internationale organisationer i denne forbindelse.<\/span><br \/>\n<b><span data-contrast=\"auto\">Automatiseret beslutningstagning:<\/span><\/b><span data-contrast=\"auto\"> Der foretages ingen automatiseret beslutningstagning i forbindelse med denne behandling.<\/span><span data-ccp-props=\"{&quot;134233117&quot;:true,&quot;134233118&quot;:true,&quot;201341983&quot;:0,&quot;335559740&quot;:240}\">\u00a0<\/span><\/p>\n<p><b><span data-contrast=\"auto\">Yderligere oplysninger:<\/span><\/b><br \/>\n<span data-contrast=\"auto\">Personoplysninger kan arkiveres i offentlighedens interesse og anvendes til videnskabelige, historiske eller statistiske form\u00e5l. I visse tilf\u00e6lde kan de ogs\u00e5 behandles til l\u00f8sning af juridiske sp\u00f8rgsm\u00e5l, opfyldelse af myndighedsforpligtelser og overv\u00e5gning eller vurdering af juridiske risici.<\/span><span data-ccp-props=\"{&quot;134233117&quot;:true,&quot;134233118&quot;:true,&quot;201341983&quot;:0,&quot;335559740&quot;:240}\">\u00a0<\/span><\/p>\n<p><b><span data-contrast=\"auto\">Du har f\u00f8lgende rettigheder i forbindelse med dine personoplysninger:<\/span><\/b><br \/>\n<span data-contrast=\"auto\">\u2013 Ret til indsigt i dine behandlede personoplysninger<\/span><br \/>\n<span data-contrast=\"auto\">\u2013 Ret til berigtigelse af un\u00f8jagtige eller ufuldst\u00e6ndige data<\/span><br \/>\n<span data-contrast=\"auto\">\u2013 Ret til sletning, hvis form\u00e5let med behandlingen oph\u00f8rer eller behandlingen er uberettiget<\/span><br \/>\n<span data-contrast=\"auto\">\u2013 Ret til begr\u00e6nsning eller blokering af behandlingen<\/span><br \/>\n<span data-contrast=\"auto\">\u2013 Ret til dataportabilitet i et struktureret og maskinl\u00e6sbart format<\/span><br \/>\n<span data-contrast=\"auto\">\u2013 Ret til ikke at v\u00e6re genstand for automatiseret beslutningstagning<\/span><span data-ccp-props=\"{&quot;134233117&quot;:true,&quot;134233118&quot;:true,&quot;201341983&quot;:0,&quot;335559740&quot;:240}\">\u00a0<\/span><\/p>\n<p><b><span data-contrast=\"auto\">S\u00e5dan ud\u00f8ver du dine rettigheder:<\/span><\/b><br \/>\n<span data-contrast=\"auto\">\u2013 Elektronisk: <\/span><a href=\"https:\/\/www.skoda-auto.com\/data-privacy\"><span data-contrast=\"none\">https:\/\/www.skoda-auto.com\/data-privacy<\/span><\/a><br \/>\n<span data-contrast=\"auto\">\u2013 Per post: \u0160koda Auto a.s., Data Protection Office, t\u0159. V\u00e1clava Klementa 869, Mlad\u00e1 Boleslav II, CZ 293 01 Mlad\u00e1 Boleslav, Tjekkiet (p\u00e5 engelsk eller tjekkisk)<\/span><span data-ccp-props=\"{&quot;134233117&quot;:true,&quot;134233118&quot;:true,&quot;201341983&quot;:0,&quot;335559740&quot;:240}\">\u00a0<\/span><\/p>\n<p><span data-contrast=\"auto\">\u0160koda Auto forbeholder sig ret til at opkr\u00e6ve et rimeligt gebyr, der svarer til de administrative omkostninger ved behandlingen, hvis anmodningerne er \u00e5benlyst grundl\u00f8se eller overdrevne.<\/span><span data-ccp-props=\"{&quot;134233117&quot;:true,&quot;134233118&quot;:true,&quot;201341983&quot;:0,&quot;335559740&quot;:240}\">\u00a0<\/span><\/p>\n<p><span data-contrast=\"auto\">Ved sp\u00f8rgsm\u00e5l om databeskyttelse kan du kontakte \u0160koda Auto\u2019s databeskyttelsesr\u00e5dgiver:<\/span><br \/>\n<span data-contrast=\"auto\">\u2013 dpo@skoda-auto.cz<\/span><span data-ccp-props=\"{&quot;134233117&quot;:true,&quot;134233118&quot;:true,&quot;201341983&quot;:0,&quot;335559740&quot;:240}\">\u00a0<\/span><\/p>\n<p><span data-contrast=\"auto\">Hvis du ikke er enig i den m\u00e5de, hvorp\u00e5 dine personoplysninger behandles, kan du klage til \u0160koda Auto\u2019s databeskyttelsesr\u00e5dgiver eller til en tilsynsmyndighed:<\/span><br \/>\n<span data-contrast=\"auto\">Det Tjekkiske Kontor for Databeskyttelse, Pplk. Sochora 27, 170 00 Prag 7, +420 234 665 111, <\/span><a href=\"https:\/\/www.uoou.cz\/\"><span data-contrast=\"none\">https:\/\/www.uoou.cz<\/span><\/a><span data-ccp-props=\"{&quot;134233117&quot;:true,&quot;134233118&quot;:true,&quot;201341983&quot;:0,&quot;335559740&quot;:240}\">\u00a0<\/span><\/p>\n<p><span data-ccp-props=\"{&quot;201341983&quot;:0,&quot;335559740&quot;:240}\">\u00a0<\/span><\/p>\n<p><b><span data-contrast=\"auto\">Andre vigtige betingelser<\/span><\/b><br \/>\n<span data-contrast=\"auto\">Arrang\u00f8ren fasts\u00e6tter udelukkende pr\u00e6miens specifikationer. Illustrationer af pr\u00e6mier i kampagnematerialer er kun vejledende. Arrang\u00f8ren er ikke ansvarlig for eventuelle skader, deltageren m\u00e5tte lide som f\u00f8lge af brug af pr\u00e6mien.<\/span><span data-ccp-props=\"{&quot;134233117&quot;:true,&quot;134233118&quot;:true,&quot;201341983&quot;:0,&quot;335559740&quot;:240}\">\u00a0<\/span><\/p>\n<p><span data-contrast=\"auto\">Deltagerne har ikke krav p\u00e5 kontant eller anden kompensation som erstatning for pr\u00e6mien. Arrang\u00f8ren er ikke forpligtet til at levere noget ud over det, der er udtrykkeligt n\u00e6vnt i disse regler.<\/span><span data-ccp-props=\"{&quot;134233117&quot;:true,&quot;134233118&quot;:true,&quot;201341983&quot;:0,&quot;335559740&quot;:240}\">\u00a0<\/span><\/p>\n<p><span data-contrast=\"auto\">Arrang\u00f8ren h\u00e6fter ikke for direkte eller indirekte skader i forbindelse med deltagelse. Deltageren accepterer, at arrang\u00f8ren ikke er ansvarlig for risici og forpligtelser forbundet med pr\u00e6mien. Resultaterne er endelige og kan ikke appelleres.<\/span><span data-ccp-props=\"{&quot;134233117&quot;:true,&quot;134233118&quot;:true,&quot;201341983&quot;:0,&quot;335559740&quot;:240}\">\u00a0<\/span><\/p>\n<p><span data-contrast=\"auto\">Deltagere kan udelukkes, hvis arrang\u00f8ren konstaterer eller har rimelig mistanke om svindel eller illoyal opf\u00f8rsel med det form\u00e5l at vinde.<\/span><span data-ccp-props=\"{&quot;134233117&quot;:true,&quot;134233118&quot;:true,&quot;201341983&quot;:0,&quot;335559740&quot;:240}\">\u00a0<\/span><\/p>\n<p><span data-contrast=\"auto\">Arrang\u00f8ren h\u00e6fter ikke for uleverede meddelelser eller pr\u00e6mier. Han er heller ikke ansvarlig for tekniske eller kommunikationsrelaterede fejl. Arrang\u00f8ren har det endelige ord i alle klager og forbeholder sig ret til at afkorte, uds\u00e6tte, afbryde eller annullere konkurrencen uden kompensation. Enhver \u00e6ndring eller tilf\u00f8jelse offentligg\u00f8res p\u00e5 konkurrencens websted, hvor den nyeste version af reglerne ogs\u00e5 vil v\u00e6re tilg\u00e6ngelig.<\/span><span data-ccp-props=\"{&quot;134233117&quot;:true,&quot;134233118&quot;:true,&quot;201341983&quot;:0,&quot;335559740&quot;:240}\">\u00a0<\/span><\/p>\n<p><span data-contrast=\"auto\">Denne konkurrence er underlagt lovgivningen i Tjekkiet.<\/span><span data-ccp-props=\"{&quot;134233117&quot;:true,&quot;134233118&quot;:true,&quot;201341983&quot;:0,&quot;335559740&quot;:240}\">\u00a0<\/span><\/p>\n<p><span data-ccp-props=\"{}\">\u00a0<\/span><\/p>\n","protected":false},"excerpt":{"rendered":"<p>Disse regler fasts\u00e6tter betingelserne for konkurrencen &#8220;2025 FYA Contest&#8221; (herefter &#8220;konkurrencen&#8221;) og udg\u00f8r det eneste dokument, der fuldst\u00e6ndigt og bindende [&hellip;]<\/p>\n","protected":false},"author":199,"featured_media":0,"parent":3194,"menu_order":0,"comment_status":"closed","ping_status":"closed","template":"templates\/template-empty-page-headline.php","meta":{"footnotes":""},"tags":[],"class_list":["post-3213","page","type-page","status-publish","hentry"],"yoast_head":"<!-- This site is optimized with the Yoast SEO Premium plugin v25.3 (Yoast SEO v25.9) - https:\/\/yoast.com\/wordpress\/plugins\/seo\/ -->\n<title>Vilk\u00e5r og betingelser - \u0160koda We Love Cycling - Danmark<\/title>\n<meta name=\"robots\" content=\"index, follow, max-snippet:-1, max-image-preview:large, max-video-preview:-1\" \/>\n<link rel=\"canonical\" href=\"https:\/\/www.welovecycling.com\/dk\/2025-uci-world-championships\/vilkaar-og-betingelser\/\" \/>\n<meta property=\"og:locale\" content=\"da_DK\" \/>\n<meta property=\"og:type\" content=\"article\" \/>\n<meta property=\"og:title\" content=\"Vilk\u00e5r og betingelser\" \/>\n<meta property=\"og:description\" content=\"Disse regler fasts\u00e6tter betingelserne for konkurrencen &#8220;2025 FYA Contest&#8221; (herefter &#8220;konkurrencen&#8221;) og udg\u00f8r det eneste dokument, der fuldst\u00e6ndigt og bindende [&hellip;]\" \/>\n<meta property=\"og:url\" content=\"https:\/\/www.welovecycling.com\/dk\/2025-uci-world-championships\/vilkaar-og-betingelser\/\" \/>\n<meta property=\"og:site_name\" content=\"\u0160koda We Love Cycling - Danmark\" \/>\n<meta property=\"article:modified_time\" content=\"2025-08-18T08:40:24+00:00\" \/>\n<meta name=\"twitter:card\" content=\"summary_large_image\" \/>\n<meta name=\"twitter:label1\" content=\"Est. reading time\" \/>\n\t<meta name=\"twitter:data1\" content=\"6 minutes\" \/>\n<script type=\"application\/ld+json\" class=\"yoast-schema-graph\">{\"@context\":\"https:\/\/schema.org\",\"@graph\":[{\"@type\":\"WebPage\",\"@id\":\"https:\/\/www.welovecycling.com\/dk\/2025-uci-world-championships\/vilkaar-og-betingelser\/\",\"url\":\"https:\/\/www.welovecycling.com\/dk\/2025-uci-world-championships\/vilkaar-og-betingelser\/\",\"name\":\"Vilk\u00e5r og betingelser - \u0160koda We Love Cycling - Danmark\",\"isPartOf\":{\"@id\":\"https:\/\/www.welovecycling.com\/dk\/#website\"},\"datePublished\":\"2025-08-11T09:07:08+00:00\",\"dateModified\":\"2025-08-18T08:40:24+00:00\",\"breadcrumb\":{\"@id\":\"https:\/\/www.welovecycling.com\/dk\/2025-uci-world-championships\/vilkaar-og-betingelser\/#breadcrumb\"},\"inLanguage\":\"da-DK\",\"potentialAction\":[{\"@type\":\"ReadAction\",\"target\":[\"https:\/\/www.welovecycling.com\/dk\/2025-uci-world-championships\/vilkaar-og-betingelser\/\"]}]},{\"@type\":\"BreadcrumbList\",\"@id\":\"https:\/\/www.welovecycling.com\/dk\/2025-uci-world-championships\/vilkaar-og-betingelser\/#breadcrumb\",\"itemListElement\":[{\"@type\":\"ListItem\",\"position\":1,\"name\":\"Home\",\"item\":\"https:\/\/www.welovecycling.com\/dk\/\"},{\"@type\":\"ListItem\",\"position\":2,\"name\":\"Find Your Adventure 2025: B\u00e6r mudderet som et h\u00e6derstegn!\",\"item\":\"https:\/\/www.welovecycling.com\/dk\/2025-uci-world-championships\/\"},{\"@type\":\"ListItem\",\"position\":3,\"name\":\"Vilk\u00e5r og betingelser\"}]},{\"@type\":\"WebSite\",\"@id\":\"https:\/\/www.welovecycling.com\/dk\/#website\",\"url\":\"https:\/\/www.welovecycling.com\/dk\/\",\"name\":\"\u0160koda We Love Cycling - Danmark\",\"description\":\"\u0160koda We Love Cycling - Danmark - Nyt online cykel magasin\",\"potentialAction\":[{\"@type\":\"SearchAction\",\"target\":{\"@type\":\"EntryPoint\",\"urlTemplate\":\"https:\/\/www.welovecycling.com\/dk\/?s={search_term_string}\"},\"query-input\":{\"@type\":\"PropertyValueSpecification\",\"valueRequired\":true,\"valueName\":\"search_term_string\"}}],\"inLanguage\":\"da-DK\"}]}<\/script>\n<!-- \/ Yoast SEO Premium plugin. -->","yoast_head_json":{"title":"Vilk\u00e5r og betingelser - \u0160koda We Love Cycling - Danmark","robots":{"index":"index","follow":"follow","max-snippet":"max-snippet:-1","max-image-preview":"max-image-preview:large","max-video-preview":"max-video-preview:-1"},"canonical":"https:\/\/www.welovecycling.com\/dk\/2025-uci-world-championships\/vilkaar-og-betingelser\/","og_locale":"da_DK","og_type":"article","og_title":"Vilk\u00e5r og betingelser","og_description":"Disse regler fasts\u00e6tter betingelserne for konkurrencen &#8220;2025 FYA Contest&#8221; (herefter &#8220;konkurrencen&#8221;) og udg\u00f8r det eneste dokument, der fuldst\u00e6ndigt og bindende [&hellip;]","og_url":"https:\/\/www.welovecycling.com\/dk\/2025-uci-world-championships\/vilkaar-og-betingelser\/","og_site_name":"\u0160koda We Love Cycling - Danmark","article_modified_time":"2025-08-18T08:40:24+00:00","twitter_card":"summary_large_image","twitter_misc":{"Est. reading time":"6 minutes"},"schema":{"@context":"https:\/\/schema.org","@graph":[{"@type":"WebPage","@id":"https:\/\/www.welovecycling.com\/dk\/2025-uci-world-championships\/vilkaar-og-betingelser\/","url":"https:\/\/www.welovecycling.com\/dk\/2025-uci-world-championships\/vilkaar-og-betingelser\/","name":"Vilk\u00e5r og betingelser - \u0160koda We Love Cycling - Danmark","isPartOf":{"@id":"https:\/\/www.welovecycling.com\/dk\/#website"},"datePublished":"2025-08-11T09:07:08+00:00","dateModified":"2025-08-18T08:40:24+00:00","breadcrumb":{"@id":"https:\/\/www.welovecycling.com\/dk\/2025-uci-world-championships\/vilkaar-og-betingelser\/#breadcrumb"},"inLanguage":"da-DK","potentialAction":[{"@type":"ReadAction","target":["https:\/\/www.welovecycling.com\/dk\/2025-uci-world-championships\/vilkaar-og-betingelser\/"]}]},{"@type":"BreadcrumbList","@id":"https:\/\/www.welovecycling.com\/dk\/2025-uci-world-championships\/vilkaar-og-betingelser\/#breadcrumb","itemListElement":[{"@type":"ListItem","position":1,"name":"Home","item":"https:\/\/www.welovecycling.com\/dk\/"},{"@type":"ListItem","position":2,"name":"Find Your Adventure 2025: B\u00e6r mudderet som et h\u00e6derstegn!","item":"https:\/\/www.welovecycling.com\/dk\/2025-uci-world-championships\/"},{"@type":"ListItem","position":3,"name":"Vilk\u00e5r og betingelser"}]},{"@type":"WebSite","@id":"https:\/\/www.welovecycling.com\/dk\/#website","url":"https:\/\/www.welovecycling.com\/dk\/","name":"\u0160koda We Love Cycling - Danmark","description":"\u0160koda We Love Cycling - Danmark - Nyt online cykel magasin","potentialAction":[{"@type":"SearchAction","target":{"@type":"EntryPoint","urlTemplate":"https:\/\/www.welovecycling.com\/dk\/?s={search_term_string}"},"query-input":{"@type":"PropertyValueSpecification","valueRequired":true,"valueName":"search_term_string"}}],"inLanguage":"da-DK"}]}},"_links":{"self":[{"href":"https:\/\/www.welovecycling.com\/dk\/wp-json\/wp\/v2\/pages\/3213","targetHints":{"allow":["GET"]}}],"collection":[{"href":"https:\/\/www.welovecycling.com\/dk\/wp-json\/wp\/v2\/pages"}],"about":[{"href":"https:\/\/www.welovecycling.com\/dk\/wp-json\/wp\/v2\/types\/page"}],"author":[{"embeddable":true,"href":"https:\/\/www.welovecycling.com\/dk\/wp-json\/wp\/v2\/users\/199"}],"replies":[{"embeddable":true,"href":"https:\/\/www.welovecycling.com\/dk\/wp-json\/wp\/v2\/comments?post=3213"}],"version-history":[{"count":1,"href":"https:\/\/www.welovecycling.com\/dk\/wp-json\/wp\/v2\/pages\/3213\/revisions"}],"predecessor-version":[{"id":3214,"href":"https:\/\/www.welovecycling.com\/dk\/wp-json\/wp\/v2\/pages\/3213\/revisions\/3214"}],"up":[{"embeddable":true,"href":"https:\/\/www.welovecycling.com\/dk\/wp-json\/wp\/v2\/pages\/3194"}],"wp:attachment":[{"href":"https:\/\/www.welovecycling.com\/dk\/wp-json\/wp\/v2\/media?parent=3213"}],"wp:term":[{"taxonomy":"post_tag","embeddable":true,"href":"https:\/\/www.welovecycling.com\/dk\/wp-json\/wp\/v2\/tags?post=3213"}],"curies":[{"name":"wp","href":"https:\/\/api.w.org\/{rel}","templated":true}]}}