{"id":3099,"date":"2024-06-26T08:48:01","date_gmt":"2024-06-26T08:48:01","guid":{"rendered":"https:\/\/www.welovecycling.com\/dk\/?page_id=3099"},"modified":"2024-06-26T08:48:01","modified_gmt":"2024-06-26T08:48:01","slug":"terms-and-conditions-whatsyourtour","status":"publish","type":"page","link":"https:\/\/www.welovecycling.com\/dk\/tour-de-france-2024\/terms-and-conditions-whatsyourtour\/","title":{"rendered":"Terms And Conditions &#8211; whatsyourtour"},"content":{"rendered":"<p><span style=\"font-weight: 400;\">Disse regler regulerer vilk\u00e5rene for <\/span><span style=\"font-weight: 400;\">&#8220;konkurrencen #whatsyourtour&#8221; <\/span><span style=\"font-weight: 400;\">\u00a0(i det f\u00f8lgende ben\u00e6vnt &#8220;konkurrencen&#8221;) og er det eneste dokument, der fuldst\u00e6ndigt og obligatorisk regulerer reglerne for denne konkurrence.<\/span><\/p>\n<h4><b>1. Arrang\u00f8r og v\u00e6rt for konkurrencen<\/b><\/h4>\n<p><span style=\"font-weight: 400;\">Konkurrencens v\u00e6rt er \u0160koda Auto a.s., et aktieselskab med registreret forretningssted p\u00e5 t\u0159. V\u00e1clava Klementa 869, 293 01 Mlad\u00e1 Boleslav i Tjekkiet, med virksomhedsnummer 00177041, registreret i handelsregistret forvaltet af byretten i Prag, afdeling B og med filnummer 332 (fremover betegnet som &#8220;v\u00e6rten&#8221;).<\/span><\/p>\n<p><span style=\"font-weight: 400;\">Arrang\u00f8ren af konkurrencen, som foretager de praktiske skridt i sin organisation, er MUSTARD s.r.o. med registreret forretningssted i Prag 1 \u2013 Nov\u00e9 M\u011bsto, Masarykovo n\u00e1b\u0159. 246, 110 00, Tjekkiet, ID-nr. 28531418, registreret i handelsregistret administreret af byretten i Prag i afdeling C, post 148383.<\/span><span style=\"font-weight: 400;\"><br \/>\n<\/span><span style=\"font-weight: 400;\">(herefter ben\u00e6vnt &#8220;arrang\u00f8ren&#8221;)<\/span><\/p>\n<ol start=\"2\">\n<li><b> Konkurrencens varighed og platform<\/b><\/li>\n<\/ol>\n<p><span style=\"font-weight: 400;\">Konkurrencen finder sted fra <\/span><span style=\"font-weight: 400;\">kl. 00:01 (CET) 26.6. 2024 til 23:59 (CET) 06.07. 2024<\/span><span style=\"font-weight: 400;\">. Konkurrencen vil blive gennemf\u00f8rt p\u00e5 We Love Cycling-konti p\u00e5 Instagram, Facebook og YouTube, i det f\u00f8lgende ben\u00e6vnt &#8220;konkurrenceplatformene&#8221;, hvor kommunikationen med deltagerne prim\u00e6rt foreg\u00e5r.<\/span><\/p>\n<h4><b>3. Deltagere i konkurrencen<\/b><\/h4>\n<p><span style=\"font-weight: 400;\">Enhver person, der er fyldt 18 \u00e5r, og som bor i et af de lande, hvor konkurrencen afholdes, kan deltage i den. Konkurrencen afholdes i f\u00f8lgende lande: ANDORRA, \u00d8STRIG, BELGIEN, BOSNIEN, BULGARIEN, KROATIEN, TJEKKIET, DANMARK, ESTLAND, FINLAND, FRANKRIG, TYSKLAND, STORBRITANNIEN, GR\u00c6KENLAND, ISLAND, IRLAND, ITALIEN, LETLAND, LIECHTENSTEIN, LITAUEN, LUXEMBOURG, MONTENEGRO, NEDERLANDENE, NORGE, POLEN, PORTUGAL, RUM\u00c6NIEN, SERBIEN, SLOVAKIET, SLOVENIEN, SPANIEN, SVERIGE, SCHWEIZ.<\/span><\/p>\n<p><span style=\"font-weight: 400;\">Alle personer, der har deltaget i forberedelsen af denne konkurrence, hovedsageligt personer, der er ansat af eller har et lignende forhold til v\u00e6rten eller arrang\u00f8ren, er ikke berettiget til at deltage i konkurrencen, hvilket ligeledes er g\u00e6ldende for alle andre personer i et tilsvarende forhold til den deltagende autoriserede \u0160koda-partner eller med agenturer, der er betroet med at sikre denne konkurrence, deres familiemedlemmer og personer tilknyttet til dem.<\/span><\/p>\n<h4><b>4. Konkurrencemekanisme, evaluering af vindere<\/b><\/h4>\n<p><span style=\"font-weight: 400;\">Deltagere vil deltage i konkurrencen ved at inkludere et specifikt hashtag i billedteksterne til nyligt offentliggjorte eller eksisterende opslag p\u00e5 Instagram. Det er afg\u00f8rende, at deltagerne er ejere af indholdet. Opslagene skal stamme fra deres konti. Bem\u00e6rk, at Instagram Stories ikke er kvalificeret til denne konkurrence. Efter konkurrenceperiodens afslutning, vil medlemmer af We Love Cycling-teamet v\u00e6lge de bedste bidrag baseret p\u00e5 kvaliteten af indholdet. Kriterierne for bed\u00f8mmelse vil omfatte kreativitet, relevans for konkurrencens tema og den overordnede visuelle appel. Vi underretter de udvalgte vindere via Instagram Direct Message (DM), Facebook-besked eller via e-mailadresse (hvis angivet p\u00e5 YouTube) for at informere dem om, at de har vundet og de n\u00e6ste trin for at g\u00f8re krav p\u00e5 deres pr\u00e6mier. Hvis en vinder ikke svarer eller giver kontaktoplysninger inden for 48 timer efter beskeden er sendt, udl\u00f8ber pr\u00e6mien uden kompensation.<\/span><\/p>\n<p>&nbsp;<\/p>\n<h4><b>5. Beskrivelse af pr\u00e6mier<\/b><\/h4>\n<p><span style=\"font-weight: 400;\">1x \u0160kodas g\u00e6stfrihedsprogram ved Tour de France 2024<\/span><\/p>\n<h2><b>6. Information om behandling af personlige oplysninger<\/b><\/h2>\n<p><span style=\"font-weight: 400;\">V\u00e6rten, som ansvarlig for personoplysninger, i henhold til den generelle databeskyttelsesforordning (EU-forordning 2016\/679), giver dig hermed information om behandling af personoplysninger og om dine rettigheder i forbindelse med behandlingen af disse.<\/span><\/p>\n<p><span style=\"font-weight: 400;\">Behandlingen finder sted inden for rammerne af f\u00f8lgende aktiviteter:<\/span><\/p>\n<p><span style=\"font-weight: 400;\">&#8211; Tilrettel\u00e6ggelse af konkurrencer og sikring af fair afstemning i en afstemningskonkurrence\u00a0<\/span><\/p>\n<p><span style=\"font-weight: 400;\">Det juridiske grundlag for behandlingen: Vi har ret til at behandle dine personoplysninger p\u00e5 grundlag af indg\u00e5else af en kontrakt (disse konkurrenceregler).<\/span><\/p>\n<p><span style=\"font-weight: 400;\">Kategorier af personoplysninger, som vi behandler: Identifikationsdata, kontaktoplysninger, information om gensidig kommunikation og interaktion.<\/span><\/p>\n<p><span style=\"font-weight: 400;\">Behandlingsperiode: Vi behandler dine personoplysninger i et \u00e5r efter afslutningen af konkurrencen.<\/span><\/p>\n<p><span style=\"font-weight: 400;\">Kategorier af databehandlere eller modtagere, som vi kan give personoplysninger til: Den ansvarlige for behandling af personoplysninger er MUSTARD s.r.o., med registreret forretningssted p\u00e5 Praha 1 \u2013 Nov\u00e9 M\u011bsto, Masarykovo n\u00e1b\u0159. 246, 110 00, Tjekkiet, ID-nr. 28531418, registreret i handelsregistret administreret af byretten i Prag i afdeling C, post 148383. (Arrang\u00f8ren). Efter anmodning kan dine personoplysninger videregives til offentlige myndigheder, is\u00e6r domstole, Tjekkiets politi og andre retsh\u00e5ndh\u00e6vende myndigheder i det omfang, det er n\u00f8dvendigt og inden for lovens gr\u00e6nser.<\/span><\/p>\n<p><span style=\"font-weight: 400;\">Kilde til personoplysninger: Vi modtager personoplysninger direkte fra dig.<\/span><\/p>\n<p><span style=\"font-weight: 400;\">Overf\u00f8rsel af personoplysninger til tredjelande eller multinationale virksomheder: Som en del af den ovenn\u00e6vnte behandling overf\u00f8res dine personoplysninger ikke til noget tredjeland eller til nogen multinational virksomhed.<\/span><\/p>\n<p><span style=\"font-weight: 400;\">Automatiseret beslutningstagning p\u00e5 grundlag af personoplysninger: Under denne behandling af personoplysninger sker der ingen automatiseret beslutningstagning p\u00e5 grundlag af de personoplysninger.<\/span><\/p>\n<p><span style=\"font-weight: 400;\">Andre oplysninger: Personoplysninger kan arkiveres i offentlighedens interesse og bruges til videnskabelige, historiske eller statistiske forskningsform\u00e5l. I velbegrundede tilf\u00e6lde kan personoplysninger ogs\u00e5 blive behandlet med henblik p\u00e5 retlige anliggender, herunder opfyldelse af forpligtelser over for offentlige myndigheder og til overv\u00e5gning og l\u00f8bende evaluering af juridiske risici.<\/span><\/p>\n<p><span style=\"font-weight: 400;\">Du har f\u00f8lgende rettigheder i forbindelse med behandlingen af dine personoplysninger: Adgang til de behandlede personoplysninger, rettelse af un\u00f8jagtige eller ukorrekte data eller udfyldelse af ufuldst\u00e6ndige data, sletning af personoplysninger i tilf\u00e6lde af oph\u00f8r af form\u00e5l eller uautoriseret behandling, begr\u00e6nsning eller blokering af persondatabehandling, angivelse af personoplysninger i en struktureret og maskinl\u00e6sbart format for dig selv eller for en anden administrator, m\u00e5 ikke v\u00e6re underlagt automatisk beslutningstagning.<\/span><\/p>\n<p><span style=\"font-weight: 400;\">Brug f\u00f8lgende kommunikationskanaler til at ud\u00f8ve dine rettigheder:\u00a0<\/span><\/p>\n<p><span style=\"font-weight: 400;\">&#8211; Elektronisk til: https:\/\/www.skoda-auto.com\/data-privacy<\/span><\/p>\n<p><span style=\"font-weight: 400;\">&#8211; Pr. post: Skoda Auto a.s., Databeskyttelsesmyndighed, t\u0159. V\u00e1clava Klementa 869, Mlad\u00e1 Boleslav II, CZ 293 01 Mlad\u00e1 Boleslav, Tjekkiet (p\u00e5 engelsk eller tjekkisk).<\/span><\/p>\n<p><span style=\"font-weight: 400;\">I forbindelse med ud\u00f8velsen af \u200b\u200bdine rettigheder kan \u0160koda Auto opkr\u00e6ve et rimeligt gebyr under hensyntagen til de administrative omkostninger til behandlingen, n\u00e5r anmodninger fra en registreret person tilsyneladende er ubegrundede eller overdrevne.<\/span><\/p>\n<p><span style=\"font-weight: 400;\">Hvis du har sp\u00f8rgsm\u00e5l vedr\u00f8rende persondatabeskyttelse, kan du kontakte \u0160koda Autos databeskyttelsesansvarlige:\u00a0<\/span><\/p>\n<p><span style=\"font-weight: 400;\">&#8211; dpo@skoda-auto.cz<\/span><\/p>\n<p><span style=\"font-weight: 400;\">Hvis du ikke er enig i den m\u00e5de, vi behandler dine personoplysninger p\u00e5, kan du indgive en klage til \u0160koda Autos databeskyttelsesansvarlige eller indgive en klage til tilsynsmyndigheden for at beskytte dine rettigheder. Kontor for beskyttelse af personoplysninger, Pplk. Sochora 27, 170 00 Prag 7, +420 234 665 111, <\/span><a href=\"https:\/\/www.uoou.cz\/dk\"><span style=\"font-weight: 400;\">https:\/\/www.uoou.cz\/dk<\/span><\/a><\/p>\n<h4><b>7. Erhvervelse og brug af optagelser<\/b><\/h4>\n<p><span style=\"font-weight: 400;\">N\u00e5r deltagerne er blevet en vinder, giver deltagerne v\u00e6rten samtykke til at indhente og bruge deres portr\u00e6tter, skriftlige erkl\u00e6ringer, fotos og lyd- og billedoptagelser relateret til deltageren og\/eller udtryk af personlig karakter til kommercielle form\u00e5l i alle kommunikationsmedier, uden begr\u00e6nsninger mht. materiale, tid, m\u00e6ngde eller territorium. Dette samtykke afgives gratis til v\u00e6rten og kan til enhver tid tilbagekaldes. Det g\u00e6lder ogs\u00e5 for tredjeparter, som v\u00e6rten kan levere s\u00e5danne optagelser til.<\/span><\/p>\n<p>&nbsp;<\/p>\n<h4><b>8. Andre vigtige betingelser<\/b><\/h4>\n<p><span style=\"font-weight: 400;\">V\u00e6rten bestemmer udelukkende de n\u00f8jagtige specifikationer for gevinsterne. Visningen af gevinster i salgsfremmende materialer er af illustrativ karakter. V\u00e6rten er ikke ansvarlig for eventuelle skader eller tab for\u00e5rsaget af deltageren som f\u00f8lge af brugen af pr\u00e6mien.<\/span><\/p>\n<p><span style=\"font-weight: 400;\">Deltagerne har ikke ret til at kr\u00e6ve penge eller andre former for opfyldelse som erstatning for pr\u00e6mien. V\u00e6rten er ikke p\u00e5 anden m\u00e5de forpligtet til at levere opfyldelse til deltagerne i konkurrencen, og deltagerne har ikke ret til nogen anden opfyldelse fra v\u00e6rten end den, der udtrykkeligt er angivet i betingelserne.<\/span><\/p>\n<p><span style=\"font-weight: 400;\">V\u00e6rten er ikke ansvarlig for direkte eller indirekte skader eller tab i forbindelse med deltagelse i konkurrencen. Deltageren p\u00e5tager sig intet ansvar fra v\u00e6rten for eventuelle risici og ansvar forbundet med pr\u00e6mien. Resultaterne af konkurrencen er endelige, idet deltageren eller vinderen ikke har nogen mulighed for at appellere eller klage over forl\u00f8bet og resultatet af konkurrencen.\u00a0<\/span><\/p>\n<p><span style=\"font-weight: 400;\">En deltager kan udelukkes fra konkurrencen, hvis v\u00e6rten opdager eller har en begrundet mistanke om, at deltageren eller andre personer, der hj\u00e6lper deltageren, har beg\u00e5et svig for at modtage pr\u00e6mier eller udvist en urimelig adf\u00e6rd eller en adf\u00e6rd, der ikke er baseret p\u00e5 deltagerens viden i overensstemmelse med reglerne.<\/span><\/p>\n<p><span style=\"font-weight: 400;\">V\u00e6rten er ikke ansvarlig for manglende levering af beskeder eller gevinster. V\u00e6rten er ikke ansvarlig for fejl, der opst\u00e5r som f\u00f8lge af tekniske eller kommunikationsm\u00e6ssige problemer. V\u00e6rten tr\u00e6ffer en endelig afg\u00f8relse om eventuelle klager eller indsigelser. V\u00e6rten forbeholder sig ret til, uden at v\u00e6re forpligtet, at yde kompensation for at forkorte, udskyde, suspendere eller annullere begivenheden og pr\u00e6mierne eller til ensidigt at \u00e6ndre eller tilf\u00f8je noget til disse regler i l\u00f8bet af begivenhedens eksistens ved at meddele s\u00e5danne \u00e6ndringer p\u00e5 den ovenfor angivne hjemmeside, hvor den gyldige og fuldst\u00e6ndige ordlyd af reglerne ligeledes findes.<\/span><\/p>\n<p><span style=\"font-weight: 400;\">Denne konkurrence hverken drives, sponsoreres af eller forbindes med Meta eller Google. Meta og Google er ikke ansvarlige for konkurrencen. Foresp\u00f8rgsler, kommentarer eller klager over applikationen skal rettes til v\u00e6rten, ikke Meta eller Google.<\/span><\/p>\n<p><span style=\"font-weight: 400;\">Denne konkurrence er underlagt lovgivningen i Den Tjekkiske Republik.<\/span><\/p>\n","protected":false},"excerpt":{"rendered":"<p>Disse regler regulerer vilk\u00e5rene for &#8220;konkurrencen #whatsyourtour&#8221; \u00a0(i det f\u00f8lgende ben\u00e6vnt &#8220;konkurrencen&#8221;) og er det eneste dokument, der fuldst\u00e6ndigt og [&hellip;]<\/p>\n","protected":false},"author":27,"featured_media":0,"parent":3085,"menu_order":0,"comment_status":"closed","ping_status":"closed","template":"templates\/template-empty-page-headline.php","meta":{"footnotes":""},"tags":[],"class_list":["post-3099","page","type-page","status-publish","hentry"],"yoast_head":"<!-- This site is optimized with the Yoast SEO Premium plugin v25.3 (Yoast SEO v25.9) - https:\/\/yoast.com\/wordpress\/plugins\/seo\/ -->\n<title>Terms And Conditions - whatsyourtour - \u0160koda We Love Cycling - Danmark<\/title>\n<meta name=\"robots\" content=\"index, follow, max-snippet:-1, max-image-preview:large, max-video-preview:-1\" \/>\n<link rel=\"canonical\" href=\"https:\/\/www.welovecycling.com\/dk\/tour-de-france-2024\/terms-and-conditions-whatsyourtour\/\" \/>\n<meta property=\"og:locale\" content=\"da_DK\" \/>\n<meta property=\"og:type\" content=\"article\" \/>\n<meta property=\"og:title\" content=\"Terms And Conditions - whatsyourtour\" \/>\n<meta property=\"og:description\" content=\"Disse regler regulerer vilk\u00e5rene for &#8220;konkurrencen #whatsyourtour&#8221; \u00a0(i det f\u00f8lgende ben\u00e6vnt &#8220;konkurrencen&#8221;) og er det eneste dokument, der fuldst\u00e6ndigt og [&hellip;]\" \/>\n<meta property=\"og:url\" content=\"https:\/\/www.welovecycling.com\/dk\/tour-de-france-2024\/terms-and-conditions-whatsyourtour\/\" \/>\n<meta property=\"og:site_name\" content=\"\u0160koda We Love Cycling - Danmark\" \/>\n<meta name=\"twitter:card\" content=\"summary_large_image\" \/>\n<meta name=\"twitter:label1\" content=\"Est. reading time\" \/>\n\t<meta name=\"twitter:data1\" content=\"7 minutes\" \/>\n<script type=\"application\/ld+json\" class=\"yoast-schema-graph\">{\"@context\":\"https:\/\/schema.org\",\"@graph\":[{\"@type\":\"WebPage\",\"@id\":\"https:\/\/www.welovecycling.com\/dk\/tour-de-france-2024\/terms-and-conditions-whatsyourtour\/\",\"url\":\"https:\/\/www.welovecycling.com\/dk\/tour-de-france-2024\/terms-and-conditions-whatsyourtour\/\",\"name\":\"Terms And Conditions - whatsyourtour - \u0160koda We Love Cycling - Danmark\",\"isPartOf\":{\"@id\":\"https:\/\/www.welovecycling.com\/dk\/#website\"},\"datePublished\":\"2024-06-26T08:48:01+00:00\",\"breadcrumb\":{\"@id\":\"https:\/\/www.welovecycling.com\/dk\/tour-de-france-2024\/terms-and-conditions-whatsyourtour\/#breadcrumb\"},\"inLanguage\":\"da-DK\",\"potentialAction\":[{\"@type\":\"ReadAction\",\"target\":[\"https:\/\/www.welovecycling.com\/dk\/tour-de-france-2024\/terms-and-conditions-whatsyourtour\/\"]}]},{\"@type\":\"BreadcrumbList\",\"@id\":\"https:\/\/www.welovecycling.com\/dk\/tour-de-france-2024\/terms-and-conditions-whatsyourtour\/#breadcrumb\",\"itemListElement\":[{\"@type\":\"ListItem\",\"position\":1,\"name\":\"Home\",\"item\":\"https:\/\/www.welovecycling.com\/dk\/\"},{\"@type\":\"ListItem\",\"position\":2,\"name\":\"Tour de France 2024\",\"item\":\"https:\/\/www.welovecycling.com\/dk\/?page_id=3085\"},{\"@type\":\"ListItem\",\"position\":3,\"name\":\"Terms And Conditions &#8211; whatsyourtour\"}]},{\"@type\":\"WebSite\",\"@id\":\"https:\/\/www.welovecycling.com\/dk\/#website\",\"url\":\"https:\/\/www.welovecycling.com\/dk\/\",\"name\":\"\u0160koda We Love Cycling - Danmark\",\"description\":\"\u0160koda We Love Cycling - Danmark - Nyt online cykel magasin\",\"potentialAction\":[{\"@type\":\"SearchAction\",\"target\":{\"@type\":\"EntryPoint\",\"urlTemplate\":\"https:\/\/www.welovecycling.com\/dk\/?s={search_term_string}\"},\"query-input\":{\"@type\":\"PropertyValueSpecification\",\"valueRequired\":true,\"valueName\":\"search_term_string\"}}],\"inLanguage\":\"da-DK\"}]}<\/script>\n<!-- \/ Yoast SEO Premium plugin. -->","yoast_head_json":{"title":"Terms And Conditions - whatsyourtour - \u0160koda We Love Cycling - Danmark","robots":{"index":"index","follow":"follow","max-snippet":"max-snippet:-1","max-image-preview":"max-image-preview:large","max-video-preview":"max-video-preview:-1"},"canonical":"https:\/\/www.welovecycling.com\/dk\/tour-de-france-2024\/terms-and-conditions-whatsyourtour\/","og_locale":"da_DK","og_type":"article","og_title":"Terms And Conditions - whatsyourtour","og_description":"Disse regler regulerer vilk\u00e5rene for &#8220;konkurrencen #whatsyourtour&#8221; \u00a0(i det f\u00f8lgende ben\u00e6vnt &#8220;konkurrencen&#8221;) og er det eneste dokument, der fuldst\u00e6ndigt og [&hellip;]","og_url":"https:\/\/www.welovecycling.com\/dk\/tour-de-france-2024\/terms-and-conditions-whatsyourtour\/","og_site_name":"\u0160koda We Love Cycling - Danmark","twitter_card":"summary_large_image","twitter_misc":{"Est. reading time":"7 minutes"},"schema":{"@context":"https:\/\/schema.org","@graph":[{"@type":"WebPage","@id":"https:\/\/www.welovecycling.com\/dk\/tour-de-france-2024\/terms-and-conditions-whatsyourtour\/","url":"https:\/\/www.welovecycling.com\/dk\/tour-de-france-2024\/terms-and-conditions-whatsyourtour\/","name":"Terms And Conditions - whatsyourtour - \u0160koda We Love Cycling - Danmark","isPartOf":{"@id":"https:\/\/www.welovecycling.com\/dk\/#website"},"datePublished":"2024-06-26T08:48:01+00:00","breadcrumb":{"@id":"https:\/\/www.welovecycling.com\/dk\/tour-de-france-2024\/terms-and-conditions-whatsyourtour\/#breadcrumb"},"inLanguage":"da-DK","potentialAction":[{"@type":"ReadAction","target":["https:\/\/www.welovecycling.com\/dk\/tour-de-france-2024\/terms-and-conditions-whatsyourtour\/"]}]},{"@type":"BreadcrumbList","@id":"https:\/\/www.welovecycling.com\/dk\/tour-de-france-2024\/terms-and-conditions-whatsyourtour\/#breadcrumb","itemListElement":[{"@type":"ListItem","position":1,"name":"Home","item":"https:\/\/www.welovecycling.com\/dk\/"},{"@type":"ListItem","position":2,"name":"Tour de France 2024","item":"https:\/\/www.welovecycling.com\/dk\/?page_id=3085"},{"@type":"ListItem","position":3,"name":"Terms And Conditions &#8211; whatsyourtour"}]},{"@type":"WebSite","@id":"https:\/\/www.welovecycling.com\/dk\/#website","url":"https:\/\/www.welovecycling.com\/dk\/","name":"\u0160koda We Love Cycling - Danmark","description":"\u0160koda We Love Cycling - Danmark - Nyt online cykel magasin","potentialAction":[{"@type":"SearchAction","target":{"@type":"EntryPoint","urlTemplate":"https:\/\/www.welovecycling.com\/dk\/?s={search_term_string}"},"query-input":{"@type":"PropertyValueSpecification","valueRequired":true,"valueName":"search_term_string"}}],"inLanguage":"da-DK"}]}},"_links":{"self":[{"href":"https:\/\/www.welovecycling.com\/dk\/wp-json\/wp\/v2\/pages\/3099","targetHints":{"allow":["GET"]}}],"collection":[{"href":"https:\/\/www.welovecycling.com\/dk\/wp-json\/wp\/v2\/pages"}],"about":[{"href":"https:\/\/www.welovecycling.com\/dk\/wp-json\/wp\/v2\/types\/page"}],"author":[{"embeddable":true,"href":"https:\/\/www.welovecycling.com\/dk\/wp-json\/wp\/v2\/users\/27"}],"replies":[{"embeddable":true,"href":"https:\/\/www.welovecycling.com\/dk\/wp-json\/wp\/v2\/comments?post=3099"}],"version-history":[{"count":1,"href":"https:\/\/www.welovecycling.com\/dk\/wp-json\/wp\/v2\/pages\/3099\/revisions"}],"predecessor-version":[{"id":3100,"href":"https:\/\/www.welovecycling.com\/dk\/wp-json\/wp\/v2\/pages\/3099\/revisions\/3100"}],"up":[{"embeddable":true,"href":"https:\/\/www.welovecycling.com\/dk\/wp-json\/wp\/v2\/pages\/3085"}],"wp:attachment":[{"href":"https:\/\/www.welovecycling.com\/dk\/wp-json\/wp\/v2\/media?parent=3099"}],"wp:term":[{"taxonomy":"post_tag","embeddable":true,"href":"https:\/\/www.welovecycling.com\/dk\/wp-json\/wp\/v2\/tags?post=3099"}],"curies":[{"name":"wp","href":"https:\/\/api.w.org\/{rel}","templated":true}]}}