{"id":1808,"date":"2018-05-24T06:19:17","date_gmt":"2018-05-24T06:19:17","guid":{"rendered":"https:\/\/www.welovecycling.com\/dk\/?page_id=1808"},"modified":"2018-05-25T13:23:34","modified_gmt":"2018-05-25T13:23:34","slug":"memorandum","status":"publish","type":"page","link":"https:\/\/www.welovecycling.com\/dk\/docs\/memorandum\/","title":{"rendered":"Information vedr\u00f8rende behandling af personoplysninger"},"content":{"rendered":"<div id=\"pl-1808\"  class=\"panel-layout\" ><div id=\"pg-1808-0\"  class=\"panel-grid panel-no-style\" ><div id=\"pgc-1808-0-0\"  class=\"panel-grid-cell\" ><div id=\"panel-1808-0-0-0\" class=\"so-panel widget widget_sow-editor panel-first-child panel-last-child\" data-index=\"0\" ><div\n\t\t\t\n\t\t\tclass=\"so-widget-sow-editor so-widget-sow-editor-base\"\n\t\t\t\n\t\t>\n<div class=\"siteorigin-widget-tinymce textwidget\">\n\t<h2>Samtykke til behandling af personoplysninger<\/h2>\n<p>Jeg giver hermed \u0160koda AUTO a.s., t\u0159. V\u00e1clava Klementa 869, Mlad\u00e1 Boleslav II, 293 01, Mlad\u00e1 Boleslav, virksomhedsnummer: 00177041, registreret i handelsregistret ved retten i Prag, afsnit B, optegnelse 332, dataansvarlig for personoplysninger (i det f\u00f8lgende kaldet \u201cvirksomheden \u0160koda AUTO\u201c),<\/p>\n<p><strong>utvungent og frivilligt mit samtykke til behandling af f\u00f8lgende personoplysninger:<\/strong> navn, e-mailadresse, f\u00f8dselsdato samt \u2013 afh\u00e6ngigt at den enkelte sag \u2013 ogs\u00e5 andre informationer om mig, som \u0160koda AUTO har f\u00e5et kendskab til, og som \u0160koda AUTO vil anvende til at m\u00e5lrette sine markedsf\u00f8ringsaktiviteter bedre i forhold til mine behov,<\/p>\n<p><strong>med det form\u00e5l at:<\/strong> kontakte mig ang\u00e5ende tilbud vedr\u00f8rende m\u00e6rkeprodukter og serviceydelser fra \u0160koda, herunder informationer om produkter, serviceydelser, begivenheder og konkurrencer, og at f\u00e5 fremsendt nyhedsbreve samt hilsner i s\u00e6rlige anledninger.<\/p>\n<p><strong>Samtykket er givet for en periode p\u00e5 5 \u00e5r.<\/strong><\/p>\n<p>Jeg anerkender, at jeg p\u00e5 et hvilket som helst tidspunkt har ret til at tr\u00e6kke mit samtykke tilbage enten elektronisk p\u00e5 hjemmesiden http:\/\/www.skoda-auto.com\/data-privacy eller ved skriftlig henvendelse til virksomheden \u0160koda AUTOs adresse. Jeg har ret til at tr\u00e6kke samtykket tilbage inden udl\u00f8bet af den behandlingsperiode, som jeg har givet det for. Tilbagetr\u00e6kningen af samtykket har ingen indvirkning p\u00e5 lovligheden af den behandling af personoplysninger, som foretages p\u00e5 grundlag af samtykket inden tilbagetr\u00e6kningen heraf.<\/p>\n<p>I det nedenfor anf\u00f8rte bilag, der udg\u00f8r en integreret del af dette samtykke, kan du finde yderligere informationer ang\u00e5ende behandling af personoplysninger. P\u00e5 hjemmesiden <a href=\"http:\/\/www.skoda-auto.com\/other\/personal-data\" target=\"_blank\" rel=\"noopener\">http:\/\/www.skoda-auto.com\/other\/personal-data<\/a> kan du ogs\u00e5 finde generelle informationer vedr\u00f8rende beskyttelse af personoplysninger.<\/p>\n<\/div>\n<\/div><\/div><\/div><\/div><div id=\"pg-1808-1\"  class=\"panel-grid panel-no-style\" ><div id=\"pgc-1808-1-0\"  class=\"panel-grid-cell\" ><div id=\"panel-1808-1-0-0\" class=\"so-panel widget widget_sow-editor panel-first-child\" data-index=\"1\" ><div\n\t\t\t\n\t\t\tclass=\"so-widget-sow-editor so-widget-sow-editor-base\"\n\t\t\t\n\t\t>\n<div class=\"siteorigin-widget-tinymce textwidget\">\n\t<h2><img loading=\"lazy\" decoding=\"async\" class=\"size-full wp-image-164811\" style=\"display: inline-block;\" src=\"https:\/\/d2p6e6u75xmxt8.cloudfront.net\/2\/2018\/05\/notepad.jpg\" alt=\"\" width=\"44\" height=\"38\" \/> Information vedr\u00f8rende behandling af personoplysninger<\/h2>\n<p>Med dette dokument giver vi \u2013 virksomheden \u0160koda AUTO a.s., t\u0159. V\u00e1clava Klementa 869, Mlad\u00e1 Boleslav II, 293 10, Mlad\u00e1 Boleslav, virksomhedsnummer: 00177041, registreret i handelsregistret ved retten i Prag, afsnit B, optegnelse 332 (i det f\u00f8lgende kaldet \u201c\u0160koda AUTO\u201c) \u2013 som dataansvarlig for persondata informationer om vores behandling af personoplysninger og dine rettigheder i den forbindelse.<\/p>\n<p>Behandlingen af personoplysniner omfatter f\u00f8lgende aktiviteter:<\/p>\n<p><strong>Gennemf\u00f8relse af marketingaktivitete<\/strong><\/p>\n<p>&nbsp;<\/p>\n<\/div>\n<\/div><\/div><div id=\"panel-1808-1-0-1\" class=\"so-panel widget widget_sow-editor panel-last-child\" data-index=\"2\" ><div\n\t\t\t\n\t\t\tclass=\"so-widget-sow-editor so-widget-sow-editor-base\"\n\t\t\t\n\t\t>\n<div class=\"siteorigin-widget-tinymce textwidget\">\n\t<h3>Form\u00e5let med databehandlingen:<\/h3>\n<p>At rette henvendelse ang\u00e5ende tilbud vedr\u00f8rende m\u00e6rkeprodukter og serviceydelser fra \u0160koda, herunder informationer om produkter, serviceydelser, begivenheder og konkurrencer, og at fremsende nyhedsbreve og hilsner i s\u00e6rlige anledninger<\/p>\n<h3>Beskrivelse af form\u00e5let med databehandlingen:<\/h3>\n<p>Dine personoplysninger anvendes med det form\u00e5l at kunne give dig informationer om produkterne og serviceydelserne fra \u0160koda AUTO, begivenheder, konkurrencer, i forbindelse med abonnement p\u00e5 nyhedsbrev, i forbindelse med reklamer samt ved fremsendelse af kataloger eller hilsner i s\u00e6rlige anledninger. Vi kan ogs\u00e5 anvende dine personoplysninger i forbindelse med m\u00e5lretning for de ovenn\u00e6vnte typer af kommunikation.<\/p>\n<h3>Lovm\u00e6ssigt grundlag for databehandlingen:<\/h3>\n<p>Vi har bef\u00f8jelse til at behandle dine personoplysninger i henhold til det samtykke, du har givet os. Hvis du ikke har givet os dit samtykke, vil vi ikke behandle dine personoplysninger.<\/p>\n<h3>Kategorier af personoplysninger, som vi behandler:<\/h3>\n<p>Identifikationsdata, kontaktdata, beskrivende data, virksomhedsprofil, tekniske informationer om produktet, k\u00f8bshistorik, informationer om familie og andre personer, kommunikation, interaktion og afledte profiler baseret p\u00e5 disse data, netv\u00e6rksidentifikatorer<\/p>\n<h3>Behandlings- og opbevaringsperiode:<\/h3>\n<p>5 \u00e5r, efter at samtykket til behandling af personoplysninger er givet<\/p>\n<h3>Kategorier af databehandlere eller modtagere, som vi kan videresende personoplysningerne til:<\/h3>\n<p>Marketingbureauer, eventbureauer, mediebureauer, medlemmer af distributionsnetv\u00e6rket, serveroperat\u00f8rer, guest management-bureauer, informationslinje.<\/p>\n<p>Efter anmodning herom kan dine personoplysninger overdrages til offentlige myndigheder \u2013 is\u00e6r retsmyndigheder, det tjekkiske politi og andre retsh\u00e5ndh\u00e6vende myndigheder \u2013 i det n\u00f8dvendige omfang og inden for lovens rammer.<\/p>\n<h3>Kilde til personoplysninger:<\/h3>\n<p>Vi modtager personoplysningerne direkte fra dig.<\/p>\n<h3>Overdragelse af personoplysninger til andre lande eller overstatslige organisationer:<\/h3>\n<p>Som en del af databehandlingen kan dine persondata blive overf\u00f8rt til modtagere i tredjelande, fx USA. I s\u00e5danne tilf\u00e6lde kan overf\u00f8rslen finde sted p\u00e5 basis af en afg\u00f8relse truffet af den Europ\u00e6iske Union om, at databeskyttelsesniveauet er tilstr\u00e6kkeligt, fx til organisationer, som deltager i Privacy Shield-ordningen, eller ved anvendelse af standardkontrakter, fx den standardkontrakt, som er udarbejdet af den Europ\u00e6iske Kommission, uden at der er foretaget nogen \u00e6ndringer i teksten, i henhold til de nuv\u00e6rende lovning ang\u00e5ende beskyttelse af personoplysninger. Du kan se de nyeste informationer p\u00e5 <a href=\"http:\/\/www.skoda-auto.com\/other\/privacy-statement\" target=\"_blank\" rel=\"noopener\">http:\/\/www.skoda-auto.com\/other\/privacy-statement<\/a>.<\/p>\n<h3>Automatisk beslutningstagning baseret p\u00e5 personoplysninger:<\/h3>\n<p>I forbindelse med denne databehandling sker der ikke automatisk beslutningstagning baseret p\u00e5 personoplysninger.<\/p>\n<h3>Andre informationer<\/h3>\n<p>Personoplysninger kan blive gemt af hensyn til offentlighedens interesser og blive anvendt til videnskabelige, historiske eller statistiske forskningsprojekter. I veldokumenterede sager kan personoplysninger ogs\u00e5 blive behandlet i forbindelse med l\u00f8sning af juridiske sager inklusive sager om opfyldelse af forpligtelser over for offentlige myndigheder og overv\u00e5gning samt evaluering af juridiske risici.<\/p>\n<\/div>\n<\/div><\/div><\/div><\/div><div id=\"pg-1808-2\"  class=\"panel-grid panel-no-style\" ><div id=\"pgc-1808-2-0\"  class=\"panel-grid-cell\" ><div id=\"panel-1808-2-0-0\" class=\"so-panel widget widget_sow-editor panel-first-child panel-last-child\" data-index=\"3\" ><div\n\t\t\t\n\t\t\tclass=\"so-widget-sow-editor so-widget-sow-editor-base\"\n\t\t\t\n\t\t>\n<div class=\"siteorigin-widget-tinymce textwidget\">\n\t<p><a href=\"\/dk\/docs\/rettigheder\/\">Hvilke rettigheder har du?<\/a><\/p>\n<\/div>\n<\/div><\/div><\/div><\/div><\/div>","protected":false},"excerpt":{"rendered":"<p>Samtykke til behandling af personoplysninger Jeg giver hermed \u0160koda AUTO a.s., t\u0159. V\u00e1clava Klementa 869, Mlad\u00e1 Boleslav II, 293 01, [&hellip;]<\/p>\n","protected":false},"author":1,"featured_media":0,"parent":1804,"menu_order":0,"comment_status":"closed","ping_status":"closed","template":"templates\/template-empty-page-headline.php","meta":{"footnotes":""},"tags":[],"class_list":["post-1808","page","type-page","status-publish","hentry"],"yoast_head":"<!-- This site is optimized with the Yoast SEO Premium plugin v25.3 (Yoast SEO v25.9) - https:\/\/yoast.com\/wordpress\/plugins\/seo\/ -->\n<title>Information vedr\u00f8rende behandling af personoplysninger - \u0160koda We Love Cycling - Danmark<\/title>\n<meta name=\"robots\" content=\"index, follow, max-snippet:-1, max-image-preview:large, max-video-preview:-1\" \/>\n<link rel=\"canonical\" href=\"https:\/\/www.welovecycling.com\/dk\/docs\/memorandum\/\" \/>\n<meta property=\"og:locale\" content=\"da_DK\" \/>\n<meta property=\"og:type\" content=\"article\" \/>\n<meta property=\"og:title\" content=\"Information vedr\u00f8rende behandling af personoplysninger\" \/>\n<meta property=\"og:description\" content=\"Samtykke til behandling af personoplysninger Jeg giver hermed \u0160koda AUTO a.s., t\u0159. V\u00e1clava Klementa 869, Mlad\u00e1 Boleslav II, 293 01, [&hellip;]\" \/>\n<meta property=\"og:url\" content=\"https:\/\/www.welovecycling.com\/dk\/docs\/memorandum\/\" \/>\n<meta property=\"og:site_name\" content=\"\u0160koda We Love Cycling - Danmark\" \/>\n<meta property=\"article:modified_time\" content=\"2018-05-25T13:23:34+00:00\" \/>\n<meta property=\"og:image\" content=\"https:\/\/d2p6e6u75xmxt8.cloudfront.net\/2\/2018\/05\/notepad.jpg\" \/>\n<meta name=\"twitter:card\" content=\"summary_large_image\" \/>\n<meta name=\"twitter:label1\" content=\"Est. reading time\" \/>\n\t<meta name=\"twitter:data1\" content=\"4 minutes\" \/>\n<script type=\"application\/ld+json\" class=\"yoast-schema-graph\">{\"@context\":\"https:\/\/schema.org\",\"@graph\":[{\"@type\":\"WebPage\",\"@id\":\"https:\/\/www.welovecycling.com\/dk\/docs\/memorandum\/\",\"url\":\"https:\/\/www.welovecycling.com\/dk\/docs\/memorandum\/\",\"name\":\"Information vedr\u00f8rende behandling af personoplysninger - \u0160koda We Love Cycling - Danmark\",\"isPartOf\":{\"@id\":\"https:\/\/www.welovecycling.com\/dk\/#website\"},\"primaryImageOfPage\":{\"@id\":\"https:\/\/www.welovecycling.com\/dk\/docs\/memorandum\/#primaryimage\"},\"image\":{\"@id\":\"https:\/\/www.welovecycling.com\/dk\/docs\/memorandum\/#primaryimage\"},\"thumbnailUrl\":\"https:\/\/d2p6e6u75xmxt8.cloudfront.net\/2\/2018\/05\/notepad.jpg\",\"datePublished\":\"2018-05-24T06:19:17+00:00\",\"dateModified\":\"2018-05-25T13:23:34+00:00\",\"breadcrumb\":{\"@id\":\"https:\/\/www.welovecycling.com\/dk\/docs\/memorandum\/#breadcrumb\"},\"inLanguage\":\"da-DK\",\"potentialAction\":[{\"@type\":\"ReadAction\",\"target\":[\"https:\/\/www.welovecycling.com\/dk\/docs\/memorandum\/\"]}]},{\"@type\":\"ImageObject\",\"inLanguage\":\"da-DK\",\"@id\":\"https:\/\/www.welovecycling.com\/dk\/docs\/memorandum\/#primaryimage\",\"url\":\"https:\/\/d2p6e6u75xmxt8.cloudfront.net\/2\/2018\/05\/notepad.jpg\",\"contentUrl\":\"https:\/\/d2p6e6u75xmxt8.cloudfront.net\/2\/2018\/05\/notepad.jpg\"},{\"@type\":\"BreadcrumbList\",\"@id\":\"https:\/\/www.welovecycling.com\/dk\/docs\/memorandum\/#breadcrumb\",\"itemListElement\":[{\"@type\":\"ListItem\",\"position\":1,\"name\":\"Home\",\"item\":\"https:\/\/www.welovecycling.com\/dk\/\"},{\"@type\":\"ListItem\",\"position\":2,\"name\":\"Documents\",\"item\":\"https:\/\/www.welovecycling.com\/dk\/docs\/\"},{\"@type\":\"ListItem\",\"position\":3,\"name\":\"Information vedr\u00f8rende behandling af personoplysninger\"}]},{\"@type\":\"WebSite\",\"@id\":\"https:\/\/www.welovecycling.com\/dk\/#website\",\"url\":\"https:\/\/www.welovecycling.com\/dk\/\",\"name\":\"\u0160koda We Love Cycling - Danmark\",\"description\":\"\u0160koda We Love Cycling - Danmark - Nyt online cykel magasin\",\"potentialAction\":[{\"@type\":\"SearchAction\",\"target\":{\"@type\":\"EntryPoint\",\"urlTemplate\":\"https:\/\/www.welovecycling.com\/dk\/?s={search_term_string}\"},\"query-input\":{\"@type\":\"PropertyValueSpecification\",\"valueRequired\":true,\"valueName\":\"search_term_string\"}}],\"inLanguage\":\"da-DK\"}]}<\/script>\n<!-- \/ Yoast SEO Premium plugin. -->","yoast_head_json":{"title":"Information vedr\u00f8rende behandling af personoplysninger - \u0160koda We Love Cycling - Danmark","robots":{"index":"index","follow":"follow","max-snippet":"max-snippet:-1","max-image-preview":"max-image-preview:large","max-video-preview":"max-video-preview:-1"},"canonical":"https:\/\/www.welovecycling.com\/dk\/docs\/memorandum\/","og_locale":"da_DK","og_type":"article","og_title":"Information vedr\u00f8rende behandling af personoplysninger","og_description":"Samtykke til behandling af personoplysninger Jeg giver hermed \u0160koda AUTO a.s., t\u0159. V\u00e1clava Klementa 869, Mlad\u00e1 Boleslav II, 293 01, [&hellip;]","og_url":"https:\/\/www.welovecycling.com\/dk\/docs\/memorandum\/","og_site_name":"\u0160koda We Love Cycling - Danmark","article_modified_time":"2018-05-25T13:23:34+00:00","og_image":[{"url":"https:\/\/d2p6e6u75xmxt8.cloudfront.net\/2\/2018\/05\/notepad.jpg","type":"","width":"","height":""}],"twitter_card":"summary_large_image","twitter_misc":{"Est. reading time":"4 minutes"},"schema":{"@context":"https:\/\/schema.org","@graph":[{"@type":"WebPage","@id":"https:\/\/www.welovecycling.com\/dk\/docs\/memorandum\/","url":"https:\/\/www.welovecycling.com\/dk\/docs\/memorandum\/","name":"Information vedr\u00f8rende behandling af personoplysninger - \u0160koda We Love Cycling - Danmark","isPartOf":{"@id":"https:\/\/www.welovecycling.com\/dk\/#website"},"primaryImageOfPage":{"@id":"https:\/\/www.welovecycling.com\/dk\/docs\/memorandum\/#primaryimage"},"image":{"@id":"https:\/\/www.welovecycling.com\/dk\/docs\/memorandum\/#primaryimage"},"thumbnailUrl":"https:\/\/d2p6e6u75xmxt8.cloudfront.net\/2\/2018\/05\/notepad.jpg","datePublished":"2018-05-24T06:19:17+00:00","dateModified":"2018-05-25T13:23:34+00:00","breadcrumb":{"@id":"https:\/\/www.welovecycling.com\/dk\/docs\/memorandum\/#breadcrumb"},"inLanguage":"da-DK","potentialAction":[{"@type":"ReadAction","target":["https:\/\/www.welovecycling.com\/dk\/docs\/memorandum\/"]}]},{"@type":"ImageObject","inLanguage":"da-DK","@id":"https:\/\/www.welovecycling.com\/dk\/docs\/memorandum\/#primaryimage","url":"https:\/\/d2p6e6u75xmxt8.cloudfront.net\/2\/2018\/05\/notepad.jpg","contentUrl":"https:\/\/d2p6e6u75xmxt8.cloudfront.net\/2\/2018\/05\/notepad.jpg"},{"@type":"BreadcrumbList","@id":"https:\/\/www.welovecycling.com\/dk\/docs\/memorandum\/#breadcrumb","itemListElement":[{"@type":"ListItem","position":1,"name":"Home","item":"https:\/\/www.welovecycling.com\/dk\/"},{"@type":"ListItem","position":2,"name":"Documents","item":"https:\/\/www.welovecycling.com\/dk\/docs\/"},{"@type":"ListItem","position":3,"name":"Information vedr\u00f8rende behandling af personoplysninger"}]},{"@type":"WebSite","@id":"https:\/\/www.welovecycling.com\/dk\/#website","url":"https:\/\/www.welovecycling.com\/dk\/","name":"\u0160koda We Love Cycling - Danmark","description":"\u0160koda We Love Cycling - Danmark - Nyt online cykel magasin","potentialAction":[{"@type":"SearchAction","target":{"@type":"EntryPoint","urlTemplate":"https:\/\/www.welovecycling.com\/dk\/?s={search_term_string}"},"query-input":{"@type":"PropertyValueSpecification","valueRequired":true,"valueName":"search_term_string"}}],"inLanguage":"da-DK"}]}},"_links":{"self":[{"href":"https:\/\/www.welovecycling.com\/dk\/wp-json\/wp\/v2\/pages\/1808","targetHints":{"allow":["GET"]}}],"collection":[{"href":"https:\/\/www.welovecycling.com\/dk\/wp-json\/wp\/v2\/pages"}],"about":[{"href":"https:\/\/www.welovecycling.com\/dk\/wp-json\/wp\/v2\/types\/page"}],"author":[{"embeddable":true,"href":"https:\/\/www.welovecycling.com\/dk\/wp-json\/wp\/v2\/users\/1"}],"replies":[{"embeddable":true,"href":"https:\/\/www.welovecycling.com\/dk\/wp-json\/wp\/v2\/comments?post=1808"}],"version-history":[{"count":2,"href":"https:\/\/www.welovecycling.com\/dk\/wp-json\/wp\/v2\/pages\/1808\/revisions"}],"predecessor-version":[{"id":1832,"href":"https:\/\/www.welovecycling.com\/dk\/wp-json\/wp\/v2\/pages\/1808\/revisions\/1832"}],"up":[{"embeddable":true,"href":"https:\/\/www.welovecycling.com\/dk\/wp-json\/wp\/v2\/pages\/1804"}],"wp:attachment":[{"href":"https:\/\/www.welovecycling.com\/dk\/wp-json\/wp\/v2\/media?parent=1808"}],"wp:term":[{"taxonomy":"post_tag","embeddable":true,"href":"https:\/\/www.welovecycling.com\/dk\/wp-json\/wp\/v2\/tags?post=1808"}],"curies":[{"name":"wp","href":"https:\/\/api.w.org\/{rel}","templated":true}]}}