{"id":12,"date":"2016-12-09T12:17:06","date_gmt":"2016-12-09T12:17:06","guid":{"rendered":"https:\/\/www.welovecycling.com\/dk\/?page_id=12"},"modified":"2017-06-28T04:22:57","modified_gmt":"2017-06-28T04:22:57","slug":"vilkaar-og-betingelser-nyhedsbrev","status":"publish","type":"page","link":"https:\/\/www.welovecycling.com\/dk\/vilkaar-og-betingelser-nyhedsbrev\/","title":{"rendered":"Vilk\u00e5r og betingelser for nyhedsbrev"},"content":{"rendered":"<p>Velkommen til hjemmesiden WELOVECYCLING p\u00e5 adressen https:\/\/www.welovecycling.com (\u201chjemmesiden\u201d), som drives af MUSTARD s.r.o., ID: 285 31 418 med hovedkontor p\u00e5 adressen Praha 1 \u2013 Nov\u00e9 M\u011bsto, Masarykovo n\u00e1b\u0159. 246, postnummer 110 00, Tjekkiet, leverand\u00f8r til \u0160koda AUTO a.s., ID: 00177041 med hovedkontor p\u00e5 adressen Mlad\u00e1 Boleslav, T\u0159. V\u00e1clava Klementa 869, Postnummer 293 60, Tjekkiet (WELOVECYCLING)<\/p>\n<p>Ved at abonnere p\u00e5 WELOVECYCLING-nyhedsbrevet og invitationer til events (nyhedsbreve) erkl\u00e6rer du, at du har l\u00e6st og forst\u00e5et disse vilk\u00e5r og betingelser (inklusive \u0160koda AUTO, a.s.-koncernens beskyttelse af personlige oplysninger), at du accepterer disse vilk\u00e5r og betingelser, og at du accepterer at modtage nyhedsbrevene. WELOVECYCLING kan lejlighedsvis \u00e6ndre disse vilk\u00e5r og betingelser. N\u00e5r du forts\u00e6tter med at abonnere p\u00e5 og modtage nyhedsbrevene, betragtes det som accept af de \u00e6ndrede vilk\u00e5r og betingelser. Du kan altid l\u00e6se disse vilk\u00e5r og betingelser.<\/p>\n<h2>Administration af dit abonnement<\/h2>\n<p>Hvis du \u00f8nsker at framelde WELOVECYCLING-nyhedsbrevene, skal du f\u00f8lge processen for framelding:<\/p>\n<p>Klik p\u00e5 linket til frameldelse p\u00e5 tilmeldingssiderne i et af nyhedsbrevene (WELOVECYCLING-nyhedsbrevet) eller direkte i den elektroniske kommunikation (det vil sige et nyhedsbrev eller en invitationen til en event).<br \/>\nUdfyld formularen til frameldelse inklusive bekr\u00e6ftelse af din e-mailadresse.<br \/>\nKlik p\u00e5 \u201dFrameld\u201d.<\/p>\n<h2>Databeskyttelse<\/h2>\n<p>Der kan blive indsamlet personlige oplysninger om dig med det\/de prim\u00e6re form\u00e5l at holde dig informeret om nyt WELOVECYCLING-indhold, invitationer til events eller produktinformationer via vores nyhedsbreve. Hvis du ikke afgiver de oplysninger, som du bliver anmodet om, kan vi eventuelt ikke sende nyhedsbrevet til dig. <a href=\"\/\/www.welovecycling.com\/wide\/newsletter-terms-and-conditions\/countries\/\">Din e-mailadresse vil blive videregivet til de leverand\u00f8rer af WELOVECYCLING marketingservice med base i EU, der har ansvaret for udsendelse af alle vores nyhedsbreve.<\/a> Leverand\u00f8ren har skrevet under p\u00e5 at overholde den europ\u00e6iske databeskyttelseslov og tage alle rimelige skridt til at sikre, at dine personlige oplysninger h\u00e5ndteres og beskyttes korrekt. WELOVECYCLING\u2019s beskyttelse af personlige oplysninger omfatter informationer om, hvordan du kan klage over et brud p\u00e5 de europ\u00e6iske principper vedr\u00f8rende personlige oplysninger, hvordan vi vil h\u00e5ndtere s\u00e5danne klager, og hvordan du kan f\u00e5 adgang til dine personlige oplysninger og rette disse. Du kan kontakte WELOVECYCLING p\u00e5 e-mailadressen info@welovecycling.com.<\/p>\n<h2>Copyright<\/h2>\n<p>Indholdet af WELOVECYCLING\u2019s nyhedsbreve og alle id\u00e9er, designs, grafiske elementer, billeder, tekster, audiomateriale og audiovisuelt materiale, dokumenter samt alt andet materiale i nyhedsbrevene er underlagt EU-lovgivningen om copyright og ejes eller kontrolleres af WELOVECYCLING eller WELOVECYCLING\u2019s licenstagere. Hvad ang\u00e5r nyhedsbrevene (ogs\u00e5 uddrag af dem), accepterer du, at du kun m\u00e5 bruge nyhedsbrevene til egen personlig brug, og at du ikke m\u00e5 bruge nyhedsbrevene i kommerciel henseende. Du m\u00e5 ikke p\u00e5 anden vis bruge, kopiere, reproducere, \u00e6ndre eller overf\u00f8re indholdet uden forudg\u00e5ende skriftlig tilladelse fra os. Uautoriseret brug er forbudt og beskyttet af loven.<\/p>\n<h2>Ansvarsfraskrivelse og generelt<\/h2>\n<p>Nyhedsbrevene og deres indhold tjener udelukkende som information og er ikke udt\u00f8mmende eller vejledende. WELOVECYCLING bruger rimelige ressourcer p\u00e5 at sikre, at informationerne i nyhedsbrevene er korrekte og opdaterede, men WELOVECYCLING kan ikke garantere, at de leverede informationer er korrekte, aktuelle eller komplette. WELOVECYCLING bed\u00f8mmer ikke indholdet og egnetheden af indholdet i nyhedsbrevene (inklusive, men ikke begr\u00e6nset til informationerne bag eventuelle links til hjemmesider). I den udstr\u00e6kning, som loven tillader det, kan WELOVECYCLING ikke garantere fore eller foretage vurderinger af korrektheden, p\u00e5lideligheden, aktualiteten eller andre aspekter af de informationer, som nyhedsbrevene indeholder.<\/p>\n<p>Nyhedsbrevene kan indeholde links eller referencer til tredjemands hjemmesider. WELOVECYCLING er ikke ansvarlige for og h\u00e6fter ikke for indholdet p\u00e5 disse hjemmesider, og \u00e5bningen og brugen af disse hjemmesider sker for din egen risiko. Links er udelukkende anf\u00f8rt for nemhedens skyld, og de er ikke ensbetydende med godkendelse eller anbefaling fra vores side. WELOVECYCLING garanterer ikke, at materialet i nyhedsbrevene er fri for fejl, vira, orme eller anden skadelig software. I den udstr\u00e6kning, som loven tillader det, frasiger vi os ethvert ansvar for tab, skader eller kv\u00e6stelser, der er opst\u00e5et ved din adgang til eller manglende adgang til nyhedsbrevene, din modtagelse af skadelig software eller din tillid til informationer fra eller via nyhedsbrevene.<\/p>\n<p>Nyhedsbrevene kan indeholde varem\u00e6rker, der er beskyttet af loven. Du m\u00e5 ikke bruge WELOVECYCLINGs varem\u00e6rker internationalt uden forudg\u00e5ende skriftlig tilladelse fra os, medmindre form\u00e5let er p\u00e5 lovlig vis at finde WELOVECYCLINGs produkter eller services.<\/p>\n<p>Du accepterer, at du har ansvaret for at afgive korrekte og n\u00f8jagtige oplysninger, n\u00e5r du tilmelder dig WELOVECYCLING-nyhedsbrevene, og at fejl eller mangler i oplysningerne kan medf\u00f8re, at du ikke modtager dit nyhedsbrev.<\/p>\n<p>WELOVECYCLING kan til hver en tid suspendere eller annullere dit abonnement.<\/p>\n<h2>Disse vilk\u00e5r og betingelser<\/h2>\n<p>er underlagt tjekkisk lov, og du anerkender betingelsesl\u00f8st Tjekkiets domstole som retsinstans. Selv om tjekkiske nyhedsbreve kan distribueres og p\u00e5 anden vis tilg\u00e5s uden for Tjekkiet, kan WELOVECYCLING ikke garantere, at indholdet overholder lovene i andre lande. Hvis du modtager nyhedsbrevene et sted uden for Tjekkiet, er du eneansvarlig for at sikre overholdelsen af lokal lov og for udvist tillid til nyhedsbrevets indhold.<\/p>\n<h2>Dataopbevaring<\/h2>\n<p>Alle personlige oplysninger inklusive e-mailadresser opbevares med backup i vores infrastruktur med Amazon AWS-teknologi placeret i europ\u00e6iske datacentre. Vi beskytter dataene p\u00e5 vores servere med en kombination af administrative, fysiske og logiske sikkerhedstiltag. Vores servere er beskyttet af firewalls, datasikkerhedssystemer og malware-scannere. Adgangen til serverne er sikker og tildeles kun administratorerne.<\/p>\n<p>Vi anvender kryptering i henhold til branchestandarderne ved overf\u00f8rsel af data. Den teknologi kaldes almindelig vis transport layer security (\u201cTLS\u201d) eller secure socket layer (\u201cSSL\u201d). Dog kan dataoverf\u00f8rsler via internettet aldrig garanteres at v\u00e6re 100 % sikre, og derfor kan vi ikke garantere oplysningernes sikkerhed under overf\u00f8rslen mellem dig og os, s\u00e5ledes accepterer du, at du selv p\u00e5tager dig ansvaret i den forbindelse.<\/p>\n<h2>Dataadgang<\/h2>\n<p>Du har ret til at:<\/p>\n<p>1. tjekke om \u0160koda AUTO a.s. (herefter kaldet \u201c\u0160koda AUTO\u201d) har gemt personlige oplysninger om dig, og du har ret til at tilg\u00e5 s\u00e5danne data<br \/>\n2. kr\u00e6ve, at \u0160koda AUTO retter forkerte oplysninger om dig, og<br \/>\n3. f\u00e5 adgang til \u0160koda AUTO\u2019s politik og praksis med relation til personlige oplysninger.<br \/>\nAnmodninger om adgang til og \u00e6ndring af oplysninger og typen af gemte oplysninger skal sendes skriftligt til WELOVECYCLING Office via e-mail til info@welovecycling.com.<\/p>\n<p>Du kan ogs\u00e5 anmode \u0160koda AUTO eller andre navngivne partnere om at slette oplysningerne fra enhver aktiv mailingliste eller distributionsliste. For at g\u00f8re brug af dine rettigheder skal du kontakte \u0160koda AUTO personligt eller via e-mail, og din kommunikation skal m\u00e6rkes \u201dfortroligt\u201d. \u0160koda AUTO kan tage passende skridt til at bekr\u00e6fte din identitet, f\u00f8r du f\u00e5r adgang til dine oplysninger eller tilladelse til at \u00e6ndre dine oplysninger. I henhold til betingelserne i forordningen har \u0160koda AUTO ret til at opkr\u00e6ve et rimeligt bel\u00f8b for behandling af anmodningen om adgang til oplysningerne.<\/p>\n<p>De eneste personer, der ret til at tilg\u00e5 disse oplysninger er:<\/p>\n<h3>Nyhedsbrevets ejer<\/h3>\n<p>\u0160koda AUTO a.s.<br \/>\n\u200bT\u0159. V\u00e1clava Klementa 869<br \/>\n293 60 Mlad\u00e1 Boleslav<br \/>\nTjekkiet<br \/>\nRegistreret i handelsregistret ved M\u011bstsk\u00fd soud v Praze (retten i Prag) under journalnummer B 332.<br \/>\nEn del af Volkswagen Group<br \/>\nID No: 00 17 70 41<\/p>\n<h3>Leverand\u00f8r af WELOVECYCLING<\/h3>\n<p>MUSTARD s.r.o.<br \/>\nVinohradsk\u00e1 22<br \/>\n120 00 Praha 2<br \/>\nTjekkiet<br \/>\nRegistreret i handelsregistret ved M\u011bstsk\u00fd soud v Praze (retten i Prag) under journalnummer C 148383.<br \/>\nID No: 28531418<\/p>\n<h3>Teknologilevand\u00f8r til MUSTARD<\/h3>\n<p>YOUR SYSTEM, spol.s r.o.<br \/>\nT\u00fcrkova 2319\/5b<br \/>\n14900 Praha 4<br \/>\nTjekkiet<br \/>\nRegistreret i handelsregistret ved M\u011bstsk\u00fd soud v Praze (retten i Prag) under journalnummer C 72.<br \/>\nID No: 00174939<\/p>\n<h2>Yderligere oplysninger<\/h2>\n<p>Kontakt WELOVECYCLING-kontoret via e-mail til info@welovecycling.com.<\/p>\n","protected":false},"excerpt":{"rendered":"<p>Velkommen til hjemmesiden WELOVECYCLING p\u00e5 adressen https:\/\/www.welovecycling.com (\u201chjemmesiden\u201d), som drives af MUSTARD s.r.o., ID: 285 31 418 med hovedkontor p\u00e5 [&hellip;]<\/p>\n","protected":false},"author":1,"featured_media":0,"parent":0,"menu_order":0,"comment_status":"closed","ping_status":"closed","template":"","meta":{"footnotes":""},"tags":[],"class_list":["post-12","page","type-page","status-publish","hentry"],"yoast_head":"<!-- This site is optimized with the Yoast SEO Premium plugin v25.3 (Yoast SEO v25.9) - https:\/\/yoast.com\/wordpress\/plugins\/seo\/ -->\n<title>Vilk\u00e5r og betingelser for nyhedsbrev - \u0160koda We Love Cycling - Danmark<\/title>\n<meta name=\"robots\" content=\"index, follow, max-snippet:-1, max-image-preview:large, max-video-preview:-1\" \/>\n<link rel=\"canonical\" href=\"https:\/\/www.welovecycling.com\/dk\/vilkaar-og-betingelser-nyhedsbrev\/\" \/>\n<meta property=\"og:locale\" content=\"da_DK\" \/>\n<meta property=\"og:type\" content=\"article\" \/>\n<meta property=\"og:title\" content=\"Vilk\u00e5r og betingelser for nyhedsbrev\" \/>\n<meta property=\"og:description\" content=\"Velkommen til hjemmesiden WELOVECYCLING p\u00e5 adressen https:\/\/www.welovecycling.com (\u201chjemmesiden\u201d), som drives af MUSTARD s.r.o., ID: 285 31 418 med hovedkontor p\u00e5 [&hellip;]\" \/>\n<meta property=\"og:url\" content=\"https:\/\/www.welovecycling.com\/dk\/vilkaar-og-betingelser-nyhedsbrev\/\" \/>\n<meta property=\"og:site_name\" content=\"\u0160koda We Love Cycling - Danmark\" \/>\n<meta property=\"article:modified_time\" content=\"2017-06-28T04:22:57+00:00\" \/>\n<meta name=\"twitter:card\" content=\"summary_large_image\" \/>\n<meta name=\"twitter:label1\" content=\"Est. reading time\" \/>\n\t<meta name=\"twitter:data1\" content=\"6 minutes\" \/>\n<script type=\"application\/ld+json\" class=\"yoast-schema-graph\">{\"@context\":\"https:\/\/schema.org\",\"@graph\":[{\"@type\":\"WebPage\",\"@id\":\"https:\/\/www.welovecycling.com\/dk\/vilkaar-og-betingelser-nyhedsbrev\/\",\"url\":\"https:\/\/www.welovecycling.com\/dk\/vilkaar-og-betingelser-nyhedsbrev\/\",\"name\":\"Vilk\u00e5r og betingelser for nyhedsbrev - \u0160koda We Love Cycling - Danmark\",\"isPartOf\":{\"@id\":\"https:\/\/www.welovecycling.com\/dk\/#website\"},\"datePublished\":\"2016-12-09T12:17:06+00:00\",\"dateModified\":\"2017-06-28T04:22:57+00:00\",\"breadcrumb\":{\"@id\":\"https:\/\/www.welovecycling.com\/dk\/vilkaar-og-betingelser-nyhedsbrev\/#breadcrumb\"},\"inLanguage\":\"da-DK\",\"potentialAction\":[{\"@type\":\"ReadAction\",\"target\":[\"https:\/\/www.welovecycling.com\/dk\/vilkaar-og-betingelser-nyhedsbrev\/\"]}]},{\"@type\":\"BreadcrumbList\",\"@id\":\"https:\/\/www.welovecycling.com\/dk\/vilkaar-og-betingelser-nyhedsbrev\/#breadcrumb\",\"itemListElement\":[{\"@type\":\"ListItem\",\"position\":1,\"name\":\"Home\",\"item\":\"https:\/\/www.welovecycling.com\/dk\/\"},{\"@type\":\"ListItem\",\"position\":2,\"name\":\"Vilk\u00e5r og betingelser for nyhedsbrev\"}]},{\"@type\":\"WebSite\",\"@id\":\"https:\/\/www.welovecycling.com\/dk\/#website\",\"url\":\"https:\/\/www.welovecycling.com\/dk\/\",\"name\":\"\u0160koda We Love Cycling - Danmark\",\"description\":\"\u0160koda We Love Cycling - Danmark - Nyt online cykel magasin\",\"potentialAction\":[{\"@type\":\"SearchAction\",\"target\":{\"@type\":\"EntryPoint\",\"urlTemplate\":\"https:\/\/www.welovecycling.com\/dk\/?s={search_term_string}\"},\"query-input\":{\"@type\":\"PropertyValueSpecification\",\"valueRequired\":true,\"valueName\":\"search_term_string\"}}],\"inLanguage\":\"da-DK\"}]}<\/script>\n<!-- \/ Yoast SEO Premium plugin. -->","yoast_head_json":{"title":"Vilk\u00e5r og betingelser for nyhedsbrev - \u0160koda We Love Cycling - Danmark","robots":{"index":"index","follow":"follow","max-snippet":"max-snippet:-1","max-image-preview":"max-image-preview:large","max-video-preview":"max-video-preview:-1"},"canonical":"https:\/\/www.welovecycling.com\/dk\/vilkaar-og-betingelser-nyhedsbrev\/","og_locale":"da_DK","og_type":"article","og_title":"Vilk\u00e5r og betingelser for nyhedsbrev","og_description":"Velkommen til hjemmesiden WELOVECYCLING p\u00e5 adressen https:\/\/www.welovecycling.com (\u201chjemmesiden\u201d), som drives af MUSTARD s.r.o., ID: 285 31 418 med hovedkontor p\u00e5 [&hellip;]","og_url":"https:\/\/www.welovecycling.com\/dk\/vilkaar-og-betingelser-nyhedsbrev\/","og_site_name":"\u0160koda We Love Cycling - Danmark","article_modified_time":"2017-06-28T04:22:57+00:00","twitter_card":"summary_large_image","twitter_misc":{"Est. reading time":"6 minutes"},"schema":{"@context":"https:\/\/schema.org","@graph":[{"@type":"WebPage","@id":"https:\/\/www.welovecycling.com\/dk\/vilkaar-og-betingelser-nyhedsbrev\/","url":"https:\/\/www.welovecycling.com\/dk\/vilkaar-og-betingelser-nyhedsbrev\/","name":"Vilk\u00e5r og betingelser for nyhedsbrev - \u0160koda We Love Cycling - Danmark","isPartOf":{"@id":"https:\/\/www.welovecycling.com\/dk\/#website"},"datePublished":"2016-12-09T12:17:06+00:00","dateModified":"2017-06-28T04:22:57+00:00","breadcrumb":{"@id":"https:\/\/www.welovecycling.com\/dk\/vilkaar-og-betingelser-nyhedsbrev\/#breadcrumb"},"inLanguage":"da-DK","potentialAction":[{"@type":"ReadAction","target":["https:\/\/www.welovecycling.com\/dk\/vilkaar-og-betingelser-nyhedsbrev\/"]}]},{"@type":"BreadcrumbList","@id":"https:\/\/www.welovecycling.com\/dk\/vilkaar-og-betingelser-nyhedsbrev\/#breadcrumb","itemListElement":[{"@type":"ListItem","position":1,"name":"Home","item":"https:\/\/www.welovecycling.com\/dk\/"},{"@type":"ListItem","position":2,"name":"Vilk\u00e5r og betingelser for nyhedsbrev"}]},{"@type":"WebSite","@id":"https:\/\/www.welovecycling.com\/dk\/#website","url":"https:\/\/www.welovecycling.com\/dk\/","name":"\u0160koda We Love Cycling - Danmark","description":"\u0160koda We Love Cycling - Danmark - Nyt online cykel magasin","potentialAction":[{"@type":"SearchAction","target":{"@type":"EntryPoint","urlTemplate":"https:\/\/www.welovecycling.com\/dk\/?s={search_term_string}"},"query-input":{"@type":"PropertyValueSpecification","valueRequired":true,"valueName":"search_term_string"}}],"inLanguage":"da-DK"}]}},"_links":{"self":[{"href":"https:\/\/www.welovecycling.com\/dk\/wp-json\/wp\/v2\/pages\/12","targetHints":{"allow":["GET"]}}],"collection":[{"href":"https:\/\/www.welovecycling.com\/dk\/wp-json\/wp\/v2\/pages"}],"about":[{"href":"https:\/\/www.welovecycling.com\/dk\/wp-json\/wp\/v2\/types\/page"}],"author":[{"embeddable":true,"href":"https:\/\/www.welovecycling.com\/dk\/wp-json\/wp\/v2\/users\/1"}],"replies":[{"embeddable":true,"href":"https:\/\/www.welovecycling.com\/dk\/wp-json\/wp\/v2\/comments?post=12"}],"version-history":[{"count":2,"href":"https:\/\/www.welovecycling.com\/dk\/wp-json\/wp\/v2\/pages\/12\/revisions"}],"predecessor-version":[{"id":1220,"href":"https:\/\/www.welovecycling.com\/dk\/wp-json\/wp\/v2\/pages\/12\/revisions\/1220"}],"wp:attachment":[{"href":"https:\/\/www.welovecycling.com\/dk\/wp-json\/wp\/v2\/media?parent=12"}],"wp:term":[{"taxonomy":"post_tag","embeddable":true,"href":"https:\/\/www.welovecycling.com\/dk\/wp-json\/wp\/v2\/tags?post=12"}],"curies":[{"name":"wp","href":"https:\/\/api.w.org\/{rel}","templated":true}]}}