{"id":9800,"date":"2021-09-03T12:25:18","date_gmt":"2021-09-03T11:25:18","guid":{"rendered":"https:\/\/www.welovecycling.com\/de\/?page_id=9800"},"modified":"2021-09-03T12:25:18","modified_gmt":"2021-09-03T11:25:18","slug":"bedingungen-fuer-den-wettbewerb-der-schlechteste-radweg","status":"publish","type":"page","link":"https:\/\/www.welovecycling.com\/de\/bedingungen-fuer-den-wettbewerb-der-schlechteste-radweg\/","title":{"rendered":"Bedingungen f\u00fcr den Wettbewerb \u201eDer schlechteste Radweg\u201c"},"content":{"rendered":"<p>Diese Bestimmungen regeln die Bedingungen des Wettbewerbs \u201eThe Worst Cycling Lane Contest\u201c (im Folgenden als \u201eWettbewerb\u201c bezeichnet) und sind das einzige Dokument, das die Bestimmungen dieses Wettbewerbs vollst\u00e4ndig und verbindlich regelt.<\/p>\n<ol>\n<li><strong> Veranstalter und Organisator des Wettbewerbs<\/strong><\/li>\n<\/ol>\n<p>Veranstalter des Wettbewerbs ist \u0160koda AUTO a.s., eine Aktiengesellschaft mit Sitz in t\u0159. V\u00e1clava Klementa 869, 293 01 Mlad\u00e1 Boleslav, Tschechische Republik, Firmennummer 00177041, eingetragen im Handelsregister des Stadtgerichts Prag, Abteilung B, Aktennummer 332 (nachstehend als \u201eVeranstalter\u201c bezeichnet).<\/p>\n<p>Der Veranstalter des Wettbewerbs, der f\u00fcr die praktische Durchf\u00fchrung sorgt, ist MUSTARD s.r.o., Sitz Praha 1 &#8211; Nov\u00e9 M\u011bsto, Masarykovo n\u00e1b\u0159. 246, 110 00, Tschechische Republik, ID-Nr. 28531418, eingetragen im Handelsregister des Stadtgerichts Prag, Abteilung C, Aktennummer 148383 (im Folgenden als \u201eVeranstalter\u201c bezeichnet).<\/p>\n<ol start=\"2\">\n<li><strong> Wettbewerbsbedingungen und -ort, Wettbewerbszeitr\u00e4ume <\/strong><\/li>\n<\/ol>\n<p>Der Wettbewerb findet vom 20.08.2021, 00:00 (CET) bis zum 31.10. 2021, 23:59 PM (CET) statt. Das Gewinnspiel wird auf der Webseite www.welovecycling.com (im Folgenden als \u201eGewinnspiel-Webseite\u201c bezeichnet) durchgef\u00fchrt, \u00fcber die die Kommunikation mit den Teilnehmern haupts\u00e4chlich erfolgt. Die einzelnen Gewinnspielzeitr\u00e4ume sind wie folgt:<\/p>\n<p>Von \/ Bis \/ Anzahl der Hauptpreise \/ Anzahl der Nebenpreise<\/p>\n<p>Inhaltszeitraum: 20.08.2021, 00:00 (CET) &#8211; 31.10.2021, 23:59 (CET); 8\/8<\/p>\n<ol>\n<li><strong>Teilnehmer des Wettbewerbs<\/strong><\/li>\n<\/ol>\n<p>Am Wettbewerb kann jede Person teilnehmen, die mindestens 18 Jahre alt ist, Englisch auf mittlerem Niveau spricht und ihren Wohnsitz in einem der L\u00e4nder hat, in denen der Wettbewerb durchgef\u00fchrt wird. Das Gewinnspiel wird in den folgenden L\u00e4ndern durchgef\u00fchrt: ANDORRA, \u00d6STERREICH, BELGIEN, BOSNIEN, BULGARIEN, KROATIEN, TSCHECHISCHE REPUBLIK, D\u00c4NEMARK, ESTLAND, FINNLAND, FRANKREICH, DEUTSCHLAND, GROSSBRITANNIEN, GRIECHENLAND, UNGARN, ISLAND, IRLAND, ITALIEN, LETTLAND, LIECHTENSTEIN, LITAUEN, LUXEMBURG, MONTENEGRO, DIE NIEDERLANDE, NORWEGEN, POLEN, PORTUGAL, RUM\u00c4NIEN, SERBIEN, SLOWAKEI, SLOWENIEN, SPANIEN, SCHWEDEN, SCHWEIZ.<\/p>\n<p>Um am Wettbewerb teilzunehmen, ist es erforderlich, bei der Einreichung eines Radwegfotos auf der Webseite des Wettbewerbs zu einem beliebigen Zeitpunkt w\u00e4hrend des Wettbewerbszeitraums eine E-Mail-Adresse anzugeben und die bedingungslose Annahme dieser Bestimmungen zu best\u00e4tigen. Ein Teil der Registrierung (Teilnahmeformular) ist die Angabe von personenbezogenen Daten &#8211; E-Mail-Adresse, die nur f\u00fcr die Zwecke dieses Wettbewerbs verwendet werden.<\/p>\n<p>Jeder Teilnehmer kann sich nur einmal und nur unter seiner eigenen E-Mail-Adresse anmelden, wobei sich der Veranstalter das Recht vorbeh\u00e4lt, diese Bestimmung mit technischen und organisatorischen Mitteln zu \u00fcberpr\u00fcfen.<\/p>\n<p>Von der Teilnahme am Wettbewerb ausgeschlossen sind alle Personen, die an der Vorbereitung dieses Wettbewerbs mitgewirkt haben, insbesondere Personen, die beim Veranstalter oder Organisator angestellt sind oder in einem \u00e4hnlichen Verh\u00e4ltnis zu ihm stehen, sowie alle Personen, die in einem \u00e4hnlichen Verh\u00e4ltnis zum teilnehmenden autorisierten \u0160koda-Partner oder zu den mit der Durchf\u00fchrung dieses Wettbewerbs betrauten Agenturen stehen, sowie deren Familienangeh\u00f6rige und ihnen nahestehende Personen.<\/p>\n<ol start=\"4\">\n<li><strong> Wettbewerbsmechanismus, Bewertung der Gewinner<\/strong><\/li>\n<\/ol>\n<p>Die Aufgabe eines Teilnehmers im Wettbewerbszeitraum besteht darin, ein Foto mit einem Radwegmotiv erfolgreich auf der Wettbewerbswebseite einzureichen. Alle Teilnehmer, die im Wettbewerbszeitraum erfolgreich ein Radweg-Foto auf der Wettbewerbswebseite eingereicht haben, haben die Chance, einen Preis zu gewinnen.<\/p>\n<p>Im Gewinnspielzeitraum gewinnt derjenige Teilnehmer einen der Hauptpreise, der seine E-Mail-Adresse an Position 1\/9, 2\/9, 3\/9, 4\/9, 5\/9, 6\/9, 7\/9 und 8\/9 auf der Liste aller Teilnehmer angegeben hat. Wenn die Anzahl der Teilnehmer nicht durch 9 teilbar ist, wird die resultierende Zahl auf die n\u00e4chste durch 9 teilbare ganze Zahl abgerundet.<\/p>\n<p>Die Sekund\u00e4rpreise werden von den Teilnehmern gewonnen, die ihre E-Mail-Adresse an Position 1\/11, 2\/11, 3\/11, 4\/11, 5\/11, 6\/11, 7\/11 und 8\/11 auf der Liste aller Teilnehmer angegeben haben. Wenn die Anzahl der Teilnehmer nicht durch 11 teilbar ist, wird die resultierende Zahl auf die n\u00e4chste durch 11 teilbare ganze Zahl abgerundet.<\/p>\n<p>Alle Listen der oben genannten Teilnehmer werden immer chronologisch nach dem Zeitpunkt der Einreichung der Wettbewerbsfragen sortiert.<\/p>\n<p>Der Veranstalter des Gewinnspiels benachrichtigt die Gewinner unter der E-Mail, die er bei der Registrierung angegeben hat, und zwar innerhalb von f\u00fcnf Tagen nach Ablauf des jeweiligen Gewinnspielzeitraums. Er fordert die Gewinner auf, die f\u00fcr die \u00dcbergabe oder Zusendung des Gewinns oder f\u00fcr die weitere Kommunikation erforderlichen Daten anzugeben. Reagiert der Gewinner nicht, auch nicht auf eine wiederholt versandte E-Mail des Veranstalters, oder \u00fcbermittelt er seine Kontaktdaten nicht innerhalb von 24 Stunden nach Versand der E-Mail, verf\u00e4llt sein Gewinn ohne jegliche Entsch\u00e4digung.<\/p>\n<ol start=\"5\">\n<li><strong> Beschreibung der Preise<\/strong><\/li>\n<\/ol>\n<p>Hauptpreis:<\/p>\n<ul>\n<li>8 x Poc Omne Air<\/li>\n<\/ul>\n<p>Zweite Preise:<\/p>\n<ul>\n<li>8 x T-Shirt mit Aufschrift \u201eWe Love Cycling\u201c<\/li>\n<\/ul>\n<ol start=\"6\">\n<li><strong> Erwerb und Verwendung von Aufzeichnungen<\/strong><\/li>\n<\/ol>\n<p>Im Falle eines Gewinns erteilt der Teilnehmer dem Veranstalter die Einwilligung, die im Zusammenhang mit der Durchf\u00fchrung des Gewinnspiels und der Auslieferung bzw. Auslosung der Gewinne gewonnenen Teilnehmerportr\u00e4ts, schriftlichen \u00c4u\u00dferungen, Fotos, Ton- und Bildaufnahmen des Teilnehmers und\/oder \u00c4u\u00dferungen pers\u00f6nlicher Art f\u00fcr kommerzielle Zwecke in allen Kommunikationsmedien, unabh\u00e4ngig von deren Art und Spezifikation, mit allen \u00fcblichen Mitteln, mit nachtr\u00e4glicher Ver\u00e4nderung und mit m\u00f6glicher Kombination mit anderen Werken und Einbeziehung in ein Sammelwerk zu erhalten und zu nutzen. Der Teilnehmer erteilt dem Veranstalter diese Einwilligung unentgeltlich und ohne sachliche, zeitliche, mengenm\u00e4\u00dfige oder r\u00e4umliche Begrenzung und kann sie jederzeit widerrufen. Diese Einwilligung gilt auch f\u00fcr Dritte, denen der Veranstalter solche Aufnahmen nach eigenem Ermessen zur Verf\u00fcgung stellen kann.<\/p>\n<ol start=\"7\">\n<li><strong> Weitere wichtige Bedingungen<\/strong><\/li>\n<\/ol>\n<p>Die genauen Angaben zu den Gewinnen werden ausschlie\u00dflich vom Veranstalter festgelegt. Die Darstellung der Gewinne in den Werbematerialien ist illustrativ. Um den Hauptpreis zu gewinnen, m\u00fcssen andere Bedingungen (Reisepass, Visa usw.) und Verpflichtungen des Gewinners erf\u00fcllt werden, und es muss eine angemessene Eignung, vor allem eine medizinische, f\u00fcr die Teilnahme gegeben sein. Der Veranstalter haftet nicht f\u00fcr Sch\u00e4den, die dem Teilnehmer durch die Nutzung des Preises entstehen.<\/p>\n<p>Die Teilnehmer sind nicht berechtigt, Geld oder andere Leistungen als Ersatz f\u00fcr den Preis zu verlangen. Der Veranstalter ist nicht anderweitig verpflichtet, den Teilnehmern des Gewinnspiels Erf\u00fcllungsleistungen zu erbringen, und die Teilnehmer haben keinen Anspruch auf andere als die hier ausdr\u00fccklich genannten Erf\u00fcllungsleistungen des \u00a0Veranstalters.<\/p>\n<p>Der Veranstalter ist nicht verantwortlich f\u00fcr die Qualit\u00e4t der von Dritten gelieferten Preise. Die Verantwortung f\u00fcr eventuelle M\u00e4ngel ist direkt bei diesen Lieferanten auszu\u00fcben. Der Veranstalter beh\u00e4lt sich das Recht vor, Preise nach eigenem Ermessen zu \u00e4ndern.<\/p>\n<p>Ein Teilnehmer kann vom Gewinnspiel ausgeschlossen werden, wenn der Veranstalter feststellt oder den begr\u00fcndeten Verdacht hegt, dass der Teilnehmer oder andere Personen, die den Teilnehmer unterst\u00fctzen, einen Betrug begangen haben, um Preise zu erhalten, oder ein unlauteres oder nicht auf dem Wissen des Teilnehmers beruhendes Verhalten gem\u00e4\u00df den Bestimmungen an den Tag gelegt haben.<\/p>\n<p>Der Veranstalter haftet nicht f\u00fcr die Nichtzustellung von Nachrichten oder Gewinnen. Der Veranstalter haftet auch nicht f\u00fcr Fehler, die aufgrund von technischen oder Kommunikationsproblemen auftreten. Der Veranstalter entscheidet endg\u00fcltig \u00fcber Reklamationen oder vorgebrachte Einw\u00e4nde. Der Veranstalter beh\u00e4lt sich das Recht vor, die Veranstaltung und die Preise zu verk\u00fcrzen, zu verschieben, zu unterbrechen oder abzusagen oder diese Bestimmungen w\u00e4hrend des Bestehens der Veranstaltung einseitig zu \u00e4ndern oder zu erg\u00e4nzen, indem er solche \u00c4nderungen auf der oben genannten Webseite bekannt gibt, auf der auch der g\u00fcltige und vollst\u00e4ndige Wortlaut der Bestimmungen zu finden ist, ohne dass er zu einer Entsch\u00e4digung verpflichtet ist.<\/p>\n<p>Dieses Gewinnspiel wird in keiner Weise von Facebook betrieben, gesponsert oder mit Facebook in Verbindung gebracht, und Facebook ist nicht f\u00fcr das Gewinnspiel verantwortlich. Die w\u00e4hrend der Veranstaltung bereitgestellten Informationen werden nicht an Facebook weitergegeben. Alle Fragen, Kommentare oder Beschwerden in Bezug auf die Anwendung m\u00fcssen an den Veranstalter und nicht an Facebook gerichtet werden.<\/p>\n<p>Dieses Gewinnspiel unterliegt dem Recht der Tschechischen Republik, sofern dies nicht durch die geltenden Rechtsvorschriften der L\u00e4nder der Teilnehmer ausgeschlossen ist.<\/p>\n","protected":false},"excerpt":{"rendered":"<p>Diese Bestimmungen regeln die Bedingungen des Wettbewerbs \u201eThe Worst Cycling Lane Contest\u201c (im Folgenden als \u201eWettbewerb\u201c bezeichnet) und sind das [&hellip;]<\/p>\n","protected":false},"author":99,"featured_media":0,"parent":0,"menu_order":0,"comment_status":"closed","ping_status":"closed","template":"","meta":{"footnotes":""},"tags":[],"class_list":["post-9800","page","type-page","status-publish","hentry"],"yoast_head":"<!-- This site is optimized with the Yoast SEO Premium plugin v25.3 (Yoast SEO v25.9) - https:\/\/yoast.com\/wordpress\/plugins\/seo\/ -->\n<title>Bedingungen f\u00fcr den Wettbewerb \u201eDer schlechteste Radweg\u201c - \u0160koda We Love Cycling - Deutschland<\/title>\n<meta name=\"robots\" content=\"index, follow, max-snippet:-1, max-image-preview:large, max-video-preview:-1\" \/>\n<link rel=\"canonical\" href=\"https:\/\/www.welovecycling.com\/de\/bedingungen-fuer-den-wettbewerb-der-schlechteste-radweg\/\" \/>\n<meta property=\"og:locale\" content=\"de_DE\" \/>\n<meta property=\"og:type\" content=\"article\" \/>\n<meta property=\"og:title\" content=\"Bedingungen f\u00fcr den Wettbewerb \u201eDer schlechteste Radweg\u201c\" \/>\n<meta property=\"og:description\" content=\"Diese Bestimmungen regeln die Bedingungen des Wettbewerbs \u201eThe Worst Cycling Lane Contest\u201c (im Folgenden als \u201eWettbewerb\u201c bezeichnet) und sind das [&hellip;]\" \/>\n<meta property=\"og:url\" content=\"https:\/\/www.welovecycling.com\/de\/bedingungen-fuer-den-wettbewerb-der-schlechteste-radweg\/\" \/>\n<meta property=\"og:site_name\" content=\"\u0160koda We Love Cycling - Deutschland\" \/>\n<meta name=\"twitter:card\" content=\"summary_large_image\" \/>\n<meta name=\"twitter:label1\" content=\"Est. reading time\" \/>\n\t<meta name=\"twitter:data1\" content=\"6 minutes\" \/>\n<script type=\"application\/ld+json\" class=\"yoast-schema-graph\">{\"@context\":\"https:\/\/schema.org\",\"@graph\":[{\"@type\":\"WebPage\",\"@id\":\"https:\/\/www.welovecycling.com\/de\/bedingungen-fuer-den-wettbewerb-der-schlechteste-radweg\/\",\"url\":\"https:\/\/www.welovecycling.com\/de\/bedingungen-fuer-den-wettbewerb-der-schlechteste-radweg\/\",\"name\":\"Bedingungen f\u00fcr den Wettbewerb \u201eDer schlechteste Radweg\u201c - \u0160koda We Love Cycling - Deutschland\",\"isPartOf\":{\"@id\":\"https:\/\/www.welovecycling.com\/de\/#website\"},\"datePublished\":\"2021-09-03T11:25:18+00:00\",\"breadcrumb\":{\"@id\":\"https:\/\/www.welovecycling.com\/de\/bedingungen-fuer-den-wettbewerb-der-schlechteste-radweg\/#breadcrumb\"},\"inLanguage\":\"de-DE\",\"potentialAction\":[{\"@type\":\"ReadAction\",\"target\":[\"https:\/\/www.welovecycling.com\/de\/bedingungen-fuer-den-wettbewerb-der-schlechteste-radweg\/\"]}]},{\"@type\":\"BreadcrumbList\",\"@id\":\"https:\/\/www.welovecycling.com\/de\/bedingungen-fuer-den-wettbewerb-der-schlechteste-radweg\/#breadcrumb\",\"itemListElement\":[{\"@type\":\"ListItem\",\"position\":1,\"name\":\"Home\",\"item\":\"https:\/\/www.welovecycling.com\/de\/\"},{\"@type\":\"ListItem\",\"position\":2,\"name\":\"Bedingungen f\u00fcr den Wettbewerb \u201eDer schlechteste Radweg\u201c\"}]},{\"@type\":\"WebSite\",\"@id\":\"https:\/\/www.welovecycling.com\/de\/#website\",\"url\":\"https:\/\/www.welovecycling.com\/de\/\",\"name\":\"\u0160koda We Love Cycling - Deutschland\",\"description\":\"Just another \u0160koda WeLoveCycling Sites site\",\"potentialAction\":[{\"@type\":\"SearchAction\",\"target\":{\"@type\":\"EntryPoint\",\"urlTemplate\":\"https:\/\/www.welovecycling.com\/de\/?s={search_term_string}\"},\"query-input\":{\"@type\":\"PropertyValueSpecification\",\"valueRequired\":true,\"valueName\":\"search_term_string\"}}],\"inLanguage\":\"de-DE\"}]}<\/script>\n<!-- \/ Yoast SEO Premium plugin. -->","yoast_head_json":{"title":"Bedingungen f\u00fcr den Wettbewerb \u201eDer schlechteste Radweg\u201c - \u0160koda We Love Cycling - Deutschland","robots":{"index":"index","follow":"follow","max-snippet":"max-snippet:-1","max-image-preview":"max-image-preview:large","max-video-preview":"max-video-preview:-1"},"canonical":"https:\/\/www.welovecycling.com\/de\/bedingungen-fuer-den-wettbewerb-der-schlechteste-radweg\/","og_locale":"de_DE","og_type":"article","og_title":"Bedingungen f\u00fcr den Wettbewerb \u201eDer schlechteste Radweg\u201c","og_description":"Diese Bestimmungen regeln die Bedingungen des Wettbewerbs \u201eThe Worst Cycling Lane Contest\u201c (im Folgenden als \u201eWettbewerb\u201c bezeichnet) und sind das [&hellip;]","og_url":"https:\/\/www.welovecycling.com\/de\/bedingungen-fuer-den-wettbewerb-der-schlechteste-radweg\/","og_site_name":"\u0160koda We Love Cycling - Deutschland","twitter_card":"summary_large_image","twitter_misc":{"Est. reading time":"6 minutes"},"schema":{"@context":"https:\/\/schema.org","@graph":[{"@type":"WebPage","@id":"https:\/\/www.welovecycling.com\/de\/bedingungen-fuer-den-wettbewerb-der-schlechteste-radweg\/","url":"https:\/\/www.welovecycling.com\/de\/bedingungen-fuer-den-wettbewerb-der-schlechteste-radweg\/","name":"Bedingungen f\u00fcr den Wettbewerb \u201eDer schlechteste Radweg\u201c - \u0160koda We Love Cycling - Deutschland","isPartOf":{"@id":"https:\/\/www.welovecycling.com\/de\/#website"},"datePublished":"2021-09-03T11:25:18+00:00","breadcrumb":{"@id":"https:\/\/www.welovecycling.com\/de\/bedingungen-fuer-den-wettbewerb-der-schlechteste-radweg\/#breadcrumb"},"inLanguage":"de-DE","potentialAction":[{"@type":"ReadAction","target":["https:\/\/www.welovecycling.com\/de\/bedingungen-fuer-den-wettbewerb-der-schlechteste-radweg\/"]}]},{"@type":"BreadcrumbList","@id":"https:\/\/www.welovecycling.com\/de\/bedingungen-fuer-den-wettbewerb-der-schlechteste-radweg\/#breadcrumb","itemListElement":[{"@type":"ListItem","position":1,"name":"Home","item":"https:\/\/www.welovecycling.com\/de\/"},{"@type":"ListItem","position":2,"name":"Bedingungen f\u00fcr den Wettbewerb \u201eDer schlechteste Radweg\u201c"}]},{"@type":"WebSite","@id":"https:\/\/www.welovecycling.com\/de\/#website","url":"https:\/\/www.welovecycling.com\/de\/","name":"\u0160koda We Love Cycling - Deutschland","description":"Just another \u0160koda WeLoveCycling Sites site","potentialAction":[{"@type":"SearchAction","target":{"@type":"EntryPoint","urlTemplate":"https:\/\/www.welovecycling.com\/de\/?s={search_term_string}"},"query-input":{"@type":"PropertyValueSpecification","valueRequired":true,"valueName":"search_term_string"}}],"inLanguage":"de-DE"}]}},"_links":{"self":[{"href":"https:\/\/www.welovecycling.com\/de\/wp-json\/wp\/v2\/pages\/9800","targetHints":{"allow":["GET"]}}],"collection":[{"href":"https:\/\/www.welovecycling.com\/de\/wp-json\/wp\/v2\/pages"}],"about":[{"href":"https:\/\/www.welovecycling.com\/de\/wp-json\/wp\/v2\/types\/page"}],"author":[{"embeddable":true,"href":"https:\/\/www.welovecycling.com\/de\/wp-json\/wp\/v2\/users\/99"}],"replies":[{"embeddable":true,"href":"https:\/\/www.welovecycling.com\/de\/wp-json\/wp\/v2\/comments?post=9800"}],"version-history":[{"count":1,"href":"https:\/\/www.welovecycling.com\/de\/wp-json\/wp\/v2\/pages\/9800\/revisions"}],"predecessor-version":[{"id":9801,"href":"https:\/\/www.welovecycling.com\/de\/wp-json\/wp\/v2\/pages\/9800\/revisions\/9801"}],"wp:attachment":[{"href":"https:\/\/www.welovecycling.com\/de\/wp-json\/wp\/v2\/media?parent=9800"}],"wp:term":[{"taxonomy":"post_tag","embeddable":true,"href":"https:\/\/www.welovecycling.com\/de\/wp-json\/wp\/v2\/tags?post=9800"}],"curies":[{"name":"wp","href":"https:\/\/api.w.org\/{rel}","templated":true}]}}