{"id":9432,"date":"2021-06-24T17:21:26","date_gmt":"2021-06-24T16:21:26","guid":{"rendered":"https:\/\/www.welovecycling.com\/de\/?page_id=9432"},"modified":"2021-06-28T09:38:31","modified_gmt":"2021-06-28T08:38:31","slug":"terms-and-conditions-2","status":"publish","type":"page","link":"https:\/\/www.welovecycling.com\/de\/tour-de-france\/terms-and-conditions-2\/","title":{"rendered":"TDF 2021 &#8211; Terms and conditions"},"content":{"rendered":"<p>Diese Regeln reglementieren die Bedingungen des &#8222;Win great prizes contest 2021&#8220; (im Folgenden als &#8222;Wettbewerb&#8220; bezeichnet) und sind das einzige Dokument, das die Regeln dieses Wettbewerbs vollst\u00e4ndig und verbindlich regelt.<\/p>\n<h2>1. Gastgeber und Organisator des Wettbewerbs<\/h2>\n<p>Veranstalter des Wettbewerbs ist \u0160koda AUTO a.s., eine Aktiengesellschaft mit Sitz in t\u0159. V\u00e1clava Klementa 869, 293 01 Mlad\u00e1 Boleslav, Tschechische Republik, Firmennummer 00177041, eingetragen im Handelsregister, gef\u00fchrt vom Stadtgericht in Prag, Abteilung B, Aktennummer 332 (im Folgenden &#8222;Veranstalter&#8220; genannt).<\/p>\n<p>Der Veranstalter des Wettbewerbs, der die praktischen Schritte bei der Organisation sicherstellt, ist MUSTARD s.r.o., Sitz Praha 1 &#8211; Nov\u00e9 M\u011bsto, Masarykovo n\u00e1b\u0159. 246, 110 00, Tschechische Republik, ID-Nr. 28531418, eingetragen im Handelsregister, verwaltet vom Stadtgericht in Prag in der Abteilung C, Eintrag 148383.<\/p>\n<h2>2. Wettbewerbsbedingungen und Ort, Wettbewerbszeitr\u00e4ume<\/h2>\n<p>Der Wettbewerb wird von 00:00 AM (GMT) 26. 6. 2021 bis 23:59 PM (GTM) 16 7. 2021 unterteilt in drei separate Zeitr\u00e4ume. Das Gewinnspiel wird auf der Website www.welovecycling.com (im Folgenden &#8222;Gewinnspiel-Website&#8220; genannt) durchgef\u00fchrt, auf der haupts\u00e4chlich die Kommunikation mit den<\/p>\n<p>Teilnehmern erfolgt. Die einzelnen Zeitr\u00e4ume des Gewinnspiels sind wie folgt:<\/p>\n<p>Von \/ Bis \/ Anzahl der Hauptpreise \/ Anzahl der Nebenpreise \/<\/p>\n<ul>\n<li>1. Inhaltszeitraum &#8211; 00:00 AM (GMT) 26. 6. 2021 \/23:59PM 2.7. 2021 \/ 1 \/ 7<\/li>\n<li>2. Inhaltszeitraum &#8211; 00:00 AM (GMT) 3.7. 2021 \/23:59PM 9.7. 2021 \/ 3 \/ 8<\/li>\n<li>3. Inhaltszeitraum &#8211; 00:00 AM (GMT) 10.7. 2021 \/23:59PM 16.7. 2021 \/ 3 \/ 8<\/li>\n<\/ul>\n<p>&nbsp;<\/p>\n<h2>3. Wettbewerbsteilnehmer<\/h2>\n<p>An dem Wettbewerb kann jede Person teilnehmen, die mindestens 18 Jahre alt ist, Englisch auf mittlerem Niveau spricht und ihren Wohnsitz in einem der L\u00e4nder hat, in denen der Wettbewerb durchgef\u00fchrt wird. Das Gewinnspiel wird in den folgenden L\u00e4ndern durchgef\u00fchrt: ANDORRA, BELGIEN, BOSNIEN, BULGARIEN, KROATIEN, TSCHECHISCHE REPUBLIK, D\u00c4NEMARK, ESTLAND, FINNLAND, FRANKREICH, DEUTSCHLAND, GROSSBRITANNIEN, GRIECHENLAND, UNGARN, ISLAND, IRLAND, ITALIEN, LETTLAND, LIECHTENSTEIN, LITAUEN, LUXEMBURG, MONTENEGRO, NIEDERLANDE, NORWEGEN, POLEN, PORTUGAL, RUM\u00c4NIEN, SERBIEN, SLOWAKEI, SLOWENIEN, SPANIEN, SCHWEDEN, SCHWEIZ, T\u00dcRKEI.<\/p>\n<p>Um am Wettbewerb teilzunehmen, ist es notwendig, sich auf der Website des Wettbewerbs zu jeder Zeit w\u00e4hrend des Wettbewerbszeitraums zu registrieren und die unbedingte Zustimmung dieser Regeln zu best\u00e4tigen. Ein Bestandteil der Registrierung (Teilnahmeformular) ist die Angabe der pers\u00f6nlichen Daten &#8211; E-Mail-Adresse, die nur f\u00fcr die Zwecke dieses Wettbewerbs verwendet wird.<\/p>\n<p>Jeder Teilnehmer kann sich nur einmal und nur unter seiner eigenen E-Mail-Adresse registrieren, wobei sich der Veranstalter des Wettbewerbs das Recht<br \/>\nvorbeh\u00e4lt, diese Regel mit technischen und organisatorischen Mitteln zu \u00fcberpr\u00fcfen.<\/p>\n<p>Von der Teilnahme am Gewinnspiel ausgeschlossen sind alle Personen, die an der Vorbereitung dieses Gewinnspiels mitgewirkt haben, vor allem Personen, die beim Veranstalter oder Organisator angestellt sind oder in einem \u00e4hnlichen Verh\u00e4ltnis zu ihm stehen, sowie alle Personen, die in einem \u00e4hnlichen<\/p>\n<p>Verh\u00e4ltnis zum teilnehmenden autorisierten \u0160koda Partner oder zu mit der Sicherstellung dieses Gewinnspiels betrauten Agenturen stehen, deren Familienangeh\u00f6rige und ihnen nahestehende Personen.<\/p>\n<h4>4. Wettbewerbsmechanismus, Bewertung der Gewinner<\/h4>\n<p>Die Aufgabe eines Teilnehmers in jeder Phase ist es, f\u00fcnf Wettbewerbsfragen m\u00f6glichst richtig zu beantworten. Alle Teilnehmer, die alle f\u00fcnf Fragen in der jeweiligen Runde\/Phase richtig beantwortet haben, haben die Chance, einen Preis zu gewinnen. Die H\u00f6he der Preise f\u00fcr jede Phase ist in der obigen Tabelle angegeben.<\/p>\n<p>In der 1. Wettbewerbsrunde gewinnt derjenige Teilnehmer den Hauptpreis, der alle richtigen Antworten an Position 1\/2 der Teilnehmerliste abgegeben hat. Wenn die Anzahl der Teilnehmer nicht durch 2 teilbar ist, wird die resultierende Zahl auf die n\u00e4chste durch 2 teilbare ganze Zahl abgerundet. Die Nebenpreise werden von den Teilnehmern gewonnen, die alle richtigen Antworten an den Positionen 1\/9, 2\/9, 3\/9, 4\/9, 5\/9, 6\/9 und 7\/9 auf der Liste aller Teilnehmer abgegeben haben. Wenn die Anzahl der Teilnehmer nicht durch 9 teilbar ist, wird die resultierende Zahl auf die n\u00e4chste durch 9 teilbare ganze Zahl abgerundet.<\/p>\n<p>In der 2. Wettbewerbsrunde gewinnen die Teilnehmer die Hauptpreise, die alle richtigen Antworten auf den Pl\u00e4tzen 1\/4, 2\/4 und 3\/4 der Teilnehmerliste abgegeben haben. Wenn die Anzahl der Teilnehmer nicht durch 4 teilbar ist, wird die resultierende Zahl auf die n\u00e4chste durch 4 teilbare ganze Zahl abgerundet.<\/p>\n<p>Die Nebenpreise werden von den Teilnehmern gewonnen, die alle richtigen Antworten an den Positionen 1\/9, 2\/9, 3\/9, 4\/9, 5\/9, 6\/9, 7\/9, 8\/9 auf der Liste aller Teilnehmer abgegeben haben. Wenn die Anzahl der Teilnehmer nicht durch 9 teilbar ist, wird die resultierende Zahl auf die n\u00e4chste durch 9 teilbare ganze Zahl abgerundet.<\/p>\n<p>In der 3. Wettbewerbsrunde gewinnen die Teilnehmer die Hauptpreise, die alle richtigen Antworten auf den Pl\u00e4tzen 1\/4, 2\/4 und 3\/4 der Teilnehmerliste abgegeben haben. Wenn die Anzahl der Teilnehmer nicht durch 4 teilbar ist, wird die resultierende Zahl auf die n\u00e4chste durch 4 teilbare ganze Zahl abgerundet.<\/p>\n<p>Die Nebenpreise werden von den Teilnehmern gewonnen, die alle richtigen Antworten an den Positionen 1\/9, 2\/9, 3\/9, 4\/9, 5\/9, 6\/9, 7\/9, 8\/9 auf der Liste aller Teilnehmer abgegeben haben. Wenn die Anzahl der Teilnehmer nicht durch 9 teilbar ist, wird die resultierende Zahl auf die n\u00e4chste durch 9 teilbare ganze Zahl abgerundet.<\/p>\n<p>Alle Listen der obigen Teilnehmer werden immer chronologisch nach dem Zeitpunkt der Einreichung der Wettbewerbsfragen sortiert.<\/p>\n<p>Der Veranstalter des Gewinnspiels benachrichtigt die Gewinner per E-Mail, die sie bei der Registrierung angegeben haben, innerhalb von f\u00fcnf Tagen nach dem Ende des entsprechenden Gewinnspielzeitraums, und fordert die Gewinner auf, die f\u00fcr die \u00dcbergabe oder Zusendung des Gewinns oder f\u00fcr die weitere Kommunikation erforderlichen Daten anzugeben. Reagiert der Gewinner nicht, auch nicht auf eine wiederholt versandte E-Mail des Veranstalters, oder \u00fcbermittelt er seine Kontaktdaten nicht innerhalb von 24 Stunden nach Versendung der E-Mail, verf\u00e4llt sein Gewinn ersatzlos.<\/p>\n<h2>5. Beschreibung der Preise<\/h2>\n<p>Hauptpreis:<\/p>\n<ul>\n<li>1x VIP-Hospitality-Programm-Paket (Stufe 18)<\/li>\n<li>3x Garmin EDGE<\/li>\n<li>3x Signiertes gr\u00fcnes Trikot<\/li>\n<\/ul>\n<p>&nbsp;<\/p>\n<p>Zweite Preise:<\/p>\n<ul>\n<li>15x Gr\u00fcnes Trikot<\/li>\n<li>2x Garmin Edge<\/li>\n<li>3x Garmin Varia Radar<\/li>\n<li>3x POC Helm<\/li>\n<li>RUNDE 1:\n<ul>\n<li>1x VIP-Hospitality-Programm-Paket (Stufe 18)<\/li>\n<li>2x Garmin EDGE<\/li>\n<li>5x Gr\u00fcnes Trikot<\/li>\n<\/ul>\n<\/li>\n<li>RUNDE 2:\n<ul>\n<li>3x Garmin EDGE<\/li>\n<li>3x Garmin Varia Radar<\/li>\n<li>5x Gr\u00fcnes Trikot<\/li>\n<\/ul>\n<\/li>\n<li>RUNDE 3:\n<ul>\n<li>3x signiertes gr\u00fcnes Trikot<\/li>\n<li>3x POC Helm<\/li>\n<li>5x Gr\u00fcnes Trikot<\/li>\n<\/ul>\n<\/li>\n<\/ul>\n<h2>\n6. Erwerb und Verwendung von Aufnahmen<\/h2>\n<p>Wird ein Teilnehmer zum Gewinner, erteilt er dem Veranstalter die Einwilligung, die im Zusammenhang mit der Durchf\u00fchrung des Gewinnspiels und der Auslieferung bzw. Auslosung der Gewinne vom Veranstalter erlangten Teilnehmerportraits, schriftlichen \u00c4u\u00dferungen, Fotos sowie Ton- und Bildaufnahmen mit<\/p>\n<p>Bezug zum Teilnehmer und\/oder \u00c4u\u00dferungen pers\u00f6nlicher Natur zu gewerblichen Zwecken in allen Kommunikationsmedien, unabh\u00e4ngig von deren Beschaffenheit und Spezifikation, mit allen \u00fcblichen Mitteln, mit nachtr\u00e4glicher Ver\u00e4nderung und mit m\u00f6glicher Verbindung mit anderen Werken und Einbeziehung in ein Sammelwerk zu erhalten und zu nutzen. Der Teilnehmer erteilt dem Veranstalter diese Einwilligung unentgeltlich und ohne sachliche, zeitliche, mengenm\u00e4\u00dfige oder r\u00e4umliche Begrenzung und kann sie jederzeit widerrufen. Diese Einwilligung gilt auch f\u00fcr Dritte, denen der Veranstalter solche Aufnahmen nach eigenem Ermessen zur Verf\u00fcgung stellen darf.<\/p>\n<h2>7. Andere wichtige Bedingungen<\/h2>\n<p>Die genauen Angaben zu den Gewinnen bestimmt ausschlie\u00dflich der Veranstalter. Die Darstellung von Gewinnen in Werbematerialien ist illustrativ. Um den Hauptpreis zu gewinnen, ist es notwendig, andere Bedingungen (Reisepass, Visa, usw.) und Verpflichtungen des Gewinners zu erf\u00fcllen und die entsprechende F\u00e4higkeit, vor allem die medizinische, f\u00fcr die Teilnahme zu ber\u00fccksichtigen. Der Veranstalter haftet nicht f\u00fcr Sch\u00e4den, die dem Teilnehmer durch die Nutzung des Preises entstehen.<\/p>\n<p>Die Teilnehmer sind nicht berechtigt, Geld oder andere Arten der Erf\u00fcllung als Ersatz f\u00fcr den Preis zu verlangen. Der Gastgeber ist nicht anderweitig verpflichtet, den Teilnehmern des Gewinnspiels Erf\u00fcllungsleistungen zu erbringen, und die Teilnehmer haben keinen Anspruch auf andere als die hier ausdr\u00fccklich genannten Erf\u00fcllungsleistungen des Gastgebers. Der Gastgeber ist nicht verantwortlich f\u00fcr die Qualit\u00e4t von Preisen, die von Dritten geliefert werden. Es ist notwendig, die Verantwortung f\u00fcr eventuelle M\u00e4ngel direkt bei diesen Lieferanten wahrzunehmen. Der Veranstalter beh\u00e4lt sich das Recht vor, Preise nach eigenem Ermessen zu \u00e4ndern.<\/p>\n<p>Ein Teilnehmer kann vom Gewinnspiel ausgeschlossen werden, wenn der Veranstalter feststellt oder den begr\u00fcndeten Verdacht hat, dass der Teilnehmer oder andere Personen, die dem Teilnehmer helfen, einen Betrug begangen haben, um Preise zu erhalten, oder ein unlauteres Verhalten oder ein Verhalten an den<\/p>\n<p>Tag gelegt haben, das nicht auf dem Wissen des Teilnehmers in \u00dcbereinstimmung mit den Regeln beruht.<\/p>\n<p>Der Gastgeber haftet nicht f\u00fcr die Nichtzustellung von Nachrichten oder Gewinnen. Der Gastgeber haftet nicht f\u00fcr Fehler, die durch technische oder kommunikative Probleme entstehen. \u00dcber Beanstandungen oder vorgebrachte Einw\u00e4nde entscheidet der Gastgeber endg\u00fcltig. Der Veranstalter beh\u00e4lt sich das Recht vor, die Veranstaltung und die Preise zu verk\u00fcrzen, zu verschieben, zu unterbrechen oder abzusagen oder diese Regeln w\u00e4hrend des Bestehens der Veranstaltung einseitig zu \u00e4ndern oder zu erg\u00e4nzen, indem er solche \u00c4nderungen auf der oben genannten Website bekannt gibt, auf der auch der g\u00fcltige und vollst\u00e4ndige Wortlaut der Regeln zu finden ist, ohne dass er daf\u00fcr eine Entsch\u00e4digung leisten muss.<\/p>\n<p>Dieses Gewinnspiel wird in keiner Weise von Facebook betrieben, gesponsert oder mit Facebook in Verbindung gebracht, und Facebook ist nicht f\u00fcr das Gewinnspiel verantwortlich. Die w\u00e4hrend der Veranstaltung angegebenen Informationen werden nicht an Facebook weitergegeben. Alle Fragen, Kommentare oder Beschwerden in Bezug auf die Bewerbung m\u00fcssen an den Gastgeber gerichtet werden, nicht an Facebook.<\/p>\n<p>Dieser Wettbewerb unterliegt dem Recht der Tschechischen Republik, soweit dies nicht durch die geltende Gesetzgebung der L\u00e4nder der Teilnehmer ausgeschlossen ist.<\/p>\n","protected":false},"excerpt":{"rendered":"<p>Diese Regeln reglementieren die Bedingungen des &#8222;Win great prizes contest 2021&#8220; (im Folgenden als &#8222;Wettbewerb&#8220; bezeichnet) und sind das einzige [&hellip;]<\/p>\n","protected":false},"author":11,"featured_media":0,"parent":9429,"menu_order":0,"comment_status":"closed","ping_status":"closed","template":"","meta":{"footnotes":""},"tags":[],"class_list":["post-9432","page","type-page","status-publish","hentry"],"yoast_head":"<!-- This site is optimized with the Yoast SEO Premium plugin v25.3 (Yoast SEO v25.9) - https:\/\/yoast.com\/wordpress\/plugins\/seo\/ -->\n<title>TDF 2021 - Terms and conditions - \u0160koda We Love Cycling - Deutschland<\/title>\n<meta name=\"robots\" content=\"index, follow, max-snippet:-1, max-image-preview:large, max-video-preview:-1\" \/>\n<link rel=\"canonical\" href=\"https:\/\/www.welovecycling.com\/de\/tour-de-france\/terms-and-conditions-2\/\" \/>\n<meta property=\"og:locale\" content=\"de_DE\" \/>\n<meta property=\"og:type\" content=\"article\" \/>\n<meta property=\"og:title\" content=\"TDF 2021 - Terms and conditions\" \/>\n<meta property=\"og:description\" content=\"Diese Regeln reglementieren die Bedingungen des &#8222;Win great prizes contest 2021&#8220; (im Folgenden als &#8222;Wettbewerb&#8220; bezeichnet) und sind das einzige [&hellip;]\" \/>\n<meta property=\"og:url\" content=\"https:\/\/www.welovecycling.com\/de\/tour-de-france\/terms-and-conditions-2\/\" \/>\n<meta property=\"og:site_name\" content=\"\u0160koda We Love Cycling - Deutschland\" \/>\n<meta property=\"article:modified_time\" content=\"2021-06-28T08:38:31+00:00\" \/>\n<meta name=\"twitter:card\" content=\"summary_large_image\" \/>\n<meta name=\"twitter:label1\" content=\"Est. reading time\" \/>\n\t<meta name=\"twitter:data1\" content=\"7 minutes\" \/>\n<script type=\"application\/ld+json\" class=\"yoast-schema-graph\">{\"@context\":\"https:\/\/schema.org\",\"@graph\":[{\"@type\":\"WebPage\",\"@id\":\"https:\/\/www.welovecycling.com\/de\/tour-de-france\/terms-and-conditions-2\/\",\"url\":\"https:\/\/www.welovecycling.com\/de\/tour-de-france\/terms-and-conditions-2\/\",\"name\":\"TDF 2021 - Terms and conditions - \u0160koda We Love Cycling - Deutschland\",\"isPartOf\":{\"@id\":\"https:\/\/www.welovecycling.com\/de\/#website\"},\"datePublished\":\"2021-06-24T16:21:26+00:00\",\"dateModified\":\"2021-06-28T08:38:31+00:00\",\"breadcrumb\":{\"@id\":\"https:\/\/www.welovecycling.com\/de\/tour-de-france\/terms-and-conditions-2\/#breadcrumb\"},\"inLanguage\":\"de-DE\",\"potentialAction\":[{\"@type\":\"ReadAction\",\"target\":[\"https:\/\/www.welovecycling.com\/de\/tour-de-france\/terms-and-conditions-2\/\"]}]},{\"@type\":\"BreadcrumbList\",\"@id\":\"https:\/\/www.welovecycling.com\/de\/tour-de-france\/terms-and-conditions-2\/#breadcrumb\",\"itemListElement\":[{\"@type\":\"ListItem\",\"position\":1,\"name\":\"Home\",\"item\":\"https:\/\/www.welovecycling.com\/de\/\"},{\"@type\":\"ListItem\",\"position\":2,\"name\":\"Tour de France Spezial\",\"item\":\"https:\/\/www.welovecycling.com\/de\/tour-de-france\/\"},{\"@type\":\"ListItem\",\"position\":3,\"name\":\"TDF 2021 &#8211; Terms and conditions\"}]},{\"@type\":\"WebSite\",\"@id\":\"https:\/\/www.welovecycling.com\/de\/#website\",\"url\":\"https:\/\/www.welovecycling.com\/de\/\",\"name\":\"\u0160koda We Love Cycling - Deutschland\",\"description\":\"Just another \u0160koda WeLoveCycling Sites site\",\"potentialAction\":[{\"@type\":\"SearchAction\",\"target\":{\"@type\":\"EntryPoint\",\"urlTemplate\":\"https:\/\/www.welovecycling.com\/de\/?s={search_term_string}\"},\"query-input\":{\"@type\":\"PropertyValueSpecification\",\"valueRequired\":true,\"valueName\":\"search_term_string\"}}],\"inLanguage\":\"de-DE\"}]}<\/script>\n<!-- \/ Yoast SEO Premium plugin. -->","yoast_head_json":{"title":"TDF 2021 - Terms and conditions - \u0160koda We Love Cycling - Deutschland","robots":{"index":"index","follow":"follow","max-snippet":"max-snippet:-1","max-image-preview":"max-image-preview:large","max-video-preview":"max-video-preview:-1"},"canonical":"https:\/\/www.welovecycling.com\/de\/tour-de-france\/terms-and-conditions-2\/","og_locale":"de_DE","og_type":"article","og_title":"TDF 2021 - Terms and conditions","og_description":"Diese Regeln reglementieren die Bedingungen des &#8222;Win great prizes contest 2021&#8220; (im Folgenden als &#8222;Wettbewerb&#8220; bezeichnet) und sind das einzige [&hellip;]","og_url":"https:\/\/www.welovecycling.com\/de\/tour-de-france\/terms-and-conditions-2\/","og_site_name":"\u0160koda We Love Cycling - Deutschland","article_modified_time":"2021-06-28T08:38:31+00:00","twitter_card":"summary_large_image","twitter_misc":{"Est. reading time":"7 minutes"},"schema":{"@context":"https:\/\/schema.org","@graph":[{"@type":"WebPage","@id":"https:\/\/www.welovecycling.com\/de\/tour-de-france\/terms-and-conditions-2\/","url":"https:\/\/www.welovecycling.com\/de\/tour-de-france\/terms-and-conditions-2\/","name":"TDF 2021 - Terms and conditions - \u0160koda We Love Cycling - Deutschland","isPartOf":{"@id":"https:\/\/www.welovecycling.com\/de\/#website"},"datePublished":"2021-06-24T16:21:26+00:00","dateModified":"2021-06-28T08:38:31+00:00","breadcrumb":{"@id":"https:\/\/www.welovecycling.com\/de\/tour-de-france\/terms-and-conditions-2\/#breadcrumb"},"inLanguage":"de-DE","potentialAction":[{"@type":"ReadAction","target":["https:\/\/www.welovecycling.com\/de\/tour-de-france\/terms-and-conditions-2\/"]}]},{"@type":"BreadcrumbList","@id":"https:\/\/www.welovecycling.com\/de\/tour-de-france\/terms-and-conditions-2\/#breadcrumb","itemListElement":[{"@type":"ListItem","position":1,"name":"Home","item":"https:\/\/www.welovecycling.com\/de\/"},{"@type":"ListItem","position":2,"name":"Tour de France Spezial","item":"https:\/\/www.welovecycling.com\/de\/tour-de-france\/"},{"@type":"ListItem","position":3,"name":"TDF 2021 &#8211; Terms and conditions"}]},{"@type":"WebSite","@id":"https:\/\/www.welovecycling.com\/de\/#website","url":"https:\/\/www.welovecycling.com\/de\/","name":"\u0160koda We Love Cycling - Deutschland","description":"Just another \u0160koda WeLoveCycling Sites site","potentialAction":[{"@type":"SearchAction","target":{"@type":"EntryPoint","urlTemplate":"https:\/\/www.welovecycling.com\/de\/?s={search_term_string}"},"query-input":{"@type":"PropertyValueSpecification","valueRequired":true,"valueName":"search_term_string"}}],"inLanguage":"de-DE"}]}},"_links":{"self":[{"href":"https:\/\/www.welovecycling.com\/de\/wp-json\/wp\/v2\/pages\/9432","targetHints":{"allow":["GET"]}}],"collection":[{"href":"https:\/\/www.welovecycling.com\/de\/wp-json\/wp\/v2\/pages"}],"about":[{"href":"https:\/\/www.welovecycling.com\/de\/wp-json\/wp\/v2\/types\/page"}],"author":[{"embeddable":true,"href":"https:\/\/www.welovecycling.com\/de\/wp-json\/wp\/v2\/users\/11"}],"replies":[{"embeddable":true,"href":"https:\/\/www.welovecycling.com\/de\/wp-json\/wp\/v2\/comments?post=9432"}],"version-history":[{"count":2,"href":"https:\/\/www.welovecycling.com\/de\/wp-json\/wp\/v2\/pages\/9432\/revisions"}],"predecessor-version":[{"id":9484,"href":"https:\/\/www.welovecycling.com\/de\/wp-json\/wp\/v2\/pages\/9432\/revisions\/9484"}],"up":[{"embeddable":true,"href":"https:\/\/www.welovecycling.com\/de\/wp-json\/wp\/v2\/pages\/9429"}],"wp:attachment":[{"href":"https:\/\/www.welovecycling.com\/de\/wp-json\/wp\/v2\/media?parent=9432"}],"wp:term":[{"taxonomy":"post_tag","embeddable":true,"href":"https:\/\/www.welovecycling.com\/de\/wp-json\/wp\/v2\/tags?post=9432"}],"curies":[{"name":"wp","href":"https:\/\/api.w.org\/{rel}","templated":true}]}}