{"id":8163,"date":"2020-04-30T16:03:17","date_gmt":"2020-04-30T15:03:17","guid":{"rendered":"https:\/\/www.welovecycling.com\/de\/?page_id=8163"},"modified":"2020-04-30T16:20:05","modified_gmt":"2020-04-30T15:20:05","slug":"teilnahmebedingungen-strava-und-datenschutzhinweise","status":"publish","type":"page","link":"https:\/\/www.welovecycling.com\/de\/teilnahmebedingungen-strava-und-datenschutzhinweise\/","title":{"rendered":"Teilnahmebedingungen STRAVA und Datenschutzhinweise"},"content":{"rendered":"<p><strong>1. Gegenstand der Teilnahmebedingungen und Veranstalter<\/strong><\/p>\n<p>(1) Diese Teilnahmebedingungen regeln die Bedingungen f\u00fcr eine Teilnahme an dem #Ride2Unite STRAVA-Gewinnspiel. Die Beschreibung und der Ablauf des Gewinnspiels erfolgen im Rahmen der jeweiligen Aktion im Ausschreibungstext auf der STRAVA \u0160koda We Love Cycling Germany Seite. Dies betrifft insbesondere:<\/p>\n<ul>\n<li>Aufgabe bzw. Teilnahmevoraussetzungen f\u00fcr das konkrete Gewinnspiel<\/li>\n<li>Teilnahmeschluss<\/li>\n<li>zu gewinnende Preise<\/li>\n<li>Angaben, dass dasselbe Gewinnspiel auch auf anderen Plattformen durchgef\u00fchrt wird.<\/li>\n<\/ul>\n<p>(2) Die Teilnahme ist nur einmalig gestattet. Das gilt auch, sofern ein Gewinnspiel auf mehr als einer Plattform durchgef\u00fchrt wird.<\/p>\n<p>(3) Veranstalter des Gewinnspiels ist \u0160koda AUTO Deutschland GmbH, Max-Planck-Str. 3-5, 64331 Weiterstadt<\/p>\n<p>(4) Mit Teilnahme am jeweiligen Gewinnspiel werden diese Teilnahmebedingungen angenommen.<\/p>\n<p>(5) Das Gewinnspiel steht in keiner Verbindung zu STRAVA, es wird weder von STRAVA gesponsert, unterst\u00fctzt noch organisiert. Die \u0160koda AUTO Deutschland GmbH ist nicht verantwortlich f\u00fcr den Zugang zum Gewinnspiel. Dies schlie\u00dft sowohl die technische Verf\u00fcgbarkeit des Internet im Allgemeinen wie auch die Verf\u00fcgbarkeit des Services von STRAVA mit ein.<\/p>\n<p><strong>2. <\/strong><strong>Teilnahme<\/strong><\/p>\n<p>Teilnahmeberechtigt sind alle, die das 18. Lebensjahr vollendet und ihren Wohnsitz in Deutschland haben. Ausgeschlossen sind Mitarbeiter der \u0160koda AUTO Deutschland GmbH sowie Angeh\u00f6rige solcher Mitarbeiter und deren Verwandte. Die Teilnahme mit gef\u00e4lschten Identit\u00e4ten oder mit Identit\u00e4ten von Dritten ist nicht erlaubt.<\/p>\n<p><strong>3. Gewinne und Gewinnbenachrichtigung<\/strong><\/p>\n<p>(1) Der Gewinner wird innerhalb von 48 Stunden nach Teilnahmeschluss per Zufallsprinzip ermittelt. Der Gewinner wird auf der STRAVA \u0160koda We Love Cycling Germany Seite genannt oder per Privatnachricht benachrichtigt und aufgefordert, innerhalb von einer Woche Kontakt zu uns aufzunehmen und dabei die zur Gewinn\u00fcbergabe erforderlichen Kontaktdaten ordnungs- und wahrheitsgem\u00e4\u00df vollst\u00e4ndig zu \u00fcbermitteln.<\/p>\n<p>(2) Geht von einem Gewinner innerhalb der angegebenen Frist keine pers\u00f6nliche Nachricht bei uns ein, erlischt der Gewinnanspruch. Wir sind in diesem Fall berechtigt, eine Ersatzauslosung durchzuf\u00fchren.<\/p>\n<p>(3) Je Teilnehmer ist nur ein Gewinn je Gewinnspiel m\u00f6glich.<\/p>\n<p>(4) Der Gewinn ist weder \u00fcbertragbar, noch kann der Gewinn getauscht oder in bar ausgezahlt werden.<\/p>\n<p>(5) Sofern Umst\u00e4nde eintreten, die uns eine Gewinn\u00fcbergabe unm\u00f6glich machen und die wir nicht zu vertreten haben, akzeptiert der jeweilige Gewinner einen angemessenen Ersatzgewinn. Solche nicht zu vertretenden Umst\u00e4nde sind insbesondere solche, die bei den Sponsoren der Gewinne liegen.<\/p>\n<p>(6) Die Gewinne werden dem Gewinner per Post oder E-Mail an die angegebene Anschrift gesendet. Mit \u00dcbergabe des Gewinns an eine Transportperson geht die Gefahr auf den Gewinner \u00fcber. F\u00fcr Liefersch\u00e4den sind wir nicht verantwortlich.<\/p>\n<p><strong>4. Haftung und Freistellung<\/strong><\/p>\n<p>(1) Sofern der Teilnehmer Fotos oder sonstige Inhalte hochl\u00e4dt, garantiert der Teilnehmer, dass deren Bereitstellung, Ver\u00f6ffentlichung oder Nutzung nicht gegen geltendes Recht oder Rechte Dritter verst\u00f6\u00dft.<\/p>\n<p>(2) Der Teilnehmer stellt uns von Anspr\u00fcchen Dritter gleich welcher Art frei, die aus der Rechtswidrigkeit von Inhalten resultieren, die der Teilnehmer hochgeladen hat. Die Freistellungsverpflichtung umfasst auch die Verpflichtung, uns von Rechtsverteidigungskosten (z.B. Gerichts- und Anwaltskosten) vollst\u00e4ndig freizustellen.<\/p>\n<p>(3) Mit der Teilnahme am Gewinnspiel stellt der Teilnehmer Strava von jeder Haftung frei.<\/p>\n<p><strong>5. Ausschluss<\/strong><\/p>\n<p>(1) Ein Versto\u00df gegen diese Teilnahmebedingungen berechtigt uns, den jeweiligen Teilnehmer von der Teilnahme auszuschlie\u00dfen. Dies gilt insbesondere, wenn der Teilnehmer falsche Angaben macht oder verwendete Fotos oder andere Inhalte (z.B. Kommentare) geltendes Recht oder Rechte Dritter verletzen. Gleiches gilt bei Inhalten, die als gewaltverherrlichend, anst\u00f6\u00dfig, bel\u00e4stigend oder herabw\u00fcrdigend angesehen werden k\u00f6nnen oder in sonstiger Weise gegen das gesellschaftliche Anstandsgef\u00fchl versto\u00dfen.<\/p>\n<p>(2) Handelt es sich bei dem ausgeschlossenen Teilnehmer um einen bereits ausgelosten Gewinner, kann der Gewinn nachtr\u00e4glich aberkannt werden.<\/p>\n<p><strong>\u00a06.\u00a0<\/strong><strong>Datenschutzhinweise<\/strong><\/p>\n<p>F\u00fcr die Teilnahme am Gewinnspiel ist die Verarbeitung personenbezogener Daten notwendig. Der verantwortlichen \u0160koda AUTO Deutschland GmbH ist der Schutz personenbezogener Daten wichtig. Deshalb informieren wir nachstehend gem\u00e4\u00df Art. 13 DSGVO \u00fcber die Verarbeitung personenbezogener Daten und die jeweils zustehenden Rechte.<\/p>\n<p>A. Verantwortliche Stelle<\/p>\n<p>Der Verantwortliche im Sinne der Datenschutz-Grundverordnung und anderer nationaler Datenschutzgesetze der Mitgliedsstaaten sowie sonstiger datenschutzrechtlicher Bestimmungen ist die:<\/p>\n<p>\u0160koda AUTO Deutschland GmbH, Max-Planck-Stra\u00dfe 3-5, D-64331 Weiterstadt<\/p>\n<p>B. Zwecke, f\u00fcr die personenbezogene Daten verarbeitet werden, und Rechtsgrundlagen<\/p>\n<p>Deine personenbezogenen Daten (Strava-Name zur Teilnahme am Gewinnspiel; bei Gewinnern zudem voller b\u00fcrgerlicher Name, Anschrift, Handynummer und E-Mail-Adresse, soweit zur Gewinnabwicklung ben\u00f6tigt), verarbeiten wir nur, soweit sie zum Zweck der Durchf\u00fchrung des Gewinnspiels erforderlich sind. Rechtsgrundlage ist hier der durch die Teilnahme an dem Gewinnspiel bestehende Vertrag zwischen \u0160koda AUTO Deutschland und dem Teilnehmer (Rechtsgrundlage ist Art. 6 Abs. 1 S. 1 lit. b DSGVO).<\/p>\n<p>C. Empf\u00e4nger der personenbezogenen Daten<\/p>\n<p>An externe Dritte \u00fcbermitteln wir die Daten nicht. Mit Dienstleistern, die wir f\u00fcr die Durchf\u00fchrung des Gewinnspiels (etwa die Zusendung von Gewinnen, Agenturen) eingesetzt haben, wurden datenschutzrechtliche Auftragsverarbeitungsvertr\u00e4ge vereinbart.<\/p>\n<p>D. \u00dcbermittlung der Daten in ein Drittland<\/p>\n<p>Wir \u00fcbermitteln Ihre Daten nicht in ein Drittland. Bitte beachten Sie jedoch, dass die Nutzung von Strava ggf. eine \u00dcbermittlung in ein Drittland nach sich zieht. Insoweit verweisen wir auf die Datenschutzhinweise von Strava, die unter dem folgenden Link einsehbar sind:<\/p>\n<p>https:\/\/www.strava.com\/legal\/privacy?hl=de-DE#full_policy<\/p>\n<p>E. L\u00f6schung Ihrer personenbezogenen Daten<\/p>\n<p>Sollte ein Teilnehmer seine Teilnahme am Gewinnspiel wieder beenden, werden seine personenbezogenen Daten nicht weiter durch \u0160koda AUTO Deutschland aufbewahrt. Nimmt ein Teilnehmer bis zum Zeitpunkt des Teilnahmeschlusses am Gewinnspiel teil, werden seine personenbezogenen Daten so lange gespeichert, wie dies f\u00fcr die Abwicklung der Gewinnerermittlung und ggf. der Gewinn\u00fcbergabe erforderlich ist oder ggf. gesetzliche Speicherpflichten bestehen. Anschlie\u00dfend werden alle personenbezogenen Daten vollst\u00e4ndig gel\u00f6scht.<\/p>\n<p>F. Betroffenenrechte<\/p>\n<p>Jeder Teilnehmer hat hinsichtlich der durch uns verarbeiteten personenbezogenen Daten folgende Rechte:<\/p>\n<ul>\n<li>Recht auf Auskunft,<\/li>\n<li>Recht auf Berichtigung,<\/li>\n<li>Recht auf L\u00f6schung,<\/li>\n<li>Recht auf Einschr\u00e4nkung der Verarbeitung,<\/li>\n<li>Recht auf Daten\u00fcbertragbarkeit,<\/li>\n<li>Widerspruchsrecht,<\/li>\n<li>Recht auf Widerruf einer erteilten Einwilligung.<\/li>\n<\/ul>\n<p>Ferner haben Teilnehmer das Recht, sich bei einer Datenschutzaufsichtsbeh\u00f6rde \u00fcber die Verarbeitung Ihrer personenbezogenen Daten zu beschweren.<\/p>\n<p>G. Kontaktdaten des Datenschutzbeauftragten des Verantwortlichen<\/p>\n<p>Datenschutzbeauftragter, \u0160koda AUTO Deutschland GmbH, Max-Planck-Stra\u00dfe 3-5, 64331 Weiterstadt, Deutschland, datenschutz@skoda-auto.de<\/p>\n<p><strong>7. Schlussbestimmungen<\/strong><\/p>\n<p>(1) Sollten die Teilnahmebedingungen unwirksame Regelungen enthalten, bleibt die Wirksamkeit der Bedingungen im \u00dcbrigen unber\u00fchrt.<\/p>\n<p>(2) Es gilt deutsches Recht. Ein Rechtsweg zur \u00dcberpr\u00fcfung der Auslosung ist ausgeschlossen.<\/p>\n<p>Stand: 30.04.2020<\/p>\n<p>&nbsp;<\/p>\n<p>&nbsp;<\/p>\n","protected":false},"excerpt":{"rendered":"<p>1. Gegenstand der Teilnahmebedingungen und Veranstalter (1) Diese Teilnahmebedingungen regeln die Bedingungen f\u00fcr eine Teilnahme an dem #Ride2Unite STRAVA-Gewinnspiel. Die [&hellip;]<\/p>\n","protected":false},"author":115,"featured_media":0,"parent":0,"menu_order":0,"comment_status":"closed","ping_status":"closed","template":"","meta":{"footnotes":""},"tags":[],"class_list":["post-8163","page","type-page","status-publish","hentry"],"yoast_head":"<!-- This site is optimized with the Yoast SEO Premium plugin v25.3 (Yoast SEO v25.9) - https:\/\/yoast.com\/wordpress\/plugins\/seo\/ -->\n<title>Teilnahmebedingungen STRAVA und Datenschutzhinweise - \u0160koda We Love Cycling - Deutschland<\/title>\n<meta name=\"description\" content=\"Teilnahmebedingungen Strava und Datenschutzhinweise\" \/>\n<meta name=\"robots\" content=\"index, follow, max-snippet:-1, max-image-preview:large, max-video-preview:-1\" \/>\n<link rel=\"canonical\" href=\"https:\/\/www.welovecycling.com\/de\/teilnahmebedingungen-strava-und-datenschutzhinweise\/\" \/>\n<meta property=\"og:locale\" content=\"de_DE\" \/>\n<meta property=\"og:type\" content=\"article\" \/>\n<meta property=\"og:title\" content=\"Teilnahmebedingungen STRAVA und Datenschutzhinweise\" \/>\n<meta property=\"og:description\" content=\"Teilnahmebedingungen Strava und Datenschutzhinweise\" \/>\n<meta property=\"og:url\" content=\"https:\/\/www.welovecycling.com\/de\/teilnahmebedingungen-strava-und-datenschutzhinweise\/\" \/>\n<meta property=\"og:site_name\" content=\"\u0160koda We Love Cycling - Deutschland\" \/>\n<meta property=\"article:modified_time\" content=\"2020-04-30T15:20:05+00:00\" \/>\n<meta name=\"twitter:card\" content=\"summary_large_image\" \/>\n<meta name=\"twitter:label1\" content=\"Est. reading time\" \/>\n\t<meta name=\"twitter:data1\" content=\"5 minutes\" \/>\n<script type=\"application\/ld+json\" class=\"yoast-schema-graph\">{\"@context\":\"https:\/\/schema.org\",\"@graph\":[{\"@type\":\"WebPage\",\"@id\":\"https:\/\/www.welovecycling.com\/de\/teilnahmebedingungen-strava-und-datenschutzhinweise\/\",\"url\":\"https:\/\/www.welovecycling.com\/de\/teilnahmebedingungen-strava-und-datenschutzhinweise\/\",\"name\":\"Teilnahmebedingungen STRAVA und Datenschutzhinweise - \u0160koda We Love Cycling - Deutschland\",\"isPartOf\":{\"@id\":\"https:\/\/www.welovecycling.com\/de\/#website\"},\"datePublished\":\"2020-04-30T15:03:17+00:00\",\"dateModified\":\"2020-04-30T15:20:05+00:00\",\"description\":\"Teilnahmebedingungen Strava und Datenschutzhinweise\",\"breadcrumb\":{\"@id\":\"https:\/\/www.welovecycling.com\/de\/teilnahmebedingungen-strava-und-datenschutzhinweise\/#breadcrumb\"},\"inLanguage\":\"de-DE\",\"potentialAction\":[{\"@type\":\"ReadAction\",\"target\":[\"https:\/\/www.welovecycling.com\/de\/teilnahmebedingungen-strava-und-datenschutzhinweise\/\"]}]},{\"@type\":\"BreadcrumbList\",\"@id\":\"https:\/\/www.welovecycling.com\/de\/teilnahmebedingungen-strava-und-datenschutzhinweise\/#breadcrumb\",\"itemListElement\":[{\"@type\":\"ListItem\",\"position\":1,\"name\":\"Home\",\"item\":\"https:\/\/www.welovecycling.com\/de\/\"},{\"@type\":\"ListItem\",\"position\":2,\"name\":\"Teilnahmebedingungen STRAVA und Datenschutzhinweise\"}]},{\"@type\":\"WebSite\",\"@id\":\"https:\/\/www.welovecycling.com\/de\/#website\",\"url\":\"https:\/\/www.welovecycling.com\/de\/\",\"name\":\"\u0160koda We Love Cycling - Deutschland\",\"description\":\"Just another \u0160koda WeLoveCycling Sites site\",\"potentialAction\":[{\"@type\":\"SearchAction\",\"target\":{\"@type\":\"EntryPoint\",\"urlTemplate\":\"https:\/\/www.welovecycling.com\/de\/?s={search_term_string}\"},\"query-input\":{\"@type\":\"PropertyValueSpecification\",\"valueRequired\":true,\"valueName\":\"search_term_string\"}}],\"inLanguage\":\"de-DE\"}]}<\/script>\n<!-- \/ Yoast SEO Premium plugin. -->","yoast_head_json":{"title":"Teilnahmebedingungen STRAVA und Datenschutzhinweise - \u0160koda We Love Cycling - Deutschland","description":"Teilnahmebedingungen Strava und Datenschutzhinweise","robots":{"index":"index","follow":"follow","max-snippet":"max-snippet:-1","max-image-preview":"max-image-preview:large","max-video-preview":"max-video-preview:-1"},"canonical":"https:\/\/www.welovecycling.com\/de\/teilnahmebedingungen-strava-und-datenschutzhinweise\/","og_locale":"de_DE","og_type":"article","og_title":"Teilnahmebedingungen STRAVA und Datenschutzhinweise","og_description":"Teilnahmebedingungen Strava und Datenschutzhinweise","og_url":"https:\/\/www.welovecycling.com\/de\/teilnahmebedingungen-strava-und-datenschutzhinweise\/","og_site_name":"\u0160koda We Love Cycling - Deutschland","article_modified_time":"2020-04-30T15:20:05+00:00","twitter_card":"summary_large_image","twitter_misc":{"Est. reading time":"5 minutes"},"schema":{"@context":"https:\/\/schema.org","@graph":[{"@type":"WebPage","@id":"https:\/\/www.welovecycling.com\/de\/teilnahmebedingungen-strava-und-datenschutzhinweise\/","url":"https:\/\/www.welovecycling.com\/de\/teilnahmebedingungen-strava-und-datenschutzhinweise\/","name":"Teilnahmebedingungen STRAVA und Datenschutzhinweise - \u0160koda We Love Cycling - Deutschland","isPartOf":{"@id":"https:\/\/www.welovecycling.com\/de\/#website"},"datePublished":"2020-04-30T15:03:17+00:00","dateModified":"2020-04-30T15:20:05+00:00","description":"Teilnahmebedingungen Strava und Datenschutzhinweise","breadcrumb":{"@id":"https:\/\/www.welovecycling.com\/de\/teilnahmebedingungen-strava-und-datenschutzhinweise\/#breadcrumb"},"inLanguage":"de-DE","potentialAction":[{"@type":"ReadAction","target":["https:\/\/www.welovecycling.com\/de\/teilnahmebedingungen-strava-und-datenschutzhinweise\/"]}]},{"@type":"BreadcrumbList","@id":"https:\/\/www.welovecycling.com\/de\/teilnahmebedingungen-strava-und-datenschutzhinweise\/#breadcrumb","itemListElement":[{"@type":"ListItem","position":1,"name":"Home","item":"https:\/\/www.welovecycling.com\/de\/"},{"@type":"ListItem","position":2,"name":"Teilnahmebedingungen STRAVA und Datenschutzhinweise"}]},{"@type":"WebSite","@id":"https:\/\/www.welovecycling.com\/de\/#website","url":"https:\/\/www.welovecycling.com\/de\/","name":"\u0160koda We Love Cycling - Deutschland","description":"Just another \u0160koda WeLoveCycling Sites site","potentialAction":[{"@type":"SearchAction","target":{"@type":"EntryPoint","urlTemplate":"https:\/\/www.welovecycling.com\/de\/?s={search_term_string}"},"query-input":{"@type":"PropertyValueSpecification","valueRequired":true,"valueName":"search_term_string"}}],"inLanguage":"de-DE"}]}},"_links":{"self":[{"href":"https:\/\/www.welovecycling.com\/de\/wp-json\/wp\/v2\/pages\/8163","targetHints":{"allow":["GET"]}}],"collection":[{"href":"https:\/\/www.welovecycling.com\/de\/wp-json\/wp\/v2\/pages"}],"about":[{"href":"https:\/\/www.welovecycling.com\/de\/wp-json\/wp\/v2\/types\/page"}],"author":[{"embeddable":true,"href":"https:\/\/www.welovecycling.com\/de\/wp-json\/wp\/v2\/users\/115"}],"replies":[{"embeddable":true,"href":"https:\/\/www.welovecycling.com\/de\/wp-json\/wp\/v2\/comments?post=8163"}],"version-history":[{"count":2,"href":"https:\/\/www.welovecycling.com\/de\/wp-json\/wp\/v2\/pages\/8163\/revisions"}],"predecessor-version":[{"id":8168,"href":"https:\/\/www.welovecycling.com\/de\/wp-json\/wp\/v2\/pages\/8163\/revisions\/8168"}],"wp:attachment":[{"href":"https:\/\/www.welovecycling.com\/de\/wp-json\/wp\/v2\/media?parent=8163"}],"wp:term":[{"taxonomy":"post_tag","embeddable":true,"href":"https:\/\/www.welovecycling.com\/de\/wp-json\/wp\/v2\/tags?post=8163"}],"curies":[{"name":"wp","href":"https:\/\/api.w.org\/{rel}","templated":true}]}}