{"id":7081,"date":"2018-05-24T07:26:14","date_gmt":"2018-05-24T06:26:14","guid":{"rendered":"https:\/\/www.welovecycling.com\/de\/?page_id=7081"},"modified":"2020-05-20T10:02:55","modified_gmt":"2020-05-20T09:02:55","slug":"contest-memorandum","status":"publish","type":"page","link":"https:\/\/www.welovecycling.com\/de\/docs\/contest-memorandum\/","title":{"rendered":"Informationen zur Verarbeitung personenbezogener Daten (Wettbewerb)"},"content":{"rendered":"<div id=\"pl-7081\"  class=\"panel-layout\" ><div id=\"pg-7081-0\"  class=\"panel-grid panel-no-style\" ><div id=\"pgc-7081-0-0\"  class=\"panel-grid-cell\" ><div id=\"panel-7081-0-0-0\" class=\"so-panel widget widget_sow-editor panel-first-child\" data-index=\"0\" ><div\n\t\t\t\n\t\t\tclass=\"so-widget-sow-editor so-widget-sow-editor-base\"\n\t\t\t\n\t\t>\n<div class=\"siteorigin-widget-tinymce textwidget\">\n\t<p>Mit diesem Dokument informieren wir, als Verantwortlicher der gespeicherten pers\u00f6nlichen Daten - Firma \u0160koda AUTO a.s., t\u0159. V\u00e1clava Klementa 869, Mlad\u00e1 Boleslav II, 293 10, Mlad\u00e1 Boleslav, Identifikationsnummer: 00177041, eingetragen im Handelsregister des Stadtgerichtes Prag unter Abschnitt B Nr. 332 (im folgenden \"Firma \u0160koda AUTO\" genannt) - Sie \u00fcber die Verarbeitung personenbezogener Daten und Ihre Rechte in Bezug auf diese Verarbeitung.<\/p>\n<p>Die Verarbeitung personenbezogener Daten umfasst folgende Aktivit\u00e4ten:<\/p>\n<p><strong>Gewinnspielorganisation und darin enthaltene Abstimmung und Auslosung<\/strong><\/p>\n<\/div>\n<\/div><\/div><div id=\"panel-7081-0-0-1\" class=\"so-panel widget widget_sow-editor panel-last-child\" data-index=\"1\" ><div\n\t\t\t\n\t\t\tclass=\"so-widget-sow-editor so-widget-sow-editor-base\"\n\t\t\t\n\t\t>\n<div class=\"siteorigin-widget-tinymce textwidget\">\n\t<h3>Zweck der Verarbeitung:<\/h3>\n<p>Organisation von Wettbewerben\/Gewinnspielen und Sicherstellung einer fairen Stimmabgabe in einem Abstimmungswettbewerb\/Gewinnspiel<\/p>\n<h3>Beschreibung des Zwecks der Verarbeitung:<\/h3>\n<p>Wenn Sie sich entscheiden, an einem Gewinnspiel teilzunehmen, den wir im Rahmen unserer Aktivit\u00e4ten durchf\u00fchren, verwenden wir Ihre pers\u00f6nlichen Daten, wenn Sie Teilnehmer am Gewinnspiel sind, zb. Ihre Daten und die Daten Ihres Kindes, wenn Sie ein gesetzlicher Vormund eines Teilnehmers am Gewinnspiel sind, damit wir Sie unter die Teilnehmer aufnehmen, den Gewinnspiel bewerten und einen Preis senden oder \u00fcberreichen k\u00f6nnen. Diese T\u00e4tigkeiten k\u00f6nnen von uns selbst oder \u00fcber Dritte - Agenturen - durchgef\u00fchrt werden. Mit Hilfe dieser Daten k\u00f6nnen wir auch sicherstellen, dass Situationen, in denen eine Person mehrfach abstimmt, minimiert werden.<\/p>\n<h3>Rechtsgrundlage der Verarbeitung:<\/h3>\n<p>Wir m\u00fcssen die Verarbeitung durchf\u00fchren, da es f\u00fcr uns notwendig ist, unsere Verpflichtungen aus dem angek\u00fcndigten Gewinnspiel erf\u00fcllen zu k\u00f6nnen. Die Angabe Ihrer pers\u00f6nlichen Daten ist eine vertragliche Voraussetzung, und wenn Sie diese nicht angeben, werden Sie m\u00f6glicherweise nicht in das Gewinnspiel aufgenommen<\/p>\n<h3>Kategorien der personenbezogenen Daten, die wir vararbeiten:<\/h3>\n<p>Identifikationsdaten, Kontaktdaten<\/p>\n<h3>Bearbeitungs- und Archivierungszeitraum:<\/h3>\n<p>1 Jahr nach Beendigung des Gewinnspiels<\/p>\n<h3>Kategorien von Datenverarbeitern oder Empf\u00e4ngern, denen wir die personenbezogenen Daten zur Verf\u00fcgung stellen d\u00fcrfen:<\/h3>\n<p>Agenturen, die das Gewinnspiel ausf\u00fchren.<\/p>\n<p>Auf Anfrage k\u00f6nnen Ihre personenbezogenen Daten an Beh\u00f6rden, insbesondere an Gerichte, die Polizei der Tschechischen Republik und andere Strafverfolgungsbeh\u00f6rden im erforderlichen Umfang und innerhalb der gesetzlichen Grenzen weitergegeben werden.<\/p>\n<h3>Quelle der pers\u00f6nlichen Daten:<\/h3>\n<p>Wir erhalten die pers\u00f6nlichen Daten direkt von Ihnen.<\/p>\n<h3>\u00dcbermittlung personenbezogener Daten an Drittstaaten oder supranationale Organisationen:<\/h3>\n<p>Im Rahmen der Verarbeitung k\u00f6nnen Ihre pers\u00f6nlichen Daten an Empf\u00e4nger in Drittl\u00e4ndern, z.B. den Vereinigten Staaten von Amerika, \u00fcbermittelt werden. In diesem Fall kann diese \u00dcbertragung entweder auf der Grundlage eines Angemessenheitsbeschlusses der Europ\u00e4ischen Kommission, z.B. Organisationen, die am Privacy-Shield-Programm teilnehmen, oder auf der Grundlage von Standardvertragsklauseln, z.B. des Mustervertrags der Europ\u00e4ischen Kommission, erfolgen, ohne dass in seinem Wortlaut \u00c4nderungen vorgenommen werden, wie dies in der geltenden Rechtsvorschrift zum Schutz personenbezogener Daten vorgesehen ist. Sie k\u00f6nnen die neuesten Informationen unter <a href=\"http:\/\/www.skoda-auto.com\/other\/privacy-policy-de\" target=\"_blank\" rel=\"noopener\">www.skoda-auto.com\/other\/privacy-policy-de<\/a> finden.<\/p>\n<h3>Automatisierte Entscheidungsfindung basierend auf den pers\u00f6nlichen Daten:<\/h3>\n<p>W\u00e4hrend der personenbezogenen Datenverarbeitung findet keine automatisierte Entscheidungsfindung auf der Grundlage der personenbezogenen Daten statt.<\/p>\n<h3>Andere Informationen<\/h3>\n<p>Personenbezogene Daten k\u00f6nnen im \u00f6ffentlichen Interesse archiviert und f\u00fcr wissenschaftliche, historische oder statistische Forschungszwecke verwendet werden. In begr\u00fcndeten F\u00e4llen k\u00f6nnen die personenbezogenen Daten auch Gegenstand der Rechtsverfolgung sein, einschlie\u00dflich der Erf\u00fcllung von Verpflichtungen gegen\u00fcber den \u00f6ffentlichen Verwaltungsorganen und der \u00dcberwachung und laufenden Evaluierung von Rechtsrisiken.<\/p>\n<\/div>\n<\/div><\/div><\/div><\/div><div id=\"pg-7081-1\"  class=\"panel-grid panel-no-style\" ><div id=\"pgc-7081-1-0\"  class=\"panel-grid-cell\" ><div id=\"panel-7081-1-0-0\" class=\"so-panel widget widget_sow-editor panel-first-child panel-last-child\" data-index=\"2\" ><div\n\t\t\t\n\t\t\tclass=\"so-widget-sow-editor so-widget-sow-editor-base\"\n\t\t\t\n\t\t>\n<div class=\"siteorigin-widget-tinymce textwidget\">\n\t<p><a href=\"https:\/\/www.welovecycling.com\/de\/docs\/rechte\/\">Was sind Ihre Rechte?<\/a><\/p>\n<\/div>\n<\/div><\/div><\/div><\/div><\/div>","protected":false},"excerpt":{"rendered":"<p>Mit diesem Dokument informieren wir, als Verantwortlicher der gespeicherten pers\u00f6nlichen Daten &#8211; Firma \u0160koda AUTO a.s., t\u0159. V\u00e1clava Klementa 869, [&hellip;]<\/p>\n","protected":false},"author":1,"featured_media":0,"parent":7079,"menu_order":0,"comment_status":"closed","ping_status":"closed","template":"templates\/template-empty-page-headline.php","meta":{"footnotes":""},"tags":[],"class_list":["post-7081","page","type-page","status-publish","hentry"],"yoast_head":"<!-- This site is optimized with the Yoast SEO Premium plugin v25.3 (Yoast SEO v25.9) - https:\/\/yoast.com\/wordpress\/plugins\/seo\/ -->\n<title>Informationen zur Verarbeitung personenbezogener Daten (Wettbewerb) - \u0160koda We Love Cycling - Deutschland<\/title>\n<meta name=\"robots\" content=\"index, follow, max-snippet:-1, max-image-preview:large, max-video-preview:-1\" \/>\n<link rel=\"canonical\" href=\"https:\/\/www.welovecycling.com\/de\/docs\/contest-memorandum\/\" \/>\n<meta property=\"og:locale\" content=\"de_DE\" \/>\n<meta property=\"og:type\" content=\"article\" \/>\n<meta property=\"og:title\" content=\"Informationen zur Verarbeitung personenbezogener Daten (Wettbewerb)\" \/>\n<meta property=\"og:description\" content=\"Mit diesem Dokument informieren wir, als Verantwortlicher der gespeicherten pers\u00f6nlichen Daten - Firma \u0160koda AUTO a.s., t\u0159. V\u00e1clava Klementa 869, [&hellip;]\" \/>\n<meta property=\"og:url\" content=\"https:\/\/www.welovecycling.com\/de\/docs\/contest-memorandum\/\" \/>\n<meta property=\"og:site_name\" content=\"\u0160koda We Love Cycling - Deutschland\" \/>\n<meta property=\"article:modified_time\" content=\"2020-05-20T09:02:55+00:00\" \/>\n<meta name=\"twitter:card\" content=\"summary_large_image\" \/>\n<meta name=\"twitter:label1\" content=\"Est. reading time\" \/>\n\t<meta name=\"twitter:data1\" content=\"3 minutes\" \/>\n<script type=\"application\/ld+json\" class=\"yoast-schema-graph\">{\"@context\":\"https:\/\/schema.org\",\"@graph\":[{\"@type\":\"WebPage\",\"@id\":\"https:\/\/www.welovecycling.com\/de\/docs\/contest-memorandum\/\",\"url\":\"https:\/\/www.welovecycling.com\/de\/docs\/contest-memorandum\/\",\"name\":\"Informationen zur Verarbeitung personenbezogener Daten (Wettbewerb) - \u0160koda We Love Cycling - Deutschland\",\"isPartOf\":{\"@id\":\"https:\/\/www.welovecycling.com\/de\/#website\"},\"datePublished\":\"2018-05-24T06:26:14+00:00\",\"dateModified\":\"2020-05-20T09:02:55+00:00\",\"breadcrumb\":{\"@id\":\"https:\/\/www.welovecycling.com\/de\/docs\/contest-memorandum\/#breadcrumb\"},\"inLanguage\":\"de-DE\",\"potentialAction\":[{\"@type\":\"ReadAction\",\"target\":[\"https:\/\/www.welovecycling.com\/de\/docs\/contest-memorandum\/\"]}]},{\"@type\":\"BreadcrumbList\",\"@id\":\"https:\/\/www.welovecycling.com\/de\/docs\/contest-memorandum\/#breadcrumb\",\"itemListElement\":[{\"@type\":\"ListItem\",\"position\":1,\"name\":\"Home\",\"item\":\"https:\/\/www.welovecycling.com\/de\/\"},{\"@type\":\"ListItem\",\"position\":2,\"name\":\"Documents\",\"item\":\"https:\/\/www.welovecycling.com\/de\/docs\/\"},{\"@type\":\"ListItem\",\"position\":3,\"name\":\"Informationen zur Verarbeitung personenbezogener Daten (Wettbewerb)\"}]},{\"@type\":\"WebSite\",\"@id\":\"https:\/\/www.welovecycling.com\/de\/#website\",\"url\":\"https:\/\/www.welovecycling.com\/de\/\",\"name\":\"\u0160koda We Love Cycling - Deutschland\",\"description\":\"Just another \u0160koda WeLoveCycling Sites site\",\"potentialAction\":[{\"@type\":\"SearchAction\",\"target\":{\"@type\":\"EntryPoint\",\"urlTemplate\":\"https:\/\/www.welovecycling.com\/de\/?s={search_term_string}\"},\"query-input\":{\"@type\":\"PropertyValueSpecification\",\"valueRequired\":true,\"valueName\":\"search_term_string\"}}],\"inLanguage\":\"de-DE\"}]}<\/script>\n<!-- \/ Yoast SEO Premium plugin. -->","yoast_head_json":{"title":"Informationen zur Verarbeitung personenbezogener Daten (Wettbewerb) - \u0160koda We Love Cycling - Deutschland","robots":{"index":"index","follow":"follow","max-snippet":"max-snippet:-1","max-image-preview":"max-image-preview:large","max-video-preview":"max-video-preview:-1"},"canonical":"https:\/\/www.welovecycling.com\/de\/docs\/contest-memorandum\/","og_locale":"de_DE","og_type":"article","og_title":"Informationen zur Verarbeitung personenbezogener Daten (Wettbewerb)","og_description":"Mit diesem Dokument informieren wir, als Verantwortlicher der gespeicherten pers\u00f6nlichen Daten - Firma \u0160koda AUTO a.s., t\u0159. V\u00e1clava Klementa 869, [&hellip;]","og_url":"https:\/\/www.welovecycling.com\/de\/docs\/contest-memorandum\/","og_site_name":"\u0160koda We Love Cycling - Deutschland","article_modified_time":"2020-05-20T09:02:55+00:00","twitter_card":"summary_large_image","twitter_misc":{"Est. reading time":"3 minutes"},"schema":{"@context":"https:\/\/schema.org","@graph":[{"@type":"WebPage","@id":"https:\/\/www.welovecycling.com\/de\/docs\/contest-memorandum\/","url":"https:\/\/www.welovecycling.com\/de\/docs\/contest-memorandum\/","name":"Informationen zur Verarbeitung personenbezogener Daten (Wettbewerb) - \u0160koda We Love Cycling - Deutschland","isPartOf":{"@id":"https:\/\/www.welovecycling.com\/de\/#website"},"datePublished":"2018-05-24T06:26:14+00:00","dateModified":"2020-05-20T09:02:55+00:00","breadcrumb":{"@id":"https:\/\/www.welovecycling.com\/de\/docs\/contest-memorandum\/#breadcrumb"},"inLanguage":"de-DE","potentialAction":[{"@type":"ReadAction","target":["https:\/\/www.welovecycling.com\/de\/docs\/contest-memorandum\/"]}]},{"@type":"BreadcrumbList","@id":"https:\/\/www.welovecycling.com\/de\/docs\/contest-memorandum\/#breadcrumb","itemListElement":[{"@type":"ListItem","position":1,"name":"Home","item":"https:\/\/www.welovecycling.com\/de\/"},{"@type":"ListItem","position":2,"name":"Documents","item":"https:\/\/www.welovecycling.com\/de\/docs\/"},{"@type":"ListItem","position":3,"name":"Informationen zur Verarbeitung personenbezogener Daten (Wettbewerb)"}]},{"@type":"WebSite","@id":"https:\/\/www.welovecycling.com\/de\/#website","url":"https:\/\/www.welovecycling.com\/de\/","name":"\u0160koda We Love Cycling - Deutschland","description":"Just another \u0160koda WeLoveCycling Sites site","potentialAction":[{"@type":"SearchAction","target":{"@type":"EntryPoint","urlTemplate":"https:\/\/www.welovecycling.com\/de\/?s={search_term_string}"},"query-input":{"@type":"PropertyValueSpecification","valueRequired":true,"valueName":"search_term_string"}}],"inLanguage":"de-DE"}]}},"_links":{"self":[{"href":"https:\/\/www.welovecycling.com\/de\/wp-json\/wp\/v2\/pages\/7081","targetHints":{"allow":["GET"]}}],"collection":[{"href":"https:\/\/www.welovecycling.com\/de\/wp-json\/wp\/v2\/pages"}],"about":[{"href":"https:\/\/www.welovecycling.com\/de\/wp-json\/wp\/v2\/types\/page"}],"author":[{"embeddable":true,"href":"https:\/\/www.welovecycling.com\/de\/wp-json\/wp\/v2\/users\/1"}],"replies":[{"embeddable":true,"href":"https:\/\/www.welovecycling.com\/de\/wp-json\/wp\/v2\/comments?post=7081"}],"version-history":[{"count":2,"href":"https:\/\/www.welovecycling.com\/de\/wp-json\/wp\/v2\/pages\/7081\/revisions"}],"predecessor-version":[{"id":8248,"href":"https:\/\/www.welovecycling.com\/de\/wp-json\/wp\/v2\/pages\/7081\/revisions\/8248"}],"up":[{"embeddable":true,"href":"https:\/\/www.welovecycling.com\/de\/wp-json\/wp\/v2\/pages\/7079"}],"wp:attachment":[{"href":"https:\/\/www.welovecycling.com\/de\/wp-json\/wp\/v2\/media?parent=7081"}],"wp:term":[{"taxonomy":"post_tag","embeddable":true,"href":"https:\/\/www.welovecycling.com\/de\/wp-json\/wp\/v2\/tags?post=7081"}],"curies":[{"name":"wp","href":"https:\/\/api.w.org\/{rel}","templated":true}]}}