{"id":6559,"date":"2020-01-23T13:19:42","date_gmt":"2020-01-23T12:19:42","guid":{"rendered":"https:\/\/www.welovecycling.com\/de\/?page_id=6559"},"modified":"2023-02-21T17:09:31","modified_gmt":"2023-02-21T16:09:31","slug":"sponsoring","status":"publish","type":"page","link":"https:\/\/www.welovecycling.com\/de\/sponsoring\/","title":{"rendered":"Sponsoring"},"content":{"rendered":"<h2><strong>FASZINATION. LEIDENSCHAFT. SPANNUNG.<\/strong><\/h2>\n<h3><strong>Schnallen Sie sich an &#8211; denn das \u0160koda Sportjahr 2023 hat es in sich!<\/strong><\/h3>\n<h3><span style=\"font-size: 14pt;\"><strong>Eishockey &amp; \u0160koda<\/strong><\/span><\/h3>\n<h3><span style=\"font-size: 14pt;\"><strong>\u0160koda und das Deutsche Eishockey: Leidenschaft aus Tradition!<\/strong><\/span><\/h3>\n<p>Seit vielen Jahren unterst\u00fctzen wir den Deutschen Eishockey Bund (DEB) und die deutsche Nationalmannschaft als verl\u00e4sslicher Sponsor und Premiumpartner. Mit gro\u00dfer Begeisterung st\u00e4rken wir sowohl den Profis als auch dem Nachwuchs den R\u00fccken. Mit unserem \u0160koda Logo sind wir mitten auf der Eisfl\u00e4che und auf den Trikots der gro\u00dfartigen Sportler:innen zu sehen. Wir w\u00fcnschen allen Eishockeyspieler:innnen viel Power und Erfolg.<\/p>\n<p><a href=\"https:\/\/d2p6e6u75xmxt8.cloudfront.net\/10\/2023\/02\/TDF2023_RGB_DEB-1-scaled.webp\"><img loading=\"lazy\" decoding=\"async\" class=\"alignnone wp-image-10693 \" src=\"https:\/\/d2p6e6u75xmxt8.cloudfront.net\/10\/2023\/02\/TDF2023_RGB_DEB-1-1920x1124.webp\" alt=\"\" width=\"449\" height=\"263\" srcset=\"https:\/\/d2p6e6u75xmxt8.cloudfront.net\/10\/2023\/02\/TDF2023_RGB_DEB-1-1920x1124.webp 1920w, https:\/\/d2p6e6u75xmxt8.cloudfront.net\/10\/2023\/02\/TDF2023_RGB_DEB-1-300x176.webp 300w, https:\/\/d2p6e6u75xmxt8.cloudfront.net\/10\/2023\/02\/TDF2023_RGB_DEB-1-1024x600.webp 1024w, https:\/\/d2p6e6u75xmxt8.cloudfront.net\/10\/2023\/02\/TDF2023_RGB_DEB-1-768x450.webp 768w, https:\/\/d2p6e6u75xmxt8.cloudfront.net\/10\/2023\/02\/TDF2023_RGB_DEB-1-1536x899.webp 1536w, https:\/\/d2p6e6u75xmxt8.cloudfront.net\/10\/2023\/02\/TDF2023_RGB_DEB-1-2048x1199.webp 2048w, https:\/\/d2p6e6u75xmxt8.cloudfront.net\/10\/2023\/02\/TDF2023_RGB_DEB-1-400x234.webp 400w, https:\/\/d2p6e6u75xmxt8.cloudfront.net\/10\/2023\/02\/TDF2023_RGB_DEB-1-1920x1124.webp 1920w\" sizes=\"auto, (max-width: 449px) 100vw, 449px\" \/><\/a><\/p>\n<h3><span style=\"font-size: 14pt;\"><strong>\u0160koda und die IIHF<\/strong><\/span><\/h3>\n<p>Seit knapp 30 Jahren ist \u0160koda Hauptsponsor der IIHF Eishockey Weltmeisterschaft, damit halten wir beim Hauptsponsoring den GUINESS-Weltrekord in der Geschichte der Sport-Weltmeisterschaften. \u0160koda ist bei der IIHF nicht zu \u00fcbersehen: Mit Untereis- und Bandenwerbung, mit unseren Fahrzeugen in den Eissporthallen und unseren vielen verschiedenen Aktionen zeigen wir den Fans und der Welt, wie stark unser Herz f\u00fcr Eishockey schl\u00e4gt.<\/p>\n<p>2023 sind die Austragungsorte der Spiele das finnische Seengebiet Tampere sowie Riga in Lettland. Die deutsche Nationalmannschaft trifft in der Vorrunde auf den Gastgeber Finnland, sowie auf Schweden, USA, D\u00e4nemark, \u00d6sterreich, Ungarn und Frankreich.<\/p>\n<p><a href=\"https:\/\/d2p6e6u75xmxt8.cloudfront.net\/10\/2023\/02\/Sikoda_IIHF2023_RGB.svg\"><img loading=\"lazy\" decoding=\"async\" class=\"alignnone wp-image-10696 \" src=\"https:\/\/d2p6e6u75xmxt8.cloudfront.net\/10\/2023\/02\/Sikoda_IIHF2023_RGB.svg\" alt=\"\" width=\"455\" height=\"273\" \/><\/a><\/p>\n<h3><span style=\"font-size: 14pt;\"><strong>Die Tour de France und Tour de France Femmes avec Swift<\/strong><\/span><\/h3>\n<p>Wenn die besten Profiradsportler um den Sieg bei der Tour de France k\u00e4mpfen, sind wir zum 20. Mal in Folge als offizieller Sponsor und Automobilpartner mit von der Partie. \u201eUnser\u201c Jubil\u00e4umsrennen startet am 1. Juli im Baskenland in Bilbao (Spanien). Auf 3.404 Kilometern nimmt die \u201eCr\u00e9me de la Cr\u00e9me\u201c des Radsports 21 herausfordernde Etappen auf sich. Die Zieleinfahrt geht am 23. Juli wie gewohnt auf der ber\u00fchmten Avenue des Champs-\u00c9lys\u00e9es in Paris \u00fcber die B\u00fchne.<\/p>\n<p>Es wird wohl eine Tour, die vom st\u00e4rksten Bergfahrer gewonnen werden wird. Die Strecke f\u00fchrt durch viele gro\u00dfe Gebirge Frankreichs. Es stehen vier Bergank\u00fcnfte und vier weitere Bergetappen auf dem Programm. Daf\u00fcr gibt es nur ein Einzelzeitfahren \u2013 und auch dieses kommt den Bergfahrern entgegen. Die 22 Kilometer f\u00fchren \u00fcber die C\u00f4te des Soudans und die C\u00f4te de Domancy. Auch im Jubil\u00e4umsjahr ist \u0160koda wieder mit dem Gr\u00fcnen Trikot f\u00fcr den besten Sprinter und einer Flotte von mehr als 200 Service- und Begleitfahrzeugen vertreten. Mit dem \u0160koda ENYAQ iV f\u00fchrt ein rein elektrisches Leading Car das Peloton an.<\/p>\n<p>Gleich im Anschluss an die Zielankunft der M\u00e4nner steigen wir mit den Frauen bei der Tour de France Femmes avec Zwift in den Sattel. Acht Etappen f\u00fchren die Teilnehmerinnen \u00fcber eine Distanz von 956 Kilometern von Clermont-Ferrand nach Pau. Auch hier warten einige H\u00f6henmeter auf die Radfahrerinnen. Das Rennen f\u00fchrt nun ins Zentralmassiv und dann in die Pyren\u00e4en. Das Rennen endet mit einem Zeitfahren in Pau.<\/p>\n<p><a href=\"https:\/\/d2p6e6u75xmxt8.cloudfront.net\/10\/2023\/02\/TDF_TDFF2023_RGBHiRes-1-scaled.webp\"><img loading=\"lazy\" decoding=\"async\" class=\"alignnone wp-image-10697 \" src=\"https:\/\/d2p6e6u75xmxt8.cloudfront.net\/10\/2023\/02\/TDF_TDFF2023_RGBHiRes-1-scaled.webp\" alt=\"\" width=\"514\" height=\"208\" srcset=\"https:\/\/d2p6e6u75xmxt8.cloudfront.net\/10\/2023\/02\/TDF_TDFF2023_RGBHiRes-1-scaled.webp 2560w, https:\/\/d2p6e6u75xmxt8.cloudfront.net\/10\/2023\/02\/TDF_TDFF2023_RGBHiRes-1-300x121.webp 300w, https:\/\/d2p6e6u75xmxt8.cloudfront.net\/10\/2023\/02\/TDF_TDFF2023_RGBHiRes-1-1024x414.webp 1024w, https:\/\/d2p6e6u75xmxt8.cloudfront.net\/10\/2023\/02\/TDF_TDFF2023_RGBHiRes-1-768x310.webp 768w, https:\/\/d2p6e6u75xmxt8.cloudfront.net\/10\/2023\/02\/TDF_TDFF2023_RGBHiRes-1-1536x621.webp 1536w\" sizes=\"auto, (max-width: 514px) 100vw, 514px\" \/><\/a><\/p>\n<h3><span style=\"font-size: 14pt;\"><strong>\u0160koda Veloteam 2023<\/strong><\/span><\/h3>\n<p>Ein Highlight sind im \u0160koda Radsportkalender die Hobbyrennen des \u0160koda Veloteams, die in ganz Deutschland stattfinden werden. Auch in diesem Jahr nimmt das \u0160koda Veloteam wieder einige der gr\u00f6\u00dften und erfolgreichsten deutschen Radsportevents unter die Pedale.<\/p>\n<p style=\"text-align: left;\"><a href=\"https:\/\/d2p6e6u75xmxt8.cloudfront.net\/10\/2023\/02\/skoda_veloteam_positiv_RGB-scaled.webp\"><img loading=\"lazy\" decoding=\"async\" class=\"alignnone wp-image-10685 \" src=\"https:\/\/d2p6e6u75xmxt8.cloudfront.net\/10\/2023\/02\/skoda_veloteam_positiv_RGB-1622x1920.webp\" alt=\"\" width=\"224\" height=\"265\" srcset=\"https:\/\/d2p6e6u75xmxt8.cloudfront.net\/10\/2023\/02\/skoda_veloteam_positiv_RGB-1622x1920.webp 1622w, https:\/\/d2p6e6u75xmxt8.cloudfront.net\/10\/2023\/02\/skoda_veloteam_positiv_RGB-253x300.webp 253w, https:\/\/d2p6e6u75xmxt8.cloudfront.net\/10\/2023\/02\/skoda_veloteam_positiv_RGB-865x1024.webp 865w, https:\/\/d2p6e6u75xmxt8.cloudfront.net\/10\/2023\/02\/skoda_veloteam_positiv_RGB-768x909.webp 768w, https:\/\/d2p6e6u75xmxt8.cloudfront.net\/10\/2023\/02\/skoda_veloteam_positiv_RGB-1298x1536.webp 1298w, https:\/\/d2p6e6u75xmxt8.cloudfront.net\/10\/2023\/02\/skoda_veloteam_positiv_RGB-1730x2048.webp 1730w, https:\/\/d2p6e6u75xmxt8.cloudfront.net\/10\/2023\/02\/skoda_veloteam_positiv_RGB-338x400.webp 338w, https:\/\/d2p6e6u75xmxt8.cloudfront.net\/10\/2023\/02\/skoda_veloteam_positiv_RGB-1622x1920.webp 1622w\" sizes=\"auto, (max-width: 224px) 100vw, 224px\" \/><\/a><\/p>\n","protected":false},"excerpt":{"rendered":"<p>FASZINATION. LEIDENSCHAFT. SPANNUNG. Schnallen Sie sich an &#8211; denn das \u0160koda Sportjahr 2023 hat es in sich! Eishockey &amp; \u0160koda [&hellip;]<\/p>\n","protected":false},"author":27,"featured_media":10703,"parent":0,"menu_order":0,"comment_status":"closed","ping_status":"closed","template":"","meta":{"footnotes":""},"tags":[],"class_list":["post-6559","page","type-page","status-publish","has-post-thumbnail","hentry"],"yoast_head":"<!-- This site is optimized with the Yoast SEO Premium plugin v25.3 (Yoast SEO v25.9) - https:\/\/yoast.com\/wordpress\/plugins\/seo\/ -->\n<title>Sponsoring - \u0160koda We Love Cycling - Deutschland<\/title>\n<meta name=\"robots\" content=\"index, follow, max-snippet:-1, max-image-preview:large, max-video-preview:-1\" \/>\n<link rel=\"canonical\" href=\"https:\/\/www.welovecycling.com\/de\/sponsoring\/\" \/>\n<meta property=\"og:locale\" content=\"de_DE\" \/>\n<meta property=\"og:type\" content=\"article\" \/>\n<meta property=\"og:title\" content=\"Sponsoring\" \/>\n<meta property=\"og:description\" content=\"FASZINATION. LEIDENSCHAFT. SPANNUNG. Schnallen Sie sich an &#8211; denn das \u0160koda Sportjahr 2023 hat es in sich! Eishockey &amp; \u0160koda [&hellip;]\" \/>\n<meta property=\"og:url\" content=\"https:\/\/www.welovecycling.com\/de\/sponsoring\/\" \/>\n<meta property=\"og:site_name\" content=\"\u0160koda We Love Cycling - Deutschland\" \/>\n<meta property=\"article:modified_time\" content=\"2023-02-21T16:09:31+00:00\" \/>\n<meta property=\"og:image\" content=\"https:\/\/d2p6e6u75xmxt8.cloudfront.net\/10\/2023\/02\/Sponsoring-Skoda.webp\" \/>\n\t<meta property=\"og:image:width\" content=\"1500\" \/>\n\t<meta property=\"og:image:height\" content=\"1000\" \/>\n\t<meta property=\"og:image:type\" content=\"image\/webp\" \/>\n<meta name=\"twitter:card\" content=\"summary_large_image\" \/>\n<meta name=\"twitter:label1\" content=\"Est. reading time\" \/>\n\t<meta name=\"twitter:data1\" content=\"3 minutes\" \/>\n<script type=\"application\/ld+json\" class=\"yoast-schema-graph\">{\"@context\":\"https:\/\/schema.org\",\"@graph\":[{\"@type\":\"WebPage\",\"@id\":\"https:\/\/www.welovecycling.com\/de\/sponsoring\/\",\"url\":\"https:\/\/www.welovecycling.com\/de\/sponsoring\/\",\"name\":\"Sponsoring - \u0160koda We Love Cycling - Deutschland\",\"isPartOf\":{\"@id\":\"https:\/\/www.welovecycling.com\/de\/#website\"},\"primaryImageOfPage\":{\"@id\":\"https:\/\/www.welovecycling.com\/de\/sponsoring\/#primaryimage\"},\"image\":{\"@id\":\"https:\/\/www.welovecycling.com\/de\/sponsoring\/#primaryimage\"},\"thumbnailUrl\":\"https:\/\/d2p6e6u75xmxt8.cloudfront.net\/10\/2023\/02\/Sponsoring-Skoda.webp\",\"datePublished\":\"2020-01-23T12:19:42+00:00\",\"dateModified\":\"2023-02-21T16:09:31+00:00\",\"breadcrumb\":{\"@id\":\"https:\/\/www.welovecycling.com\/de\/sponsoring\/#breadcrumb\"},\"inLanguage\":\"de-DE\",\"potentialAction\":[{\"@type\":\"ReadAction\",\"target\":[\"https:\/\/www.welovecycling.com\/de\/sponsoring\/\"]}]},{\"@type\":\"ImageObject\",\"inLanguage\":\"de-DE\",\"@id\":\"https:\/\/www.welovecycling.com\/de\/sponsoring\/#primaryimage\",\"url\":\"https:\/\/d2p6e6u75xmxt8.cloudfront.net\/10\/2023\/02\/Sponsoring-Skoda.webp\",\"contentUrl\":\"https:\/\/d2p6e6u75xmxt8.cloudfront.net\/10\/2023\/02\/Sponsoring-Skoda.webp\",\"width\":1500,\"height\":1000},{\"@type\":\"BreadcrumbList\",\"@id\":\"https:\/\/www.welovecycling.com\/de\/sponsoring\/#breadcrumb\",\"itemListElement\":[{\"@type\":\"ListItem\",\"position\":1,\"name\":\"Home\",\"item\":\"https:\/\/www.welovecycling.com\/de\/\"},{\"@type\":\"ListItem\",\"position\":2,\"name\":\"Sponsoring\"}]},{\"@type\":\"WebSite\",\"@id\":\"https:\/\/www.welovecycling.com\/de\/#website\",\"url\":\"https:\/\/www.welovecycling.com\/de\/\",\"name\":\"\u0160koda We Love Cycling - Deutschland\",\"description\":\"Just another \u0160koda WeLoveCycling Sites site\",\"potentialAction\":[{\"@type\":\"SearchAction\",\"target\":{\"@type\":\"EntryPoint\",\"urlTemplate\":\"https:\/\/www.welovecycling.com\/de\/?s={search_term_string}\"},\"query-input\":{\"@type\":\"PropertyValueSpecification\",\"valueRequired\":true,\"valueName\":\"search_term_string\"}}],\"inLanguage\":\"de-DE\"}]}<\/script>\n<!-- \/ Yoast SEO Premium plugin. -->","yoast_head_json":{"title":"Sponsoring - \u0160koda We Love Cycling - Deutschland","robots":{"index":"index","follow":"follow","max-snippet":"max-snippet:-1","max-image-preview":"max-image-preview:large","max-video-preview":"max-video-preview:-1"},"canonical":"https:\/\/www.welovecycling.com\/de\/sponsoring\/","og_locale":"de_DE","og_type":"article","og_title":"Sponsoring","og_description":"FASZINATION. LEIDENSCHAFT. SPANNUNG. Schnallen Sie sich an &#8211; denn das \u0160koda Sportjahr 2023 hat es in sich! Eishockey &amp; \u0160koda [&hellip;]","og_url":"https:\/\/www.welovecycling.com\/de\/sponsoring\/","og_site_name":"\u0160koda We Love Cycling - Deutschland","article_modified_time":"2023-02-21T16:09:31+00:00","og_image":[{"width":1500,"height":1000,"url":"https:\/\/d2p6e6u75xmxt8.cloudfront.net\/10\/2023\/02\/Sponsoring-Skoda.webp","type":"image\/webp"}],"twitter_card":"summary_large_image","twitter_misc":{"Est. reading time":"3 minutes"},"schema":{"@context":"https:\/\/schema.org","@graph":[{"@type":"WebPage","@id":"https:\/\/www.welovecycling.com\/de\/sponsoring\/","url":"https:\/\/www.welovecycling.com\/de\/sponsoring\/","name":"Sponsoring - \u0160koda We Love Cycling - Deutschland","isPartOf":{"@id":"https:\/\/www.welovecycling.com\/de\/#website"},"primaryImageOfPage":{"@id":"https:\/\/www.welovecycling.com\/de\/sponsoring\/#primaryimage"},"image":{"@id":"https:\/\/www.welovecycling.com\/de\/sponsoring\/#primaryimage"},"thumbnailUrl":"https:\/\/d2p6e6u75xmxt8.cloudfront.net\/10\/2023\/02\/Sponsoring-Skoda.webp","datePublished":"2020-01-23T12:19:42+00:00","dateModified":"2023-02-21T16:09:31+00:00","breadcrumb":{"@id":"https:\/\/www.welovecycling.com\/de\/sponsoring\/#breadcrumb"},"inLanguage":"de-DE","potentialAction":[{"@type":"ReadAction","target":["https:\/\/www.welovecycling.com\/de\/sponsoring\/"]}]},{"@type":"ImageObject","inLanguage":"de-DE","@id":"https:\/\/www.welovecycling.com\/de\/sponsoring\/#primaryimage","url":"https:\/\/d2p6e6u75xmxt8.cloudfront.net\/10\/2023\/02\/Sponsoring-Skoda.webp","contentUrl":"https:\/\/d2p6e6u75xmxt8.cloudfront.net\/10\/2023\/02\/Sponsoring-Skoda.webp","width":1500,"height":1000},{"@type":"BreadcrumbList","@id":"https:\/\/www.welovecycling.com\/de\/sponsoring\/#breadcrumb","itemListElement":[{"@type":"ListItem","position":1,"name":"Home","item":"https:\/\/www.welovecycling.com\/de\/"},{"@type":"ListItem","position":2,"name":"Sponsoring"}]},{"@type":"WebSite","@id":"https:\/\/www.welovecycling.com\/de\/#website","url":"https:\/\/www.welovecycling.com\/de\/","name":"\u0160koda We Love Cycling - Deutschland","description":"Just another \u0160koda WeLoveCycling Sites site","potentialAction":[{"@type":"SearchAction","target":{"@type":"EntryPoint","urlTemplate":"https:\/\/www.welovecycling.com\/de\/?s={search_term_string}"},"query-input":{"@type":"PropertyValueSpecification","valueRequired":true,"valueName":"search_term_string"}}],"inLanguage":"de-DE"}]}},"_links":{"self":[{"href":"https:\/\/www.welovecycling.com\/de\/wp-json\/wp\/v2\/pages\/6559","targetHints":{"allow":["GET"]}}],"collection":[{"href":"https:\/\/www.welovecycling.com\/de\/wp-json\/wp\/v2\/pages"}],"about":[{"href":"https:\/\/www.welovecycling.com\/de\/wp-json\/wp\/v2\/types\/page"}],"author":[{"embeddable":true,"href":"https:\/\/www.welovecycling.com\/de\/wp-json\/wp\/v2\/users\/27"}],"replies":[{"embeddable":true,"href":"https:\/\/www.welovecycling.com\/de\/wp-json\/wp\/v2\/comments?post=6559"}],"version-history":[{"count":2,"href":"https:\/\/www.welovecycling.com\/de\/wp-json\/wp\/v2\/pages\/6559\/revisions"}],"predecessor-version":[{"id":7967,"href":"https:\/\/www.welovecycling.com\/de\/wp-json\/wp\/v2\/pages\/6559\/revisions\/7967"}],"wp:featuredmedia":[{"embeddable":true,"href":"https:\/\/www.welovecycling.com\/de\/wp-json\/wp\/v2\/media\/10703"}],"wp:attachment":[{"href":"https:\/\/www.welovecycling.com\/de\/wp-json\/wp\/v2\/media?parent=6559"}],"wp:term":[{"taxonomy":"post_tag","embeddable":true,"href":"https:\/\/www.welovecycling.com\/de\/wp-json\/wp\/v2\/tags?post=6559"}],"curies":[{"name":"wp","href":"https:\/\/api.w.org\/{rel}","templated":true}]}}