{"id":5267,"date":"2017-03-30T09:56:07","date_gmt":"2017-03-30T07:56:07","guid":{"rendered":"https:\/\/www.welovecycling.com\/de\/?page_id=5267"},"modified":"2025-07-15T14:54:28","modified_gmt":"2025-07-15T13:54:28","slug":"teilnahmebedingungen","status":"publish","type":"page","link":"https:\/\/www.welovecycling.com\/de\/extern\/teilnahmebedingungen\/","title":{"rendered":"Teilnahmebedingungen"},"content":{"rendered":"<h2>Teilnahmebedingungen f\u00fcr Online-Gewinnspiele auf dem Instagram-Profil @welovecycling.de und der Facebook-Seite skodaradsport<\/h2>\n<h3>Die Teilnahme an allen Gewinnspielen ist kostenlos und freiwillig.<\/h3>\n<h4 data-start=\"388\" data-end=\"411\">1. Geltungsbereich<\/h4>\n<p data-start=\"413\" data-end=\"972\">Diese Teilnahmebedingungen gelten f\u00fcr alle Gewinnspiele, die durch <strong>\u0160koda Auto Deutschland GmbH <\/strong>(nachfolgend \u201eVeranstalter\u201c) durchgef\u00fchrt werden. Jede<em data-start=\"587\" data-end=\"601\">r Teilnehmer<\/em>in erkennt mit der Teilnahme diese Teilnahmebedingungen an. Diese Gewinnspiele stehen in keiner Verbindung zu Instagram. Es wird in keiner Weise von Instagram gesponsert, unterst\u00fctzt oder organisiert und begr\u00fcndet keinerlei Rechtsanspr\u00fcche gegen\u00fcber Instagram. S\u00e4mtliche Informationen im Rahmen dieses Gewinnspiels werden ausschlie\u00dflich vom Veranstalter bereitgestellt.<\/p>\n<hr data-start=\"974\" data-end=\"977\" \/>\n<h4 data-start=\"979\" data-end=\"996\">2. Teilnahme<\/h4>\n<p data-start=\"998\" data-end=\"1724\">2.1 Teilnahmeberechtigt ist jede nat\u00fcrliche Person in eigenem Namen mit einem Mindestalter von 18 Jahren.<br data-start=\"1103\" data-end=\"1106\" \/>2.2 Der Veranstalter beh\u00e4lt sich vor, Personen von der Teilnahme auszuschlie\u00dfen, die gegen diese Teilnahmebedingungen versto\u00dfen oder sich durch unzul\u00e4ssige Beeinflussung oder Manipulation des Gewinnspiels einen Vorteil gegen\u00fcber anderen Teilnehmer<em data-start=\"1353\" data-end=\"1430\">innen verschaffen oder verschaffen wollen. Der Veranstalter kann Teilnehmer<\/em>innen in diesen F\u00e4llen auch nachtr\u00e4glich vom Gewinnspiel ausschlie\u00dfen, Gewinne aberkennen und diese zur\u00fcckfordern.<br \/>\n2.3 Die Teilnahme ist nur innerhalb der in der Gewinnspielbeschreibung genannten Frist m\u00f6glich. Jede<em data-start=\"1647\" data-end=\"1661\">r Teilnehmer<\/em>in darf nur einmal an einem identischen Gewinnspiel teilnehmen.<br \/>\n2.4 Mitarbeiter der deutschen \u0160koda Organisation sind von der Verlosung ausgeschlossen.<\/p>\n<hr data-start=\"1726\" data-end=\"1729\" \/>\n<h4 data-start=\"1731\" data-end=\"1768\">3. Durchf\u00fchrung des Gewinnspiels<\/h4>\n<p data-start=\"1770\" data-end=\"2393\">3.1 Voraussetzung f\u00fcr die Teilnahme am Gewinnspiel ist das Folgen des Instagram-Kanals <strong data-start=\"1857\" data-end=\"1878\">@welovecycling.de <\/strong>oder der Facebookseite <strong data-start=\"1857\" data-end=\"1878\">skodaradsport<\/strong>. Sollte eine weitere Voraussetzung f\u00fcr die Teilnahme am Gewinnspiel erforderlich sein, so ist dies direkt bei der Mitmachm\u00f6glichkeit am Gewinnspiel mitgeteilt.<br data-start=\"2038\" data-end=\"2041\" \/>3.2 Beginn des Gewinnspiels ist Zeitpunkt der Ver\u00f6ffentlichung. Das Gewinnspielende wird im jeweiligen Post bekannt gegeben. Unmittelbar nach Ablauf der Teilnahmefrist wird der\/<em data-start=\"2210\" data-end=\"2224\">die Gewinner<\/em>in unter den Teilnehmer*innen nach dem Zufallsprinzip ausgelost.<br data-start=\"2288\" data-end=\"2291\" \/>3.3 Eine \u00c4nderung oder Barauszahlung des Preises ist ausgeschlossen. Der Gewinn ist nicht \u00fcbertragbar.<\/p>\n<hr data-start=\"2395\" data-end=\"2398\" \/>\n<h4 data-start=\"2400\" data-end=\"2424\">4. Gewinnabwicklung<\/h4>\n<p data-start=\"2426\" data-end=\"3275\">4.1 Die Benachrichtigung der Gewinner<em data-start=\"2463\" data-end=\"2559\">innen erfolgt via Kommentar oder Instagram-Nachricht oder pers\u00f6nlicher Facebook Benachrichtigung. Hinsichtlich des Gewinns gilt, dass jede<\/em>r so benachrichtigte Teilnehmer<em data-start=\"2590\" data-end=\"2895\">in verpflichtet ist, innerhalb von einer Woche nach Kontaktaufnahme dem Veranstalter mitzuteilen, ob er\/sie den Gewinn annimmt. Falls der Veranstalter innerhalb dieser Frist keine entsprechende Nachricht erh\u00e4lt, verf\u00e4llt die M\u00f6glichkeit der Annahme des Gewinns und der Veranstalter beh\u00e4lt sich vor, eine<\/em>n andere<em data-start=\"2903\" data-end=\"2917\">n Teilnehmer<\/em>in zu ermitteln und entsprechend zu benachrichtigen.<br data-start=\"2969\" data-end=\"2972\" \/>4.2 Sollten die angegebenen Kontaktm\u00f6glichkeiten der teilnehmenden Person fehlerhaft sein (z.\u202fB. E-Mailadresse), ist der Veranstalter nicht verpflichtet, die richtigen Daten zu ermitteln. Die Nachteile, die sich aus der Angabe fehlerhafter Kontaktdaten ergeben, gehen zu Lasten der teilnehmenden Person.<\/p>\n<hr data-start=\"3277\" data-end=\"3280\" \/>\n<h4 data-start=\"3282\" data-end=\"3303\">5. M\u00e4ngelhaftung<\/h4>\n<p data-start=\"3305\" data-end=\"3550\">F\u00fcr Sch\u00e4den, die dem\/<em data-start=\"3325\" data-end=\"3339\">der Gewinner<\/em>in aufgrund von Sach- und\/oder Rechtsm\u00e4ngeln entstehen, haftet der Veranstalter nur bei Arglist, Vorsatz oder grober Fahrl\u00e4ssigkeit. Im \u00dcbrigen ist eine Haftung wegen Sach- und\/oder Rechtsm\u00e4ngeln ausgeschlossen.<\/p>\n<hr data-start=\"3552\" data-end=\"3555\" \/>\n<h4 data-start=\"3557\" data-end=\"3628\">6. Vorzeitige Beendigung, Anpassung oder \u00c4nderung des Gewinnspiels<\/h4>\n<p data-start=\"3630\" data-end=\"3944\">Der Veranstalter ist berechtigt, das Gewinnspiel jederzeit ohne Vorank\u00fcndigung und ohne Angabe von Gr\u00fcnden vorzeitig zu beenden, anzupassen oder abzu\u00e4ndern, wenn eine ordnungsgem\u00e4\u00dfe Durchf\u00fchrung des Gewinnspiels ohne entsprechende Ma\u00dfnahmen aus technischen oder rechtlichen Gr\u00fcnden nicht gew\u00e4hrleistet werden kann.<\/p>\n<hr data-start=\"3946\" data-end=\"3949\" \/>\n<h4 data-start=\"3951\" data-end=\"3976\">7. Anwendbares Recht<\/h4>\n<p data-start=\"3978\" data-end=\"4297\">F\u00fcr s\u00e4mtliche Rechtsbeziehungen der Parteien gilt das Recht der Bundesrepublik Deutschland. Bei Verbraucher<em data-start=\"4085\" data-end=\"4222\">innen gilt diese Rechtswahl nur insoweit, als nicht der gew\u00e4hrte Schutz durch zwingende Bestimmungen des Rechts des Staates, in dem der<\/em>die Verbraucher<em data-start=\"4237\" data-end=\"4248\">in seinen<\/em>ihren gew\u00f6hnlichen Aufenthalt hat, entzogen wird.<\/p>\n<hr data-start=\"4299\" data-end=\"4302\" \/>\n<h4 data-start=\"4304\" data-end=\"4323\">8. Datenschutz<\/h4>\n<p data-start=\"4325\" data-end=\"4408\"><strong data-start=\"4325\" data-end=\"4408\">Verantwortlich f\u00fcr Datenverarbeitungen im Zusammenhang mit dem Gewinnspiel ist:<\/strong><\/p>\n<p><strong>\u0160koda Auto Deutschland GmbH<br \/>\n<\/strong>Max-Planck-Stra\u00dfe 3-5<br \/>\nD-64331 Weiterstadt<\/p>\n<p data-start=\"4477\" data-end=\"4790\">Der benannte Verantwortliche ist f\u00fcr die Datenverarbeitungen auf der Instagram- und Facebook-Fanseite, auf der das Gewinnspiel veranstaltet wird, zusammen mit Instagram und Facebook (Plattformbetreiber ist die Facebook Ireland Ltd., 4 Grand Canal Square, Grand Canal Harbour, Dublin 2 Ireland) gemeinsam verantwortlich i.S.d. Art. 26 DSGVO.<\/p>\n<hr data-start=\"4792\" data-end=\"4795\" \/>\n<h5 data-start=\"4797\" data-end=\"4876\">8.1 Verarbeitung Ihrer personenbezogenen Daten im Rahmen des Gewinnspiels<\/h5>\n<p data-start=\"4878\" data-end=\"5777\">Wir verarbeiten Ihre personenbezogenen Daten zur ordnungsgem\u00e4\u00dfen Durchf\u00fchrung und Abwicklung des Gewinnspiels und insbesondere zur Versendung des Gewinns. Zur Durchf\u00fchrung des Gewinnspiels werden der Profilname und \u2013 sofern vorhanden \u2013 Vor- und Nachname der jeweiligen teilnehmenden Person erhoben und gespeichert. Zur Versendung des Gewinns erheben wir von dem<em data-start=\"5239\" data-end=\"5253\">der Gewinner<\/em>in zus\u00e4tzlich den Namen und Vornamen sowie die Anschrift und geben diese Daten an ein von uns beauftragtes Versandunternehmen weiter. Eine dar\u00fcberhinausgehende Weitergabe Ihrer Daten an Dritte erfolgt nicht. Rechtsgrundlage f\u00fcr diese Verarbeitungen Ihrer personenbezogenen Daten ist Art. 6 Abs. 1 lit. b DSGVO. Sofern wir den Vor- und Zunamen des<em data-start=\"5601\" data-end=\"5615\">der Gewinner<\/em>in separat auf unserem Profil bzw. unserer Fanseite ver\u00f6ffentlichen, erfolgt dies nur bei vorheriger ausdr\u00fccklicher Einwilligung gem\u00e4\u00df Art. 6 Abs. 1 lit. a DSGVO.<\/p>\n<hr data-start=\"5779\" data-end=\"5782\" \/>\n<h5 data-start=\"5784\" data-end=\"5807\">8.2 Speicherdauer<\/h5>\n<p data-start=\"5809\" data-end=\"6164\">Nach Beendigung des Gewinnspiels werden Ihre im Rahmen des Gewinnspiels verarbeiteten personenbezogenen Daten sp\u00e4testens drei Monate nach dem Ende des Gewinnspiels gel\u00f6scht, sofern keine wirksame Einwilligung zur Weiterverarbeitung (z.\u202fB. Newsletter-Versand) vorliegt und\/oder unsererseits kein berechtigtes Interesse an der Weiterspeicherung fortbesteht.<\/p>\n<hr data-start=\"6166\" data-end=\"6169\" \/>\n<h5 data-start=\"6171\" data-end=\"6203\">8.3 Ihre Betroffenenrechte<\/h5>\n<p data-start=\"6205\" data-end=\"6267\">Das geltende Datenschutzrecht r\u00e4umt Ihnen folgende Rechte ein:<\/p>\n<ul data-start=\"6269\" data-end=\"6752\">\n<li data-start=\"6269\" data-end=\"6311\">\n<p data-start=\"6271\" data-end=\"6311\"><strong data-start=\"6271\" data-end=\"6289\">Auskunftsrecht<\/strong> gem\u00e4\u00df Art. 15 DSGVO<\/p>\n<\/li>\n<li data-start=\"6312\" data-end=\"6362\">\n<p data-start=\"6314\" data-end=\"6362\"><strong data-start=\"6314\" data-end=\"6340\">Recht auf Berichtigung<\/strong> gem\u00e4\u00df Art. 16 DSGVO<\/p>\n<\/li>\n<li data-start=\"6363\" data-end=\"6409\">\n<p data-start=\"6365\" data-end=\"6409\"><strong data-start=\"6365\" data-end=\"6387\">Recht auf L\u00f6schung<\/strong> gem\u00e4\u00df Art. 17 DSGVO<\/p>\n<\/li>\n<li data-start=\"6410\" data-end=\"6478\">\n<p data-start=\"6412\" data-end=\"6478\"><strong data-start=\"6412\" data-end=\"6456\">Recht auf Einschr\u00e4nkung der Verarbeitung<\/strong> gem\u00e4\u00df Art. 18 DSGVO<\/p>\n<\/li>\n<li data-start=\"6479\" data-end=\"6530\">\n<p data-start=\"6481\" data-end=\"6530\"><strong data-start=\"6481\" data-end=\"6508\">Recht auf Unterrichtung<\/strong> gem\u00e4\u00df Art. 19 DSGVO<\/p>\n<\/li>\n<li data-start=\"6531\" data-end=\"6589\">\n<p data-start=\"6533\" data-end=\"6589\"><strong data-start=\"6533\" data-end=\"6567\">Recht auf Daten\u00fcbertragbarkeit<\/strong> gem\u00e4\u00df Art. 20 DSGVO<\/p>\n<\/li>\n<li data-start=\"6590\" data-end=\"6667\">\n<p data-start=\"6592\" data-end=\"6667\"><strong data-start=\"6592\" data-end=\"6639\">Recht auf Widerruf erteilter Einwilligungen<\/strong> gem\u00e4\u00df Art. 7 Abs. 3 DSGVO<\/p>\n<\/li>\n<li data-start=\"6668\" data-end=\"6752\">\n<p data-start=\"6670\" data-end=\"6752\"><strong data-start=\"6670\" data-end=\"6694\">Recht auf Beschwerde<\/strong> gem\u00e4\u00df Art. 77 DSGVO bei einer Datenschutzaufsichtsbeh\u00f6rde<\/p>\n<\/li>\n<\/ul>\n","protected":false},"excerpt":{"rendered":"<p>Teilnahmebedingungen f\u00fcr Online-Gewinnspiele auf dem Instagram-Profil @welovecycling.de und der Facebook-Seite skodaradsport Die Teilnahme an allen Gewinnspielen ist kostenlos und freiwillig. [&hellip;]<\/p>\n","protected":false},"author":59,"featured_media":0,"parent":5260,"menu_order":0,"comment_status":"closed","ping_status":"closed","template":"","meta":{"footnotes":""},"tags":[],"class_list":["post-5267","page","type-page","status-publish","hentry"],"yoast_head":"<!-- This site is optimized with the Yoast SEO Premium plugin v25.3 (Yoast SEO v25.9) - https:\/\/yoast.com\/wordpress\/plugins\/seo\/ -->\n<title>Teilnahmebedingungen - \u0160koda We Love Cycling - Deutschland<\/title>\n<meta name=\"robots\" content=\"index, follow, max-snippet:-1, max-image-preview:large, max-video-preview:-1\" \/>\n<link rel=\"canonical\" href=\"https:\/\/www.welovecycling.com\/de\/extern\/teilnahmebedingungen\/\" \/>\n<meta property=\"og:locale\" content=\"de_DE\" \/>\n<meta property=\"og:type\" content=\"article\" \/>\n<meta property=\"og:title\" content=\"Teilnahmebedingungen\" \/>\n<meta property=\"og:description\" content=\"Teilnahmebedingungen f\u00fcr Online-Gewinnspiele auf dem Instagram-Profil @welovecycling.de und der Facebook-Seite skodaradsport Die Teilnahme an allen Gewinnspielen ist kostenlos und freiwillig. [&hellip;]\" \/>\n<meta property=\"og:url\" content=\"https:\/\/www.welovecycling.com\/de\/extern\/teilnahmebedingungen\/\" \/>\n<meta property=\"og:site_name\" content=\"\u0160koda We Love Cycling - Deutschland\" \/>\n<meta property=\"article:modified_time\" content=\"2025-07-15T13:54:28+00:00\" \/>\n<meta name=\"twitter:card\" content=\"summary_large_image\" \/>\n<meta name=\"twitter:label1\" content=\"Est. reading time\" \/>\n\t<meta name=\"twitter:data1\" content=\"4 minutes\" \/>\n<script type=\"application\/ld+json\" class=\"yoast-schema-graph\">{\"@context\":\"https:\/\/schema.org\",\"@graph\":[{\"@type\":\"WebPage\",\"@id\":\"https:\/\/www.welovecycling.com\/de\/extern\/teilnahmebedingungen\/\",\"url\":\"https:\/\/www.welovecycling.com\/de\/extern\/teilnahmebedingungen\/\",\"name\":\"Teilnahmebedingungen - \u0160koda We Love Cycling - Deutschland\",\"isPartOf\":{\"@id\":\"https:\/\/www.welovecycling.com\/de\/#website\"},\"datePublished\":\"2017-03-30T07:56:07+00:00\",\"dateModified\":\"2025-07-15T13:54:28+00:00\",\"breadcrumb\":{\"@id\":\"https:\/\/www.welovecycling.com\/de\/extern\/teilnahmebedingungen\/#breadcrumb\"},\"inLanguage\":\"de-DE\",\"potentialAction\":[{\"@type\":\"ReadAction\",\"target\":[\"https:\/\/www.welovecycling.com\/de\/extern\/teilnahmebedingungen\/\"]}]},{\"@type\":\"BreadcrumbList\",\"@id\":\"https:\/\/www.welovecycling.com\/de\/extern\/teilnahmebedingungen\/#breadcrumb\",\"itemListElement\":[{\"@type\":\"ListItem\",\"position\":1,\"name\":\"Home\",\"item\":\"https:\/\/www.welovecycling.com\/de\/\"},{\"@type\":\"ListItem\",\"position\":2,\"name\":\"extern\",\"item\":\"https:\/\/www.welovecycling.com\/de\/extern\/\"},{\"@type\":\"ListItem\",\"position\":3,\"name\":\"Teilnahmebedingungen\"}]},{\"@type\":\"WebSite\",\"@id\":\"https:\/\/www.welovecycling.com\/de\/#website\",\"url\":\"https:\/\/www.welovecycling.com\/de\/\",\"name\":\"\u0160koda We Love Cycling - Deutschland\",\"description\":\"Just another \u0160koda WeLoveCycling Sites site\",\"potentialAction\":[{\"@type\":\"SearchAction\",\"target\":{\"@type\":\"EntryPoint\",\"urlTemplate\":\"https:\/\/www.welovecycling.com\/de\/?s={search_term_string}\"},\"query-input\":{\"@type\":\"PropertyValueSpecification\",\"valueRequired\":true,\"valueName\":\"search_term_string\"}}],\"inLanguage\":\"de-DE\"}]}<\/script>\n<!-- \/ Yoast SEO Premium plugin. -->","yoast_head_json":{"title":"Teilnahmebedingungen - \u0160koda We Love Cycling - Deutschland","robots":{"index":"index","follow":"follow","max-snippet":"max-snippet:-1","max-image-preview":"max-image-preview:large","max-video-preview":"max-video-preview:-1"},"canonical":"https:\/\/www.welovecycling.com\/de\/extern\/teilnahmebedingungen\/","og_locale":"de_DE","og_type":"article","og_title":"Teilnahmebedingungen","og_description":"Teilnahmebedingungen f\u00fcr Online-Gewinnspiele auf dem Instagram-Profil @welovecycling.de und der Facebook-Seite skodaradsport Die Teilnahme an allen Gewinnspielen ist kostenlos und freiwillig. [&hellip;]","og_url":"https:\/\/www.welovecycling.com\/de\/extern\/teilnahmebedingungen\/","og_site_name":"\u0160koda We Love Cycling - Deutschland","article_modified_time":"2025-07-15T13:54:28+00:00","twitter_card":"summary_large_image","twitter_misc":{"Est. reading time":"4 minutes"},"schema":{"@context":"https:\/\/schema.org","@graph":[{"@type":"WebPage","@id":"https:\/\/www.welovecycling.com\/de\/extern\/teilnahmebedingungen\/","url":"https:\/\/www.welovecycling.com\/de\/extern\/teilnahmebedingungen\/","name":"Teilnahmebedingungen - \u0160koda We Love Cycling - Deutschland","isPartOf":{"@id":"https:\/\/www.welovecycling.com\/de\/#website"},"datePublished":"2017-03-30T07:56:07+00:00","dateModified":"2025-07-15T13:54:28+00:00","breadcrumb":{"@id":"https:\/\/www.welovecycling.com\/de\/extern\/teilnahmebedingungen\/#breadcrumb"},"inLanguage":"de-DE","potentialAction":[{"@type":"ReadAction","target":["https:\/\/www.welovecycling.com\/de\/extern\/teilnahmebedingungen\/"]}]},{"@type":"BreadcrumbList","@id":"https:\/\/www.welovecycling.com\/de\/extern\/teilnahmebedingungen\/#breadcrumb","itemListElement":[{"@type":"ListItem","position":1,"name":"Home","item":"https:\/\/www.welovecycling.com\/de\/"},{"@type":"ListItem","position":2,"name":"extern","item":"https:\/\/www.welovecycling.com\/de\/extern\/"},{"@type":"ListItem","position":3,"name":"Teilnahmebedingungen"}]},{"@type":"WebSite","@id":"https:\/\/www.welovecycling.com\/de\/#website","url":"https:\/\/www.welovecycling.com\/de\/","name":"\u0160koda We Love Cycling - Deutschland","description":"Just another \u0160koda WeLoveCycling Sites site","potentialAction":[{"@type":"SearchAction","target":{"@type":"EntryPoint","urlTemplate":"https:\/\/www.welovecycling.com\/de\/?s={search_term_string}"},"query-input":{"@type":"PropertyValueSpecification","valueRequired":true,"valueName":"search_term_string"}}],"inLanguage":"de-DE"}]}},"_links":{"self":[{"href":"https:\/\/www.welovecycling.com\/de\/wp-json\/wp\/v2\/pages\/5267","targetHints":{"allow":["GET"]}}],"collection":[{"href":"https:\/\/www.welovecycling.com\/de\/wp-json\/wp\/v2\/pages"}],"about":[{"href":"https:\/\/www.welovecycling.com\/de\/wp-json\/wp\/v2\/types\/page"}],"author":[{"embeddable":true,"href":"https:\/\/www.welovecycling.com\/de\/wp-json\/wp\/v2\/users\/59"}],"replies":[{"embeddable":true,"href":"https:\/\/www.welovecycling.com\/de\/wp-json\/wp\/v2\/comments?post=5267"}],"version-history":[{"count":4,"href":"https:\/\/www.welovecycling.com\/de\/wp-json\/wp\/v2\/pages\/5267\/revisions"}],"predecessor-version":[{"id":11779,"href":"https:\/\/www.welovecycling.com\/de\/wp-json\/wp\/v2\/pages\/5267\/revisions\/11779"}],"up":[{"embeddable":true,"href":"https:\/\/www.welovecycling.com\/de\/wp-json\/wp\/v2\/pages\/5260"}],"wp:attachment":[{"href":"https:\/\/www.welovecycling.com\/de\/wp-json\/wp\/v2\/media?parent=5267"}],"wp:term":[{"taxonomy":"post_tag","embeddable":true,"href":"https:\/\/www.welovecycling.com\/de\/wp-json\/wp\/v2\/tags?post=5267"}],"curies":[{"name":"wp","href":"https:\/\/api.w.org\/{rel}","templated":true}]}}