{"id":5262,"date":"2017-03-27T14:15:04","date_gmt":"2017-03-27T12:15:04","guid":{"rendered":"https:\/\/www.welovecycling.com\/de\/?page_id=5262"},"modified":"2017-03-30T09:54:42","modified_gmt":"2017-03-30T07:54:42","slug":"netiquette","status":"publish","type":"page","link":"https:\/\/www.welovecycling.com\/de\/extern\/netiquette\/","title":{"rendered":"Netiquette"},"content":{"rendered":"<p>Wir hei\u00dfen Sie als Fan ganz herzlich willkommen in der gro\u00dfen \u0160koda Welt auf Facebook und freuen uns auf zahlreiche Beitr\u00e4ge und angeregte Diskussionen auf dieser Seite. Im Sinne eines respektvollen Umgangs miteinander bitten wir darum, fair mit anderen Usern umzugehen.<\/p>\n<p>Wir behalten uns vor, Beitr\u00e4ge von dieser Seite zu entfernen, die gegen die Facebook Richtlinien versto\u00dfen und\/oder bedrohlich, pornographisch, sexistisch oder rassistisch sind, Personen oder Unternehmen angreifen, Spam oder Werbung darstellen, pers\u00f6nliche Daten von anderen Personen enthalten, oder deutsches Recht, insbesondere<br \/>\nUrheber-, Marken- und Pers\u00f6nlichkeitsrechte und sonstige Rechte Dritter verletzen. Im Verletzungsfall sind Sie dazu verpflichtet, den Versto\u00df unverz\u00fcglich zu beseitigen und uns alle hieraus erwachsenden Sch\u00e4den zu ersetzen und von Anspr\u00fcchen Dritter freizustellen.<\/p>\n<p>Bitte haben Sie Verst\u00e4ndnis daf\u00fcr, dass wir auf dieser Seite nicht in aller Tiefe Hilfestellungen bei der L\u00f6sung individueller Anliegen geben k\u00f6nnen. Daf\u00fcr steht Ihnen ein spezieller Kanal zur Verf\u00fcgung: Unsere Kundenbetreuung ist jederzeit \u00fcber <a href=\"mailto:facebook-kundenbetreuung@skoda-auto.de\">facebook-kundenbetreuung@skoda-auto.de<\/a> erreichbar und hilft Ihnen bei Fragen gerne weiter.<\/p>\n<p><strong>Wir danken f\u00fcr Ihr Verst\u00e4ndnis und w\u00fcnschen Ihnen viel Spa\u00df.<\/strong><\/p>\n","protected":false},"excerpt":{"rendered":"<p>Wir hei\u00dfen Sie als Fan ganz herzlich willkommen in der gro\u00dfen \u0160koda Welt auf Facebook und freuen uns auf zahlreiche [&hellip;]<\/p>\n","protected":false},"author":59,"featured_media":5212,"parent":5260,"menu_order":0,"comment_status":"closed","ping_status":"closed","template":"page-templates\/page-external.php","meta":{"footnotes":""},"tags":[],"class_list":["post-5262","page","type-page","status-publish","has-post-thumbnail","hentry"],"yoast_head":"<!-- This site is optimized with the Yoast SEO Premium plugin v25.3 (Yoast SEO v25.9) - https:\/\/yoast.com\/wordpress\/plugins\/seo\/ -->\n<title>Netiquette - \u0160koda We Love Cycling - Deutschland<\/title>\n<meta name=\"robots\" content=\"index, follow, max-snippet:-1, max-image-preview:large, max-video-preview:-1\" \/>\n<link rel=\"canonical\" href=\"https:\/\/www.welovecycling.com\/de\/extern\/netiquette\/\" \/>\n<meta property=\"og:locale\" content=\"de_DE\" \/>\n<meta property=\"og:type\" content=\"article\" \/>\n<meta property=\"og:title\" content=\"Netiquette\" \/>\n<meta property=\"og:description\" content=\"Wir hei\u00dfen Sie als Fan ganz herzlich willkommen in der gro\u00dfen \u0160koda Welt auf Facebook und freuen uns auf zahlreiche [&hellip;]\" \/>\n<meta property=\"og:url\" content=\"https:\/\/www.welovecycling.com\/de\/extern\/netiquette\/\" \/>\n<meta property=\"og:site_name\" content=\"\u0160koda We Love Cycling - Deutschland\" \/>\n<meta property=\"article:modified_time\" content=\"2017-03-30T07:54:42+00:00\" \/>\n<meta property=\"og:image\" content=\"https:\/\/d2p6e6u75xmxt8.cloudfront.net\/10\/1970\/01\/faszination.jpg\" \/>\n\t<meta property=\"og:image:width\" content=\"1280\" \/>\n\t<meta property=\"og:image:height\" content=\"640\" \/>\n\t<meta property=\"og:image:type\" content=\"image\/jpeg\" \/>\n<meta name=\"twitter:card\" content=\"summary_large_image\" \/>\n<meta name=\"twitter:label1\" content=\"Est. reading time\" \/>\n\t<meta name=\"twitter:data1\" content=\"1 minute\" \/>\n<script type=\"application\/ld+json\" class=\"yoast-schema-graph\">{\"@context\":\"https:\/\/schema.org\",\"@graph\":[{\"@type\":\"WebPage\",\"@id\":\"https:\/\/www.welovecycling.com\/de\/extern\/netiquette\/\",\"url\":\"https:\/\/www.welovecycling.com\/de\/extern\/netiquette\/\",\"name\":\"Netiquette - \u0160koda We Love Cycling - Deutschland\",\"isPartOf\":{\"@id\":\"https:\/\/www.welovecycling.com\/de\/#website\"},\"primaryImageOfPage\":{\"@id\":\"https:\/\/www.welovecycling.com\/de\/extern\/netiquette\/#primaryimage\"},\"image\":{\"@id\":\"https:\/\/www.welovecycling.com\/de\/extern\/netiquette\/#primaryimage\"},\"thumbnailUrl\":\"https:\/\/d2p6e6u75xmxt8.cloudfront.net\/10\/1970\/01\/faszination.jpg\",\"datePublished\":\"2017-03-27T12:15:04+00:00\",\"dateModified\":\"2017-03-30T07:54:42+00:00\",\"breadcrumb\":{\"@id\":\"https:\/\/www.welovecycling.com\/de\/extern\/netiquette\/#breadcrumb\"},\"inLanguage\":\"de-DE\",\"potentialAction\":[{\"@type\":\"ReadAction\",\"target\":[\"https:\/\/www.welovecycling.com\/de\/extern\/netiquette\/\"]}]},{\"@type\":\"ImageObject\",\"inLanguage\":\"de-DE\",\"@id\":\"https:\/\/www.welovecycling.com\/de\/extern\/netiquette\/#primaryimage\",\"url\":\"https:\/\/d2p6e6u75xmxt8.cloudfront.net\/10\/1970\/01\/faszination.jpg\",\"contentUrl\":\"https:\/\/d2p6e6u75xmxt8.cloudfront.net\/10\/1970\/01\/faszination.jpg\",\"width\":1280,\"height\":640},{\"@type\":\"BreadcrumbList\",\"@id\":\"https:\/\/www.welovecycling.com\/de\/extern\/netiquette\/#breadcrumb\",\"itemListElement\":[{\"@type\":\"ListItem\",\"position\":1,\"name\":\"Home\",\"item\":\"https:\/\/www.welovecycling.com\/de\/\"},{\"@type\":\"ListItem\",\"position\":2,\"name\":\"extern\",\"item\":\"https:\/\/www.welovecycling.com\/de\/extern\/\"},{\"@type\":\"ListItem\",\"position\":3,\"name\":\"Netiquette\"}]},{\"@type\":\"WebSite\",\"@id\":\"https:\/\/www.welovecycling.com\/de\/#website\",\"url\":\"https:\/\/www.welovecycling.com\/de\/\",\"name\":\"\u0160koda We Love Cycling - Deutschland\",\"description\":\"Just another \u0160koda WeLoveCycling Sites site\",\"potentialAction\":[{\"@type\":\"SearchAction\",\"target\":{\"@type\":\"EntryPoint\",\"urlTemplate\":\"https:\/\/www.welovecycling.com\/de\/?s={search_term_string}\"},\"query-input\":{\"@type\":\"PropertyValueSpecification\",\"valueRequired\":true,\"valueName\":\"search_term_string\"}}],\"inLanguage\":\"de-DE\"}]}<\/script>\n<!-- \/ Yoast SEO Premium plugin. -->","yoast_head_json":{"title":"Netiquette - \u0160koda We Love Cycling - Deutschland","robots":{"index":"index","follow":"follow","max-snippet":"max-snippet:-1","max-image-preview":"max-image-preview:large","max-video-preview":"max-video-preview:-1"},"canonical":"https:\/\/www.welovecycling.com\/de\/extern\/netiquette\/","og_locale":"de_DE","og_type":"article","og_title":"Netiquette","og_description":"Wir hei\u00dfen Sie als Fan ganz herzlich willkommen in der gro\u00dfen \u0160koda Welt auf Facebook und freuen uns auf zahlreiche [&hellip;]","og_url":"https:\/\/www.welovecycling.com\/de\/extern\/netiquette\/","og_site_name":"\u0160koda We Love Cycling - Deutschland","article_modified_time":"2017-03-30T07:54:42+00:00","og_image":[{"width":1280,"height":640,"url":"https:\/\/d2p6e6u75xmxt8.cloudfront.net\/10\/1970\/01\/faszination.jpg","type":"image\/jpeg"}],"twitter_card":"summary_large_image","twitter_misc":{"Est. reading time":"1 minute"},"schema":{"@context":"https:\/\/schema.org","@graph":[{"@type":"WebPage","@id":"https:\/\/www.welovecycling.com\/de\/extern\/netiquette\/","url":"https:\/\/www.welovecycling.com\/de\/extern\/netiquette\/","name":"Netiquette - \u0160koda We Love Cycling - Deutschland","isPartOf":{"@id":"https:\/\/www.welovecycling.com\/de\/#website"},"primaryImageOfPage":{"@id":"https:\/\/www.welovecycling.com\/de\/extern\/netiquette\/#primaryimage"},"image":{"@id":"https:\/\/www.welovecycling.com\/de\/extern\/netiquette\/#primaryimage"},"thumbnailUrl":"https:\/\/d2p6e6u75xmxt8.cloudfront.net\/10\/1970\/01\/faszination.jpg","datePublished":"2017-03-27T12:15:04+00:00","dateModified":"2017-03-30T07:54:42+00:00","breadcrumb":{"@id":"https:\/\/www.welovecycling.com\/de\/extern\/netiquette\/#breadcrumb"},"inLanguage":"de-DE","potentialAction":[{"@type":"ReadAction","target":["https:\/\/www.welovecycling.com\/de\/extern\/netiquette\/"]}]},{"@type":"ImageObject","inLanguage":"de-DE","@id":"https:\/\/www.welovecycling.com\/de\/extern\/netiquette\/#primaryimage","url":"https:\/\/d2p6e6u75xmxt8.cloudfront.net\/10\/1970\/01\/faszination.jpg","contentUrl":"https:\/\/d2p6e6u75xmxt8.cloudfront.net\/10\/1970\/01\/faszination.jpg","width":1280,"height":640},{"@type":"BreadcrumbList","@id":"https:\/\/www.welovecycling.com\/de\/extern\/netiquette\/#breadcrumb","itemListElement":[{"@type":"ListItem","position":1,"name":"Home","item":"https:\/\/www.welovecycling.com\/de\/"},{"@type":"ListItem","position":2,"name":"extern","item":"https:\/\/www.welovecycling.com\/de\/extern\/"},{"@type":"ListItem","position":3,"name":"Netiquette"}]},{"@type":"WebSite","@id":"https:\/\/www.welovecycling.com\/de\/#website","url":"https:\/\/www.welovecycling.com\/de\/","name":"\u0160koda We Love Cycling - Deutschland","description":"Just another \u0160koda WeLoveCycling Sites site","potentialAction":[{"@type":"SearchAction","target":{"@type":"EntryPoint","urlTemplate":"https:\/\/www.welovecycling.com\/de\/?s={search_term_string}"},"query-input":{"@type":"PropertyValueSpecification","valueRequired":true,"valueName":"search_term_string"}}],"inLanguage":"de-DE"}]}},"_links":{"self":[{"href":"https:\/\/www.welovecycling.com\/de\/wp-json\/wp\/v2\/pages\/5262","targetHints":{"allow":["GET"]}}],"collection":[{"href":"https:\/\/www.welovecycling.com\/de\/wp-json\/wp\/v2\/pages"}],"about":[{"href":"https:\/\/www.welovecycling.com\/de\/wp-json\/wp\/v2\/types\/page"}],"author":[{"embeddable":true,"href":"https:\/\/www.welovecycling.com\/de\/wp-json\/wp\/v2\/users\/59"}],"replies":[{"embeddable":true,"href":"https:\/\/www.welovecycling.com\/de\/wp-json\/wp\/v2\/comments?post=5262"}],"version-history":[{"count":2,"href":"https:\/\/www.welovecycling.com\/de\/wp-json\/wp\/v2\/pages\/5262\/revisions"}],"predecessor-version":[{"id":5266,"href":"https:\/\/www.welovecycling.com\/de\/wp-json\/wp\/v2\/pages\/5262\/revisions\/5266"}],"up":[{"embeddable":true,"href":"https:\/\/www.welovecycling.com\/de\/wp-json\/wp\/v2\/pages\/5260"}],"wp:featuredmedia":[{"embeddable":true,"href":"https:\/\/www.welovecycling.com\/de\/wp-json\/wp\/v2\/media\/5212"}],"wp:attachment":[{"href":"https:\/\/www.welovecycling.com\/de\/wp-json\/wp\/v2\/media?parent=5262"}],"wp:term":[{"taxonomy":"post_tag","embeddable":true,"href":"https:\/\/www.welovecycling.com\/de\/wp-json\/wp\/v2\/tags?post=5262"}],"curies":[{"name":"wp","href":"https:\/\/api.w.org\/{rel}","templated":true}]}}