{"id":477,"date":"2022-02-01T10:00:56","date_gmt":"2022-02-01T09:00:56","guid":{"rendered":"http:\/\/skoda-radsport.ys-beta.cz\/?page_id=477"},"modified":"2023-02-20T19:06:47","modified_gmt":"2023-02-20T18:06:47","slug":"motor-des-radsports","status":"publish","type":"page","link":"https:\/\/www.welovecycling.com\/de\/motor-des-radsports\/","title":{"rendered":"Motor des Radsports"},"content":{"rendered":"<h2><strong>\u0160koda und der Deutsche Profi- und Amateurradsport:<\/strong><\/h2>\n<p>Seit vielen Jahren tritt die Marke als Partner und F\u00f6rderer des Radsports kr\u00e4ftig in die Pedale \u2013 vom Hobby- und Breitensport bis hin zu Weltereignissen wie der Tour de France und Tour de France Femmes avec Swift. Das Radsport-Engagement unterstreicht die besondere Beziehung der Marke zum Fahrrad, mit dem die Geschichte des Automobilherstellers begann. 1895, also vor mehr als 125 Jahren, gr\u00fcndeten V\u00e1clav Laurin und V\u00e1clav Klement eine Fahrradmanufaktur im b\u00f6hmischen Mlad\u00e1 Boleslav, bis heute Hauptsitz der Marke. Schon zehn Jahre sp\u00e4ter rollte mit der Voiturette A das erste Automobil der jungen Firma aus den Werkshallen. 1925 fusionierte Laurin &amp; Klement mit \u0160koda. Heute engagiert sich \u0160koda als ,Motor des Radsports\u2018 auf vielen Ebenen.<\/p>\n<p>&nbsp;<\/p>\n<p><img loading=\"lazy\" decoding=\"async\" class=\"alignnone wp-image-6498\" style=\"font-size: 16px;\" src=\"https:\/\/d2p6e6u75xmxt8.cloudfront.net\/10\/2017\/12\/motor-des-radsport-black-cmyk-1.png\" alt=\"\" width=\"253\" height=\"190\" srcset=\"https:\/\/d2p6e6u75xmxt8.cloudfront.net\/10\/2017\/12\/motor-des-radsport-black-cmyk-1.png 260w, https:\/\/d2p6e6u75xmxt8.cloudfront.net\/10\/2017\/12\/motor-des-radsport-black-cmyk-1-160x120.png 160w\" sizes=\"auto, (max-width: 253px) 100vw, 253px\" \/><\/p>\n<h3><\/h3>\n<p>&nbsp;<\/p>\n<h3><span style=\"font-size: 14pt;\"><strong>\u0160koda UND DER BUND DEUTSCHER RADFAHRER<\/strong><\/span><\/h3>\n<p>Als Hauptpartner unterst\u00fctzt \u0160koda den Bund Deutscher Radfahrer (BDR) und bringt unsere Radsportlerinnen und Radsportler erfolgreich auf die Strecke, der auf ein sehr erfolgreiches Jahr 2022 zur\u00fcckblicken kann. Bei den letztj\u00e4hrigen Welt- und Europameisterschaften boten die deutschen Athletinnen und Athleten herausragende Leistungen und freuten sich \u00fcber 111 Medaillen, 46 davon in Gold. Insbesondere die Bahnfahrer:innen setzten bei den unterschiedlichen Meisterschaften der verschiedenen Leistungsklassen internationale Ma\u00dfst\u00e4be.<\/p>\n<p>Bei den Deutschen Radmeisterschaften, die vom 23. bis 25. Juni 2023 auf dem Rundkurs zwischen Bad D\u00fcrrheim und Donaueschingen ausgetragen werden, zeigt \u0160koda auch in diesem Jahr wieder mit zahlreichen Begleit- und Organisationsfahrzeugen Flagge.<\/p>\n<p><a href=\"https:\/\/d2p6e6u75xmxt8.cloudfront.net\/10\/2023\/02\/TDF2023_RGB_BDR-scaled.webp\"><img loading=\"lazy\" decoding=\"async\" class=\"alignnone wp-image-10699 \" src=\"https:\/\/d2p6e6u75xmxt8.cloudfront.net\/10\/2023\/02\/TDF2023_RGB_BDR-1920x1124.webp\" alt=\"\" width=\"459\" height=\"269\" srcset=\"https:\/\/d2p6e6u75xmxt8.cloudfront.net\/10\/2023\/02\/TDF2023_RGB_BDR-1920x1124.webp 1920w, https:\/\/d2p6e6u75xmxt8.cloudfront.net\/10\/2023\/02\/TDF2023_RGB_BDR-300x176.webp 300w, https:\/\/d2p6e6u75xmxt8.cloudfront.net\/10\/2023\/02\/TDF2023_RGB_BDR-1024x600.webp 1024w, https:\/\/d2p6e6u75xmxt8.cloudfront.net\/10\/2023\/02\/TDF2023_RGB_BDR-768x450.webp 768w, https:\/\/d2p6e6u75xmxt8.cloudfront.net\/10\/2023\/02\/TDF2023_RGB_BDR-1536x899.webp 1536w, https:\/\/d2p6e6u75xmxt8.cloudfront.net\/10\/2023\/02\/TDF2023_RGB_BDR-2048x1199.webp 2048w, https:\/\/d2p6e6u75xmxt8.cloudfront.net\/10\/2023\/02\/TDF2023_RGB_BDR-400x234.webp 400w, https:\/\/d2p6e6u75xmxt8.cloudfront.net\/10\/2023\/02\/TDF2023_RGB_BDR-1920x1124.webp 1920w\" sizes=\"auto, (max-width: 459px) 100vw, 459px\" \/><\/a><\/p>\n<p>&nbsp;<\/p>\n","protected":false},"excerpt":{"rendered":"<p>\u0160koda und der Deutsche Profi- und Amateurradsport: Seit vielen Jahren tritt die Marke als Partner und F\u00f6rderer des Radsports kr\u00e4ftig [&hellip;]<\/p>\n","protected":false},"author":59,"featured_media":7726,"parent":0,"menu_order":0,"comment_status":"closed","ping_status":"closed","template":"","meta":{"footnotes":""},"tags":[],"class_list":["post-477","page","type-page","status-publish","has-post-thumbnail","hentry"],"yoast_head":"<!-- This site is optimized with the Yoast SEO Premium plugin v25.3 (Yoast SEO v25.9) - https:\/\/yoast.com\/wordpress\/plugins\/seo\/ -->\n<title>Motor des Radsports - \u0160koda We Love Cycling - Deutschland<\/title>\n<meta name=\"description\" content=\"Gelebte Radsportbegeisterung: \u0160koda und der Bund Deutscher Radfahrer. Bahn frei f\u00fcr die deutschen Stra\u00dfenmeisterschaften 2021.\" \/>\n<meta name=\"robots\" content=\"index, follow, max-snippet:-1, max-image-preview:large, max-video-preview:-1\" \/>\n<link rel=\"canonical\" href=\"https:\/\/www.welovecycling.com\/de\/motor-des-radsports\/\" \/>\n<meta property=\"og:locale\" content=\"de_DE\" \/>\n<meta property=\"og:type\" content=\"article\" \/>\n<meta property=\"og:title\" content=\"Motor des Radsports\" \/>\n<meta property=\"og:description\" content=\"Gelebte Radsportbegeisterung: \u0160koda und der Bund Deutscher Radfahrer. Bahn frei f\u00fcr die deutschen Stra\u00dfenmeisterschaften 2021.\" \/>\n<meta property=\"og:url\" content=\"https:\/\/www.welovecycling.com\/de\/motor-des-radsports\/\" \/>\n<meta property=\"og:site_name\" content=\"\u0160koda We Love Cycling - Deutschland\" \/>\n<meta property=\"article:modified_time\" content=\"2023-02-20T18:06:47+00:00\" \/>\n<meta property=\"og:image\" content=\"https:\/\/d2p6e6u75xmxt8.cloudfront.net\/10\/2019\/07\/DRM191811207-3840-1024x683.jpg\" \/>\n\t<meta property=\"og:image:width\" content=\"1024\" \/>\n\t<meta property=\"og:image:height\" content=\"683\" \/>\n\t<meta property=\"og:image:type\" content=\"image\/jpeg\" \/>\n<meta name=\"twitter:card\" content=\"summary_large_image\" \/>\n<meta name=\"twitter:label1\" content=\"Est. reading time\" \/>\n\t<meta name=\"twitter:data1\" content=\"1 minute\" \/>\n<script type=\"application\/ld+json\" class=\"yoast-schema-graph\">{\"@context\":\"https:\/\/schema.org\",\"@graph\":[{\"@type\":\"WebPage\",\"@id\":\"https:\/\/www.welovecycling.com\/de\/motor-des-radsports\/\",\"url\":\"https:\/\/www.welovecycling.com\/de\/motor-des-radsports\/\",\"name\":\"Motor des Radsports - \u0160koda We Love Cycling - Deutschland\",\"isPartOf\":{\"@id\":\"https:\/\/www.welovecycling.com\/de\/#website\"},\"primaryImageOfPage\":{\"@id\":\"https:\/\/www.welovecycling.com\/de\/motor-des-radsports\/#primaryimage\"},\"image\":{\"@id\":\"https:\/\/www.welovecycling.com\/de\/motor-des-radsports\/#primaryimage\"},\"thumbnailUrl\":\"https:\/\/d2p6e6u75xmxt8.cloudfront.net\/10\/2019\/07\/DRM191811207-3840.jpg\",\"datePublished\":\"2022-02-01T09:00:56+00:00\",\"dateModified\":\"2023-02-20T18:06:47+00:00\",\"description\":\"Gelebte Radsportbegeisterung: \u0160koda und der Bund Deutscher Radfahrer. Bahn frei f\u00fcr die deutschen Stra\u00dfenmeisterschaften 2021.\",\"breadcrumb\":{\"@id\":\"https:\/\/www.welovecycling.com\/de\/motor-des-radsports\/#breadcrumb\"},\"inLanguage\":\"de-DE\",\"potentialAction\":[{\"@type\":\"ReadAction\",\"target\":[\"https:\/\/www.welovecycling.com\/de\/motor-des-radsports\/\"]}]},{\"@type\":\"ImageObject\",\"inLanguage\":\"de-DE\",\"@id\":\"https:\/\/www.welovecycling.com\/de\/motor-des-radsports\/#primaryimage\",\"url\":\"https:\/\/d2p6e6u75xmxt8.cloudfront.net\/10\/2019\/07\/DRM191811207-3840.jpg\",\"contentUrl\":\"https:\/\/d2p6e6u75xmxt8.cloudfront.net\/10\/2019\/07\/DRM191811207-3840.jpg\",\"width\":5040,\"height\":3360},{\"@type\":\"BreadcrumbList\",\"@id\":\"https:\/\/www.welovecycling.com\/de\/motor-des-radsports\/#breadcrumb\",\"itemListElement\":[{\"@type\":\"ListItem\",\"position\":1,\"name\":\"Home\",\"item\":\"https:\/\/www.welovecycling.com\/de\/\"},{\"@type\":\"ListItem\",\"position\":2,\"name\":\"Motor des Radsports\"}]},{\"@type\":\"WebSite\",\"@id\":\"https:\/\/www.welovecycling.com\/de\/#website\",\"url\":\"https:\/\/www.welovecycling.com\/de\/\",\"name\":\"\u0160koda We Love Cycling - Deutschland\",\"description\":\"Just another \u0160koda WeLoveCycling Sites site\",\"potentialAction\":[{\"@type\":\"SearchAction\",\"target\":{\"@type\":\"EntryPoint\",\"urlTemplate\":\"https:\/\/www.welovecycling.com\/de\/?s={search_term_string}\"},\"query-input\":{\"@type\":\"PropertyValueSpecification\",\"valueRequired\":true,\"valueName\":\"search_term_string\"}}],\"inLanguage\":\"de-DE\"}]}<\/script>\n<!-- \/ Yoast SEO Premium plugin. -->","yoast_head_json":{"title":"Motor des Radsports - \u0160koda We Love Cycling - Deutschland","description":"Gelebte Radsportbegeisterung: \u0160koda und der Bund Deutscher Radfahrer. Bahn frei f\u00fcr die deutschen Stra\u00dfenmeisterschaften 2021.","robots":{"index":"index","follow":"follow","max-snippet":"max-snippet:-1","max-image-preview":"max-image-preview:large","max-video-preview":"max-video-preview:-1"},"canonical":"https:\/\/www.welovecycling.com\/de\/motor-des-radsports\/","og_locale":"de_DE","og_type":"article","og_title":"Motor des Radsports","og_description":"Gelebte Radsportbegeisterung: \u0160koda und der Bund Deutscher Radfahrer. Bahn frei f\u00fcr die deutschen Stra\u00dfenmeisterschaften 2021.","og_url":"https:\/\/www.welovecycling.com\/de\/motor-des-radsports\/","og_site_name":"\u0160koda We Love Cycling - Deutschland","article_modified_time":"2023-02-20T18:06:47+00:00","og_image":[{"width":1024,"height":683,"url":"https:\/\/d2p6e6u75xmxt8.cloudfront.net\/10\/2019\/07\/DRM191811207-3840-1024x683.jpg","type":"image\/jpeg"}],"twitter_card":"summary_large_image","twitter_misc":{"Est. reading time":"1 minute"},"schema":{"@context":"https:\/\/schema.org","@graph":[{"@type":"WebPage","@id":"https:\/\/www.welovecycling.com\/de\/motor-des-radsports\/","url":"https:\/\/www.welovecycling.com\/de\/motor-des-radsports\/","name":"Motor des Radsports - \u0160koda We Love Cycling - Deutschland","isPartOf":{"@id":"https:\/\/www.welovecycling.com\/de\/#website"},"primaryImageOfPage":{"@id":"https:\/\/www.welovecycling.com\/de\/motor-des-radsports\/#primaryimage"},"image":{"@id":"https:\/\/www.welovecycling.com\/de\/motor-des-radsports\/#primaryimage"},"thumbnailUrl":"https:\/\/d2p6e6u75xmxt8.cloudfront.net\/10\/2019\/07\/DRM191811207-3840.jpg","datePublished":"2022-02-01T09:00:56+00:00","dateModified":"2023-02-20T18:06:47+00:00","description":"Gelebte Radsportbegeisterung: \u0160koda und der Bund Deutscher Radfahrer. Bahn frei f\u00fcr die deutschen Stra\u00dfenmeisterschaften 2021.","breadcrumb":{"@id":"https:\/\/www.welovecycling.com\/de\/motor-des-radsports\/#breadcrumb"},"inLanguage":"de-DE","potentialAction":[{"@type":"ReadAction","target":["https:\/\/www.welovecycling.com\/de\/motor-des-radsports\/"]}]},{"@type":"ImageObject","inLanguage":"de-DE","@id":"https:\/\/www.welovecycling.com\/de\/motor-des-radsports\/#primaryimage","url":"https:\/\/d2p6e6u75xmxt8.cloudfront.net\/10\/2019\/07\/DRM191811207-3840.jpg","contentUrl":"https:\/\/d2p6e6u75xmxt8.cloudfront.net\/10\/2019\/07\/DRM191811207-3840.jpg","width":5040,"height":3360},{"@type":"BreadcrumbList","@id":"https:\/\/www.welovecycling.com\/de\/motor-des-radsports\/#breadcrumb","itemListElement":[{"@type":"ListItem","position":1,"name":"Home","item":"https:\/\/www.welovecycling.com\/de\/"},{"@type":"ListItem","position":2,"name":"Motor des Radsports"}]},{"@type":"WebSite","@id":"https:\/\/www.welovecycling.com\/de\/#website","url":"https:\/\/www.welovecycling.com\/de\/","name":"\u0160koda We Love Cycling - Deutschland","description":"Just another \u0160koda WeLoveCycling Sites site","potentialAction":[{"@type":"SearchAction","target":{"@type":"EntryPoint","urlTemplate":"https:\/\/www.welovecycling.com\/de\/?s={search_term_string}"},"query-input":{"@type":"PropertyValueSpecification","valueRequired":true,"valueName":"search_term_string"}}],"inLanguage":"de-DE"}]}},"_links":{"self":[{"href":"https:\/\/www.welovecycling.com\/de\/wp-json\/wp\/v2\/pages\/477","targetHints":{"allow":["GET"]}}],"collection":[{"href":"https:\/\/www.welovecycling.com\/de\/wp-json\/wp\/v2\/pages"}],"about":[{"href":"https:\/\/www.welovecycling.com\/de\/wp-json\/wp\/v2\/types\/page"}],"author":[{"embeddable":true,"href":"https:\/\/www.welovecycling.com\/de\/wp-json\/wp\/v2\/users\/59"}],"replies":[{"embeddable":true,"href":"https:\/\/www.welovecycling.com\/de\/wp-json\/wp\/v2\/comments?post=477"}],"version-history":[{"count":2,"href":"https:\/\/www.welovecycling.com\/de\/wp-json\/wp\/v2\/pages\/477\/revisions"}],"predecessor-version":[{"id":10700,"href":"https:\/\/www.welovecycling.com\/de\/wp-json\/wp\/v2\/pages\/477\/revisions\/10700"}],"wp:featuredmedia":[{"embeddable":true,"href":"https:\/\/www.welovecycling.com\/de\/wp-json\/wp\/v2\/media\/7726"}],"wp:attachment":[{"href":"https:\/\/www.welovecycling.com\/de\/wp-json\/wp\/v2\/media?parent=477"}],"wp:term":[{"taxonomy":"post_tag","embeddable":true,"href":"https:\/\/www.welovecycling.com\/de\/wp-json\/wp\/v2\/tags?post=477"}],"curies":[{"name":"wp","href":"https:\/\/api.w.org\/{rel}","templated":true}]}}