{"id":3175,"date":"2016-10-21T08:15:36","date_gmt":"2016-10-21T07:15:36","guid":{"rendered":"https:\/\/www.welovecycling.com\/de\/?page_id=3123"},"modified":"2018-01-23T13:34:05","modified_gmt":"2018-01-23T13:34:05","slug":"eishockey-2","status":"publish","type":"page","link":"https:\/\/www.welovecycling.com\/de\/eishockey-2\/","title":{"rendered":"Eishockey"},"content":{"rendered":"<p>Eishockey ist nicht nur als tschechischer Nationalsport mit der Marke \u0160koda verwurzelt, ebenso schl\u00e4gt \u0160koda in der Geschichte des Sport Sponsoring ein weiteres Erfolgskapitel auf: Mit dem 25 j\u00e4hrigen Jubil\u00e4um als Offizieller Hauptsponsor der IIHF Eishockey Weltmeisterschaft 2017 baut \u0160koda mit der l\u00e4ngsten Partnerschaft einer Weltmeisterschaft im Guinness-Buch der Weltrekorde, seine Rekordserie um ein weiteres Jahr aus.<\/p>\n<p>Unter dem Motto \u201cGemeinsam f\u00fcr 2017\u201d richten Deutschland und Frankreich, vom 5. bis 21. Mai, gemeinsam die IIHF Eishockey-Weltmeisterschaft in K\u00f6ln (Lanxess Arena) und Paris (Accor Hotel Arena) aus. Als Familien Erlebnis, bietet \u0160koda f\u00fcr Eishockey-Fans jeglichen Alters ein attraktives und spannendes\u00a0Unterhaltungsprogramm\u00a0in- und au\u00dferhalb der Arenen. Sehen Sie Eishockey der Spitzenklasse und erleben Sie als eine der Ersten den B\u00e4ren untern den SUVs, den neuen \u0160koda Kodiaq hautnah.<\/p>\n\n","protected":false},"excerpt":{"rendered":"<p>Eishockey ist nicht nur als tschechischer Nationalsport mit der Marke \u0160koda verwurzelt, ebenso schl\u00e4gt \u0160koda in der Geschichte des Sport [&hellip;]<\/p>\n","protected":false},"author":59,"featured_media":0,"parent":0,"menu_order":0,"comment_status":"closed","ping_status":"closed","template":"","meta":{"footnotes":""},"tags":[],"class_list":["post-3175","page","type-page","status-publish","hentry"],"yoast_head":"<!-- This site is optimized with the Yoast SEO Premium plugin v25.3 (Yoast SEO v25.9) - https:\/\/yoast.com\/wordpress\/plugins\/seo\/ -->\n<title>Eishockey - \u0160koda We Love Cycling - Deutschland<\/title>\n<meta name=\"robots\" content=\"index, follow, max-snippet:-1, max-image-preview:large, max-video-preview:-1\" \/>\n<link rel=\"canonical\" href=\"https:\/\/www.welovecycling.com\/de\/eishockey-2\/\" \/>\n<meta property=\"og:locale\" content=\"de_DE\" \/>\n<meta property=\"og:type\" content=\"article\" \/>\n<meta property=\"og:title\" content=\"Eishockey\" \/>\n<meta property=\"og:description\" content=\"Eishockey ist nicht nur als tschechischer Nationalsport mit der Marke \u0160koda verwurzelt, ebenso schl\u00e4gt \u0160koda in der Geschichte des Sport [&hellip;]\" \/>\n<meta property=\"og:url\" content=\"https:\/\/www.welovecycling.com\/de\/eishockey-2\/\" \/>\n<meta property=\"og:site_name\" content=\"\u0160koda We Love Cycling - Deutschland\" \/>\n<meta property=\"article:modified_time\" content=\"2018-01-23T13:34:05+00:00\" \/>\n<meta name=\"twitter:card\" content=\"summary_large_image\" \/>\n<meta name=\"twitter:label1\" content=\"Est. reading time\" \/>\n\t<meta name=\"twitter:data1\" content=\"1 minute\" \/>\n<script type=\"application\/ld+json\" class=\"yoast-schema-graph\">{\"@context\":\"https:\/\/schema.org\",\"@graph\":[{\"@type\":\"WebPage\",\"@id\":\"https:\/\/www.welovecycling.com\/de\/eishockey-2\/\",\"url\":\"https:\/\/www.welovecycling.com\/de\/eishockey-2\/\",\"name\":\"Eishockey - \u0160koda We Love Cycling - Deutschland\",\"isPartOf\":{\"@id\":\"https:\/\/www.welovecycling.com\/de\/#website\"},\"datePublished\":\"2016-10-21T07:15:36+00:00\",\"dateModified\":\"2018-01-23T13:34:05+00:00\",\"breadcrumb\":{\"@id\":\"https:\/\/www.welovecycling.com\/de\/eishockey-2\/#breadcrumb\"},\"inLanguage\":\"de-DE\",\"potentialAction\":[{\"@type\":\"ReadAction\",\"target\":[\"https:\/\/www.welovecycling.com\/de\/eishockey-2\/\"]}]},{\"@type\":\"BreadcrumbList\",\"@id\":\"https:\/\/www.welovecycling.com\/de\/eishockey-2\/#breadcrumb\",\"itemListElement\":[{\"@type\":\"ListItem\",\"position\":1,\"name\":\"Home\",\"item\":\"https:\/\/www.welovecycling.com\/de\/\"},{\"@type\":\"ListItem\",\"position\":2,\"name\":\"Eishockey\"}]},{\"@type\":\"WebSite\",\"@id\":\"https:\/\/www.welovecycling.com\/de\/#website\",\"url\":\"https:\/\/www.welovecycling.com\/de\/\",\"name\":\"\u0160koda We Love Cycling - Deutschland\",\"description\":\"Just another \u0160koda WeLoveCycling Sites site\",\"potentialAction\":[{\"@type\":\"SearchAction\",\"target\":{\"@type\":\"EntryPoint\",\"urlTemplate\":\"https:\/\/www.welovecycling.com\/de\/?s={search_term_string}\"},\"query-input\":{\"@type\":\"PropertyValueSpecification\",\"valueRequired\":true,\"valueName\":\"search_term_string\"}}],\"inLanguage\":\"de-DE\"}]}<\/script>\n<!-- \/ Yoast SEO Premium plugin. -->","yoast_head_json":{"title":"Eishockey - \u0160koda We Love Cycling - Deutschland","robots":{"index":"index","follow":"follow","max-snippet":"max-snippet:-1","max-image-preview":"max-image-preview:large","max-video-preview":"max-video-preview:-1"},"canonical":"https:\/\/www.welovecycling.com\/de\/eishockey-2\/","og_locale":"de_DE","og_type":"article","og_title":"Eishockey","og_description":"Eishockey ist nicht nur als tschechischer Nationalsport mit der Marke \u0160koda verwurzelt, ebenso schl\u00e4gt \u0160koda in der Geschichte des Sport [&hellip;]","og_url":"https:\/\/www.welovecycling.com\/de\/eishockey-2\/","og_site_name":"\u0160koda We Love Cycling - Deutschland","article_modified_time":"2018-01-23T13:34:05+00:00","twitter_card":"summary_large_image","twitter_misc":{"Est. reading time":"1 minute"},"schema":{"@context":"https:\/\/schema.org","@graph":[{"@type":"WebPage","@id":"https:\/\/www.welovecycling.com\/de\/eishockey-2\/","url":"https:\/\/www.welovecycling.com\/de\/eishockey-2\/","name":"Eishockey - \u0160koda We Love Cycling - Deutschland","isPartOf":{"@id":"https:\/\/www.welovecycling.com\/de\/#website"},"datePublished":"2016-10-21T07:15:36+00:00","dateModified":"2018-01-23T13:34:05+00:00","breadcrumb":{"@id":"https:\/\/www.welovecycling.com\/de\/eishockey-2\/#breadcrumb"},"inLanguage":"de-DE","potentialAction":[{"@type":"ReadAction","target":["https:\/\/www.welovecycling.com\/de\/eishockey-2\/"]}]},{"@type":"BreadcrumbList","@id":"https:\/\/www.welovecycling.com\/de\/eishockey-2\/#breadcrumb","itemListElement":[{"@type":"ListItem","position":1,"name":"Home","item":"https:\/\/www.welovecycling.com\/de\/"},{"@type":"ListItem","position":2,"name":"Eishockey"}]},{"@type":"WebSite","@id":"https:\/\/www.welovecycling.com\/de\/#website","url":"https:\/\/www.welovecycling.com\/de\/","name":"\u0160koda We Love Cycling - Deutschland","description":"Just another \u0160koda WeLoveCycling Sites site","potentialAction":[{"@type":"SearchAction","target":{"@type":"EntryPoint","urlTemplate":"https:\/\/www.welovecycling.com\/de\/?s={search_term_string}"},"query-input":{"@type":"PropertyValueSpecification","valueRequired":true,"valueName":"search_term_string"}}],"inLanguage":"de-DE"}]}},"_links":{"self":[{"href":"https:\/\/www.welovecycling.com\/de\/wp-json\/wp\/v2\/pages\/3175","targetHints":{"allow":["GET"]}}],"collection":[{"href":"https:\/\/www.welovecycling.com\/de\/wp-json\/wp\/v2\/pages"}],"about":[{"href":"https:\/\/www.welovecycling.com\/de\/wp-json\/wp\/v2\/types\/page"}],"author":[{"embeddable":true,"href":"https:\/\/www.welovecycling.com\/de\/wp-json\/wp\/v2\/users\/59"}],"replies":[{"embeddable":true,"href":"https:\/\/www.welovecycling.com\/de\/wp-json\/wp\/v2\/comments?post=3175"}],"version-history":[{"count":1,"href":"https:\/\/www.welovecycling.com\/de\/wp-json\/wp\/v2\/pages\/3175\/revisions"}],"predecessor-version":[{"id":3217,"href":"https:\/\/www.welovecycling.com\/de\/wp-json\/wp\/v2\/pages\/3175\/revisions\/3217"}],"wp:attachment":[{"href":"https:\/\/www.welovecycling.com\/de\/wp-json\/wp\/v2\/media?parent=3175"}],"wp:term":[{"taxonomy":"post_tag","embeddable":true,"href":"https:\/\/www.welovecycling.com\/de\/wp-json\/wp\/v2\/tags?post=3175"}],"curies":[{"name":"wp","href":"https:\/\/api.w.org\/{rel}","templated":true}]}}