{"id":3173,"date":"2016-01-13T08:20:10","date_gmt":"2016-01-13T08:20:10","guid":{"rendered":"http:\/\/skoda-radsport-web.loc\/?page_id=39"},"modified":"2019-02-15T10:24:10","modified_gmt":"2019-02-15T09:24:10","slug":"event-registration","status":"publish","type":"page","link":"https:\/\/www.welovecycling.com\/de\/event-registration\/","title":{"rendered":"Registrierung"},"content":{"rendered":"<p>W\u00e4hlen Sie jetzt Ihr <strong>pr\u00e4feriertes Jedermann-Rennen<\/strong> aus und gewinnen Sie einen Startplatz im\u00a0\u0160koda Veloteam! Sie k\u00f6nnen sich f\u00fcr maximal 2 Rennen der Saison 2019 bewerben.<\/p>\n<p>Wir w\u00fcnschen Ihnen viel Gl\u00fcck!<\/p>\n","protected":false},"excerpt":{"rendered":"<p>W\u00e4hlen Sie jetzt Ihr pr\u00e4feriertes Jedermann-Rennen aus und gewinnen Sie einen Startplatz im\u00a0\u0160koda Veloteam! Sie k\u00f6nnen sich f\u00fcr maximal 2 [&hellip;]<\/p>\n","protected":false},"author":59,"featured_media":0,"parent":0,"menu_order":0,"comment_status":"closed","ping_status":"closed","template":"","meta":{"footnotes":""},"tags":[],"class_list":["post-3173","page","type-page","status-publish","hentry"],"yoast_head":"<!-- This site is optimized with the Yoast SEO Premium plugin v25.3 (Yoast SEO v25.9) - https:\/\/yoast.com\/wordpress\/plugins\/seo\/ -->\n<title>Registrierung - \u0160koda We Love Cycling - Deutschland<\/title>\n<meta name=\"robots\" content=\"index, follow, max-snippet:-1, max-image-preview:large, max-video-preview:-1\" \/>\n<link rel=\"canonical\" href=\"https:\/\/www.welovecycling.com\/de\/event-registration\/\" \/>\n<meta property=\"og:locale\" content=\"de_DE\" \/>\n<meta property=\"og:type\" content=\"article\" \/>\n<meta property=\"og:title\" content=\"Registrierung\" \/>\n<meta property=\"og:description\" content=\"W\u00e4hlen Sie jetzt Ihr pr\u00e4feriertes Jedermann-Rennen aus und gewinnen Sie einen Startplatz im\u00a0\u0160koda Veloteam! Sie k\u00f6nnen sich f\u00fcr maximal 2 [&hellip;]\" \/>\n<meta property=\"og:url\" content=\"https:\/\/www.welovecycling.com\/de\/event-registration\/\" \/>\n<meta property=\"og:site_name\" content=\"\u0160koda We Love Cycling - Deutschland\" \/>\n<meta property=\"article:modified_time\" content=\"2019-02-15T09:24:10+00:00\" \/>\n<meta name=\"twitter:card\" content=\"summary_large_image\" \/>\n<script type=\"application\/ld+json\" class=\"yoast-schema-graph\">{\"@context\":\"https:\/\/schema.org\",\"@graph\":[{\"@type\":\"WebPage\",\"@id\":\"https:\/\/www.welovecycling.com\/de\/event-registration\/\",\"url\":\"https:\/\/www.welovecycling.com\/de\/event-registration\/\",\"name\":\"Registrierung - \u0160koda We Love Cycling - Deutschland\",\"isPartOf\":{\"@id\":\"https:\/\/www.welovecycling.com\/de\/#website\"},\"datePublished\":\"2016-01-13T08:20:10+00:00\",\"dateModified\":\"2019-02-15T09:24:10+00:00\",\"breadcrumb\":{\"@id\":\"https:\/\/www.welovecycling.com\/de\/event-registration\/#breadcrumb\"},\"inLanguage\":\"de-DE\",\"potentialAction\":[{\"@type\":\"ReadAction\",\"target\":[\"https:\/\/www.welovecycling.com\/de\/event-registration\/\"]}]},{\"@type\":\"BreadcrumbList\",\"@id\":\"https:\/\/www.welovecycling.com\/de\/event-registration\/#breadcrumb\",\"itemListElement\":[{\"@type\":\"ListItem\",\"position\":1,\"name\":\"Home\",\"item\":\"https:\/\/www.welovecycling.com\/de\/\"},{\"@type\":\"ListItem\",\"position\":2,\"name\":\"Registrierung\"}]},{\"@type\":\"WebSite\",\"@id\":\"https:\/\/www.welovecycling.com\/de\/#website\",\"url\":\"https:\/\/www.welovecycling.com\/de\/\",\"name\":\"\u0160koda We Love Cycling - Deutschland\",\"description\":\"Just another \u0160koda WeLoveCycling Sites site\",\"potentialAction\":[{\"@type\":\"SearchAction\",\"target\":{\"@type\":\"EntryPoint\",\"urlTemplate\":\"https:\/\/www.welovecycling.com\/de\/?s={search_term_string}\"},\"query-input\":{\"@type\":\"PropertyValueSpecification\",\"valueRequired\":true,\"valueName\":\"search_term_string\"}}],\"inLanguage\":\"de-DE\"}]}<\/script>\n<!-- \/ Yoast SEO Premium plugin. -->","yoast_head_json":{"title":"Registrierung - \u0160koda We Love Cycling - Deutschland","robots":{"index":"index","follow":"follow","max-snippet":"max-snippet:-1","max-image-preview":"max-image-preview:large","max-video-preview":"max-video-preview:-1"},"canonical":"https:\/\/www.welovecycling.com\/de\/event-registration\/","og_locale":"de_DE","og_type":"article","og_title":"Registrierung","og_description":"W\u00e4hlen Sie jetzt Ihr pr\u00e4feriertes Jedermann-Rennen aus und gewinnen Sie einen Startplatz im\u00a0\u0160koda Veloteam! Sie k\u00f6nnen sich f\u00fcr maximal 2 [&hellip;]","og_url":"https:\/\/www.welovecycling.com\/de\/event-registration\/","og_site_name":"\u0160koda We Love Cycling - Deutschland","article_modified_time":"2019-02-15T09:24:10+00:00","twitter_card":"summary_large_image","schema":{"@context":"https:\/\/schema.org","@graph":[{"@type":"WebPage","@id":"https:\/\/www.welovecycling.com\/de\/event-registration\/","url":"https:\/\/www.welovecycling.com\/de\/event-registration\/","name":"Registrierung - \u0160koda We Love Cycling - Deutschland","isPartOf":{"@id":"https:\/\/www.welovecycling.com\/de\/#website"},"datePublished":"2016-01-13T08:20:10+00:00","dateModified":"2019-02-15T09:24:10+00:00","breadcrumb":{"@id":"https:\/\/www.welovecycling.com\/de\/event-registration\/#breadcrumb"},"inLanguage":"de-DE","potentialAction":[{"@type":"ReadAction","target":["https:\/\/www.welovecycling.com\/de\/event-registration\/"]}]},{"@type":"BreadcrumbList","@id":"https:\/\/www.welovecycling.com\/de\/event-registration\/#breadcrumb","itemListElement":[{"@type":"ListItem","position":1,"name":"Home","item":"https:\/\/www.welovecycling.com\/de\/"},{"@type":"ListItem","position":2,"name":"Registrierung"}]},{"@type":"WebSite","@id":"https:\/\/www.welovecycling.com\/de\/#website","url":"https:\/\/www.welovecycling.com\/de\/","name":"\u0160koda We Love Cycling - Deutschland","description":"Just another \u0160koda WeLoveCycling Sites site","potentialAction":[{"@type":"SearchAction","target":{"@type":"EntryPoint","urlTemplate":"https:\/\/www.welovecycling.com\/de\/?s={search_term_string}"},"query-input":{"@type":"PropertyValueSpecification","valueRequired":true,"valueName":"search_term_string"}}],"inLanguage":"de-DE"}]}},"_links":{"self":[{"href":"https:\/\/www.welovecycling.com\/de\/wp-json\/wp\/v2\/pages\/3173","targetHints":{"allow":["GET"]}}],"collection":[{"href":"https:\/\/www.welovecycling.com\/de\/wp-json\/wp\/v2\/pages"}],"about":[{"href":"https:\/\/www.welovecycling.com\/de\/wp-json\/wp\/v2\/types\/page"}],"author":[{"embeddable":true,"href":"https:\/\/www.welovecycling.com\/de\/wp-json\/wp\/v2\/users\/59"}],"replies":[{"embeddable":true,"href":"https:\/\/www.welovecycling.com\/de\/wp-json\/wp\/v2\/comments?post=3173"}],"version-history":[{"count":2,"href":"https:\/\/www.welovecycling.com\/de\/wp-json\/wp\/v2\/pages\/3173\/revisions"}],"predecessor-version":[{"id":7574,"href":"https:\/\/www.welovecycling.com\/de\/wp-json\/wp\/v2\/pages\/3173\/revisions\/7574"}],"wp:attachment":[{"href":"https:\/\/www.welovecycling.com\/de\/wp-json\/wp\/v2\/media?parent=3173"}],"wp:term":[{"taxonomy":"post_tag","embeddable":true,"href":"https:\/\/www.welovecycling.com\/de\/wp-json\/wp\/v2\/tags?post=3173"}],"curies":[{"name":"wp","href":"https:\/\/api.w.org\/{rel}","templated":true}]}}