{"id":2994,"date":"2016-09-14T14:11:31","date_gmt":"2016-09-14T13:11:31","guid":{"rendered":"https:\/\/www.welovecycling.com\/de\/?page_id=2994"},"modified":"2026-02-12T12:14:00","modified_gmt":"2026-02-12T11:14:00","slug":"impressum","status":"publish","type":"page","link":"https:\/\/www.welovecycling.com\/de\/impressum\/","title":{"rendered":"Impressum"},"content":{"rendered":"<h1 class=\"title page-title\">Impressum<\/h1>\n<div class=\"field field-body clear\">\n<p><strong>\u0160koda Auto Deutschland GmbH<\/strong><\/p>\n<p>Max-Planck-Stra\u00dfe 3-5<br \/>\nD-64331 Weiterstadt<\/p>\n<p>Sitz: Weiterstadt<\/p>\n<p>Zust\u00e4ndiges Registergericht:<br \/>\nAmtsgericht Darmstadt HRB 5242<br \/>\nUmsatzsteuer-Identifikationsnummer gem\u00e4\u00df \u00a7 27 a Umsatzsteuergesetz: DE 111661737<br \/>\nRechtsform: Gesellschaft mit beschr\u00e4nkter Haftung<\/p>\n<p>Verantwortlicher nach \u00a7 18 Abs. 2 MStV:<br \/>\nGesch\u00e4ftsf\u00fchrung: Frank Barwasser (Sprecher der Gesch\u00e4ftsf\u00fchrung), Libor My\u0161ka<br \/>\nMax-Planck-Stra\u00dfe 3-5<br \/>\nD-64331 Weiterstadt<\/p>\n<p><strong>KONTAKT<br \/>\n<\/strong>Telefon: 06150\/133-0<br \/>\nTelefax: 06150\/133-199<br \/>\nE-Mail: info@skoda-auto.de<\/p>\n<p>&nbsp;<\/p>\n<p><strong>HINWEIS GEM\u00c4SS \u00a7 36 VERBRAUCHERSTREITBEILEGUNGSGESETZ (VSBG)<br \/>\n<\/strong>\u0160koda Auto Deutschland GmbH ist zur Teilnahme an einem Streitbeilegungsverfahren vor einer Verbraucherschlichtungsstelle weder bereit noch dazu verpflichtet.<\/p>\n<p><strong>URHEBERRECHT<br \/>\n<\/strong>Alle Rechte vorbehalten. Text, Bilder, Grafiken, Sound, Animationen und Videos unterliegen dem Schutz des Urheberrechts und anderer Schutzgesetze. Der Inhalt dieser Websites darf nicht zu kommerziellen Zwecken kopiert, verbreitet oder Dritten zug\u00e4nglich gemacht werden.<\/p>\n<p><strong>HAFTUNG F\u00dcR LINKS<br \/>\n<\/strong>Wir haben auf unseren Seiten Verkn\u00fcpfungen zu anderen Seiten im Internet angelegt. Auf s\u00e4mtliche Links haben wir keinerlei Einfluss. F\u00fcr die Inhalte der verkn\u00fcpften Seiten \u00fcbernehmen wir keine Haftung.<\/p>\n<p>Irrt\u00fcmer und \u00c4nderungen vorbehalten.<\/p>\n<\/div>\n","protected":false},"excerpt":{"rendered":"<p>Impressum \u0160koda Auto Deutschland GmbH Max-Planck-Stra\u00dfe 3-5 D-64331 Weiterstadt Sitz: Weiterstadt Zust\u00e4ndiges Registergericht: Amtsgericht Darmstadt HRB 5242 Umsatzsteuer-Identifikationsnummer gem\u00e4\u00df \u00a7 [&hellip;]<\/p>\n","protected":false},"author":59,"featured_media":0,"parent":0,"menu_order":3,"comment_status":"closed","ping_status":"closed","template":"","meta":{"footnotes":""},"tags":[],"class_list":["post-2994","page","type-page","status-publish","hentry"],"yoast_head":"<!-- This site is optimized with the Yoast SEO Premium plugin v25.3 (Yoast SEO v25.9) - https:\/\/yoast.com\/wordpress\/plugins\/seo\/ -->\n<title>Impressum - \u0160koda We Love Cycling - Deutschland<\/title>\n<meta name=\"robots\" content=\"index, follow, max-snippet:-1, max-image-preview:large, max-video-preview:-1\" \/>\n<link rel=\"canonical\" href=\"https:\/\/www.welovecycling.com\/de\/impressum\/\" \/>\n<meta property=\"og:locale\" content=\"de_DE\" \/>\n<meta property=\"og:type\" content=\"article\" \/>\n<meta property=\"og:title\" content=\"Impressum\" \/>\n<meta property=\"og:description\" content=\"Impressum \u0160koda Auto Deutschland GmbH Max-Planck-Stra\u00dfe 3-5 D-64331 Weiterstadt Sitz: Weiterstadt Zust\u00e4ndiges Registergericht: Amtsgericht Darmstadt HRB 5242 Umsatzsteuer-Identifikationsnummer gem\u00e4\u00df \u00a7 [&hellip;]\" \/>\n<meta property=\"og:url\" content=\"https:\/\/www.welovecycling.com\/de\/impressum\/\" \/>\n<meta property=\"og:site_name\" content=\"\u0160koda We Love Cycling - Deutschland\" \/>\n<meta property=\"article:modified_time\" content=\"2026-02-12T11:14:00+00:00\" \/>\n<meta name=\"twitter:card\" content=\"summary_large_image\" \/>\n<meta name=\"twitter:label1\" content=\"Est. reading time\" \/>\n\t<meta name=\"twitter:data1\" content=\"1 minute\" \/>\n<script type=\"application\/ld+json\" class=\"yoast-schema-graph\">{\"@context\":\"https:\/\/schema.org\",\"@graph\":[{\"@type\":\"WebPage\",\"@id\":\"https:\/\/www.welovecycling.com\/de\/impressum\/\",\"url\":\"https:\/\/www.welovecycling.com\/de\/impressum\/\",\"name\":\"Impressum - \u0160koda We Love Cycling - Deutschland\",\"isPartOf\":{\"@id\":\"https:\/\/www.welovecycling.com\/de\/#website\"},\"datePublished\":\"2016-09-14T13:11:31+00:00\",\"dateModified\":\"2026-02-12T11:14:00+00:00\",\"breadcrumb\":{\"@id\":\"https:\/\/www.welovecycling.com\/de\/impressum\/#breadcrumb\"},\"inLanguage\":\"de-DE\",\"potentialAction\":[{\"@type\":\"ReadAction\",\"target\":[\"https:\/\/www.welovecycling.com\/de\/impressum\/\"]}]},{\"@type\":\"BreadcrumbList\",\"@id\":\"https:\/\/www.welovecycling.com\/de\/impressum\/#breadcrumb\",\"itemListElement\":[{\"@type\":\"ListItem\",\"position\":1,\"name\":\"Home\",\"item\":\"https:\/\/www.welovecycling.com\/de\/\"},{\"@type\":\"ListItem\",\"position\":2,\"name\":\"Impressum\"}]},{\"@type\":\"WebSite\",\"@id\":\"https:\/\/www.welovecycling.com\/de\/#website\",\"url\":\"https:\/\/www.welovecycling.com\/de\/\",\"name\":\"\u0160koda We Love Cycling - Deutschland\",\"description\":\"Just another \u0160koda WeLoveCycling Sites site\",\"potentialAction\":[{\"@type\":\"SearchAction\",\"target\":{\"@type\":\"EntryPoint\",\"urlTemplate\":\"https:\/\/www.welovecycling.com\/de\/?s={search_term_string}\"},\"query-input\":{\"@type\":\"PropertyValueSpecification\",\"valueRequired\":true,\"valueName\":\"search_term_string\"}}],\"inLanguage\":\"de-DE\"}]}<\/script>\n<!-- \/ Yoast SEO Premium plugin. -->","yoast_head_json":{"title":"Impressum - \u0160koda We Love Cycling - Deutschland","robots":{"index":"index","follow":"follow","max-snippet":"max-snippet:-1","max-image-preview":"max-image-preview:large","max-video-preview":"max-video-preview:-1"},"canonical":"https:\/\/www.welovecycling.com\/de\/impressum\/","og_locale":"de_DE","og_type":"article","og_title":"Impressum","og_description":"Impressum \u0160koda Auto Deutschland GmbH Max-Planck-Stra\u00dfe 3-5 D-64331 Weiterstadt Sitz: Weiterstadt Zust\u00e4ndiges Registergericht: Amtsgericht Darmstadt HRB 5242 Umsatzsteuer-Identifikationsnummer gem\u00e4\u00df \u00a7 [&hellip;]","og_url":"https:\/\/www.welovecycling.com\/de\/impressum\/","og_site_name":"\u0160koda We Love Cycling - Deutschland","article_modified_time":"2026-02-12T11:14:00+00:00","twitter_card":"summary_large_image","twitter_misc":{"Est. reading time":"1 minute"},"schema":{"@context":"https:\/\/schema.org","@graph":[{"@type":"WebPage","@id":"https:\/\/www.welovecycling.com\/de\/impressum\/","url":"https:\/\/www.welovecycling.com\/de\/impressum\/","name":"Impressum - \u0160koda We Love Cycling - Deutschland","isPartOf":{"@id":"https:\/\/www.welovecycling.com\/de\/#website"},"datePublished":"2016-09-14T13:11:31+00:00","dateModified":"2026-02-12T11:14:00+00:00","breadcrumb":{"@id":"https:\/\/www.welovecycling.com\/de\/impressum\/#breadcrumb"},"inLanguage":"de-DE","potentialAction":[{"@type":"ReadAction","target":["https:\/\/www.welovecycling.com\/de\/impressum\/"]}]},{"@type":"BreadcrumbList","@id":"https:\/\/www.welovecycling.com\/de\/impressum\/#breadcrumb","itemListElement":[{"@type":"ListItem","position":1,"name":"Home","item":"https:\/\/www.welovecycling.com\/de\/"},{"@type":"ListItem","position":2,"name":"Impressum"}]},{"@type":"WebSite","@id":"https:\/\/www.welovecycling.com\/de\/#website","url":"https:\/\/www.welovecycling.com\/de\/","name":"\u0160koda We Love Cycling - Deutschland","description":"Just another \u0160koda WeLoveCycling Sites site","potentialAction":[{"@type":"SearchAction","target":{"@type":"EntryPoint","urlTemplate":"https:\/\/www.welovecycling.com\/de\/?s={search_term_string}"},"query-input":{"@type":"PropertyValueSpecification","valueRequired":true,"valueName":"search_term_string"}}],"inLanguage":"de-DE"}]}},"_links":{"self":[{"href":"https:\/\/www.welovecycling.com\/de\/wp-json\/wp\/v2\/pages\/2994","targetHints":{"allow":["GET"]}}],"collection":[{"href":"https:\/\/www.welovecycling.com\/de\/wp-json\/wp\/v2\/pages"}],"about":[{"href":"https:\/\/www.welovecycling.com\/de\/wp-json\/wp\/v2\/types\/page"}],"author":[{"embeddable":true,"href":"https:\/\/www.welovecycling.com\/de\/wp-json\/wp\/v2\/users\/59"}],"replies":[{"embeddable":true,"href":"https:\/\/www.welovecycling.com\/de\/wp-json\/wp\/v2\/comments?post=2994"}],"version-history":[{"count":3,"href":"https:\/\/www.welovecycling.com\/de\/wp-json\/wp\/v2\/pages\/2994\/revisions"}],"predecessor-version":[{"id":12241,"href":"https:\/\/www.welovecycling.com\/de\/wp-json\/wp\/v2\/pages\/2994\/revisions\/12241"}],"wp:attachment":[{"href":"https:\/\/www.welovecycling.com\/de\/wp-json\/wp\/v2\/media?parent=2994"}],"wp:term":[{"taxonomy":"post_tag","embeddable":true,"href":"https:\/\/www.welovecycling.com\/de\/wp-json\/wp\/v2\/tags?post=2994"}],"curies":[{"name":"wp","href":"https:\/\/api.w.org\/{rel}","templated":true}]}}