{"id":17,"date":"1970-01-01T00:00:00","date_gmt":"1970-01-01T00:00:00","guid":{"rendered":"http:\/\/skoda-radsport-web.loc\/?page_id=17"},"modified":"2026-02-12T12:14:31","modified_gmt":"2026-02-12T11:14:31","slug":"verarbeitung-personenbezogener-daten","status":"publish","type":"page","link":"https:\/\/www.welovecycling.com\/de\/verarbeitung-personenbezogener-daten\/","title":{"rendered":"Verarbeitung personenbezogener Daten"},"content":{"rendered":"<h1>Datenschutzerkl\u00e4rung<\/h1>\n<p>Wir freuen uns, dass Sie eine Website der \u0160koda Auto Deutschland GmbH (\u201e\u0160koda\u201c) besuchen, und bedanken uns f\u00fcr Ihr Interesse an unserem Unternehmen und unseren Produkten. Der Schutz Ihrer Privatsph\u00e4re ist uns besonders wichtig. Im Folgenden informieren wir Sie \u00fcber die Erhebung, Verarbeitung und Nutzung Ihrer Daten. Dies erfolgt stets im Einklang mit den datenschutzrechtlichen Vorschriften.<\/p>\n<h2>I. INFORMATIONEN \u00dcBER DEN VERANTWORTLICHEN<\/h2>\n<p>Die Verantwortliche im Sinne der Datenschutz-Grundverordnung (DSGVO) ist die:<\/p>\n<p>\u0160koda Auto Deutschland GmbH<br \/>\nGesch\u00e4ftsf\u00fchrung: Frank Barwasser (Sprecher der Gesch\u00e4ftsf\u00fchrung), Libor My\u0161ka<br \/>\nMax-Planck-Stra\u00dfe 3-5<br \/>\nD-64331 Weiterstadt<br \/>\nTelefon: 06150\/133-0<br \/>\nTelefax: 06150\/133-199<br \/>\nE-Mail: info@skoda-auto.de<\/p>\n<p>Den Datenschutzbeauftragten erreichen Sie unter:<br \/>\n\u0160koda Auto Deutschland GmbH<br \/>\nMax-Planck-Stra\u00dfe 3-5<br \/>\nD-64331 Weiterstadt<br \/>\nE-Mail: <a href=\"mailto:datenschutz@skoda-auto.de\">datenschutz@skoda-auto.de<\/a><\/p>\n<h2>II. INFORMATIONEN \u00dcBER DIE VERARBEITUNG PERSONENBEZOGENER DATEN<\/h2>\n<h3>1. Datenverarbeitung im Rahmen Ihres Besuches auf unserer Website<\/h3>\n<p><strong>Verarbeitungszweck<\/strong>: \u0160koda erhebt und verarbeitet personenbezogene Daten im Zusammenhang mit dem Betrieb und der Funktionalit\u00e4t der Website www.welovecycling.com\/de. Wir verarbeiten personenbezogene Daten unserer Nutzer, soweit dies zur Bereitstellung einer funktionsf\u00e4higen Website erforderlich ist.<\/p>\n<p><strong>Datenkategorien: <\/strong>Logfiles (IP-Adresse, Datum und Uhrzeit des Abrufes bzw. der Anforderung, Name der abgerufenen Seite bzw. Datei, zuvor besuchte URL, Browserinformationen, Betriebssystem)<\/p>\n<p><strong>Rechtsgrundlagen: <\/strong>Art. 6 Abs. 1 lit. f DSGVO. In den genannten Zwecken liegt auch das berechtigte Interesse an der Datenverarbeitung im Sinne des Art. 6 Abs. 1 lit. f DSGVO.<\/p>\n<p><strong>Datenempf\u00e4nger: <\/strong>Datenempf\u00e4nger ist die \u0160koda Auto a.s., t\u0159. V\u00e1clava Klementa 869, Mlad\u00e1 Boleslav II, 293 01, Mlad\u00e1 Boleslav<\/p>\n<p><strong>Daten\u00fcbermittlung in Drittl\u00e4nder: <\/strong>Die Logfiles werden in einer Azure Cloud Umgebung gespeichert mit Serverstandort in Europa. Es besteht jedoch die Gefahr, dass Ihre Daten in die USA \u00fcbermittelt werden. F\u00fcr dieses Land besteht derzeit kein Angemessenheitsbeschluss der EU-Kommission, der gew\u00e4hrleistet, dass dort ein dem Europ\u00e4ischen Standard entsprechendes Datenschutzniveau besteht. Laut dem Europ\u00e4ischen Gerichtshof (EuGH) wurde das Risiko festgestellt, dass Daten unbemerkt durch US-Beh\u00f6rden zu \u00dcberwachungszwecken verarbeitet werden k\u00f6nnten. Um den Schutz Ihrer personenbezogenen Daten zu gew\u00e4hrleisten, haben wir und unsere Subdienstleister mit Dienstleistern au\u00dferhalb der EU\/des EWR die EU-Standarddatenschutzklauseln abgeschlossen.<\/p>\n<p><strong>Speicherdauer: <\/strong>Die Logfiles werden f\u00fcr die Dauer Ihres Besuchs auf unserer Website gespeichert und anschlie\u00dfend gel\u00f6scht.<\/p>\n<p><strong>Widerspruchsrecht:<\/strong> Die Verarbeitung Ihrer Daten zur Bereitstellung der Website und der \u00fcber die Website angebotenen Leistungen in Logfiles ist f\u00fcr den Betrieb von www.welovecycling.com\/de zwingend erforderlich. Ein Widerspruch bei gleichzeitiger Nutzung der Website ist daher nicht m\u00f6glich.<\/p>\n<p>&nbsp;<\/p>\n<h3>2. Datenverarbeitung im Rahmen des Newsletters<\/h3>\n<p><strong>Verarbeitungszweck: <\/strong>\u0160koda verarbeitet personenbezogene Daten der Newsletter-Abonnenten f\u00fcr die Verwaltung der Verteilerliste und den Nachweis zur Einwilligung in den Newsletterversand. Zudem verwenden wir Tracking-Mechanismen, welche dem Zweck dienen, das Leserverhalten zu analysieren und Ihnen auf Ihre Interessen zugeschnittene Inhalte anzubieten. Um sicherzugehen, dass Sie den Newsletter nur erhalten, wenn Sie dies auch wirklich w\u00fcnschen und Ihre E-Mail-Adresse nicht missbraucht wird, verwenden wir das Double Opt-In Verfahren. Daneben senden wir Ihnen gerne weitere Mails und informieren Sie \u00fcber \u00e4hnliche Produkte, die Sie ebenfalls interessieren k\u00f6nnten, wenn Sie ein Produkt bei uns erworben und hierbei Ihre E-Mailadresse angegeben haben.<\/p>\n<p><strong>Datenkategorien: <\/strong>E-Mail-Adresse, Datum und Uhrzeit der Registrierung, IP-Adresse, E-Mail Client, verwendeter Browser, Zeitpunkt des Anklickens eines Artikels oder Bildes, ggf. Anrede sowie Vor- und Nachname<\/p>\n<p><strong>Rechtsgrundlagen: <\/strong>Art. 6 Abs. 1 lit. a DSGVO (Newsletter-Abonnenten); \u00a7 7 Abs. 3 UWG (Bestandskunden)<\/p>\n<p><strong>Datenempf\u00e4nger: <\/strong>Dienstleister f\u00fcr den Versand von Newslettern im Rahmen einer Auftragsverarbeitung<\/p>\n<p><strong>Speicherdauer: <\/strong>Ihre Daten werden bis zum Widerruf der Einwilligung bzw. Abbestellen des Newsletters gespeichert. Um sicherzustellen, dass Sie die E-Mail-Werbung, die Sie nicht erhalten m\u00f6chten, auch in Zukunft nicht mehr erhalten, \u00fcbertragen wir Ihre E-Mail-Adresse in eine sogenannte Blacklist. Rechtsgrundlage f\u00fcr die Verarbeitung Ihrer E-Mail-Adresse in einer Blacklist ist unser berechtigtes Interesse (Art. 6 Abs. 1 lit. f DSGVO). Unser berechtigtes Interesse liegt insbesondere in der Wahrung der gesetzlichen Vorgaben zum Versenden ungebetener Werbung sowie der Einhaltung datenschutzrechtlicher Vorgaben.<\/p>\n<p><strong>Widerrufsrecht: <\/strong>Sie haben jederzeit die M\u00f6glichkeit, in dem Newsletter Ihre Einwilligung zum Newsletterversand und Newsletter-Tracking zu widerrufen und den Newsletter dadurch abzubestellen. Ihren Widerruf k\u00f6nnen Sie unter https:\/\/kontaktcenter.skoda-auto.de\/abmeldung-newsletter\/ erkl\u00e4ren. Durch den Widerruf wird die Rechtm\u00e4\u00dfigkeit der bis dahin erfolgten Verarbeitung nicht ber\u00fchrt.<\/p>\n<p>Daneben k\u00f6nnen Sie als Bestandskunde dem Erhalt von E-Mail-Werbung jederzeit widersprechen, ohne dass hierf\u00fcr andere als die \u00dcbermittlungskosten nach den Basistarifen entstehen.<\/p>\n<p>&nbsp;<\/p>\n<h3>3. Datenverarbeitung bei Kontaktaufnahme<\/h3>\n<p><strong>Verarbeitungszweck:<\/strong> Zur Verarbeitung Ihrer Anfrage per E-Mail oder Kontaktformular werden personenbezogene Daten von Ihnen verarbeitet. Dar\u00fcber hinaus k\u00f6nnen Daten verarbeitet werden, die einen Missbrauch der Kontaktformulare verhindern und die Sicherheit der informationstechnischen Systeme sicherstellen sollen. Diese Zwecke stellen ebenfalls unser berechtigtes Interesse an der Datenverarbeitung dar.<\/p>\n<p><strong>Datenkategorien: <\/strong>Kontaktdaten, IP-Adresse, Datum und Uhrzeit der Anfrage, sonstige im Kontaktformular oder der E-Mail angegebene Daten<\/p>\n<p><strong>Rechtsgrundlagen: <\/strong>Art. 6 Abs. 1 lit. a DSGVO, Art. 6 Abs. 1 lit. f DSGVO, Art. 6 Abs. 1 lit. b DSGVO (vertragliche Anfragen)<\/p>\n<p><strong>Datenempf\u00e4nger: <\/strong>Marketingdienstleister im Rahmen der Auftragsverarbeitung sowie Ihr zust\u00e4ndiger \u0160koda-Vertragsh\u00e4ndler<\/p>\n<p><strong>Speicherdauer: <\/strong>Sobald der betroffene Sachverhalt abschlie\u00dfend gekl\u00e4rt ist oder die erhobenen Daten zu den genannten Zwecken nicht mehr ben\u00f6tigt werden, werden Ihre Daten gel\u00f6scht.<\/p>\n<p><strong>Widerrufsrecht:<\/strong> Sie k\u00f6nnen jederzeit uns gegen\u00fcber zum Ausdruck bringen, dass Sie eine laufende Kommunikation abbrechen m\u00f6chten. Dies werten wir als Widerruf der Einwilligung in die Verarbeitung der f\u00fcr die Anfragenbearbeitung ben\u00f6tigten Daten. Ein Widerruf bei gleichzeitiger Fortsetzung der Kommunikation von Ihrer Seite ist hingegen nicht m\u00f6glich.<\/p>\n<p>&nbsp;<\/p>\n<h3>4. Datenverarbeitung im Rahmen von Gewinnspielen<\/h3>\n<p><strong>Verarbeitungszweck:<\/strong> Durchf\u00fchrung und Abwicklung des Gewinnspiels<\/p>\n<p><strong>Datenkategorien:<\/strong> Anrede, Vor- und Nachname, E-Mail-Adresse, Telefonnummer, Geburtsdatum. Weitere Daten k\u00f6nnen auf freiwilliger Basis angegeben werden, um die Abwicklung des Gewinnspiels zu erleichtern.<\/p>\n<p><strong>Rechtsgrundlagen:<\/strong>\u00a0 Art. 6 Abs. 1 S.1 lit. b DSGVO; Art. 6 Abs. 1 lit. a DSGVO bei freiwilligen Angaben und Einwilligung in Werbemails<\/p>\n<p><strong>Datenempf\u00e4nger: <\/strong>F\u00fcr die Durchf\u00fchrung des Gewinnspiels \u00fcbermitteln wir Ihre Daten an unsere Dienstleister f\u00fcr die Gewinnspielabwicklung, die als unsere Auftragsverarbeiter Ihre Daten nur f\u00fcr diese Zwecke nutzen d\u00fcrfen. Unter Umst\u00e4nden kooperieren wir bei der Durchf\u00fchrung des Gewinnspiels zudem mit \u0160koda Partnern. Ihre Daten werden f\u00fcr diese Zwecke ausschlie\u00dflich innerhalb der EU \/ des EWR verarbeitet.<\/p>\n<p><strong>Speicherdauer: <\/strong>Sofern Sie an dem Gewinnspiel teilgenommen, aber nicht gewonnen haben, l\u00f6schen wir Ihre personenbezogenen Daten in Bezug auf das Gewinnspiel grunds\u00e4tzlich nach 6 Monaten, um etwaigen R\u00fcckfragen noch nachkommen zu k\u00f6nnen. Die Daten der Gewinner werden nach Ablauf der gesetzlichen Aufbewahrungspflichten gel\u00f6scht.<\/p>\n<p><strong>Widerrufsrecht: <\/strong>Im Falle der Erteilung einer Marketingeinverst\u00e4ndniserkl\u00e4rung kann der Teilnehmer diese jederzeit widerrufen. Die Rechtm\u00e4\u00dfigkeit der aufgrund der Einwilligung bis zum Widerruf erfolgten Verarbeitung bleibt hiervon unber\u00fchrt<strong>.<\/strong><\/p>\n<p><strong>Pflicht zur Bereitstellung der Daten: <\/strong>Vor- und Nachname sind zur Identifizierung und zur Einhaltung der Teilnahmebedingungen erforderlich. Das Geburtsdatum wird zur \u00dcberpr\u00fcfung der Einhaltung des Mindestalters verwendet. Die Anrede und die E-Mail-Adresse werden zur Gewinnbenachrichtigung verwendet. Erfolgt die Bereitstellung der notwendigen Daten nicht, ist eine Gewinnspielteilnahme nicht m\u00f6glich. Die Datenverarbeitung und Datenweitergabe kann je nach Gewinnspiel variieren und ist daher in den jeweiligen Teilnahmebedingungen konkret beschrieben.<\/p>\n<h2>III. INFORMATIONEN \u00dcBER DEN EINSATZ VON COOKIES<\/h2>\n<p>Wir verwenden Cookies und andere Tracking-Mechanismen auf unserer Website. In diesem Rahmen werden auch personenbezogene Daten von Ihnen verarbeitet. N\u00e4heres entnehmen Sie bitte unserer Cookie-Richtlinie [www.skoda-auto.de\/cookies].<\/p>\n<h2>IV. DATEN\u00dcBERMITTLUNG<\/h2>\n<p>Um Ihnen einen optimalen Service bieten zu k\u00f6nnen, bedient sich \u0160koda verschiedener Dienstleister und arbeitet hierzu eng mit verschiedenen Partnerunternehmen zusammen. Dabei legt \u0160koda gro\u00dfen Wert auf die sorgf\u00e4ltige Auswahl vertrauensw\u00fcrdiger Partnerunternehmen.<\/p>\n<p>Zur Erf\u00fcllung der Ihnen gegen\u00fcber eingegangenen vertraglichen Verpflichtungen sowie im Rahmen der von Ihnen erteilten Einwilligungen \u00fcbermittelt \u0160koda Ihre personenbezogenen Daten an Partnerunternehmen, insbesondere an \u0160koda Partner und an Dienstleister, die mit der Datenverarbeitung beauftragt wurden. Die Partnerunternehmen werden entweder im Rahmen von Auftragsverarbeitungsverh\u00e4ltnissen oder aber als eigenst\u00e4ndiger Datenverarbeiter t\u00e4tig. \u0160koda verpflichtet diese zur Einhaltung angemessener Datenschutz- und Sicherheitsstandards.<\/p>\n<p>Unter Umst\u00e4nden kann die Daten\u00fcbertragung auch L\u00e4nder umfassen, die sich nicht in der Europ\u00e4ischen Union bzw. im Europ\u00e4ischen Wirtschaftsraum befinden. Bei der \u00dcbermittlung an externe Stellen in solche Drittl\u00e4nder stellt \u0160koda sicher, dass diese Stellen Ihre personenbezogenen Daten mit der gleichen Sorgfalt behandeln wie innerhalb der Europ\u00e4ischen Union beziehungsweise des Europ\u00e4ischen Wirtschaftsraums. \u0160koda \u00fcbermittelt personenbezogene Daten nur in Drittl\u00e4nder, bei denen die EU-Kommission ein angemessenes Schutzniveau best\u00e4tigt hat oder wenn \u0160koda den sorgf\u00e4ltigen Umgang mit den personenbezogenen Daten durch vertragliche Vereinbarungen oder andere geeignete Garantien sicherstellt.<\/p>\n<h2>V. INFORMATIONEN \u00dcBER DIE RECHTE DER BETROFFENEN<\/h2>\n<p>Sie haben als betroffene Person folgende Rechte gem\u00e4\u00df der Datenschutz-Grundverordnung:<\/p>\n<ul>\n<li>Recht auf Auskunft \u00fcber Ihre von uns verarbeiteten personenbezogenen Daten gem\u00e4\u00df Art. 15 DSGVO<\/li>\n<li>Recht auf Berichtigung Sie betreffender unrichtiger oder unvollst\u00e4ndiger personenbezogener Daten gem\u00e4\u00df Art. 16 DSGVO<\/li>\n<li>Recht auf L\u00f6schung Ihrer personenbezogenen Daten gem\u00e4\u00df Art. 17 DSGVO, vorbehaltlich entgegenstehender gesetzlicher Aufbewahrungspflichten<\/li>\n<li>Recht auf Einschr\u00e4nkung der Verarbeitung gem\u00e4\u00df Art. 18 DSGVO<\/li>\n<li>Recht auf Daten\u00fcbertragbarkeit gem\u00e4\u00df Art. 20 DSGVO<\/li>\n<\/ul>\n<p><strong>Widerspruchsrecht: <\/strong>Sie haben nach Art. 21 DSGVO das Recht, aus Gr\u00fcnden, die sich aus Ihrer besonderen Situation ergeben, jederzeit gegen die Verarbeitung Sie betreffender personenbezogener Daten, die aufgrund von Art. 6 Abs. 1 S. 1 lit. e) oder f) DSGVO erfolgt, Widerspruch einzulegen. Wir werden Ihre vom Widerspruch erfassten Daten dann nicht mehr verarbeiten, es sei denn, es liegen zwingende schutzw\u00fcrdige Gr\u00fcnde f\u00fcr die Verarbeitung vor, die Ihre Interessen, Rechte und Freiheiten \u00fcberwiegen, oder die Verarbeitung dient der Geltendmachung, Aus\u00fcbung oder Verteidigung von Rechtsanspr\u00fcchen.<\/p>\n<p><strong>Beschwerderecht: <\/strong>Sie haben das Recht, sich mit einer Beschwerde an die zust\u00e4ndige Aufsichtsbeh\u00f6rde zu wenden. Die f\u00fcr uns zust\u00e4ndige Aufsichtsbeh\u00f6rde ist:<\/p>\n<p style=\"text-align: center;\">Der Hessische Beauftragte f\u00fcr Datenschutz und Informationsfreiheit<br \/>\nPostfach 3163<br \/>\n65021 Wiesbaden<\/p>\n<p>&nbsp;<\/p>\n<p>Stand: 16.02.2022<\/p>\n","protected":false},"excerpt":{"rendered":"<p>Datenschutzerkl\u00e4rung Wir freuen uns, dass Sie eine Website der \u0160koda Auto Deutschland GmbH (\u201e\u0160koda\u201c) besuchen, und bedanken uns f\u00fcr Ihr [&hellip;]<\/p>\n","protected":false},"author":59,"featured_media":0,"parent":0,"menu_order":0,"comment_status":"closed","ping_status":"closed","template":"","meta":{"footnotes":""},"tags":[],"class_list":["post-17","page","type-page","status-publish","hentry"],"yoast_head":"<!-- This site is optimized with the Yoast SEO Premium plugin v25.3 (Yoast SEO v25.9) - https:\/\/yoast.com\/wordpress\/plugins\/seo\/ -->\n<title>Verarbeitung personenbezogener Daten - \u0160koda We Love Cycling - Deutschland<\/title>\n<meta name=\"robots\" content=\"index, follow, max-snippet:-1, max-image-preview:large, max-video-preview:-1\" \/>\n<link rel=\"canonical\" href=\"https:\/\/www.welovecycling.com\/de\/verarbeitung-personenbezogener-daten\/\" \/>\n<meta property=\"og:locale\" content=\"de_DE\" \/>\n<meta property=\"og:type\" content=\"article\" \/>\n<meta property=\"og:title\" content=\"Verarbeitung personenbezogener Daten\" \/>\n<meta property=\"og:description\" content=\"Datenschutzerkl\u00e4rung Wir freuen uns, dass Sie eine Website der \u0160koda Auto Deutschland GmbH (\u201e\u0160koda\u201c) besuchen, und bedanken uns f\u00fcr Ihr [&hellip;]\" \/>\n<meta property=\"og:url\" content=\"https:\/\/www.welovecycling.com\/de\/verarbeitung-personenbezogener-daten\/\" \/>\n<meta property=\"og:site_name\" content=\"\u0160koda We Love Cycling - Deutschland\" \/>\n<meta property=\"article:modified_time\" content=\"2026-02-12T11:14:31+00:00\" \/>\n<meta name=\"twitter:card\" content=\"summary_large_image\" \/>\n<meta name=\"twitter:label1\" content=\"Est. reading time\" \/>\n\t<meta name=\"twitter:data1\" content=\"8 minutes\" \/>\n<script type=\"application\/ld+json\" class=\"yoast-schema-graph\">{\"@context\":\"https:\/\/schema.org\",\"@graph\":[{\"@type\":\"WebPage\",\"@id\":\"https:\/\/www.welovecycling.com\/de\/verarbeitung-personenbezogener-daten\/\",\"url\":\"https:\/\/www.welovecycling.com\/de\/verarbeitung-personenbezogener-daten\/\",\"name\":\"Verarbeitung personenbezogener Daten - \u0160koda We Love Cycling - Deutschland\",\"isPartOf\":{\"@id\":\"https:\/\/www.welovecycling.com\/de\/#website\"},\"datePublished\":\"1970-01-01T00:00:00+00:00\",\"dateModified\":\"2026-02-12T11:14:31+00:00\",\"breadcrumb\":{\"@id\":\"https:\/\/www.welovecycling.com\/de\/verarbeitung-personenbezogener-daten\/#breadcrumb\"},\"inLanguage\":\"de-DE\",\"potentialAction\":[{\"@type\":\"ReadAction\",\"target\":[\"https:\/\/www.welovecycling.com\/de\/verarbeitung-personenbezogener-daten\/\"]}]},{\"@type\":\"BreadcrumbList\",\"@id\":\"https:\/\/www.welovecycling.com\/de\/verarbeitung-personenbezogener-daten\/#breadcrumb\",\"itemListElement\":[{\"@type\":\"ListItem\",\"position\":1,\"name\":\"Home\",\"item\":\"https:\/\/www.welovecycling.com\/de\/\"},{\"@type\":\"ListItem\",\"position\":2,\"name\":\"Verarbeitung personenbezogener Daten\"}]},{\"@type\":\"WebSite\",\"@id\":\"https:\/\/www.welovecycling.com\/de\/#website\",\"url\":\"https:\/\/www.welovecycling.com\/de\/\",\"name\":\"\u0160koda We Love Cycling - Deutschland\",\"description\":\"Just another \u0160koda WeLoveCycling Sites site\",\"potentialAction\":[{\"@type\":\"SearchAction\",\"target\":{\"@type\":\"EntryPoint\",\"urlTemplate\":\"https:\/\/www.welovecycling.com\/de\/?s={search_term_string}\"},\"query-input\":{\"@type\":\"PropertyValueSpecification\",\"valueRequired\":true,\"valueName\":\"search_term_string\"}}],\"inLanguage\":\"de-DE\"}]}<\/script>\n<!-- \/ Yoast SEO Premium plugin. -->","yoast_head_json":{"title":"Verarbeitung personenbezogener Daten - \u0160koda We Love Cycling - Deutschland","robots":{"index":"index","follow":"follow","max-snippet":"max-snippet:-1","max-image-preview":"max-image-preview:large","max-video-preview":"max-video-preview:-1"},"canonical":"https:\/\/www.welovecycling.com\/de\/verarbeitung-personenbezogener-daten\/","og_locale":"de_DE","og_type":"article","og_title":"Verarbeitung personenbezogener Daten","og_description":"Datenschutzerkl\u00e4rung Wir freuen uns, dass Sie eine Website der \u0160koda Auto Deutschland GmbH (\u201e\u0160koda\u201c) besuchen, und bedanken uns f\u00fcr Ihr [&hellip;]","og_url":"https:\/\/www.welovecycling.com\/de\/verarbeitung-personenbezogener-daten\/","og_site_name":"\u0160koda We Love Cycling - Deutschland","article_modified_time":"2026-02-12T11:14:31+00:00","twitter_card":"summary_large_image","twitter_misc":{"Est. reading time":"8 minutes"},"schema":{"@context":"https:\/\/schema.org","@graph":[{"@type":"WebPage","@id":"https:\/\/www.welovecycling.com\/de\/verarbeitung-personenbezogener-daten\/","url":"https:\/\/www.welovecycling.com\/de\/verarbeitung-personenbezogener-daten\/","name":"Verarbeitung personenbezogener Daten - \u0160koda We Love Cycling - Deutschland","isPartOf":{"@id":"https:\/\/www.welovecycling.com\/de\/#website"},"datePublished":"1970-01-01T00:00:00+00:00","dateModified":"2026-02-12T11:14:31+00:00","breadcrumb":{"@id":"https:\/\/www.welovecycling.com\/de\/verarbeitung-personenbezogener-daten\/#breadcrumb"},"inLanguage":"de-DE","potentialAction":[{"@type":"ReadAction","target":["https:\/\/www.welovecycling.com\/de\/verarbeitung-personenbezogener-daten\/"]}]},{"@type":"BreadcrumbList","@id":"https:\/\/www.welovecycling.com\/de\/verarbeitung-personenbezogener-daten\/#breadcrumb","itemListElement":[{"@type":"ListItem","position":1,"name":"Home","item":"https:\/\/www.welovecycling.com\/de\/"},{"@type":"ListItem","position":2,"name":"Verarbeitung personenbezogener Daten"}]},{"@type":"WebSite","@id":"https:\/\/www.welovecycling.com\/de\/#website","url":"https:\/\/www.welovecycling.com\/de\/","name":"\u0160koda We Love Cycling - Deutschland","description":"Just another \u0160koda WeLoveCycling Sites site","potentialAction":[{"@type":"SearchAction","target":{"@type":"EntryPoint","urlTemplate":"https:\/\/www.welovecycling.com\/de\/?s={search_term_string}"},"query-input":{"@type":"PropertyValueSpecification","valueRequired":true,"valueName":"search_term_string"}}],"inLanguage":"de-DE"}]}},"_links":{"self":[{"href":"https:\/\/www.welovecycling.com\/de\/wp-json\/wp\/v2\/pages\/17","targetHints":{"allow":["GET"]}}],"collection":[{"href":"https:\/\/www.welovecycling.com\/de\/wp-json\/wp\/v2\/pages"}],"about":[{"href":"https:\/\/www.welovecycling.com\/de\/wp-json\/wp\/v2\/types\/page"}],"author":[{"embeddable":true,"href":"https:\/\/www.welovecycling.com\/de\/wp-json\/wp\/v2\/users\/59"}],"replies":[{"embeddable":true,"href":"https:\/\/www.welovecycling.com\/de\/wp-json\/wp\/v2\/comments?post=17"}],"version-history":[{"count":3,"href":"https:\/\/www.welovecycling.com\/de\/wp-json\/wp\/v2\/pages\/17\/revisions"}],"predecessor-version":[{"id":12242,"href":"https:\/\/www.welovecycling.com\/de\/wp-json\/wp\/v2\/pages\/17\/revisions\/12242"}],"wp:attachment":[{"href":"https:\/\/www.welovecycling.com\/de\/wp-json\/wp\/v2\/media?parent=17"}],"wp:term":[{"taxonomy":"post_tag","embeddable":true,"href":"https:\/\/www.welovecycling.com\/de\/wp-json\/wp\/v2\/tags?post=17"}],"curies":[{"name":"wp","href":"https:\/\/api.w.org\/{rel}","templated":true}]}}