{"id":7165,"date":"2020-05-14T18:40:37","date_gmt":"2020-05-14T16:40:37","guid":{"rendered":"https:\/\/www.welovecycling.com\/cs\/?page_id=7165"},"modified":"2020-05-14T18:43:27","modified_gmt":"2020-05-14T16:43:27","slug":"nova-cup-ok-slevove-kody","status":"publish","type":"page","link":"https:\/\/www.welovecycling.com\/cs\/nova-cup-ok-slevove-kody\/","title":{"rendered":"Nova Cup &#8211; slevov\u00e9 k\u00f3dy"},"content":{"rendered":"<div id=\"pl-7165\"  class=\"panel-layout\" ><div id=\"pg-7165-0\"  class=\"panel-grid panel-no-style\" ><div id=\"pgc-7165-0-0\"  class=\"panel-grid-cell\" ><div id=\"panel-7165-0-0-0\" class=\"widget_text so-panel widget widget_custom_html panel-first-child panel-last-child\" data-index=\"0\" ><div class=\"textwidget custom-html-widget\"> <style>\n\t.wrap.container {\n    max-width: 100%;\n    padding: 0;\n\t }\n\t h1 {\n\t\t\tfont-size:30px;\t \n\t }\n\t .hero {\n\t\t\twidth: 100%;\n\t\t\theight: auto;\n\t\t\tpadding: 0 30px;\n    \tbackground: #000 url('https:\/\/d2p6e6u75xmxt8.cloudfront.net\/13\/2020\/02\/tvar.png') top center\/cover no-repeat;\n\t\t\tmargin-top:-30px;\n  }\n\t .hero__contain{\n\t\t\tpadding-top:30px;\t \n\t }\n\t .page-title{\n    \tdisplay:none!important\n    }\n\t .subheadline{\n\t\t \tpadding:0 20% 30px\n\t }\n\t .siteorigin-widget-tinymce strong {\n\t\t color:#4ba82e!important;\n\t }\n\t .siteorigin-widget-tinymce p {\n\t\t margin: 0 0 0.25em!important;\n\t }\n\t #pl-5836 #panel-5836-0-0-0, #pl-5836 #panel-5836-1-0-0, #pl-5836 #panel-5836-1-0-1, #pl-5836 #panel-5836-1-2-0 {\n\t\t margin-bottom:0;\n\t }\n<\/style>\n\n<html>\n<center>\n\t<div style=\"text-align: center;\">\n\t\t<div class=\"hero\">\n\t\t\t<div class=\"hero__contain\">\n\t\t\t\t<h1 class=\"headline\" style=\"color:#ffffff;\">\n\t\t\t\t\tVygenerujte si vlastn\u00ed slevov\u00fd k\u00f3d\n\t\t\t\t<\/h1>\n\t\t\t\t<p class=\"subheadline\" style=\"color:#ffffff;\">\n\t\t\t\t\tNova Cup je cyklistick\u00fd seri\u00e1l horsk\u00fdch kol pro \u0161irokou ve\u0159ejnost. Do seri\u00e1lu NOVA CUP je ka\u017edoro\u010dn\u011b zahrnuto n\u011bkolik z\u00e1vod\u016f na \u00fazem\u00ed \u010cesk\u00e9 republiky a jeden exhibi\u010dn\u00ed z\u00e1vod v historick\u00e9m centru Hradce Kr\u00e1lov\u00e9 tzv. Mitas Go\u010d\u00e1rovy schody. V\u0161echny z\u00e1vody se \u0159\u00edd\u00ed platn\u00fdmi pravidly \u010cesk\u00e9ho svazu cyklistiky, maj\u00ed pevn\u00e9 z\u00e1zem\u00ed a siln\u00fd medi\u00e1ln\u00ed ohlas. \n\t\t\t\t\t<br><br>\n\t\t\t\t\tN\u00ed\u017ee si m\u016f\u017eete vygenerovat V\u00e1\u0161 slevov\u00fd k\u00f3d na startovn\u00e9 v r\u00e1mci seri\u00e1lu z\u00e1vod\u016f horsk\u00fdch kol Nova Cup. \n\t\t\t\t<\/p>\n\t\t\t<\/div>\n    <\/div>\n\t<\/div>\n<\/center>\n<\/html><\/div><\/div><\/div><\/div><div id=\"pg-7165-1\"  class=\"panel-grid panel-has-style\" ><div class=\"panel-row-style panel-row-style-for-7165-1\" ><div id=\"pgc-7165-1-0\"  class=\"panel-grid-cell\" ><div id=\"panel-7165-1-0-0\" class=\"so-panel widget widget_sow-editor panel-first-child\" data-index=\"1\" ><div\n\t\t\t\n\t\t\tclass=\"so-widget-sow-editor so-widget-sow-editor-base\"\n\t\t\t\n\t\t>\n<div class=\"siteorigin-widget-tinymce textwidget\">\n\t<h1>Partner akce:<\/h1>\n<\/div>\n<\/div><\/div><div id=\"panel-7165-1-0-1\" class=\"so-panel widget widget_media_image panel-last-child\" data-index=\"2\" ><a href=\"http:\/\/www.novacup.cz\/\"><img loading=\"lazy\" decoding=\"async\" width=\"300\" height=\"207\" src=\"https:\/\/d2p6e6u75xmxt8.cloudfront.net\/13\/2020\/02\/nova-cup-1-300x207.webp\" class=\"image wp-image-5867  attachment-medium size-medium\" alt=\"\" style=\"max-width: 100%; height: auto;\" srcset=\"https:\/\/d2p6e6u75xmxt8.cloudfront.net\/13\/2020\/02\/nova-cup-1-300x207.webp 300w, https:\/\/d2p6e6u75xmxt8.cloudfront.net\/13\/2020\/02\/nova-cup-1.webp 388w\" sizes=\"auto, (max-width: 300px) 100vw, 300px\" \/><\/a><\/div><\/div><div id=\"pgc-7165-1-1\"  class=\"panel-grid-cell\" ><div id=\"panel-7165-1-1-0\" class=\"widget_text so-panel widget widget_custom_html panel-first-child panel-last-child\" data-index=\"3\" ><div class=\"textwidget custom-html-widget\"><iframe loading=\"lazy\" width=\"380\" height=\"700\" src=\"https:\/\/slevove-kody-welovecycling.com\/client\/VdkaYvJYftyULPprtFVvFuCcwOL3VY\/\"><\/iframe> <\/div><\/div><\/div><div id=\"pgc-7165-1-2\"  class=\"panel-grid-cell\" ><div id=\"panel-7165-1-2-0\" class=\"so-panel widget widget_sow-editor panel-first-child panel-last-child\" data-index=\"4\" ><div\n\t\t\t\n\t\t\tclass=\"so-widget-sow-editor so-widget-sow-editor-base\"\n\t\t\t\n\t\t>\n<div class=\"siteorigin-widget-tinymce textwidget\">\n\t<h1>Seznam z\u00e1vod\u016f:<\/h1>\n<p><strong>13. 6. 2020 \u0160koda AUTO S\u00e1zava<\/strong><\/p>\n<p>S\u00e1zava<\/p>\n<p><strong>25. 7. 2020 \u0160koda AUTO Doln\u00ed Morava<\/strong><\/p>\n<p>Doln\u00ed Morava <\/p>\n<p><strong>26. 7. 2020 M\u010cR E-BIKE Doln\u00ed Morava<\/strong><\/p>\n<p>Doln\u00ed Morava <\/p>\n<p><strong>7. - 8. 8. 2020 Sahara race<\/strong><\/p>\n<p>P\u00edsn\u00edk Marok\u00e1nka, Kr\u0148ovice<\/p>\n<p><strong>19. 9. 2020 Harrachov<\/strong><\/p>\n<p>Harrachov<\/p>\n<p><strong>28. 9. 2020 Go\u010d\u00e1rovy schody<\/strong><\/p>\n<p>Hradec Kr\u00e1lov\u00e9<\/p>\n<p><strong>3. 10. 2020 Mikulov<\/strong><\/p>\n<p>Mikulov<\/p>\n<p><strong>17. 10. 2020 Hradec Kr\u00e1lov\u00e9<\/strong><\/p>\n<p>Hradec Kr\u00e1lov\u00e9<\/p>\n<p><strong>Stolov\u00e9 Hory - bude up\u0159esn\u011bno<\/strong><\/p>\n<p>Machov, okres N\u00e1chod<\/p>\n<\/div>\n<\/div><\/div><\/div><\/div><\/div><\/div>","protected":false},"excerpt":{"rendered":"<p>Partner akce: Seznam z\u00e1vod\u016f: 13. 6. 2020 \u0160koda AUTO S\u00e1zava S\u00e1zava 25. 7. 2020 \u0160koda AUTO Doln\u00ed Morava Doln\u00ed Morava [&hellip;]<\/p>\n","protected":false},"author":93,"featured_media":0,"parent":0,"menu_order":0,"comment_status":"closed","ping_status":"closed","template":"templates\/template-empty-page.php","meta":{"footnotes":""},"tags":[],"class_list":["post-7165","page","type-page","status-publish","hentry"],"yoast_head":"<!-- This site is optimized with the Yoast SEO Premium plugin v25.3 (Yoast SEO v25.9) - https:\/\/yoast.com\/wordpress\/plugins\/seo\/ -->\n<title>Nova Cup - slevov\u00e9 k\u00f3dy | \u0160koda We Love Cycling - \u010cesk\u00e1 republika<\/title>\n<meta name=\"robots\" content=\"index, follow, max-snippet:-1, max-image-preview:large, max-video-preview:-1\" \/>\n<link rel=\"canonical\" href=\"https:\/\/www.welovecycling.com\/cs\/nova-cup-ok-slevove-kody\/\" \/>\n<meta property=\"og:locale\" content=\"cs_CZ\" \/>\n<meta property=\"og:type\" content=\"article\" \/>\n<meta property=\"og:title\" content=\"Nova Cup - slevov\u00e9 k\u00f3dy\" \/>\n<meta property=\"og:description\" content=\"Partner akce: Seznam z\u00e1vod\u016f: 13. 6. 2020 \u0160koda AUTO S\u00e1zava S\u00e1zava 25. 7. 2020 \u0160koda AUTO Doln\u00ed Morava Doln\u00ed Morava [&hellip;]\" \/>\n<meta property=\"og:url\" content=\"https:\/\/www.welovecycling.com\/cs\/nova-cup-ok-slevove-kody\/\" \/>\n<meta property=\"og:site_name\" content=\"\u0160koda We Love Cycling - \u010cesk\u00e1 republika\" \/>\n<meta property=\"article:modified_time\" content=\"2020-05-14T16:43:27+00:00\" \/>\n<meta name=\"twitter:card\" content=\"summary_large_image\" \/>\n<script type=\"application\/ld+json\" class=\"yoast-schema-graph\">{\"@context\":\"https:\/\/schema.org\",\"@graph\":[{\"@type\":\"WebPage\",\"@id\":\"https:\/\/www.welovecycling.com\/cs\/nova-cup-ok-slevove-kody\/\",\"url\":\"https:\/\/www.welovecycling.com\/cs\/nova-cup-ok-slevove-kody\/\",\"name\":\"Nova Cup - slevov\u00e9 k\u00f3dy | \u0160koda We Love Cycling - \u010cesk\u00e1 republika\",\"isPartOf\":{\"@id\":\"https:\/\/www.welovecycling.com\/cs\/#website\"},\"datePublished\":\"2020-05-14T16:40:37+00:00\",\"dateModified\":\"2020-05-14T16:43:27+00:00\",\"inLanguage\":\"cs\",\"potentialAction\":[{\"@type\":\"ReadAction\",\"target\":[\"https:\/\/www.welovecycling.com\/cs\/nova-cup-ok-slevove-kody\/\"]}]},{\"@type\":\"WebSite\",\"@id\":\"https:\/\/www.welovecycling.com\/cs\/#website\",\"url\":\"https:\/\/www.welovecycling.com\/cs\/\",\"name\":\"\u0160koda We Love Cycling - \u010cesk\u00e1 republika\",\"description\":\"WeLoveCycling.cz je online magaz\u00edn, kter\u00fd v\u00e1m pravideln\u011b p\u0159in\u00e1\u0161\u00ed rady a tipy, zaj\u00edmav\u00e9 \u010dl\u00e1nky, videa a jedine\u010dn\u00e9 report\u00e1\u017ee ze sv\u011bta cyklistiky.\",\"potentialAction\":[{\"@type\":\"SearchAction\",\"target\":{\"@type\":\"EntryPoint\",\"urlTemplate\":\"https:\/\/www.welovecycling.com\/cs\/?s={search_term_string}\"},\"query-input\":{\"@type\":\"PropertyValueSpecification\",\"valueRequired\":true,\"valueName\":\"search_term_string\"}}],\"inLanguage\":\"cs\"}]}<\/script>\n<!-- \/ Yoast SEO Premium plugin. -->","yoast_head_json":{"title":"Nova Cup - slevov\u00e9 k\u00f3dy | \u0160koda We Love Cycling - \u010cesk\u00e1 republika","robots":{"index":"index","follow":"follow","max-snippet":"max-snippet:-1","max-image-preview":"max-image-preview:large","max-video-preview":"max-video-preview:-1"},"canonical":"https:\/\/www.welovecycling.com\/cs\/nova-cup-ok-slevove-kody\/","og_locale":"cs_CZ","og_type":"article","og_title":"Nova Cup - slevov\u00e9 k\u00f3dy","og_description":"Partner akce: Seznam z\u00e1vod\u016f: 13. 6. 2020 \u0160koda AUTO S\u00e1zava S\u00e1zava 25. 7. 2020 \u0160koda AUTO Doln\u00ed Morava Doln\u00ed Morava [&hellip;]","og_url":"https:\/\/www.welovecycling.com\/cs\/nova-cup-ok-slevove-kody\/","og_site_name":"\u0160koda We Love Cycling - \u010cesk\u00e1 republika","article_modified_time":"2020-05-14T16:43:27+00:00","twitter_card":"summary_large_image","schema":{"@context":"https:\/\/schema.org","@graph":[{"@type":"WebPage","@id":"https:\/\/www.welovecycling.com\/cs\/nova-cup-ok-slevove-kody\/","url":"https:\/\/www.welovecycling.com\/cs\/nova-cup-ok-slevove-kody\/","name":"Nova Cup - slevov\u00e9 k\u00f3dy | \u0160koda We Love Cycling - \u010cesk\u00e1 republika","isPartOf":{"@id":"https:\/\/www.welovecycling.com\/cs\/#website"},"datePublished":"2020-05-14T16:40:37+00:00","dateModified":"2020-05-14T16:43:27+00:00","inLanguage":"cs","potentialAction":[{"@type":"ReadAction","target":["https:\/\/www.welovecycling.com\/cs\/nova-cup-ok-slevove-kody\/"]}]},{"@type":"WebSite","@id":"https:\/\/www.welovecycling.com\/cs\/#website","url":"https:\/\/www.welovecycling.com\/cs\/","name":"\u0160koda We Love Cycling - \u010cesk\u00e1 republika","description":"WeLoveCycling.cz je online magaz\u00edn, kter\u00fd v\u00e1m pravideln\u011b p\u0159in\u00e1\u0161\u00ed rady a tipy, zaj\u00edmav\u00e9 \u010dl\u00e1nky, videa a jedine\u010dn\u00e9 report\u00e1\u017ee ze sv\u011bta cyklistiky.","potentialAction":[{"@type":"SearchAction","target":{"@type":"EntryPoint","urlTemplate":"https:\/\/www.welovecycling.com\/cs\/?s={search_term_string}"},"query-input":{"@type":"PropertyValueSpecification","valueRequired":true,"valueName":"search_term_string"}}],"inLanguage":"cs"}]}},"_links":{"self":[{"href":"https:\/\/www.welovecycling.com\/cs\/wp-json\/wp\/v2\/pages\/7165","targetHints":{"allow":["GET"]}}],"collection":[{"href":"https:\/\/www.welovecycling.com\/cs\/wp-json\/wp\/v2\/pages"}],"about":[{"href":"https:\/\/www.welovecycling.com\/cs\/wp-json\/wp\/v2\/types\/page"}],"author":[{"embeddable":true,"href":"https:\/\/www.welovecycling.com\/cs\/wp-json\/wp\/v2\/users\/93"}],"replies":[{"embeddable":true,"href":"https:\/\/www.welovecycling.com\/cs\/wp-json\/wp\/v2\/comments?post=7165"}],"version-history":[{"count":2,"href":"https:\/\/www.welovecycling.com\/cs\/wp-json\/wp\/v2\/pages\/7165\/revisions"}],"predecessor-version":[{"id":12541,"href":"https:\/\/www.welovecycling.com\/cs\/wp-json\/wp\/v2\/pages\/7165\/revisions\/12541"}],"wp:attachment":[{"href":"https:\/\/www.welovecycling.com\/cs\/wp-json\/wp\/v2\/media?parent=7165"}],"wp:term":[{"taxonomy":"post_tag","embeddable":true,"href":"https:\/\/www.welovecycling.com\/cs\/wp-json\/wp\/v2\/tags?post=7165"}],"curies":[{"name":"wp","href":"https:\/\/api.w.org\/{rel}","templated":true}]}}